{"id":31521,"date":"2021-09-17T23:37:36","date_gmt":"2021-09-17T21:37:36","guid":{"rendered":"http:\/\/skyline-gs.com\/?post_type=product&#038;p=31521"},"modified":"2023-08-25T17:13:20","modified_gmt":"2023-08-25T15:13:20","slug":"3-day-trip-to-the-white-desert-and-djara-cave-cairo","status":"publish","type":"product","link":"https:\/\/skyline-gs.com\/pl\/product\/3-day-trip-to-the-white-desert-and-djara-cave-cairo\/","title":{"rendered":"Wyprawa na Bia\u0142\u0105 Pustyni\u0119 i do jaskini Jara 3 dni"},"content":{"rendered":"<p><strong>Dzie\u0144 1<\/strong><\/p>\n<p>7:00 Wyjazd z hotelu do oazy Bahariya. Podr\u00f3\u017c zajmie oko\u0142o 5 godzin. Tak - prawdziwa oaza na pustyni! W Bahariya zjemy lunch przed podr\u00f3\u017c\u0105 jeepem na Czarn\u0105 Pustyni\u0119. Jest to obszar na po\u0142udniowy zach\u00f3d od Kairu usiany czarnymi wzg\u00f3rzami. R\u00f3\u017cni\u0105 si\u0119 one kszta\u0142tem i mog\u0105 osi\u0105ga\u0107 wysoko\u015b\u0107 stu metr\u00f3w, a pokryte s\u0105 warstw\u0105 czarnego bazaltu - st\u0105d nazwa tego obszaru. Odwied\u017a g\u00f3r\u0119 Al-Marsus, a nast\u0119pnie przenie\u015b si\u0119 do wioski Beduin\u00f3w na lunch. Nasza wycieczka jest kontynuowana jazd\u0105 do G\u00f3r Kryszta\u0142owych i zwiedzaniem Kryszta\u0142owej Jaskini. Zobacz Perforowan\u0105 G\u00f3r\u0119. Przejazd na piaszczyste wydmy, gdzie b\u0119dzie mo\u017cna uprawia\u0107 sandboarding. Nocleg na pustyni.<\/p>\n<p><strong>Dzie\u0144 2<\/strong><\/p>\n<p>Nasz dzie\u0144 rozpocznie si\u0119 od kr\u00f3tkiej wspinaczki na g\u00f3r\u0119, aby sfotografowa\u0107 wsch\u00f3d s\u0142o\u0144ca z przepi\u0119knymi widokami, zje\u015b\u0107 \u015bniadanie, a nast\u0119pnie przenie\u015b\u0107 si\u0119 do Cave Road. Odwiedzimy jaskini\u0119 Jara. Lunch, a nast\u0119pnie transfer do Cypress Eye, Magical Eye. Przejazd przez Wielk\u0105 Dolin\u0119. Nast\u0119pnie transfer na Bia\u0142\u0105 Pustyni\u0119 i wizyta w grzybach z kurczaka. Na Bia\u0142ej Pustyni biwak, kolacja i wiecz\u00f3r przy ognisku w towarzystwie Beduin\u00f3w, kt\u00f3rzy opowiedz\u0105 historie ze swojego zwyk\u0142ego \u017cycia i podadz\u0105 herbat\u0119 z zebry.<\/p>\n<p><strong>Dzie\u0144 3<\/strong><\/p>\n<p>Sfotografuj niezapomniany wsch\u00f3d s\u0142o\u0144ca na Bia\u0142ej Pustyni. \u015aniadanie. Nast\u0119pnie zapoznamy Ci\u0119 ze staro\u017cytn\u0105 pustyni\u0105. Odwiedzimy oazy i naturalne gor\u0105ce \u017ar\u00f3d\u0142a. Nast\u0119pnie czeka nas s\u0142ynny Bucket, Angielska G\u00f3ra i targ w oazie, gdzie mo\u017cna kupi\u0107 daktyle i oliw\u0119 z oliwek. Powr\u00f3t do Kairu. Oko\u0142o godziny 15:00 b\u0119dziesz ju\u017c w swoim hotelu.<\/p>\n<p><strong>W zestawie:<\/strong><\/p>\n<ul>\n<li>Transfery z i do hotelu<\/li>\n<li>Przewodnik egiptologa m\u00f3wi\u0105cy po angielsku<\/li>\n<li>2 noce na kempingu w kolorowych pustynnych miejscach<\/li>\n<li>Op\u0142aty za wst\u0119p do wszystkich wymienionych atrakcji<\/li>\n<li>Posi\u0142ki: Dzie\u0144 1 - obiad, kolacja; Dzie\u0144 2 - \u015bniadanie, obiad, kolacja; Dzie\u0144 3 - \u015bniadanie<\/li>\n<li>Woda<\/li>\n<\/ul>\n<p><strong>Brak w zestawie:<\/strong><\/p>\n<ul>\n<li>Wydatki osobiste<\/li>\n<\/ul>\n<p><strong>Zabierz go ze sob\u0105:<\/strong><\/p>\n<ul>\n<li>Kamera foto-wideo<\/li>\n<li>Nakrycie g\u0142owy<\/li>\n<li>Pieni\u0105dze na wydatki osobiste i pami\u0105tki<\/li>\n<li>Wygodne buty<\/li>\n<li>Ciep\u0142e ubrania (w nocy na pustyni mo\u017ce by\u0107 ch\u0142odno).<\/li>\n<\/ul>","protected":false},"excerpt":{"rendered":"<p><strong>Czas trwania: <\/strong>3 dni<\/p>\n<p><strong>Holding Days:<\/strong> codziennie z wyj\u0105tkiem niedzieli<\/p>","protected":false},"featured_media":31545,"template":"","meta":{"_kad_post_transparent":"default","_kad_post_title":"","_kad_post_layout":"default","_kad_post_sidebar_id":"","_kad_post_content_style":"default","_kad_post_vertical_padding":"default","_kad_post_feature":"","_kad_post_feature_position":"","_kad_post_header":false,"_kad_post_footer":false,"_kad_post_classname":"","_glsr_average":0,"_glsr_ranking":0,"_glsr_reviews":0},"product_brand":[],"product_cat":[295],"product_tag":[],"class_list":{"0":"post-31521","1":"product","2":"type-product","3":"status-publish","4":"has-post-thumbnail","6":"product_cat-uncategorized","7":"tm-has-options","9":"first","10":"instock","11":"sold-individually","12":"taxable","13":"shipping-taxable","14":"purchasable","15":"product-type-simple","16":"entry","17":"content-bg","18":"loop-entry"},"yoast_head":"<!-- This site is optimized with the Yoast SEO plugin v27.3 - https:\/\/yoast.com\/product\/yoast-seo-wordpress\/ -->\n<title>\u042d\u043a\u0441\u043f\u0435\u0434\u0438\u0446\u0438\u044f \u0432 \u0411\u0435\u043b\u0443\u044e \u043f\u0443\u0441\u0442\u044b\u043d\u044e \u0438 \u043f\u0435\u0449\u0435\u0440\u0430 \u0414\u0436\u0430\u0440\u0430 3 \u0434\u043d\u044f &#8226; \u042d\u043a\u0441\u043a\u0443\u0440\u0441\u0438\u0438 Skyline<\/title>\n<meta name=\"robots\" content=\"index, follow, max-snippet:-1, max-image-preview:large, max-video-preview:-1\" \/>\n<link rel=\"canonical\" href=\"https:\/\/skyline-gs.com\/pl\/produkt\/3-day-trip-to-the-white-desert-and-djara-cave-cairo\/\" \/>\n<meta property=\"og:locale\" content=\"pl_PL\" \/>\n<meta property=\"og:type\" content=\"article\" \/>\n<meta property=\"og:title\" content=\"\u042d\u043a\u0441\u043f\u0435\u0434\u0438\u0446\u0438\u044f \u0432 \u0411\u0435\u043b\u0443\u044e \u043f\u0443\u0441\u0442\u044b\u043d\u044e \u0438 \u043f\u0435\u0449\u0435\u0440\u0430 \u0414\u0436\u0430\u0440\u0430 3 \u0434\u043d\u044f &#8226; \u042d\u043a\u0441\u043a\u0443\u0440\u0441\u0438\u0438 Skyline\" \/>\n<meta property=\"og:description\" content=\"\u0414\u043b\u0438\u0442\u0435\u043b\u044c\u043d\u043e\u0441\u0442\u044c: 3 \u0434\u043d\u044f  \u0414\u043d\u0438 \u043f\u0440\u043e\u0432\u0435\u0434\u0435\u043d\u0438\u044f: \u0435\u0436\u0435\u0434\u043d\u0435\u0432\u043d\u043e, \u043a\u0440\u043e\u043c\u0435 \u0432\u043e\u0441\u043a\u0440\u0435\u0441\u0435\u043d\u0438\u044f\" \/>\n<meta property=\"og:url\" content=\"https:\/\/skyline-gs.com\/pl\/produkt\/3-day-trip-to-the-white-desert-and-djara-cave-cairo\/\" \/>\n<meta property=\"og:site_name\" content=\"\u042d\u043a\u0441\u043a\u0443\u0440\u0441\u0438\u0438 Skyline\" \/>\n<meta property=\"article:modified_time\" content=\"2023-08-25T15:13:20+00:00\" \/>\n<meta property=\"og:image\" content=\"https:\/\/skyline-gs.com\/wp-content\/uploads\/2021\/09\/Belaya-i-chernaya-pustyni-11-of-14.jpg\" \/>\n\t<meta property=\"og:image:width\" content=\"900\" \/>\n\t<meta property=\"og:image:height\" content=\"600\" \/>\n\t<meta property=\"og:image:type\" content=\"image\/jpeg\" \/>\n<meta name=\"twitter:card\" content=\"summary_large_image\" \/>\n<meta name=\"twitter:label1\" content=\"Szacowany czas czytania\" \/>\n\t<meta name=\"twitter:data1\" content=\"2 minuty\" \/>\n<script type=\"application\/ld+json\" class=\"yoast-schema-graph\">{\"@context\":\"https:\\\/\\\/schema.org\",\"@graph\":[{\"@type\":\"WebPage\",\"@id\":\"https:\\\/\\\/skyline-gs.com\\\/de\\\/produkt\\\/3-day-trip-to-the-white-desert-and-djara-cave-cairo\\\/\",\"url\":\"https:\\\/\\\/skyline-gs.com\\\/de\\\/produkt\\\/3-day-trip-to-the-white-desert-and-djara-cave-cairo\\\/\",\"name\":\"\u042d\u043a\u0441\u043f\u0435\u0434\u0438\u0446\u0438\u044f \u0432 \u0411\u0435\u043b\u0443\u044e \u043f\u0443\u0441\u0442\u044b\u043d\u044e \u0438 \u043f\u0435\u0449\u0435\u0440\u0430 \u0414\u0436\u0430\u0440\u0430 3 \u0434\u043d\u044f &#8226; \u042d\u043a\u0441\u043a\u0443\u0440\u0441\u0438\u0438 Skyline\",\"isPartOf\":{\"@id\":\"https:\\\/\\\/skyline-gs.com\\\/it\\\/#website\"},\"primaryImageOfPage\":{\"@id\":\"https:\\\/\\\/skyline-gs.com\\\/de\\\/produkt\\\/3-day-trip-to-the-white-desert-and-djara-cave-cairo\\\/#primaryimage\"},\"image\":{\"@id\":\"https:\\\/\\\/skyline-gs.com\\\/de\\\/produkt\\\/3-day-trip-to-the-white-desert-and-djara-cave-cairo\\\/#primaryimage\"},\"thumbnailUrl\":\"https:\\\/\\\/skyline-gs.com\\\/wp-content\\\/uploads\\\/2021\\\/09\\\/Belaya-i-chernaya-pustyni-11-of-14.jpg\",\"datePublished\":\"2021-09-17T21:37:36+00:00\",\"dateModified\":\"2023-08-25T15:13:20+00:00\",\"breadcrumb\":{\"@id\":\"https:\\\/\\\/skyline-gs.com\\\/de\\\/produkt\\\/3-day-trip-to-the-white-desert-and-djara-cave-cairo\\\/#breadcrumb\"},\"inLanguage\":\"pl-PL\",\"potentialAction\":[{\"@type\":\"ReadAction\",\"target\":[\"https:\\\/\\\/skyline-gs.com\\\/de\\\/produkt\\\/3-day-trip-to-the-white-desert-and-djara-cave-cairo\\\/\"]}]},{\"@type\":\"ImageObject\",\"inLanguage\":\"pl-PL\",\"@id\":\"https:\\\/\\\/skyline-gs.com\\\/de\\\/produkt\\\/3-day-trip-to-the-white-desert-and-djara-cave-cairo\\\/#primaryimage\",\"url\":\"https:\\\/\\\/skyline-gs.com\\\/wp-content\\\/uploads\\\/2021\\\/09\\\/Belaya-i-chernaya-pustyni-11-of-14.jpg\",\"contentUrl\":\"https:\\\/\\\/skyline-gs.com\\\/wp-content\\\/uploads\\\/2021\\\/09\\\/Belaya-i-chernaya-pustyni-11-of-14.jpg\",\"width\":900,\"height\":600},{\"@type\":\"BreadcrumbList\",\"@id\":\"https:\\\/\\\/skyline-gs.com\\\/de\\\/produkt\\\/3-day-trip-to-the-white-desert-and-djara-cave-cairo\\\/#breadcrumb\",\"itemListElement\":[{\"@type\":\"ListItem\",\"position\":1,\"name\":\"\u0413\u043b\u0430\u0432\u043d\u0430\u044f \u0441\u0442\u0440\u0430\u043d\u0438\u0446\u0430\",\"item\":\"https:\\\/\\\/skyline-gs.com\\\/hu\\\/\"},{\"@type\":\"ListItem\",\"position\":2,\"name\":\"\u041c\u0430\u0433\u0430\u0437\u0438\u043d\",\"item\":\"https:\\\/\\\/skyline-gs.com\\\/cs\\\/shop\\\/\"},{\"@type\":\"ListItem\",\"position\":3,\"name\":\"\u042d\u043a\u0441\u043f\u0435\u0434\u0438\u0446\u0438\u044f \u0432 \u0411\u0435\u043b\u0443\u044e \u043f\u0443\u0441\u0442\u044b\u043d\u044e \u0438 \u043f\u0435\u0449\u0435\u0440\u0430 \u0414\u0436\u0430\u0440\u0430 3 \u0434\u043d\u044f\"}]},{\"@type\":\"WebSite\",\"@id\":\"https:\\\/\\\/skyline-gs.com\\\/it\\\/#website\",\"url\":\"https:\\\/\\\/skyline-gs.com\\\/it\\\/\",\"name\":\"\u042d\u043a\u0441\u043a\u0443\u0440\u0441\u0438\u0438 Skyline\",\"description\":\"\u042d\u043a\u0441\u043a\u043b\u044e\u0437\u0438\u0432\u043d\u044b\u0435 \u044d\u043a\u0441\u043a\u0443\u0440\u0441\u0438\u0438 \u043d\u0430 \u043b\u0443\u0447\u0448\u0438\u0445 \u043a\u0443\u0440\u043e\u0440\u0442\u0430\u0445 \u043c\u0438\u0440\u0430\",\"publisher\":{\"@id\":\"https:\\\/\\\/skyline-gs.com\\\/it\\\/#organization\"},\"alternateName\":\"Skyline\",\"potentialAction\":[{\"@type\":\"SearchAction\",\"target\":{\"@type\":\"EntryPoint\",\"urlTemplate\":\"https:\\\/\\\/skyline-gs.com\\\/it\\\/?s={search_term_string}\"},\"query-input\":{\"@type\":\"PropertyValueSpecification\",\"valueRequired\":true,\"valueName\":\"search_term_string\"}}],\"inLanguage\":\"pl-PL\"},{\"@type\":\"Organization\",\"@id\":\"https:\\\/\\\/skyline-gs.com\\\/it\\\/#organization\",\"name\":\"\u042d\u043a\u0441\u043a\u0443\u0440\u0441\u0438\u0438 Skyline\",\"alternateName\":\"\u042d\u043a\u0441\u043a\u0443\u0440\u0441\u0438\u0438 Skyline\",\"url\":\"https:\\\/\\\/skyline-gs.com\\\/it\\\/\",\"logo\":{\"@type\":\"ImageObject\",\"inLanguage\":\"pl-PL\",\"@id\":\"https:\\\/\\\/skyline-gs.com\\\/it\\\/#\\\/schema\\\/logo\\\/image\\\/\",\"url\":\"https:\\\/\\\/skyline-gs.com\\\/wp-content\\\/uploads\\\/2020\\\/12\\\/cropped-logo-2.png\",\"contentUrl\":\"https:\\\/\\\/skyline-gs.com\\\/wp-content\\\/uploads\\\/2020\\\/12\\\/cropped-logo-2.png\",\"width\":512,\"height\":512,\"caption\":\"\u042d\u043a\u0441\u043a\u0443\u0440\u0441\u0438\u0438 Skyline\"},\"image\":{\"@id\":\"https:\\\/\\\/skyline-gs.com\\\/it\\\/#\\\/schema\\\/logo\\\/image\\\/\"},\"sameAs\":[\"https:\\\/\\\/www.instagram.com\\\/skylineglobalservice\\\/\"]}]}<\/script>\n<!-- \/ Yoast SEO plugin. -->","yoast_head_json":{"title":"\u042d\u043a\u0441\u043f\u0435\u0434\u0438\u0446\u0438\u044f \u0432 \u0411\u0435\u043b\u0443\u044e \u043f\u0443\u0441\u0442\u044b\u043d\u044e \u0438 \u043f\u0435\u0449\u0435\u0440\u0430 \u0414\u0436\u0430\u0440\u0430 3 \u0434\u043d\u044f &#8226; \u042d\u043a\u0441\u043a\u0443\u0440\u0441\u0438\u0438 Skyline","robots":{"index":"index","follow":"follow","max-snippet":"max-snippet:-1","max-image-preview":"max-image-preview:large","max-video-preview":"max-video-preview:-1"},"canonical":"https:\/\/skyline-gs.com\/pl\/produkt\/3-day-trip-to-the-white-desert-and-djara-cave-cairo\/","og_locale":"pl_PL","og_type":"article","og_title":"\u042d\u043a\u0441\u043f\u0435\u0434\u0438\u0446\u0438\u044f \u0432 \u0411\u0435\u043b\u0443\u044e \u043f\u0443\u0441\u0442\u044b\u043d\u044e \u0438 \u043f\u0435\u0449\u0435\u0440\u0430 \u0414\u0436\u0430\u0440\u0430 3 \u0434\u043d\u044f &#8226; \u042d\u043a\u0441\u043a\u0443\u0440\u0441\u0438\u0438 Skyline","og_description":"\u0414\u043b\u0438\u0442\u0435\u043b\u044c\u043d\u043e\u0441\u0442\u044c: 3 \u0434\u043d\u044f  \u0414\u043d\u0438 \u043f\u0440\u043e\u0432\u0435\u0434\u0435\u043d\u0438\u044f: \u0435\u0436\u0435\u0434\u043d\u0435\u0432\u043d\u043e, \u043a\u0440\u043e\u043c\u0435 \u0432\u043e\u0441\u043a\u0440\u0435\u0441\u0435\u043d\u0438\u044f","og_url":"https:\/\/skyline-gs.com\/pl\/produkt\/3-day-trip-to-the-white-desert-and-djara-cave-cairo\/","og_site_name":"\u042d\u043a\u0441\u043a\u0443\u0440\u0441\u0438\u0438 Skyline","article_modified_time":"2023-08-25T15:13:20+00:00","og_image":[{"width":900,"height":600,"url":"https:\/\/skyline-gs.com\/wp-content\/uploads\/2021\/09\/Belaya-i-chernaya-pustyni-11-of-14.jpg","type":"image\/jpeg"}],"twitter_card":"summary_large_image","twitter_misc":{"Szacowany czas czytania":"2 minuty"},"schema":{"@context":"https:\/\/schema.org","@graph":[{"@type":"WebPage","@id":"https:\/\/skyline-gs.com\/de\/produkt\/3-day-trip-to-the-white-desert-and-djara-cave-cairo\/","url":"https:\/\/skyline-gs.com\/de\/produkt\/3-day-trip-to-the-white-desert-and-djara-cave-cairo\/","name":"\u042d\u043a\u0441\u043f\u0435\u0434\u0438\u0446\u0438\u044f \u0432 \u0411\u0435\u043b\u0443\u044e \u043f\u0443\u0441\u0442\u044b\u043d\u044e \u0438 \u043f\u0435\u0449\u0435\u0440\u0430 \u0414\u0436\u0430\u0440\u0430 3 \u0434\u043d\u044f &#8226; \u042d\u043a\u0441\u043a\u0443\u0440\u0441\u0438\u0438 Skyline","isPartOf":{"@id":"https:\/\/skyline-gs.com\/it\/#website"},"primaryImageOfPage":{"@id":"https:\/\/skyline-gs.com\/de\/produkt\/3-day-trip-to-the-white-desert-and-djara-cave-cairo\/#primaryimage"},"image":{"@id":"https:\/\/skyline-gs.com\/de\/produkt\/3-day-trip-to-the-white-desert-and-djara-cave-cairo\/#primaryimage"},"thumbnailUrl":"https:\/\/skyline-gs.com\/wp-content\/uploads\/2021\/09\/Belaya-i-chernaya-pustyni-11-of-14.jpg","datePublished":"2021-09-17T21:37:36+00:00","dateModified":"2023-08-25T15:13:20+00:00","breadcrumb":{"@id":"https:\/\/skyline-gs.com\/de\/produkt\/3-day-trip-to-the-white-desert-and-djara-cave-cairo\/#breadcrumb"},"inLanguage":"pl-PL","potentialAction":[{"@type":"ReadAction","target":["https:\/\/skyline-gs.com\/de\/produkt\/3-day-trip-to-the-white-desert-and-djara-cave-cairo\/"]}]},{"@type":"ImageObject","inLanguage":"pl-PL","@id":"https:\/\/skyline-gs.com\/de\/produkt\/3-day-trip-to-the-white-desert-and-djara-cave-cairo\/#primaryimage","url":"https:\/\/skyline-gs.com\/wp-content\/uploads\/2021\/09\/Belaya-i-chernaya-pustyni-11-of-14.jpg","contentUrl":"https:\/\/skyline-gs.com\/wp-content\/uploads\/2021\/09\/Belaya-i-chernaya-pustyni-11-of-14.jpg","width":900,"height":600},{"@type":"BreadcrumbList","@id":"https:\/\/skyline-gs.com\/de\/produkt\/3-day-trip-to-the-white-desert-and-djara-cave-cairo\/#breadcrumb","itemListElement":[{"@type":"ListItem","position":1,"name":"\u0413\u043b\u0430\u0432\u043d\u0430\u044f \u0441\u0442\u0440\u0430\u043d\u0438\u0446\u0430","item":"https:\/\/skyline-gs.com\/hu\/"},{"@type":"ListItem","position":2,"name":"\u041c\u0430\u0433\u0430\u0437\u0438\u043d","item":"https:\/\/skyline-gs.com\/cs\/shop\/"},{"@type":"ListItem","position":3,"name":"\u042d\u043a\u0441\u043f\u0435\u0434\u0438\u0446\u0438\u044f \u0432 \u0411\u0435\u043b\u0443\u044e \u043f\u0443\u0441\u0442\u044b\u043d\u044e \u0438 \u043f\u0435\u0449\u0435\u0440\u0430 \u0414\u0436\u0430\u0440\u0430 3 \u0434\u043d\u044f"}]},{"@type":"WebSite","@id":"https:\/\/skyline-gs.com\/it\/#website","url":"https:\/\/skyline-gs.com\/it\/","name":"Wycieczki Skyline","description":"Ekskluzywne wycieczki do najlepszych kurort\u00f3w na \u015bwiecie","publisher":{"@id":"https:\/\/skyline-gs.com\/it\/#organization"},"alternateName":"Skyline","potentialAction":[{"@type":"SearchAction","target":{"@type":"EntryPoint","urlTemplate":"https:\/\/skyline-gs.com\/it\/?s={search_term_string}"},"query-input":{"@type":"PropertyValueSpecification","valueRequired":true,"valueName":"search_term_string"}}],"inLanguage":"pl-PL"},{"@type":"Organization","@id":"https:\/\/skyline-gs.com\/it\/#organization","name":"Wycieczki Skyline","alternateName":"\u042d\u043a\u0441\u043a\u0443\u0440\u0441\u0438\u0438 Skyline","url":"https:\/\/skyline-gs.com\/it\/","logo":{"@type":"ImageObject","inLanguage":"pl-PL","@id":"https:\/\/skyline-gs.com\/it\/#\/schema\/logo\/image\/","url":"https:\/\/skyline-gs.com\/wp-content\/uploads\/2020\/12\/cropped-logo-2.png","contentUrl":"https:\/\/skyline-gs.com\/wp-content\/uploads\/2020\/12\/cropped-logo-2.png","width":512,"height":512,"caption":"\u042d\u043a\u0441\u043a\u0443\u0440\u0441\u0438\u0438 Skyline"},"image":{"@id":"https:\/\/skyline-gs.com\/it\/#\/schema\/logo\/image\/"},"sameAs":["https:\/\/www.instagram.com\/skylineglobalservice\/"]}]}},"_links":{"self":[{"href":"https:\/\/skyline-gs.com\/pl\/wp-json\/wp\/v2\/product\/31521","targetHints":{"allow":["GET"]}}],"collection":[{"href":"https:\/\/skyline-gs.com\/pl\/wp-json\/wp\/v2\/product"}],"about":[{"href":"https:\/\/skyline-gs.com\/pl\/wp-json\/wp\/v2\/types\/product"}],"version-history":[{"count":0,"href":"https:\/\/skyline-gs.com\/pl\/wp-json\/wp\/v2\/product\/31521\/revisions"}],"wp:featuredmedia":[{"embeddable":true,"href":"https:\/\/skyline-gs.com\/pl\/wp-json\/wp\/v2\/media\/31545"}],"wp:attachment":[{"href":"https:\/\/skyline-gs.com\/pl\/wp-json\/wp\/v2\/media?parent=31521"}],"wp:term":[{"taxonomy":"product_brand","embeddable":true,"href":"https:\/\/skyline-gs.com\/pl\/wp-json\/wp\/v2\/product_brand?post=31521"},{"taxonomy":"product_cat","embeddable":true,"href":"https:\/\/skyline-gs.com\/pl\/wp-json\/wp\/v2\/product_cat?post=31521"},{"taxonomy":"product_tag","embeddable":true,"href":"https:\/\/skyline-gs.com\/pl\/wp-json\/wp\/v2\/product_tag?post=31521"}],"curies":[{"name":"wp","href":"https:\/\/api.w.org\/{rel}","templated":true}]}}