{"id":31442,"date":"2021-09-17T18:50:01","date_gmt":"2021-09-17T16:50:01","guid":{"rendered":"http:\/\/skyline-gs.com\/?post_type=product&#038;p=31442"},"modified":"2025-09-22T15:40:29","modified_gmt":"2025-09-22T13:40:29","slug":"the-first-pyramids-in-saqqara-pyramids-in-dakhshur-memphis-cairo","status":"publish","type":"product","link":"https:\/\/skyline-gs.com\/pl\/product\/the-first-pyramids-in-saqqara-pyramids-in-dakhshur-memphis-cairo\/","title":{"rendered":"Pierwsze piramidy w Sakkarze. Piramidy w Dahszur. Memfis"},"content":{"rendered":"<p>O godzinie 8:00 odbierzemy Ci\u0119 z hotelu. Wyjazd do miasta <strong>Dahshur<\/strong>gdzie odwiedzisz dwie piramidy. Pierwsz\u0105 z nich jest ta. <strong>Z\u0142amana piramida<\/strong>Piramida \u0142amana zosta\u0142a tak nazwana ze wzgl\u0119du na sw\u00f3j kszta\u0142t. K\u0105t nachylenia faset w jej dolnej cz\u0119\u015bci wynosi 53 stopnie, a w g\u00f3rnej cz\u0119\u015bci budowniczowie zmniejszyli go do 42. Drugi - <strong>R\u00f3\u017cowa piramida<\/strong> jest tak nazwany ze wzgl\u0119du na kolor wapienia, z kt\u00f3rego jest zbudowany. Odcie\u0144 ten jest trudny do zauwa\u017cenia, na zewn\u0105trz niewiele r\u00f3\u017cni si\u0119 od klasycznych wapiennych pomnik\u00f3w staro\u017cytnego Egiptu.<br \/>\nUwaga: Nie zawsze piramidy w Dahszur s\u0105 otwarte dla zwiedzaj\u0105cych.<br \/>\nNast\u0119pnie przeniesiemy si\u0119 na cmentarzysko w Sakkarze, gdzie b\u0119dzie mo\u017cna zobaczy\u0107 <strong>pierwsza piramida w historii - piramida kr\u00f3la D\u017cesera.<\/strong>. Pod koniec tej cz\u0119\u015bci wycieczki zjesz lunch w jednej z lokalnych orientalnych restauracji. Nast\u0119pny. <strong>Wizyta w Memfis, pierwszej stolicy Egiptu<\/strong> i pomnik kr\u00f3la Ramzesa Drugiego. O 16:00 powr\u00f3t do hotelu.<\/p>\n<p><strong>W zestawie:<\/strong><\/p>\n<ul>\n<li>Transfery z i do hotelu<\/li>\n<li>Rosyjskoj\u0119zyczny przewodnik egiptolog<\/li>\n<li>Op\u0142aty za wst\u0119p do wszystkich wymienionych atrakcji<\/li>\n<li>Lunch<\/li>\n<\/ul>\n<p><strong>Brak w zestawie:<\/strong><\/p>\n<ul>\n<li>Wydatki osobiste<\/li>\n<\/ul>\n<p><strong>Zabierz go ze sob\u0105:<\/strong><\/p>\n<ul>\n<li>Kamera foto-wideo<\/li>\n<li>Nakrycie g\u0142owy<\/li>\n<li>Pieni\u0105dze na wydatki osobiste i pami\u0105tki<\/li>\n<li>Woda pitna<\/li>\n<li>Wygodne buty<\/li>\n<\/ul>","protected":false},"excerpt":{"rendered":"<p><strong>Czas trwania: <\/strong>8:00 \u2014 16:00<\/p>\n<p><strong>Holding Days:<\/strong> codzienny<\/p>","protected":false},"featured_media":31463,"template":"","meta":{"_kad_post_transparent":"default","_kad_post_title":"","_kad_post_layout":"default","_kad_post_sidebar_id":"","_kad_post_content_style":"default","_kad_post_vertical_padding":"default","_kad_post_feature":"","_kad_post_feature_position":"","_kad_post_header":false,"_kad_post_footer":false,"_kad_post_classname":"","_glsr_average":0,"_glsr_ranking":0,"_glsr_reviews":0},"product_brand":[],"product_cat":[453],"product_tag":[],"class_list":{"0":"post-31442","1":"product","2":"type-product","3":"status-publish","4":"has-post-thumbnail","6":"product_cat-cairo","7":"tm-has-options","9":"first","10":"instock","11":"sold-individually","12":"taxable","13":"shipping-taxable","14":"purchasable","15":"product-type-simple","16":"entry","17":"content-bg","18":"loop-entry"},"yoast_head":"<!-- This site is optimized with the Yoast SEO plugin v27.3 - https:\/\/yoast.com\/product\/yoast-seo-wordpress\/ -->\n<title>\u041f\u0435\u0440\u0432\u044b\u0435 \u043f\u0438\u0440\u0430\u043c\u0438\u0434\u044b \u0432 \u0421\u0430\u043a\u043a\u0430\u0440\u0435. \u041f\u0438\u0440\u0430\u043c\u0438\u0434\u044b \u0432 \u0414\u0430\u0445\u0448\u0443\u0440\u0435. \u041c\u0435\u043c\u0444\u0438\u0441 &#8226; \u042d\u043a\u0441\u043a\u0443\u0440\u0441\u0438\u0438 Skyline<\/title>\n<meta name=\"robots\" content=\"index, follow, max-snippet:-1, max-image-preview:large, max-video-preview:-1\" \/>\n<link rel=\"canonical\" href=\"https:\/\/skyline-gs.com\/pl\/produkt\/the-first-pyramids-in-saqqara-pyramids-in-dakhshur-memphis-cairo\/\" \/>\n<meta property=\"og:locale\" content=\"pl_PL\" \/>\n<meta property=\"og:type\" content=\"article\" \/>\n<meta property=\"og:title\" content=\"\u041f\u0435\u0440\u0432\u044b\u0435 \u043f\u0438\u0440\u0430\u043c\u0438\u0434\u044b \u0432 \u0421\u0430\u043a\u043a\u0430\u0440\u0435. \u041f\u0438\u0440\u0430\u043c\u0438\u0434\u044b \u0432 \u0414\u0430\u0445\u0448\u0443\u0440\u0435. \u041c\u0435\u043c\u0444\u0438\u0441 &#8226; \u042d\u043a\u0441\u043a\u0443\u0440\u0441\u0438\u0438 Skyline\" \/>\n<meta property=\"og:description\" content=\"\u0414\u043b\u0438\u0442\u0435\u043b\u044c\u043d\u043e\u0441\u0442\u044c: 8:00 - 16:00  \u0414\u043d\u0438 \u043f\u0440\u043e\u0432\u0435\u0434\u0435\u043d\u0438\u044f: \u0435\u0436\u0435\u0434\u043d\u0435\u0432\u043d\u043e\" \/>\n<meta property=\"og:url\" content=\"https:\/\/skyline-gs.com\/pl\/produkt\/the-first-pyramids-in-saqqara-pyramids-in-dakhshur-memphis-cairo\/\" \/>\n<meta property=\"og:site_name\" content=\"\u042d\u043a\u0441\u043a\u0443\u0440\u0441\u0438\u0438 Skyline\" \/>\n<meta property=\"article:modified_time\" content=\"2025-09-22T13:40:29+00:00\" \/>\n<meta property=\"og:image\" content=\"https:\/\/skyline-gs.com\/wp-content\/uploads\/2021\/09\/4av4.png\" \/>\n\t<meta property=\"og:image:width\" content=\"669\" \/>\n\t<meta property=\"og:image:height\" content=\"446\" \/>\n\t<meta property=\"og:image:type\" content=\"image\/png\" \/>\n<meta name=\"twitter:card\" content=\"summary_large_image\" \/>\n<meta name=\"twitter:label1\" content=\"Szacowany czas czytania\" \/>\n\t<meta name=\"twitter:data1\" content=\"2 minuty\" \/>\n<script type=\"application\/ld+json\" class=\"yoast-schema-graph\">{\"@context\":\"https:\\\/\\\/schema.org\",\"@graph\":[{\"@type\":\"WebPage\",\"@id\":\"https:\\\/\\\/skyline-gs.com\\\/de\\\/produkt\\\/the-first-pyramids-in-saqqara-pyramids-in-dakhshur-memphis-cairo\\\/\",\"url\":\"https:\\\/\\\/skyline-gs.com\\\/de\\\/produkt\\\/the-first-pyramids-in-saqqara-pyramids-in-dakhshur-memphis-cairo\\\/\",\"name\":\"\u041f\u0435\u0440\u0432\u044b\u0435 \u043f\u0438\u0440\u0430\u043c\u0438\u0434\u044b \u0432 \u0421\u0430\u043a\u043a\u0430\u0440\u0435. \u041f\u0438\u0440\u0430\u043c\u0438\u0434\u044b \u0432 \u0414\u0430\u0445\u0448\u0443\u0440\u0435. \u041c\u0435\u043c\u0444\u0438\u0441 &#8226; \u042d\u043a\u0441\u043a\u0443\u0440\u0441\u0438\u0438 Skyline\",\"isPartOf\":{\"@id\":\"https:\\\/\\\/skyline-gs.com\\\/it\\\/#website\"},\"primaryImageOfPage\":{\"@id\":\"https:\\\/\\\/skyline-gs.com\\\/de\\\/produkt\\\/the-first-pyramids-in-saqqara-pyramids-in-dakhshur-memphis-cairo\\\/#primaryimage\"},\"image\":{\"@id\":\"https:\\\/\\\/skyline-gs.com\\\/de\\\/produkt\\\/the-first-pyramids-in-saqqara-pyramids-in-dakhshur-memphis-cairo\\\/#primaryimage\"},\"thumbnailUrl\":\"https:\\\/\\\/skyline-gs.com\\\/wp-content\\\/uploads\\\/2021\\\/09\\\/4av4.png\",\"datePublished\":\"2021-09-17T16:50:01+00:00\",\"dateModified\":\"2025-09-22T13:40:29+00:00\",\"breadcrumb\":{\"@id\":\"https:\\\/\\\/skyline-gs.com\\\/de\\\/produkt\\\/the-first-pyramids-in-saqqara-pyramids-in-dakhshur-memphis-cairo\\\/#breadcrumb\"},\"inLanguage\":\"pl-PL\",\"potentialAction\":[{\"@type\":\"ReadAction\",\"target\":[\"https:\\\/\\\/skyline-gs.com\\\/de\\\/produkt\\\/the-first-pyramids-in-saqqara-pyramids-in-dakhshur-memphis-cairo\\\/\"]}]},{\"@type\":\"ImageObject\",\"inLanguage\":\"pl-PL\",\"@id\":\"https:\\\/\\\/skyline-gs.com\\\/de\\\/produkt\\\/the-first-pyramids-in-saqqara-pyramids-in-dakhshur-memphis-cairo\\\/#primaryimage\",\"url\":\"https:\\\/\\\/skyline-gs.com\\\/wp-content\\\/uploads\\\/2021\\\/09\\\/4av4.png\",\"contentUrl\":\"https:\\\/\\\/skyline-gs.com\\\/wp-content\\\/uploads\\\/2021\\\/09\\\/4av4.png\",\"width\":669,\"height\":446},{\"@type\":\"BreadcrumbList\",\"@id\":\"https:\\\/\\\/skyline-gs.com\\\/de\\\/produkt\\\/the-first-pyramids-in-saqqara-pyramids-in-dakhshur-memphis-cairo\\\/#breadcrumb\",\"itemListElement\":[{\"@type\":\"ListItem\",\"position\":1,\"name\":\"\u0413\u043b\u0430\u0432\u043d\u0430\u044f \u0441\u0442\u0440\u0430\u043d\u0438\u0446\u0430\",\"item\":\"https:\\\/\\\/skyline-gs.com\\\/hu\\\/\"},{\"@type\":\"ListItem\",\"position\":2,\"name\":\"\u041c\u0430\u0433\u0430\u0437\u0438\u043d\",\"item\":\"https:\\\/\\\/skyline-gs.com\\\/cs\\\/shop\\\/\"},{\"@type\":\"ListItem\",\"position\":3,\"name\":\"\u041f\u0435\u0440\u0432\u044b\u0435 \u043f\u0438\u0440\u0430\u043c\u0438\u0434\u044b \u0432 \u0421\u0430\u043a\u043a\u0430\u0440\u0435. \u041f\u0438\u0440\u0430\u043c\u0438\u0434\u044b \u0432 \u0414\u0430\u0445\u0448\u0443\u0440\u0435. \u041c\u0435\u043c\u0444\u0438\u0441\"}]},{\"@type\":\"WebSite\",\"@id\":\"https:\\\/\\\/skyline-gs.com\\\/it\\\/#website\",\"url\":\"https:\\\/\\\/skyline-gs.com\\\/it\\\/\",\"name\":\"\u042d\u043a\u0441\u043a\u0443\u0440\u0441\u0438\u0438 Skyline\",\"description\":\"\u042d\u043a\u0441\u043a\u043b\u044e\u0437\u0438\u0432\u043d\u044b\u0435 \u044d\u043a\u0441\u043a\u0443\u0440\u0441\u0438\u0438 \u043d\u0430 \u043b\u0443\u0447\u0448\u0438\u0445 \u043a\u0443\u0440\u043e\u0440\u0442\u0430\u0445 \u043c\u0438\u0440\u0430\",\"publisher\":{\"@id\":\"https:\\\/\\\/skyline-gs.com\\\/it\\\/#organization\"},\"alternateName\":\"Skyline\",\"potentialAction\":[{\"@type\":\"SearchAction\",\"target\":{\"@type\":\"EntryPoint\",\"urlTemplate\":\"https:\\\/\\\/skyline-gs.com\\\/it\\\/?s={search_term_string}\"},\"query-input\":{\"@type\":\"PropertyValueSpecification\",\"valueRequired\":true,\"valueName\":\"search_term_string\"}}],\"inLanguage\":\"pl-PL\"},{\"@type\":\"Organization\",\"@id\":\"https:\\\/\\\/skyline-gs.com\\\/it\\\/#organization\",\"name\":\"\u042d\u043a\u0441\u043a\u0443\u0440\u0441\u0438\u0438 Skyline\",\"alternateName\":\"\u042d\u043a\u0441\u043a\u0443\u0440\u0441\u0438\u0438 Skyline\",\"url\":\"https:\\\/\\\/skyline-gs.com\\\/it\\\/\",\"logo\":{\"@type\":\"ImageObject\",\"inLanguage\":\"pl-PL\",\"@id\":\"https:\\\/\\\/skyline-gs.com\\\/it\\\/#\\\/schema\\\/logo\\\/image\\\/\",\"url\":\"https:\\\/\\\/skyline-gs.com\\\/wp-content\\\/uploads\\\/2020\\\/12\\\/cropped-logo-2.png\",\"contentUrl\":\"https:\\\/\\\/skyline-gs.com\\\/wp-content\\\/uploads\\\/2020\\\/12\\\/cropped-logo-2.png\",\"width\":512,\"height\":512,\"caption\":\"\u042d\u043a\u0441\u043a\u0443\u0440\u0441\u0438\u0438 Skyline\"},\"image\":{\"@id\":\"https:\\\/\\\/skyline-gs.com\\\/it\\\/#\\\/schema\\\/logo\\\/image\\\/\"},\"sameAs\":[\"https:\\\/\\\/www.instagram.com\\\/skylineglobalservice\\\/\"]}]}<\/script>\n<!-- \/ Yoast SEO plugin. -->","yoast_head_json":{"title":"\u041f\u0435\u0440\u0432\u044b\u0435 \u043f\u0438\u0440\u0430\u043c\u0438\u0434\u044b \u0432 \u0421\u0430\u043a\u043a\u0430\u0440\u0435. \u041f\u0438\u0440\u0430\u043c\u0438\u0434\u044b \u0432 \u0414\u0430\u0445\u0448\u0443\u0440\u0435. \u041c\u0435\u043c\u0444\u0438\u0441 &#8226; \u042d\u043a\u0441\u043a\u0443\u0440\u0441\u0438\u0438 Skyline","robots":{"index":"index","follow":"follow","max-snippet":"max-snippet:-1","max-image-preview":"max-image-preview:large","max-video-preview":"max-video-preview:-1"},"canonical":"https:\/\/skyline-gs.com\/pl\/produkt\/the-first-pyramids-in-saqqara-pyramids-in-dakhshur-memphis-cairo\/","og_locale":"pl_PL","og_type":"article","og_title":"\u041f\u0435\u0440\u0432\u044b\u0435 \u043f\u0438\u0440\u0430\u043c\u0438\u0434\u044b \u0432 \u0421\u0430\u043a\u043a\u0430\u0440\u0435. \u041f\u0438\u0440\u0430\u043c\u0438\u0434\u044b \u0432 \u0414\u0430\u0445\u0448\u0443\u0440\u0435. \u041c\u0435\u043c\u0444\u0438\u0441 &#8226; \u042d\u043a\u0441\u043a\u0443\u0440\u0441\u0438\u0438 Skyline","og_description":"\u0414\u043b\u0438\u0442\u0435\u043b\u044c\u043d\u043e\u0441\u0442\u044c: 8:00 - 16:00  \u0414\u043d\u0438 \u043f\u0440\u043e\u0432\u0435\u0434\u0435\u043d\u0438\u044f: \u0435\u0436\u0435\u0434\u043d\u0435\u0432\u043d\u043e","og_url":"https:\/\/skyline-gs.com\/pl\/produkt\/the-first-pyramids-in-saqqara-pyramids-in-dakhshur-memphis-cairo\/","og_site_name":"\u042d\u043a\u0441\u043a\u0443\u0440\u0441\u0438\u0438 Skyline","article_modified_time":"2025-09-22T13:40:29+00:00","og_image":[{"width":669,"height":446,"url":"https:\/\/skyline-gs.com\/wp-content\/uploads\/2021\/09\/4av4.png","type":"image\/png"}],"twitter_card":"summary_large_image","twitter_misc":{"Szacowany czas czytania":"2 minuty"},"schema":{"@context":"https:\/\/schema.org","@graph":[{"@type":"WebPage","@id":"https:\/\/skyline-gs.com\/de\/produkt\/the-first-pyramids-in-saqqara-pyramids-in-dakhshur-memphis-cairo\/","url":"https:\/\/skyline-gs.com\/de\/produkt\/the-first-pyramids-in-saqqara-pyramids-in-dakhshur-memphis-cairo\/","name":"\u041f\u0435\u0440\u0432\u044b\u0435 \u043f\u0438\u0440\u0430\u043c\u0438\u0434\u044b \u0432 \u0421\u0430\u043a\u043a\u0430\u0440\u0435. \u041f\u0438\u0440\u0430\u043c\u0438\u0434\u044b \u0432 \u0414\u0430\u0445\u0448\u0443\u0440\u0435. \u041c\u0435\u043c\u0444\u0438\u0441 &#8226; \u042d\u043a\u0441\u043a\u0443\u0440\u0441\u0438\u0438 Skyline","isPartOf":{"@id":"https:\/\/skyline-gs.com\/it\/#website"},"primaryImageOfPage":{"@id":"https:\/\/skyline-gs.com\/de\/produkt\/the-first-pyramids-in-saqqara-pyramids-in-dakhshur-memphis-cairo\/#primaryimage"},"image":{"@id":"https:\/\/skyline-gs.com\/de\/produkt\/the-first-pyramids-in-saqqara-pyramids-in-dakhshur-memphis-cairo\/#primaryimage"},"thumbnailUrl":"https:\/\/skyline-gs.com\/wp-content\/uploads\/2021\/09\/4av4.png","datePublished":"2021-09-17T16:50:01+00:00","dateModified":"2025-09-22T13:40:29+00:00","breadcrumb":{"@id":"https:\/\/skyline-gs.com\/de\/produkt\/the-first-pyramids-in-saqqara-pyramids-in-dakhshur-memphis-cairo\/#breadcrumb"},"inLanguage":"pl-PL","potentialAction":[{"@type":"ReadAction","target":["https:\/\/skyline-gs.com\/de\/produkt\/the-first-pyramids-in-saqqara-pyramids-in-dakhshur-memphis-cairo\/"]}]},{"@type":"ImageObject","inLanguage":"pl-PL","@id":"https:\/\/skyline-gs.com\/de\/produkt\/the-first-pyramids-in-saqqara-pyramids-in-dakhshur-memphis-cairo\/#primaryimage","url":"https:\/\/skyline-gs.com\/wp-content\/uploads\/2021\/09\/4av4.png","contentUrl":"https:\/\/skyline-gs.com\/wp-content\/uploads\/2021\/09\/4av4.png","width":669,"height":446},{"@type":"BreadcrumbList","@id":"https:\/\/skyline-gs.com\/de\/produkt\/the-first-pyramids-in-saqqara-pyramids-in-dakhshur-memphis-cairo\/#breadcrumb","itemListElement":[{"@type":"ListItem","position":1,"name":"\u0413\u043b\u0430\u0432\u043d\u0430\u044f \u0441\u0442\u0440\u0430\u043d\u0438\u0446\u0430","item":"https:\/\/skyline-gs.com\/hu\/"},{"@type":"ListItem","position":2,"name":"\u041c\u0430\u0433\u0430\u0437\u0438\u043d","item":"https:\/\/skyline-gs.com\/cs\/shop\/"},{"@type":"ListItem","position":3,"name":"\u041f\u0435\u0440\u0432\u044b\u0435 \u043f\u0438\u0440\u0430\u043c\u0438\u0434\u044b \u0432 \u0421\u0430\u043a\u043a\u0430\u0440\u0435. \u041f\u0438\u0440\u0430\u043c\u0438\u0434\u044b \u0432 \u0414\u0430\u0445\u0448\u0443\u0440\u0435. \u041c\u0435\u043c\u0444\u0438\u0441"}]},{"@type":"WebSite","@id":"https:\/\/skyline-gs.com\/it\/#website","url":"https:\/\/skyline-gs.com\/it\/","name":"Wycieczki Skyline","description":"Ekskluzywne wycieczki do najlepszych kurort\u00f3w na \u015bwiecie","publisher":{"@id":"https:\/\/skyline-gs.com\/it\/#organization"},"alternateName":"Skyline","potentialAction":[{"@type":"SearchAction","target":{"@type":"EntryPoint","urlTemplate":"https:\/\/skyline-gs.com\/it\/?s={search_term_string}"},"query-input":{"@type":"PropertyValueSpecification","valueRequired":true,"valueName":"search_term_string"}}],"inLanguage":"pl-PL"},{"@type":"Organization","@id":"https:\/\/skyline-gs.com\/it\/#organization","name":"Wycieczki Skyline","alternateName":"\u042d\u043a\u0441\u043a\u0443\u0440\u0441\u0438\u0438 Skyline","url":"https:\/\/skyline-gs.com\/it\/","logo":{"@type":"ImageObject","inLanguage":"pl-PL","@id":"https:\/\/skyline-gs.com\/it\/#\/schema\/logo\/image\/","url":"https:\/\/skyline-gs.com\/wp-content\/uploads\/2020\/12\/cropped-logo-2.png","contentUrl":"https:\/\/skyline-gs.com\/wp-content\/uploads\/2020\/12\/cropped-logo-2.png","width":512,"height":512,"caption":"\u042d\u043a\u0441\u043a\u0443\u0440\u0441\u0438\u0438 Skyline"},"image":{"@id":"https:\/\/skyline-gs.com\/it\/#\/schema\/logo\/image\/"},"sameAs":["https:\/\/www.instagram.com\/skylineglobalservice\/"]}]}},"_links":{"self":[{"href":"https:\/\/skyline-gs.com\/pl\/wp-json\/wp\/v2\/product\/31442","targetHints":{"allow":["GET"]}}],"collection":[{"href":"https:\/\/skyline-gs.com\/pl\/wp-json\/wp\/v2\/product"}],"about":[{"href":"https:\/\/skyline-gs.com\/pl\/wp-json\/wp\/v2\/types\/product"}],"version-history":[{"count":0,"href":"https:\/\/skyline-gs.com\/pl\/wp-json\/wp\/v2\/product\/31442\/revisions"}],"wp:featuredmedia":[{"embeddable":true,"href":"https:\/\/skyline-gs.com\/pl\/wp-json\/wp\/v2\/media\/31463"}],"wp:attachment":[{"href":"https:\/\/skyline-gs.com\/pl\/wp-json\/wp\/v2\/media?parent=31442"}],"wp:term":[{"taxonomy":"product_brand","embeddable":true,"href":"https:\/\/skyline-gs.com\/pl\/wp-json\/wp\/v2\/product_brand?post=31442"},{"taxonomy":"product_cat","embeddable":true,"href":"https:\/\/skyline-gs.com\/pl\/wp-json\/wp\/v2\/product_cat?post=31442"},{"taxonomy":"product_tag","embeddable":true,"href":"https:\/\/skyline-gs.com\/pl\/wp-json\/wp\/v2\/product_tag?post=31442"}],"curies":[{"name":"wp","href":"https:\/\/api.w.org\/{rel}","templated":true}]}}