{"id":31282,"date":"2021-09-16T15:56:09","date_gmt":"2021-09-16T13:56:09","guid":{"rendered":"http:\/\/skyline-gs.com\/?post_type=product&#038;p=31282"},"modified":"2024-01-24T14:40:59","modified_gmt":"2024-01-24T12:40:59","slug":"el-minya-pharaonic-magic-cairo","status":"publish","type":"product","link":"https:\/\/skyline-gs.com\/pl\/product\/el-minya-pharaonic-magic-cairo\/","title":{"rendered":"El Minya. Magia faraon\u00f3w"},"content":{"rendered":"<p>Ciesz si\u0119 wycieczk\u0105 do El Minya z Kairu i odwied\u017a splendor faraon\u00f3w. Odwiedzisz spektakularne zabytki Beni Hassan, El Ashmunain, Touna el-Gebel i Tell el-Amarna, kt\u00f3re przybli\u017c\u0105 Ci magi\u0119 faraon\u00f3w.<\/p>\n<p>Wymeldowanie z hotelu o 06:00 rano. Podr\u00f3\u017c z Kairu do \u015brodkowego Egiptu zajmie 4 godziny. Odwiedzimy nekropoli\u0119 pi\u0119tnastej prowincji Egiptu, Tuna El Gabal. By\u0142o to g\u0142\u00f3wne miejsce poch\u00f3wku staro\u017cytnego miasta Hermopolis lub El Ashmonien, jak nazywa si\u0119 je dzisiaj, poniewa\u017c sta\u0142o si\u0119 wa\u017cnym stanowiskiem archeologicznym odwiedzanym przez wielu turyst\u00f3w podr\u00f3\u017cuj\u0105cych do Egiptu. Zobaczysz dobrze zachowane grobowce i podziemne przej\u015bcia, a tak\u017ce mumie Ibisa i Pawiana. Lunch w typowej lokalnej restauracji.<\/p>\n<p>Po obiedzie odwiedzisz skalne grobowce Beni Hassan, pochodz\u0105ce z okresu \u015aredniego Pa\u0144stwa w historii staro\u017cytnego Egiptu. Grobowce te by\u0142y u\u017cywane jako miejsca poch\u00f3wku wielu lokalnych w\u0142adc\u00f3w regionu El Minya podczas 11. dynastii, kt\u00f3ra rz\u0105dzi\u0142a Egiptem w latach 2134-1991 pne. Unikalna grafika i inskrypcje opowiadaj\u0105 o codziennych czynno\u015bciach tamtych czas\u00f3w, takich jak rzemios\u0142o, sport, gry i polowania. Wycieczka kontynuowana jest do Tell el-Amarna, dawnej stolicy Ehnatona, kt\u00f3r\u0105 za\u0142o\u017cy\u0142 na cze\u015b\u0107 boga s\u0142o\u0144ca Atona. Zobacz litery El Amarna, kt\u00f3re s\u0105 tabliczkami napisanymi przez staro\u017cytnych Egipcjan w j\u0119zyku babilo\u0144skim. Istnieje oko\u0142o 350 glinianych tabliczek z 15 wieku pne, kt\u00f3re zosta\u0142y znalezione w 1887 roku. Spo\u015br\u00f3d nich 50 znajduje si\u0119 w Kairze, 200 w Berlinie, 22 w Oksfordzie, a 82 w Muzeum Brytyjskim. Nast\u0119pnie wr\u00f3\u0107 do Kairu. B\u0119dziesz w hotelu oko\u0142o godziny 21:00.<\/p>\n<p><strong>W zestawie:<\/strong><\/p>\n<ul>\n<li>Transfery z i do hotelu<\/li>\n<li>Rosyjskoj\u0119zyczny przewodnik egiptolog<\/li>\n<li>Bilety wst\u0119pu do wszystkich wymienionych atrakcji<\/li>\n<li>Lunch<\/li>\n<\/ul>\n<p><strong>Brak w zestawie:<\/strong><\/p>\n<ul>\n<li>Wydatki osobiste<\/li>\n<\/ul>\n<p><strong>Zabierz go ze sob\u0105:<\/strong><\/p>\n<ul>\n<li>Kamera<\/li>\n<li>\u015aniadanie do zabrania ze sob\u0105 (zam\u00f3w w recepcji hotelu, jest bezp\u0142atne)<\/li>\n<li>Woda<\/li>\n<li>Okulary przeciws\u0142oneczne<\/li>\n<li>Nakrycie g\u0142owy<\/li>\n<li>Ciep\u0142e ubrania (w okresie zimowym)<\/li>\n<\/ul>","protected":false},"excerpt":{"rendered":"<p><strong>Czas wycieczki:<\/strong> 6:00 &#8212; 21:00<\/p>\n<p><strong>Holding Days:<\/strong> Wtorek, czwartek i sobota<\/p>","protected":false},"featured_media":31482,"template":"","meta":{"_kad_post_transparent":"default","_kad_post_title":"","_kad_post_layout":"default","_kad_post_sidebar_id":"","_kad_post_content_style":"default","_kad_post_vertical_padding":"default","_kad_post_feature":"","_kad_post_feature_position":"","_kad_post_header":false,"_kad_post_footer":false,"_kad_post_classname":"","_glsr_average":0,"_glsr_ranking":0,"_glsr_reviews":0},"product_brand":[],"product_cat":[453],"product_tag":[],"class_list":{"0":"post-31282","1":"product","2":"type-product","3":"status-publish","4":"has-post-thumbnail","6":"product_cat-cairo","7":"tm-has-options","9":"first","10":"instock","11":"sold-individually","12":"taxable","13":"shipping-taxable","14":"purchasable","15":"product-type-simple","16":"entry","17":"content-bg","18":"loop-entry"},"yoast_head":"<!-- This site is optimized with the Yoast SEO plugin v27.3 - https:\/\/yoast.com\/product\/yoast-seo-wordpress\/ -->\n<title>\u042d\u043b\u044c \u041c\u0438\u043d\u044c\u044f. \u041c\u0430\u0433\u0438\u044f \u0424\u0430\u0440\u0430\u043e\u043d\u043e\u0432 &#8226; \u042d\u043a\u0441\u043a\u0443\u0440\u0441\u0438\u0438 Skyline<\/title>\n<meta name=\"robots\" content=\"index, follow, max-snippet:-1, max-image-preview:large, max-video-preview:-1\" \/>\n<link rel=\"canonical\" href=\"https:\/\/skyline-gs.com\/pl\/produkt\/el-minya-pharaonic-magic-cairo\/\" \/>\n<meta property=\"og:locale\" content=\"pl_PL\" \/>\n<meta property=\"og:type\" content=\"article\" \/>\n<meta property=\"og:title\" content=\"\u042d\u043b\u044c \u041c\u0438\u043d\u044c\u044f. \u041c\u0430\u0433\u0438\u044f \u0424\u0430\u0440\u0430\u043e\u043d\u043e\u0432 &#8226; \u042d\u043a\u0441\u043a\u0443\u0440\u0441\u0438\u0438 Skyline\" \/>\n<meta property=\"og:description\" content=\"\u0412\u0440\u0435\u043c\u044f \u0442\u0443\u0440\u0430: 6:00 - 21:00  \u0414\u043d\u0438 \u043f\u0440\u043e\u0432\u0435\u0434\u0435\u043d\u0438\u044f: \u0432\u0442\u043e\u0440\u043d\u0438\u043a, \u0447\u0435\u0442\u0432\u0435\u0440\u0433 \u0438 \u0441\u0443\u0431\u0431\u043e\u0442\u0430\" \/>\n<meta property=\"og:url\" content=\"https:\/\/skyline-gs.com\/pl\/produkt\/el-minya-pharaonic-magic-cairo\/\" \/>\n<meta property=\"og:site_name\" content=\"\u042d\u043a\u0441\u043a\u0443\u0440\u0441\u0438\u0438 Skyline\" \/>\n<meta property=\"article:modified_time\" content=\"2024-01-24T12:40:59+00:00\" \/>\n<meta property=\"og:image\" content=\"https:\/\/skyline-gs.com\/wp-content\/uploads\/2021\/09\/46.jpg\" \/>\n\t<meta property=\"og:image:width\" content=\"669\" \/>\n\t<meta property=\"og:image:height\" content=\"446\" \/>\n\t<meta property=\"og:image:type\" content=\"image\/jpeg\" \/>\n<meta name=\"twitter:card\" content=\"summary_large_image\" \/>\n<meta name=\"twitter:label1\" content=\"Szacowany czas czytania\" \/>\n\t<meta name=\"twitter:data1\" content=\"2 minuty\" \/>\n<script type=\"application\/ld+json\" class=\"yoast-schema-graph\">{\"@context\":\"https:\\\/\\\/schema.org\",\"@graph\":[{\"@type\":\"WebPage\",\"@id\":\"https:\\\/\\\/skyline-gs.com\\\/product\\\/el-minya-pharaonic-magic-cairo\\\/\",\"url\":\"https:\\\/\\\/skyline-gs.com\\\/product\\\/el-minya-pharaonic-magic-cairo\\\/\",\"name\":\"\u042d\u043b\u044c \u041c\u0438\u043d\u044c\u044f. \u041c\u0430\u0433\u0438\u044f \u0424\u0430\u0440\u0430\u043e\u043d\u043e\u0432 &#8226; \u042d\u043a\u0441\u043a\u0443\u0440\u0441\u0438\u0438 Skyline\",\"isPartOf\":{\"@id\":\"https:\\\/\\\/skyline-gs.com\\\/it\\\/#website\"},\"primaryImageOfPage\":{\"@id\":\"https:\\\/\\\/skyline-gs.com\\\/product\\\/el-minya-pharaonic-magic-cairo\\\/#primaryimage\"},\"image\":{\"@id\":\"https:\\\/\\\/skyline-gs.com\\\/product\\\/el-minya-pharaonic-magic-cairo\\\/#primaryimage\"},\"thumbnailUrl\":\"https:\\\/\\\/skyline-gs.com\\\/wp-content\\\/uploads\\\/2021\\\/09\\\/46.jpg\",\"datePublished\":\"2021-09-16T13:56:09+00:00\",\"dateModified\":\"2024-01-24T12:40:59+00:00\",\"breadcrumb\":{\"@id\":\"https:\\\/\\\/skyline-gs.com\\\/product\\\/el-minya-pharaonic-magic-cairo\\\/#breadcrumb\"},\"inLanguage\":\"pl-PL\",\"potentialAction\":[{\"@type\":\"ReadAction\",\"target\":[\"https:\\\/\\\/skyline-gs.com\\\/product\\\/el-minya-pharaonic-magic-cairo\\\/\"]}]},{\"@type\":\"ImageObject\",\"inLanguage\":\"pl-PL\",\"@id\":\"https:\\\/\\\/skyline-gs.com\\\/product\\\/el-minya-pharaonic-magic-cairo\\\/#primaryimage\",\"url\":\"https:\\\/\\\/skyline-gs.com\\\/wp-content\\\/uploads\\\/2021\\\/09\\\/46.jpg\",\"contentUrl\":\"https:\\\/\\\/skyline-gs.com\\\/wp-content\\\/uploads\\\/2021\\\/09\\\/46.jpg\",\"width\":669,\"height\":446},{\"@type\":\"BreadcrumbList\",\"@id\":\"https:\\\/\\\/skyline-gs.com\\\/product\\\/el-minya-pharaonic-magic-cairo\\\/#breadcrumb\",\"itemListElement\":[{\"@type\":\"ListItem\",\"position\":1,\"name\":\"\u0413\u043b\u0430\u0432\u043d\u0430\u044f \u0441\u0442\u0440\u0430\u043d\u0438\u0446\u0430\",\"item\":\"https:\\\/\\\/skyline-gs.com\\\/hu\\\/\"},{\"@type\":\"ListItem\",\"position\":2,\"name\":\"\u041c\u0430\u0433\u0430\u0437\u0438\u043d\",\"item\":\"https:\\\/\\\/skyline-gs.com\\\/cs\\\/shop\\\/\"},{\"@type\":\"ListItem\",\"position\":3,\"name\":\"\u042d\u043b\u044c \u041c\u0438\u043d\u044c\u044f. \u041c\u0430\u0433\u0438\u044f \u0424\u0430\u0440\u0430\u043e\u043d\u043e\u0432\"}]},{\"@type\":\"WebSite\",\"@id\":\"https:\\\/\\\/skyline-gs.com\\\/it\\\/#website\",\"url\":\"https:\\\/\\\/skyline-gs.com\\\/it\\\/\",\"name\":\"\u042d\u043a\u0441\u043a\u0443\u0440\u0441\u0438\u0438 Skyline\",\"description\":\"\u042d\u043a\u0441\u043a\u043b\u044e\u0437\u0438\u0432\u043d\u044b\u0435 \u044d\u043a\u0441\u043a\u0443\u0440\u0441\u0438\u0438 \u043d\u0430 \u043b\u0443\u0447\u0448\u0438\u0445 \u043a\u0443\u0440\u043e\u0440\u0442\u0430\u0445 \u043c\u0438\u0440\u0430\",\"publisher\":{\"@id\":\"https:\\\/\\\/skyline-gs.com\\\/it\\\/#organization\"},\"alternateName\":\"Skyline\",\"potentialAction\":[{\"@type\":\"SearchAction\",\"target\":{\"@type\":\"EntryPoint\",\"urlTemplate\":\"https:\\\/\\\/skyline-gs.com\\\/it\\\/?s={search_term_string}\"},\"query-input\":{\"@type\":\"PropertyValueSpecification\",\"valueRequired\":true,\"valueName\":\"search_term_string\"}}],\"inLanguage\":\"pl-PL\"},{\"@type\":\"Organization\",\"@id\":\"https:\\\/\\\/skyline-gs.com\\\/it\\\/#organization\",\"name\":\"\u042d\u043a\u0441\u043a\u0443\u0440\u0441\u0438\u0438 Skyline\",\"alternateName\":\"\u042d\u043a\u0441\u043a\u0443\u0440\u0441\u0438\u0438 Skyline\",\"url\":\"https:\\\/\\\/skyline-gs.com\\\/it\\\/\",\"logo\":{\"@type\":\"ImageObject\",\"inLanguage\":\"pl-PL\",\"@id\":\"https:\\\/\\\/skyline-gs.com\\\/it\\\/#\\\/schema\\\/logo\\\/image\\\/\",\"url\":\"https:\\\/\\\/skyline-gs.com\\\/wp-content\\\/uploads\\\/2020\\\/12\\\/cropped-logo-2.png\",\"contentUrl\":\"https:\\\/\\\/skyline-gs.com\\\/wp-content\\\/uploads\\\/2020\\\/12\\\/cropped-logo-2.png\",\"width\":512,\"height\":512,\"caption\":\"\u042d\u043a\u0441\u043a\u0443\u0440\u0441\u0438\u0438 Skyline\"},\"image\":{\"@id\":\"https:\\\/\\\/skyline-gs.com\\\/it\\\/#\\\/schema\\\/logo\\\/image\\\/\"},\"sameAs\":[\"https:\\\/\\\/www.instagram.com\\\/skylineglobalservice\\\/\"]}]}<\/script>\n<!-- \/ Yoast SEO plugin. -->","yoast_head_json":{"title":"\u042d\u043b\u044c \u041c\u0438\u043d\u044c\u044f. \u041c\u0430\u0433\u0438\u044f \u0424\u0430\u0440\u0430\u043e\u043d\u043e\u0432 &#8226; \u042d\u043a\u0441\u043a\u0443\u0440\u0441\u0438\u0438 Skyline","robots":{"index":"index","follow":"follow","max-snippet":"max-snippet:-1","max-image-preview":"max-image-preview:large","max-video-preview":"max-video-preview:-1"},"canonical":"https:\/\/skyline-gs.com\/pl\/produkt\/el-minya-pharaonic-magic-cairo\/","og_locale":"pl_PL","og_type":"article","og_title":"\u042d\u043b\u044c \u041c\u0438\u043d\u044c\u044f. \u041c\u0430\u0433\u0438\u044f \u0424\u0430\u0440\u0430\u043e\u043d\u043e\u0432 &#8226; \u042d\u043a\u0441\u043a\u0443\u0440\u0441\u0438\u0438 Skyline","og_description":"\u0412\u0440\u0435\u043c\u044f \u0442\u0443\u0440\u0430: 6:00 - 21:00  \u0414\u043d\u0438 \u043f\u0440\u043e\u0432\u0435\u0434\u0435\u043d\u0438\u044f: \u0432\u0442\u043e\u0440\u043d\u0438\u043a, \u0447\u0435\u0442\u0432\u0435\u0440\u0433 \u0438 \u0441\u0443\u0431\u0431\u043e\u0442\u0430","og_url":"https:\/\/skyline-gs.com\/pl\/produkt\/el-minya-pharaonic-magic-cairo\/","og_site_name":"\u042d\u043a\u0441\u043a\u0443\u0440\u0441\u0438\u0438 Skyline","article_modified_time":"2024-01-24T12:40:59+00:00","og_image":[{"width":669,"height":446,"url":"https:\/\/skyline-gs.com\/wp-content\/uploads\/2021\/09\/46.jpg","type":"image\/jpeg"}],"twitter_card":"summary_large_image","twitter_misc":{"Szacowany czas czytania":"2 minuty"},"schema":{"@context":"https:\/\/schema.org","@graph":[{"@type":"WebPage","@id":"https:\/\/skyline-gs.com\/product\/el-minya-pharaonic-magic-cairo\/","url":"https:\/\/skyline-gs.com\/product\/el-minya-pharaonic-magic-cairo\/","name":"\u042d\u043b\u044c \u041c\u0438\u043d\u044c\u044f. \u041c\u0430\u0433\u0438\u044f \u0424\u0430\u0440\u0430\u043e\u043d\u043e\u0432 &#8226; \u042d\u043a\u0441\u043a\u0443\u0440\u0441\u0438\u0438 Skyline","isPartOf":{"@id":"https:\/\/skyline-gs.com\/it\/#website"},"primaryImageOfPage":{"@id":"https:\/\/skyline-gs.com\/product\/el-minya-pharaonic-magic-cairo\/#primaryimage"},"image":{"@id":"https:\/\/skyline-gs.com\/product\/el-minya-pharaonic-magic-cairo\/#primaryimage"},"thumbnailUrl":"https:\/\/skyline-gs.com\/wp-content\/uploads\/2021\/09\/46.jpg","datePublished":"2021-09-16T13:56:09+00:00","dateModified":"2024-01-24T12:40:59+00:00","breadcrumb":{"@id":"https:\/\/skyline-gs.com\/product\/el-minya-pharaonic-magic-cairo\/#breadcrumb"},"inLanguage":"pl-PL","potentialAction":[{"@type":"ReadAction","target":["https:\/\/skyline-gs.com\/product\/el-minya-pharaonic-magic-cairo\/"]}]},{"@type":"ImageObject","inLanguage":"pl-PL","@id":"https:\/\/skyline-gs.com\/product\/el-minya-pharaonic-magic-cairo\/#primaryimage","url":"https:\/\/skyline-gs.com\/wp-content\/uploads\/2021\/09\/46.jpg","contentUrl":"https:\/\/skyline-gs.com\/wp-content\/uploads\/2021\/09\/46.jpg","width":669,"height":446},{"@type":"BreadcrumbList","@id":"https:\/\/skyline-gs.com\/product\/el-minya-pharaonic-magic-cairo\/#breadcrumb","itemListElement":[{"@type":"ListItem","position":1,"name":"\u0413\u043b\u0430\u0432\u043d\u0430\u044f \u0441\u0442\u0440\u0430\u043d\u0438\u0446\u0430","item":"https:\/\/skyline-gs.com\/hu\/"},{"@type":"ListItem","position":2,"name":"\u041c\u0430\u0433\u0430\u0437\u0438\u043d","item":"https:\/\/skyline-gs.com\/cs\/shop\/"},{"@type":"ListItem","position":3,"name":"\u042d\u043b\u044c \u041c\u0438\u043d\u044c\u044f. \u041c\u0430\u0433\u0438\u044f \u0424\u0430\u0440\u0430\u043e\u043d\u043e\u0432"}]},{"@type":"WebSite","@id":"https:\/\/skyline-gs.com\/it\/#website","url":"https:\/\/skyline-gs.com\/it\/","name":"Wycieczki Skyline","description":"Ekskluzywne wycieczki do najlepszych kurort\u00f3w na \u015bwiecie","publisher":{"@id":"https:\/\/skyline-gs.com\/it\/#organization"},"alternateName":"Skyline","potentialAction":[{"@type":"SearchAction","target":{"@type":"EntryPoint","urlTemplate":"https:\/\/skyline-gs.com\/it\/?s={search_term_string}"},"query-input":{"@type":"PropertyValueSpecification","valueRequired":true,"valueName":"search_term_string"}}],"inLanguage":"pl-PL"},{"@type":"Organization","@id":"https:\/\/skyline-gs.com\/it\/#organization","name":"Wycieczki Skyline","alternateName":"\u042d\u043a\u0441\u043a\u0443\u0440\u0441\u0438\u0438 Skyline","url":"https:\/\/skyline-gs.com\/it\/","logo":{"@type":"ImageObject","inLanguage":"pl-PL","@id":"https:\/\/skyline-gs.com\/it\/#\/schema\/logo\/image\/","url":"https:\/\/skyline-gs.com\/wp-content\/uploads\/2020\/12\/cropped-logo-2.png","contentUrl":"https:\/\/skyline-gs.com\/wp-content\/uploads\/2020\/12\/cropped-logo-2.png","width":512,"height":512,"caption":"\u042d\u043a\u0441\u043a\u0443\u0440\u0441\u0438\u0438 Skyline"},"image":{"@id":"https:\/\/skyline-gs.com\/it\/#\/schema\/logo\/image\/"},"sameAs":["https:\/\/www.instagram.com\/skylineglobalservice\/"]}]}},"_links":{"self":[{"href":"https:\/\/skyline-gs.com\/pl\/wp-json\/wp\/v2\/product\/31282","targetHints":{"allow":["GET"]}}],"collection":[{"href":"https:\/\/skyline-gs.com\/pl\/wp-json\/wp\/v2\/product"}],"about":[{"href":"https:\/\/skyline-gs.com\/pl\/wp-json\/wp\/v2\/types\/product"}],"version-history":[{"count":0,"href":"https:\/\/skyline-gs.com\/pl\/wp-json\/wp\/v2\/product\/31282\/revisions"}],"wp:featuredmedia":[{"embeddable":true,"href":"https:\/\/skyline-gs.com\/pl\/wp-json\/wp\/v2\/media\/31482"}],"wp:attachment":[{"href":"https:\/\/skyline-gs.com\/pl\/wp-json\/wp\/v2\/media?parent=31282"}],"wp:term":[{"taxonomy":"product_brand","embeddable":true,"href":"https:\/\/skyline-gs.com\/pl\/wp-json\/wp\/v2\/product_brand?post=31282"},{"taxonomy":"product_cat","embeddable":true,"href":"https:\/\/skyline-gs.com\/pl\/wp-json\/wp\/v2\/product_cat?post=31282"},{"taxonomy":"product_tag","embeddable":true,"href":"https:\/\/skyline-gs.com\/pl\/wp-json\/wp\/v2\/product_tag?post=31282"}],"curies":[{"name":"wp","href":"https:\/\/api.w.org\/{rel}","templated":true}]}}