{"id":30984,"date":"2021-09-08T15:03:11","date_gmt":"2021-09-08T13:03:11","guid":{"rendered":"http:\/\/skyline-gs.com\/?post_type=product&#038;p=30984"},"modified":"2025-12-10T14:09:28","modified_gmt":"2025-12-10T12:09:28","slug":"super-safari-sharm-2","status":"publish","type":"product","link":"https:\/\/skyline-gs.com\/pl\/product\/super-safari-sharm\/","title":{"rendered":"Super safari: quady, wielb\u0142\u0105dy i kolacja z orientalnym pokazem"},"content":{"rendered":"<p>Zanurz si\u0119 w atmosferze prawdziwej orientalnej ba\u015bni! Czeka na Ciebie zapieraj\u0105ce dech w piersiach safari przez pustyni\u0119 Synaj, niesamowite krajobrazy, wieczorna och\u0142oda, kolacja pod milionem gwiazd i barwne orientalne show. Zobaczysz \u017cycie nomad\u00f3w, przejedziesz pustynne szlaki na quadzie, poje\u017adzisz na wielb\u0142\u0105dach i b\u0119dziesz podziwia\u0107 majestatyczne g\u00f3ry doliny Al Khrum.<\/p>\n<p data-start=\"516\" data-end=\"641\"><strong data-start=\"516\" data-end=\"543\">15:30 - wymeldowanie z hotelu. <\/strong>Odbierzemy Ci\u0119 przy g\u0142\u00f3wnym wej\u015bciu do hotelu (w pobli\u017cu szlabanu) o okre\u015blonej godzinie.<\/p>\n<ul>\n<li data-start=\"643\" data-end=\"1021\"><strong data-start=\"643\" data-end=\"693\">Centrum Quadro - odprawa i pocz\u0105tek przygody. <\/strong>Kr\u00f3tka, ale jasna odprawa na temat obs\u0142ugi quada i ruszasz! B\u0119dziesz mia\u0142 ekscytuj\u0105c\u0105 1-godzinn\u0105 przeja\u017cd\u017ck\u0119 przez pustyni\u0119 Synaj. Po drodze - przystanki w najbardziej malowniczych miejscach na zdj\u0119cia, kt\u00f3re zostan\u0105 zasugerowane przez towarzysz\u0105cego przewodnika. Na jednym z przystank\u00f3w us\u0142yszysz, jak pustynia odbija echem twoje g\u0142osy.<\/li>\n<li data-start=\"1023\" data-end=\"1237\"><strong data-start=\"1023\" data-end=\"1061\">Bedui\u0144ska wioska i bedui\u0144ska herbata. <\/strong>U podn\u00f3\u017ca g\u00f3r doliny Al Khrum powitaj\u0105 Ci\u0119 autentyczni Beduini. Do\u015bwiadcz ich go\u015bcinno\u015bci i skosztuj aromatycznej bedui\u0144skiej herbaty przygotowanej wed\u0142ug tradycyjnej receptury.<\/li>\n<li data-start=\"1023\" data-end=\"1237\"><strong data-start=\"1239\" data-end=\"1264\">Jazda na wielb\u0142\u0105dzie. <\/strong>Przeja\u017cd\u017cka \u00abstatkami pustyni\u00bb pozwoli poczu\u0107 atmosfer\u0119 prawdziwego \u017cycia nomad\u00f3w. Wspania\u0142a sceneria Synaju stanowi idealne t\u0142o dla kolorowych zdj\u0119\u0107.<\/li>\n<li data-start=\"1023\" data-end=\"1237\"><strong data-start=\"1421\" data-end=\"1465\">Kolacja pod gwiazdami i orientalny pokaz. <\/strong>Na go\u015bci czeka kolacja w bedui\u0144skim stylu z narodowymi potrawami i napojami bezalkoholowymi. Wiecz\u00f3r b\u0119dzie kontynuowany kolorowym pokazem folklorystycznym: taniec Tanura, fakirzy i s\u0142ynny taniec brzucha zanurz\u0105 Ci\u0119 w magii arabskiego Wschodu.<\/li>\n<li data-start=\"1023\" data-end=\"1237\"><strong data-start=\"1713\" data-end=\"1752\">Powr\u00f3t do centrum quad\u00f3w i hotelu. <\/strong>Po pokazie wr\u00f3cisz quadami do centrum, a nast\u0119pnie transfer zabierze Ci\u0119 z powrotem do hotelu.<\/li>\n<\/ul>\n<p><strong>19:30 - Powr\u00f3t do hotelu.<\/strong><\/p>\n<p><strong>W zestawie:<\/strong><\/p>\n<ul>\n<li>Transfery z i do hotelu<\/li>\n<li>Rosyjskoj\u0119zyczny przewodnik<\/li>\n<li>Safari quadami - 1 godzina<\/li>\n<li>Jazda na wielb\u0142\u0105dzie<\/li>\n<li>Kolacja z daniami kuchni narodowej<\/li>\n<li>Program pokazowy (taniec tanoura, pokaz fakira, taniec brzucha)<\/li>\n<\/ul>\n<p><strong>Brak w zestawie:<\/strong><\/p>\n<ul>\n<li>Napoje podczas kolacji<\/li>\n<\/ul>\n<p><strong>Zabierz go ze sob\u0105:<\/strong><\/p>\n<ul>\n<li>Okulary przeciws\u0142oneczne<\/li>\n<li>Pieni\u0105dze na wydatki osobiste<\/li>\n<li>Wygodne buty, buty sportowe<\/li>\n<li>Arafatka do ochrony twarzy przed piaskiem (je\u015bli nie masz w\u0142asnej, mo\u017cesz j\u0105 kupi\u0107 na miejscu)<\/li>\n<\/ul>","protected":false},"excerpt":{"rendered":"<p><strong>Czas wycieczki:<\/strong> 15:30 \u2014 19:30<br \/>\n<strong>Holding Days:<\/strong> Ka\u017cdego dnia.<\/p>","protected":false},"featured_media":50738,"template":"","meta":{"_kad_post_transparent":"default","_kad_post_title":"","_kad_post_layout":"default","_kad_post_sidebar_id":"","_kad_post_content_style":"default","_kad_post_vertical_padding":"default","_kad_post_feature":"","_kad_post_feature_position":"","_kad_post_header":false,"_kad_post_footer":false,"_kad_post_classname":"","_glsr_average":0,"_glsr_ranking":0,"_glsr_reviews":0},"product_brand":[],"product_cat":[435],"product_tag":[],"class_list":{"0":"post-30984","1":"product","2":"type-product","3":"status-publish","4":"has-post-thumbnail","6":"product_cat-sharm-el-sheikh","7":"tm-has-options","9":"first","10":"instock","11":"sold-individually","12":"taxable","13":"shipping-taxable","14":"purchasable","15":"product-type-simple","16":"entry","17":"content-bg","18":"loop-entry"},"yoast_head":"<!-- This site is optimized with the Yoast SEO plugin v27.4 - https:\/\/yoast.com\/product\/yoast-seo-wordpress\/ -->\n<title>\u0421\u0443\u043f\u0435\u0440 \u0441\u0430\u0444\u0430\u0440\u0438: \u043a\u0432\u0430\u0434\u0440\u043e\u0446\u0438\u043a\u043b\u044b, \u0432\u0435\u0440\u0431\u043b\u044e\u0434\u044b \u0438 \u0443\u0436\u0438\u043d \u0441 \u0432\u043e\u0441\u0442\u043e\u0447\u043d\u044b\u043c \u0448\u043e\u0443 &#8226; \u042d\u043a\u0441\u043a\u0443\u0440\u0441\u0438\u0438 Skyline<\/title>\n<meta name=\"robots\" content=\"index, follow, max-snippet:-1, max-image-preview:large, max-video-preview:-1\" \/>\n<link rel=\"canonical\" href=\"https:\/\/skyline-gs.com\/pl\/produkt\/super-safari-sharm-2\/\" \/>\n<meta property=\"og:locale\" content=\"pl_PL\" \/>\n<meta property=\"og:type\" content=\"article\" \/>\n<meta property=\"og:title\" content=\"\u0421\u0443\u043f\u0435\u0440 \u0441\u0430\u0444\u0430\u0440\u0438: \u043a\u0432\u0430\u0434\u0440\u043e\u0446\u0438\u043a\u043b\u044b, \u0432\u0435\u0440\u0431\u043b\u044e\u0434\u044b \u0438 \u0443\u0436\u0438\u043d \u0441 \u0432\u043e\u0441\u0442\u043e\u0447\u043d\u044b\u043c \u0448\u043e\u0443 &#8226; \u042d\u043a\u0441\u043a\u0443\u0440\u0441\u0438\u0438 Skyline\" \/>\n<meta property=\"og:description\" content=\"\u0412\u0440\u0435\u043c\u044f \u0442\u0443\u0440\u0430: 15:30 \u2014 19:30 \u0414\u043d\u0438 \u043f\u0440\u043e\u0432\u0435\u0434\u0435\u043d\u0438\u044f: \u041a\u0430\u0436\u0434\u044b\u0439 \u0434\u0435\u043d\u044c\" \/>\n<meta property=\"og:url\" content=\"https:\/\/skyline-gs.com\/pl\/produkt\/super-safari-sharm-2\/\" \/>\n<meta property=\"og:site_name\" content=\"\u042d\u043a\u0441\u043a\u0443\u0440\u0441\u0438\u0438 Skyline\" \/>\n<meta property=\"article:modified_time\" content=\"2025-12-10T12:09:28+00:00\" \/>\n<meta property=\"og:image\" content=\"https:\/\/skyline-gs.com\/wp-content\/uploads\/2021\/09\/145-28.jpg\" \/>\n\t<meta property=\"og:image:width\" content=\"855\" \/>\n\t<meta property=\"og:image:height\" content=\"640\" \/>\n\t<meta property=\"og:image:type\" content=\"image\/jpeg\" \/>\n<meta name=\"twitter:card\" content=\"summary_large_image\" \/>\n<meta name=\"twitter:label1\" content=\"Szacowany czas czytania\" \/>\n\t<meta name=\"twitter:data1\" content=\"2 minuty\" \/>\n<script type=\"application\/ld+json\" class=\"yoast-schema-graph\">{\"@context\":\"https:\\\/\\\/schema.org\",\"@graph\":[{\"@type\":\"WebPage\",\"@id\":\"https:\\\/\\\/skyline-gs.com\\\/product\\\/super-safari-sharm\\\/\",\"url\":\"https:\\\/\\\/skyline-gs.com\\\/product\\\/super-safari-sharm\\\/\",\"name\":\"\u0421\u0443\u043f\u0435\u0440 \u0441\u0430\u0444\u0430\u0440\u0438: \u043a\u0432\u0430\u0434\u0440\u043e\u0446\u0438\u043a\u043b\u044b, \u0432\u0435\u0440\u0431\u043b\u044e\u0434\u044b \u0438 \u0443\u0436\u0438\u043d \u0441 \u0432\u043e\u0441\u0442\u043e\u0447\u043d\u044b\u043c \u0448\u043e\u0443 &#8226; \u042d\u043a\u0441\u043a\u0443\u0440\u0441\u0438\u0438 Skyline\",\"isPartOf\":{\"@id\":\"https:\\\/\\\/skyline-gs.com\\\/it\\\/#website\"},\"primaryImageOfPage\":{\"@id\":\"https:\\\/\\\/skyline-gs.com\\\/product\\\/super-safari-sharm\\\/#primaryimage\"},\"image\":{\"@id\":\"https:\\\/\\\/skyline-gs.com\\\/product\\\/super-safari-sharm\\\/#primaryimage\"},\"thumbnailUrl\":\"https:\\\/\\\/skyline-gs.com\\\/wp-content\\\/uploads\\\/2021\\\/09\\\/145-28.jpg\",\"datePublished\":\"2021-09-08T13:03:11+00:00\",\"dateModified\":\"2025-12-10T12:09:28+00:00\",\"breadcrumb\":{\"@id\":\"https:\\\/\\\/skyline-gs.com\\\/product\\\/super-safari-sharm\\\/#breadcrumb\"},\"inLanguage\":\"pl-PL\",\"potentialAction\":[{\"@type\":\"ReadAction\",\"target\":[\"https:\\\/\\\/skyline-gs.com\\\/product\\\/super-safari-sharm\\\/\"]}]},{\"@type\":\"ImageObject\",\"inLanguage\":\"pl-PL\",\"@id\":\"https:\\\/\\\/skyline-gs.com\\\/product\\\/super-safari-sharm\\\/#primaryimage\",\"url\":\"https:\\\/\\\/skyline-gs.com\\\/wp-content\\\/uploads\\\/2021\\\/09\\\/145-28.jpg\",\"contentUrl\":\"https:\\\/\\\/skyline-gs.com\\\/wp-content\\\/uploads\\\/2021\\\/09\\\/145-28.jpg\",\"width\":855,\"height\":640},{\"@type\":\"BreadcrumbList\",\"@id\":\"https:\\\/\\\/skyline-gs.com\\\/product\\\/super-safari-sharm\\\/#breadcrumb\",\"itemListElement\":[{\"@type\":\"ListItem\",\"position\":1,\"name\":\"\u0413\u043b\u0430\u0432\u043d\u0430\u044f \u0441\u0442\u0440\u0430\u043d\u0438\u0446\u0430\",\"item\":\"https:\\\/\\\/skyline-gs.com\\\/hu\\\/\"},{\"@type\":\"ListItem\",\"position\":2,\"name\":\"\u041c\u0430\u0433\u0430\u0437\u0438\u043d\",\"item\":\"https:\\\/\\\/skyline-gs.com\\\/cs\\\/shop\\\/\"},{\"@type\":\"ListItem\",\"position\":3,\"name\":\"\u0421\u0443\u043f\u0435\u0440 \u0441\u0430\u0444\u0430\u0440\u0438: \u043a\u0432\u0430\u0434\u0440\u043e\u0446\u0438\u043a\u043b\u044b, \u0432\u0435\u0440\u0431\u043b\u044e\u0434\u044b \u0438 \u0443\u0436\u0438\u043d \u0441 \u0432\u043e\u0441\u0442\u043e\u0447\u043d\u044b\u043c \u0448\u043e\u0443\"}]},{\"@type\":\"WebSite\",\"@id\":\"https:\\\/\\\/skyline-gs.com\\\/it\\\/#website\",\"url\":\"https:\\\/\\\/skyline-gs.com\\\/it\\\/\",\"name\":\"\u042d\u043a\u0441\u043a\u0443\u0440\u0441\u0438\u0438 Skyline\",\"description\":\"\u042d\u043a\u0441\u043a\u043b\u044e\u0437\u0438\u0432\u043d\u044b\u0435 \u044d\u043a\u0441\u043a\u0443\u0440\u0441\u0438\u0438 \u043d\u0430 \u043b\u0443\u0447\u0448\u0438\u0445 \u043a\u0443\u0440\u043e\u0440\u0442\u0430\u0445 \u043c\u0438\u0440\u0430\",\"publisher\":{\"@id\":\"https:\\\/\\\/skyline-gs.com\\\/it\\\/#organization\"},\"alternateName\":\"Skyline\",\"potentialAction\":[{\"@type\":\"SearchAction\",\"target\":{\"@type\":\"EntryPoint\",\"urlTemplate\":\"https:\\\/\\\/skyline-gs.com\\\/it\\\/?s={search_term_string}\"},\"query-input\":{\"@type\":\"PropertyValueSpecification\",\"valueRequired\":true,\"valueName\":\"search_term_string\"}}],\"inLanguage\":\"pl-PL\"},{\"@type\":\"Organization\",\"@id\":\"https:\\\/\\\/skyline-gs.com\\\/it\\\/#organization\",\"name\":\"\u042d\u043a\u0441\u043a\u0443\u0440\u0441\u0438\u0438 Skyline\",\"alternateName\":\"\u042d\u043a\u0441\u043a\u0443\u0440\u0441\u0438\u0438 Skyline\",\"url\":\"https:\\\/\\\/skyline-gs.com\\\/it\\\/\",\"logo\":{\"@type\":\"ImageObject\",\"inLanguage\":\"pl-PL\",\"@id\":\"https:\\\/\\\/skyline-gs.com\\\/it\\\/#\\\/schema\\\/logo\\\/image\\\/\",\"url\":\"https:\\\/\\\/skyline-gs.com\\\/wp-content\\\/uploads\\\/2020\\\/12\\\/cropped-logo-2.png\",\"contentUrl\":\"https:\\\/\\\/skyline-gs.com\\\/wp-content\\\/uploads\\\/2020\\\/12\\\/cropped-logo-2.png\",\"width\":512,\"height\":512,\"caption\":\"\u042d\u043a\u0441\u043a\u0443\u0440\u0441\u0438\u0438 Skyline\"},\"image\":{\"@id\":\"https:\\\/\\\/skyline-gs.com\\\/it\\\/#\\\/schema\\\/logo\\\/image\\\/\"},\"sameAs\":[\"https:\\\/\\\/www.instagram.com\\\/skylineglobalservice\\\/\"]}]}<\/script>\n<!-- \/ Yoast SEO plugin. -->","yoast_head_json":{"title":"Super safari: quady, wielb\u0142\u0105dy i kolacja z orientalnym pokazem - Skyline Excursions","robots":{"index":"index","follow":"follow","max-snippet":"max-snippet:-1","max-image-preview":"max-image-preview:large","max-video-preview":"max-video-preview:-1"},"canonical":"https:\/\/skyline-gs.com\/pl\/produkt\/super-safari-sharm-2\/","og_locale":"pl_PL","og_type":"article","og_title":"\u0421\u0443\u043f\u0435\u0440 \u0441\u0430\u0444\u0430\u0440\u0438: \u043a\u0432\u0430\u0434\u0440\u043e\u0446\u0438\u043a\u043b\u044b, \u0432\u0435\u0440\u0431\u043b\u044e\u0434\u044b \u0438 \u0443\u0436\u0438\u043d \u0441 \u0432\u043e\u0441\u0442\u043e\u0447\u043d\u044b\u043c \u0448\u043e\u0443 &#8226; \u042d\u043a\u0441\u043a\u0443\u0440\u0441\u0438\u0438 Skyline","og_description":"\u0412\u0440\u0435\u043c\u044f \u0442\u0443\u0440\u0430: 15:30 \u2014 19:30 \u0414\u043d\u0438 \u043f\u0440\u043e\u0432\u0435\u0434\u0435\u043d\u0438\u044f: \u041a\u0430\u0436\u0434\u044b\u0439 \u0434\u0435\u043d\u044c","og_url":"https:\/\/skyline-gs.com\/pl\/produkt\/super-safari-sharm-2\/","og_site_name":"\u042d\u043a\u0441\u043a\u0443\u0440\u0441\u0438\u0438 Skyline","article_modified_time":"2025-12-10T12:09:28+00:00","og_image":[{"width":855,"height":640,"url":"https:\/\/skyline-gs.com\/wp-content\/uploads\/2021\/09\/145-28.jpg","type":"image\/jpeg"}],"twitter_card":"summary_large_image","twitter_misc":{"Szacowany czas czytania":"2 minuty"},"schema":{"@context":"https:\/\/schema.org","@graph":[{"@type":"WebPage","@id":"https:\/\/skyline-gs.com\/product\/super-safari-sharm\/","url":"https:\/\/skyline-gs.com\/product\/super-safari-sharm\/","name":"Super safari: quady, wielb\u0142\u0105dy i kolacja z orientalnym pokazem - Skyline Excursions","isPartOf":{"@id":"https:\/\/skyline-gs.com\/it\/#website"},"primaryImageOfPage":{"@id":"https:\/\/skyline-gs.com\/product\/super-safari-sharm\/#primaryimage"},"image":{"@id":"https:\/\/skyline-gs.com\/product\/super-safari-sharm\/#primaryimage"},"thumbnailUrl":"https:\/\/skyline-gs.com\/wp-content\/uploads\/2021\/09\/145-28.jpg","datePublished":"2021-09-08T13:03:11+00:00","dateModified":"2025-12-10T12:09:28+00:00","breadcrumb":{"@id":"https:\/\/skyline-gs.com\/product\/super-safari-sharm\/#breadcrumb"},"inLanguage":"pl-PL","potentialAction":[{"@type":"ReadAction","target":["https:\/\/skyline-gs.com\/product\/super-safari-sharm\/"]}]},{"@type":"ImageObject","inLanguage":"pl-PL","@id":"https:\/\/skyline-gs.com\/product\/super-safari-sharm\/#primaryimage","url":"https:\/\/skyline-gs.com\/wp-content\/uploads\/2021\/09\/145-28.jpg","contentUrl":"https:\/\/skyline-gs.com\/wp-content\/uploads\/2021\/09\/145-28.jpg","width":855,"height":640},{"@type":"BreadcrumbList","@id":"https:\/\/skyline-gs.com\/product\/super-safari-sharm\/#breadcrumb","itemListElement":[{"@type":"ListItem","position":1,"name":"\u0413\u043b\u0430\u0432\u043d\u0430\u044f \u0441\u0442\u0440\u0430\u043d\u0438\u0446\u0430","item":"https:\/\/skyline-gs.com\/hu\/"},{"@type":"ListItem","position":2,"name":"\u041c\u0430\u0433\u0430\u0437\u0438\u043d","item":"https:\/\/skyline-gs.com\/cs\/shop\/"},{"@type":"ListItem","position":3,"name":"\u0421\u0443\u043f\u0435\u0440 \u0441\u0430\u0444\u0430\u0440\u0438: \u043a\u0432\u0430\u0434\u0440\u043e\u0446\u0438\u043a\u043b\u044b, \u0432\u0435\u0440\u0431\u043b\u044e\u0434\u044b \u0438 \u0443\u0436\u0438\u043d \u0441 \u0432\u043e\u0441\u0442\u043e\u0447\u043d\u044b\u043c \u0448\u043e\u0443"}]},{"@type":"WebSite","@id":"https:\/\/skyline-gs.com\/it\/#website","url":"https:\/\/skyline-gs.com\/it\/","name":"Wycieczki Skyline","description":"Ekskluzywne wycieczki do najlepszych kurort\u00f3w na \u015bwiecie","publisher":{"@id":"https:\/\/skyline-gs.com\/it\/#organization"},"alternateName":"Skyline","potentialAction":[{"@type":"SearchAction","target":{"@type":"EntryPoint","urlTemplate":"https:\/\/skyline-gs.com\/it\/?s={search_term_string}"},"query-input":{"@type":"PropertyValueSpecification","valueRequired":true,"valueName":"search_term_string"}}],"inLanguage":"pl-PL"},{"@type":"Organization","@id":"https:\/\/skyline-gs.com\/it\/#organization","name":"Wycieczki Skyline","alternateName":"\u042d\u043a\u0441\u043a\u0443\u0440\u0441\u0438\u0438 Skyline","url":"https:\/\/skyline-gs.com\/it\/","logo":{"@type":"ImageObject","inLanguage":"pl-PL","@id":"https:\/\/skyline-gs.com\/it\/#\/schema\/logo\/image\/","url":"https:\/\/skyline-gs.com\/wp-content\/uploads\/2020\/12\/cropped-logo-2.png","contentUrl":"https:\/\/skyline-gs.com\/wp-content\/uploads\/2020\/12\/cropped-logo-2.png","width":512,"height":512,"caption":"\u042d\u043a\u0441\u043a\u0443\u0440\u0441\u0438\u0438 Skyline"},"image":{"@id":"https:\/\/skyline-gs.com\/it\/#\/schema\/logo\/image\/"},"sameAs":["https:\/\/www.instagram.com\/skylineglobalservice\/"]}]}},"_links":{"self":[{"href":"https:\/\/skyline-gs.com\/pl\/wp-json\/wp\/v2\/product\/30984","targetHints":{"allow":["GET"]}}],"collection":[{"href":"https:\/\/skyline-gs.com\/pl\/wp-json\/wp\/v2\/product"}],"about":[{"href":"https:\/\/skyline-gs.com\/pl\/wp-json\/wp\/v2\/types\/product"}],"version-history":[{"count":0,"href":"https:\/\/skyline-gs.com\/pl\/wp-json\/wp\/v2\/product\/30984\/revisions"}],"wp:featuredmedia":[{"embeddable":true,"href":"https:\/\/skyline-gs.com\/pl\/wp-json\/wp\/v2\/media\/50738"}],"wp:attachment":[{"href":"https:\/\/skyline-gs.com\/pl\/wp-json\/wp\/v2\/media?parent=30984"}],"wp:term":[{"taxonomy":"product_brand","embeddable":true,"href":"https:\/\/skyline-gs.com\/pl\/wp-json\/wp\/v2\/product_brand?post=30984"},{"taxonomy":"product_cat","embeddable":true,"href":"https:\/\/skyline-gs.com\/pl\/wp-json\/wp\/v2\/product_cat?post=30984"},{"taxonomy":"product_tag","embeddable":true,"href":"https:\/\/skyline-gs.com\/pl\/wp-json\/wp\/v2\/product_tag?post=30984"}],"curies":[{"name":"wp","href":"https:\/\/api.w.org\/{rel}","templated":true}]}}