{"id":29917,"date":"2021-08-24T13:35:40","date_gmt":"2021-08-24T11:35:40","guid":{"rendered":"http:\/\/skyline-gs.com\/?post_type=product&#038;p=29917"},"modified":"2026-03-27T02:22:57","modified_gmt":"2026-03-27T00:22:57","slug":"cairo-and-alexandria-2-days-sharm","status":"publish","type":"product","link":"https:\/\/skyline-gs.com\/pl\/product\/cairo-and-alexandria-2-days-sharm\/","title":{"rendered":"Kair i Aleksandria 2 dni"},"content":{"rendered":"<p>Wycieczka do Kairu i Aleksandrii na 2 dni to wyj\u0105tkowa okazja, aby odkry\u0107 wschodnie serce Egiptu i zabra\u0107 ze sob\u0105 niezapomniane wra\u017cenia. Ta wycieczka \u0142\u0105czy w sobie wizyt\u0119 w dw\u00f3ch stolicach Egiptu: dzisiejszym Kairze i Aleksandrii tysi\u0105ce lat temu. Oba miasta posiadaj\u0105 artefakty znajduj\u0105ce si\u0119 na li\u015bcie 7 cud\u00f3w \u015bwiata.<\/p>\n<p><strong>Dzie\u0144 1<\/strong><\/p>\n<p>Transfer odbierze Ci\u0119 z hotelu oko\u0142o godziny 1:00 i dalej z Sharm do Kairu, podr\u00f3\u017cujesz wygodnym autobusem z klimatyzacj\u0105, toalet\u0105 i wygodnymi siedzeniami, z eskort\u0105, ochroniarzem (przedstawicielem policji turystycznej) podr\u00f3\u017cuj\u0105cym z Tob\u0105. Podr\u00f3\u017c potrwa oko\u0142o 5-6 godzin.<\/p>\n<p>Rosyjskoj\u0119zyczny przewodnik spotka si\u0119 z Tob\u0105 w Kairze, a Twoja wycieczka rozpocznie si\u0119 od wizyty w Narodowym Muzeum Staro\u017cytnego Egiptu - kt\u00f3re jest bezkonkurencyjnym opiekunem najwi\u0119kszej kolekcji archeologicznej na \u015bwiecie. Muzeum posiada oko\u0142o 160 000 artefakt\u00f3w, w tym zawarto\u015b\u0107 grobowca Tutanchamona i mumie. Rejs po Nilu - 40 minut na relaks i fantastyczne zdj\u0119cia z dala od zgie\u0142ku miasta na \u017cagl\u00f3wce Feluke na Nilu (opcjonalnie, za dodatkow\u0105 op\u0142at\u0105 10$). Lunch w panoramicznym miejscu w restauracji nad brzegiem Nilu (bufet). Nast\u0119pnie zobaczysz g\u0142\u00f3wn\u0105 atrakcj\u0119 Kairu, kompleks piramid w Gizie i Sfinksa. Sk\u0142ada si\u0119 on z: jedynego istniej\u0105cego z siedmiu cud\u00f3w staro\u017cytnego \u015bwiata - Piramidy Khufu, Piramidy Khafra i Piramidy Menkaure. Pos\u0105g Wielkiego Sfinksa - po\u0142o\u017cony na wsch\u00f3d od Piramidy Chefrena, zwr\u00f3cony jest w stron\u0119 Nilu i wschodz\u0105cego S\u0142o\u0144ca. Zameldowanie w hotelu.<\/p>\n<p><strong>Dzie\u0144 2<\/strong><\/p>\n<p>Wykwaterowanie z hotelu w Kairze po \u015bniadaniu o godzinie 7.00. Przejazd do Aleksandrii przez oko\u0142o 2 godziny (200 km). Zobaczysz zabytki tego pi\u0119knego miasta, kt\u00f3re po\u0142\u0105czy\u0142o kultury z r\u00f3\u017cnych epok. Kr\u00f3lewska Biblioteka Aleksandryjska lub Staro\u017cytna Biblioteka Aleksandryjska (przegl\u0105d) by\u0142a jedn\u0105 z najwi\u0119kszych i najwa\u017cniejszych bibliotek staro\u017cytnego \u015bwiata. By\u0142a po\u015bwi\u0119cona Muzom, dziewi\u0119ciu boginiom sztuki. Patriarchat koptyjski - miejsce poch\u00f3wku wielkiego aposto\u0142a Marka. Meczet Morsi Abu el Abbas. Cytadela Kait Bai (przegl\u0105d). Uwa\u017ca si\u0119, \u017ce twierdza powsta\u0142a w miejscu jednego z siedmiu cud\u00f3w staro\u017cytnego \u015bwiata, Latarni Morskiej w Aleksandrii, a nawet wi\u0119cej - pozosta\u0142o\u015bci latarni zosta\u0142y wykorzystane do budowy. Lunch w restauracji rybnej nad Morzem \u015ar\u00f3dziemnym. Przejazd z powrotem do Sharm i ju\u017c oko\u0142o 23:00 b\u0119dziesz w swoim hotelu.<\/p>\n<p><strong>W zestawie:<\/strong><\/p>\n<ul>\n<li>Transfery z i do hotelu<\/li>\n<li>Wycieczka komfortowym, klimatyzowanym autobusem<\/li>\n<li>Rosyjskoj\u0119zyczny przewodnik<\/li>\n<li>Nocleg w hotelu<\/li>\n<li>Lunch - \u015bniadanie - obiad<\/li>\n<li>Bilety wst\u0119pu<\/li>\n<\/ul>\n<p><strong>Brak w zestawie:<\/strong><\/p>\n<ul>\n<li>\n<div>Napoje podczas lunchu<\/div>\n<\/li>\n<li>Spacer po Nilu - 10$<\/li>\n<\/ul>\n<p><strong>Zabierz go ze sob\u0105:<\/strong><\/p>\n<ul>\n<li>Paszport z egipsk\u0105 wiz\u0105!<\/li>\n<li>Pude\u0142ko na lunch (po wymeldowaniu w nocy nale\u017cy zam\u00f3wi\u0107 \u015bniadanie w recepcji hotelu, jest ono bezp\u0142atne).<\/li>\n<li>Woda<\/li>\n<li>Okulary przeciws\u0142oneczne.<\/li>\n<li>Nakrycie g\u0142owy.<\/li>\n<li>Ubierz si\u0119 odpowiednio do pory roku, a latem kurtk\u0119 lub sweter, autobus jest klimatyzowany!<\/li>\n<li>Wygodne buty.<\/li>\n<li>Pieni\u0105dze: na pami\u0105tki, napoje i wydatki osobiste.<\/li>\n<\/ul>\n<p><strong>Uwaga!<\/strong><\/p>\n<ul>\n<li>\u0414\u043b\u044f \u043f\u043e\u0435\u0437\u0434\u043a\u0438 \u0432 \u041a\u0430\u0438\u0440 \u0432 \u043f\u0430\u0441\u043f\u043e\u0440\u0442\u0435 \u0434\u043e\u043b\u0436\u043d\u0430 \u0431\u044b\u0442\u044c \u0432\u0438\u0437\u0430-\u043c\u0430\u0440\u043a\u0430 \u0441\u0442\u043e\u0438\u043c\u043e\u0441\u0442\u044c\u044e 30$, \u043a\u043e\u0442\u043e\u0440\u0430\u044f \u043e\u0444\u043e\u0440\u043c\u043b\u044f\u0435\u0442\u0441\u044f \u043f\u043e \u043f\u0440\u0438\u043b\u0451\u0442\u0443 \u0432 \u0430\u044d\u0440\u043e\u043f\u043e\u0440\u0442\u0443. \u0415\u0441\u043b\u0438 \u043f\u043e \u043a\u0430\u043a\u0438\u043c-\u0442\u043e \u043f\u0440\u0438\u0447\u0438\u043d\u0430\u043c \u0432\u0438\u0437\u0430 \u043d\u0435 \u0431\u044b\u043b\u0430 \u043f\u0440\u0438\u043e\u0431\u0440\u0435\u0442\u0435\u043d\u0430, \u043d\u0435 \u043f\u0435\u0440\u0435\u0436\u0438\u0432\u0430\u0439\u0442\u0435 \u2014 \u043c\u044b \u0432\u0441\u0451 \u043e\u0440\u0433\u0430\u043d\u0438\u0437\u0443\u0435\u043c. \u0412 \u0434\u0435\u043d\u044c \u044d\u043a\u0441\u043a\u0443\u0440\u0441\u0438\u0438 \u043a \u0432\u0430\u0448\u0435\u043c\u0443 \u043e\u0442\u0435\u043b\u044e \u043f\u0440\u0438\u0435\u0434\u0435\u0442 \u0434\u043e\u043f\u043e\u043b\u043d\u0438\u0442\u0435\u043b\u044c\u043d\u044b\u0439 \u0442\u0440\u0430\u043d\u0441\u0444\u0435\u0440, \u043a\u043e\u0442\u043e\u0440\u044b\u0439 \u0430\u043a\u043a\u0443\u0440\u0430\u0442\u043d\u043e \u0437\u0430\u0431\u0435\u0440\u0451\u0442 \u043f\u0430\u0441\u043f\u043e\u0440\u0442\u0430 \u0434\u043b\u044f \u043e\u0444\u043e\u0440\u043c\u043b\u0435\u043d\u0438\u044f \u0432\u0438\u0437\u044b. \u0423\u0436\u0435 \u0432\u043e \u0432\u0440\u0435\u043c\u044f \u044d\u043a\u0441\u043a\u0443\u0440\u0441\u0438\u0438 \u043f\u0430\u0441\u043f\u043e\u0440\u0442\u0430 \u0431\u0443\u0434\u0443\u0442 \u0432\u043e\u0437\u0432\u0440\u0430\u0449\u0435\u043d\u044b \u0442\u0443\u0440\u0438\u0441\u0442\u0430\u043c. \u0412\u0441\u0451 \u043f\u0440\u043e\u0445\u043e\u0434\u0438\u0442 \u043e\u0444\u0438\u0446\u0438\u0430\u043b\u044c\u043d\u043e, \u0431\u0435\u0437\u043e\u043f\u0430\u0441\u043d\u043e \u0438 \u0431\u0435\u0437 \u043b\u0438\u0448\u043d\u0438\u0445 \u0445\u043b\u043e\u043f\u043e\u0442 \u0434\u043b\u044f \u0432\u0430\u0441. \u0421\u0442\u043e\u0438\u043c\u043e\u0441\u0442\u044c \u0443\u0441\u043b\u0443\u0433\u0438 \u2014 37$ (\u0432\u0438\u0437\u0430 \u2014 30$, \u0434\u043e\u043f\u043e\u043b\u043d\u0438\u0442\u0435\u043b\u044c\u043d\u044b\u0439 \u0442\u0440\u0430\u043d\u0441\u0444\u0435\u0440 \u2014 7$ \u0441 \u0447\u0435\u043b\u043e\u0432\u0435\u043a\u0430).<\/li>\n<\/ul>","protected":false},"excerpt":{"rendered":"<p><strong>Czas trwania:<\/strong> 2 dni<\/p>\n<p><strong>Holding Days:<\/strong> \u015aroda, sobota<\/p>","protected":false},"featured_media":29932,"template":"","meta":{"_kad_post_transparent":"default","_kad_post_title":"","_kad_post_layout":"default","_kad_post_sidebar_id":"","_kad_post_content_style":"default","_kad_post_vertical_padding":"default","_kad_post_feature":"","_kad_post_feature_position":"","_kad_post_header":false,"_kad_post_footer":false,"_kad_post_classname":"","_glsr_average":0,"_glsr_ranking":0,"_glsr_reviews":0},"product_brand":[],"product_cat":[435],"product_tag":[],"class_list":{"0":"post-29917","1":"product","2":"type-product","3":"status-publish","4":"has-post-thumbnail","6":"product_cat-sharm-el-sheikh","7":"tm-has-options","9":"first","10":"instock","11":"sold-individually","12":"taxable","13":"shipping-taxable","14":"purchasable","15":"product-type-simple","16":"entry","17":"content-bg","18":"loop-entry"},"yoast_head":"<!-- This site is optimized with the Yoast SEO plugin v27.3 - https:\/\/yoast.com\/product\/yoast-seo-wordpress\/ -->\n<title>\u041a\u0430\u0438\u0440 \u0438 \u0410\u043b\u0435\u043a\u0441\u0430\u043d\u0434\u0440\u0438\u044f 2 \u0434\u043d\u044f &#8226; \u042d\u043a\u0441\u043a\u0443\u0440\u0441\u0438\u0438 Skyline<\/title>\n<meta name=\"robots\" content=\"index, follow, max-snippet:-1, max-image-preview:large, max-video-preview:-1\" \/>\n<link rel=\"canonical\" href=\"https:\/\/skyline-gs.com\/pl\/produkt\/cairo-and-alexandria-2-days-sharm\/\" \/>\n<meta property=\"og:locale\" content=\"pl_PL\" \/>\n<meta property=\"og:type\" content=\"article\" \/>\n<meta property=\"og:title\" content=\"\u041a\u0430\u0438\u0440 \u0438 \u0410\u043b\u0435\u043a\u0441\u0430\u043d\u0434\u0440\u0438\u044f 2 \u0434\u043d\u044f &#8226; \u042d\u043a\u0441\u043a\u0443\u0440\u0441\u0438\u0438 Skyline\" \/>\n<meta property=\"og:description\" content=\"\u0414\u043b\u0438\u0442\u0435\u043b\u044c\u043d\u043e\u0441\u0442\u044c: 2 \u0434\u043d\u044f  \u0414\u043d\u0438 \u043f\u0440\u043e\u0432\u0435\u0434\u0435\u043d\u0438\u044f: \u0421\u0440\u0435\u0434\u0430, \u0421\u0443\u0431\u0431\u043e\u0442\u0430\" \/>\n<meta property=\"og:url\" content=\"https:\/\/skyline-gs.com\/pl\/produkt\/cairo-and-alexandria-2-days-sharm\/\" \/>\n<meta property=\"og:site_name\" content=\"\u042d\u043a\u0441\u043a\u0443\u0440\u0441\u0438\u0438 Skyline\" \/>\n<meta property=\"article:modified_time\" content=\"2026-03-27T00:22:57+00:00\" \/>\n<meta property=\"og:image\" content=\"https:\/\/skyline-gs.com\/wp-content\/uploads\/2021\/08\/Foto-na-sajt.png\" \/>\n\t<meta property=\"og:image:width\" content=\"669\" \/>\n\t<meta property=\"og:image:height\" content=\"446\" \/>\n\t<meta property=\"og:image:type\" content=\"image\/png\" \/>\n<meta name=\"twitter:card\" content=\"summary_large_image\" \/>\n<meta name=\"twitter:label1\" content=\"Szacowany czas czytania\" \/>\n\t<meta name=\"twitter:data1\" content=\"3 minuty\" \/>\n<script type=\"application\/ld+json\" class=\"yoast-schema-graph\">{\"@context\":\"https:\\\/\\\/schema.org\",\"@graph\":[{\"@type\":\"WebPage\",\"@id\":\"https:\\\/\\\/skyline-gs.com\\\/product\\\/cairo-and-alexandria-2-days-sharm\\\/\",\"url\":\"https:\\\/\\\/skyline-gs.com\\\/product\\\/cairo-and-alexandria-2-days-sharm\\\/\",\"name\":\"\u041a\u0430\u0438\u0440 \u0438 \u0410\u043b\u0435\u043a\u0441\u0430\u043d\u0434\u0440\u0438\u044f 2 \u0434\u043d\u044f &#8226; \u042d\u043a\u0441\u043a\u0443\u0440\u0441\u0438\u0438 Skyline\",\"isPartOf\":{\"@id\":\"https:\\\/\\\/skyline-gs.com\\\/it\\\/#website\"},\"primaryImageOfPage\":{\"@id\":\"https:\\\/\\\/skyline-gs.com\\\/product\\\/cairo-and-alexandria-2-days-sharm\\\/#primaryimage\"},\"image\":{\"@id\":\"https:\\\/\\\/skyline-gs.com\\\/product\\\/cairo-and-alexandria-2-days-sharm\\\/#primaryimage\"},\"thumbnailUrl\":\"https:\\\/\\\/skyline-gs.com\\\/wp-content\\\/uploads\\\/2021\\\/08\\\/Foto-na-sajt.png\",\"datePublished\":\"2021-08-24T11:35:40+00:00\",\"dateModified\":\"2026-03-27T00:22:57+00:00\",\"breadcrumb\":{\"@id\":\"https:\\\/\\\/skyline-gs.com\\\/product\\\/cairo-and-alexandria-2-days-sharm\\\/#breadcrumb\"},\"inLanguage\":\"pl-PL\",\"potentialAction\":[{\"@type\":\"ReadAction\",\"target\":[\"https:\\\/\\\/skyline-gs.com\\\/product\\\/cairo-and-alexandria-2-days-sharm\\\/\"]}]},{\"@type\":\"ImageObject\",\"inLanguage\":\"pl-PL\",\"@id\":\"https:\\\/\\\/skyline-gs.com\\\/product\\\/cairo-and-alexandria-2-days-sharm\\\/#primaryimage\",\"url\":\"https:\\\/\\\/skyline-gs.com\\\/wp-content\\\/uploads\\\/2021\\\/08\\\/Foto-na-sajt.png\",\"contentUrl\":\"https:\\\/\\\/skyline-gs.com\\\/wp-content\\\/uploads\\\/2021\\\/08\\\/Foto-na-sajt.png\",\"width\":669,\"height\":446},{\"@type\":\"BreadcrumbList\",\"@id\":\"https:\\\/\\\/skyline-gs.com\\\/product\\\/cairo-and-alexandria-2-days-sharm\\\/#breadcrumb\",\"itemListElement\":[{\"@type\":\"ListItem\",\"position\":1,\"name\":\"\u0413\u043b\u0430\u0432\u043d\u0430\u044f \u0441\u0442\u0440\u0430\u043d\u0438\u0446\u0430\",\"item\":\"https:\\\/\\\/skyline-gs.com\\\/hu\\\/\"},{\"@type\":\"ListItem\",\"position\":2,\"name\":\"\u041c\u0430\u0433\u0430\u0437\u0438\u043d\",\"item\":\"https:\\\/\\\/skyline-gs.com\\\/cs\\\/shop\\\/\"},{\"@type\":\"ListItem\",\"position\":3,\"name\":\"\u041a\u0430\u0438\u0440 \u0438 \u0410\u043b\u0435\u043a\u0441\u0430\u043d\u0434\u0440\u0438\u044f 2 \u0434\u043d\u044f\"}]},{\"@type\":\"WebSite\",\"@id\":\"https:\\\/\\\/skyline-gs.com\\\/it\\\/#website\",\"url\":\"https:\\\/\\\/skyline-gs.com\\\/it\\\/\",\"name\":\"\u042d\u043a\u0441\u043a\u0443\u0440\u0441\u0438\u0438 Skyline\",\"description\":\"\u042d\u043a\u0441\u043a\u043b\u044e\u0437\u0438\u0432\u043d\u044b\u0435 \u044d\u043a\u0441\u043a\u0443\u0440\u0441\u0438\u0438 \u043d\u0430 \u043b\u0443\u0447\u0448\u0438\u0445 \u043a\u0443\u0440\u043e\u0440\u0442\u0430\u0445 \u043c\u0438\u0440\u0430\",\"publisher\":{\"@id\":\"https:\\\/\\\/skyline-gs.com\\\/it\\\/#organization\"},\"alternateName\":\"Skyline\",\"potentialAction\":[{\"@type\":\"SearchAction\",\"target\":{\"@type\":\"EntryPoint\",\"urlTemplate\":\"https:\\\/\\\/skyline-gs.com\\\/it\\\/?s={search_term_string}\"},\"query-input\":{\"@type\":\"PropertyValueSpecification\",\"valueRequired\":true,\"valueName\":\"search_term_string\"}}],\"inLanguage\":\"pl-PL\"},{\"@type\":\"Organization\",\"@id\":\"https:\\\/\\\/skyline-gs.com\\\/it\\\/#organization\",\"name\":\"\u042d\u043a\u0441\u043a\u0443\u0440\u0441\u0438\u0438 Skyline\",\"alternateName\":\"\u042d\u043a\u0441\u043a\u0443\u0440\u0441\u0438\u0438 Skyline\",\"url\":\"https:\\\/\\\/skyline-gs.com\\\/it\\\/\",\"logo\":{\"@type\":\"ImageObject\",\"inLanguage\":\"pl-PL\",\"@id\":\"https:\\\/\\\/skyline-gs.com\\\/it\\\/#\\\/schema\\\/logo\\\/image\\\/\",\"url\":\"https:\\\/\\\/skyline-gs.com\\\/wp-content\\\/uploads\\\/2020\\\/12\\\/cropped-logo-2.png\",\"contentUrl\":\"https:\\\/\\\/skyline-gs.com\\\/wp-content\\\/uploads\\\/2020\\\/12\\\/cropped-logo-2.png\",\"width\":512,\"height\":512,\"caption\":\"\u042d\u043a\u0441\u043a\u0443\u0440\u0441\u0438\u0438 Skyline\"},\"image\":{\"@id\":\"https:\\\/\\\/skyline-gs.com\\\/it\\\/#\\\/schema\\\/logo\\\/image\\\/\"},\"sameAs\":[\"https:\\\/\\\/www.instagram.com\\\/skylineglobalservice\\\/\"]}]}<\/script>\n<!-- \/ Yoast SEO plugin. -->","yoast_head_json":{"title":"Kair i Aleksandria 2 dni - Wycieczki Skyline","robots":{"index":"index","follow":"follow","max-snippet":"max-snippet:-1","max-image-preview":"max-image-preview:large","max-video-preview":"max-video-preview:-1"},"canonical":"https:\/\/skyline-gs.com\/pl\/produkt\/cairo-and-alexandria-2-days-sharm\/","og_locale":"pl_PL","og_type":"article","og_title":"\u041a\u0430\u0438\u0440 \u0438 \u0410\u043b\u0435\u043a\u0441\u0430\u043d\u0434\u0440\u0438\u044f 2 \u0434\u043d\u044f &#8226; \u042d\u043a\u0441\u043a\u0443\u0440\u0441\u0438\u0438 Skyline","og_description":"\u0414\u043b\u0438\u0442\u0435\u043b\u044c\u043d\u043e\u0441\u0442\u044c: 2 \u0434\u043d\u044f  \u0414\u043d\u0438 \u043f\u0440\u043e\u0432\u0435\u0434\u0435\u043d\u0438\u044f: \u0421\u0440\u0435\u0434\u0430, \u0421\u0443\u0431\u0431\u043e\u0442\u0430","og_url":"https:\/\/skyline-gs.com\/pl\/produkt\/cairo-and-alexandria-2-days-sharm\/","og_site_name":"\u042d\u043a\u0441\u043a\u0443\u0440\u0441\u0438\u0438 Skyline","article_modified_time":"2026-03-27T00:22:57+00:00","og_image":[{"width":669,"height":446,"url":"https:\/\/skyline-gs.com\/wp-content\/uploads\/2021\/08\/Foto-na-sajt.png","type":"image\/png"}],"twitter_card":"summary_large_image","twitter_misc":{"Szacowany czas czytania":"3 minuty"},"schema":{"@context":"https:\/\/schema.org","@graph":[{"@type":"WebPage","@id":"https:\/\/skyline-gs.com\/product\/cairo-and-alexandria-2-days-sharm\/","url":"https:\/\/skyline-gs.com\/product\/cairo-and-alexandria-2-days-sharm\/","name":"Kair i Aleksandria 2 dni - Wycieczki Skyline","isPartOf":{"@id":"https:\/\/skyline-gs.com\/it\/#website"},"primaryImageOfPage":{"@id":"https:\/\/skyline-gs.com\/product\/cairo-and-alexandria-2-days-sharm\/#primaryimage"},"image":{"@id":"https:\/\/skyline-gs.com\/product\/cairo-and-alexandria-2-days-sharm\/#primaryimage"},"thumbnailUrl":"https:\/\/skyline-gs.com\/wp-content\/uploads\/2021\/08\/Foto-na-sajt.png","datePublished":"2021-08-24T11:35:40+00:00","dateModified":"2026-03-27T00:22:57+00:00","breadcrumb":{"@id":"https:\/\/skyline-gs.com\/product\/cairo-and-alexandria-2-days-sharm\/#breadcrumb"},"inLanguage":"pl-PL","potentialAction":[{"@type":"ReadAction","target":["https:\/\/skyline-gs.com\/product\/cairo-and-alexandria-2-days-sharm\/"]}]},{"@type":"ImageObject","inLanguage":"pl-PL","@id":"https:\/\/skyline-gs.com\/product\/cairo-and-alexandria-2-days-sharm\/#primaryimage","url":"https:\/\/skyline-gs.com\/wp-content\/uploads\/2021\/08\/Foto-na-sajt.png","contentUrl":"https:\/\/skyline-gs.com\/wp-content\/uploads\/2021\/08\/Foto-na-sajt.png","width":669,"height":446},{"@type":"BreadcrumbList","@id":"https:\/\/skyline-gs.com\/product\/cairo-and-alexandria-2-days-sharm\/#breadcrumb","itemListElement":[{"@type":"ListItem","position":1,"name":"\u0413\u043b\u0430\u0432\u043d\u0430\u044f \u0441\u0442\u0440\u0430\u043d\u0438\u0446\u0430","item":"https:\/\/skyline-gs.com\/hu\/"},{"@type":"ListItem","position":2,"name":"\u041c\u0430\u0433\u0430\u0437\u0438\u043d","item":"https:\/\/skyline-gs.com\/cs\/shop\/"},{"@type":"ListItem","position":3,"name":"\u041a\u0430\u0438\u0440 \u0438 \u0410\u043b\u0435\u043a\u0441\u0430\u043d\u0434\u0440\u0438\u044f 2 \u0434\u043d\u044f"}]},{"@type":"WebSite","@id":"https:\/\/skyline-gs.com\/it\/#website","url":"https:\/\/skyline-gs.com\/it\/","name":"Wycieczki Skyline","description":"Ekskluzywne wycieczki do najlepszych kurort\u00f3w na \u015bwiecie","publisher":{"@id":"https:\/\/skyline-gs.com\/it\/#organization"},"alternateName":"Skyline","potentialAction":[{"@type":"SearchAction","target":{"@type":"EntryPoint","urlTemplate":"https:\/\/skyline-gs.com\/it\/?s={search_term_string}"},"query-input":{"@type":"PropertyValueSpecification","valueRequired":true,"valueName":"search_term_string"}}],"inLanguage":"pl-PL"},{"@type":"Organization","@id":"https:\/\/skyline-gs.com\/it\/#organization","name":"Wycieczki Skyline","alternateName":"\u042d\u043a\u0441\u043a\u0443\u0440\u0441\u0438\u0438 Skyline","url":"https:\/\/skyline-gs.com\/it\/","logo":{"@type":"ImageObject","inLanguage":"pl-PL","@id":"https:\/\/skyline-gs.com\/it\/#\/schema\/logo\/image\/","url":"https:\/\/skyline-gs.com\/wp-content\/uploads\/2020\/12\/cropped-logo-2.png","contentUrl":"https:\/\/skyline-gs.com\/wp-content\/uploads\/2020\/12\/cropped-logo-2.png","width":512,"height":512,"caption":"\u042d\u043a\u0441\u043a\u0443\u0440\u0441\u0438\u0438 Skyline"},"image":{"@id":"https:\/\/skyline-gs.com\/it\/#\/schema\/logo\/image\/"},"sameAs":["https:\/\/www.instagram.com\/skylineglobalservice\/"]}]}},"_links":{"self":[{"href":"https:\/\/skyline-gs.com\/pl\/wp-json\/wp\/v2\/product\/29917","targetHints":{"allow":["GET"]}}],"collection":[{"href":"https:\/\/skyline-gs.com\/pl\/wp-json\/wp\/v2\/product"}],"about":[{"href":"https:\/\/skyline-gs.com\/pl\/wp-json\/wp\/v2\/types\/product"}],"version-history":[{"count":0,"href":"https:\/\/skyline-gs.com\/pl\/wp-json\/wp\/v2\/product\/29917\/revisions"}],"wp:featuredmedia":[{"embeddable":true,"href":"https:\/\/skyline-gs.com\/pl\/wp-json\/wp\/v2\/media\/29932"}],"wp:attachment":[{"href":"https:\/\/skyline-gs.com\/pl\/wp-json\/wp\/v2\/media?parent=29917"}],"wp:term":[{"taxonomy":"product_brand","embeddable":true,"href":"https:\/\/skyline-gs.com\/pl\/wp-json\/wp\/v2\/product_brand?post=29917"},{"taxonomy":"product_cat","embeddable":true,"href":"https:\/\/skyline-gs.com\/pl\/wp-json\/wp\/v2\/product_cat?post=29917"},{"taxonomy":"product_tag","embeddable":true,"href":"https:\/\/skyline-gs.com\/pl\/wp-json\/wp\/v2\/product_tag?post=29917"}],"curies":[{"name":"wp","href":"https:\/\/api.w.org\/{rel}","templated":true}]}}