{"id":29647,"date":"2021-08-12T13:14:24","date_gmt":"2021-08-12T11:14:24","guid":{"rendered":"http:\/\/skyline-gs.com\/?post_type=product&#038;p=29647"},"modified":"2025-12-06T15:31:54","modified_gmt":"2025-12-06T13:31:54","slug":"city-tour-and-burj-khalifa-dubai","status":"publish","type":"product","link":"https:\/\/skyline-gs.com\/pl\/product\/city-tour-and-burj-khalifa-dubai\/","title":{"rendered":"Zwiedzanie Dubaju + wspinaczka na Burd\u017c Chalifa"},"content":{"rendered":"<p><strong>Zapraszamy na niezapomnian\u0105 podr\u00f3\u017c po najbardziej futurystycznym i luksusowym mie\u015bcie na \u015bwiecie - Dubaju<\/strong>. Ta wycieczka otworzy przed Tob\u0105 wszystkie oblicza metropolii, kt\u00f3ra w zaskakuj\u0105cy spos\u00f3b \u0142\u0105czy tradycje staro\u017cytnego Wschodu z osi\u0105gni\u0119ciami ultranowoczesnej architektury. <strong data-start=\"3503\" data-end=\"3574\">Zafunduj sobie dzie\u0144 pe\u0142en luksusu, historii i wra\u017ce\u0144! <\/strong>Dubaj podbije Twoje serce na zawsze.<\/p>\n<p data-start=\"273\" data-end=\"492\"><strong>14:00 - Wyjazd z hotelu<\/strong>.<\/p>\n<ul>\n<li data-start=\"525\" data-end=\"691\"><strong data-start=\"525\" data-end=\"555\">Stary Dubaj i jego historia.\u00a0<\/strong>Podr\u00f3\u017c rozpoczyna si\u0119 w\u00a0<strong data-start=\"583\" data-end=\"616\">historyczna dzielnica Bur Dubai<\/strong>gdzie w\u015br\u00f3d tradycyjnych arabskich budynk\u00f3w i rynk\u00f3w\u00a0<strong data-start=\"666\" data-end=\"688\">duch przesz\u0142o\u015bci \u017cyje dalej<\/strong>.\n<ul data-start=\"1638\" data-end=\"1803\">\n<li data-start=\"1638\" data-end=\"1666\"><strong data-start=\"834\" data-end=\"888\">Rejs malowniczym kana\u0142em Creek podczas wycieczki \u0142odzi\u0105 Abra<\/strong>\u00a0- tradycyjny arabski statek u\u017cywany niegdy\u015b przez po\u0142awiaczy pere\u0142, a dzi\u015b taks\u00f3wka wodna.<\/li>\n<\/ul>\n<\/li>\n<li><strong data-start=\"1005\" data-end=\"1040\">Dzielnica Jumeirah jest sercem luksusu<\/strong>\n<ul data-start=\"1638\" data-end=\"1803\">\n<li data-start=\"1638\" data-end=\"1666\"><strong data-start=\"1045\" data-end=\"1061\">Burj Al Arab<\/strong>\u00a0- Legendarny hotel Sail, symbol elegancji i bogactwa (przystanek na zdj\u0119cia).<\/li>\n<li data-start=\"1638\" data-end=\"1666\"><strong data-start=\"1137\" data-end=\"1159\">Park wodny Wild Wadi<\/strong>\u00a0(fotostop) to jeden z najs\u0142ynniejszych park\u00f3w wodnych na \u015bwiecie.<\/li>\n<li data-start=\"1638\" data-end=\"1666\"><strong data-start=\"1218\" data-end=\"1238\">Madinat Jumeirah<\/strong>\u00a0- Malowniczy kompleks z kana\u0142ami wodnymi, arabsk\u0105 architektur\u0105 i kolorowymi targami. Miejsce to nazywane jest\u00a0<strong data-start=\"1345\" data-end=\"1369\">\"Wenecja Dubaju\".<\/strong>i to jest miejsce, w kt\u00f3rym mo\u017cna to zrobi\u0107.\u00a0<strong data-start=\"1393\" data-end=\"1420\">\u015bwietne zdj\u0119cia<\/strong>.<\/li>\n<\/ul>\n<\/li>\n<li data-start=\"1425\" data-end=\"1536\"><strong data-start=\"1425\" data-end=\"1454\">Wyspa Palmowa Jumeirah.\u00a0<\/strong>Luksusowa, stworzona przez cz\u0142owieka wyspa w kszta\u0142cie palmy -\u00a0<strong data-start=\"1503\" data-end=\"1533\">wyj\u0105tkowy cud in\u017cynierii<\/strong>.\n<ul data-start=\"1638\" data-end=\"1803\">\n<li data-start=\"1638\" data-end=\"1666\"><strong data-start=\"1539\" data-end=\"1566\">Atlantis The Palm Hotel<\/strong>\u00a0- architektoniczny klejnot wyspy, kt\u00f3ry oferuje\u00a0<strong data-start=\"1621\" data-end=\"1663\">Zapieraj\u0105ce dech w piersiach widoki na Zatok\u0119 Persk\u0105<\/strong>\u00a0(fotostop).<\/li>\n<\/ul>\n<\/li>\n<li data-start=\"1679\" data-end=\"1859\"><strong data-start=\"1679\" data-end=\"1717\">Dubai Marina to dzielnica drapaczy chmur.\u00a0<\/strong>Jeste\u015b tu mile widziany\u00a0<strong data-start=\"1735\" data-end=\"1766\">osza\u0142amiaj\u0105ce panoramy<\/strong>odbijaj\u0105cy si\u0119 w wodzie\u00a0<strong data-start=\"1788\" data-end=\"1826\">futurystyczne wie\u017cowce<\/strong>\u00a0i poczucie absolutnego luksusu.<\/li>\n<li data-start=\"1679\" data-end=\"1859\"><strong data-start=\"1861\" data-end=\"1904\">Sheikh Zayed Road to g\u0142\u00f3wna ulica Dubaju.\u00a0<\/strong>Podczas podr\u00f3\u017cy przez\u00a0<strong data-start=\"1927\" data-end=\"1958\">najs\u0142ynniejsza autostrada<\/strong>\u00a0Zjednoczone Emiraty Arabskie b\u0119d\u0105 przed tob\u0105\u00a0<strong data-start=\"1985\" data-end=\"2011\">kultowe drapacze chmur<\/strong>:\n<ul data-start=\"1638\" data-end=\"1803\">\n<li data-start=\"1638\" data-end=\"1666\"><strong data-start=\"2017\" data-end=\"2051\">Bli\u017aniacze wie\u017ce Emirates Towers<\/strong><\/li>\n<li data-start=\"1638\" data-end=\"1666\"><strong data-start=\"2056\" data-end=\"2080\">Rose Tower Hotel<\/strong><\/li>\n<li data-start=\"1638\" data-end=\"1666\"><strong data-start=\"2085\" data-end=\"2114\">Dusit Thani Thai Hotel<\/strong><\/li>\n<li data-start=\"1638\" data-end=\"1666\"><strong data-start=\"2119\" data-end=\"2151\">Bezkonkurencyjny Burj Khalifa.<\/strong>\u00a0-\u00a0<strong data-start=\"2154\" data-end=\"2185\">najwy\u017cszy budynek na \u015bwiecie<\/strong>i zapiera dech w piersiach.<\/li>\n<\/ul>\n<\/li>\n<li>Obecno\u015b\u0107 <strong data-start=\"2326\" data-end=\"2341\">Dubai Mall<\/strong> - du\u017cego centrum handlowo-rozrywkowego.<\/li>\n<li data-start=\"2391\" data-end=\"2543\"><strong data-start=\"2393\" data-end=\"2428\">Muzyczny pokaz \u015bpiewaj\u0105cych fontann<\/strong> u podn\u00f3\u017ca Burj Khalifa - wielki spektakl, w kt\u00f3rym muzyka, \u015bwiat\u0142o i woda \u0142\u0105cz\u0105 si\u0119 w hipnotyzuj\u0105cy spektakl.<\/li>\n<li data-start=\"2544\" data-end=\"2661\">Widok <strong data-start=\"2553\" data-end=\"2587\">Gigantyczne akwarium w centrum handlowym Dubai Mall<\/strong>kt\u00f3ry zaskoczy Ci\u0119 swoj\u0105 skal\u0105 i r\u00f3\u017cnorodno\u015bci\u0105 \u017cycia morskiego.<\/li>\n<li><strong data-start=\"2031\" data-end=\"2076\">19:30 Wspinaczka na taras widokowy Burd\u017c Chalifa<\/strong> (124 i 125 pi\u0119tro) jedn\u0105 z najszybszych wind na \u015bwiecie.\n<ul>\n<li style=\"list-style-type: none;\">\n<ul data-start=\"1638\" data-end=\"1803\">\n<li data-start=\"1638\" data-end=\"1666\">Wysoko\u015b\u0107, kt\u00f3ra zapiera dech w piersiach<\/li>\n<li data-start=\"1638\" data-end=\"1666\">Widok 360\u00b0 i pot\u0119\u017cne teleskopy<\/li>\n<li data-start=\"1638\" data-end=\"1666\">Osza\u0142amiaj\u0105ce widoki na Zatok\u0119 Persk\u0105, drapacze chmur Dubaju i pustynn\u0105 przestrze\u0144 poza miastem.<\/li>\n<\/ul>\n<\/li>\n<\/ul>\n<\/li>\n<\/ul>\n<p data-start=\"2495\" data-end=\"2523\"><strong>21:00 - Koniec wycieczki <\/strong>w pobli\u017cu centrum handlowego Dubai Mall, czas wolny na zakupy lub spacer (bez transferu powrotnego do hotelu).<\/p>\n<p><strong>W zestawie:<\/strong><\/p>\n<ul>\n<li>Transfery hotelowe (z Dubaju, Szard\u017cy i Ad\u017cmanu)<\/li>\n<li>Wszystkie transfery w ramach programu klimatyzowanym autokarem<\/li>\n<li>Rosyjskoj\u0119zyczny przewodnik<\/li>\n<li>Bilety wst\u0119pu<\/li>\n<li><strong>Bilet na taras widokowy na 124. i 125. pi\u0119trze najwy\u017cszego budynku na \u015bwiecie - Burj Khalifa<\/strong><\/li>\n<\/ul>\n<p><strong>Co ze sob\u0105 zabra\u0107?<\/strong><\/p>\n<ul>\n<li>Kamera<\/li>\n<li>Nakrycie g\u0142owy<\/li>\n<li>Woda<\/li>\n<li>Pieni\u0105dze na wydatki osobiste, pami\u0105tki i zakupy<\/li>\n<\/ul>","protected":false},"excerpt":{"rendered":"<p><strong>Czas wycieczki:<\/strong> 14:00 &#8212; 21:00<\/p>\n<p><strong>Holding Days:<\/strong> Poniedzia\u0142ek, \u015broda i sobota<\/p>","protected":false},"featured_media":29654,"template":"","meta":{"_kad_post_transparent":"default","_kad_post_title":"","_kad_post_layout":"default","_kad_post_sidebar_id":"","_kad_post_content_style":"default","_kad_post_vertical_padding":"default","_kad_post_feature":"","_kad_post_feature_position":"","_kad_post_header":false,"_kad_post_footer":false,"_kad_post_classname":"","_glsr_average":0,"_glsr_ranking":0,"_glsr_reviews":0},"product_brand":[],"product_cat":[438],"product_tag":[],"class_list":{"0":"post-29647","1":"product","2":"type-product","3":"status-publish","4":"has-post-thumbnail","6":"product_cat-dubai","7":"tm-has-options","9":"first","10":"instock","11":"sold-individually","12":"taxable","13":"shipping-taxable","14":"purchasable","15":"product-type-simple","16":"entry","17":"content-bg","18":"loop-entry"},"yoast_head":"<!-- This site is optimized with the Yoast SEO plugin v27.3 - https:\/\/yoast.com\/product\/yoast-seo-wordpress\/ -->\n<title>\u041e\u0431\u0437\u043e\u0440\u043d\u0430\u044f \u043f\u043e \u0414\u0443\u0431\u0430\u044e + \u043f\u043e\u0434\u044a\u0435\u043c \u043d\u0430 \u0411\u0443\u0440\u0434\u0436 \u0425\u0430\u043b\u0438\u0444\u0430 &#8226; \u042d\u043a\u0441\u043a\u0443\u0440\u0441\u0438\u0438 Skyline<\/title>\n<meta name=\"robots\" content=\"index, follow, max-snippet:-1, max-image-preview:large, max-video-preview:-1\" \/>\n<link rel=\"canonical\" href=\"https:\/\/skyline-gs.com\/pl\/produkt\/city-tour-and-burj-khalifa-dubai\/\" \/>\n<meta property=\"og:locale\" content=\"pl_PL\" \/>\n<meta property=\"og:type\" content=\"article\" \/>\n<meta property=\"og:title\" content=\"\u041e\u0431\u0437\u043e\u0440\u043d\u0430\u044f \u043f\u043e \u0414\u0443\u0431\u0430\u044e + \u043f\u043e\u0434\u044a\u0435\u043c \u043d\u0430 \u0411\u0443\u0440\u0434\u0436 \u0425\u0430\u043b\u0438\u0444\u0430 &#8226; \u042d\u043a\u0441\u043a\u0443\u0440\u0441\u0438\u0438 Skyline\" \/>\n<meta property=\"og:description\" content=\"\u0412\u0440\u0435\u043c\u044f \u0442\u0443\u0440\u0430: 14:00 - 21:00  \u0414\u043d\u0438 \u043f\u0440\u043e\u0432\u0435\u0434\u0435\u043d\u0438\u044f: \u043f\u043e\u043d\u0435\u0434\u0435\u043b\u044c\u043d\u0438\u043a, \u0441\u0440\u0435\u0434\u0430 \u0438 \u0441\u0443\u0431\u0431\u043e\u0442\u0430\" \/>\n<meta property=\"og:url\" content=\"https:\/\/skyline-gs.com\/pl\/produkt\/city-tour-and-burj-khalifa-dubai\/\" \/>\n<meta property=\"og:site_name\" content=\"\u042d\u043a\u0441\u043a\u0443\u0440\u0441\u0438\u0438 Skyline\" \/>\n<meta property=\"article:modified_time\" content=\"2025-12-06T13:31:54+00:00\" \/>\n<meta property=\"og:image\" content=\"https:\/\/skyline-gs.com\/wp-content\/uploads\/2021\/08\/a9-e1741791665988.jpg\" \/>\n\t<meta property=\"og:image:width\" content=\"600\" \/>\n\t<meta property=\"og:image:height\" content=\"400\" \/>\n\t<meta property=\"og:image:type\" content=\"image\/jpeg\" \/>\n<meta name=\"twitter:card\" content=\"summary_large_image\" \/>\n<meta name=\"twitter:label1\" content=\"Szacowany czas czytania\" \/>\n\t<meta name=\"twitter:data1\" content=\"3 minuty\" \/>\n<script type=\"application\/ld+json\" class=\"yoast-schema-graph\">{\"@context\":\"https:\\\/\\\/schema.org\",\"@graph\":[{\"@type\":\"WebPage\",\"@id\":\"https:\\\/\\\/skyline-gs.com\\\/product\\\/city-tour-and-burj-khalifa-dubai\\\/\",\"url\":\"https:\\\/\\\/skyline-gs.com\\\/product\\\/city-tour-and-burj-khalifa-dubai\\\/\",\"name\":\"\u041e\u0431\u0437\u043e\u0440\u043d\u0430\u044f \u043f\u043e \u0414\u0443\u0431\u0430\u044e + \u043f\u043e\u0434\u044a\u0435\u043c \u043d\u0430 \u0411\u0443\u0440\u0434\u0436 \u0425\u0430\u043b\u0438\u0444\u0430 &#8226; \u042d\u043a\u0441\u043a\u0443\u0440\u0441\u0438\u0438 Skyline\",\"isPartOf\":{\"@id\":\"https:\\\/\\\/skyline-gs.com\\\/it\\\/#website\"},\"primaryImageOfPage\":{\"@id\":\"https:\\\/\\\/skyline-gs.com\\\/product\\\/city-tour-and-burj-khalifa-dubai\\\/#primaryimage\"},\"image\":{\"@id\":\"https:\\\/\\\/skyline-gs.com\\\/product\\\/city-tour-and-burj-khalifa-dubai\\\/#primaryimage\"},\"thumbnailUrl\":\"https:\\\/\\\/skyline-gs.com\\\/wp-content\\\/uploads\\\/2021\\\/08\\\/a9-e1741791665988.jpg\",\"datePublished\":\"2021-08-12T11:14:24+00:00\",\"dateModified\":\"2025-12-06T13:31:54+00:00\",\"breadcrumb\":{\"@id\":\"https:\\\/\\\/skyline-gs.com\\\/product\\\/city-tour-and-burj-khalifa-dubai\\\/#breadcrumb\"},\"inLanguage\":\"pl-PL\",\"potentialAction\":[{\"@type\":\"ReadAction\",\"target\":[\"https:\\\/\\\/skyline-gs.com\\\/product\\\/city-tour-and-burj-khalifa-dubai\\\/\"]}]},{\"@type\":\"ImageObject\",\"inLanguage\":\"pl-PL\",\"@id\":\"https:\\\/\\\/skyline-gs.com\\\/product\\\/city-tour-and-burj-khalifa-dubai\\\/#primaryimage\",\"url\":\"https:\\\/\\\/skyline-gs.com\\\/wp-content\\\/uploads\\\/2021\\\/08\\\/a9-e1741791665988.jpg\",\"contentUrl\":\"https:\\\/\\\/skyline-gs.com\\\/wp-content\\\/uploads\\\/2021\\\/08\\\/a9-e1741791665988.jpg\",\"width\":600,\"height\":400},{\"@type\":\"BreadcrumbList\",\"@id\":\"https:\\\/\\\/skyline-gs.com\\\/product\\\/city-tour-and-burj-khalifa-dubai\\\/#breadcrumb\",\"itemListElement\":[{\"@type\":\"ListItem\",\"position\":1,\"name\":\"\u0413\u043b\u0430\u0432\u043d\u0430\u044f \u0441\u0442\u0440\u0430\u043d\u0438\u0446\u0430\",\"item\":\"https:\\\/\\\/skyline-gs.com\\\/hu\\\/\"},{\"@type\":\"ListItem\",\"position\":2,\"name\":\"\u041c\u0430\u0433\u0430\u0437\u0438\u043d\",\"item\":\"https:\\\/\\\/skyline-gs.com\\\/cs\\\/shop\\\/\"},{\"@type\":\"ListItem\",\"position\":3,\"name\":\"\u041e\u0431\u0437\u043e\u0440\u043d\u0430\u044f \u043f\u043e \u0414\u0443\u0431\u0430\u044e + \u043f\u043e\u0434\u044a\u0435\u043c \u043d\u0430 \u0411\u0443\u0440\u0434\u0436 \u0425\u0430\u043b\u0438\u0444\u0430\"}]},{\"@type\":\"WebSite\",\"@id\":\"https:\\\/\\\/skyline-gs.com\\\/it\\\/#website\",\"url\":\"https:\\\/\\\/skyline-gs.com\\\/it\\\/\",\"name\":\"\u042d\u043a\u0441\u043a\u0443\u0440\u0441\u0438\u0438 Skyline\",\"description\":\"\u042d\u043a\u0441\u043a\u043b\u044e\u0437\u0438\u0432\u043d\u044b\u0435 \u044d\u043a\u0441\u043a\u0443\u0440\u0441\u0438\u0438 \u043d\u0430 \u043b\u0443\u0447\u0448\u0438\u0445 \u043a\u0443\u0440\u043e\u0440\u0442\u0430\u0445 \u043c\u0438\u0440\u0430\",\"publisher\":{\"@id\":\"https:\\\/\\\/skyline-gs.com\\\/it\\\/#organization\"},\"alternateName\":\"Skyline\",\"potentialAction\":[{\"@type\":\"SearchAction\",\"target\":{\"@type\":\"EntryPoint\",\"urlTemplate\":\"https:\\\/\\\/skyline-gs.com\\\/it\\\/?s={search_term_string}\"},\"query-input\":{\"@type\":\"PropertyValueSpecification\",\"valueRequired\":true,\"valueName\":\"search_term_string\"}}],\"inLanguage\":\"pl-PL\"},{\"@type\":\"Organization\",\"@id\":\"https:\\\/\\\/skyline-gs.com\\\/it\\\/#organization\",\"name\":\"\u042d\u043a\u0441\u043a\u0443\u0440\u0441\u0438\u0438 Skyline\",\"alternateName\":\"\u042d\u043a\u0441\u043a\u0443\u0440\u0441\u0438\u0438 Skyline\",\"url\":\"https:\\\/\\\/skyline-gs.com\\\/it\\\/\",\"logo\":{\"@type\":\"ImageObject\",\"inLanguage\":\"pl-PL\",\"@id\":\"https:\\\/\\\/skyline-gs.com\\\/it\\\/#\\\/schema\\\/logo\\\/image\\\/\",\"url\":\"https:\\\/\\\/skyline-gs.com\\\/wp-content\\\/uploads\\\/2020\\\/12\\\/cropped-logo-2.png\",\"contentUrl\":\"https:\\\/\\\/skyline-gs.com\\\/wp-content\\\/uploads\\\/2020\\\/12\\\/cropped-logo-2.png\",\"width\":512,\"height\":512,\"caption\":\"\u042d\u043a\u0441\u043a\u0443\u0440\u0441\u0438\u0438 Skyline\"},\"image\":{\"@id\":\"https:\\\/\\\/skyline-gs.com\\\/it\\\/#\\\/schema\\\/logo\\\/image\\\/\"},\"sameAs\":[\"https:\\\/\\\/www.instagram.com\\\/skylineglobalservice\\\/\"]}]}<\/script>\n<!-- \/ Yoast SEO plugin. -->","yoast_head_json":{"title":"\u041e\u0431\u0437\u043e\u0440\u043d\u0430\u044f \u043f\u043e \u0414\u0443\u0431\u0430\u044e + \u043f\u043e\u0434\u044a\u0435\u043c \u043d\u0430 \u0411\u0443\u0440\u0434\u0436 \u0425\u0430\u043b\u0438\u0444\u0430 &#8226; \u042d\u043a\u0441\u043a\u0443\u0440\u0441\u0438\u0438 Skyline","robots":{"index":"index","follow":"follow","max-snippet":"max-snippet:-1","max-image-preview":"max-image-preview:large","max-video-preview":"max-video-preview:-1"},"canonical":"https:\/\/skyline-gs.com\/pl\/produkt\/city-tour-and-burj-khalifa-dubai\/","og_locale":"pl_PL","og_type":"article","og_title":"\u041e\u0431\u0437\u043e\u0440\u043d\u0430\u044f \u043f\u043e \u0414\u0443\u0431\u0430\u044e + \u043f\u043e\u0434\u044a\u0435\u043c \u043d\u0430 \u0411\u0443\u0440\u0434\u0436 \u0425\u0430\u043b\u0438\u0444\u0430 &#8226; \u042d\u043a\u0441\u043a\u0443\u0440\u0441\u0438\u0438 Skyline","og_description":"\u0412\u0440\u0435\u043c\u044f \u0442\u0443\u0440\u0430: 14:00 - 21:00  \u0414\u043d\u0438 \u043f\u0440\u043e\u0432\u0435\u0434\u0435\u043d\u0438\u044f: \u043f\u043e\u043d\u0435\u0434\u0435\u043b\u044c\u043d\u0438\u043a, \u0441\u0440\u0435\u0434\u0430 \u0438 \u0441\u0443\u0431\u0431\u043e\u0442\u0430","og_url":"https:\/\/skyline-gs.com\/pl\/produkt\/city-tour-and-burj-khalifa-dubai\/","og_site_name":"\u042d\u043a\u0441\u043a\u0443\u0440\u0441\u0438\u0438 Skyline","article_modified_time":"2025-12-06T13:31:54+00:00","og_image":[{"width":600,"height":400,"url":"https:\/\/skyline-gs.com\/wp-content\/uploads\/2021\/08\/a9-e1741791665988.jpg","type":"image\/jpeg"}],"twitter_card":"summary_large_image","twitter_misc":{"Szacowany czas czytania":"3 minuty"},"schema":{"@context":"https:\/\/schema.org","@graph":[{"@type":"WebPage","@id":"https:\/\/skyline-gs.com\/product\/city-tour-and-burj-khalifa-dubai\/","url":"https:\/\/skyline-gs.com\/product\/city-tour-and-burj-khalifa-dubai\/","name":"\u041e\u0431\u0437\u043e\u0440\u043d\u0430\u044f \u043f\u043e \u0414\u0443\u0431\u0430\u044e + \u043f\u043e\u0434\u044a\u0435\u043c \u043d\u0430 \u0411\u0443\u0440\u0434\u0436 \u0425\u0430\u043b\u0438\u0444\u0430 &#8226; \u042d\u043a\u0441\u043a\u0443\u0440\u0441\u0438\u0438 Skyline","isPartOf":{"@id":"https:\/\/skyline-gs.com\/it\/#website"},"primaryImageOfPage":{"@id":"https:\/\/skyline-gs.com\/product\/city-tour-and-burj-khalifa-dubai\/#primaryimage"},"image":{"@id":"https:\/\/skyline-gs.com\/product\/city-tour-and-burj-khalifa-dubai\/#primaryimage"},"thumbnailUrl":"https:\/\/skyline-gs.com\/wp-content\/uploads\/2021\/08\/a9-e1741791665988.jpg","datePublished":"2021-08-12T11:14:24+00:00","dateModified":"2025-12-06T13:31:54+00:00","breadcrumb":{"@id":"https:\/\/skyline-gs.com\/product\/city-tour-and-burj-khalifa-dubai\/#breadcrumb"},"inLanguage":"pl-PL","potentialAction":[{"@type":"ReadAction","target":["https:\/\/skyline-gs.com\/product\/city-tour-and-burj-khalifa-dubai\/"]}]},{"@type":"ImageObject","inLanguage":"pl-PL","@id":"https:\/\/skyline-gs.com\/product\/city-tour-and-burj-khalifa-dubai\/#primaryimage","url":"https:\/\/skyline-gs.com\/wp-content\/uploads\/2021\/08\/a9-e1741791665988.jpg","contentUrl":"https:\/\/skyline-gs.com\/wp-content\/uploads\/2021\/08\/a9-e1741791665988.jpg","width":600,"height":400},{"@type":"BreadcrumbList","@id":"https:\/\/skyline-gs.com\/product\/city-tour-and-burj-khalifa-dubai\/#breadcrumb","itemListElement":[{"@type":"ListItem","position":1,"name":"\u0413\u043b\u0430\u0432\u043d\u0430\u044f \u0441\u0442\u0440\u0430\u043d\u0438\u0446\u0430","item":"https:\/\/skyline-gs.com\/hu\/"},{"@type":"ListItem","position":2,"name":"\u041c\u0430\u0433\u0430\u0437\u0438\u043d","item":"https:\/\/skyline-gs.com\/cs\/shop\/"},{"@type":"ListItem","position":3,"name":"\u041e\u0431\u0437\u043e\u0440\u043d\u0430\u044f \u043f\u043e \u0414\u0443\u0431\u0430\u044e + \u043f\u043e\u0434\u044a\u0435\u043c \u043d\u0430 \u0411\u0443\u0440\u0434\u0436 \u0425\u0430\u043b\u0438\u0444\u0430"}]},{"@type":"WebSite","@id":"https:\/\/skyline-gs.com\/it\/#website","url":"https:\/\/skyline-gs.com\/it\/","name":"Wycieczki Skyline","description":"Ekskluzywne wycieczki do najlepszych kurort\u00f3w na \u015bwiecie","publisher":{"@id":"https:\/\/skyline-gs.com\/it\/#organization"},"alternateName":"Skyline","potentialAction":[{"@type":"SearchAction","target":{"@type":"EntryPoint","urlTemplate":"https:\/\/skyline-gs.com\/it\/?s={search_term_string}"},"query-input":{"@type":"PropertyValueSpecification","valueRequired":true,"valueName":"search_term_string"}}],"inLanguage":"pl-PL"},{"@type":"Organization","@id":"https:\/\/skyline-gs.com\/it\/#organization","name":"Wycieczki Skyline","alternateName":"\u042d\u043a\u0441\u043a\u0443\u0440\u0441\u0438\u0438 Skyline","url":"https:\/\/skyline-gs.com\/it\/","logo":{"@type":"ImageObject","inLanguage":"pl-PL","@id":"https:\/\/skyline-gs.com\/it\/#\/schema\/logo\/image\/","url":"https:\/\/skyline-gs.com\/wp-content\/uploads\/2020\/12\/cropped-logo-2.png","contentUrl":"https:\/\/skyline-gs.com\/wp-content\/uploads\/2020\/12\/cropped-logo-2.png","width":512,"height":512,"caption":"\u042d\u043a\u0441\u043a\u0443\u0440\u0441\u0438\u0438 Skyline"},"image":{"@id":"https:\/\/skyline-gs.com\/it\/#\/schema\/logo\/image\/"},"sameAs":["https:\/\/www.instagram.com\/skylineglobalservice\/"]}]}},"_links":{"self":[{"href":"https:\/\/skyline-gs.com\/pl\/wp-json\/wp\/v2\/product\/29647","targetHints":{"allow":["GET"]}}],"collection":[{"href":"https:\/\/skyline-gs.com\/pl\/wp-json\/wp\/v2\/product"}],"about":[{"href":"https:\/\/skyline-gs.com\/pl\/wp-json\/wp\/v2\/types\/product"}],"version-history":[{"count":0,"href":"https:\/\/skyline-gs.com\/pl\/wp-json\/wp\/v2\/product\/29647\/revisions"}],"wp:featuredmedia":[{"embeddable":true,"href":"https:\/\/skyline-gs.com\/pl\/wp-json\/wp\/v2\/media\/29654"}],"wp:attachment":[{"href":"https:\/\/skyline-gs.com\/pl\/wp-json\/wp\/v2\/media?parent=29647"}],"wp:term":[{"taxonomy":"product_brand","embeddable":true,"href":"https:\/\/skyline-gs.com\/pl\/wp-json\/wp\/v2\/product_brand?post=29647"},{"taxonomy":"product_cat","embeddable":true,"href":"https:\/\/skyline-gs.com\/pl\/wp-json\/wp\/v2\/product_cat?post=29647"},{"taxonomy":"product_tag","embeddable":true,"href":"https:\/\/skyline-gs.com\/pl\/wp-json\/wp\/v2\/product_tag?post=29647"}],"curies":[{"name":"wp","href":"https:\/\/api.w.org\/{rel}","templated":true}]}}