{"id":29550,"date":"2021-08-11T17:02:24","date_gmt":"2021-08-11T15:02:24","guid":{"rendered":"http:\/\/skyline-gs.com\/?post_type=product&#038;p=29550"},"modified":"2026-02-24T23:08:04","modified_gmt":"2026-02-24T21:08:04","slug":"city-tour-dubai","status":"publish","type":"product","link":"https:\/\/skyline-gs.com\/pl\/product\/city-tour-dubai\/","title":{"rendered":"Wycieczka krajoznawcza po Dubaju"},"content":{"rendered":"<p data-start=\"39\" data-end=\"271\">\u0414\u0443\u0431\u0430\u0439 \u2014 \u044d\u0442\u043e \u0433\u043e\u0440\u043e\u0434 \u0431\u0443\u0434\u0443\u0449\u0435\u0433\u043e, \u0432\u043e\u043f\u043b\u043e\u0442\u0438\u0432\u0448\u0438\u0439 \u0432 \u0441\u0435\u0431\u0435 \u0440\u043e\u0441\u043a\u043e\u0448\u044c, \u0442\u0435\u0445\u043d\u043e\u043b\u043e\u0433\u0438\u0447\u043d\u043e\u0441\u0442\u044c \u0438 \u0442\u0440\u0430\u0434\u0438\u0446\u0438\u0438 \u0412\u043e\u0441\u0442\u043e\u043a\u0430. \u041e\u043d \u0437\u0430\u0432\u043e\u0440\u0430\u0436\u0438\u0432\u0430\u0435\u0442 \u0441\u0432\u043e\u0438\u043c\u0438 \u043d\u0435\u0431\u043e\u0441\u043a\u0440\u0451\u0431\u0430\u043c\u0438, \u0440\u0443\u043a\u043e\u0442\u0432\u043e\u0440\u043d\u044b\u043c\u0438 \u043e\u0441\u0442\u0440\u043e\u0432\u0430\u043c\u0438 \u0438 \u0431\u0435\u0441\u043a\u043e\u043d\u0435\u0447\u043d\u044b\u043c\u0438 \u043f\u0435\u0440\u0441\u043f\u0435\u043a\u0442\u0438\u0432\u0430\u043c\u0438, \u043d\u043e \u043f\u0440\u0438 \u044d\u0442\u043e\u043c \u0431\u0435\u0440\u0435\u0436\u043d\u043e \u0445\u0440\u0430\u043d\u0438\u0442 \u0441\u0432\u043e\u044e \u0438\u0441\u0442\u043e\u0440\u0438\u044e. \u042d\u0442\u0430 \u044d\u043a\u0441\u043a\u0443\u0440\u0441\u0438\u044f \u043f\u043e\u0437\u0432\u043e\u043b\u0438\u0442 \u0432\u0430\u043c \u043f\u043e\u0433\u0440\u0443\u0437\u0438\u0442\u044c\u0441\u044f \u0432 \u0430\u0442\u043c\u043e\u0441\u0444\u0435\u0440\u0443 \u043c\u0435\u0433\u0430\u043f\u043e\u043b\u0438\u0441\u0430, \u0443\u0432\u0438\u0434\u0435\u0442\u044c \u0435\u0433\u043e \u0433\u043b\u0430\u0432\u043d\u044b\u0435 \u0441\u0438\u043c\u0432\u043e\u043b\u044b \u0438 \u0434\u043e\u0441\u0442\u043e\u043f\u0440\u0438\u043c\u0435\u0447\u0430\u0442\u0435\u043b\u044c\u043d\u043e\u0441\u0442\u0438, \u043f\u0440\u043e\u0439\u0442\u0438\u0441\u044c \u043f\u043e \u0443\u0437\u043a\u0438\u043c \u0443\u043b\u043e\u0447\u043a\u0430\u043c \u0441\u0442\u0430\u0440\u043e\u0433\u043e \u0433\u043e\u0440\u043e\u0434\u0430 \u0438 \u043d\u0430\u0441\u043b\u0430\u0434\u0438\u0442\u044c\u0441\u044f \u0430\u0440\u0445\u0438\u0442\u0435\u043a\u0442\u0443\u0440\u043d\u044b\u043c\u0438 \u0448\u0435\u0434\u0435\u0432\u0440\u0430\u043c\u0438 XXI \u0432\u0435\u043a\u0430.<\/p>\n<p data-start=\"273\" data-end=\"492\"><strong>14:00 - Wyjazd z hotelu<\/strong>.<\/p>\n<ul>\n<li data-start=\"525\" data-end=\"691\"><strong data-start=\"525\" data-end=\"555\">Stary Dubaj i jego historia. <\/strong>Podr\u00f3\u017c rozpoczyna si\u0119 w <strong data-start=\"583\" data-end=\"616\">historyczna dzielnica Bur Dubai<\/strong>gdzie w\u015br\u00f3d tradycyjnych arabskich budynk\u00f3w i rynk\u00f3w <strong data-start=\"666\" data-end=\"688\">duch przesz\u0142o\u015bci \u017cyje dalej<\/strong>.<\/li>\n<li data-start=\"525\" data-end=\"691\"><strong data-start=\"834\" data-end=\"888\">Rejs malowniczym kana\u0142em Creek podczas wycieczki \u0142odzi\u0105 Abra<\/strong> - tradycyjny arabski statek u\u017cywany niegdy\u015b przez po\u0142awiaczy pere\u0142, a dzi\u015b taks\u00f3wka wodna.<\/li>\n<li data-start=\"525\" data-end=\"691\"><strong data-start=\"1005\" data-end=\"1040\"><strong data-start=\"1005\" data-end=\"1040\">\u0420\u0430\u0439\u043e\u043d \u0414\u0436\u0443\u043c\u0435\u0439\u0440\u0430 \u2013 \u0441\u0435\u0440\u0434\u0446\u0435 \u0440\u043e\u0441\u043a\u043e\u0448\u0438.<\/strong><\/strong><\/li>\n<li data-start=\"525\" data-end=\"691\"><strong data-start=\"1045\" data-end=\"1061\">Burj Al Arab<\/strong> - Legendarny hotel Sail, symbol elegancji i bogactwa (przystanek na zdj\u0119cia).<\/li>\n<li data-start=\"525\" data-end=\"691\"><strong data-start=\"1137\" data-end=\"1159\">Park wodny Wild Wadi<\/strong> (fotostop) to jeden z najs\u0142ynniejszych park\u00f3w wodnych na \u015bwiecie.<\/li>\n<li data-start=\"525\" data-end=\"691\"><strong data-start=\"1218\" data-end=\"1238\">Madinat Jumeirah<\/strong> - Malowniczy kompleks z kana\u0142ami wodnymi, arabsk\u0105 architektur\u0105 i kolorowymi targami. Miejsce to nazywane jest <strong data-start=\"1345\" data-end=\"1369\">&#171;\u0414\u0443\u0431\u0430\u0439\u0441\u043a\u043e\u0439 \u0412\u0435\u043d\u0435\u0446\u0438\u0435\u0439&#187;<\/strong>i to jest miejsce, w kt\u00f3rym mo\u017cna to zrobi\u0107. <strong data-start=\"1393\" data-end=\"1420\">\u015bwietne zdj\u0119cia<\/strong>.<\/li>\n<li data-start=\"525\" data-end=\"691\"><strong data-start=\"1425\" data-end=\"1454\">Wyspa Palmowa Jumeirah. <\/strong>Luksusowa, stworzona przez cz\u0142owieka wyspa w kszta\u0142cie palmy - <strong data-start=\"1503\" data-end=\"1533\">wyj\u0105tkowy cud in\u017cynierii<\/strong>.<\/li>\n<li data-start=\"525\" data-end=\"691\"><strong data-start=\"1539\" data-end=\"1566\">Atlantis The Palm Hotel<\/strong> - architektoniczny klejnot wyspy, kt\u00f3ry oferuje <strong data-start=\"1621\" data-end=\"1663\">Zapieraj\u0105ce dech w piersiach widoki na Zatok\u0119 Persk\u0105<\/strong> (fotostop).<\/li>\n<li data-start=\"525\" data-end=\"691\"><strong data-start=\"1679\" data-end=\"1717\">Dubai Marina to dzielnica drapaczy chmur. <\/strong>Jeste\u015b tu mile widziany <strong data-start=\"1735\" data-end=\"1766\">osza\u0142amiaj\u0105ce panoramy<\/strong>odbijaj\u0105cy si\u0119 w wodzie <strong data-start=\"1788\" data-end=\"1826\">futurystyczne wie\u017cowce<\/strong> i poczucie absolutnego luksusu.<\/li>\n<li data-start=\"525\" data-end=\"691\"><strong style=\"font-family: var(--global-body-font-family);\" data-start=\"1861\" data-end=\"1904\">Sheikh Zayed Road to g\u0142\u00f3wna ulica Dubaju. <\/strong>Podczas podr\u00f3\u017cy przez <strong style=\"font-family: var(--global-body-font-family);\" data-start=\"1927\" data-end=\"1958\">najs\u0142ynniejsza autostrada<\/strong><span style=\"font-family: var(--global-body-font-family);\"> Zjednoczone Emiraty Arabskie b\u0119d\u0105 przed tob\u0105 <\/span><strong style=\"font-family: var(--global-body-font-family);\" data-start=\"1985\" data-end=\"2011\">kultowe drapacze chmur<\/strong><span style=\"font-family: var(--global-body-font-family);\"><span style=\"font-family: var(--global-body-font-family);\">:<\/span><\/span><\/li>\n<li data-start=\"525\" data-end=\"691\"><strong data-start=\"2017\" data-end=\"2051\">Bli\u017aniacze wie\u017ce Emirates Towers<\/strong><\/li>\n<li data-start=\"525\" data-end=\"691\"><strong data-start=\"2056\" data-end=\"2080\">Rose Tower Hotel<\/strong><\/li>\n<li data-start=\"525\" data-end=\"691\"><strong data-start=\"2085\" data-end=\"2114\">Dusit Thani Thai Hotel<\/strong><\/li>\n<li data-start=\"525\" data-end=\"691\"><strong data-start=\"2119\" data-end=\"2151\">Bezkonkurencyjny Burj Khalifa.<\/strong> - <strong data-start=\"2154\" data-end=\"2185\">najwy\u017cszy budynek na \u015bwiecie<\/strong>i zapiera dech w piersiach.<\/li>\n<li data-start=\"525\" data-end=\"691\"><strong data-start=\"2223\" data-end=\"2259\">\u0428\u043e\u0443 \u043f\u043e\u044e\u0449\u0438\u0445 \u0444\u043e\u043d\u0442\u0430\u043d\u043e\u0432 \u0438 \u0414\u0443\u0431\u0430\u0439 \u041c\u043e\u043b\u043b. <\/strong>\u0424\u0438\u043d\u0430\u043b\u043e\u043c \u044d\u043a\u0441\u043a\u0443\u0440\u0441\u0438\u0438 \u0441\u0442\u0430\u043d\u0435\u0442 <strong data-start=\"2287\" data-end=\"2338\">\u043c\u0443\u0437\u044b\u043a\u0430\u043b\u044c\u043d\u043e\u0435 \u0448\u043e\u0443 \u0444\u043e\u043d\u0442\u0430\u043d\u043e\u0432 \u0443 \u043f\u043e\u0434\u043d\u043e\u0436\u0438\u044f \u0411\u0443\u0440\u0436-\u0425\u0430\u043b\u0438\u0444\u044b<\/strong> - <strong data-start=\"2341\" data-end=\"2391\">\u0441\u0430\u043c\u044b\u0445 \u0431\u043e\u043b\u044c\u0448\u0438\u0445 \u0445\u043e\u0440\u0435\u043e\u0433\u0440\u0430\u0444\u0438\u0447\u0435\u0441\u043a\u0438\u0445 \u0444\u043e\u043d\u0442\u0430\u043d\u043e\u0432 \u0432 \u043c\u0438\u0440\u0435<\/strong>. \u0417\u0434\u0435\u0441\u044c \u0436\u0435 \u043d\u0430\u0445\u043e\u0434\u0438\u0442\u0441\u044f <strong data-start=\"2414\" data-end=\"2449\">\u0433\u0438\u0433\u0430\u043d\u0442\u0441\u043a\u0438\u0439 \u0430\u043a\u0432\u0430\u0440\u0438\u0443\u043c \u0414\u0443\u0431\u0430\u0439 \u041c\u043e\u043b\u043b\u0430<\/strong>, \u0433\u0434\u0435 \u043c\u043e\u0436\u043d\u043e \u0443\u0432\u0438\u0434\u0435\u0442\u044c \u0441\u043e\u0442\u043d\u0438 \u043c\u043e\u0440\u0441\u043a\u0438\u0445 \u0441\u0443\u0449\u0435\u0441\u0442\u0432.<\/li>\n<\/ul>\n<p data-start=\"2495\" data-end=\"2523\"><strong>21:00 - Powr\u00f3t do hotelu.<\/strong><\/p>\n<p><strong>W zestawie:<\/strong><\/p>\n<ul>\n<li>Transfery do i z hotelu (z Dubaju, Szard\u017cy i Ad\u017cmanu)<\/li>\n<li>Wszystkie transfery w ramach programu klimatyzowanym autokarem<\/li>\n<li>Rosyjskoj\u0119zyczny przewodnik<\/li>\n<li>Bilety wst\u0119pu<\/li>\n<\/ul>\n<p><strong>Co ze sob\u0105 zabra\u0107?<\/strong><\/p>\n<ul>\n<li>Kamera<\/li>\n<li>Nakrycie g\u0142owy<\/li>\n<li>Woda<\/li>\n<li>Pieni\u0105dze na wydatki osobiste, pami\u0105tki i zakupy<\/li>\n<\/ul>","protected":false},"excerpt":{"rendered":"<p><strong>Czas wycieczki:<\/strong> 14:00 &#8212; 21:00<\/p>\n<p><strong>Holding Days:<\/strong> Poniedzia\u0142ek, \u015broda i sobota<\/p>","protected":false},"featured_media":29563,"template":"","meta":{"_kad_post_transparent":"default","_kad_post_title":"","_kad_post_layout":"default","_kad_post_sidebar_id":"","_kad_post_content_style":"default","_kad_post_vertical_padding":"default","_kad_post_feature":"","_kad_post_feature_position":"","_kad_post_header":false,"_kad_post_footer":false,"_kad_post_classname":"","_glsr_average":0,"_glsr_ranking":0,"_glsr_reviews":0},"product_brand":[],"product_cat":[438],"product_tag":[],"class_list":{"0":"post-29550","1":"product","2":"type-product","3":"status-publish","4":"has-post-thumbnail","6":"product_cat-dubai","7":"tm-has-options","9":"first","10":"instock","11":"sold-individually","12":"taxable","13":"shipping-taxable","14":"purchasable","15":"product-type-simple","16":"entry","17":"content-bg","18":"loop-entry"},"yoast_head":"<!-- This site is optimized with the Yoast SEO plugin v27.3 - https:\/\/yoast.com\/product\/yoast-seo-wordpress\/ -->\n<title>\u041e\u0431\u0437\u043e\u0440\u043d\u0430\u044f \u043f\u043e \u0414\u0443\u0431\u0430\u044e &#8226; \u042d\u043a\u0441\u043a\u0443\u0440\u0441\u0438\u0438 Skyline<\/title>\n<meta name=\"robots\" content=\"index, follow, max-snippet:-1, max-image-preview:large, max-video-preview:-1\" \/>\n<link rel=\"canonical\" href=\"https:\/\/skyline-gs.com\/pl\/produkt\/city-tour-dubai\/\" \/>\n<meta property=\"og:locale\" content=\"pl_PL\" \/>\n<meta property=\"og:type\" content=\"article\" \/>\n<meta property=\"og:title\" content=\"\u041e\u0431\u0437\u043e\u0440\u043d\u0430\u044f \u043f\u043e \u0414\u0443\u0431\u0430\u044e &#8226; \u042d\u043a\u0441\u043a\u0443\u0440\u0441\u0438\u0438 Skyline\" \/>\n<meta property=\"og:description\" content=\"\u0412\u0440\u0435\u043c\u044f \u0442\u0443\u0440\u0430: 14:00 - 21:00  \u0414\u043d\u0438 \u043f\u0440\u043e\u0432\u0435\u0434\u0435\u043d\u0438\u044f: \u043f\u043e\u043d\u0435\u0434\u0435\u043b\u044c\u043d\u0438\u043a, \u0441\u0440\u0435\u0434\u0430 \u0438 \u0441\u0443\u0431\u0431\u043e\u0442\u0430\" \/>\n<meta property=\"og:url\" content=\"https:\/\/skyline-gs.com\/pl\/produkt\/city-tour-dubai\/\" \/>\n<meta property=\"og:site_name\" content=\"\u042d\u043a\u0441\u043a\u0443\u0440\u0441\u0438\u0438 Skyline\" \/>\n<meta property=\"article:modified_time\" content=\"2026-02-24T21:08:04+00:00\" \/>\n<meta property=\"og:image\" content=\"https:\/\/skyline-gs.com\/wp-content\/uploads\/2021\/08\/23.jpg\" \/>\n\t<meta property=\"og:image:width\" content=\"669\" \/>\n\t<meta property=\"og:image:height\" content=\"446\" \/>\n\t<meta property=\"og:image:type\" content=\"image\/jpeg\" \/>\n<meta name=\"twitter:card\" content=\"summary_large_image\" \/>\n<meta name=\"twitter:label1\" content=\"Szacowany czas czytania\" \/>\n\t<meta name=\"twitter:data1\" content=\"2 minuty\" \/>\n<script type=\"application\/ld+json\" class=\"yoast-schema-graph\">{\"@context\":\"https:\\\/\\\/schema.org\",\"@graph\":[{\"@type\":\"WebPage\",\"@id\":\"https:\\\/\\\/skyline-gs.com\\\/product\\\/city-tour-dubai\\\/\",\"url\":\"https:\\\/\\\/skyline-gs.com\\\/product\\\/city-tour-dubai\\\/\",\"name\":\"\u041e\u0431\u0437\u043e\u0440\u043d\u0430\u044f \u043f\u043e \u0414\u0443\u0431\u0430\u044e &#8226; \u042d\u043a\u0441\u043a\u0443\u0440\u0441\u0438\u0438 Skyline\",\"isPartOf\":{\"@id\":\"https:\\\/\\\/skyline-gs.com\\\/it\\\/#website\"},\"primaryImageOfPage\":{\"@id\":\"https:\\\/\\\/skyline-gs.com\\\/product\\\/city-tour-dubai\\\/#primaryimage\"},\"image\":{\"@id\":\"https:\\\/\\\/skyline-gs.com\\\/product\\\/city-tour-dubai\\\/#primaryimage\"},\"thumbnailUrl\":\"https:\\\/\\\/skyline-gs.com\\\/wp-content\\\/uploads\\\/2021\\\/08\\\/23.jpg\",\"datePublished\":\"2021-08-11T15:02:24+00:00\",\"dateModified\":\"2026-02-24T21:08:04+00:00\",\"breadcrumb\":{\"@id\":\"https:\\\/\\\/skyline-gs.com\\\/product\\\/city-tour-dubai\\\/#breadcrumb\"},\"inLanguage\":\"pl-PL\",\"potentialAction\":[{\"@type\":\"ReadAction\",\"target\":[\"https:\\\/\\\/skyline-gs.com\\\/product\\\/city-tour-dubai\\\/\"]}]},{\"@type\":\"ImageObject\",\"inLanguage\":\"pl-PL\",\"@id\":\"https:\\\/\\\/skyline-gs.com\\\/product\\\/city-tour-dubai\\\/#primaryimage\",\"url\":\"https:\\\/\\\/skyline-gs.com\\\/wp-content\\\/uploads\\\/2021\\\/08\\\/23.jpg\",\"contentUrl\":\"https:\\\/\\\/skyline-gs.com\\\/wp-content\\\/uploads\\\/2021\\\/08\\\/23.jpg\",\"width\":669,\"height\":446},{\"@type\":\"BreadcrumbList\",\"@id\":\"https:\\\/\\\/skyline-gs.com\\\/product\\\/city-tour-dubai\\\/#breadcrumb\",\"itemListElement\":[{\"@type\":\"ListItem\",\"position\":1,\"name\":\"\u0413\u043b\u0430\u0432\u043d\u0430\u044f \u0441\u0442\u0440\u0430\u043d\u0438\u0446\u0430\",\"item\":\"https:\\\/\\\/skyline-gs.com\\\/hu\\\/\"},{\"@type\":\"ListItem\",\"position\":2,\"name\":\"\u041c\u0430\u0433\u0430\u0437\u0438\u043d\",\"item\":\"https:\\\/\\\/skyline-gs.com\\\/cs\\\/shop\\\/\"},{\"@type\":\"ListItem\",\"position\":3,\"name\":\"\u041e\u0431\u0437\u043e\u0440\u043d\u0430\u044f \u043f\u043e \u0414\u0443\u0431\u0430\u044e\"}]},{\"@type\":\"WebSite\",\"@id\":\"https:\\\/\\\/skyline-gs.com\\\/it\\\/#website\",\"url\":\"https:\\\/\\\/skyline-gs.com\\\/it\\\/\",\"name\":\"\u042d\u043a\u0441\u043a\u0443\u0440\u0441\u0438\u0438 Skyline\",\"description\":\"\u042d\u043a\u0441\u043a\u043b\u044e\u0437\u0438\u0432\u043d\u044b\u0435 \u044d\u043a\u0441\u043a\u0443\u0440\u0441\u0438\u0438 \u043d\u0430 \u043b\u0443\u0447\u0448\u0438\u0445 \u043a\u0443\u0440\u043e\u0440\u0442\u0430\u0445 \u043c\u0438\u0440\u0430\",\"publisher\":{\"@id\":\"https:\\\/\\\/skyline-gs.com\\\/it\\\/#organization\"},\"alternateName\":\"Skyline\",\"potentialAction\":[{\"@type\":\"SearchAction\",\"target\":{\"@type\":\"EntryPoint\",\"urlTemplate\":\"https:\\\/\\\/skyline-gs.com\\\/it\\\/?s={search_term_string}\"},\"query-input\":{\"@type\":\"PropertyValueSpecification\",\"valueRequired\":true,\"valueName\":\"search_term_string\"}}],\"inLanguage\":\"pl-PL\"},{\"@type\":\"Organization\",\"@id\":\"https:\\\/\\\/skyline-gs.com\\\/it\\\/#organization\",\"name\":\"\u042d\u043a\u0441\u043a\u0443\u0440\u0441\u0438\u0438 Skyline\",\"alternateName\":\"\u042d\u043a\u0441\u043a\u0443\u0440\u0441\u0438\u0438 Skyline\",\"url\":\"https:\\\/\\\/skyline-gs.com\\\/it\\\/\",\"logo\":{\"@type\":\"ImageObject\",\"inLanguage\":\"pl-PL\",\"@id\":\"https:\\\/\\\/skyline-gs.com\\\/it\\\/#\\\/schema\\\/logo\\\/image\\\/\",\"url\":\"https:\\\/\\\/skyline-gs.com\\\/wp-content\\\/uploads\\\/2020\\\/12\\\/cropped-logo-2.png\",\"contentUrl\":\"https:\\\/\\\/skyline-gs.com\\\/wp-content\\\/uploads\\\/2020\\\/12\\\/cropped-logo-2.png\",\"width\":512,\"height\":512,\"caption\":\"\u042d\u043a\u0441\u043a\u0443\u0440\u0441\u0438\u0438 Skyline\"},\"image\":{\"@id\":\"https:\\\/\\\/skyline-gs.com\\\/it\\\/#\\\/schema\\\/logo\\\/image\\\/\"},\"sameAs\":[\"https:\\\/\\\/www.instagram.com\\\/skylineglobalservice\\\/\"]}]}<\/script>\n<!-- \/ Yoast SEO plugin. -->","yoast_head_json":{"title":"\u041e\u0431\u0437\u043e\u0440\u043d\u0430\u044f \u043f\u043e \u0414\u0443\u0431\u0430\u044e &#8226; \u042d\u043a\u0441\u043a\u0443\u0440\u0441\u0438\u0438 Skyline","robots":{"index":"index","follow":"follow","max-snippet":"max-snippet:-1","max-image-preview":"max-image-preview:large","max-video-preview":"max-video-preview:-1"},"canonical":"https:\/\/skyline-gs.com\/pl\/produkt\/city-tour-dubai\/","og_locale":"pl_PL","og_type":"article","og_title":"\u041e\u0431\u0437\u043e\u0440\u043d\u0430\u044f \u043f\u043e \u0414\u0443\u0431\u0430\u044e &#8226; \u042d\u043a\u0441\u043a\u0443\u0440\u0441\u0438\u0438 Skyline","og_description":"\u0412\u0440\u0435\u043c\u044f \u0442\u0443\u0440\u0430: 14:00 - 21:00  \u0414\u043d\u0438 \u043f\u0440\u043e\u0432\u0435\u0434\u0435\u043d\u0438\u044f: \u043f\u043e\u043d\u0435\u0434\u0435\u043b\u044c\u043d\u0438\u043a, \u0441\u0440\u0435\u0434\u0430 \u0438 \u0441\u0443\u0431\u0431\u043e\u0442\u0430","og_url":"https:\/\/skyline-gs.com\/pl\/produkt\/city-tour-dubai\/","og_site_name":"\u042d\u043a\u0441\u043a\u0443\u0440\u0441\u0438\u0438 Skyline","article_modified_time":"2026-02-24T21:08:04+00:00","og_image":[{"width":669,"height":446,"url":"https:\/\/skyline-gs.com\/wp-content\/uploads\/2021\/08\/23.jpg","type":"image\/jpeg"}],"twitter_card":"summary_large_image","twitter_misc":{"Szacowany czas czytania":"2 minuty"},"schema":{"@context":"https:\/\/schema.org","@graph":[{"@type":"WebPage","@id":"https:\/\/skyline-gs.com\/product\/city-tour-dubai\/","url":"https:\/\/skyline-gs.com\/product\/city-tour-dubai\/","name":"\u041e\u0431\u0437\u043e\u0440\u043d\u0430\u044f \u043f\u043e \u0414\u0443\u0431\u0430\u044e &#8226; \u042d\u043a\u0441\u043a\u0443\u0440\u0441\u0438\u0438 Skyline","isPartOf":{"@id":"https:\/\/skyline-gs.com\/it\/#website"},"primaryImageOfPage":{"@id":"https:\/\/skyline-gs.com\/product\/city-tour-dubai\/#primaryimage"},"image":{"@id":"https:\/\/skyline-gs.com\/product\/city-tour-dubai\/#primaryimage"},"thumbnailUrl":"https:\/\/skyline-gs.com\/wp-content\/uploads\/2021\/08\/23.jpg","datePublished":"2021-08-11T15:02:24+00:00","dateModified":"2026-02-24T21:08:04+00:00","breadcrumb":{"@id":"https:\/\/skyline-gs.com\/product\/city-tour-dubai\/#breadcrumb"},"inLanguage":"pl-PL","potentialAction":[{"@type":"ReadAction","target":["https:\/\/skyline-gs.com\/product\/city-tour-dubai\/"]}]},{"@type":"ImageObject","inLanguage":"pl-PL","@id":"https:\/\/skyline-gs.com\/product\/city-tour-dubai\/#primaryimage","url":"https:\/\/skyline-gs.com\/wp-content\/uploads\/2021\/08\/23.jpg","contentUrl":"https:\/\/skyline-gs.com\/wp-content\/uploads\/2021\/08\/23.jpg","width":669,"height":446},{"@type":"BreadcrumbList","@id":"https:\/\/skyline-gs.com\/product\/city-tour-dubai\/#breadcrumb","itemListElement":[{"@type":"ListItem","position":1,"name":"\u0413\u043b\u0430\u0432\u043d\u0430\u044f \u0441\u0442\u0440\u0430\u043d\u0438\u0446\u0430","item":"https:\/\/skyline-gs.com\/hu\/"},{"@type":"ListItem","position":2,"name":"\u041c\u0430\u0433\u0430\u0437\u0438\u043d","item":"https:\/\/skyline-gs.com\/cs\/shop\/"},{"@type":"ListItem","position":3,"name":"\u041e\u0431\u0437\u043e\u0440\u043d\u0430\u044f \u043f\u043e \u0414\u0443\u0431\u0430\u044e"}]},{"@type":"WebSite","@id":"https:\/\/skyline-gs.com\/it\/#website","url":"https:\/\/skyline-gs.com\/it\/","name":"Wycieczki Skyline","description":"Ekskluzywne wycieczki do najlepszych kurort\u00f3w na \u015bwiecie","publisher":{"@id":"https:\/\/skyline-gs.com\/it\/#organization"},"alternateName":"Skyline","potentialAction":[{"@type":"SearchAction","target":{"@type":"EntryPoint","urlTemplate":"https:\/\/skyline-gs.com\/it\/?s={search_term_string}"},"query-input":{"@type":"PropertyValueSpecification","valueRequired":true,"valueName":"search_term_string"}}],"inLanguage":"pl-PL"},{"@type":"Organization","@id":"https:\/\/skyline-gs.com\/it\/#organization","name":"Wycieczki Skyline","alternateName":"\u042d\u043a\u0441\u043a\u0443\u0440\u0441\u0438\u0438 Skyline","url":"https:\/\/skyline-gs.com\/it\/","logo":{"@type":"ImageObject","inLanguage":"pl-PL","@id":"https:\/\/skyline-gs.com\/it\/#\/schema\/logo\/image\/","url":"https:\/\/skyline-gs.com\/wp-content\/uploads\/2020\/12\/cropped-logo-2.png","contentUrl":"https:\/\/skyline-gs.com\/wp-content\/uploads\/2020\/12\/cropped-logo-2.png","width":512,"height":512,"caption":"\u042d\u043a\u0441\u043a\u0443\u0440\u0441\u0438\u0438 Skyline"},"image":{"@id":"https:\/\/skyline-gs.com\/it\/#\/schema\/logo\/image\/"},"sameAs":["https:\/\/www.instagram.com\/skylineglobalservice\/"]}]}},"_links":{"self":[{"href":"https:\/\/skyline-gs.com\/pl\/wp-json\/wp\/v2\/product\/29550","targetHints":{"allow":["GET"]}}],"collection":[{"href":"https:\/\/skyline-gs.com\/pl\/wp-json\/wp\/v2\/product"}],"about":[{"href":"https:\/\/skyline-gs.com\/pl\/wp-json\/wp\/v2\/types\/product"}],"version-history":[{"count":0,"href":"https:\/\/skyline-gs.com\/pl\/wp-json\/wp\/v2\/product\/29550\/revisions"}],"wp:featuredmedia":[{"embeddable":true,"href":"https:\/\/skyline-gs.com\/pl\/wp-json\/wp\/v2\/media\/29563"}],"wp:attachment":[{"href":"https:\/\/skyline-gs.com\/pl\/wp-json\/wp\/v2\/media?parent=29550"}],"wp:term":[{"taxonomy":"product_brand","embeddable":true,"href":"https:\/\/skyline-gs.com\/pl\/wp-json\/wp\/v2\/product_brand?post=29550"},{"taxonomy":"product_cat","embeddable":true,"href":"https:\/\/skyline-gs.com\/pl\/wp-json\/wp\/v2\/product_cat?post=29550"},{"taxonomy":"product_tag","embeddable":true,"href":"https:\/\/skyline-gs.com\/pl\/wp-json\/wp\/v2\/product_tag?post=29550"}],"curies":[{"name":"wp","href":"https:\/\/api.w.org\/{rel}","templated":true}]}}