{"id":26758,"date":"2021-07-05T19:03:00","date_gmt":"2021-07-05T17:03:00","guid":{"rendered":"http:\/\/skyline-gs.com\/?post_type=product&#038;p=26758"},"modified":"2023-10-04T18:09:35","modified_gmt":"2023-10-04T16:09:35","slug":"masai-mara-2-days","status":"publish","type":"product","link":"https:\/\/skyline-gs.com\/pl\/product\/masai-mara-2-days\/","title":{"rendered":"Masai Mara 2 dni"},"content":{"rendered":"<p><strong>Dzie\u0144 1<\/strong><\/p>\n<p>Odbierzemy Ci\u0119 wcze\u015bnie z hotelu lub lotniska w Nairobi. Zaczynamy o 5 rano - wsiadamy do jeepa 4\u00d74 i jedziemy do najpopularniejszego rezerwatu zwierzyny w Kenii, Masai Mara. Po drodze b\u0119dziemy podziwia\u0107 kolorowe widoki afryka\u0144skiej przyrody w promieniach wschodz\u0105cego s\u0142o\u0144ca. Na \u015bniadanie zatrzymamy si\u0119 w mie\u015bcie Narok. Po orze\u017awieniu b\u0119dziemy kontynuowa\u0107 nasz\u0105 podr\u00f3\u017c. Z samochodu zobaczymy lokalne zagrody i by\u0107 mo\u017ce spotkamy pasterzy Masaj\u00f3w w ich kolorowych strojach opiekuj\u0105cych si\u0119 stadami zwierz\u0105t domowych.<\/p>\n<p>Po po\u0142udniu dotrzemy na miejsce. Czeka nas safari non-stop, lunch, relaks - wszystko w s\u0142ynnym na ca\u0142ym \u015bwiecie parku, w kt\u00f3rym od lipca do wrze\u015bnia odbywa si\u0119 Wielka Migracja Zwierz\u0105t! Je\u015bli b\u0119dziemy mieli szcz\u0119\u015bcie, zobaczymy ogromne stada zebr i antylop! Podczas zwiedzania okolicy b\u0119dziemy mogli spotka\u0107 s\u0142onie, lwy, lamparty, nosoro\u017cce i prawie sto innych ssak\u00f3w. Podczas safari b\u0119dziemy piknikowa\u0107 w pobli\u017cu rzeki Mara, gdzie b\u0119dziemy obserwowa\u0107, jak zachowuj\u0105 si\u0119 zwierz\u0119ta podczas przekraczania rzeki, krokodyle, a tak\u017ce inne drapie\u017cniki prze\u015bladuj\u0105ce swoj\u0105 ofiar\u0119. Kolacja i nocleg - bezpo\u015brednio w parku Masai Mara - w domku lub na kempingu.<\/p>\n<p><strong>Dzie\u0144 2<\/strong><\/p>\n<p>Dzi\u015b budzimy si\u0119 wcze\u015bnie, poniewa\u017c \u015bwiat dzikiej przyrody jest szczeg\u00f3lnie pi\u0119kny i ciekawy o \u015bwicie! Wyruszamy na safari, robimy przerw\u0119 na \u015bniadanie, a nast\u0119pnie ponownie eksplorujemy terytorium chronionych siedlisk niezliczonych dzikich zwierz\u0105t i ptak\u00f3w. Opcjonalna wycieczka fakultatywna do wioski plemiennej Masaj\u00f3w, gdzie poznamy przedstawicieli tego afryka\u0144skiego ludu, poznamy ich kultur\u0119 i tradycje.<\/p>\n<p>Chcesz czego\u015b niezwyk\u0142ego? Zarezerwuj lot balonem na ogrzane powietrze jako opcjonalny dodatek! Spotkasz si\u0119 ze wschodem s\u0142o\u0144ca, szybuj\u0105c nad parkiem, gdzie dzika przyroda w\u0142a\u015bnie si\u0119 budzi. Poinformuj przewodnika z wyprzedzeniem o swoim \u017cyczeniu, a my wszystko zorganizujemy. Po ostatniej przeja\u017cd\u017cce przez rezerwat i sfotografowaniu tych niesamowitych miejsc po\u017cegnamy si\u0119 z Masai Mara i wr\u00f3cimy do Nairobi. Po drodze zatrzymamy si\u0119 w punkcie widokowym, z kt\u00f3rego roztacza si\u0119 imponuj\u0105cy widok na Wielk\u0105 Dolin\u0119 Ryftow\u0105. Pod wiecz\u00f3r b\u0119dziemy na miejscu - zabieraj\u0105c Ci\u0119 na lotnisko, do hotelu lub opcjonalnie do granicy z Tanzani\u0105.<\/p>\n<p><strong>W zestawie:<\/strong><\/p>\n<ul>\n<li>Podr\u00f3\u017cowanie Toyot\u0105 Land Cruiser Jeep z nap\u0119dem na cztery ko\u0142a<\/li>\n<li>Us\u0142ugi profesjonalnego angloj\u0119zycznego kierowcy (przewodnika)<\/li>\n<li>Transfer z i do Nairobi<\/li>\n<li>Bilety wst\u0119pu do parku<\/li>\n<li>Zakwaterowanie w domku lub na kempingu<\/li>\n<li>Posi\u0142ki: 2 \u015bniadania, 2 obiady, 1 kolacja<\/li>\n<li>Woda butelkowana w poje\u017adzie safari<\/li>\n<li>\"Lataj\u0105cy lekarze\", ratownicy.<\/li>\n<li>Wszystkie podatki i op\u0142aty<\/li>\n<\/ul>\n<p><strong>Brak w zestawie:<\/strong><\/p>\n<ul>\n<li>Napoje butelkowane<\/li>\n<\/ul>\n<p><strong>Zabierz go ze sob\u0105:<\/strong><\/p>\n<ul>\n<li>Wygodne buty i ubrania. \u041b<span class=\"fontstyle0\">d\u0142ugie spodnie, koszula z d\u0142ugim r\u0119kawem, T-shirt;<\/span><\/li>\n<li>Kurtka na wypadek deszczu lub ch\u0142odnych wieczor\u00f3w;<\/li>\n<li>Sprz\u0119t foto-wideo. Urz\u0105dzenia nale\u017cy na\u0142adowa\u0107 z wyprzedzeniem;<\/li>\n<li>Wymie\u0144 pieni\u0105dze na drobne banknoty. Przydadz\u0105 si\u0119 one na pami\u0105tki i napiwki dla stra\u017cnik\u00f3w. Zalecany napiwek to 5$ na osob\u0119;<\/li>\n<li><span class=\"fontstyle0\">Okulary przeciws\u0142oneczne i panama, filtr przeciws\u0142oneczny;<\/span><\/li>\n<li><span class=\"fontstyle0\">\u015arodki higieny osobistej, apteczka pierwszej pomocy;<\/span><\/li>\n<li><span class=\"fontstyle0\">\u017bel do dezynfekcji r\u0105k.<\/span><\/li>\n<\/ul>","protected":false},"excerpt":{"rendered":"<p><strong>Czas trwania: <\/strong>2 dni<\/p>\n<p><strong>Holding Days:<\/strong> codzienny<\/p>\n<p>Masai Mara - wybierz si\u0119 na ekscytuj\u0105ce safari w jednym z najpopularniejszych park\u00f3w dzikiej przyrody na \u015bwiecie, gdzie spotkasz zwierz\u0119ta z \"Wielkiej Pi\u0105tki Afryki\" i nie tylko!<\/p>","protected":false},"featured_media":26780,"template":"","meta":{"_kad_post_transparent":"","_kad_post_title":"","_kad_post_layout":"","_kad_post_sidebar_id":"","_kad_post_content_style":"","_kad_post_vertical_padding":"","_kad_post_feature":"","_kad_post_feature_position":"","_kad_post_header":false,"_kad_post_footer":false,"_kad_post_classname":"","_glsr_average":0,"_glsr_ranking":0,"_glsr_reviews":0},"product_brand":[],"product_cat":[295],"product_tag":[],"class_list":{"0":"post-26758","1":"product","2":"type-product","3":"status-publish","4":"has-post-thumbnail","6":"product_cat-uncategorized","7":"tm-has-options","9":"first","10":"instock","11":"sold-individually","12":"taxable","13":"shipping-taxable","14":"purchasable","15":"product-type-simple","16":"entry","17":"content-bg","18":"loop-entry"},"yoast_head":"<!-- This site is optimized with the Yoast SEO plugin v27.3 - https:\/\/yoast.com\/product\/yoast-seo-wordpress\/ -->\n<title>\u041c\u0430\u0441\u0430\u0438 \u041c\u0430\u0440\u0430 2 \u0434\u043d\u044f &#8226; \u042d\u043a\u0441\u043a\u0443\u0440\u0441\u0438\u0438 Skyline<\/title>\n<meta name=\"robots\" content=\"index, follow, max-snippet:-1, max-image-preview:large, max-video-preview:-1\" \/>\n<link rel=\"canonical\" href=\"https:\/\/skyline-gs.com\/pl\/produkt\/masai-mara-2-days\/\" \/>\n<meta property=\"og:locale\" content=\"pl_PL\" \/>\n<meta property=\"og:type\" content=\"article\" \/>\n<meta property=\"og:title\" content=\"\u041c\u0430\u0441\u0430\u0438 \u041c\u0430\u0440\u0430 2 \u0434\u043d\u044f &#8226; \u042d\u043a\u0441\u043a\u0443\u0440\u0441\u0438\u0438 Skyline\" \/>\n<meta property=\"og:description\" content=\"\u0414\u043b\u0438\u0442\u0435\u043b\u044c\u043d\u043e\u0441\u0442\u044c: 2 \u0434\u043d\u044f  \u0414\u043d\u0438 \u043f\u0440\u043e\u0432\u0435\u0434\u0435\u043d\u0438\u044f: \u0435\u0436\u0435\u0434\u043d\u0435\u0432\u043d\u043e  \u041c\u0430\u0441\u0430\u0438 \u041c\u0430\u0440\u0430 \u2013 \u0443\u0441\u0442\u0440\u043e\u0438\u043c \u0443\u0432\u043b\u0435\u043a\u0430\u0442\u0435\u043b\u044c\u043d\u043e\u0435 \u0441\u0430\u0444\u0430\u0440\u0438 \u0432 \u043e\u0434\u043d\u043e\u043c \u0438\u0437 \u0441\u0430\u043c\u044b\u0445 \u043f\u043e\u043f\u0443\u043b\u044f\u0440\u043d\u044b\u0445 \u0432 \u043c\u0438\u0440\u0435 \u043f\u0430\u0440\u043a\u043e\u0432 \u0434\u0438\u043a\u043e\u0439 \u043f\u0440\u0438\u0440\u043e\u0434\u044b, \u0433\u0434\u0435 \u0432\u0441\u0442\u0440\u0435\u0442\u0438\u043c \u0436\u0438\u0432\u043e\u0442\u043d\u044b\u0445 \u0438\u0437 \u00ab\u0411\u043e\u043b\u044c\u0448\u043e\u0439 \u0430\u0444\u0440\u0438\u043a\u0430\u043d\u0441\u043a\u043e\u0439 \u043f\u044f\u0442\u0435\u0440\u043a\u0438\u00bb \u0438 \u043d\u0435 \u0442\u043e\u043b\u044c\u043a\u043e!\" \/>\n<meta property=\"og:url\" content=\"https:\/\/skyline-gs.com\/pl\/produkt\/masai-mara-2-days\/\" \/>\n<meta property=\"og:site_name\" content=\"\u042d\u043a\u0441\u043a\u0443\u0440\u0441\u0438\u0438 Skyline\" \/>\n<meta property=\"article:modified_time\" content=\"2023-10-04T16:09:35+00:00\" \/>\n<meta property=\"og:image\" content=\"https:\/\/skyline-gs.com\/wp-content\/uploads\/2021\/07\/4f.jpg\" \/>\n\t<meta property=\"og:image:width\" content=\"669\" \/>\n\t<meta property=\"og:image:height\" content=\"446\" \/>\n\t<meta property=\"og:image:type\" content=\"image\/jpeg\" \/>\n<meta name=\"twitter:card\" content=\"summary_large_image\" \/>\n<meta name=\"twitter:label1\" content=\"Szacowany czas czytania\" \/>\n\t<meta name=\"twitter:data1\" content=\"2 minuty\" \/>\n<script type=\"application\/ld+json\" class=\"yoast-schema-graph\">{\"@context\":\"https:\\\/\\\/schema.org\",\"@graph\":[{\"@type\":\"WebPage\",\"@id\":\"https:\\\/\\\/skyline-gs.com\\\/pl\\\/produkt\\\/masai-mara-2-days\\\/\",\"url\":\"https:\\\/\\\/skyline-gs.com\\\/pl\\\/produkt\\\/masai-mara-2-days\\\/\",\"name\":\"\u041c\u0430\u0441\u0430\u0438 \u041c\u0430\u0440\u0430 2 \u0434\u043d\u044f &#8226; \u042d\u043a\u0441\u043a\u0443\u0440\u0441\u0438\u0438 Skyline\",\"isPartOf\":{\"@id\":\"https:\\\/\\\/skyline-gs.com\\\/it\\\/#website\"},\"primaryImageOfPage\":{\"@id\":\"https:\\\/\\\/skyline-gs.com\\\/pl\\\/produkt\\\/masai-mara-2-days\\\/#primaryimage\"},\"image\":{\"@id\":\"https:\\\/\\\/skyline-gs.com\\\/pl\\\/produkt\\\/masai-mara-2-days\\\/#primaryimage\"},\"thumbnailUrl\":\"https:\\\/\\\/skyline-gs.com\\\/wp-content\\\/uploads\\\/2021\\\/07\\\/4f.jpg\",\"datePublished\":\"2021-07-05T17:03:00+00:00\",\"dateModified\":\"2023-10-04T16:09:35+00:00\",\"breadcrumb\":{\"@id\":\"https:\\\/\\\/skyline-gs.com\\\/pl\\\/produkt\\\/masai-mara-2-days\\\/#breadcrumb\"},\"inLanguage\":\"pl-PL\",\"potentialAction\":[{\"@type\":\"ReadAction\",\"target\":[\"https:\\\/\\\/skyline-gs.com\\\/pl\\\/produkt\\\/masai-mara-2-days\\\/\"]}]},{\"@type\":\"ImageObject\",\"inLanguage\":\"pl-PL\",\"@id\":\"https:\\\/\\\/skyline-gs.com\\\/pl\\\/produkt\\\/masai-mara-2-days\\\/#primaryimage\",\"url\":\"https:\\\/\\\/skyline-gs.com\\\/wp-content\\\/uploads\\\/2021\\\/07\\\/4f.jpg\",\"contentUrl\":\"https:\\\/\\\/skyline-gs.com\\\/wp-content\\\/uploads\\\/2021\\\/07\\\/4f.jpg\",\"width\":669,\"height\":446},{\"@type\":\"BreadcrumbList\",\"@id\":\"https:\\\/\\\/skyline-gs.com\\\/pl\\\/produkt\\\/masai-mara-2-days\\\/#breadcrumb\",\"itemListElement\":[{\"@type\":\"ListItem\",\"position\":1,\"name\":\"\u0413\u043b\u0430\u0432\u043d\u0430\u044f \u0441\u0442\u0440\u0430\u043d\u0438\u0446\u0430\",\"item\":\"https:\\\/\\\/skyline-gs.com\\\/hu\\\/\"},{\"@type\":\"ListItem\",\"position\":2,\"name\":\"\u041c\u0430\u0433\u0430\u0437\u0438\u043d\",\"item\":\"https:\\\/\\\/skyline-gs.com\\\/cs\\\/shop\\\/\"},{\"@type\":\"ListItem\",\"position\":3,\"name\":\"\u041c\u0430\u0441\u0430\u0438 \u041c\u0430\u0440\u0430 2 \u0434\u043d\u044f\"}]},{\"@type\":\"WebSite\",\"@id\":\"https:\\\/\\\/skyline-gs.com\\\/it\\\/#website\",\"url\":\"https:\\\/\\\/skyline-gs.com\\\/it\\\/\",\"name\":\"\u042d\u043a\u0441\u043a\u0443\u0440\u0441\u0438\u0438 Skyline\",\"description\":\"\u042d\u043a\u0441\u043a\u043b\u044e\u0437\u0438\u0432\u043d\u044b\u0435 \u044d\u043a\u0441\u043a\u0443\u0440\u0441\u0438\u0438 \u043d\u0430 \u043b\u0443\u0447\u0448\u0438\u0445 \u043a\u0443\u0440\u043e\u0440\u0442\u0430\u0445 \u043c\u0438\u0440\u0430\",\"publisher\":{\"@id\":\"https:\\\/\\\/skyline-gs.com\\\/it\\\/#organization\"},\"alternateName\":\"Skyline\",\"potentialAction\":[{\"@type\":\"SearchAction\",\"target\":{\"@type\":\"EntryPoint\",\"urlTemplate\":\"https:\\\/\\\/skyline-gs.com\\\/it\\\/?s={search_term_string}\"},\"query-input\":{\"@type\":\"PropertyValueSpecification\",\"valueRequired\":true,\"valueName\":\"search_term_string\"}}],\"inLanguage\":\"pl-PL\"},{\"@type\":\"Organization\",\"@id\":\"https:\\\/\\\/skyline-gs.com\\\/it\\\/#organization\",\"name\":\"\u042d\u043a\u0441\u043a\u0443\u0440\u0441\u0438\u0438 Skyline\",\"alternateName\":\"\u042d\u043a\u0441\u043a\u0443\u0440\u0441\u0438\u0438 Skyline\",\"url\":\"https:\\\/\\\/skyline-gs.com\\\/it\\\/\",\"logo\":{\"@type\":\"ImageObject\",\"inLanguage\":\"pl-PL\",\"@id\":\"https:\\\/\\\/skyline-gs.com\\\/it\\\/#\\\/schema\\\/logo\\\/image\\\/\",\"url\":\"https:\\\/\\\/skyline-gs.com\\\/wp-content\\\/uploads\\\/2020\\\/12\\\/cropped-logo-2.png\",\"contentUrl\":\"https:\\\/\\\/skyline-gs.com\\\/wp-content\\\/uploads\\\/2020\\\/12\\\/cropped-logo-2.png\",\"width\":512,\"height\":512,\"caption\":\"\u042d\u043a\u0441\u043a\u0443\u0440\u0441\u0438\u0438 Skyline\"},\"image\":{\"@id\":\"https:\\\/\\\/skyline-gs.com\\\/it\\\/#\\\/schema\\\/logo\\\/image\\\/\"},\"sameAs\":[\"https:\\\/\\\/www.instagram.com\\\/skylineglobalservice\\\/\"]}]}<\/script>\n<!-- \/ Yoast SEO plugin. -->","yoast_head_json":{"title":"\u041c\u0430\u0441\u0430\u0438 \u041c\u0430\u0440\u0430 2 \u0434\u043d\u044f &#8226; \u042d\u043a\u0441\u043a\u0443\u0440\u0441\u0438\u0438 Skyline","robots":{"index":"index","follow":"follow","max-snippet":"max-snippet:-1","max-image-preview":"max-image-preview:large","max-video-preview":"max-video-preview:-1"},"canonical":"https:\/\/skyline-gs.com\/pl\/produkt\/masai-mara-2-days\/","og_locale":"pl_PL","og_type":"article","og_title":"\u041c\u0430\u0441\u0430\u0438 \u041c\u0430\u0440\u0430 2 \u0434\u043d\u044f &#8226; \u042d\u043a\u0441\u043a\u0443\u0440\u0441\u0438\u0438 Skyline","og_description":"\u0414\u043b\u0438\u0442\u0435\u043b\u044c\u043d\u043e\u0441\u0442\u044c: 2 \u0434\u043d\u044f  \u0414\u043d\u0438 \u043f\u0440\u043e\u0432\u0435\u0434\u0435\u043d\u0438\u044f: \u0435\u0436\u0435\u0434\u043d\u0435\u0432\u043d\u043e  \u041c\u0430\u0441\u0430\u0438 \u041c\u0430\u0440\u0430 \u2013 \u0443\u0441\u0442\u0440\u043e\u0438\u043c \u0443\u0432\u043b\u0435\u043a\u0430\u0442\u0435\u043b\u044c\u043d\u043e\u0435 \u0441\u0430\u0444\u0430\u0440\u0438 \u0432 \u043e\u0434\u043d\u043e\u043c \u0438\u0437 \u0441\u0430\u043c\u044b\u0445 \u043f\u043e\u043f\u0443\u043b\u044f\u0440\u043d\u044b\u0445 \u0432 \u043c\u0438\u0440\u0435 \u043f\u0430\u0440\u043a\u043e\u0432 \u0434\u0438\u043a\u043e\u0439 \u043f\u0440\u0438\u0440\u043e\u0434\u044b, \u0433\u0434\u0435 \u0432\u0441\u0442\u0440\u0435\u0442\u0438\u043c \u0436\u0438\u0432\u043e\u0442\u043d\u044b\u0445 \u0438\u0437 \u00ab\u0411\u043e\u043b\u044c\u0448\u043e\u0439 \u0430\u0444\u0440\u0438\u043a\u0430\u043d\u0441\u043a\u043e\u0439 \u043f\u044f\u0442\u0435\u0440\u043a\u0438\u00bb \u0438 \u043d\u0435 \u0442\u043e\u043b\u044c\u043a\u043e!","og_url":"https:\/\/skyline-gs.com\/pl\/produkt\/masai-mara-2-days\/","og_site_name":"\u042d\u043a\u0441\u043a\u0443\u0440\u0441\u0438\u0438 Skyline","article_modified_time":"2023-10-04T16:09:35+00:00","og_image":[{"width":669,"height":446,"url":"https:\/\/skyline-gs.com\/wp-content\/uploads\/2021\/07\/4f.jpg","type":"image\/jpeg"}],"twitter_card":"summary_large_image","twitter_misc":{"Szacowany czas czytania":"2 minuty"},"schema":{"@context":"https:\/\/schema.org","@graph":[{"@type":"WebPage","@id":"https:\/\/skyline-gs.com\/pl\/produkt\/masai-mara-2-days\/","url":"https:\/\/skyline-gs.com\/pl\/produkt\/masai-mara-2-days\/","name":"\u041c\u0430\u0441\u0430\u0438 \u041c\u0430\u0440\u0430 2 \u0434\u043d\u044f &#8226; \u042d\u043a\u0441\u043a\u0443\u0440\u0441\u0438\u0438 Skyline","isPartOf":{"@id":"https:\/\/skyline-gs.com\/it\/#website"},"primaryImageOfPage":{"@id":"https:\/\/skyline-gs.com\/pl\/produkt\/masai-mara-2-days\/#primaryimage"},"image":{"@id":"https:\/\/skyline-gs.com\/pl\/produkt\/masai-mara-2-days\/#primaryimage"},"thumbnailUrl":"https:\/\/skyline-gs.com\/wp-content\/uploads\/2021\/07\/4f.jpg","datePublished":"2021-07-05T17:03:00+00:00","dateModified":"2023-10-04T16:09:35+00:00","breadcrumb":{"@id":"https:\/\/skyline-gs.com\/pl\/produkt\/masai-mara-2-days\/#breadcrumb"},"inLanguage":"pl-PL","potentialAction":[{"@type":"ReadAction","target":["https:\/\/skyline-gs.com\/pl\/produkt\/masai-mara-2-days\/"]}]},{"@type":"ImageObject","inLanguage":"pl-PL","@id":"https:\/\/skyline-gs.com\/pl\/produkt\/masai-mara-2-days\/#primaryimage","url":"https:\/\/skyline-gs.com\/wp-content\/uploads\/2021\/07\/4f.jpg","contentUrl":"https:\/\/skyline-gs.com\/wp-content\/uploads\/2021\/07\/4f.jpg","width":669,"height":446},{"@type":"BreadcrumbList","@id":"https:\/\/skyline-gs.com\/pl\/produkt\/masai-mara-2-days\/#breadcrumb","itemListElement":[{"@type":"ListItem","position":1,"name":"\u0413\u043b\u0430\u0432\u043d\u0430\u044f \u0441\u0442\u0440\u0430\u043d\u0438\u0446\u0430","item":"https:\/\/skyline-gs.com\/hu\/"},{"@type":"ListItem","position":2,"name":"\u041c\u0430\u0433\u0430\u0437\u0438\u043d","item":"https:\/\/skyline-gs.com\/cs\/shop\/"},{"@type":"ListItem","position":3,"name":"\u041c\u0430\u0441\u0430\u0438 \u041c\u0430\u0440\u0430 2 \u0434\u043d\u044f"}]},{"@type":"WebSite","@id":"https:\/\/skyline-gs.com\/it\/#website","url":"https:\/\/skyline-gs.com\/it\/","name":"Wycieczki Skyline","description":"Ekskluzywne wycieczki do najlepszych kurort\u00f3w na \u015bwiecie","publisher":{"@id":"https:\/\/skyline-gs.com\/it\/#organization"},"alternateName":"Skyline","potentialAction":[{"@type":"SearchAction","target":{"@type":"EntryPoint","urlTemplate":"https:\/\/skyline-gs.com\/it\/?s={search_term_string}"},"query-input":{"@type":"PropertyValueSpecification","valueRequired":true,"valueName":"search_term_string"}}],"inLanguage":"pl-PL"},{"@type":"Organization","@id":"https:\/\/skyline-gs.com\/it\/#organization","name":"Wycieczki Skyline","alternateName":"\u042d\u043a\u0441\u043a\u0443\u0440\u0441\u0438\u0438 Skyline","url":"https:\/\/skyline-gs.com\/it\/","logo":{"@type":"ImageObject","inLanguage":"pl-PL","@id":"https:\/\/skyline-gs.com\/it\/#\/schema\/logo\/image\/","url":"https:\/\/skyline-gs.com\/wp-content\/uploads\/2020\/12\/cropped-logo-2.png","contentUrl":"https:\/\/skyline-gs.com\/wp-content\/uploads\/2020\/12\/cropped-logo-2.png","width":512,"height":512,"caption":"\u042d\u043a\u0441\u043a\u0443\u0440\u0441\u0438\u0438 Skyline"},"image":{"@id":"https:\/\/skyline-gs.com\/it\/#\/schema\/logo\/image\/"},"sameAs":["https:\/\/www.instagram.com\/skylineglobalservice\/"]}]}},"_links":{"self":[{"href":"https:\/\/skyline-gs.com\/pl\/wp-json\/wp\/v2\/product\/26758","targetHints":{"allow":["GET"]}}],"collection":[{"href":"https:\/\/skyline-gs.com\/pl\/wp-json\/wp\/v2\/product"}],"about":[{"href":"https:\/\/skyline-gs.com\/pl\/wp-json\/wp\/v2\/types\/product"}],"version-history":[{"count":0,"href":"https:\/\/skyline-gs.com\/pl\/wp-json\/wp\/v2\/product\/26758\/revisions"}],"wp:featuredmedia":[{"embeddable":true,"href":"https:\/\/skyline-gs.com\/pl\/wp-json\/wp\/v2\/media\/26780"}],"wp:attachment":[{"href":"https:\/\/skyline-gs.com\/pl\/wp-json\/wp\/v2\/media?parent=26758"}],"wp:term":[{"taxonomy":"product_brand","embeddable":true,"href":"https:\/\/skyline-gs.com\/pl\/wp-json\/wp\/v2\/product_brand?post=26758"},{"taxonomy":"product_cat","embeddable":true,"href":"https:\/\/skyline-gs.com\/pl\/wp-json\/wp\/v2\/product_cat?post=26758"},{"taxonomy":"product_tag","embeddable":true,"href":"https:\/\/skyline-gs.com\/pl\/wp-json\/wp\/v2\/product_tag?post=26758"}],"curies":[{"name":"wp","href":"https:\/\/api.w.org\/{rel}","templated":true}]}}