{"id":26732,"date":"2021-07-05T18:06:03","date_gmt":"2021-07-05T16:06:03","guid":{"rendered":"http:\/\/skyline-gs.com\/?post_type=product&#038;p=26732"},"modified":"2023-10-04T18:09:36","modified_gmt":"2023-10-04T16:09:36","slug":"amboseli-2-days","status":"publish","type":"product","link":"https:\/\/skyline-gs.com\/pl\/product\/amboseli-2-days\/","title":{"rendered":"Amboseli 2 dni"},"content":{"rendered":"<p><strong>Dzie\u0144 1<\/strong><\/p>\n<p>Rozpoczynamy nasze ekscytuj\u0105ce safari w Nairobi - nasz przedstawiciel odbierze Ci\u0119 z hotelu lub lotniska o godzinie 7:30. W wygodnym jeepie 4\u00d74 pojedziemy autostrad\u0105 Nairobi-Mombasa do Parku Amboseli. Cztery godziny w drodze min\u0105 nam w mgnieniu oka, poniewa\u017c b\u0119dziemy mogli podziwia\u0107 niesamowicie pi\u0119kne panoramy afryka\u0144skich sawann, o\u015bwietlonych promieniami jasnego s\u0142o\u0144ca. Zobaczymy lokalne zagrody, pastwiska i pasterzy Masaj\u00f3w ubranych w kolorowe stroje.<\/p>\n<p>Punktem orientacyjnym b\u0119dzie majestatyczne Kilimand\u017caro - g\u00f3ra b\u0119dzie widoczna na d\u0142ugo przed naszym przybyciem. B\u0119dziemy tam w sam\u0105 por\u0119, aby osiedli\u0107 si\u0119 na kempingu\/lodge i zje\u015b\u0107 lunch. Po przerwie rozpoczniemy safari! Udamy si\u0119 w poszukiwaniu s\u0142oni, \u017cyraf, strusi, gepard\u00f3w, zebr, lw\u00f3w i innych dzikich zwierz\u0105t. Amboseli jest niezwyk\u0142e, poniewa\u017c nie ma g\u0119stych zaro\u015bli. Dlatego mo\u017cemy wygodnie odkrywa\u0107 \u015bwiat przyrody i zwierz\u0105t. Z \u0142atwo\u015bci\u0105 dostrze\u017cemy du\u017ce i ma\u0142e drapie\u017cniki, zwierz\u0119ta ro\u015blino\u017cerne i ro\u015blino\u017cerne \u017cyj\u0105ce na terenie rezerwatu. Przygotuj swoje aparaty fotograficzne - b\u0119dziemy mogli uchwyci\u0107 nie tylko zwierz\u0119ta. Je\u015bli tego dnia pogoda b\u0119dzie bezchmurna, b\u0119dziemy mogli sfotografowa\u0107 o\u015bnie\u017cony szczyt legendarnego Kilimand\u017caro! Wieczorem wr\u00f3cimy do domku lub kempingu, aby odpocz\u0105\u0107, zje\u015b\u0107 kolacj\u0119 i om\u00f3wi\u0107 przygody dnia.<\/p>\n<p><strong>Dzie\u0144 2<\/strong><\/p>\n<p>Wczesnym rankiem wyruszymy na safari, aby zobaczy\u0107 dzik\u0105 przyrod\u0119 w pierwszych promieniach wschodz\u0105cego s\u0142o\u0144ca. \u015awit to najlepszy czas na odkrywanie dzikiej przyrody rezerwatu, poniewa\u017c sawanna z jej wieloma mieszka\u0144cami zaczyna si\u0119 budzi\u0107. Po \u015bniadaniu odb\u0119dziemy kolejn\u0105 wycieczk\u0119 safari, aby zobaczy\u0107 te, kt\u00f3rych nie mieli\u015bmy czasu zobaczy\u0107. Na przyk\u0142ad b\u0119dziemy szuka\u0107 hien, szakali, ma\u0142p i du\u017cych gnu. Po lunchu po\u017cegnamy si\u0119 z Amboseli i wsi\u0105dziemy do jeepa, aby wr\u00f3ci\u0107 do Nairobi. Na miejscu b\u0119dziemy oko\u0142o 16:30.<\/p>\n<p><strong>W zestawie:<\/strong><\/p>\n<ul>\n<li>Transfer z\/do Nairobi<\/li>\n<li>Safari w komfortowym jeepie Toyota Land Cruiser<\/li>\n<li>W towarzystwie angloj\u0119zycznego kierowcy\/przewodnika<\/li>\n<li>Zakwaterowanie w obozie\/lodge zgodnie z wybran\u0105 opcj\u0105<\/li>\n<li>Posi\u0142ki wed\u0142ug systemu: \u015bniadanie, obiad, kolacja (w tym posi\u0142ki podczas safari)<\/li>\n<li>Bilety wst\u0119pu do rezerwatu<\/li>\n<li>Woda butelkowana w poje\u017adzie safari<\/li>\n<li>Us\u0142ugi medyczne \"lataj\u0105cych lekarzy\", s\u0142u\u017cby ratownicze<\/li>\n<li>Wszystkie podatki i op\u0142aty<\/li>\n<\/ul>\n<p><strong>Zabierz go ze sob\u0105:<\/strong><\/p>\n<ul>\n<li>Wygodne buty i ubrania. \u041b<span class=\"fontstyle0\">d\u0142ugie spodnie, koszula z d\u0142ugim r\u0119kawem, T-shirt;<\/span><\/li>\n<li>Kurtka na wypadek deszczu lub ch\u0142odnych wieczor\u00f3w;<\/li>\n<li>Sprz\u0119t foto-wideo. Urz\u0105dzenia nale\u017cy na\u0142adowa\u0107 z wyprzedzeniem;<\/li>\n<li>Wymie\u0144 pieni\u0105dze na drobne banknoty. Przydadz\u0105 si\u0119 one na pami\u0105tki i napiwki dla stra\u017cnik\u00f3w. Zalecany napiwek to 5$ na osob\u0119;<\/li>\n<li><span class=\"fontstyle0\">Okulary przeciws\u0142oneczne i panama, filtr przeciws\u0142oneczny;<\/span><\/li>\n<li><span class=\"fontstyle0\">\u015arodki higieny osobistej, apteczka pierwszej pomocy;<\/span><\/li>\n<li><span class=\"fontstyle0\">\u017bel do dezynfekcji r\u0105k.<\/span><\/li>\n<\/ul>\n<p><strong>Uwaga!<\/strong><br \/>\nJe\u015bli planujesz kontynuowa\u0107 podr\u00f3\u017c do Aruszy lub Moshi, mo\u017cemy zabra\u0107 Ci\u0119 do Namangi (na granicy Kenii i Tanzanii). Poinformuj nas o swoich planach z wyprzedzeniem - podaj informacje podczas rezerwacji wycieczki.<\/p>","protected":false},"excerpt":{"rendered":"<p><strong>Czas trwania: <\/strong>2 dni<\/p>\n<p><strong>Holding Days:<\/strong> codzienny<\/p>\n<p>Park Narodowy Amboseli - odwied\u017a rezerwat Kenii u podn\u00f3\u017ca majestatycznej g\u00f3ry Kilimand\u017caro, gdzie zobaczymy stada s\u0142oni, bawo\u0142\u00f3w, lw\u00f3w, zebr, gazeli, gepard\u00f3w i innych dzikich zwierz\u0105t.<\/p>","protected":false},"featured_media":26737,"template":"","meta":{"_kad_post_transparent":"default","_kad_post_title":"","_kad_post_layout":"default","_kad_post_sidebar_id":"","_kad_post_content_style":"default","_kad_post_vertical_padding":"default","_kad_post_feature":"","_kad_post_feature_position":"","_kad_post_header":false,"_kad_post_footer":false,"_kad_post_classname":"","_glsr_average":0,"_glsr_ranking":0,"_glsr_reviews":0},"product_brand":[],"product_cat":[295],"product_tag":[],"class_list":{"0":"post-26732","1":"product","2":"type-product","3":"status-publish","4":"has-post-thumbnail","6":"product_cat-uncategorized","7":"tm-has-options","9":"first","10":"instock","11":"sale","12":"sold-individually","13":"taxable","14":"shipping-taxable","15":"purchasable","16":"product-type-simple","17":"entry","18":"content-bg","19":"loop-entry"},"yoast_head":"<!-- This site is optimized with the Yoast SEO plugin v27.3 - https:\/\/yoast.com\/product\/yoast-seo-wordpress\/ -->\n<title>\u0410\u043c\u0431\u043e\u0441\u0435\u043b\u0438 2 \u0434\u043d\u044f &#8226; \u042d\u043a\u0441\u043a\u0443\u0440\u0441\u0438\u0438 Skyline<\/title>\n<meta name=\"robots\" content=\"index, follow, max-snippet:-1, max-image-preview:large, max-video-preview:-1\" \/>\n<link rel=\"canonical\" href=\"https:\/\/skyline-gs.com\/pl\/produkt\/amboseli-2-days\/\" \/>\n<meta property=\"og:locale\" content=\"pl_PL\" \/>\n<meta property=\"og:type\" content=\"article\" \/>\n<meta property=\"og:title\" content=\"\u0410\u043c\u0431\u043e\u0441\u0435\u043b\u0438 2 \u0434\u043d\u044f &#8226; \u042d\u043a\u0441\u043a\u0443\u0440\u0441\u0438\u0438 Skyline\" \/>\n<meta property=\"og:description\" content=\"\u0414\u043b\u0438\u0442\u0435\u043b\u044c\u043d\u043e\u0441\u0442\u044c: 2 \u0434\u043d\u044f  \u0414\u043d\u0438 \u043f\u0440\u043e\u0432\u0435\u0434\u0435\u043d\u0438\u044f: \u0435\u0436\u0435\u0434\u043d\u0435\u0432\u043d\u043e  \u041d\u0430\u0446\u0438\u043e\u043d\u0430\u043b\u044c\u043d\u044b\u0439 \u043f\u0430\u0440\u043a \u0410\u043c\u0431\u043e\u0441\u0435\u043b\u0438 \u2013 \u043f\u043e\u0431\u044b\u0432\u0430\u0435\u043c \u0432 \u043a\u0435\u043d\u0438\u0439\u0441\u043a\u043e\u043c \u0437\u0430\u043f\u043e\u0432\u0435\u0434\u043d\u0438\u043a\u0435, \u0440\u0430\u0441\u043f\u043e\u043b\u043e\u0436\u0435\u043d\u043d\u043e\u043c \u0443 \u043f\u043e\u0434\u043d\u043e\u0436\u0438\u044f \u0432\u0435\u043b\u0438\u0447\u0435\u0441\u0442\u0432\u0435\u043d\u043d\u043e\u0439 \u0433\u043e\u0440\u044b \u041a\u0438\u043b\u0438\u043c\u0430\u043d\u0434\u0436\u0430\u0440\u043e, \u0433\u0434\u0435 \u0443\u0432\u0438\u0434\u0438\u043c \u0441\u0442\u0430\u0434\u0430 \u0441\u043b\u043e\u043d\u043e\u0432, \u0431\u0443\u0439\u0432\u043e\u043b\u043e\u0432, \u043b\u044c\u0432\u043e\u0432, \u0437\u0435\u0431\u0440, \u0433\u0430\u0437\u0435\u043b\u0435\u0439, \u0433\u0435\u043f\u0430\u0440\u0434\u043e\u0432 \u0438 \u0434\u0440\u0443\u0433\u0438\u0445 \u0434\u0438\u043a\u0438\u0445 \u0436\u0438\u0432\u043e\u0442\u043d\u044b\u0445\" \/>\n<meta property=\"og:url\" content=\"https:\/\/skyline-gs.com\/pl\/produkt\/amboseli-2-days\/\" \/>\n<meta property=\"og:site_name\" content=\"\u042d\u043a\u0441\u043a\u0443\u0440\u0441\u0438\u0438 Skyline\" \/>\n<meta property=\"article:modified_time\" content=\"2023-10-04T16:09:36+00:00\" \/>\n<meta property=\"og:image\" content=\"https:\/\/skyline-gs.com\/wp-content\/uploads\/2021\/07\/98.jpg\" \/>\n\t<meta property=\"og:image:width\" content=\"669\" \/>\n\t<meta property=\"og:image:height\" content=\"446\" \/>\n\t<meta property=\"og:image:type\" content=\"image\/jpeg\" \/>\n<meta name=\"twitter:card\" content=\"summary_large_image\" \/>\n<meta name=\"twitter:label1\" content=\"Szacowany czas czytania\" \/>\n\t<meta name=\"twitter:data1\" content=\"2 minuty\" \/>\n<script type=\"application\/ld+json\" class=\"yoast-schema-graph\">{\"@context\":\"https:\\\/\\\/schema.org\",\"@graph\":[{\"@type\":\"WebPage\",\"@id\":\"https:\\\/\\\/skyline-gs.com\\\/product\\\/amboseli-2-days\\\/\",\"url\":\"https:\\\/\\\/skyline-gs.com\\\/product\\\/amboseli-2-days\\\/\",\"name\":\"\u0410\u043c\u0431\u043e\u0441\u0435\u043b\u0438 2 \u0434\u043d\u044f &#8226; \u042d\u043a\u0441\u043a\u0443\u0440\u0441\u0438\u0438 Skyline\",\"isPartOf\":{\"@id\":\"https:\\\/\\\/skyline-gs.com\\\/it\\\/#website\"},\"primaryImageOfPage\":{\"@id\":\"https:\\\/\\\/skyline-gs.com\\\/product\\\/amboseli-2-days\\\/#primaryimage\"},\"image\":{\"@id\":\"https:\\\/\\\/skyline-gs.com\\\/product\\\/amboseli-2-days\\\/#primaryimage\"},\"thumbnailUrl\":\"https:\\\/\\\/skyline-gs.com\\\/wp-content\\\/uploads\\\/2021\\\/07\\\/98.jpg\",\"datePublished\":\"2021-07-05T16:06:03+00:00\",\"dateModified\":\"2023-10-04T16:09:36+00:00\",\"breadcrumb\":{\"@id\":\"https:\\\/\\\/skyline-gs.com\\\/product\\\/amboseli-2-days\\\/#breadcrumb\"},\"inLanguage\":\"pl-PL\",\"potentialAction\":[{\"@type\":\"ReadAction\",\"target\":[\"https:\\\/\\\/skyline-gs.com\\\/product\\\/amboseli-2-days\\\/\"]}]},{\"@type\":\"ImageObject\",\"inLanguage\":\"pl-PL\",\"@id\":\"https:\\\/\\\/skyline-gs.com\\\/product\\\/amboseli-2-days\\\/#primaryimage\",\"url\":\"https:\\\/\\\/skyline-gs.com\\\/wp-content\\\/uploads\\\/2021\\\/07\\\/98.jpg\",\"contentUrl\":\"https:\\\/\\\/skyline-gs.com\\\/wp-content\\\/uploads\\\/2021\\\/07\\\/98.jpg\",\"width\":669,\"height\":446},{\"@type\":\"BreadcrumbList\",\"@id\":\"https:\\\/\\\/skyline-gs.com\\\/product\\\/amboseli-2-days\\\/#breadcrumb\",\"itemListElement\":[{\"@type\":\"ListItem\",\"position\":1,\"name\":\"\u0413\u043b\u0430\u0432\u043d\u0430\u044f \u0441\u0442\u0440\u0430\u043d\u0438\u0446\u0430\",\"item\":\"https:\\\/\\\/skyline-gs.com\\\/hu\\\/\"},{\"@type\":\"ListItem\",\"position\":2,\"name\":\"\u041c\u0430\u0433\u0430\u0437\u0438\u043d\",\"item\":\"https:\\\/\\\/skyline-gs.com\\\/cs\\\/shop\\\/\"},{\"@type\":\"ListItem\",\"position\":3,\"name\":\"\u0410\u043c\u0431\u043e\u0441\u0435\u043b\u0438 2 \u0434\u043d\u044f\"}]},{\"@type\":\"WebSite\",\"@id\":\"https:\\\/\\\/skyline-gs.com\\\/it\\\/#website\",\"url\":\"https:\\\/\\\/skyline-gs.com\\\/it\\\/\",\"name\":\"\u042d\u043a\u0441\u043a\u0443\u0440\u0441\u0438\u0438 Skyline\",\"description\":\"\u042d\u043a\u0441\u043a\u043b\u044e\u0437\u0438\u0432\u043d\u044b\u0435 \u044d\u043a\u0441\u043a\u0443\u0440\u0441\u0438\u0438 \u043d\u0430 \u043b\u0443\u0447\u0448\u0438\u0445 \u043a\u0443\u0440\u043e\u0440\u0442\u0430\u0445 \u043c\u0438\u0440\u0430\",\"publisher\":{\"@id\":\"https:\\\/\\\/skyline-gs.com\\\/it\\\/#organization\"},\"alternateName\":\"Skyline\",\"potentialAction\":[{\"@type\":\"SearchAction\",\"target\":{\"@type\":\"EntryPoint\",\"urlTemplate\":\"https:\\\/\\\/skyline-gs.com\\\/it\\\/?s={search_term_string}\"},\"query-input\":{\"@type\":\"PropertyValueSpecification\",\"valueRequired\":true,\"valueName\":\"search_term_string\"}}],\"inLanguage\":\"pl-PL\"},{\"@type\":\"Organization\",\"@id\":\"https:\\\/\\\/skyline-gs.com\\\/it\\\/#organization\",\"name\":\"\u042d\u043a\u0441\u043a\u0443\u0440\u0441\u0438\u0438 Skyline\",\"alternateName\":\"\u042d\u043a\u0441\u043a\u0443\u0440\u0441\u0438\u0438 Skyline\",\"url\":\"https:\\\/\\\/skyline-gs.com\\\/it\\\/\",\"logo\":{\"@type\":\"ImageObject\",\"inLanguage\":\"pl-PL\",\"@id\":\"https:\\\/\\\/skyline-gs.com\\\/it\\\/#\\\/schema\\\/logo\\\/image\\\/\",\"url\":\"https:\\\/\\\/skyline-gs.com\\\/wp-content\\\/uploads\\\/2020\\\/12\\\/cropped-logo-2.png\",\"contentUrl\":\"https:\\\/\\\/skyline-gs.com\\\/wp-content\\\/uploads\\\/2020\\\/12\\\/cropped-logo-2.png\",\"width\":512,\"height\":512,\"caption\":\"\u042d\u043a\u0441\u043a\u0443\u0440\u0441\u0438\u0438 Skyline\"},\"image\":{\"@id\":\"https:\\\/\\\/skyline-gs.com\\\/it\\\/#\\\/schema\\\/logo\\\/image\\\/\"},\"sameAs\":[\"https:\\\/\\\/www.instagram.com\\\/skylineglobalservice\\\/\"]}]}<\/script>\n<!-- \/ Yoast SEO plugin. -->","yoast_head_json":{"title":"\u0410\u043c\u0431\u043e\u0441\u0435\u043b\u0438 2 \u0434\u043d\u044f &#8226; \u042d\u043a\u0441\u043a\u0443\u0440\u0441\u0438\u0438 Skyline","robots":{"index":"index","follow":"follow","max-snippet":"max-snippet:-1","max-image-preview":"max-image-preview:large","max-video-preview":"max-video-preview:-1"},"canonical":"https:\/\/skyline-gs.com\/pl\/produkt\/amboseli-2-days\/","og_locale":"pl_PL","og_type":"article","og_title":"\u0410\u043c\u0431\u043e\u0441\u0435\u043b\u0438 2 \u0434\u043d\u044f &#8226; \u042d\u043a\u0441\u043a\u0443\u0440\u0441\u0438\u0438 Skyline","og_description":"\u0414\u043b\u0438\u0442\u0435\u043b\u044c\u043d\u043e\u0441\u0442\u044c: 2 \u0434\u043d\u044f  \u0414\u043d\u0438 \u043f\u0440\u043e\u0432\u0435\u0434\u0435\u043d\u0438\u044f: \u0435\u0436\u0435\u0434\u043d\u0435\u0432\u043d\u043e  \u041d\u0430\u0446\u0438\u043e\u043d\u0430\u043b\u044c\u043d\u044b\u0439 \u043f\u0430\u0440\u043a \u0410\u043c\u0431\u043e\u0441\u0435\u043b\u0438 \u2013 \u043f\u043e\u0431\u044b\u0432\u0430\u0435\u043c \u0432 \u043a\u0435\u043d\u0438\u0439\u0441\u043a\u043e\u043c \u0437\u0430\u043f\u043e\u0432\u0435\u0434\u043d\u0438\u043a\u0435, \u0440\u0430\u0441\u043f\u043e\u043b\u043e\u0436\u0435\u043d\u043d\u043e\u043c \u0443 \u043f\u043e\u0434\u043d\u043e\u0436\u0438\u044f \u0432\u0435\u043b\u0438\u0447\u0435\u0441\u0442\u0432\u0435\u043d\u043d\u043e\u0439 \u0433\u043e\u0440\u044b \u041a\u0438\u043b\u0438\u043c\u0430\u043d\u0434\u0436\u0430\u0440\u043e, \u0433\u0434\u0435 \u0443\u0432\u0438\u0434\u0438\u043c \u0441\u0442\u0430\u0434\u0430 \u0441\u043b\u043e\u043d\u043e\u0432, \u0431\u0443\u0439\u0432\u043e\u043b\u043e\u0432, \u043b\u044c\u0432\u043e\u0432, \u0437\u0435\u0431\u0440, \u0433\u0430\u0437\u0435\u043b\u0435\u0439, \u0433\u0435\u043f\u0430\u0440\u0434\u043e\u0432 \u0438 \u0434\u0440\u0443\u0433\u0438\u0445 \u0434\u0438\u043a\u0438\u0445 \u0436\u0438\u0432\u043e\u0442\u043d\u044b\u0445","og_url":"https:\/\/skyline-gs.com\/pl\/produkt\/amboseli-2-days\/","og_site_name":"\u042d\u043a\u0441\u043a\u0443\u0440\u0441\u0438\u0438 Skyline","article_modified_time":"2023-10-04T16:09:36+00:00","og_image":[{"width":669,"height":446,"url":"https:\/\/skyline-gs.com\/wp-content\/uploads\/2021\/07\/98.jpg","type":"image\/jpeg"}],"twitter_card":"summary_large_image","twitter_misc":{"Szacowany czas czytania":"2 minuty"},"schema":{"@context":"https:\/\/schema.org","@graph":[{"@type":"WebPage","@id":"https:\/\/skyline-gs.com\/product\/amboseli-2-days\/","url":"https:\/\/skyline-gs.com\/product\/amboseli-2-days\/","name":"\u0410\u043c\u0431\u043e\u0441\u0435\u043b\u0438 2 \u0434\u043d\u044f &#8226; \u042d\u043a\u0441\u043a\u0443\u0440\u0441\u0438\u0438 Skyline","isPartOf":{"@id":"https:\/\/skyline-gs.com\/it\/#website"},"primaryImageOfPage":{"@id":"https:\/\/skyline-gs.com\/product\/amboseli-2-days\/#primaryimage"},"image":{"@id":"https:\/\/skyline-gs.com\/product\/amboseli-2-days\/#primaryimage"},"thumbnailUrl":"https:\/\/skyline-gs.com\/wp-content\/uploads\/2021\/07\/98.jpg","datePublished":"2021-07-05T16:06:03+00:00","dateModified":"2023-10-04T16:09:36+00:00","breadcrumb":{"@id":"https:\/\/skyline-gs.com\/product\/amboseli-2-days\/#breadcrumb"},"inLanguage":"pl-PL","potentialAction":[{"@type":"ReadAction","target":["https:\/\/skyline-gs.com\/product\/amboseli-2-days\/"]}]},{"@type":"ImageObject","inLanguage":"pl-PL","@id":"https:\/\/skyline-gs.com\/product\/amboseli-2-days\/#primaryimage","url":"https:\/\/skyline-gs.com\/wp-content\/uploads\/2021\/07\/98.jpg","contentUrl":"https:\/\/skyline-gs.com\/wp-content\/uploads\/2021\/07\/98.jpg","width":669,"height":446},{"@type":"BreadcrumbList","@id":"https:\/\/skyline-gs.com\/product\/amboseli-2-days\/#breadcrumb","itemListElement":[{"@type":"ListItem","position":1,"name":"\u0413\u043b\u0430\u0432\u043d\u0430\u044f \u0441\u0442\u0440\u0430\u043d\u0438\u0446\u0430","item":"https:\/\/skyline-gs.com\/hu\/"},{"@type":"ListItem","position":2,"name":"\u041c\u0430\u0433\u0430\u0437\u0438\u043d","item":"https:\/\/skyline-gs.com\/cs\/shop\/"},{"@type":"ListItem","position":3,"name":"\u0410\u043c\u0431\u043e\u0441\u0435\u043b\u0438 2 \u0434\u043d\u044f"}]},{"@type":"WebSite","@id":"https:\/\/skyline-gs.com\/it\/#website","url":"https:\/\/skyline-gs.com\/it\/","name":"Wycieczki Skyline","description":"Ekskluzywne wycieczki do najlepszych kurort\u00f3w na \u015bwiecie","publisher":{"@id":"https:\/\/skyline-gs.com\/it\/#organization"},"alternateName":"Skyline","potentialAction":[{"@type":"SearchAction","target":{"@type":"EntryPoint","urlTemplate":"https:\/\/skyline-gs.com\/it\/?s={search_term_string}"},"query-input":{"@type":"PropertyValueSpecification","valueRequired":true,"valueName":"search_term_string"}}],"inLanguage":"pl-PL"},{"@type":"Organization","@id":"https:\/\/skyline-gs.com\/it\/#organization","name":"Wycieczki Skyline","alternateName":"\u042d\u043a\u0441\u043a\u0443\u0440\u0441\u0438\u0438 Skyline","url":"https:\/\/skyline-gs.com\/it\/","logo":{"@type":"ImageObject","inLanguage":"pl-PL","@id":"https:\/\/skyline-gs.com\/it\/#\/schema\/logo\/image\/","url":"https:\/\/skyline-gs.com\/wp-content\/uploads\/2020\/12\/cropped-logo-2.png","contentUrl":"https:\/\/skyline-gs.com\/wp-content\/uploads\/2020\/12\/cropped-logo-2.png","width":512,"height":512,"caption":"\u042d\u043a\u0441\u043a\u0443\u0440\u0441\u0438\u0438 Skyline"},"image":{"@id":"https:\/\/skyline-gs.com\/it\/#\/schema\/logo\/image\/"},"sameAs":["https:\/\/www.instagram.com\/skylineglobalservice\/"]}]}},"_links":{"self":[{"href":"https:\/\/skyline-gs.com\/pl\/wp-json\/wp\/v2\/product\/26732","targetHints":{"allow":["GET"]}}],"collection":[{"href":"https:\/\/skyline-gs.com\/pl\/wp-json\/wp\/v2\/product"}],"about":[{"href":"https:\/\/skyline-gs.com\/pl\/wp-json\/wp\/v2\/types\/product"}],"version-history":[{"count":0,"href":"https:\/\/skyline-gs.com\/pl\/wp-json\/wp\/v2\/product\/26732\/revisions"}],"wp:featuredmedia":[{"embeddable":true,"href":"https:\/\/skyline-gs.com\/pl\/wp-json\/wp\/v2\/media\/26737"}],"wp:attachment":[{"href":"https:\/\/skyline-gs.com\/pl\/wp-json\/wp\/v2\/media?parent=26732"}],"wp:term":[{"taxonomy":"product_brand","embeddable":true,"href":"https:\/\/skyline-gs.com\/pl\/wp-json\/wp\/v2\/product_brand?post=26732"},{"taxonomy":"product_cat","embeddable":true,"href":"https:\/\/skyline-gs.com\/pl\/wp-json\/wp\/v2\/product_cat?post=26732"},{"taxonomy":"product_tag","embeddable":true,"href":"https:\/\/skyline-gs.com\/pl\/wp-json\/wp\/v2\/product_tag?post=26732"}],"curies":[{"name":"wp","href":"https:\/\/api.w.org\/{rel}","templated":true}]}}