{"id":25455,"date":"2021-01-13T20:49:50","date_gmt":"2021-01-13T17:49:50","guid":{"rendered":"http:\/\/zanzibar.skyline-gs.com\/?post_type=product&#038;p=18198"},"modified":"2024-01-24T17:07:36","modified_gmt":"2024-01-24T15:07:36","slug":"dolphin-tour-jozani-forest-and-rock-restaurant-zanzibar","status":"publish","type":"product","link":"https:\/\/skyline-gs.com\/pl\/product\/dolphin-tour-jozani-forest-and-rock-restaurant-zanzibar\/","title":{"rendered":"Wycieczka z delfinami, Les Jozani i restauracja Rock"},"content":{"rendered":"<p>5:00 Wykwaterowanie z hotelu i wyjazd do wioski Kizimkazi. W zatoce Kizimkazi na po\u0142udniu wyspy panuj\u0105 idealne warunki dla delfin\u00f3w. Wczesny wyjazd jest konieczny, aby zmaksymalizowa\u0107 szanse na zobaczenie delfin\u00f3w. Zwierz\u0119ta, kt\u00f3re nie s\u0105 ograniczone warunkami panuj\u0105cymi w delfinariach, zachowuj\u0105 si\u0119 naturalnie i wykazuj\u0105 naturaln\u0105 ciekawo\u015b\u0107, gdy spotykaj\u0105 turyst\u00f3w.  Ci, kt\u00f3rzy wol\u0105 bardziej aktywny wypoczynek, mog\u0105 pop\u0142ywa\u0107 z delfinami, kt\u00f3re s\u0105 tak przyjazne, \u017ce pozwalaj\u0105 si\u0119 g\u0142aska\u0107, a nawet ch\u0119tnie akceptuj\u0105 ludzi w swoich zabawach. Mo\u017cna tu zobaczy\u0107 zar\u00f3wno delfiny butlonose, jak i delfiny garbog\u0142owe. Po powrocie na l\u0105d czas na \u015bniadanie (\u015bniadanie mo\u017cna zam\u00f3wi\u0107 w hotelu).<\/p>\n<p>Kolejnym punktem programu jest wizyta w lesie Jozani. Wakacje w afryka\u0144skich kurortach wymagaj\u0105 zapoznania si\u0119 z bogat\u0105 i r\u00f3\u017cnorodn\u0105 faun\u0105 i flor\u0105 tego kontynentu.  Jedn\u0105 z najlepszych okazji do tego jest wizyta w Monkey Park, gdzie pi\u0119kne i niesamowite czerwone colobusy w\u0119druj\u0105 swobodnie. Las Jozani, kt\u00f3ry obejmuje 44 kilometry kwadratowe, jest podzielony na trzy obszary: pierwszy to busz, drugi to drzewa namorzynowe, a trzeci to las deszczowy. Opr\u00f3cz ma\u0142p mo\u017cna tu spotka\u0107 kameleony, pi\u0119kne ptaki i motyle.<\/p>\n<p>Ostatnim punktem programu b\u0119dzie wizyta w restauracji Rock. S\u0142ynie ona z niezwyk\u0142ej lokalizacji i jest uznawana za jedn\u0105 z najbardziej romantycznych restauracji na \u015bwiecie. Go\u015bcie mog\u0105 usi\u0105\u015b\u0107 wewn\u0105trz lub na tarasie, kt\u00f3ry oferuje spektakularne widoki na lazurowe fale rozci\u0105gaj\u0105ce si\u0119 po horyzont. Zako\u0144czenie programu oko\u0142o godziny 13:30. Transfer z powrotem do hotelu.<\/p>\n<p><strong>W zestawie:<\/strong><\/p>\n<ul>\n<li>Transfery z i do hotelu<\/li>\n<li>Wszystkie transfery klimatyzowanym minibusem<\/li>\n<li>Wynajem \u0142odzi<\/li>\n<li>Rosyjskoj\u0119zyczny przewodnik<\/li>\n<li>Wszystkie bilety wst\u0119pu<\/li>\n<li>Przystawki<\/li>\n<li>Sprz\u0119t do nurkowania<\/li>\n<li>Kamizelki ratunkowe<\/li>\n<\/ul>\n<p><strong>Na wynos:<\/strong><\/p>\n<ul>\n<li>\u015bniadanie do zabrania ze sob\u0105 (lunch box mo\u017cna zam\u00f3wi\u0107 w recepcji hotelu)<\/li>\n<li>Kostium k\u0105pielowy, k\u0105piel\u00f3wki<\/li>\n<li>R\u0119cznik<\/li>\n<li>Sprz\u0119t foto-wideo. Na\u0142aduj swoje urz\u0105dzenia z odpowiednim wyprzedzeniem<\/li>\n<li><span class=\"fontstyle0\">Okulary przeciws\u0142oneczne i panama, filtr przeciws\u0142oneczny<\/span><\/li>\n<\/ul>","protected":false},"excerpt":{"rendered":"<p><strong>Czas wycieczki:\u00a0<\/strong>5:00 - 13:30<\/p>\n<p><strong>Holding Days:\u00a0<\/strong>Poniedzia\u0142ek i pi\u0105tek<\/p>","protected":false},"featured_media":42148,"template":"","meta":{"_kad_post_transparent":"default","_kad_post_title":"","_kad_post_layout":"default","_kad_post_sidebar_id":"","_kad_post_content_style":"default","_kad_post_vertical_padding":"default","_kad_post_feature":"","_kad_post_feature_position":"","_kad_post_header":false,"_kad_post_footer":false,"_kad_post_classname":"","_glsr_average":0,"_glsr_ranking":0,"_glsr_reviews":0},"product_brand":[],"product_cat":[455],"product_tag":[],"class_list":{"0":"post-25455","1":"product","2":"type-product","3":"status-publish","4":"has-post-thumbnail","6":"product_cat-zanzibar","7":"tm-has-options","9":"first","10":"instock","11":"sold-individually","12":"taxable","13":"shipping-taxable","14":"purchasable","15":"product-type-simple","16":"entry","17":"content-bg","18":"loop-entry"},"yoast_head":"<!-- This site is optimized with the Yoast SEO plugin v27.3 - https:\/\/yoast.com\/product\/yoast-seo-wordpress\/ -->\n<title>\u0414\u0435\u043b\u044c\u0444\u0438\u043d \u0422\u0443\u0440, \u041b\u0435\u0441 \u0414\u0436\u043e\u0437\u0430\u043d\u0438 \u0438 \u0420\u0435\u0441\u0442\u043e\u0440\u0430\u043d \u0420\u043e\u043a &#8226; \u042d\u043a\u0441\u043a\u0443\u0440\u0441\u0438\u0438 Skyline<\/title>\n<meta name=\"robots\" content=\"index, follow, max-snippet:-1, max-image-preview:large, max-video-preview:-1\" \/>\n<link rel=\"canonical\" href=\"https:\/\/skyline-gs.com\/pl\/produkt\/dolphin-tour-jozani-forest-and-rock-restaurant-zanzibar\/\" \/>\n<meta property=\"og:locale\" content=\"pl_PL\" \/>\n<meta property=\"og:type\" content=\"article\" \/>\n<meta property=\"og:title\" content=\"\u0414\u0435\u043b\u044c\u0444\u0438\u043d \u0422\u0443\u0440, \u041b\u0435\u0441 \u0414\u0436\u043e\u0437\u0430\u043d\u0438 \u0438 \u0420\u0435\u0441\u0442\u043e\u0440\u0430\u043d \u0420\u043e\u043a &#8226; \u042d\u043a\u0441\u043a\u0443\u0440\u0441\u0438\u0438 Skyline\" \/>\n<meta property=\"og:description\" content=\"\u0412\u0440\u0435\u043c\u044f \u0442\u0443\u0440\u0430:\u00a05:00 \u2014 13:30  \u0414\u043d\u0438 \u043f\u0440\u043e\u0432\u0435\u0434\u0435\u043d\u0438\u044f:\u00a0\u043f\u043e\u043d\u0435\u0434\u0435\u043b\u044c\u043d\u0438\u043a \u0438 \u043f\u044f\u0442\u043d\u0438\u0446\u0430\" \/>\n<meta property=\"og:url\" content=\"https:\/\/skyline-gs.com\/pl\/produkt\/dolphin-tour-jozani-forest-and-rock-restaurant-zanzibar\/\" \/>\n<meta property=\"og:site_name\" content=\"\u042d\u043a\u0441\u043a\u0443\u0440\u0441\u0438\u0438 Skyline\" \/>\n<meta property=\"article:modified_time\" content=\"2024-01-24T15:07:36+00:00\" \/>\n<meta property=\"og:image\" content=\"https:\/\/skyline-gs.com\/wp-content\/uploads\/2021\/01\/e24ak.png\" \/>\n\t<meta property=\"og:image:width\" content=\"669\" \/>\n\t<meta property=\"og:image:height\" content=\"446\" \/>\n\t<meta property=\"og:image:type\" content=\"image\/png\" \/>\n<meta name=\"twitter:card\" content=\"summary_large_image\" \/>\n<meta name=\"twitter:label1\" content=\"Szacowany czas czytania\" \/>\n\t<meta name=\"twitter:data1\" content=\"2 minuty\" \/>\n<script type=\"application\/ld+json\" class=\"yoast-schema-graph\">{\"@context\":\"https:\\\/\\\/schema.org\",\"@graph\":[{\"@type\":\"WebPage\",\"@id\":\"https:\\\/\\\/skyline-gs.com\\\/cs\\\/produkt\\\/dolphin-tour-jozani-forest-and-rock-restaurant-zanzibar\\\/\",\"url\":\"https:\\\/\\\/skyline-gs.com\\\/cs\\\/produkt\\\/dolphin-tour-jozani-forest-and-rock-restaurant-zanzibar\\\/\",\"name\":\"\u0414\u0435\u043b\u044c\u0444\u0438\u043d \u0422\u0443\u0440, \u041b\u0435\u0441 \u0414\u0436\u043e\u0437\u0430\u043d\u0438 \u0438 \u0420\u0435\u0441\u0442\u043e\u0440\u0430\u043d \u0420\u043e\u043a &#8226; \u042d\u043a\u0441\u043a\u0443\u0440\u0441\u0438\u0438 Skyline\",\"isPartOf\":{\"@id\":\"https:\\\/\\\/skyline-gs.com\\\/it\\\/#website\"},\"primaryImageOfPage\":{\"@id\":\"https:\\\/\\\/skyline-gs.com\\\/cs\\\/produkt\\\/dolphin-tour-jozani-forest-and-rock-restaurant-zanzibar\\\/#primaryimage\"},\"image\":{\"@id\":\"https:\\\/\\\/skyline-gs.com\\\/cs\\\/produkt\\\/dolphin-tour-jozani-forest-and-rock-restaurant-zanzibar\\\/#primaryimage\"},\"thumbnailUrl\":\"https:\\\/\\\/skyline-gs.com\\\/wp-content\\\/uploads\\\/2021\\\/01\\\/e24ak.png\",\"datePublished\":\"2021-01-13T17:49:50+00:00\",\"dateModified\":\"2024-01-24T15:07:36+00:00\",\"breadcrumb\":{\"@id\":\"https:\\\/\\\/skyline-gs.com\\\/cs\\\/produkt\\\/dolphin-tour-jozani-forest-and-rock-restaurant-zanzibar\\\/#breadcrumb\"},\"inLanguage\":\"pl-PL\",\"potentialAction\":[{\"@type\":\"ReadAction\",\"target\":[\"https:\\\/\\\/skyline-gs.com\\\/cs\\\/produkt\\\/dolphin-tour-jozani-forest-and-rock-restaurant-zanzibar\\\/\"]}]},{\"@type\":\"ImageObject\",\"inLanguage\":\"pl-PL\",\"@id\":\"https:\\\/\\\/skyline-gs.com\\\/cs\\\/produkt\\\/dolphin-tour-jozani-forest-and-rock-restaurant-zanzibar\\\/#primaryimage\",\"url\":\"https:\\\/\\\/skyline-gs.com\\\/wp-content\\\/uploads\\\/2021\\\/01\\\/e24ak.png\",\"contentUrl\":\"https:\\\/\\\/skyline-gs.com\\\/wp-content\\\/uploads\\\/2021\\\/01\\\/e24ak.png\",\"width\":669,\"height\":446},{\"@type\":\"BreadcrumbList\",\"@id\":\"https:\\\/\\\/skyline-gs.com\\\/cs\\\/produkt\\\/dolphin-tour-jozani-forest-and-rock-restaurant-zanzibar\\\/#breadcrumb\",\"itemListElement\":[{\"@type\":\"ListItem\",\"position\":1,\"name\":\"\u0413\u043b\u0430\u0432\u043d\u0430\u044f \u0441\u0442\u0440\u0430\u043d\u0438\u0446\u0430\",\"item\":\"https:\\\/\\\/skyline-gs.com\\\/hu\\\/\"},{\"@type\":\"ListItem\",\"position\":2,\"name\":\"\u041c\u0430\u0433\u0430\u0437\u0438\u043d\",\"item\":\"https:\\\/\\\/skyline-gs.com\\\/cs\\\/shop\\\/\"},{\"@type\":\"ListItem\",\"position\":3,\"name\":\"\u0414\u0435\u043b\u044c\u0444\u0438\u043d \u0422\u0443\u0440, \u041b\u0435\u0441 \u0414\u0436\u043e\u0437\u0430\u043d\u0438 \u0438 \u0420\u0435\u0441\u0442\u043e\u0440\u0430\u043d \u0420\u043e\u043a\"}]},{\"@type\":\"WebSite\",\"@id\":\"https:\\\/\\\/skyline-gs.com\\\/it\\\/#website\",\"url\":\"https:\\\/\\\/skyline-gs.com\\\/it\\\/\",\"name\":\"\u042d\u043a\u0441\u043a\u0443\u0440\u0441\u0438\u0438 Skyline\",\"description\":\"\u042d\u043a\u0441\u043a\u043b\u044e\u0437\u0438\u0432\u043d\u044b\u0435 \u044d\u043a\u0441\u043a\u0443\u0440\u0441\u0438\u0438 \u043d\u0430 \u043b\u0443\u0447\u0448\u0438\u0445 \u043a\u0443\u0440\u043e\u0440\u0442\u0430\u0445 \u043c\u0438\u0440\u0430\",\"publisher\":{\"@id\":\"https:\\\/\\\/skyline-gs.com\\\/it\\\/#organization\"},\"alternateName\":\"Skyline\",\"potentialAction\":[{\"@type\":\"SearchAction\",\"target\":{\"@type\":\"EntryPoint\",\"urlTemplate\":\"https:\\\/\\\/skyline-gs.com\\\/it\\\/?s={search_term_string}\"},\"query-input\":{\"@type\":\"PropertyValueSpecification\",\"valueRequired\":true,\"valueName\":\"search_term_string\"}}],\"inLanguage\":\"pl-PL\"},{\"@type\":\"Organization\",\"@id\":\"https:\\\/\\\/skyline-gs.com\\\/it\\\/#organization\",\"name\":\"\u042d\u043a\u0441\u043a\u0443\u0440\u0441\u0438\u0438 Skyline\",\"alternateName\":\"\u042d\u043a\u0441\u043a\u0443\u0440\u0441\u0438\u0438 Skyline\",\"url\":\"https:\\\/\\\/skyline-gs.com\\\/it\\\/\",\"logo\":{\"@type\":\"ImageObject\",\"inLanguage\":\"pl-PL\",\"@id\":\"https:\\\/\\\/skyline-gs.com\\\/it\\\/#\\\/schema\\\/logo\\\/image\\\/\",\"url\":\"https:\\\/\\\/skyline-gs.com\\\/wp-content\\\/uploads\\\/2020\\\/12\\\/cropped-logo-2.png\",\"contentUrl\":\"https:\\\/\\\/skyline-gs.com\\\/wp-content\\\/uploads\\\/2020\\\/12\\\/cropped-logo-2.png\",\"width\":512,\"height\":512,\"caption\":\"\u042d\u043a\u0441\u043a\u0443\u0440\u0441\u0438\u0438 Skyline\"},\"image\":{\"@id\":\"https:\\\/\\\/skyline-gs.com\\\/it\\\/#\\\/schema\\\/logo\\\/image\\\/\"},\"sameAs\":[\"https:\\\/\\\/www.instagram.com\\\/skylineglobalservice\\\/\"]}]}<\/script>\n<!-- \/ Yoast SEO plugin. -->","yoast_head_json":{"title":"\u0414\u0435\u043b\u044c\u0444\u0438\u043d \u0422\u0443\u0440, \u041b\u0435\u0441 \u0414\u0436\u043e\u0437\u0430\u043d\u0438 \u0438 \u0420\u0435\u0441\u0442\u043e\u0440\u0430\u043d \u0420\u043e\u043a &#8226; \u042d\u043a\u0441\u043a\u0443\u0440\u0441\u0438\u0438 Skyline","robots":{"index":"index","follow":"follow","max-snippet":"max-snippet:-1","max-image-preview":"max-image-preview:large","max-video-preview":"max-video-preview:-1"},"canonical":"https:\/\/skyline-gs.com\/pl\/produkt\/dolphin-tour-jozani-forest-and-rock-restaurant-zanzibar\/","og_locale":"pl_PL","og_type":"article","og_title":"\u0414\u0435\u043b\u044c\u0444\u0438\u043d \u0422\u0443\u0440, \u041b\u0435\u0441 \u0414\u0436\u043e\u0437\u0430\u043d\u0438 \u0438 \u0420\u0435\u0441\u0442\u043e\u0440\u0430\u043d \u0420\u043e\u043a &#8226; \u042d\u043a\u0441\u043a\u0443\u0440\u0441\u0438\u0438 Skyline","og_description":"\u0412\u0440\u0435\u043c\u044f \u0442\u0443\u0440\u0430:\u00a05:00 \u2014 13:30  \u0414\u043d\u0438 \u043f\u0440\u043e\u0432\u0435\u0434\u0435\u043d\u0438\u044f:\u00a0\u043f\u043e\u043d\u0435\u0434\u0435\u043b\u044c\u043d\u0438\u043a \u0438 \u043f\u044f\u0442\u043d\u0438\u0446\u0430","og_url":"https:\/\/skyline-gs.com\/pl\/produkt\/dolphin-tour-jozani-forest-and-rock-restaurant-zanzibar\/","og_site_name":"\u042d\u043a\u0441\u043a\u0443\u0440\u0441\u0438\u0438 Skyline","article_modified_time":"2024-01-24T15:07:36+00:00","og_image":[{"width":669,"height":446,"url":"https:\/\/skyline-gs.com\/wp-content\/uploads\/2021\/01\/e24ak.png","type":"image\/png"}],"twitter_card":"summary_large_image","twitter_misc":{"Szacowany czas czytania":"2 minuty"},"schema":{"@context":"https:\/\/schema.org","@graph":[{"@type":"WebPage","@id":"https:\/\/skyline-gs.com\/cs\/produkt\/dolphin-tour-jozani-forest-and-rock-restaurant-zanzibar\/","url":"https:\/\/skyline-gs.com\/cs\/produkt\/dolphin-tour-jozani-forest-and-rock-restaurant-zanzibar\/","name":"\u0414\u0435\u043b\u044c\u0444\u0438\u043d \u0422\u0443\u0440, \u041b\u0435\u0441 \u0414\u0436\u043e\u0437\u0430\u043d\u0438 \u0438 \u0420\u0435\u0441\u0442\u043e\u0440\u0430\u043d \u0420\u043e\u043a &#8226; \u042d\u043a\u0441\u043a\u0443\u0440\u0441\u0438\u0438 Skyline","isPartOf":{"@id":"https:\/\/skyline-gs.com\/it\/#website"},"primaryImageOfPage":{"@id":"https:\/\/skyline-gs.com\/cs\/produkt\/dolphin-tour-jozani-forest-and-rock-restaurant-zanzibar\/#primaryimage"},"image":{"@id":"https:\/\/skyline-gs.com\/cs\/produkt\/dolphin-tour-jozani-forest-and-rock-restaurant-zanzibar\/#primaryimage"},"thumbnailUrl":"https:\/\/skyline-gs.com\/wp-content\/uploads\/2021\/01\/e24ak.png","datePublished":"2021-01-13T17:49:50+00:00","dateModified":"2024-01-24T15:07:36+00:00","breadcrumb":{"@id":"https:\/\/skyline-gs.com\/cs\/produkt\/dolphin-tour-jozani-forest-and-rock-restaurant-zanzibar\/#breadcrumb"},"inLanguage":"pl-PL","potentialAction":[{"@type":"ReadAction","target":["https:\/\/skyline-gs.com\/cs\/produkt\/dolphin-tour-jozani-forest-and-rock-restaurant-zanzibar\/"]}]},{"@type":"ImageObject","inLanguage":"pl-PL","@id":"https:\/\/skyline-gs.com\/cs\/produkt\/dolphin-tour-jozani-forest-and-rock-restaurant-zanzibar\/#primaryimage","url":"https:\/\/skyline-gs.com\/wp-content\/uploads\/2021\/01\/e24ak.png","contentUrl":"https:\/\/skyline-gs.com\/wp-content\/uploads\/2021\/01\/e24ak.png","width":669,"height":446},{"@type":"BreadcrumbList","@id":"https:\/\/skyline-gs.com\/cs\/produkt\/dolphin-tour-jozani-forest-and-rock-restaurant-zanzibar\/#breadcrumb","itemListElement":[{"@type":"ListItem","position":1,"name":"\u0413\u043b\u0430\u0432\u043d\u0430\u044f \u0441\u0442\u0440\u0430\u043d\u0438\u0446\u0430","item":"https:\/\/skyline-gs.com\/hu\/"},{"@type":"ListItem","position":2,"name":"\u041c\u0430\u0433\u0430\u0437\u0438\u043d","item":"https:\/\/skyline-gs.com\/cs\/shop\/"},{"@type":"ListItem","position":3,"name":"\u0414\u0435\u043b\u044c\u0444\u0438\u043d \u0422\u0443\u0440, \u041b\u0435\u0441 \u0414\u0436\u043e\u0437\u0430\u043d\u0438 \u0438 \u0420\u0435\u0441\u0442\u043e\u0440\u0430\u043d \u0420\u043e\u043a"}]},{"@type":"WebSite","@id":"https:\/\/skyline-gs.com\/it\/#website","url":"https:\/\/skyline-gs.com\/it\/","name":"Wycieczki Skyline","description":"Ekskluzywne wycieczki do najlepszych kurort\u00f3w na \u015bwiecie","publisher":{"@id":"https:\/\/skyline-gs.com\/it\/#organization"},"alternateName":"Skyline","potentialAction":[{"@type":"SearchAction","target":{"@type":"EntryPoint","urlTemplate":"https:\/\/skyline-gs.com\/it\/?s={search_term_string}"},"query-input":{"@type":"PropertyValueSpecification","valueRequired":true,"valueName":"search_term_string"}}],"inLanguage":"pl-PL"},{"@type":"Organization","@id":"https:\/\/skyline-gs.com\/it\/#organization","name":"Wycieczki Skyline","alternateName":"\u042d\u043a\u0441\u043a\u0443\u0440\u0441\u0438\u0438 Skyline","url":"https:\/\/skyline-gs.com\/it\/","logo":{"@type":"ImageObject","inLanguage":"pl-PL","@id":"https:\/\/skyline-gs.com\/it\/#\/schema\/logo\/image\/","url":"https:\/\/skyline-gs.com\/wp-content\/uploads\/2020\/12\/cropped-logo-2.png","contentUrl":"https:\/\/skyline-gs.com\/wp-content\/uploads\/2020\/12\/cropped-logo-2.png","width":512,"height":512,"caption":"\u042d\u043a\u0441\u043a\u0443\u0440\u0441\u0438\u0438 Skyline"},"image":{"@id":"https:\/\/skyline-gs.com\/it\/#\/schema\/logo\/image\/"},"sameAs":["https:\/\/www.instagram.com\/skylineglobalservice\/"]}]}},"_links":{"self":[{"href":"https:\/\/skyline-gs.com\/pl\/wp-json\/wp\/v2\/product\/25455","targetHints":{"allow":["GET"]}}],"collection":[{"href":"https:\/\/skyline-gs.com\/pl\/wp-json\/wp\/v2\/product"}],"about":[{"href":"https:\/\/skyline-gs.com\/pl\/wp-json\/wp\/v2\/types\/product"}],"version-history":[{"count":0,"href":"https:\/\/skyline-gs.com\/pl\/wp-json\/wp\/v2\/product\/25455\/revisions"}],"wp:featuredmedia":[{"embeddable":true,"href":"https:\/\/skyline-gs.com\/pl\/wp-json\/wp\/v2\/media\/42148"}],"wp:attachment":[{"href":"https:\/\/skyline-gs.com\/pl\/wp-json\/wp\/v2\/media?parent=25455"}],"wp:term":[{"taxonomy":"product_brand","embeddable":true,"href":"https:\/\/skyline-gs.com\/pl\/wp-json\/wp\/v2\/product_brand?post=25455"},{"taxonomy":"product_cat","embeddable":true,"href":"https:\/\/skyline-gs.com\/pl\/wp-json\/wp\/v2\/product_cat?post=25455"},{"taxonomy":"product_tag","embeddable":true,"href":"https:\/\/skyline-gs.com\/pl\/wp-json\/wp\/v2\/product_tag?post=25455"}],"curies":[{"name":"wp","href":"https:\/\/api.w.org\/{rel}","templated":true}]}}