{"id":25216,"date":"2022-09-08T15:01:47","date_gmt":"2022-09-08T12:01:47","guid":{"rendered":"https:\/\/hurghada.skyline-gs.com\/?post_type=product&#038;p=25216"},"modified":"2025-10-26T08:34:49","modified_gmt":"2025-10-26T06:34:49","slug":"super-cairo-all-inclusive","status":"publish","type":"product","link":"https:\/\/skyline-gs.com\/pl\/product\/super-cairo-all-inclusive\/","title":{"rendered":"Super Cairo (All Inclusive)"},"content":{"rendered":"<p>Super Cairo to najpopularniejszy program wycieczek do Kairu!<\/p>\n<ul>\n<li>Tylko miejsca historyczne - bez sklep\u00f3w<\/li>\n<li>Spacer po Nilu (45 minut) - wliczony w cen\u0119 (w zwyk\u0142ym programie dodatkowo p\u0142atny +10$)<\/li>\n<\/ul>\n<p>Wymeldowanie z hotelu o 1:00 w nocy. Podr\u00f3\u017c w jedn\u0105 stron\u0119 zajmie oko\u0142o 7 godzin. Po drodze zobaczysz wybrze\u017ce Morza Czerwonego. Wizyta w Kairze rozpoczyna si\u0119 od kompleksu piramid w Gizie, ostatniego zachowanego cudu \u015bwiata. Trzy g\u0142\u00f3wne piramidy Cheopsa, Chefrena i Mykerina oraz Sfinks. Nast\u0119pnie zobaczymy Egipskie Muzeum Narodowe, najwi\u0119ksze na \u015bwiecie repozytorium sztuki staro\u017cytnego Egiptu. Znajduje si\u0119 w Kairze na placu Tahrir i posiada oko\u0142o 160 tysi\u0119cy eksponat\u00f3w ze wszystkich okres\u00f3w historycznych staro\u017cytnego Egiptu. Spacer wzd\u0142u\u017c Nilu przez 45 minut. Lunch - bufet (bez napoj\u00f3w).<\/p>\n<p>Nast\u0119pnie udajemy si\u0119 przez ekskluzywne dzielnice do staro\u017cytnej cz\u0119\u015bci Kairu. W cz\u0119\u015bci chrze\u015bcija\u0144skiej znajduje si\u0119 kilka miejsc zwi\u0105zanych z ucieczk\u0105 \u015awi\u0119tej Rodziny. W czasach staro\u017cytnych by\u0142o to siedlisko chrze\u015bcija\u0144stwa. Suspended Church - zbudowany na po\u0142udniowej bramie rzymskiego fortu w 690 roku. Drewniany dach ma kszta\u0142t Arki Noego. Wed\u0142ug legendy ko\u015bci\u00f3\u0142 zosta\u0142 zbudowany nad grot\u0105, w kt\u00f3rej mieszka\u0142a Dziewica Maryja i Dzieci\u0105tko Jezus, uciekaj\u0105c przed prze\u015bladowaniami kr\u00f3la Heroda. W ko\u015bciele znajduje si\u0119 wspania\u0142y ikonostas (rze\u017abiony drewniany panel). Drugi kairski ko\u015bci\u00f3\u0142 koptyjski Abu Serga (ko\u015bci\u00f3\u0142 \u015bw. Sergiusza). W muzu\u0142ma\u0144skiej cz\u0119\u015bci Kairu odwiedzamy meczet Amr. Zosta\u0142 on zbudowany w 642 roku jako centrum kultowe pierwszej arabskiej stolicy Egiptu - miasta Fustat (Stary Kair). By\u0142 to pierwszy meczet nie tylko w Egipcie, ale w ca\u0142ej Afryce. Podr\u00f3\u017c powrotna do Hurghady. 23:00 powr\u00f3t do hotelu.<\/p>\n<p><strong>W zestawie:<\/strong><\/p>\n<ul>\n<li>Transfer nowoczesnym, klimatyzowanym autokarem turystycznym z toaletami<\/li>\n<li>Rosyjskoj\u0119zyczny przewodnik egiptolog w Kairze<\/li>\n<li>Op\u0142aty za wst\u0119p do wszystkich wymienionych atrakcji<\/li>\n<li>Narodowe Muzeum Kairskie<\/li>\n<li>Piramidy w Gizie<\/li>\n<li>Spacer po staro\u017cytnej islamskiej i chrze\u015bcija\u0144skiej cz\u0119\u015bci Kairu (\u00abzawieszony ko\u015bci\u00f3\u0142\u00bb, ko\u015bci\u00f3\u0142 Abu Serga, meczet Amr)<\/li>\n<li>Wycieczka \u0142odzi\u0105 po rzece Nil<\/li>\n<li>Lunch w restauracji w Kairze<\/li>\n<\/ul>\n<p><strong>Brak w zestawie:<\/strong><\/p>\n<ul>\n<li>Transfery z Sahl Hasheesh, Makadi Bay, El Gouna +$10 w obie strony (na grup\u0119 do 6 os\u00f3b).<\/li>\n<li>Transfer z krajowych hoteli w Soma Bay, Safaga +$20 w obie strony (na grup\u0119 do 6 os\u00f3b)<\/li>\n<li>Napoje<\/li>\n<\/ul>\n<p><strong>Zabierz go ze sob\u0105:<\/strong><\/p>\n<ul>\n<li>Paszport<\/li>\n<li>Nakrycie g\u0142owy<\/li>\n<li>Pieni\u0105dze na wydatki osobiste i pami\u0105tki<\/li>\n<li>Produkty higieny osobistej<\/li>\n<li>Woda pitna<\/li>\n<li>Poranna przek\u0105ska (wyja\u015bnij w recepcji hotelu, \u017ce wyje\u017cd\u017casz wcze\u015bnie rano na wycieczk\u0119 i musisz przygotowa\u0107 lunch box, hotele zapewni\u0105 t\u0119 us\u0142ug\u0119 bezp\u0142atnie).<\/li>\n<li>Wygodne buty<\/li>\n<li>Ciep\u0142e ubrania na podr\u00f3\u017c (zim\u0105)<\/li>\n<\/ul>","protected":false},"excerpt":{"rendered":"<p><strong>Czas trwania:<\/strong> 1:00 &#8212; 23:00<\/p>\n<p><strong>Holding Days:<\/strong> Wtorek<span class=\"selectable-text copyable-text\">, \u015broda, pi\u0105tek, sobota<\/span><\/p>","protected":false},"featured_media":25314,"template":"","meta":{"_kad_post_transparent":"default","_kad_post_title":"","_kad_post_layout":"default","_kad_post_sidebar_id":"","_kad_post_content_style":"default","_kad_post_vertical_padding":"default","_kad_post_feature":"","_kad_post_feature_position":"","_kad_post_header":false,"_kad_post_footer":false,"_kad_post_classname":"","_glsr_average":0,"_glsr_ranking":0,"_glsr_reviews":0},"product_brand":[],"product_cat":[479],"product_tag":[],"class_list":{"0":"post-25216","1":"product","2":"type-product","3":"status-publish","4":"has-post-thumbnail","6":"product_cat-hurghadatours","7":"tm-has-options","9":"first","10":"instock","11":"sale","12":"sold-individually","13":"taxable","14":"shipping-taxable","15":"purchasable","16":"product-type-simple","17":"entry","18":"content-bg","19":"loop-entry"},"yoast_head":"<!-- This site is optimized with the Yoast SEO plugin v27.3 - https:\/\/yoast.com\/product\/yoast-seo-wordpress\/ -->\n<title>\u0421\u0443\u043f\u0435\u0440 \u041a\u0430\u0438\u0440 (\u0412\u0441\u0451 \u0412\u043a\u043b\u044e\u0447\u0435\u043d\u043e) &#8226; \u042d\u043a\u0441\u043a\u0443\u0440\u0441\u0438\u0438 Skyline<\/title>\n<meta name=\"robots\" content=\"index, follow, max-snippet:-1, max-image-preview:large, max-video-preview:-1\" \/>\n<link rel=\"canonical\" href=\"https:\/\/skyline-gs.com\/pl\/produkt\/super-cairo-all-inclusive\/\" \/>\n<meta property=\"og:locale\" content=\"pl_PL\" \/>\n<meta property=\"og:type\" content=\"article\" \/>\n<meta property=\"og:title\" content=\"\u0421\u0443\u043f\u0435\u0440 \u041a\u0430\u0438\u0440 (\u0412\u0441\u0451 \u0412\u043a\u043b\u044e\u0447\u0435\u043d\u043e) &#8226; \u042d\u043a\u0441\u043a\u0443\u0440\u0441\u0438\u0438 Skyline\" \/>\n<meta property=\"og:description\" content=\"\u0414\u043b\u0438\u0442\u0435\u043b\u044c\u043d\u043e\u0441\u0442\u044c: 1:00 - 23:00  \u0414\u043d\u0438 \u043f\u0440\u043e\u0432\u0435\u0434\u0435\u043d\u0438\u044f: \u0412\u0442\u043e\u0440\u043d\u0438\u043a, \u0421\u0440\u0435\u0434\u0430, \u041f\u044f\u0442\u043d\u0438\u0446\u0430, \u0421\u0443\u0431\u0431\u043e\u0442\u0430\" \/>\n<meta property=\"og:url\" content=\"https:\/\/skyline-gs.com\/pl\/produkt\/super-cairo-all-inclusive\/\" \/>\n<meta property=\"og:site_name\" content=\"\u042d\u043a\u0441\u043a\u0443\u0440\u0441\u0438\u0438 Skyline\" \/>\n<meta property=\"article:modified_time\" content=\"2025-10-26T06:34:49+00:00\" \/>\n<meta property=\"og:image\" content=\"https:\/\/skyline-gs.com\/wp-content\/uploads\/2022\/09\/Foto-na-sajt-3-1.png\" \/>\n\t<meta property=\"og:image:width\" content=\"669\" \/>\n\t<meta property=\"og:image:height\" content=\"446\" \/>\n\t<meta property=\"og:image:type\" content=\"image\/png\" \/>\n<meta name=\"twitter:card\" content=\"summary_large_image\" \/>\n<meta name=\"twitter:label1\" content=\"Szacowany czas czytania\" \/>\n\t<meta name=\"twitter:data1\" content=\"3 minuty\" \/>\n<script type=\"application\/ld+json\" class=\"yoast-schema-graph\">{\"@context\":\"https:\\\/\\\/schema.org\",\"@graph\":[{\"@type\":\"WebPage\",\"@id\":\"https:\\\/\\\/skyline-gs.com\\\/cs\\\/produkt\\\/super-cairo-all-inclusive\\\/\",\"url\":\"https:\\\/\\\/skyline-gs.com\\\/cs\\\/produkt\\\/super-cairo-all-inclusive\\\/\",\"name\":\"\u0421\u0443\u043f\u0435\u0440 \u041a\u0430\u0438\u0440 (\u0412\u0441\u0451 \u0412\u043a\u043b\u044e\u0447\u0435\u043d\u043e) &#8226; \u042d\u043a\u0441\u043a\u0443\u0440\u0441\u0438\u0438 Skyline\",\"isPartOf\":{\"@id\":\"https:\\\/\\\/skyline-gs.com\\\/it\\\/#website\"},\"primaryImageOfPage\":{\"@id\":\"https:\\\/\\\/skyline-gs.com\\\/cs\\\/produkt\\\/super-cairo-all-inclusive\\\/#primaryimage\"},\"image\":{\"@id\":\"https:\\\/\\\/skyline-gs.com\\\/cs\\\/produkt\\\/super-cairo-all-inclusive\\\/#primaryimage\"},\"thumbnailUrl\":\"https:\\\/\\\/skyline-gs.com\\\/wp-content\\\/uploads\\\/2022\\\/09\\\/Foto-na-sajt-3-1.png\",\"datePublished\":\"2022-09-08T12:01:47+00:00\",\"dateModified\":\"2025-10-26T06:34:49+00:00\",\"breadcrumb\":{\"@id\":\"https:\\\/\\\/skyline-gs.com\\\/cs\\\/produkt\\\/super-cairo-all-inclusive\\\/#breadcrumb\"},\"inLanguage\":\"pl-PL\",\"potentialAction\":[{\"@type\":\"ReadAction\",\"target\":[\"https:\\\/\\\/skyline-gs.com\\\/cs\\\/produkt\\\/super-cairo-all-inclusive\\\/\"]}]},{\"@type\":\"ImageObject\",\"inLanguage\":\"pl-PL\",\"@id\":\"https:\\\/\\\/skyline-gs.com\\\/cs\\\/produkt\\\/super-cairo-all-inclusive\\\/#primaryimage\",\"url\":\"https:\\\/\\\/skyline-gs.com\\\/wp-content\\\/uploads\\\/2022\\\/09\\\/Foto-na-sajt-3-1.png\",\"contentUrl\":\"https:\\\/\\\/skyline-gs.com\\\/wp-content\\\/uploads\\\/2022\\\/09\\\/Foto-na-sajt-3-1.png\",\"width\":669,\"height\":446},{\"@type\":\"BreadcrumbList\",\"@id\":\"https:\\\/\\\/skyline-gs.com\\\/cs\\\/produkt\\\/super-cairo-all-inclusive\\\/#breadcrumb\",\"itemListElement\":[{\"@type\":\"ListItem\",\"position\":1,\"name\":\"\u0413\u043b\u0430\u0432\u043d\u0430\u044f \u0441\u0442\u0440\u0430\u043d\u0438\u0446\u0430\",\"item\":\"https:\\\/\\\/skyline-gs.com\\\/hu\\\/\"},{\"@type\":\"ListItem\",\"position\":2,\"name\":\"\u041c\u0430\u0433\u0430\u0437\u0438\u043d\",\"item\":\"https:\\\/\\\/skyline-gs.com\\\/cs\\\/shop\\\/\"},{\"@type\":\"ListItem\",\"position\":3,\"name\":\"\u0421\u0443\u043f\u0435\u0440 \u041a\u0430\u0438\u0440 (\u0412\u0441\u0451 \u0412\u043a\u043b\u044e\u0447\u0435\u043d\u043e)\"}]},{\"@type\":\"WebSite\",\"@id\":\"https:\\\/\\\/skyline-gs.com\\\/it\\\/#website\",\"url\":\"https:\\\/\\\/skyline-gs.com\\\/it\\\/\",\"name\":\"\u042d\u043a\u0441\u043a\u0443\u0440\u0441\u0438\u0438 Skyline\",\"description\":\"\u042d\u043a\u0441\u043a\u043b\u044e\u0437\u0438\u0432\u043d\u044b\u0435 \u044d\u043a\u0441\u043a\u0443\u0440\u0441\u0438\u0438 \u043d\u0430 \u043b\u0443\u0447\u0448\u0438\u0445 \u043a\u0443\u0440\u043e\u0440\u0442\u0430\u0445 \u043c\u0438\u0440\u0430\",\"publisher\":{\"@id\":\"https:\\\/\\\/skyline-gs.com\\\/it\\\/#organization\"},\"alternateName\":\"Skyline\",\"potentialAction\":[{\"@type\":\"SearchAction\",\"target\":{\"@type\":\"EntryPoint\",\"urlTemplate\":\"https:\\\/\\\/skyline-gs.com\\\/it\\\/?s={search_term_string}\"},\"query-input\":{\"@type\":\"PropertyValueSpecification\",\"valueRequired\":true,\"valueName\":\"search_term_string\"}}],\"inLanguage\":\"pl-PL\"},{\"@type\":\"Organization\",\"@id\":\"https:\\\/\\\/skyline-gs.com\\\/it\\\/#organization\",\"name\":\"\u042d\u043a\u0441\u043a\u0443\u0440\u0441\u0438\u0438 Skyline\",\"alternateName\":\"\u042d\u043a\u0441\u043a\u0443\u0440\u0441\u0438\u0438 Skyline\",\"url\":\"https:\\\/\\\/skyline-gs.com\\\/it\\\/\",\"logo\":{\"@type\":\"ImageObject\",\"inLanguage\":\"pl-PL\",\"@id\":\"https:\\\/\\\/skyline-gs.com\\\/it\\\/#\\\/schema\\\/logo\\\/image\\\/\",\"url\":\"https:\\\/\\\/skyline-gs.com\\\/wp-content\\\/uploads\\\/2020\\\/12\\\/cropped-logo-2.png\",\"contentUrl\":\"https:\\\/\\\/skyline-gs.com\\\/wp-content\\\/uploads\\\/2020\\\/12\\\/cropped-logo-2.png\",\"width\":512,\"height\":512,\"caption\":\"\u042d\u043a\u0441\u043a\u0443\u0440\u0441\u0438\u0438 Skyline\"},\"image\":{\"@id\":\"https:\\\/\\\/skyline-gs.com\\\/it\\\/#\\\/schema\\\/logo\\\/image\\\/\"},\"sameAs\":[\"https:\\\/\\\/www.instagram.com\\\/skylineglobalservice\\\/\"]}]}<\/script>\n<!-- \/ Yoast SEO plugin. -->","yoast_head_json":{"title":"\u0421\u0443\u043f\u0435\u0440 \u041a\u0430\u0438\u0440 (\u0412\u0441\u0451 \u0412\u043a\u043b\u044e\u0447\u0435\u043d\u043e) &#8226; \u042d\u043a\u0441\u043a\u0443\u0440\u0441\u0438\u0438 Skyline","robots":{"index":"index","follow":"follow","max-snippet":"max-snippet:-1","max-image-preview":"max-image-preview:large","max-video-preview":"max-video-preview:-1"},"canonical":"https:\/\/skyline-gs.com\/pl\/produkt\/super-cairo-all-inclusive\/","og_locale":"pl_PL","og_type":"article","og_title":"\u0421\u0443\u043f\u0435\u0440 \u041a\u0430\u0438\u0440 (\u0412\u0441\u0451 \u0412\u043a\u043b\u044e\u0447\u0435\u043d\u043e) &#8226; \u042d\u043a\u0441\u043a\u0443\u0440\u0441\u0438\u0438 Skyline","og_description":"\u0414\u043b\u0438\u0442\u0435\u043b\u044c\u043d\u043e\u0441\u0442\u044c: 1:00 - 23:00  \u0414\u043d\u0438 \u043f\u0440\u043e\u0432\u0435\u0434\u0435\u043d\u0438\u044f: \u0412\u0442\u043e\u0440\u043d\u0438\u043a, \u0421\u0440\u0435\u0434\u0430, \u041f\u044f\u0442\u043d\u0438\u0446\u0430, \u0421\u0443\u0431\u0431\u043e\u0442\u0430","og_url":"https:\/\/skyline-gs.com\/pl\/produkt\/super-cairo-all-inclusive\/","og_site_name":"\u042d\u043a\u0441\u043a\u0443\u0440\u0441\u0438\u0438 Skyline","article_modified_time":"2025-10-26T06:34:49+00:00","og_image":[{"width":669,"height":446,"url":"https:\/\/skyline-gs.com\/wp-content\/uploads\/2022\/09\/Foto-na-sajt-3-1.png","type":"image\/png"}],"twitter_card":"summary_large_image","twitter_misc":{"Szacowany czas czytania":"3 minuty"},"schema":{"@context":"https:\/\/schema.org","@graph":[{"@type":"WebPage","@id":"https:\/\/skyline-gs.com\/cs\/produkt\/super-cairo-all-inclusive\/","url":"https:\/\/skyline-gs.com\/cs\/produkt\/super-cairo-all-inclusive\/","name":"\u0421\u0443\u043f\u0435\u0440 \u041a\u0430\u0438\u0440 (\u0412\u0441\u0451 \u0412\u043a\u043b\u044e\u0447\u0435\u043d\u043e) &#8226; \u042d\u043a\u0441\u043a\u0443\u0440\u0441\u0438\u0438 Skyline","isPartOf":{"@id":"https:\/\/skyline-gs.com\/it\/#website"},"primaryImageOfPage":{"@id":"https:\/\/skyline-gs.com\/cs\/produkt\/super-cairo-all-inclusive\/#primaryimage"},"image":{"@id":"https:\/\/skyline-gs.com\/cs\/produkt\/super-cairo-all-inclusive\/#primaryimage"},"thumbnailUrl":"https:\/\/skyline-gs.com\/wp-content\/uploads\/2022\/09\/Foto-na-sajt-3-1.png","datePublished":"2022-09-08T12:01:47+00:00","dateModified":"2025-10-26T06:34:49+00:00","breadcrumb":{"@id":"https:\/\/skyline-gs.com\/cs\/produkt\/super-cairo-all-inclusive\/#breadcrumb"},"inLanguage":"pl-PL","potentialAction":[{"@type":"ReadAction","target":["https:\/\/skyline-gs.com\/cs\/produkt\/super-cairo-all-inclusive\/"]}]},{"@type":"ImageObject","inLanguage":"pl-PL","@id":"https:\/\/skyline-gs.com\/cs\/produkt\/super-cairo-all-inclusive\/#primaryimage","url":"https:\/\/skyline-gs.com\/wp-content\/uploads\/2022\/09\/Foto-na-sajt-3-1.png","contentUrl":"https:\/\/skyline-gs.com\/wp-content\/uploads\/2022\/09\/Foto-na-sajt-3-1.png","width":669,"height":446},{"@type":"BreadcrumbList","@id":"https:\/\/skyline-gs.com\/cs\/produkt\/super-cairo-all-inclusive\/#breadcrumb","itemListElement":[{"@type":"ListItem","position":1,"name":"\u0413\u043b\u0430\u0432\u043d\u0430\u044f \u0441\u0442\u0440\u0430\u043d\u0438\u0446\u0430","item":"https:\/\/skyline-gs.com\/hu\/"},{"@type":"ListItem","position":2,"name":"\u041c\u0430\u0433\u0430\u0437\u0438\u043d","item":"https:\/\/skyline-gs.com\/cs\/shop\/"},{"@type":"ListItem","position":3,"name":"\u0421\u0443\u043f\u0435\u0440 \u041a\u0430\u0438\u0440 (\u0412\u0441\u0451 \u0412\u043a\u043b\u044e\u0447\u0435\u043d\u043e)"}]},{"@type":"WebSite","@id":"https:\/\/skyline-gs.com\/it\/#website","url":"https:\/\/skyline-gs.com\/it\/","name":"Wycieczki Skyline","description":"Ekskluzywne wycieczki do najlepszych kurort\u00f3w na \u015bwiecie","publisher":{"@id":"https:\/\/skyline-gs.com\/it\/#organization"},"alternateName":"Skyline","potentialAction":[{"@type":"SearchAction","target":{"@type":"EntryPoint","urlTemplate":"https:\/\/skyline-gs.com\/it\/?s={search_term_string}"},"query-input":{"@type":"PropertyValueSpecification","valueRequired":true,"valueName":"search_term_string"}}],"inLanguage":"pl-PL"},{"@type":"Organization","@id":"https:\/\/skyline-gs.com\/it\/#organization","name":"Wycieczki Skyline","alternateName":"\u042d\u043a\u0441\u043a\u0443\u0440\u0441\u0438\u0438 Skyline","url":"https:\/\/skyline-gs.com\/it\/","logo":{"@type":"ImageObject","inLanguage":"pl-PL","@id":"https:\/\/skyline-gs.com\/it\/#\/schema\/logo\/image\/","url":"https:\/\/skyline-gs.com\/wp-content\/uploads\/2020\/12\/cropped-logo-2.png","contentUrl":"https:\/\/skyline-gs.com\/wp-content\/uploads\/2020\/12\/cropped-logo-2.png","width":512,"height":512,"caption":"\u042d\u043a\u0441\u043a\u0443\u0440\u0441\u0438\u0438 Skyline"},"image":{"@id":"https:\/\/skyline-gs.com\/it\/#\/schema\/logo\/image\/"},"sameAs":["https:\/\/www.instagram.com\/skylineglobalservice\/"]}]}},"_links":{"self":[{"href":"https:\/\/skyline-gs.com\/pl\/wp-json\/wp\/v2\/product\/25216","targetHints":{"allow":["GET"]}}],"collection":[{"href":"https:\/\/skyline-gs.com\/pl\/wp-json\/wp\/v2\/product"}],"about":[{"href":"https:\/\/skyline-gs.com\/pl\/wp-json\/wp\/v2\/types\/product"}],"version-history":[{"count":0,"href":"https:\/\/skyline-gs.com\/pl\/wp-json\/wp\/v2\/product\/25216\/revisions"}],"wp:featuredmedia":[{"embeddable":true,"href":"https:\/\/skyline-gs.com\/pl\/wp-json\/wp\/v2\/media\/25314"}],"wp:attachment":[{"href":"https:\/\/skyline-gs.com\/pl\/wp-json\/wp\/v2\/media?parent=25216"}],"wp:term":[{"taxonomy":"product_brand","embeddable":true,"href":"https:\/\/skyline-gs.com\/pl\/wp-json\/wp\/v2\/product_brand?post=25216"},{"taxonomy":"product_cat","embeddable":true,"href":"https:\/\/skyline-gs.com\/pl\/wp-json\/wp\/v2\/product_cat?post=25216"},{"taxonomy":"product_tag","embeddable":true,"href":"https:\/\/skyline-gs.com\/pl\/wp-json\/wp\/v2\/product_tag?post=25216"}],"curies":[{"name":"wp","href":"https:\/\/api.w.org\/{rel}","templated":true}]}}