{"id":23197,"date":"2021-07-09T21:50:37","date_gmt":"2021-07-09T18:50:37","guid":{"rendered":"https:\/\/hurghada.skyline-gs.com\/?post_type=product&#038;p=23197"},"modified":"2025-11-08T11:49:45","modified_gmt":"2025-11-08T09:49:45","slug":"luxor-2-days","status":"publish","type":"product","link":"https:\/\/skyline-gs.com\/pl\/product\/luxor-2-days\/","title":{"rendered":"Luksor \u2013 2 dni +2 USD zni\u017cki na inn\u0105 wycieczk\u0119"},"content":{"rendered":"<p data-start=\"87\" data-end=\"230\" class=\"translation-block\"><p>\ud83c\udf89 <strong>Promocja!<\/strong><\/p>\n<p>Przy zakupie <strong>dowolnego programu w Luksorze<\/strong> otrzymujesz <strong>zni\u017ck\u0119 2 $ na osob\u0119<\/strong> na <strong>dowoln\u0105 kolejn\u0105 wycieczk\u0119 w Hurghadzie!<\/strong><\/p><\/p>\n<p data-start=\"232\" data-end=\"275\">Podr\u00f3\u017cuj wi\u0119cej \u2014 p\u0142a\u0107 mniej\u00a0<img decoding=\"async\" class=\"emoji\" role=\"img\" draggable=\"false\" src=\"https:\/\/s.w.org\/images\/core\/emoji\/16.0.1\/svg\/1f334.svg\" alt=\"\" \/><img decoding=\"async\" class=\"emoji\" role=\"img\" draggable=\"false\" src=\"https:\/\/s.w.org\/images\/core\/emoji\/16.0.1\/svg\/2728.svg\" alt=\"\u2728\" \/><\/p>\n<p><strong>Dzie\u0144 1<\/strong><\/p>\n<p>Wymeldowanie z hotelu o 4:30 rano. Podr\u00f3\u017c trwa oko\u0142o 4 godzin. Wizyta w wyj\u0105tkowej \u015bwi\u0105tyni bogini mi\u0142o\u015bci i pi\u0119kna Hathor (Dendera). Przyjazd do Luksoru, Doliny \u017bywych: wizyta w \u015bwi\u0105tyni Karnak (chrz\u0105szcz skarabeusz, \u015bwi\u0119te jezioro). Przeprawa \u0142odzi\u0105 przez Nil. Lunch w kawiarni na brzegu Nilu (bufet). Dolina Umar\u0142ych: wizyta w \u015bwi\u0105tyni kr\u00f3lowej Hatszepsut, Kolosy Memnona. 17:00-18:00 zameldowanie w hotelu.<\/p>\n<p><strong>Dzie\u0144 2<\/strong><\/p>\n<p>\u015aniadanie w hotelu. Lot balonem nad Luksorem (opcjonalnie, +70$ za osob\u0119). Wizyta w wyj\u0105tkowej \u015awi\u0105tyni Luksorskiej (samym sercu Luksoru). Spacer Alej\u0105 Sfinks\u00f3w - powsta\u0142a za czas\u00f3w 30. dynastii faraon\u00f3w. W tym czasie znajdowa\u0142o si\u0119 na niej 1350 rze\u017ab. Przeprawa przez Nil \u0142odzi\u0105 motorow\u0105. Lunch w kawiarni na brzegu Nilu (bufet). Mo\u017cliwa wizyta w fabryce alibaster\u00f3w i perfum. Przejazd do do\u015b\u0107 du\u017cej \u015bwi\u0105tyni grobowej Ramzesa III w Medinet Abu, uderzaj\u0105cego i dobrze zachowanego przyk\u0142adu \u015bwi\u0105tyni pami\u0105tkowej kr\u00f3l\u00f3w Nowego Pa\u0144stwa. Kolosy Memnona (dwa masywne kamienne pos\u0105gi przedstawiaj\u0105ce faraona Amenhotepa III). Wycieczka \u0142odzi\u0105 motorow\u0105 na Wysp\u0119 Bananow\u0105, gdzie mo\u017cna spacerowa\u0107 po gaju bananowym i delektowa\u0107 si\u0119 \u015bwie\u017cymi owocami (wliczone w cen\u0119). Wizyta w Grobowcach Szlachty (nekropolii). S\u0105 one mniej znane ni\u017c Dolina Kr\u00f3l\u00f3w, ale r\u00f3wnie\u017c wzbudzaj\u0105 zainteresowanie wielu turyst\u00f3w. Wyjazd z Luksoru wst\u0119pnie o 17:00-18:00. Oko\u0142o 22:00 powr\u00f3t do hotelu.<\/p>\n<p><strong>W zestawie:<\/strong><\/p>\n<ul>\n<li>Transfery z i do hotelu<\/li>\n<li>Transfer nowoczesnym, klimatyzowanym autokarem turystycznym<\/li>\n<li>Rosyjskoj\u0119zyczny przewodnik egiptolog<\/li>\n<li>Op\u0142aty za wst\u0119p do wszystkich wymienionych atrakcji<\/li>\n<li>Nocleg w 3* hotelu<\/li>\n<li>Posi\u0142ki: dzie\u0144 1 - lunch, dzie\u0144 2 - \u015bniadanie, lunch.<\/li>\n<\/ul>\n<p><strong>Brak w zestawie:<\/strong><\/p>\n<ul>\n<li>Lot balonem nad Luksorem (opcjonalnie, +70$ za osob\u0119)<\/li>\n<li>Napoje podczas lunchu i \u015bniadania<\/li>\n<li>Transfer z hoteli krajowych: El Gouna i Sahl Hasheesh za dop\u0142at\u0105 +10$ w obie strony (za samoch\u00f3d do 6 os\u00f3b).<\/li>\n<li>Transfery z hoteli krajowych: Soma Bay Kempinski i Sheraton za dop\u0142at\u0105 +15$ w obie strony (za samoch\u00f3d do 6 os\u00f3b).<\/li>\n<\/ul>\n<p><strong>Zabierz go ze sob\u0105:<\/strong><\/p>\n<ul>\n<li>Paszport<\/li>\n<li>Poranna przek\u0105ska (wyja\u015bnij w recepcji hotelu, \u017ce wyje\u017cd\u017casz wcze\u015bnie rano na wycieczk\u0119 i musisz przygotowa\u0107 lunch box, hotele zapewni\u0105 t\u0119 us\u0142ug\u0119 bezp\u0142atnie).<\/li>\n<li>Nakrycie g\u0142owy<\/li>\n<li>Pieni\u0105dze na wydatki osobiste i pami\u0105tki<\/li>\n<li>Woda<\/li>\n<li>Wygodne buty<\/li>\n<li>Ciep\u0142e ubrania na podr\u00f3\u017c (zim\u0105)<\/li>\n<\/ul>","protected":false},"excerpt":{"rendered":"<p><strong>Czas trwania:<\/strong> 2 dni<\/p>\n<p><strong>Holding Days:<\/strong> \u015aroda i niedziela<\/p>","protected":false},"featured_media":23200,"template":"","meta":{"_kad_post_transparent":"default","_kad_post_title":"","_kad_post_layout":"default","_kad_post_sidebar_id":"","_kad_post_content_style":"default","_kad_post_vertical_padding":"default","_kad_post_feature":"","_kad_post_feature_position":"","_kad_post_header":false,"_kad_post_footer":false,"_kad_post_classname":"","_glsr_average":0,"_glsr_ranking":0,"_glsr_reviews":0},"product_brand":[],"product_cat":[479],"product_tag":[],"class_list":{"0":"post-23197","1":"product","2":"type-product","3":"status-publish","4":"has-post-thumbnail","6":"product_cat-hurghadatours","7":"tm-has-options","9":"first","10":"instock","11":"sold-individually","12":"taxable","13":"shipping-taxable","14":"purchasable","15":"product-type-simple","16":"entry","17":"content-bg","18":"loop-entry"},"yoast_head":"<!-- This site is optimized with the Yoast SEO plugin v27.3 - https:\/\/yoast.com\/product\/yoast-seo-wordpress\/ -->\n<title>\u041b\u0443\u043a\u0441\u043e\u0440 2 \u0434\u043d\u044f +2$ \u0441\u043a\u0438\u0434\u043a\u0430 \u043d\u0430 \u0434\u0440\u0443\u0433\u0443\u044e \u044d\u043a\u0441\u043a\u0443\u0440\u0441\u0438\u044e &#8226; \u042d\u043a\u0441\u043a\u0443\u0440\u0441\u0438\u0438 Skyline<\/title>\n<meta name=\"robots\" content=\"index, follow, max-snippet:-1, max-image-preview:large, max-video-preview:-1\" \/>\n<link rel=\"canonical\" href=\"https:\/\/skyline-gs.com\/pl\/produkt\/luxor-2-days\/\" \/>\n<meta property=\"og:locale\" content=\"pl_PL\" \/>\n<meta property=\"og:type\" content=\"article\" \/>\n<meta property=\"og:title\" content=\"\u041b\u0443\u043a\u0441\u043e\u0440 2 \u0434\u043d\u044f +2$ \u0441\u043a\u0438\u0434\u043a\u0430 \u043d\u0430 \u0434\u0440\u0443\u0433\u0443\u044e \u044d\u043a\u0441\u043a\u0443\u0440\u0441\u0438\u044e &#8226; \u042d\u043a\u0441\u043a\u0443\u0440\u0441\u0438\u0438 Skyline\" \/>\n<meta property=\"og:description\" content=\"\u0414\u043b\u0438\u0442\u0435\u043b\u044c\u043d\u043e\u0441\u0442\u044c: 2 \u0434\u043d\u044f  \u0414\u043d\u0438 \u043f\u0440\u043e\u0432\u0435\u0434\u0435\u043d\u0438\u044f: \u0441\u0440\u0435\u0434\u0430 \u0438 \u0432\u043e\u0441\u043a\u0440\u0435\u0441\u0435\u043d\u044c\u0435\" \/>\n<meta property=\"og:url\" content=\"https:\/\/skyline-gs.com\/pl\/produkt\/luxor-2-days\/\" \/>\n<meta property=\"og:site_name\" content=\"\u042d\u043a\u0441\u043a\u0443\u0440\u0441\u0438\u0438 Skyline\" \/>\n<meta property=\"article:modified_time\" content=\"2025-11-08T09:49:45+00:00\" \/>\n<meta property=\"og:image\" content=\"https:\/\/skyline-gs.com\/wp-content\/uploads\/2021\/07\/11-2.jpg\" \/>\n\t<meta property=\"og:image:width\" content=\"671\" \/>\n\t<meta property=\"og:image:height\" content=\"446\" \/>\n\t<meta property=\"og:image:type\" content=\"image\/jpeg\" \/>\n<meta name=\"twitter:card\" content=\"summary_large_image\" \/>\n<meta name=\"twitter:label1\" content=\"Szacowany czas czytania\" \/>\n\t<meta name=\"twitter:data1\" content=\"3 minuty\" \/>\n<script type=\"application\/ld+json\" class=\"yoast-schema-graph\">{\"@context\":\"https:\\\/\\\/schema.org\",\"@graph\":[{\"@type\":\"WebPage\",\"@id\":\"https:\\\/\\\/skyline-gs.com\\\/en\\\/product-2\\\/luxor-2-days\\\/\",\"url\":\"https:\\\/\\\/skyline-gs.com\\\/en\\\/product-2\\\/luxor-2-days\\\/\",\"name\":\"\u041b\u0443\u043a\u0441\u043e\u0440 2 \u0434\u043d\u044f +2$ \u0441\u043a\u0438\u0434\u043a\u0430 \u043d\u0430 \u0434\u0440\u0443\u0433\u0443\u044e \u044d\u043a\u0441\u043a\u0443\u0440\u0441\u0438\u044e &#8226; \u042d\u043a\u0441\u043a\u0443\u0440\u0441\u0438\u0438 Skyline\",\"isPartOf\":{\"@id\":\"https:\\\/\\\/skyline-gs.com\\\/it\\\/#website\"},\"primaryImageOfPage\":{\"@id\":\"https:\\\/\\\/skyline-gs.com\\\/en\\\/product-2\\\/luxor-2-days\\\/#primaryimage\"},\"image\":{\"@id\":\"https:\\\/\\\/skyline-gs.com\\\/en\\\/product-2\\\/luxor-2-days\\\/#primaryimage\"},\"thumbnailUrl\":\"https:\\\/\\\/skyline-gs.com\\\/wp-content\\\/uploads\\\/2021\\\/07\\\/11-2.jpg\",\"datePublished\":\"2021-07-09T18:50:37+00:00\",\"dateModified\":\"2025-11-08T09:49:45+00:00\",\"breadcrumb\":{\"@id\":\"https:\\\/\\\/skyline-gs.com\\\/en\\\/product-2\\\/luxor-2-days\\\/#breadcrumb\"},\"inLanguage\":\"pl-PL\",\"potentialAction\":[{\"@type\":\"ReadAction\",\"target\":[\"https:\\\/\\\/skyline-gs.com\\\/en\\\/product-2\\\/luxor-2-days\\\/\"]}]},{\"@type\":\"ImageObject\",\"inLanguage\":\"pl-PL\",\"@id\":\"https:\\\/\\\/skyline-gs.com\\\/en\\\/product-2\\\/luxor-2-days\\\/#primaryimage\",\"url\":\"https:\\\/\\\/skyline-gs.com\\\/wp-content\\\/uploads\\\/2021\\\/07\\\/11-2.jpg\",\"contentUrl\":\"https:\\\/\\\/skyline-gs.com\\\/wp-content\\\/uploads\\\/2021\\\/07\\\/11-2.jpg\",\"width\":671,\"height\":446},{\"@type\":\"BreadcrumbList\",\"@id\":\"https:\\\/\\\/skyline-gs.com\\\/en\\\/product-2\\\/luxor-2-days\\\/#breadcrumb\",\"itemListElement\":[{\"@type\":\"ListItem\",\"position\":1,\"name\":\"\u0413\u043b\u0430\u0432\u043d\u0430\u044f \u0441\u0442\u0440\u0430\u043d\u0438\u0446\u0430\",\"item\":\"https:\\\/\\\/skyline-gs.com\\\/hu\\\/\"},{\"@type\":\"ListItem\",\"position\":2,\"name\":\"\u041c\u0430\u0433\u0430\u0437\u0438\u043d\",\"item\":\"https:\\\/\\\/skyline-gs.com\\\/cs\\\/shop\\\/\"},{\"@type\":\"ListItem\",\"position\":3,\"name\":\"\u041b\u0443\u043a\u0441\u043e\u0440 2 \u0434\u043d\u044f +2$ \u0441\u043a\u0438\u0434\u043a\u0430 \u043d\u0430 \u0434\u0440\u0443\u0433\u0443\u044e \u044d\u043a\u0441\u043a\u0443\u0440\u0441\u0438\u044e\"}]},{\"@type\":\"WebSite\",\"@id\":\"https:\\\/\\\/skyline-gs.com\\\/it\\\/#website\",\"url\":\"https:\\\/\\\/skyline-gs.com\\\/it\\\/\",\"name\":\"\u042d\u043a\u0441\u043a\u0443\u0440\u0441\u0438\u0438 Skyline\",\"description\":\"\u042d\u043a\u0441\u043a\u043b\u044e\u0437\u0438\u0432\u043d\u044b\u0435 \u044d\u043a\u0441\u043a\u0443\u0440\u0441\u0438\u0438 \u043d\u0430 \u043b\u0443\u0447\u0448\u0438\u0445 \u043a\u0443\u0440\u043e\u0440\u0442\u0430\u0445 \u043c\u0438\u0440\u0430\",\"publisher\":{\"@id\":\"https:\\\/\\\/skyline-gs.com\\\/it\\\/#organization\"},\"alternateName\":\"Skyline\",\"potentialAction\":[{\"@type\":\"SearchAction\",\"target\":{\"@type\":\"EntryPoint\",\"urlTemplate\":\"https:\\\/\\\/skyline-gs.com\\\/it\\\/?s={search_term_string}\"},\"query-input\":{\"@type\":\"PropertyValueSpecification\",\"valueRequired\":true,\"valueName\":\"search_term_string\"}}],\"inLanguage\":\"pl-PL\"},{\"@type\":\"Organization\",\"@id\":\"https:\\\/\\\/skyline-gs.com\\\/it\\\/#organization\",\"name\":\"\u042d\u043a\u0441\u043a\u0443\u0440\u0441\u0438\u0438 Skyline\",\"alternateName\":\"\u042d\u043a\u0441\u043a\u0443\u0440\u0441\u0438\u0438 Skyline\",\"url\":\"https:\\\/\\\/skyline-gs.com\\\/it\\\/\",\"logo\":{\"@type\":\"ImageObject\",\"inLanguage\":\"pl-PL\",\"@id\":\"https:\\\/\\\/skyline-gs.com\\\/it\\\/#\\\/schema\\\/logo\\\/image\\\/\",\"url\":\"https:\\\/\\\/skyline-gs.com\\\/wp-content\\\/uploads\\\/2020\\\/12\\\/cropped-logo-2.png\",\"contentUrl\":\"https:\\\/\\\/skyline-gs.com\\\/wp-content\\\/uploads\\\/2020\\\/12\\\/cropped-logo-2.png\",\"width\":512,\"height\":512,\"caption\":\"\u042d\u043a\u0441\u043a\u0443\u0440\u0441\u0438\u0438 Skyline\"},\"image\":{\"@id\":\"https:\\\/\\\/skyline-gs.com\\\/it\\\/#\\\/schema\\\/logo\\\/image\\\/\"},\"sameAs\":[\"https:\\\/\\\/www.instagram.com\\\/skylineglobalservice\\\/\"]}]}<\/script>\n<!-- \/ Yoast SEO plugin. -->","yoast_head_json":{"title":"\u041b\u0443\u043a\u0441\u043e\u0440 2 \u0434\u043d\u044f +2$ \u0441\u043a\u0438\u0434\u043a\u0430 \u043d\u0430 \u0434\u0440\u0443\u0433\u0443\u044e \u044d\u043a\u0441\u043a\u0443\u0440\u0441\u0438\u044e &#8226; \u042d\u043a\u0441\u043a\u0443\u0440\u0441\u0438\u0438 Skyline","robots":{"index":"index","follow":"follow","max-snippet":"max-snippet:-1","max-image-preview":"max-image-preview:large","max-video-preview":"max-video-preview:-1"},"canonical":"https:\/\/skyline-gs.com\/pl\/produkt\/luxor-2-days\/","og_locale":"pl_PL","og_type":"article","og_title":"\u041b\u0443\u043a\u0441\u043e\u0440 2 \u0434\u043d\u044f +2$ \u0441\u043a\u0438\u0434\u043a\u0430 \u043d\u0430 \u0434\u0440\u0443\u0433\u0443\u044e \u044d\u043a\u0441\u043a\u0443\u0440\u0441\u0438\u044e &#8226; \u042d\u043a\u0441\u043a\u0443\u0440\u0441\u0438\u0438 Skyline","og_description":"\u0414\u043b\u0438\u0442\u0435\u043b\u044c\u043d\u043e\u0441\u0442\u044c: 2 \u0434\u043d\u044f  \u0414\u043d\u0438 \u043f\u0440\u043e\u0432\u0435\u0434\u0435\u043d\u0438\u044f: \u0441\u0440\u0435\u0434\u0430 \u0438 \u0432\u043e\u0441\u043a\u0440\u0435\u0441\u0435\u043d\u044c\u0435","og_url":"https:\/\/skyline-gs.com\/pl\/produkt\/luxor-2-days\/","og_site_name":"\u042d\u043a\u0441\u043a\u0443\u0440\u0441\u0438\u0438 Skyline","article_modified_time":"2025-11-08T09:49:45+00:00","og_image":[{"width":671,"height":446,"url":"https:\/\/skyline-gs.com\/wp-content\/uploads\/2021\/07\/11-2.jpg","type":"image\/jpeg"}],"twitter_card":"summary_large_image","twitter_misc":{"Szacowany czas czytania":"3 minuty"},"schema":{"@context":"https:\/\/schema.org","@graph":[{"@type":"WebPage","@id":"https:\/\/skyline-gs.com\/en\/product-2\/luxor-2-days\/","url":"https:\/\/skyline-gs.com\/en\/product-2\/luxor-2-days\/","name":"\u041b\u0443\u043a\u0441\u043e\u0440 2 \u0434\u043d\u044f +2$ \u0441\u043a\u0438\u0434\u043a\u0430 \u043d\u0430 \u0434\u0440\u0443\u0433\u0443\u044e \u044d\u043a\u0441\u043a\u0443\u0440\u0441\u0438\u044e &#8226; \u042d\u043a\u0441\u043a\u0443\u0440\u0441\u0438\u0438 Skyline","isPartOf":{"@id":"https:\/\/skyline-gs.com\/it\/#website"},"primaryImageOfPage":{"@id":"https:\/\/skyline-gs.com\/en\/product-2\/luxor-2-days\/#primaryimage"},"image":{"@id":"https:\/\/skyline-gs.com\/en\/product-2\/luxor-2-days\/#primaryimage"},"thumbnailUrl":"https:\/\/skyline-gs.com\/wp-content\/uploads\/2021\/07\/11-2.jpg","datePublished":"2021-07-09T18:50:37+00:00","dateModified":"2025-11-08T09:49:45+00:00","breadcrumb":{"@id":"https:\/\/skyline-gs.com\/en\/product-2\/luxor-2-days\/#breadcrumb"},"inLanguage":"pl-PL","potentialAction":[{"@type":"ReadAction","target":["https:\/\/skyline-gs.com\/en\/product-2\/luxor-2-days\/"]}]},{"@type":"ImageObject","inLanguage":"pl-PL","@id":"https:\/\/skyline-gs.com\/en\/product-2\/luxor-2-days\/#primaryimage","url":"https:\/\/skyline-gs.com\/wp-content\/uploads\/2021\/07\/11-2.jpg","contentUrl":"https:\/\/skyline-gs.com\/wp-content\/uploads\/2021\/07\/11-2.jpg","width":671,"height":446},{"@type":"BreadcrumbList","@id":"https:\/\/skyline-gs.com\/en\/product-2\/luxor-2-days\/#breadcrumb","itemListElement":[{"@type":"ListItem","position":1,"name":"\u0413\u043b\u0430\u0432\u043d\u0430\u044f \u0441\u0442\u0440\u0430\u043d\u0438\u0446\u0430","item":"https:\/\/skyline-gs.com\/hu\/"},{"@type":"ListItem","position":2,"name":"\u041c\u0430\u0433\u0430\u0437\u0438\u043d","item":"https:\/\/skyline-gs.com\/cs\/shop\/"},{"@type":"ListItem","position":3,"name":"\u041b\u0443\u043a\u0441\u043e\u0440 2 \u0434\u043d\u044f +2$ \u0441\u043a\u0438\u0434\u043a\u0430 \u043d\u0430 \u0434\u0440\u0443\u0433\u0443\u044e \u044d\u043a\u0441\u043a\u0443\u0440\u0441\u0438\u044e"}]},{"@type":"WebSite","@id":"https:\/\/skyline-gs.com\/it\/#website","url":"https:\/\/skyline-gs.com\/it\/","name":"Wycieczki Skyline","description":"Ekskluzywne wycieczki do najlepszych kurort\u00f3w na \u015bwiecie","publisher":{"@id":"https:\/\/skyline-gs.com\/it\/#organization"},"alternateName":"Skyline","potentialAction":[{"@type":"SearchAction","target":{"@type":"EntryPoint","urlTemplate":"https:\/\/skyline-gs.com\/it\/?s={search_term_string}"},"query-input":{"@type":"PropertyValueSpecification","valueRequired":true,"valueName":"search_term_string"}}],"inLanguage":"pl-PL"},{"@type":"Organization","@id":"https:\/\/skyline-gs.com\/it\/#organization","name":"Wycieczki Skyline","alternateName":"\u042d\u043a\u0441\u043a\u0443\u0440\u0441\u0438\u0438 Skyline","url":"https:\/\/skyline-gs.com\/it\/","logo":{"@type":"ImageObject","inLanguage":"pl-PL","@id":"https:\/\/skyline-gs.com\/it\/#\/schema\/logo\/image\/","url":"https:\/\/skyline-gs.com\/wp-content\/uploads\/2020\/12\/cropped-logo-2.png","contentUrl":"https:\/\/skyline-gs.com\/wp-content\/uploads\/2020\/12\/cropped-logo-2.png","width":512,"height":512,"caption":"\u042d\u043a\u0441\u043a\u0443\u0440\u0441\u0438\u0438 Skyline"},"image":{"@id":"https:\/\/skyline-gs.com\/it\/#\/schema\/logo\/image\/"},"sameAs":["https:\/\/www.instagram.com\/skylineglobalservice\/"]}]}},"_links":{"self":[{"href":"https:\/\/skyline-gs.com\/pl\/wp-json\/wp\/v2\/product\/23197","targetHints":{"allow":["GET"]}}],"collection":[{"href":"https:\/\/skyline-gs.com\/pl\/wp-json\/wp\/v2\/product"}],"about":[{"href":"https:\/\/skyline-gs.com\/pl\/wp-json\/wp\/v2\/types\/product"}],"version-history":[{"count":0,"href":"https:\/\/skyline-gs.com\/pl\/wp-json\/wp\/v2\/product\/23197\/revisions"}],"wp:featuredmedia":[{"embeddable":true,"href":"https:\/\/skyline-gs.com\/pl\/wp-json\/wp\/v2\/media\/23200"}],"wp:attachment":[{"href":"https:\/\/skyline-gs.com\/pl\/wp-json\/wp\/v2\/media?parent=23197"}],"wp:term":[{"taxonomy":"product_brand","embeddable":true,"href":"https:\/\/skyline-gs.com\/pl\/wp-json\/wp\/v2\/product_brand?post=23197"},{"taxonomy":"product_cat","embeddable":true,"href":"https:\/\/skyline-gs.com\/pl\/wp-json\/wp\/v2\/product_cat?post=23197"},{"taxonomy":"product_tag","embeddable":true,"href":"https:\/\/skyline-gs.com\/pl\/wp-json\/wp\/v2\/product_tag?post=23197"}],"curies":[{"name":"wp","href":"https:\/\/api.w.org\/{rel}","templated":true}]}}