{"id":20091,"date":"2022-10-22T01:35:37","date_gmt":"2022-10-21T22:35:37","guid":{"rendered":"https:\/\/zanzibar.skyline-gs.com\/?post_type=product&#038;p=20091"},"modified":"2025-08-31T07:04:48","modified_gmt":"2025-08-31T05:04:48","slug":"kamienne-miasto-wyspa-zolwia-i-znikajaca-wyspa","status":"publish","type":"product","link":"https:\/\/skyline-gs.com\/pl\/product\/stone-town-turtle-island-and-vanishing-island\/","title":{"rendered":"Stone Town, Turtle Island i Vanishing Island."},"content":{"rendered":"<p>8:00 Wykwaterowanie z hotelu i wyjazd do portu Stone Town. Po przybyciu do Stone Town grupa przesiada si\u0119 na \u0142\u00f3d\u017a oko\u0142o godziny 9:00 i udaje si\u0119 na Wysp\u0119 \u017b\u00f3\u0142wi, zwan\u0105 tak\u017ce Wi\u0119zieniem lub Changu. Podr\u00f3\u017c \u0142odzi\u0105 trwa 40 minut. Cz\u0119\u015b\u0107 l\u0105du zajmuje sanktuarium gigantycznych \u017c\u00f3\u0142wi l\u0105dowych, z kt\u00f3rych najstarszy osi\u0105gn\u0105\u0142 wiek dwustu lat. Karmienie \u017c\u00f3\u0142wi i czas wolny. Na drugiej po\u0142owie znajduj\u0105 si\u0119 budynki dawnego wi\u0119zienia, z kt\u00f3rych mo\u017cna podziwia\u0107 zapieraj\u0105ce dech w piersiach krajobrazy. O 11:00 wyp\u0142ywamy na wysp\u0119 Nakupenda, uosobienie opowie\u015bci marynarzy o pojawiaj\u0105cych si\u0119 i znikaj\u0105cych l\u0105dach. Malownicza piaszczysta mierzeja jest jakby stworzona do spektakularnych zdj\u0119\u0107 i romantycznego odpoczynku. 11:30-14:30 p\u0142ywanie, odpoczynek i lunch z owocami morza na wyspie. Oko\u0142o 14:30 nadejdzie czas, aby wyspa znalaz\u0142a si\u0119 pod wod\u0105, a my pop\u0142yniemy \u0142odzi\u0105 do Stone Town. Podr\u00f3\u017c potrwa oko\u0142o 40 minut. 15:10 Rozpocz\u0119cie zwiedzania Stone Town. Kolorowa architektura, wch\u0142aniane tradycje arabskie, indyjskie, angielskie i niemieckie, niewypowiedziana atmosfera i dom, w kt\u00f3rym urodzi\u0142 si\u0119 s\u0142ynny Freddie Mercury (wej\u015bcie na \u017cyczenie, cena 10$ za osob\u0119) - to wszystko i wiele wi\u0119cej czeka na wycieczk\u0119 po stolicy Zanzibaru. 19:00 powr\u00f3t do hotelu.<\/p>\n<p><strong>Co zawiera:<\/strong><\/p>\n<ul>\n<li>Transfery z i do hotelu<\/li>\n<li>Wszystkie transfery klimatyzowanym minibusem<\/li>\n<li>Wynajem \u0142odzi<\/li>\n<li>Rosyjskoj\u0119zyczny przewodnik<\/li>\n<li>Bilety wst\u0119pu<\/li>\n<li>Lunch z owocami morza<\/li>\n<\/ul>\n<p><strong>Na wynos:<\/strong><\/p>\n<ul>\n<li>Kostium k\u0105pielowy, k\u0105piel\u00f3wki;<\/li>\n<li>R\u0119cznik;<\/li>\n<li>Sprz\u0119t foto-wideo. Urz\u0105dzenia nale\u017cy na\u0142adowa\u0107 z wyprzedzeniem;<\/li>\n<li><span class=\"fontstyle0\">Okulary przeciws\u0142oneczne i panama, filtr przeciws\u0142oneczny.<\/span><\/li>\n<\/ul>\n<p><strong>Brak w zestawie:<\/strong><\/p>\n<ul>\n<li>Wej\u015bcie do domu Freddiego Mercury'ego - 10$ (opcjonalnie)<\/li>\n<\/ul>","protected":false},"excerpt":{"rendered":"<p><strong>Czas wycieczki: <\/strong>8:00 \u2014 19:00<\/p>\n<p><strong>Holding Days: <\/strong>codzienny<\/p>","protected":false},"featured_media":20081,"template":"","meta":{"_kad_post_transparent":"default","_kad_post_title":"","_kad_post_layout":"default","_kad_post_sidebar_id":"","_kad_post_content_style":"default","_kad_post_vertical_padding":"default","_kad_post_feature":"","_kad_post_feature_position":"","_kad_post_header":false,"_kad_post_footer":false,"_kad_post_classname":"","_glsr_average":0,"_glsr_ranking":0,"_glsr_reviews":0},"product_brand":[],"product_cat":[469],"product_tag":[],"class_list":{"0":"post-20091","1":"product","2":"type-product","3":"status-publish","4":"has-post-thumbnail","6":"product_cat-tours","7":"tm-has-options","9":"first","10":"instock","11":"sale","12":"sold-individually","13":"taxable","14":"shipping-taxable","15":"purchasable","16":"product-type-simple","17":"entry","18":"content-bg","19":"loop-entry"},"yoast_head":"<!-- This site is optimized with the Yoast SEO plugin v27.3 - https:\/\/yoast.com\/product\/yoast-seo-wordpress\/ -->\n<title>\u0421\u0442\u043e\u0443\u043d \u0422\u0430\u0443\u043d, \u043e\u0441\u0442\u0440\u043e\u0432 \u0427\u0435\u0440\u0435\u043f\u0430\u0445 \u0438 \u0418\u0441\u0447\u0435\u0437\u0430\u044e\u0449\u0438\u0439 \u043e\u0441\u0442\u0440\u043e\u0432 &#8226; \u042d\u043a\u0441\u043a\u0443\u0440\u0441\u0438\u0438 Skyline<\/title>\n<meta name=\"robots\" content=\"index, follow, max-snippet:-1, max-image-preview:large, max-video-preview:-1\" \/>\n<link rel=\"canonical\" href=\"http:\/\/skyline-gs.com\/pl\/produkt\/kamienne-miasto-wyspa-zolwia-i-znikajaca-wyspa\/\" \/>\n<meta property=\"og:locale\" content=\"pl_PL\" \/>\n<meta property=\"og:type\" content=\"article\" \/>\n<meta property=\"og:title\" content=\"\u0421\u0442\u043e\u0443\u043d \u0422\u0430\u0443\u043d, \u043e\u0441\u0442\u0440\u043e\u0432 \u0427\u0435\u0440\u0435\u043f\u0430\u0445 \u0438 \u0418\u0441\u0447\u0435\u0437\u0430\u044e\u0449\u0438\u0439 \u043e\u0441\u0442\u0440\u043e\u0432 &#8226; \u042d\u043a\u0441\u043a\u0443\u0440\u0441\u0438\u0438 Skyline\" \/>\n<meta property=\"og:description\" content=\"\u0412\u0440\u0435\u043c\u044f \u0442\u0443\u0440\u0430: 8:00 - 19:00  \u0414\u043d\u0438 \u043f\u0440\u043e\u0432\u0435\u0434\u0435\u043d\u0438\u044f: \u0435\u0436\u0435\u0434\u043d\u0435\u0432\u043d\u043e\" \/>\n<meta property=\"og:url\" content=\"http:\/\/skyline-gs.com\/pl\/produkt\/kamienne-miasto-wyspa-zolwia-i-znikajaca-wyspa\/\" \/>\n<meta property=\"og:site_name\" content=\"\u042d\u043a\u0441\u043a\u0443\u0440\u0441\u0438\u0438 Skyline\" \/>\n<meta property=\"article:modified_time\" content=\"2025-08-31T05:04:48+00:00\" \/>\n<meta property=\"og:image\" content=\"https:\/\/skyline-gs.com\/wp-content\/uploads\/2022\/10\/4352345-1.png\" \/>\n\t<meta property=\"og:image:width\" content=\"669\" \/>\n\t<meta property=\"og:image:height\" content=\"446\" \/>\n\t<meta property=\"og:image:type\" content=\"image\/png\" \/>\n<meta name=\"twitter:card\" content=\"summary_large_image\" \/>\n<meta name=\"twitter:label1\" content=\"Szacowany czas czytania\" \/>\n\t<meta name=\"twitter:data1\" content=\"2 minuty\" \/>\n<script type=\"application\/ld+json\" class=\"yoast-schema-graph\">{\"@context\":\"https:\\\/\\\/schema.org\",\"@graph\":[{\"@type\":\"WebPage\",\"@id\":\"http:\\\/\\\/skyline-gs.com\\\/fr\\\/produit\\\/stone-town-turtle-island-and-vanishing-island\\\/\",\"url\":\"http:\\\/\\\/skyline-gs.com\\\/fr\\\/produit\\\/stone-town-turtle-island-and-vanishing-island\\\/\",\"name\":\"\u0421\u0442\u043e\u0443\u043d \u0422\u0430\u0443\u043d, \u043e\u0441\u0442\u0440\u043e\u0432 \u0427\u0435\u0440\u0435\u043f\u0430\u0445 \u0438 \u0418\u0441\u0447\u0435\u0437\u0430\u044e\u0449\u0438\u0439 \u043e\u0441\u0442\u0440\u043e\u0432 &#8226; \u042d\u043a\u0441\u043a\u0443\u0440\u0441\u0438\u0438 Skyline\",\"isPartOf\":{\"@id\":\"https:\\\/\\\/skyline-gs.com\\\/it\\\/#website\"},\"primaryImageOfPage\":{\"@id\":\"http:\\\/\\\/skyline-gs.com\\\/fr\\\/produit\\\/stone-town-turtle-island-and-vanishing-island\\\/#primaryimage\"},\"image\":{\"@id\":\"http:\\\/\\\/skyline-gs.com\\\/fr\\\/produit\\\/stone-town-turtle-island-and-vanishing-island\\\/#primaryimage\"},\"thumbnailUrl\":\"https:\\\/\\\/skyline-gs.com\\\/wp-content\\\/uploads\\\/2022\\\/10\\\/4352345-1.png\",\"datePublished\":\"2022-10-21T22:35:37+00:00\",\"dateModified\":\"2025-08-31T05:04:48+00:00\",\"breadcrumb\":{\"@id\":\"http:\\\/\\\/skyline-gs.com\\\/fr\\\/produit\\\/stone-town-turtle-island-and-vanishing-island\\\/#breadcrumb\"},\"inLanguage\":\"pl-PL\",\"potentialAction\":[{\"@type\":\"ReadAction\",\"target\":[\"http:\\\/\\\/skyline-gs.com\\\/fr\\\/produit\\\/stone-town-turtle-island-and-vanishing-island\\\/\"]}]},{\"@type\":\"ImageObject\",\"inLanguage\":\"pl-PL\",\"@id\":\"http:\\\/\\\/skyline-gs.com\\\/fr\\\/produit\\\/stone-town-turtle-island-and-vanishing-island\\\/#primaryimage\",\"url\":\"https:\\\/\\\/skyline-gs.com\\\/wp-content\\\/uploads\\\/2022\\\/10\\\/4352345-1.png\",\"contentUrl\":\"https:\\\/\\\/skyline-gs.com\\\/wp-content\\\/uploads\\\/2022\\\/10\\\/4352345-1.png\",\"width\":669,\"height\":446},{\"@type\":\"BreadcrumbList\",\"@id\":\"http:\\\/\\\/skyline-gs.com\\\/fr\\\/produit\\\/stone-town-turtle-island-and-vanishing-island\\\/#breadcrumb\",\"itemListElement\":[{\"@type\":\"ListItem\",\"position\":1,\"name\":\"\u0413\u043b\u0430\u0432\u043d\u0430\u044f \u0441\u0442\u0440\u0430\u043d\u0438\u0446\u0430\",\"item\":\"https:\\\/\\\/skyline-gs.com\\\/hu\\\/\"},{\"@type\":\"ListItem\",\"position\":2,\"name\":\"\u041c\u0430\u0433\u0430\u0437\u0438\u043d\",\"item\":\"https:\\\/\\\/skyline-gs.com\\\/cs\\\/shop\\\/\"},{\"@type\":\"ListItem\",\"position\":3,\"name\":\"\u0421\u0442\u043e\u0443\u043d \u0422\u0430\u0443\u043d, \u043e\u0441\u0442\u0440\u043e\u0432 \u0427\u0435\u0440\u0435\u043f\u0430\u0445 \u0438 \u0418\u0441\u0447\u0435\u0437\u0430\u044e\u0449\u0438\u0439 \u043e\u0441\u0442\u0440\u043e\u0432\"}]},{\"@type\":\"WebSite\",\"@id\":\"https:\\\/\\\/skyline-gs.com\\\/it\\\/#website\",\"url\":\"https:\\\/\\\/skyline-gs.com\\\/it\\\/\",\"name\":\"\u042d\u043a\u0441\u043a\u0443\u0440\u0441\u0438\u0438 Skyline\",\"description\":\"\u042d\u043a\u0441\u043a\u043b\u044e\u0437\u0438\u0432\u043d\u044b\u0435 \u044d\u043a\u0441\u043a\u0443\u0440\u0441\u0438\u0438 \u043d\u0430 \u043b\u0443\u0447\u0448\u0438\u0445 \u043a\u0443\u0440\u043e\u0440\u0442\u0430\u0445 \u043c\u0438\u0440\u0430\",\"publisher\":{\"@id\":\"https:\\\/\\\/skyline-gs.com\\\/it\\\/#organization\"},\"alternateName\":\"Skyline\",\"potentialAction\":[{\"@type\":\"SearchAction\",\"target\":{\"@type\":\"EntryPoint\",\"urlTemplate\":\"https:\\\/\\\/skyline-gs.com\\\/it\\\/?s={search_term_string}\"},\"query-input\":{\"@type\":\"PropertyValueSpecification\",\"valueRequired\":true,\"valueName\":\"search_term_string\"}}],\"inLanguage\":\"pl-PL\"},{\"@type\":\"Organization\",\"@id\":\"https:\\\/\\\/skyline-gs.com\\\/it\\\/#organization\",\"name\":\"\u042d\u043a\u0441\u043a\u0443\u0440\u0441\u0438\u0438 Skyline\",\"alternateName\":\"\u042d\u043a\u0441\u043a\u0443\u0440\u0441\u0438\u0438 Skyline\",\"url\":\"https:\\\/\\\/skyline-gs.com\\\/it\\\/\",\"logo\":{\"@type\":\"ImageObject\",\"inLanguage\":\"pl-PL\",\"@id\":\"https:\\\/\\\/skyline-gs.com\\\/it\\\/#\\\/schema\\\/logo\\\/image\\\/\",\"url\":\"https:\\\/\\\/skyline-gs.com\\\/wp-content\\\/uploads\\\/2020\\\/12\\\/cropped-logo-2.png\",\"contentUrl\":\"https:\\\/\\\/skyline-gs.com\\\/wp-content\\\/uploads\\\/2020\\\/12\\\/cropped-logo-2.png\",\"width\":512,\"height\":512,\"caption\":\"\u042d\u043a\u0441\u043a\u0443\u0440\u0441\u0438\u0438 Skyline\"},\"image\":{\"@id\":\"https:\\\/\\\/skyline-gs.com\\\/it\\\/#\\\/schema\\\/logo\\\/image\\\/\"},\"sameAs\":[\"https:\\\/\\\/www.instagram.com\\\/skylineglobalservice\\\/\"]}]}<\/script>\n<!-- \/ Yoast SEO plugin. -->","yoast_head_json":{"title":"\u0421\u0442\u043e\u0443\u043d \u0422\u0430\u0443\u043d, \u043e\u0441\u0442\u0440\u043e\u0432 \u0427\u0435\u0440\u0435\u043f\u0430\u0445 \u0438 \u0418\u0441\u0447\u0435\u0437\u0430\u044e\u0449\u0438\u0439 \u043e\u0441\u0442\u0440\u043e\u0432 &#8226; \u042d\u043a\u0441\u043a\u0443\u0440\u0441\u0438\u0438 Skyline","robots":{"index":"index","follow":"follow","max-snippet":"max-snippet:-1","max-image-preview":"max-image-preview:large","max-video-preview":"max-video-preview:-1"},"canonical":"http:\/\/skyline-gs.com\/pl\/produkt\/kamienne-miasto-wyspa-zolwia-i-znikajaca-wyspa\/","og_locale":"pl_PL","og_type":"article","og_title":"\u0421\u0442\u043e\u0443\u043d \u0422\u0430\u0443\u043d, \u043e\u0441\u0442\u0440\u043e\u0432 \u0427\u0435\u0440\u0435\u043f\u0430\u0445 \u0438 \u0418\u0441\u0447\u0435\u0437\u0430\u044e\u0449\u0438\u0439 \u043e\u0441\u0442\u0440\u043e\u0432 &#8226; \u042d\u043a\u0441\u043a\u0443\u0440\u0441\u0438\u0438 Skyline","og_description":"\u0412\u0440\u0435\u043c\u044f \u0442\u0443\u0440\u0430: 8:00 - 19:00  \u0414\u043d\u0438 \u043f\u0440\u043e\u0432\u0435\u0434\u0435\u043d\u0438\u044f: \u0435\u0436\u0435\u0434\u043d\u0435\u0432\u043d\u043e","og_url":"http:\/\/skyline-gs.com\/pl\/produkt\/kamienne-miasto-wyspa-zolwia-i-znikajaca-wyspa\/","og_site_name":"\u042d\u043a\u0441\u043a\u0443\u0440\u0441\u0438\u0438 Skyline","article_modified_time":"2025-08-31T05:04:48+00:00","og_image":[{"width":669,"height":446,"url":"https:\/\/skyline-gs.com\/wp-content\/uploads\/2022\/10\/4352345-1.png","type":"image\/png"}],"twitter_card":"summary_large_image","twitter_misc":{"Szacowany czas czytania":"2 minuty"},"schema":{"@context":"https:\/\/schema.org","@graph":[{"@type":"WebPage","@id":"http:\/\/skyline-gs.com\/fr\/produit\/stone-town-turtle-island-and-vanishing-island\/","url":"http:\/\/skyline-gs.com\/fr\/produit\/stone-town-turtle-island-and-vanishing-island\/","name":"\u0421\u0442\u043e\u0443\u043d \u0422\u0430\u0443\u043d, \u043e\u0441\u0442\u0440\u043e\u0432 \u0427\u0435\u0440\u0435\u043f\u0430\u0445 \u0438 \u0418\u0441\u0447\u0435\u0437\u0430\u044e\u0449\u0438\u0439 \u043e\u0441\u0442\u0440\u043e\u0432 &#8226; \u042d\u043a\u0441\u043a\u0443\u0440\u0441\u0438\u0438 Skyline","isPartOf":{"@id":"https:\/\/skyline-gs.com\/it\/#website"},"primaryImageOfPage":{"@id":"http:\/\/skyline-gs.com\/fr\/produit\/stone-town-turtle-island-and-vanishing-island\/#primaryimage"},"image":{"@id":"http:\/\/skyline-gs.com\/fr\/produit\/stone-town-turtle-island-and-vanishing-island\/#primaryimage"},"thumbnailUrl":"https:\/\/skyline-gs.com\/wp-content\/uploads\/2022\/10\/4352345-1.png","datePublished":"2022-10-21T22:35:37+00:00","dateModified":"2025-08-31T05:04:48+00:00","breadcrumb":{"@id":"http:\/\/skyline-gs.com\/fr\/produit\/stone-town-turtle-island-and-vanishing-island\/#breadcrumb"},"inLanguage":"pl-PL","potentialAction":[{"@type":"ReadAction","target":["http:\/\/skyline-gs.com\/fr\/produit\/stone-town-turtle-island-and-vanishing-island\/"]}]},{"@type":"ImageObject","inLanguage":"pl-PL","@id":"http:\/\/skyline-gs.com\/fr\/produit\/stone-town-turtle-island-and-vanishing-island\/#primaryimage","url":"https:\/\/skyline-gs.com\/wp-content\/uploads\/2022\/10\/4352345-1.png","contentUrl":"https:\/\/skyline-gs.com\/wp-content\/uploads\/2022\/10\/4352345-1.png","width":669,"height":446},{"@type":"BreadcrumbList","@id":"http:\/\/skyline-gs.com\/fr\/produit\/stone-town-turtle-island-and-vanishing-island\/#breadcrumb","itemListElement":[{"@type":"ListItem","position":1,"name":"\u0413\u043b\u0430\u0432\u043d\u0430\u044f \u0441\u0442\u0440\u0430\u043d\u0438\u0446\u0430","item":"https:\/\/skyline-gs.com\/hu\/"},{"@type":"ListItem","position":2,"name":"\u041c\u0430\u0433\u0430\u0437\u0438\u043d","item":"https:\/\/skyline-gs.com\/cs\/shop\/"},{"@type":"ListItem","position":3,"name":"\u0421\u0442\u043e\u0443\u043d \u0422\u0430\u0443\u043d, \u043e\u0441\u0442\u0440\u043e\u0432 \u0427\u0435\u0440\u0435\u043f\u0430\u0445 \u0438 \u0418\u0441\u0447\u0435\u0437\u0430\u044e\u0449\u0438\u0439 \u043e\u0441\u0442\u0440\u043e\u0432"}]},{"@type":"WebSite","@id":"https:\/\/skyline-gs.com\/it\/#website","url":"https:\/\/skyline-gs.com\/it\/","name":"Wycieczki Skyline","description":"Ekskluzywne wycieczki do najlepszych kurort\u00f3w na \u015bwiecie","publisher":{"@id":"https:\/\/skyline-gs.com\/it\/#organization"},"alternateName":"Skyline","potentialAction":[{"@type":"SearchAction","target":{"@type":"EntryPoint","urlTemplate":"https:\/\/skyline-gs.com\/it\/?s={search_term_string}"},"query-input":{"@type":"PropertyValueSpecification","valueRequired":true,"valueName":"search_term_string"}}],"inLanguage":"pl-PL"},{"@type":"Organization","@id":"https:\/\/skyline-gs.com\/it\/#organization","name":"Wycieczki Skyline","alternateName":"\u042d\u043a\u0441\u043a\u0443\u0440\u0441\u0438\u0438 Skyline","url":"https:\/\/skyline-gs.com\/it\/","logo":{"@type":"ImageObject","inLanguage":"pl-PL","@id":"https:\/\/skyline-gs.com\/it\/#\/schema\/logo\/image\/","url":"https:\/\/skyline-gs.com\/wp-content\/uploads\/2020\/12\/cropped-logo-2.png","contentUrl":"https:\/\/skyline-gs.com\/wp-content\/uploads\/2020\/12\/cropped-logo-2.png","width":512,"height":512,"caption":"\u042d\u043a\u0441\u043a\u0443\u0440\u0441\u0438\u0438 Skyline"},"image":{"@id":"https:\/\/skyline-gs.com\/it\/#\/schema\/logo\/image\/"},"sameAs":["https:\/\/www.instagram.com\/skylineglobalservice\/"]}]}},"_links":{"self":[{"href":"https:\/\/skyline-gs.com\/pl\/wp-json\/wp\/v2\/product\/20091","targetHints":{"allow":["GET"]}}],"collection":[{"href":"https:\/\/skyline-gs.com\/pl\/wp-json\/wp\/v2\/product"}],"about":[{"href":"https:\/\/skyline-gs.com\/pl\/wp-json\/wp\/v2\/types\/product"}],"version-history":[{"count":0,"href":"https:\/\/skyline-gs.com\/pl\/wp-json\/wp\/v2\/product\/20091\/revisions"}],"wp:featuredmedia":[{"embeddable":true,"href":"https:\/\/skyline-gs.com\/pl\/wp-json\/wp\/v2\/media\/20081"}],"wp:attachment":[{"href":"https:\/\/skyline-gs.com\/pl\/wp-json\/wp\/v2\/media?parent=20091"}],"wp:term":[{"taxonomy":"product_brand","embeddable":true,"href":"https:\/\/skyline-gs.com\/pl\/wp-json\/wp\/v2\/product_brand?post=20091"},{"taxonomy":"product_cat","embeddable":true,"href":"https:\/\/skyline-gs.com\/pl\/wp-json\/wp\/v2\/product_cat?post=20091"},{"taxonomy":"product_tag","embeddable":true,"href":"https:\/\/skyline-gs.com\/pl\/wp-json\/wp\/v2\/product_tag?post=20091"}],"curies":[{"name":"wp","href":"https:\/\/api.w.org\/{rel}","templated":true}]}}