{"id":20000,"date":"2021-04-28T19:30:53","date_gmt":"2021-04-28T16:30:53","guid":{"rendered":"https:\/\/hurghada.skyline-gs.com\/?post_type=product&#038;p=20000"},"modified":"2024-11-07T02:39:46","modified_gmt":"2024-11-07T00:39:46","slug":"cairo-siwa","status":"publish","type":"product","link":"https:\/\/skyline-gs.com\/pl\/product\/cairo-siwa\/","title":{"rendered":"Spersonalizowana wycieczka do Kairu i Siwa Oasis na 4 dni"},"content":{"rendered":"<p><strong>Dzie\u0144 1<\/strong><\/p>\n<p>2:00 Wylot z Hurghady i transfer do Kairu (poniewa\u017c wylot jest wcze\u015bnie, nie zapomnij zam\u00f3wi\u0107 \u015bniadania w hotelu). Podr\u00f3\u017c potrwa oko\u0142o 5 godzin. Nasz dzie\u0144 rozpocznie si\u0119 od przejazdu do cmentarzyska w Sakkarze. Zobaczysz pierwsz\u0105 piramid\u0119 w historii - piramid\u0119 schodkow\u0105 kr\u00f3la D\u017cesera. Nast\u0119pnie odwiedzimy pierwsz\u0105 stolic\u0119 Egiptu - Memfis i pomnik kr\u00f3la Ramzesa II. Lunch w jednej z lokalnych restauracji orientalnych. Na zako\u0144czenie zwiedzanie jednego z siedmiu cud\u00f3w \u015bwiata - Wielkich Piramid (Piramida Cheopsa, Chefrena i Menkaure) oraz Sfinksa. Zameldowanie w hotelu. Nocleg w Kairze.<\/p>\n<p><strong>Dzie\u0144 2<\/strong><\/p>\n<p>\u015aniadanie w hotelu. 7:00 Wykwaterowanie z hotelu i przejazd do oazy Siwa. Przejazd zajmie oko\u0142o 8 godzin. Po drodze post\u00f3j na lunch. Przyjazd do oazy Siwa i zameldowanie w hotelu. Czas wolny. Siwa to jedna z najpi\u0119kniejszych oaz w Egipcie! Od czas\u00f3w staro\u017cytnych Egipcjanie nazywali Siwa \"Krain\u0105 boga Amona Ra\". Jest to miejsce mocy, pe\u0142ne tajemnic i magii. To tutaj Aleksander Wielki otrzyma\u0142 potwierdzenie swojego boskiego pochodzenia. Nocleg w hotelu.<\/p>\n<p><strong>Dzie\u0144 3<\/strong><\/p>\n<p>\u015aniadanie w hotelu. 8:00 Wykwaterowanie z hotelu i zwiedzanie starego miasta w Siwie. \u015awi\u0105tynia Aleksandra. Wizyta na \"G\u00f3rze \u015amierci\". Lunch w restauracji. Nast\u0119pnie przeniesiemy si\u0119 do s\u0142onych jezior i b\u0119dziesz mia\u0142 okazj\u0119 pop\u0142ywa\u0107 w nich i zrobi\u0107 niezapomniane zdj\u0119cia. Gor\u0105ce \u017ar\u00f3d\u0142a Kleopatry. O 16:00 wyjazd z powrotem do Kairu. Nocleg w hotelu.<\/p>\n<p><strong>Dzie\u0144 4<\/strong><\/p>\n<p>\u015aniadanie w hotelu. 9:00 Wyjazd z hotelu. Ostatniego dnia wycieczki czeka nas prawdziwe zanurzenie w stolicy Egiptu i jednym z najwi\u0119kszych miast na \u015bwiecie - Kairze. B\u0119dziemy spacerowa\u0107 w\u0105skimi uliczkami Hana al-Khalili, jednego z najwi\u0119kszych suk\u00f3w w Afryce. Hana al-Khalili to bardzo kolorowe miejsce, w kt\u00f3rym mo\u017cna kupi\u0107 najbardziej niezwyk\u0142e pami\u0105tki z Egiptu. Lunch. Nast\u0119pnie odwiedzimy koptyjskie ko\u015bcio\u0142y. Zobaczymy wisz\u0105cy ko\u015bci\u00f3\u0142 \u015bw. Marii III wieku, kt\u00f3ry wznosi si\u0119 nad ruinami staro\u017cytnej fortecy. Zatrzymamy si\u0119 przy katedrze Symeona Robotnika Sk\u00f3rzanego, zbudowanej bezpo\u015brednio w jaskini. 15:00 wyjazd do Hurghady. Oko\u0142o 20:00 powr\u00f3t do hotelu.<\/p>\n<p><strong>W zestawie:<\/strong><\/p>\n<ul>\n<li>Transfery z i do hotelu;<\/li>\n<li>Transfer prywatnym samochodem z klimatyzacj\u0105;<\/li>\n<li>Us\u0142ugi rosyjskoj\u0119zycznego przewodnika;<\/li>\n<li>Op\u0142aty za wst\u0119p do wszystkich wymienionych atrakcji;<\/li>\n<li>Zakwaterowanie w hotelach zgodnie z programem;<\/li>\n<li>Posi\u0142ki: dzie\u0144 1 - obiad; dzie\u0144 2 - \u015bniadanie, obiad; dzie\u0144 3 - \u015bniadanie, obiad; dzie\u0144 4 - \u015bniadanie, obiad.<\/li>\n<\/ul>\n<p><strong>Brak w zestawie:<\/strong><\/p>\n<ul>\n<li>Transfer z hoteli w Sahl Hasheesh, Soma Bay, Safaga i Makadi Bay kosztuje 20$ za samoch\u00f3d 4-osobowy w obie strony.<\/li>\n<\/ul>\n<p><strong>Zabierz go ze sob\u0105:<\/strong><\/p>\n<ul>\n<li>Nakrycie g\u0142owy;<\/li>\n<li>Pieni\u0105dze na wydatki osobiste i pami\u0105tki;<\/li>\n<li>Produkty higieny osobistej;<\/li>\n<li>Woda pitna;<\/li>\n<li>Poranna przek\u0105ska (w recepcji hotelu wyja\u015bnij, \u017ce wyje\u017cd\u017casz wcze\u015bnie rano na wycieczk\u0119 i musisz przygotowa\u0107 lunch box, hotele zapewni\u0105 t\u0119 us\u0142ug\u0119 bezp\u0142atnie);<\/li>\n<li>Wygodne buty;<\/li>\n<li>Ciep\u0142e ubrania na podr\u00f3\u017c (zim\u0105).<\/li>\n<\/ul>","protected":false},"excerpt":{"rendered":"<p><b>Czas trwania: <\/b>4 dni<\/p>\n<p><strong>Holding Days: <\/strong>codzienny<\/p>","protected":false},"featured_media":25156,"template":"","meta":{"_kad_post_transparent":"default","_kad_post_title":"","_kad_post_layout":"default","_kad_post_sidebar_id":"","_kad_post_content_style":"default","_kad_post_vertical_padding":"default","_kad_post_feature":"","_kad_post_feature_position":"","_kad_post_header":false,"_kad_post_footer":false,"_kad_post_classname":"","_glsr_average":0,"_glsr_ranking":0,"_glsr_reviews":0},"product_brand":[],"product_cat":[480],"product_tag":[],"class_list":{"0":"post-20000","1":"product","2":"type-product","3":"status-publish","4":"has-post-thumbnail","6":"product_cat-individual-tours-hurghada","7":"tm-has-options","9":"first","10":"instock","11":"sold-individually","12":"taxable","13":"shipping-taxable","14":"purchasable","15":"product-type-simple","16":"entry","17":"content-bg","18":"loop-entry"},"yoast_head":"<!-- This site is optimized with the Yoast SEO plugin v27.3 - https:\/\/yoast.com\/product\/yoast-seo-wordpress\/ -->\n<title>\u0418\u043d\u0434\u0438\u0432\u0438\u0434\u0443\u0430\u043b\u044c\u043d\u044b\u0439 \u041a\u0430\u0438\u0440 \u0438 \u043e\u0430\u0437\u0438\u0441 \u0421\u0438\u0432\u0430 4 \u0434\u043d\u044f &#8226; \u042d\u043a\u0441\u043a\u0443\u0440\u0441\u0438\u0438 Skyline<\/title>\n<meta name=\"robots\" content=\"index, follow, max-snippet:-1, max-image-preview:large, max-video-preview:-1\" \/>\n<link rel=\"canonical\" href=\"http:\/\/skyline-gs.com\/pl\/produkt\/cairo-siwa\/\" \/>\n<meta property=\"og:locale\" content=\"pl_PL\" \/>\n<meta property=\"og:type\" content=\"article\" \/>\n<meta property=\"og:title\" content=\"\u0418\u043d\u0434\u0438\u0432\u0438\u0434\u0443\u0430\u043b\u044c\u043d\u044b\u0439 \u041a\u0430\u0438\u0440 \u0438 \u043e\u0430\u0437\u0438\u0441 \u0421\u0438\u0432\u0430 4 \u0434\u043d\u044f &#8226; \u042d\u043a\u0441\u043a\u0443\u0440\u0441\u0438\u0438 Skyline\" \/>\n<meta property=\"og:description\" content=\"\u0414\u043b\u0438\u0442\u0435\u043b\u044c\u043d\u043e\u0441\u0442\u044c: 4 \u0434\u043d\u044f  \u0414\u043d\u0438 \u043f\u0440\u043e\u0432\u0435\u0434\u0435\u043d\u0438\u044f: \u0435\u0436\u0435\u0434\u043d\u0435\u0432\u043d\u043e\" \/>\n<meta property=\"og:url\" content=\"http:\/\/skyline-gs.com\/pl\/produkt\/cairo-siwa\/\" \/>\n<meta property=\"og:site_name\" content=\"\u042d\u043a\u0441\u043a\u0443\u0440\u0441\u0438\u0438 Skyline\" \/>\n<meta property=\"article:modified_time\" content=\"2024-11-07T00:39:46+00:00\" \/>\n<meta property=\"og:image\" content=\"https:\/\/skyline-gs.com\/wp-content\/uploads\/2021\/04\/2-2.png\" \/>\n\t<meta property=\"og:image:width\" content=\"669\" \/>\n\t<meta property=\"og:image:height\" content=\"446\" \/>\n\t<meta property=\"og:image:type\" content=\"image\/png\" \/>\n<meta name=\"twitter:card\" content=\"summary_large_image\" \/>\n<meta name=\"twitter:label1\" content=\"Szacowany czas czytania\" \/>\n\t<meta name=\"twitter:data1\" content=\"3 minuty\" \/>\n<script type=\"application\/ld+json\" class=\"yoast-schema-graph\">{\"@context\":\"https:\\\/\\\/schema.org\",\"@graph\":[{\"@type\":\"WebPage\",\"@id\":\"http:\\\/\\\/skyline-gs.com\\\/hu\\\/termek\\\/cairo-siwa\\\/\",\"url\":\"http:\\\/\\\/skyline-gs.com\\\/hu\\\/termek\\\/cairo-siwa\\\/\",\"name\":\"\u0418\u043d\u0434\u0438\u0432\u0438\u0434\u0443\u0430\u043b\u044c\u043d\u044b\u0439 \u041a\u0430\u0438\u0440 \u0438 \u043e\u0430\u0437\u0438\u0441 \u0421\u0438\u0432\u0430 4 \u0434\u043d\u044f &#8226; \u042d\u043a\u0441\u043a\u0443\u0440\u0441\u0438\u0438 Skyline\",\"isPartOf\":{\"@id\":\"https:\\\/\\\/skyline-gs.com\\\/it\\\/#website\"},\"primaryImageOfPage\":{\"@id\":\"http:\\\/\\\/skyline-gs.com\\\/hu\\\/termek\\\/cairo-siwa\\\/#primaryimage\"},\"image\":{\"@id\":\"http:\\\/\\\/skyline-gs.com\\\/hu\\\/termek\\\/cairo-siwa\\\/#primaryimage\"},\"thumbnailUrl\":\"https:\\\/\\\/skyline-gs.com\\\/wp-content\\\/uploads\\\/2021\\\/04\\\/2-2.png\",\"datePublished\":\"2021-04-28T16:30:53+00:00\",\"dateModified\":\"2024-11-07T00:39:46+00:00\",\"breadcrumb\":{\"@id\":\"http:\\\/\\\/skyline-gs.com\\\/hu\\\/termek\\\/cairo-siwa\\\/#breadcrumb\"},\"inLanguage\":\"pl-PL\",\"potentialAction\":[{\"@type\":\"ReadAction\",\"target\":[\"http:\\\/\\\/skyline-gs.com\\\/hu\\\/termek\\\/cairo-siwa\\\/\"]}]},{\"@type\":\"ImageObject\",\"inLanguage\":\"pl-PL\",\"@id\":\"http:\\\/\\\/skyline-gs.com\\\/hu\\\/termek\\\/cairo-siwa\\\/#primaryimage\",\"url\":\"https:\\\/\\\/skyline-gs.com\\\/wp-content\\\/uploads\\\/2021\\\/04\\\/2-2.png\",\"contentUrl\":\"https:\\\/\\\/skyline-gs.com\\\/wp-content\\\/uploads\\\/2021\\\/04\\\/2-2.png\",\"width\":669,\"height\":446},{\"@type\":\"BreadcrumbList\",\"@id\":\"http:\\\/\\\/skyline-gs.com\\\/hu\\\/termek\\\/cairo-siwa\\\/#breadcrumb\",\"itemListElement\":[{\"@type\":\"ListItem\",\"position\":1,\"name\":\"\u0413\u043b\u0430\u0432\u043d\u0430\u044f \u0441\u0442\u0440\u0430\u043d\u0438\u0446\u0430\",\"item\":\"https:\\\/\\\/skyline-gs.com\\\/hu\\\/\"},{\"@type\":\"ListItem\",\"position\":2,\"name\":\"\u041c\u0430\u0433\u0430\u0437\u0438\u043d\",\"item\":\"https:\\\/\\\/skyline-gs.com\\\/cs\\\/shop\\\/\"},{\"@type\":\"ListItem\",\"position\":3,\"name\":\"\u0418\u043d\u0434\u0438\u0432\u0438\u0434\u0443\u0430\u043b\u044c\u043d\u044b\u0439 \u041a\u0430\u0438\u0440 \u0438 \u043e\u0430\u0437\u0438\u0441 \u0421\u0438\u0432\u0430 4 \u0434\u043d\u044f\"}]},{\"@type\":\"WebSite\",\"@id\":\"https:\\\/\\\/skyline-gs.com\\\/it\\\/#website\",\"url\":\"https:\\\/\\\/skyline-gs.com\\\/it\\\/\",\"name\":\"\u042d\u043a\u0441\u043a\u0443\u0440\u0441\u0438\u0438 Skyline\",\"description\":\"\u042d\u043a\u0441\u043a\u043b\u044e\u0437\u0438\u0432\u043d\u044b\u0435 \u044d\u043a\u0441\u043a\u0443\u0440\u0441\u0438\u0438 \u043d\u0430 \u043b\u0443\u0447\u0448\u0438\u0445 \u043a\u0443\u0440\u043e\u0440\u0442\u0430\u0445 \u043c\u0438\u0440\u0430\",\"publisher\":{\"@id\":\"https:\\\/\\\/skyline-gs.com\\\/it\\\/#organization\"},\"alternateName\":\"Skyline\",\"potentialAction\":[{\"@type\":\"SearchAction\",\"target\":{\"@type\":\"EntryPoint\",\"urlTemplate\":\"https:\\\/\\\/skyline-gs.com\\\/it\\\/?s={search_term_string}\"},\"query-input\":{\"@type\":\"PropertyValueSpecification\",\"valueRequired\":true,\"valueName\":\"search_term_string\"}}],\"inLanguage\":\"pl-PL\"},{\"@type\":\"Organization\",\"@id\":\"https:\\\/\\\/skyline-gs.com\\\/it\\\/#organization\",\"name\":\"\u042d\u043a\u0441\u043a\u0443\u0440\u0441\u0438\u0438 Skyline\",\"alternateName\":\"\u042d\u043a\u0441\u043a\u0443\u0440\u0441\u0438\u0438 Skyline\",\"url\":\"https:\\\/\\\/skyline-gs.com\\\/it\\\/\",\"logo\":{\"@type\":\"ImageObject\",\"inLanguage\":\"pl-PL\",\"@id\":\"https:\\\/\\\/skyline-gs.com\\\/it\\\/#\\\/schema\\\/logo\\\/image\\\/\",\"url\":\"https:\\\/\\\/skyline-gs.com\\\/wp-content\\\/uploads\\\/2020\\\/12\\\/cropped-logo-2.png\",\"contentUrl\":\"https:\\\/\\\/skyline-gs.com\\\/wp-content\\\/uploads\\\/2020\\\/12\\\/cropped-logo-2.png\",\"width\":512,\"height\":512,\"caption\":\"\u042d\u043a\u0441\u043a\u0443\u0440\u0441\u0438\u0438 Skyline\"},\"image\":{\"@id\":\"https:\\\/\\\/skyline-gs.com\\\/it\\\/#\\\/schema\\\/logo\\\/image\\\/\"},\"sameAs\":[\"https:\\\/\\\/www.instagram.com\\\/skylineglobalservice\\\/\"]}]}<\/script>\n<!-- \/ Yoast SEO plugin. -->","yoast_head_json":{"title":"\u0418\u043d\u0434\u0438\u0432\u0438\u0434\u0443\u0430\u043b\u044c\u043d\u044b\u0439 \u041a\u0430\u0438\u0440 \u0438 \u043e\u0430\u0437\u0438\u0441 \u0421\u0438\u0432\u0430 4 \u0434\u043d\u044f &#8226; \u042d\u043a\u0441\u043a\u0443\u0440\u0441\u0438\u0438 Skyline","robots":{"index":"index","follow":"follow","max-snippet":"max-snippet:-1","max-image-preview":"max-image-preview:large","max-video-preview":"max-video-preview:-1"},"canonical":"http:\/\/skyline-gs.com\/pl\/produkt\/cairo-siwa\/","og_locale":"pl_PL","og_type":"article","og_title":"\u0418\u043d\u0434\u0438\u0432\u0438\u0434\u0443\u0430\u043b\u044c\u043d\u044b\u0439 \u041a\u0430\u0438\u0440 \u0438 \u043e\u0430\u0437\u0438\u0441 \u0421\u0438\u0432\u0430 4 \u0434\u043d\u044f &#8226; \u042d\u043a\u0441\u043a\u0443\u0440\u0441\u0438\u0438 Skyline","og_description":"\u0414\u043b\u0438\u0442\u0435\u043b\u044c\u043d\u043e\u0441\u0442\u044c: 4 \u0434\u043d\u044f  \u0414\u043d\u0438 \u043f\u0440\u043e\u0432\u0435\u0434\u0435\u043d\u0438\u044f: \u0435\u0436\u0435\u0434\u043d\u0435\u0432\u043d\u043e","og_url":"http:\/\/skyline-gs.com\/pl\/produkt\/cairo-siwa\/","og_site_name":"\u042d\u043a\u0441\u043a\u0443\u0440\u0441\u0438\u0438 Skyline","article_modified_time":"2024-11-07T00:39:46+00:00","og_image":[{"width":669,"height":446,"url":"https:\/\/skyline-gs.com\/wp-content\/uploads\/2021\/04\/2-2.png","type":"image\/png"}],"twitter_card":"summary_large_image","twitter_misc":{"Szacowany czas czytania":"3 minuty"},"schema":{"@context":"https:\/\/schema.org","@graph":[{"@type":"WebPage","@id":"http:\/\/skyline-gs.com\/hu\/termek\/cairo-siwa\/","url":"http:\/\/skyline-gs.com\/hu\/termek\/cairo-siwa\/","name":"\u0418\u043d\u0434\u0438\u0432\u0438\u0434\u0443\u0430\u043b\u044c\u043d\u044b\u0439 \u041a\u0430\u0438\u0440 \u0438 \u043e\u0430\u0437\u0438\u0441 \u0421\u0438\u0432\u0430 4 \u0434\u043d\u044f &#8226; \u042d\u043a\u0441\u043a\u0443\u0440\u0441\u0438\u0438 Skyline","isPartOf":{"@id":"https:\/\/skyline-gs.com\/it\/#website"},"primaryImageOfPage":{"@id":"http:\/\/skyline-gs.com\/hu\/termek\/cairo-siwa\/#primaryimage"},"image":{"@id":"http:\/\/skyline-gs.com\/hu\/termek\/cairo-siwa\/#primaryimage"},"thumbnailUrl":"https:\/\/skyline-gs.com\/wp-content\/uploads\/2021\/04\/2-2.png","datePublished":"2021-04-28T16:30:53+00:00","dateModified":"2024-11-07T00:39:46+00:00","breadcrumb":{"@id":"http:\/\/skyline-gs.com\/hu\/termek\/cairo-siwa\/#breadcrumb"},"inLanguage":"pl-PL","potentialAction":[{"@type":"ReadAction","target":["http:\/\/skyline-gs.com\/hu\/termek\/cairo-siwa\/"]}]},{"@type":"ImageObject","inLanguage":"pl-PL","@id":"http:\/\/skyline-gs.com\/hu\/termek\/cairo-siwa\/#primaryimage","url":"https:\/\/skyline-gs.com\/wp-content\/uploads\/2021\/04\/2-2.png","contentUrl":"https:\/\/skyline-gs.com\/wp-content\/uploads\/2021\/04\/2-2.png","width":669,"height":446},{"@type":"BreadcrumbList","@id":"http:\/\/skyline-gs.com\/hu\/termek\/cairo-siwa\/#breadcrumb","itemListElement":[{"@type":"ListItem","position":1,"name":"\u0413\u043b\u0430\u0432\u043d\u0430\u044f \u0441\u0442\u0440\u0430\u043d\u0438\u0446\u0430","item":"https:\/\/skyline-gs.com\/hu\/"},{"@type":"ListItem","position":2,"name":"\u041c\u0430\u0433\u0430\u0437\u0438\u043d","item":"https:\/\/skyline-gs.com\/cs\/shop\/"},{"@type":"ListItem","position":3,"name":"\u0418\u043d\u0434\u0438\u0432\u0438\u0434\u0443\u0430\u043b\u044c\u043d\u044b\u0439 \u041a\u0430\u0438\u0440 \u0438 \u043e\u0430\u0437\u0438\u0441 \u0421\u0438\u0432\u0430 4 \u0434\u043d\u044f"}]},{"@type":"WebSite","@id":"https:\/\/skyline-gs.com\/it\/#website","url":"https:\/\/skyline-gs.com\/it\/","name":"Wycieczki Skyline","description":"Ekskluzywne wycieczki do najlepszych kurort\u00f3w na \u015bwiecie","publisher":{"@id":"https:\/\/skyline-gs.com\/it\/#organization"},"alternateName":"Skyline","potentialAction":[{"@type":"SearchAction","target":{"@type":"EntryPoint","urlTemplate":"https:\/\/skyline-gs.com\/it\/?s={search_term_string}"},"query-input":{"@type":"PropertyValueSpecification","valueRequired":true,"valueName":"search_term_string"}}],"inLanguage":"pl-PL"},{"@type":"Organization","@id":"https:\/\/skyline-gs.com\/it\/#organization","name":"Wycieczki Skyline","alternateName":"\u042d\u043a\u0441\u043a\u0443\u0440\u0441\u0438\u0438 Skyline","url":"https:\/\/skyline-gs.com\/it\/","logo":{"@type":"ImageObject","inLanguage":"pl-PL","@id":"https:\/\/skyline-gs.com\/it\/#\/schema\/logo\/image\/","url":"https:\/\/skyline-gs.com\/wp-content\/uploads\/2020\/12\/cropped-logo-2.png","contentUrl":"https:\/\/skyline-gs.com\/wp-content\/uploads\/2020\/12\/cropped-logo-2.png","width":512,"height":512,"caption":"\u042d\u043a\u0441\u043a\u0443\u0440\u0441\u0438\u0438 Skyline"},"image":{"@id":"https:\/\/skyline-gs.com\/it\/#\/schema\/logo\/image\/"},"sameAs":["https:\/\/www.instagram.com\/skylineglobalservice\/"]}]}},"_links":{"self":[{"href":"https:\/\/skyline-gs.com\/pl\/wp-json\/wp\/v2\/product\/20000","targetHints":{"allow":["GET"]}}],"collection":[{"href":"https:\/\/skyline-gs.com\/pl\/wp-json\/wp\/v2\/product"}],"about":[{"href":"https:\/\/skyline-gs.com\/pl\/wp-json\/wp\/v2\/types\/product"}],"version-history":[{"count":0,"href":"https:\/\/skyline-gs.com\/pl\/wp-json\/wp\/v2\/product\/20000\/revisions"}],"wp:featuredmedia":[{"embeddable":true,"href":"https:\/\/skyline-gs.com\/pl\/wp-json\/wp\/v2\/media\/25156"}],"wp:attachment":[{"href":"https:\/\/skyline-gs.com\/pl\/wp-json\/wp\/v2\/media?parent=20000"}],"wp:term":[{"taxonomy":"product_brand","embeddable":true,"href":"https:\/\/skyline-gs.com\/pl\/wp-json\/wp\/v2\/product_brand?post=20000"},{"taxonomy":"product_cat","embeddable":true,"href":"https:\/\/skyline-gs.com\/pl\/wp-json\/wp\/v2\/product_cat?post=20000"},{"taxonomy":"product_tag","embeddable":true,"href":"https:\/\/skyline-gs.com\/pl\/wp-json\/wp\/v2\/product_tag?post=20000"}],"curies":[{"name":"wp","href":"https:\/\/api.w.org\/{rel}","templated":true}]}}