{"id":19961,"date":"2022-10-20T02:41:16","date_gmt":"2022-10-19T23:41:16","guid":{"rendered":"https:\/\/zanzibar.skyline-gs.com\/?post_type=product&#038;p=19961"},"modified":"2025-02-20T22:07:50","modified_gmt":"2025-02-20T20:07:50","slug":"paradise-in-paradise","status":"publish","type":"product","link":"https:\/\/skyline-gs.com\/pl\/product\/paradise-in-paradise\/","title":{"rendered":"Raj w raju (na p\u00f3\u0142noc od Zanzibaru z prywatnym kierowc\u0105)"},"content":{"rendered":"<p>Ciesz si\u0119 najciekawszymi miejscami na p\u00f3\u0142nocy Zanzibaru w ci\u0105gu jednego dnia. Mi\u0142o jest do\u015bwiadczy\u0107 wszystkich kolor\u00f3w Zanzibaru z prywatnym szoferem i spokojnie zwiedza\u0107 wysp\u0119... Teraz masz okazj\u0119 spe\u0142ni\u0107 takie marzenie!<\/p>\n<p><strong>Trasa wycieczki:<\/strong><\/p>\n<ul>\n<li>Akwarium Nungwi Mnarani (Nungwi Mnarani Aquarium)<\/li>\n<li>Pla\u017ca Nungwi (pla\u017ca Nungwi)<\/li>\n<li>Pla\u017ca Kendwe.<\/li>\n<li>Pla\u017ca Pwani Mchangani (pla\u017ca Pwani Mchangani)<\/li>\n<li>Ruiny pa\u0142acu Mtoni (Ruiny pa\u0142acu Mtoni)<\/li>\n<li>Siso Spice Farm.<\/li>\n<li>Stone Town + zakupy<\/li>\n<\/ul>\n<p><strong>Dodatkowe informacje:<\/strong><\/p>\n<ul>\n<li>Program mo\u017cna skr\u00f3ci\u0107 lub zmodyfikowa\u0107, aby dostosowa\u0107 go do potrzeb klienta.<\/li>\n<li>Czas sp\u0119dzony na zwiedzaniu zale\u017cy od w\u0142asnego uznania<\/li>\n<li>Wszelkie dodatkowe przystanki na trasie mog\u0105 zosta\u0107 zorganizowane na \u017c\u0105danie.<\/li>\n<li>Wycieczka jest ograniczona czasowo. Odbierzemy Ci\u0119 z hotelu o 9:00 i przywieziemy z powrotem o 16:00.<\/li>\n<\/ul>\n<p><strong>W zestawie:<\/strong><\/p>\n<ul>\n<li>Transfery z i do hotelu<\/li>\n<li>Wszystkie transfery programowe klimatyzowanym samochodem z prywatnym kierowc\u0105<\/li>\n<\/ul>\n<p><strong>Brak w zestawie:<\/strong><\/p>\n<ul>\n<li>Bilety wst\u0119pu do atrakcji<\/li>\n<li>Posi\u0142ki (na \u017cyczenie kierowca zatrzyma si\u0119 w dowolnej restauracji lub kawiarni na lunch)<\/li>\n<\/ul>\n<p><strong>Na wynos:<\/strong><\/p>\n<ul>\n<li>Woda<\/li>\n<li>Kostium k\u0105pielowy, k\u0105piel\u00f3wki<\/li>\n<li>R\u0119cznik<\/li>\n<li>Kamera<\/li>\n<li><span class=\"fontstyle0\">Okulary przeciws\u0142oneczne<\/span><\/li>\n<li>Nakrycie g\u0142owy<\/li>\n<li><span class=\"fontstyle0\">Filtr przeciws\u0142oneczny<\/span><\/li>\n<li>Pieni\u0105dze na op\u0142aty za wst\u0119p lub zakupy<\/li>\n<\/ul>\n<ul>\n<li style=\"list-style-type: none;\"><\/li>\n<\/ul>","protected":false},"excerpt":{"rendered":"<p><strong>Czas wycieczki: <\/strong>9:00 \u2014 16:00<\/p>\n<p><strong>Holding Days: <\/strong>codzienny<\/p>","protected":false},"featured_media":19966,"template":"","meta":{"_kad_post_transparent":"default","_kad_post_title":"","_kad_post_layout":"default","_kad_post_sidebar_id":"","_kad_post_content_style":"default","_kad_post_vertical_padding":"default","_kad_post_feature":"","_kad_post_feature_position":"","_kad_post_header":false,"_kad_post_footer":false,"_kad_post_classname":"","_glsr_average":0,"_glsr_ranking":0,"_glsr_reviews":0},"product_brand":[],"product_cat":[469],"product_tag":[],"class_list":{"0":"post-19961","1":"product","2":"type-product","3":"status-publish","4":"has-post-thumbnail","6":"product_cat-tours","7":"tm-has-options","9":"first","10":"instock","11":"sold-individually","12":"taxable","13":"shipping-taxable","14":"purchasable","15":"product-type-simple","16":"entry","17":"content-bg","18":"loop-entry"},"yoast_head":"<!-- This site is optimized with the Yoast SEO plugin v27.3 - https:\/\/yoast.com\/product\/yoast-seo-wordpress\/ -->\n<title>\u0420\u0430\u0439 \u0432 \u0420\u0430\u044e (\u0421\u0435\u0432\u0435\u0440 \u0417\u0430\u043d\u0437\u0438\u0431\u0430\u0440\u0430 \u0441 \u043b\u0438\u0447\u043d\u044b\u043c \u0432\u043e\u0434\u0438\u0442\u0435\u043b\u0435\u043c) &#8226; \u042d\u043a\u0441\u043a\u0443\u0440\u0441\u0438\u0438 Skyline<\/title>\n<meta name=\"robots\" content=\"index, follow, max-snippet:-1, max-image-preview:large, max-video-preview:-1\" \/>\n<link rel=\"canonical\" href=\"http:\/\/skyline-gs.com\/pl\/produkt\/paradise-in-paradise\/\" \/>\n<meta property=\"og:locale\" content=\"pl_PL\" \/>\n<meta property=\"og:type\" content=\"article\" \/>\n<meta property=\"og:title\" content=\"\u0420\u0430\u0439 \u0432 \u0420\u0430\u044e (\u0421\u0435\u0432\u0435\u0440 \u0417\u0430\u043d\u0437\u0438\u0431\u0430\u0440\u0430 \u0441 \u043b\u0438\u0447\u043d\u044b\u043c \u0432\u043e\u0434\u0438\u0442\u0435\u043b\u0435\u043c) &#8226; \u042d\u043a\u0441\u043a\u0443\u0440\u0441\u0438\u0438 Skyline\" \/>\n<meta property=\"og:description\" content=\"\u0412\u0440\u0435\u043c\u044f \u0442\u0443\u0440\u0430: 9:00 - 16:00  \u0414\u043d\u0438 \u043f\u0440\u043e\u0432\u0435\u0434\u0435\u043d\u0438\u044f: \u0435\u0436\u0435\u0434\u043d\u0435\u0432\u043d\u043e\" \/>\n<meta property=\"og:url\" content=\"http:\/\/skyline-gs.com\/pl\/produkt\/paradise-in-paradise\/\" \/>\n<meta property=\"og:site_name\" content=\"\u042d\u043a\u0441\u043a\u0443\u0440\u0441\u0438\u0438 Skyline\" \/>\n<meta property=\"article:modified_time\" content=\"2025-02-20T20:07:50+00:00\" \/>\n<meta property=\"og:image\" content=\"https:\/\/skyline-gs.com\/wp-content\/uploads\/2022\/10\/45546642.png\" \/>\n\t<meta property=\"og:image:width\" content=\"669\" \/>\n\t<meta property=\"og:image:height\" content=\"446\" \/>\n\t<meta property=\"og:image:type\" content=\"image\/png\" \/>\n<meta name=\"twitter:card\" content=\"summary_large_image\" \/>\n<meta name=\"twitter:label1\" content=\"Szacowany czas czytania\" \/>\n\t<meta name=\"twitter:data1\" content=\"2 minuty\" \/>\n<script type=\"application\/ld+json\" class=\"yoast-schema-graph\">{\"@context\":\"https:\\\/\\\/schema.org\",\"@graph\":[{\"@type\":\"WebPage\",\"@id\":\"http:\\\/\\\/skyline-gs.com\\\/de\\\/produkt\\\/paradise-in-paradise\\\/\",\"url\":\"http:\\\/\\\/skyline-gs.com\\\/de\\\/produkt\\\/paradise-in-paradise\\\/\",\"name\":\"\u0420\u0430\u0439 \u0432 \u0420\u0430\u044e (\u0421\u0435\u0432\u0435\u0440 \u0417\u0430\u043d\u0437\u0438\u0431\u0430\u0440\u0430 \u0441 \u043b\u0438\u0447\u043d\u044b\u043c \u0432\u043e\u0434\u0438\u0442\u0435\u043b\u0435\u043c) &#8226; \u042d\u043a\u0441\u043a\u0443\u0440\u0441\u0438\u0438 Skyline\",\"isPartOf\":{\"@id\":\"https:\\\/\\\/skyline-gs.com\\\/it\\\/#website\"},\"primaryImageOfPage\":{\"@id\":\"http:\\\/\\\/skyline-gs.com\\\/de\\\/produkt\\\/paradise-in-paradise\\\/#primaryimage\"},\"image\":{\"@id\":\"http:\\\/\\\/skyline-gs.com\\\/de\\\/produkt\\\/paradise-in-paradise\\\/#primaryimage\"},\"thumbnailUrl\":\"https:\\\/\\\/skyline-gs.com\\\/wp-content\\\/uploads\\\/2022\\\/10\\\/45546642.png\",\"datePublished\":\"2022-10-19T23:41:16+00:00\",\"dateModified\":\"2025-02-20T20:07:50+00:00\",\"breadcrumb\":{\"@id\":\"http:\\\/\\\/skyline-gs.com\\\/de\\\/produkt\\\/paradise-in-paradise\\\/#breadcrumb\"},\"inLanguage\":\"pl-PL\",\"potentialAction\":[{\"@type\":\"ReadAction\",\"target\":[\"http:\\\/\\\/skyline-gs.com\\\/de\\\/produkt\\\/paradise-in-paradise\\\/\"]}]},{\"@type\":\"ImageObject\",\"inLanguage\":\"pl-PL\",\"@id\":\"http:\\\/\\\/skyline-gs.com\\\/de\\\/produkt\\\/paradise-in-paradise\\\/#primaryimage\",\"url\":\"https:\\\/\\\/skyline-gs.com\\\/wp-content\\\/uploads\\\/2022\\\/10\\\/45546642.png\",\"contentUrl\":\"https:\\\/\\\/skyline-gs.com\\\/wp-content\\\/uploads\\\/2022\\\/10\\\/45546642.png\",\"width\":669,\"height\":446},{\"@type\":\"BreadcrumbList\",\"@id\":\"http:\\\/\\\/skyline-gs.com\\\/de\\\/produkt\\\/paradise-in-paradise\\\/#breadcrumb\",\"itemListElement\":[{\"@type\":\"ListItem\",\"position\":1,\"name\":\"\u0413\u043b\u0430\u0432\u043d\u0430\u044f \u0441\u0442\u0440\u0430\u043d\u0438\u0446\u0430\",\"item\":\"https:\\\/\\\/skyline-gs.com\\\/hu\\\/\"},{\"@type\":\"ListItem\",\"position\":2,\"name\":\"\u041c\u0430\u0433\u0430\u0437\u0438\u043d\",\"item\":\"https:\\\/\\\/skyline-gs.com\\\/cs\\\/shop\\\/\"},{\"@type\":\"ListItem\",\"position\":3,\"name\":\"\u0420\u0430\u0439 \u0432 \u0420\u0430\u044e (\u0421\u0435\u0432\u0435\u0440 \u0417\u0430\u043d\u0437\u0438\u0431\u0430\u0440\u0430 \u0441 \u043b\u0438\u0447\u043d\u044b\u043c \u0432\u043e\u0434\u0438\u0442\u0435\u043b\u0435\u043c)\"}]},{\"@type\":\"WebSite\",\"@id\":\"https:\\\/\\\/skyline-gs.com\\\/it\\\/#website\",\"url\":\"https:\\\/\\\/skyline-gs.com\\\/it\\\/\",\"name\":\"\u042d\u043a\u0441\u043a\u0443\u0440\u0441\u0438\u0438 Skyline\",\"description\":\"\u042d\u043a\u0441\u043a\u043b\u044e\u0437\u0438\u0432\u043d\u044b\u0435 \u044d\u043a\u0441\u043a\u0443\u0440\u0441\u0438\u0438 \u043d\u0430 \u043b\u0443\u0447\u0448\u0438\u0445 \u043a\u0443\u0440\u043e\u0440\u0442\u0430\u0445 \u043c\u0438\u0440\u0430\",\"publisher\":{\"@id\":\"https:\\\/\\\/skyline-gs.com\\\/it\\\/#organization\"},\"alternateName\":\"Skyline\",\"potentialAction\":[{\"@type\":\"SearchAction\",\"target\":{\"@type\":\"EntryPoint\",\"urlTemplate\":\"https:\\\/\\\/skyline-gs.com\\\/it\\\/?s={search_term_string}\"},\"query-input\":{\"@type\":\"PropertyValueSpecification\",\"valueRequired\":true,\"valueName\":\"search_term_string\"}}],\"inLanguage\":\"pl-PL\"},{\"@type\":\"Organization\",\"@id\":\"https:\\\/\\\/skyline-gs.com\\\/it\\\/#organization\",\"name\":\"\u042d\u043a\u0441\u043a\u0443\u0440\u0441\u0438\u0438 Skyline\",\"alternateName\":\"\u042d\u043a\u0441\u043a\u0443\u0440\u0441\u0438\u0438 Skyline\",\"url\":\"https:\\\/\\\/skyline-gs.com\\\/it\\\/\",\"logo\":{\"@type\":\"ImageObject\",\"inLanguage\":\"pl-PL\",\"@id\":\"https:\\\/\\\/skyline-gs.com\\\/it\\\/#\\\/schema\\\/logo\\\/image\\\/\",\"url\":\"https:\\\/\\\/skyline-gs.com\\\/wp-content\\\/uploads\\\/2020\\\/12\\\/cropped-logo-2.png\",\"contentUrl\":\"https:\\\/\\\/skyline-gs.com\\\/wp-content\\\/uploads\\\/2020\\\/12\\\/cropped-logo-2.png\",\"width\":512,\"height\":512,\"caption\":\"\u042d\u043a\u0441\u043a\u0443\u0440\u0441\u0438\u0438 Skyline\"},\"image\":{\"@id\":\"https:\\\/\\\/skyline-gs.com\\\/it\\\/#\\\/schema\\\/logo\\\/image\\\/\"},\"sameAs\":[\"https:\\\/\\\/www.instagram.com\\\/skylineglobalservice\\\/\"]}]}<\/script>\n<!-- \/ Yoast SEO plugin. -->","yoast_head_json":{"title":"\u0420\u0430\u0439 \u0432 \u0420\u0430\u044e (\u0421\u0435\u0432\u0435\u0440 \u0417\u0430\u043d\u0437\u0438\u0431\u0430\u0440\u0430 \u0441 \u043b\u0438\u0447\u043d\u044b\u043c \u0432\u043e\u0434\u0438\u0442\u0435\u043b\u0435\u043c) &#8226; \u042d\u043a\u0441\u043a\u0443\u0440\u0441\u0438\u0438 Skyline","robots":{"index":"index","follow":"follow","max-snippet":"max-snippet:-1","max-image-preview":"max-image-preview:large","max-video-preview":"max-video-preview:-1"},"canonical":"http:\/\/skyline-gs.com\/pl\/produkt\/paradise-in-paradise\/","og_locale":"pl_PL","og_type":"article","og_title":"\u0420\u0430\u0439 \u0432 \u0420\u0430\u044e (\u0421\u0435\u0432\u0435\u0440 \u0417\u0430\u043d\u0437\u0438\u0431\u0430\u0440\u0430 \u0441 \u043b\u0438\u0447\u043d\u044b\u043c \u0432\u043e\u0434\u0438\u0442\u0435\u043b\u0435\u043c) &#8226; \u042d\u043a\u0441\u043a\u0443\u0440\u0441\u0438\u0438 Skyline","og_description":"\u0412\u0440\u0435\u043c\u044f \u0442\u0443\u0440\u0430: 9:00 - 16:00  \u0414\u043d\u0438 \u043f\u0440\u043e\u0432\u0435\u0434\u0435\u043d\u0438\u044f: \u0435\u0436\u0435\u0434\u043d\u0435\u0432\u043d\u043e","og_url":"http:\/\/skyline-gs.com\/pl\/produkt\/paradise-in-paradise\/","og_site_name":"\u042d\u043a\u0441\u043a\u0443\u0440\u0441\u0438\u0438 Skyline","article_modified_time":"2025-02-20T20:07:50+00:00","og_image":[{"width":669,"height":446,"url":"https:\/\/skyline-gs.com\/wp-content\/uploads\/2022\/10\/45546642.png","type":"image\/png"}],"twitter_card":"summary_large_image","twitter_misc":{"Szacowany czas czytania":"2 minuty"},"schema":{"@context":"https:\/\/schema.org","@graph":[{"@type":"WebPage","@id":"http:\/\/skyline-gs.com\/de\/produkt\/paradise-in-paradise\/","url":"http:\/\/skyline-gs.com\/de\/produkt\/paradise-in-paradise\/","name":"\u0420\u0430\u0439 \u0432 \u0420\u0430\u044e (\u0421\u0435\u0432\u0435\u0440 \u0417\u0430\u043d\u0437\u0438\u0431\u0430\u0440\u0430 \u0441 \u043b\u0438\u0447\u043d\u044b\u043c \u0432\u043e\u0434\u0438\u0442\u0435\u043b\u0435\u043c) &#8226; \u042d\u043a\u0441\u043a\u0443\u0440\u0441\u0438\u0438 Skyline","isPartOf":{"@id":"https:\/\/skyline-gs.com\/it\/#website"},"primaryImageOfPage":{"@id":"http:\/\/skyline-gs.com\/de\/produkt\/paradise-in-paradise\/#primaryimage"},"image":{"@id":"http:\/\/skyline-gs.com\/de\/produkt\/paradise-in-paradise\/#primaryimage"},"thumbnailUrl":"https:\/\/skyline-gs.com\/wp-content\/uploads\/2022\/10\/45546642.png","datePublished":"2022-10-19T23:41:16+00:00","dateModified":"2025-02-20T20:07:50+00:00","breadcrumb":{"@id":"http:\/\/skyline-gs.com\/de\/produkt\/paradise-in-paradise\/#breadcrumb"},"inLanguage":"pl-PL","potentialAction":[{"@type":"ReadAction","target":["http:\/\/skyline-gs.com\/de\/produkt\/paradise-in-paradise\/"]}]},{"@type":"ImageObject","inLanguage":"pl-PL","@id":"http:\/\/skyline-gs.com\/de\/produkt\/paradise-in-paradise\/#primaryimage","url":"https:\/\/skyline-gs.com\/wp-content\/uploads\/2022\/10\/45546642.png","contentUrl":"https:\/\/skyline-gs.com\/wp-content\/uploads\/2022\/10\/45546642.png","width":669,"height":446},{"@type":"BreadcrumbList","@id":"http:\/\/skyline-gs.com\/de\/produkt\/paradise-in-paradise\/#breadcrumb","itemListElement":[{"@type":"ListItem","position":1,"name":"\u0413\u043b\u0430\u0432\u043d\u0430\u044f \u0441\u0442\u0440\u0430\u043d\u0438\u0446\u0430","item":"https:\/\/skyline-gs.com\/hu\/"},{"@type":"ListItem","position":2,"name":"\u041c\u0430\u0433\u0430\u0437\u0438\u043d","item":"https:\/\/skyline-gs.com\/cs\/shop\/"},{"@type":"ListItem","position":3,"name":"\u0420\u0430\u0439 \u0432 \u0420\u0430\u044e (\u0421\u0435\u0432\u0435\u0440 \u0417\u0430\u043d\u0437\u0438\u0431\u0430\u0440\u0430 \u0441 \u043b\u0438\u0447\u043d\u044b\u043c \u0432\u043e\u0434\u0438\u0442\u0435\u043b\u0435\u043c)"}]},{"@type":"WebSite","@id":"https:\/\/skyline-gs.com\/it\/#website","url":"https:\/\/skyline-gs.com\/it\/","name":"Wycieczki Skyline","description":"Ekskluzywne wycieczki do najlepszych kurort\u00f3w na \u015bwiecie","publisher":{"@id":"https:\/\/skyline-gs.com\/it\/#organization"},"alternateName":"Skyline","potentialAction":[{"@type":"SearchAction","target":{"@type":"EntryPoint","urlTemplate":"https:\/\/skyline-gs.com\/it\/?s={search_term_string}"},"query-input":{"@type":"PropertyValueSpecification","valueRequired":true,"valueName":"search_term_string"}}],"inLanguage":"pl-PL"},{"@type":"Organization","@id":"https:\/\/skyline-gs.com\/it\/#organization","name":"Wycieczki Skyline","alternateName":"\u042d\u043a\u0441\u043a\u0443\u0440\u0441\u0438\u0438 Skyline","url":"https:\/\/skyline-gs.com\/it\/","logo":{"@type":"ImageObject","inLanguage":"pl-PL","@id":"https:\/\/skyline-gs.com\/it\/#\/schema\/logo\/image\/","url":"https:\/\/skyline-gs.com\/wp-content\/uploads\/2020\/12\/cropped-logo-2.png","contentUrl":"https:\/\/skyline-gs.com\/wp-content\/uploads\/2020\/12\/cropped-logo-2.png","width":512,"height":512,"caption":"\u042d\u043a\u0441\u043a\u0443\u0440\u0441\u0438\u0438 Skyline"},"image":{"@id":"https:\/\/skyline-gs.com\/it\/#\/schema\/logo\/image\/"},"sameAs":["https:\/\/www.instagram.com\/skylineglobalservice\/"]}]}},"_links":{"self":[{"href":"https:\/\/skyline-gs.com\/pl\/wp-json\/wp\/v2\/product\/19961","targetHints":{"allow":["GET"]}}],"collection":[{"href":"https:\/\/skyline-gs.com\/pl\/wp-json\/wp\/v2\/product"}],"about":[{"href":"https:\/\/skyline-gs.com\/pl\/wp-json\/wp\/v2\/types\/product"}],"version-history":[{"count":0,"href":"https:\/\/skyline-gs.com\/pl\/wp-json\/wp\/v2\/product\/19961\/revisions"}],"wp:featuredmedia":[{"embeddable":true,"href":"https:\/\/skyline-gs.com\/pl\/wp-json\/wp\/v2\/media\/19966"}],"wp:attachment":[{"href":"https:\/\/skyline-gs.com\/pl\/wp-json\/wp\/v2\/media?parent=19961"}],"wp:term":[{"taxonomy":"product_brand","embeddable":true,"href":"https:\/\/skyline-gs.com\/pl\/wp-json\/wp\/v2\/product_brand?post=19961"},{"taxonomy":"product_cat","embeddable":true,"href":"https:\/\/skyline-gs.com\/pl\/wp-json\/wp\/v2\/product_cat?post=19961"},{"taxonomy":"product_tag","embeddable":true,"href":"https:\/\/skyline-gs.com\/pl\/wp-json\/wp\/v2\/product_tag?post=19961"}],"curies":[{"name":"wp","href":"https:\/\/api.w.org\/{rel}","templated":true}]}}