{"id":18044,"date":"2021-01-05T12:19:04","date_gmt":"2021-01-05T09:19:04","guid":{"rendered":"http:\/\/zanzibar.skyline-gs.com\/?post_type=product&#038;p=18044"},"modified":"2026-03-12T17:51:23","modified_gmt":"2026-03-12T15:51:23","slug":"v-kratere-vulkana-i-kilimandzharo-2","status":"publish","type":"product","link":"https:\/\/skyline-gs.com\/pl\/product\/v-kratere-vulkana-i-kilimandzharo\/","title":{"rendered":"Tarangire, Ngorongoro, Kilimand\u017caro i plemi\u0119 Chaga (3 dni)"},"content":{"rendered":"<p>Marzysz o dotkni\u0119ciu dzikiej przyrody, zobaczeniu najbardziej kultowych miejsc Tanzanii i do\u015bwiadczeniu kultury staro\u017cytnych plemion? Ta wycieczka to idealny wyb\u00f3r! W ci\u0105gu trzech dni odkryjesz r\u00f3\u017cnorodno\u015b\u0107 afryka\u0144skich krajobraz\u00f3w, od sawann po g\u00f3rskie lasy, zobaczysz rzadkie zwierz\u0119ta w ich naturalnym \u015brodowisku i poznasz tradycje Masaj\u00f3w i Chag\u00f3w.<\/p>\n<ul>\n<li><strong>R\u00f3\u017cnorodno\u015b\u0107 do\u015bwiadcze\u0144<\/strong>Zobaczysz najwa\u017cniejsze naturalne skarby Tanzanii, od ogromnych stad s\u0142oni w Tarangire po r\u00f3\u017cowe flamingi w kraterze Ngorongoro.<\/li>\n<li><strong>Zanurzenie w kulturze<\/strong>Interakcja na \u017cywo z plemionami Maasai i Chaga zapewni wyj\u0105tkowe wra\u017cenia, kt\u00f3rych nie mo\u017cna znale\u017a\u0107 podczas konwencjonalnych wycieczek.<\/li>\n<li><strong>Idealna r\u00f3wnowaga mi\u0119dzy relaksem i przygod\u0105<\/strong>Bogaty program obejmuje zar\u00f3wno safari, jak i \u0142atw\u0105 w\u0119dr\u00f3wk\u0119 zielonymi szlakami Kilimand\u017caro z widokiem na wodospad Materuni.<\/li>\n<li><strong>Komfort i organizacja<\/strong>Wszystkie loty, transfery, posi\u0142ki i zakwaterowanie s\u0105 wliczone w cen\u0119. Wszystko, co musisz zrobi\u0107, to cieszy\u0107 si\u0119 podr\u00f3\u017c\u0105.<\/li>\n<\/ul>\n<h4><strong>Dzie\u0144 1: Park Narodowy Tarangire i wioska Masaj\u00f3w<\/strong><\/h4>\n<p>5:00 rano wymeldowanie z hotelu i rozpocz\u0119cie przygody lotem do Tanzanii kontynentalnej. Pierwszym punktem programu jest Park Narodowy Tarangire, s\u0142yn\u0105cy ze stad s\u0142oni i wspania\u0142ych baobab\u00f3w. Zobaczysz \u017cyrafy, lwy, antylopy i inne zwierz\u0119ta w ich naturalnym \u015brodowisku.<\/p>\n<p>Po po\u0142udniu zjemy piknikowy lunch, po kt\u00f3rym safari potrwa do wieczora. Zako\u0144cz dzie\u0144 wizyt\u0105 w wiosce Masaj\u00f3w, gdzie poznasz staro\u017cytne tradycje, rytua\u0142y i \u017cycie tego niesamowitego ludu. Nocleg w hotelu zapewni komfortowy wypoczynek.<\/p>\n<h4><strong>Dzie\u0144 2: Krater Ngorongoro<\/strong><\/h4>\n<p>Drugiego dnia udasz si\u0119 do wyj\u0105tkowego rezerwatu - krateru Ngorongoro, cz\u0119sto nazywanego \"\u00f3smym cudem \u015bwiata\". Tutaj znajdziesz si\u0119 w prawdziwym raju dla mi\u0142o\u015bnik\u00f3w dzikiej przyrody. Czarne nosoro\u017cce, hipopotamy, lwy, gepardy, hieny i stada flaming\u00f3w - to wszystko zobaczysz w jednym miejscu.<\/p>\n<p>Lunch odb\u0119dzie si\u0119 na tle osza\u0142amiaj\u0105cej scenerii, a wiecz\u00f3r zako\u0144czy si\u0119 transferem do miasta Moshi, gdzie sp\u0119dzisz noc w przytulnym hotelu.<\/p>\n<h4><strong>Dzie\u0144 3: Kilimand\u017caro i kultura Chaga<\/strong><\/h4>\n<p>Rozpocznij dzie\u0144 od zapieraj\u0105cych dech w piersiach widok\u00f3w na Kilimand\u017caro, najwy\u017csz\u0105 g\u00f3r\u0119 Afryki. Rano b\u0119dziesz cieszy\u0107 si\u0119 \u0142atw\u0105 w\u0119dr\u00f3wk\u0105 przez zielone lasy na pierwszym poziomie g\u00f3ry. B\u0119dziesz cieszy\u0107 si\u0119 czystym powietrzem, poznasz lokaln\u0105 flor\u0119 i faun\u0119 oraz odwiedzisz wodospad Materuni, prawdziwy skarb natury.<\/p>\n<p>Po spacerze udasz si\u0119 na plantacje kawy, gdzie poznasz tajniki produkcji kawy i skosztujesz najlepszej \u015bwie\u017cej kawy. Ostatni\u0105 cz\u0119\u015bci\u0105 dnia b\u0119dzie wprowadzenie do kuchni plemienia Chaga - skosztujesz tradycyjnych potraw stworzonych wed\u0142ug staro\u017cytnych receptur.<\/p>\n<p>Wieczorem czeka Ci\u0119 lot powrotny na Zanzibar.<\/p>\n<p><strong>W zestawie:<\/strong><\/p>\n<ul>\n<li>Lot Zanzibar-Arusha-Zanzibar<\/li>\n<li>Wszystkie transfery na trasie<\/li>\n<li>Spotkanie z grup\u0105 na lotnisku<\/li>\n<li>Zakwaterowanie w hotelach i domkach zgodnie z programem<\/li>\n<li>Trzy posi\u0142ki dziennie na safari<\/li>\n<li>Picie wody butelkowanej i napoj\u00f3w bezalkoholowych podczas ca\u0142ej wycieczki<\/li>\n<li>Zestaw medyczny<\/li>\n<li>W towarzystwie wykwalifikowanego przewodnika<\/li>\n<li>safari i wycieczki zgodnie z programem jeepem safari z nap\u0119dem na cztery ko\u0142a 4*4<\/li>\n<li>Wspinaczka na pierwszy poziom Kilimand\u017caro<\/li>\n<li>Op\u0142aty za wst\u0119p do park\u00f3w narodowych<\/li>\n<\/ul>\n<p><strong>Na wynos:<\/strong><\/p>\n<ul>\n<li>Paszport. Mimo \u017ce Zanzibar jest cz\u0119\u015bci\u0105 Tanzanii, wszyscy przechodzimy przez kontrol\u0119 paszportow\u0105 na lotnisku<\/li>\n<li>Wygodne buty i ubrania. \u041b<span class=\"fontstyle0\">lekkie spodnie, koszula z d\u0142ugim r\u0119kawem, T-shirt, rzeczy osobiste (do 5 kg)<\/span><\/li>\n<li>Kurtka na wypadek deszczu lub ch\u0142odnych wieczor\u00f3w<\/li>\n<li>Sprz\u0119t foto-wideo. Na\u0142aduj swoje urz\u0105dzenia z odpowiednim wyprzedzeniem<\/li>\n<li>Wymie\u0144 pieni\u0105dze na drobne banknoty. Przydadz\u0105 si\u0119 one na pami\u0105tki i napiwki dla stra\u017cnik\u00f3w. Zalecany napiwek 5$ na osob\u0119<\/li>\n<li>Poranna przek\u0105ska (wyja\u015bnij w recepcji hotelu, \u017ce wyje\u017cd\u017casz wcze\u015bnie rano na wycieczk\u0119 i musisz przygotowa\u0107 lunch box, hotele zapewni\u0105 t\u0119 us\u0142ug\u0119 bezp\u0142atnie).<\/li>\n<li><span class=\"fontstyle0\">Okulary przeciws\u0142oneczne i panama, filtr przeciws\u0142oneczny<\/span><\/li>\n<li><span class=\"fontstyle0\">Produkty higieny osobistej, apteczka pierwszej pomocy<\/span><\/li>\n<li><span class=\"fontstyle0\">\u017bel do dezynfekcji r\u0105k<\/span><\/li>\n<\/ul>\n<p><strong>Warunki rezerwacji:<\/strong><\/p>\n<ul>\n<li>\u041f\u0440\u0435\u0434\u043e\u043f\u043b\u0430\u0442\u0430 30% (\u043f\u0440\u0435\u0434\u043e\u043f\u043b\u0430\u0442\u0430 \u043f\u0440\u0438\u043d\u0438\u043c\u0430\u0435\u0442\u0441\u044f \u043d\u0430\u043b\u0438\u0447\u043d\u044b\u043c\u0438 \u0438\u043b\u0438 \u043d\u0430 \u0431\u0430\u043d\u043a\u043e\u0432\u0441\u043a\u0443\u044e \u043a\u0430\u0440\u0442\u0443). <strong>\u041f\u0440\u0435\u0434\u043e\u043f\u043b\u0430\u0442\u0430 \u043d\u0435 \u0432\u043e\u0437\u0432\u0440\u0430\u0449\u0430\u0435\u0442\u0441\u044f.<\/strong><\/li>\n<\/ul>","protected":false},"excerpt":{"rendered":"<p><strong>Czas wycieczki:<\/strong> 3 dni<\/p>\n<p><strong>Holding Days:<\/strong> codzienny<\/p>","protected":false},"featured_media":18045,"template":"","meta":{"_kad_post_transparent":"default","_kad_post_title":"","_kad_post_layout":"default","_kad_post_sidebar_id":"","_kad_post_content_style":"default","_kad_post_vertical_padding":"default","_kad_post_feature":"","_kad_post_feature_position":"","_kad_post_header":false,"_kad_post_footer":false,"_kad_post_classname":"","_glsr_average":0,"_glsr_ranking":0,"_glsr_reviews":0},"product_brand":[],"product_cat":[468,469],"product_tag":[],"class_list":{"0":"post-18044","1":"product","2":"type-product","3":"status-publish","4":"has-post-thumbnail","6":"product_cat-zanzibar-safari","7":"product_cat-tours","8":"tm-has-options","10":"first","11":"instock","12":"sold-individually","13":"taxable","14":"shipping-taxable","15":"purchasable","16":"product-type-simple","17":"entry","18":"content-bg","19":"loop-entry"},"yoast_head":"<!-- This site is optimized with the Yoast SEO plugin v27.4 - https:\/\/yoast.com\/product\/yoast-seo-wordpress\/ -->\n<title>\u0422\u0430\u0440\u0430\u043d\u0433\u0438\u0440\u0435, \u041d\u0433\u043e\u0440\u043e\u043d\u0433\u043e\u0440\u043e, \u041a\u0438\u043b\u0438\u043c\u0430\u043d\u0434\u0436\u0430\u0440\u043e \u0438 \u043f\u043b\u0435\u043c\u044f \u0427\u0430\u0433\u0430 (3 \u0434\u043d\u044f) &#8226; \u042d\u043a\u0441\u043a\u0443\u0440\u0441\u0438\u0438 Skyline<\/title>\n<meta name=\"robots\" content=\"index, follow, max-snippet:-1, max-image-preview:large, max-video-preview:-1\" \/>\n<link rel=\"canonical\" href=\"https:\/\/skyline-gs.com\/pl\/produkt\/v-kratere-vulkana-i-kilimandzharo-2\/\" \/>\n<meta property=\"og:locale\" content=\"pl_PL\" \/>\n<meta property=\"og:type\" content=\"article\" \/>\n<meta property=\"og:title\" content=\"\u0422\u0430\u0440\u0430\u043d\u0433\u0438\u0440\u0435, \u041d\u0433\u043e\u0440\u043e\u043d\u0433\u043e\u0440\u043e, \u041a\u0438\u043b\u0438\u043c\u0430\u043d\u0434\u0436\u0430\u0440\u043e \u0438 \u043f\u043b\u0435\u043c\u044f \u0427\u0430\u0433\u0430 (3 \u0434\u043d\u044f) &#8226; \u042d\u043a\u0441\u043a\u0443\u0440\u0441\u0438\u0438 Skyline\" \/>\n<meta property=\"og:description\" content=\"\u0412\u0440\u0435\u043c\u044f \u0442\u0443\u0440\u0430: 3 \u0434\u043d\u044f  \u0414\u043d\u0438 \u043f\u0440\u043e\u0432\u0435\u0434\u0435\u043d\u0438\u044f: \u0435\u0436\u0435\u0434\u043d\u0435\u0432\u043d\u043e\" \/>\n<meta property=\"og:url\" content=\"https:\/\/skyline-gs.com\/pl\/produkt\/v-kratere-vulkana-i-kilimandzharo-2\/\" \/>\n<meta property=\"og:site_name\" content=\"\u042d\u043a\u0441\u043a\u0443\u0440\u0441\u0438\u0438 Skyline\" \/>\n<meta property=\"article:modified_time\" content=\"2026-03-12T15:51:23+00:00\" \/>\n<meta property=\"og:image\" content=\"https:\/\/skyline-gs.com\/wp-content\/uploads\/2021\/01\/Kilimandzharo-e1609839107975.jpg\" \/>\n\t<meta property=\"og:image:width\" content=\"900\" \/>\n\t<meta property=\"og:image:height\" content=\"600\" \/>\n\t<meta property=\"og:image:type\" content=\"image\/jpeg\" \/>\n<meta name=\"twitter:card\" content=\"summary_large_image\" \/>\n<meta name=\"twitter:label1\" content=\"Szacowany czas czytania\" \/>\n\t<meta name=\"twitter:data1\" content=\"4 minuty\" \/>\n<script type=\"application\/ld+json\" class=\"yoast-schema-graph\">{\"@context\":\"https:\\\/\\\/schema.org\",\"@graph\":[{\"@type\":\"WebPage\",\"@id\":\"https:\\\/\\\/skyline-gs.com\\\/product\\\/v-kratere-vulkana-i-kilimandzharo\\\/\",\"url\":\"https:\\\/\\\/skyline-gs.com\\\/product\\\/v-kratere-vulkana-i-kilimandzharo\\\/\",\"name\":\"\u0422\u0430\u0440\u0430\u043d\u0433\u0438\u0440\u0435, \u041d\u0433\u043e\u0440\u043e\u043d\u0433\u043e\u0440\u043e, \u041a\u0438\u043b\u0438\u043c\u0430\u043d\u0434\u0436\u0430\u0440\u043e \u0438 \u043f\u043b\u0435\u043c\u044f \u0427\u0430\u0433\u0430 (3 \u0434\u043d\u044f) &#8226; \u042d\u043a\u0441\u043a\u0443\u0440\u0441\u0438\u0438 Skyline\",\"isPartOf\":{\"@id\":\"https:\\\/\\\/skyline-gs.com\\\/it\\\/#website\"},\"primaryImageOfPage\":{\"@id\":\"https:\\\/\\\/skyline-gs.com\\\/product\\\/v-kratere-vulkana-i-kilimandzharo\\\/#primaryimage\"},\"image\":{\"@id\":\"https:\\\/\\\/skyline-gs.com\\\/product\\\/v-kratere-vulkana-i-kilimandzharo\\\/#primaryimage\"},\"thumbnailUrl\":\"https:\\\/\\\/skyline-gs.com\\\/wp-content\\\/uploads\\\/2021\\\/01\\\/Kilimandzharo-e1609839107975.jpg\",\"datePublished\":\"2021-01-05T09:19:04+00:00\",\"dateModified\":\"2026-03-12T15:51:23+00:00\",\"breadcrumb\":{\"@id\":\"https:\\\/\\\/skyline-gs.com\\\/product\\\/v-kratere-vulkana-i-kilimandzharo\\\/#breadcrumb\"},\"inLanguage\":\"pl-PL\",\"potentialAction\":[{\"@type\":\"ReadAction\",\"target\":[\"https:\\\/\\\/skyline-gs.com\\\/product\\\/v-kratere-vulkana-i-kilimandzharo\\\/\"]}]},{\"@type\":\"ImageObject\",\"inLanguage\":\"pl-PL\",\"@id\":\"https:\\\/\\\/skyline-gs.com\\\/product\\\/v-kratere-vulkana-i-kilimandzharo\\\/#primaryimage\",\"url\":\"https:\\\/\\\/skyline-gs.com\\\/wp-content\\\/uploads\\\/2021\\\/01\\\/Kilimandzharo-e1609839107975.jpg\",\"contentUrl\":\"https:\\\/\\\/skyline-gs.com\\\/wp-content\\\/uploads\\\/2021\\\/01\\\/Kilimandzharo-e1609839107975.jpg\",\"width\":900,\"height\":600},{\"@type\":\"BreadcrumbList\",\"@id\":\"https:\\\/\\\/skyline-gs.com\\\/product\\\/v-kratere-vulkana-i-kilimandzharo\\\/#breadcrumb\",\"itemListElement\":[{\"@type\":\"ListItem\",\"position\":1,\"name\":\"\u0413\u043b\u0430\u0432\u043d\u0430\u044f \u0441\u0442\u0440\u0430\u043d\u0438\u0446\u0430\",\"item\":\"https:\\\/\\\/skyline-gs.com\\\/hu\\\/\"},{\"@type\":\"ListItem\",\"position\":2,\"name\":\"\u041c\u0430\u0433\u0430\u0437\u0438\u043d\",\"item\":\"https:\\\/\\\/skyline-gs.com\\\/cs\\\/shop\\\/\"},{\"@type\":\"ListItem\",\"position\":3,\"name\":\"\u0422\u0430\u0440\u0430\u043d\u0433\u0438\u0440\u0435, \u041d\u0433\u043e\u0440\u043e\u043d\u0433\u043e\u0440\u043e, \u041a\u0438\u043b\u0438\u043c\u0430\u043d\u0434\u0436\u0430\u0440\u043e \u0438 \u043f\u043b\u0435\u043c\u044f \u0427\u0430\u0433\u0430 (3 \u0434\u043d\u044f)\"}]},{\"@type\":\"WebSite\",\"@id\":\"https:\\\/\\\/skyline-gs.com\\\/it\\\/#website\",\"url\":\"https:\\\/\\\/skyline-gs.com\\\/it\\\/\",\"name\":\"\u042d\u043a\u0441\u043a\u0443\u0440\u0441\u0438\u0438 Skyline\",\"description\":\"\u042d\u043a\u0441\u043a\u043b\u044e\u0437\u0438\u0432\u043d\u044b\u0435 \u044d\u043a\u0441\u043a\u0443\u0440\u0441\u0438\u0438 \u043d\u0430 \u043b\u0443\u0447\u0448\u0438\u0445 \u043a\u0443\u0440\u043e\u0440\u0442\u0430\u0445 \u043c\u0438\u0440\u0430\",\"publisher\":{\"@id\":\"https:\\\/\\\/skyline-gs.com\\\/it\\\/#organization\"},\"alternateName\":\"Skyline\",\"potentialAction\":[{\"@type\":\"SearchAction\",\"target\":{\"@type\":\"EntryPoint\",\"urlTemplate\":\"https:\\\/\\\/skyline-gs.com\\\/it\\\/?s={search_term_string}\"},\"query-input\":{\"@type\":\"PropertyValueSpecification\",\"valueRequired\":true,\"valueName\":\"search_term_string\"}}],\"inLanguage\":\"pl-PL\"},{\"@type\":\"Organization\",\"@id\":\"https:\\\/\\\/skyline-gs.com\\\/it\\\/#organization\",\"name\":\"\u042d\u043a\u0441\u043a\u0443\u0440\u0441\u0438\u0438 Skyline\",\"alternateName\":\"\u042d\u043a\u0441\u043a\u0443\u0440\u0441\u0438\u0438 Skyline\",\"url\":\"https:\\\/\\\/skyline-gs.com\\\/it\\\/\",\"logo\":{\"@type\":\"ImageObject\",\"inLanguage\":\"pl-PL\",\"@id\":\"https:\\\/\\\/skyline-gs.com\\\/it\\\/#\\\/schema\\\/logo\\\/image\\\/\",\"url\":\"https:\\\/\\\/skyline-gs.com\\\/wp-content\\\/uploads\\\/2020\\\/12\\\/cropped-logo-2.png\",\"contentUrl\":\"https:\\\/\\\/skyline-gs.com\\\/wp-content\\\/uploads\\\/2020\\\/12\\\/cropped-logo-2.png\",\"width\":512,\"height\":512,\"caption\":\"\u042d\u043a\u0441\u043a\u0443\u0440\u0441\u0438\u0438 Skyline\"},\"image\":{\"@id\":\"https:\\\/\\\/skyline-gs.com\\\/it\\\/#\\\/schema\\\/logo\\\/image\\\/\"},\"sameAs\":[\"https:\\\/\\\/www.instagram.com\\\/skylineglobalservice\\\/\"]}]}<\/script>\n<!-- \/ Yoast SEO plugin. -->","yoast_head_json":{"title":"\u0422\u0430\u0440\u0430\u043d\u0433\u0438\u0440\u0435, \u041d\u0433\u043e\u0440\u043e\u043d\u0433\u043e\u0440\u043e, \u041a\u0438\u043b\u0438\u043c\u0430\u043d\u0434\u0436\u0430\u0440\u043e \u0438 \u043f\u043b\u0435\u043c\u044f \u0427\u0430\u0433\u0430 (3 \u0434\u043d\u044f) &#8226; \u042d\u043a\u0441\u043a\u0443\u0440\u0441\u0438\u0438 Skyline","robots":{"index":"index","follow":"follow","max-snippet":"max-snippet:-1","max-image-preview":"max-image-preview:large","max-video-preview":"max-video-preview:-1"},"canonical":"https:\/\/skyline-gs.com\/pl\/produkt\/v-kratere-vulkana-i-kilimandzharo-2\/","og_locale":"pl_PL","og_type":"article","og_title":"\u0422\u0430\u0440\u0430\u043d\u0433\u0438\u0440\u0435, \u041d\u0433\u043e\u0440\u043e\u043d\u0433\u043e\u0440\u043e, \u041a\u0438\u043b\u0438\u043c\u0430\u043d\u0434\u0436\u0430\u0440\u043e \u0438 \u043f\u043b\u0435\u043c\u044f \u0427\u0430\u0433\u0430 (3 \u0434\u043d\u044f) &#8226; \u042d\u043a\u0441\u043a\u0443\u0440\u0441\u0438\u0438 Skyline","og_description":"\u0412\u0440\u0435\u043c\u044f \u0442\u0443\u0440\u0430: 3 \u0434\u043d\u044f  \u0414\u043d\u0438 \u043f\u0440\u043e\u0432\u0435\u0434\u0435\u043d\u0438\u044f: \u0435\u0436\u0435\u0434\u043d\u0435\u0432\u043d\u043e","og_url":"https:\/\/skyline-gs.com\/pl\/produkt\/v-kratere-vulkana-i-kilimandzharo-2\/","og_site_name":"\u042d\u043a\u0441\u043a\u0443\u0440\u0441\u0438\u0438 Skyline","article_modified_time":"2026-03-12T15:51:23+00:00","og_image":[{"width":900,"height":600,"url":"https:\/\/skyline-gs.com\/wp-content\/uploads\/2021\/01\/Kilimandzharo-e1609839107975.jpg","type":"image\/jpeg"}],"twitter_card":"summary_large_image","twitter_misc":{"Szacowany czas czytania":"4 minuty"},"schema":{"@context":"https:\/\/schema.org","@graph":[{"@type":"WebPage","@id":"https:\/\/skyline-gs.com\/product\/v-kratere-vulkana-i-kilimandzharo\/","url":"https:\/\/skyline-gs.com\/product\/v-kratere-vulkana-i-kilimandzharo\/","name":"\u0422\u0430\u0440\u0430\u043d\u0433\u0438\u0440\u0435, \u041d\u0433\u043e\u0440\u043e\u043d\u0433\u043e\u0440\u043e, \u041a\u0438\u043b\u0438\u043c\u0430\u043d\u0434\u0436\u0430\u0440\u043e \u0438 \u043f\u043b\u0435\u043c\u044f \u0427\u0430\u0433\u0430 (3 \u0434\u043d\u044f) &#8226; \u042d\u043a\u0441\u043a\u0443\u0440\u0441\u0438\u0438 Skyline","isPartOf":{"@id":"https:\/\/skyline-gs.com\/it\/#website"},"primaryImageOfPage":{"@id":"https:\/\/skyline-gs.com\/product\/v-kratere-vulkana-i-kilimandzharo\/#primaryimage"},"image":{"@id":"https:\/\/skyline-gs.com\/product\/v-kratere-vulkana-i-kilimandzharo\/#primaryimage"},"thumbnailUrl":"https:\/\/skyline-gs.com\/wp-content\/uploads\/2021\/01\/Kilimandzharo-e1609839107975.jpg","datePublished":"2021-01-05T09:19:04+00:00","dateModified":"2026-03-12T15:51:23+00:00","breadcrumb":{"@id":"https:\/\/skyline-gs.com\/product\/v-kratere-vulkana-i-kilimandzharo\/#breadcrumb"},"inLanguage":"pl-PL","potentialAction":[{"@type":"ReadAction","target":["https:\/\/skyline-gs.com\/product\/v-kratere-vulkana-i-kilimandzharo\/"]}]},{"@type":"ImageObject","inLanguage":"pl-PL","@id":"https:\/\/skyline-gs.com\/product\/v-kratere-vulkana-i-kilimandzharo\/#primaryimage","url":"https:\/\/skyline-gs.com\/wp-content\/uploads\/2021\/01\/Kilimandzharo-e1609839107975.jpg","contentUrl":"https:\/\/skyline-gs.com\/wp-content\/uploads\/2021\/01\/Kilimandzharo-e1609839107975.jpg","width":900,"height":600},{"@type":"BreadcrumbList","@id":"https:\/\/skyline-gs.com\/product\/v-kratere-vulkana-i-kilimandzharo\/#breadcrumb","itemListElement":[{"@type":"ListItem","position":1,"name":"\u0413\u043b\u0430\u0432\u043d\u0430\u044f \u0441\u0442\u0440\u0430\u043d\u0438\u0446\u0430","item":"https:\/\/skyline-gs.com\/hu\/"},{"@type":"ListItem","position":2,"name":"\u041c\u0430\u0433\u0430\u0437\u0438\u043d","item":"https:\/\/skyline-gs.com\/cs\/shop\/"},{"@type":"ListItem","position":3,"name":"\u0422\u0430\u0440\u0430\u043d\u0433\u0438\u0440\u0435, \u041d\u0433\u043e\u0440\u043e\u043d\u0433\u043e\u0440\u043e, \u041a\u0438\u043b\u0438\u043c\u0430\u043d\u0434\u0436\u0430\u0440\u043e \u0438 \u043f\u043b\u0435\u043c\u044f \u0427\u0430\u0433\u0430 (3 \u0434\u043d\u044f)"}]},{"@type":"WebSite","@id":"https:\/\/skyline-gs.com\/it\/#website","url":"https:\/\/skyline-gs.com\/it\/","name":"Wycieczki Skyline","description":"Ekskluzywne wycieczki do najlepszych kurort\u00f3w na \u015bwiecie","publisher":{"@id":"https:\/\/skyline-gs.com\/it\/#organization"},"alternateName":"Skyline","potentialAction":[{"@type":"SearchAction","target":{"@type":"EntryPoint","urlTemplate":"https:\/\/skyline-gs.com\/it\/?s={search_term_string}"},"query-input":{"@type":"PropertyValueSpecification","valueRequired":true,"valueName":"search_term_string"}}],"inLanguage":"pl-PL"},{"@type":"Organization","@id":"https:\/\/skyline-gs.com\/it\/#organization","name":"Wycieczki Skyline","alternateName":"\u042d\u043a\u0441\u043a\u0443\u0440\u0441\u0438\u0438 Skyline","url":"https:\/\/skyline-gs.com\/it\/","logo":{"@type":"ImageObject","inLanguage":"pl-PL","@id":"https:\/\/skyline-gs.com\/it\/#\/schema\/logo\/image\/","url":"https:\/\/skyline-gs.com\/wp-content\/uploads\/2020\/12\/cropped-logo-2.png","contentUrl":"https:\/\/skyline-gs.com\/wp-content\/uploads\/2020\/12\/cropped-logo-2.png","width":512,"height":512,"caption":"\u042d\u043a\u0441\u043a\u0443\u0440\u0441\u0438\u0438 Skyline"},"image":{"@id":"https:\/\/skyline-gs.com\/it\/#\/schema\/logo\/image\/"},"sameAs":["https:\/\/www.instagram.com\/skylineglobalservice\/"]}]}},"_links":{"self":[{"href":"https:\/\/skyline-gs.com\/pl\/wp-json\/wp\/v2\/product\/18044","targetHints":{"allow":["GET"]}}],"collection":[{"href":"https:\/\/skyline-gs.com\/pl\/wp-json\/wp\/v2\/product"}],"about":[{"href":"https:\/\/skyline-gs.com\/pl\/wp-json\/wp\/v2\/types\/product"}],"version-history":[{"count":0,"href":"https:\/\/skyline-gs.com\/pl\/wp-json\/wp\/v2\/product\/18044\/revisions"}],"wp:featuredmedia":[{"embeddable":true,"href":"https:\/\/skyline-gs.com\/pl\/wp-json\/wp\/v2\/media\/18045"}],"wp:attachment":[{"href":"https:\/\/skyline-gs.com\/pl\/wp-json\/wp\/v2\/media?parent=18044"}],"wp:term":[{"taxonomy":"product_brand","embeddable":true,"href":"https:\/\/skyline-gs.com\/pl\/wp-json\/wp\/v2\/product_brand?post=18044"},{"taxonomy":"product_cat","embeddable":true,"href":"https:\/\/skyline-gs.com\/pl\/wp-json\/wp\/v2\/product_cat?post=18044"},{"taxonomy":"product_tag","embeddable":true,"href":"https:\/\/skyline-gs.com\/pl\/wp-json\/wp\/v2\/product_tag?post=18044"}],"curies":[{"name":"wp","href":"https:\/\/api.w.org\/{rel}","templated":true}]}}