{"id":16529,"date":"2020-12-15T00:50:52","date_gmt":"2020-12-14T22:50:52","guid":{"rendered":"http:\/\/skyline-gs.com\/?post_type=product&#038;p=16529"},"modified":"2024-01-24T17:12:04","modified_gmt":"2024-01-24T15:12:04","slug":"jezioro-manyara-ngorongoro-masajowie-2-dni-zanzibar","status":"publish","type":"product","link":"https:\/\/skyline-gs.com\/pl\/product\/lake-manyara-ngorongoro-masai-2-days-zanzibar\/","title":{"rendered":"Jezioro Manyara, Ngorongoro i plemi\u0119 Masaj\u00f3w przez 2 dni"},"content":{"rendered":"<p><strong>DZIE\u0143 1: JEZIORO MANIARA<\/strong><\/p>\n<p>5:30 wyjazd z hotelu na Zanzibarze. Przylot grupy na lotnisko w Aruszy oko\u0142o godziny 9:00. Spotkanie uczestnik\u00f3w wycieczki przez przedstawiciela firmy z oznakowaniem. Oko\u0142o 2,5-godzinny transfer na po\u0142udniowy zach\u00f3d do Parku Narodowego Manyara. Droga do parku biegnie wzd\u0142u\u017c doliny ryftowej, znanej na ca\u0142ym \u015bwiecie jako \"Great African Rift\". \u017bycie zwierz\u0105t w parku jest bardzo zr\u00f3\u017cnicowane. Ogromne stada bawo\u0142\u00f3w, antylop grue i zebr gromadz\u0105 si\u0119 w p\u0142askiej cz\u0119\u015bci parku. Wewn\u0119trzna cz\u0119\u015b\u0107 r\u00f3wniny zalewowej jest ulubionym miejscem s\u0142oni, \u017cyraf, hipopotam\u00f3w, antylop kar\u0142owatych dik dik. Park Manyara jest znany na ca\u0142ym \u015bwiecie z lw\u00f3w wspinaj\u0105cych si\u0119 na drzewa, gdzie sp\u0119dzaj\u0105 wi\u0119kszo\u015b\u0107 dnia w poszukiwaniu zdobyczy. W porze lunchu zatrzymasz si\u0119 w malowniczym miejscu, gdzie kierowca dostarczy Ci pude\u0142ka na lunch. Po obiedzie kontynuuj safari do wieczora. Kolacja i nocleg w obiekcie The Castle Lodge.<\/p>\n<p><strong>DZIE\u0143 2: NGORONGORO<\/strong><\/p>\n<p>Wczesne \u015bniadanie. Wyjazd na safari do wyj\u0105tkowego rezerwatu Ngorongoro Game Reserve, w kt\u00f3rym \u017cyje ponad 25 000 gatunk\u00f3w zwierz\u0105t. Oko\u0142o godzin\u0119 po wyje\u017adzie znajdziesz si\u0119 wewn\u0105trz krateru. Jego sawanna i g\u00f3rskie lasy s\u0105 domem dla hipopotam\u00f3w, bawo\u0142\u00f3w, antylop, zebr, czarnych nosoro\u017cc\u00f3w i r\u00f3\u017cnych drapie\u017cnik\u00f3w - lw\u00f3w, gepard\u00f3w, hien, lampart\u00f3w i szakali. A na jeziorze Magadi na dnie krateru znajduj\u0105 si\u0119 najwi\u0119ksze populacje r\u00f3\u017cowych flaming\u00f3w w Afryce. Je\u015bli b\u0119dziemy mieli szcz\u0119\u015bcie, to w\u0142a\u015bnie tutaj zobaczymy \"Wielk\u0105 Pi\u0105tk\u0119 Afryki\" w pe\u0142nej krasie. Lunch (lunch boxy). Koniec safari.<\/p>\n<p>Podr\u00f3\u017c kontynuowana jest wprowadzeniem do plemienia Masaj\u00f3w. Wycieczka do kolorowej afryka\u0144skiej wioski, kt\u00f3ra jest prawie nietkni\u0119ta dobrodziejstwami cywilizacji. Masajowie s\u0105 najbardziej znanym plemieniem w Tanzanii, pozostaj\u0105 ludem p\u00f3\u0142koczowniczym i zajmuj\u0105 si\u0119 hodowl\u0105 byd\u0142a. Masajowie zachowuj\u0105 sw\u00f3j tradycyjny spos\u00f3b \u017cycia z pokolenia na pokolenie, a w XXI wieku s\u0105 gotowi otworzy\u0107 swoje drzwi dla turyst\u00f3w i przedstawi\u0107 im swoje \u017cycie, tradycje i kultur\u0119.<\/p>\n<p>Wylot do miasta Arusza. Przelot na Zanzibar. Transfer z powrotem do hotelu.<\/p>\n<p><strong>Co zawiera:<\/strong><\/p>\n<ul>\n<li>Wszystkie transfery s\u0105 zgodne z programem;<\/li>\n<li>Podr\u00f3\u017c samolotem Zanzibar - Arusza - Zanzibar;<\/li>\n<li>Zakwaterowanie w hotelach zgodnie z programem;<\/li>\n<li>Trzy posi\u0142ki dziennie;<\/li>\n<li>Woda i napoje bezalkoholowe podczas ca\u0142ej wycieczki;<\/li>\n<li>Zestaw medyczny;<\/li>\n<li>W towarzystwie profesjonalnego przewodnika;<\/li>\n<li>Safari i wycieczki w programie jeepem safari z nap\u0119dem na cztery ko\u0142a 4*4;<\/li>\n<li>Op\u0142aty za wst\u0119p do park\u00f3w narodowych.<\/li>\n<\/ul>\n<p><strong>Na wynos:<\/strong><\/p>\n<ul>\n<li>Paszport. Mimo \u017ce Zanzibar jest cz\u0119\u015bci\u0105 Tanzanii, wszyscy przechodzimy przez kontrol\u0119 paszportow\u0105 na lotnisku;<\/li>\n<li>Wygodne obuwie i odzie\u017c. Lekkie spodnie, koszula z d\u0142ugim r\u0119kawem, T-shirt, rzeczy osobiste (do 5 kg);<\/li>\n<li>Kurtka na wypadek deszczu lub ch\u0142odnych wieczor\u00f3w;<\/li>\n<li>Sprz\u0119t foto-wideo. Urz\u0105dzenia nale\u017cy na\u0142adowa\u0107 z wyprzedzeniem;<\/li>\n<li>Wymie\u0144 pieni\u0105dze na drobne banknoty. Przydadz\u0105 si\u0119 one na pami\u0105tki i napiwki dla stra\u017cnik\u00f3w. Zalecany napiwek to 5$ na osob\u0119;<\/li>\n<li>Poranna przek\u0105ska (w recepcji hotelu nale\u017cy wyja\u015bni\u0107, \u017ce wyje\u017cd\u017ca si\u0119 wcze\u015bnie rano na wycieczk\u0119 i trzeba przygotowa\u0107 lunch box, hotele zapewni\u0105 t\u0119 us\u0142ug\u0119 bezp\u0142atnie);<\/li>\n<li><span class=\"fontstyle0\">Okulary przeciws\u0142oneczne i panama, filtr przeciws\u0142oneczny;<\/span><\/li>\n<li><span class=\"fontstyle0\">\u015arodki higieny osobistej, apteczka pierwszej pomocy;<\/span><\/li>\n<li><span class=\"fontstyle0\">\u017bel do dezynfekcji r\u0105k.<\/span><\/li>\n<\/ul>","protected":false},"excerpt":{"rendered":"<p>Safari w p\u00f3\u0142nocnej Tanzanii przez 2 dni w formacie\u00a0<strong>\"all-inclusive<\/strong>\u00a0z wizyt\u0105 w parkach Ngorongoro i Lake Manyara<\/p>","protected":false},"featured_media":25685,"template":"","meta":{"_kad_post_transparent":"default","_kad_post_title":"","_kad_post_layout":"default","_kad_post_sidebar_id":"","_kad_post_content_style":"default","_kad_post_vertical_padding":"default","_kad_post_feature":"","_kad_post_feature_position":"","_kad_post_header":false,"_kad_post_footer":false,"_kad_post_classname":"","_glsr_average":0,"_glsr_ranking":0,"_glsr_reviews":0},"product_brand":[],"product_cat":[455],"product_tag":[],"class_list":{"0":"post-16529","1":"product","2":"type-product","3":"status-publish","4":"has-post-thumbnail","6":"product_cat-zanzibar","7":"tm-has-options","9":"first","10":"instock","11":"sold-individually","12":"taxable","13":"shipping-taxable","14":"purchasable","15":"product-type-simple","16":"entry","17":"content-bg","18":"loop-entry"},"yoast_head":"<!-- This site is optimized with the Yoast SEO plugin v27.4 - https:\/\/yoast.com\/product\/yoast-seo-wordpress\/ -->\n<title>\u041e\u0437\u0435\u0440\u043e \u041c\u0430\u043d\u044c\u044f\u0440\u0430, \u041d\u0433\u043e\u0440\u043e\u043d\u0433\u043e\u0440\u043e \u0438 \u043f\u043b\u0435\u043c\u044f \u041c\u0430\u0441\u0430\u0438 \u043d\u0430 2 \u0434\u043d\u044f &#8226; \u042d\u043a\u0441\u043a\u0443\u0440\u0441\u0438\u0438 Skyline<\/title>\n<meta name=\"robots\" content=\"index, follow, max-snippet:-1, max-image-preview:large, max-video-preview:-1\" \/>\n<link rel=\"canonical\" href=\"https:\/\/skyline-gs.com\/pl\/produkt\/jezioro-manyara-ngorongoro-masajowie-2-dni-zanzibar\/\" \/>\n<meta property=\"og:locale\" content=\"pl_PL\" \/>\n<meta property=\"og:type\" content=\"article\" \/>\n<meta property=\"og:title\" content=\"\u041e\u0437\u0435\u0440\u043e \u041c\u0430\u043d\u044c\u044f\u0440\u0430, \u041d\u0433\u043e\u0440\u043e\u043d\u0433\u043e\u0440\u043e \u0438 \u043f\u043b\u0435\u043c\u044f \u041c\u0430\u0441\u0430\u0438 \u043d\u0430 2 \u0434\u043d\u044f &#8226; \u042d\u043a\u0441\u043a\u0443\u0440\u0441\u0438\u0438 Skyline\" \/>\n<meta property=\"og:description\" content=\"\u0421\u0430\u0444\u0430\u0440\u0438 \u0432 \u0421\u0435\u0432\u0435\u0440\u043d\u043e\u0439 \u0422\u0430\u043d\u0437\u0430\u043d\u0438\u0438 \u043d\u0430 2 \u0434\u043d\u044f \u0432 \u0444\u043e\u0440\u043c\u0430\u0442\u0435\u00a0&quot;\u0432\u0441\u0435 \u0432\u043a\u043b\u044e\u0447\u0435\u043d\u043e&quot;\u00a0\u0441 \u043f\u043e\u0441\u0435\u0449\u0435\u043d\u0438\u0435\u043c \u043f\u0430\u0440\u043a\u043e\u0432 \u041d\u0433\u043e\u0440\u043e\u043d\u0433\u043e\u0440\u043e \u0438 \u041e\u0437\u0435\u0440\u043e \u041c\u0430\u043d\u044c\u044f\u0440\u0430\" \/>\n<meta property=\"og:url\" content=\"https:\/\/skyline-gs.com\/pl\/produkt\/jezioro-manyara-ngorongoro-masajowie-2-dni-zanzibar\/\" \/>\n<meta property=\"og:site_name\" content=\"\u042d\u043a\u0441\u043a\u0443\u0440\u0441\u0438\u0438 Skyline\" \/>\n<meta property=\"article:modified_time\" content=\"2024-01-24T15:12:04+00:00\" \/>\n<meta property=\"og:image\" content=\"https:\/\/skyline-gs.com\/wp-content\/uploads\/2020\/12\/Ozero-Manyara-34-of-40.jpg\" \/>\n\t<meta property=\"og:image:width\" content=\"900\" \/>\n\t<meta property=\"og:image:height\" content=\"600\" \/>\n\t<meta property=\"og:image:type\" content=\"image\/jpeg\" \/>\n<meta name=\"twitter:card\" content=\"summary_large_image\" \/>\n<meta name=\"twitter:label1\" content=\"Szacowany czas czytania\" \/>\n\t<meta name=\"twitter:data1\" content=\"3 minuty\" \/>\n<script type=\"application\/ld+json\" class=\"yoast-schema-graph\">{\"@context\":\"https:\\\/\\\/schema.org\",\"@graph\":[{\"@type\":\"WebPage\",\"@id\":\"https:\\\/\\\/skyline-gs.com\\\/it\\\/prodotto\\\/lake-manyara-ngorongoro-masai-2-days-zanzibar\\\/\",\"url\":\"https:\\\/\\\/skyline-gs.com\\\/it\\\/prodotto\\\/lake-manyara-ngorongoro-masai-2-days-zanzibar\\\/\",\"name\":\"\u041e\u0437\u0435\u0440\u043e \u041c\u0430\u043d\u044c\u044f\u0440\u0430, \u041d\u0433\u043e\u0440\u043e\u043d\u0433\u043e\u0440\u043e \u0438 \u043f\u043b\u0435\u043c\u044f \u041c\u0430\u0441\u0430\u0438 \u043d\u0430 2 \u0434\u043d\u044f &#8226; \u042d\u043a\u0441\u043a\u0443\u0440\u0441\u0438\u0438 Skyline\",\"isPartOf\":{\"@id\":\"https:\\\/\\\/skyline-gs.com\\\/it\\\/#website\"},\"primaryImageOfPage\":{\"@id\":\"https:\\\/\\\/skyline-gs.com\\\/it\\\/prodotto\\\/lake-manyara-ngorongoro-masai-2-days-zanzibar\\\/#primaryimage\"},\"image\":{\"@id\":\"https:\\\/\\\/skyline-gs.com\\\/it\\\/prodotto\\\/lake-manyara-ngorongoro-masai-2-days-zanzibar\\\/#primaryimage\"},\"thumbnailUrl\":\"https:\\\/\\\/skyline-gs.com\\\/wp-content\\\/uploads\\\/2020\\\/12\\\/Ozero-Manyara-34-of-40.jpg\",\"datePublished\":\"2020-12-14T22:50:52+00:00\",\"dateModified\":\"2024-01-24T15:12:04+00:00\",\"breadcrumb\":{\"@id\":\"https:\\\/\\\/skyline-gs.com\\\/it\\\/prodotto\\\/lake-manyara-ngorongoro-masai-2-days-zanzibar\\\/#breadcrumb\"},\"inLanguage\":\"pl-PL\",\"potentialAction\":[{\"@type\":\"ReadAction\",\"target\":[\"https:\\\/\\\/skyline-gs.com\\\/it\\\/prodotto\\\/lake-manyara-ngorongoro-masai-2-days-zanzibar\\\/\"]}]},{\"@type\":\"ImageObject\",\"inLanguage\":\"pl-PL\",\"@id\":\"https:\\\/\\\/skyline-gs.com\\\/it\\\/prodotto\\\/lake-manyara-ngorongoro-masai-2-days-zanzibar\\\/#primaryimage\",\"url\":\"https:\\\/\\\/skyline-gs.com\\\/wp-content\\\/uploads\\\/2020\\\/12\\\/Ozero-Manyara-34-of-40.jpg\",\"contentUrl\":\"https:\\\/\\\/skyline-gs.com\\\/wp-content\\\/uploads\\\/2020\\\/12\\\/Ozero-Manyara-34-of-40.jpg\",\"width\":900,\"height\":600},{\"@type\":\"BreadcrumbList\",\"@id\":\"https:\\\/\\\/skyline-gs.com\\\/it\\\/prodotto\\\/lake-manyara-ngorongoro-masai-2-days-zanzibar\\\/#breadcrumb\",\"itemListElement\":[{\"@type\":\"ListItem\",\"position\":1,\"name\":\"\u0413\u043b\u0430\u0432\u043d\u0430\u044f \u0441\u0442\u0440\u0430\u043d\u0438\u0446\u0430\",\"item\":\"https:\\\/\\\/skyline-gs.com\\\/hu\\\/\"},{\"@type\":\"ListItem\",\"position\":2,\"name\":\"\u041c\u0430\u0433\u0430\u0437\u0438\u043d\",\"item\":\"https:\\\/\\\/skyline-gs.com\\\/cs\\\/shop\\\/\"},{\"@type\":\"ListItem\",\"position\":3,\"name\":\"\u041e\u0437\u0435\u0440\u043e \u041c\u0430\u043d\u044c\u044f\u0440\u0430, \u041d\u0433\u043e\u0440\u043e\u043d\u0433\u043e\u0440\u043e \u0438 \u043f\u043b\u0435\u043c\u044f \u041c\u0430\u0441\u0430\u0438 \u043d\u0430 2 \u0434\u043d\u044f\"}]},{\"@type\":\"WebSite\",\"@id\":\"https:\\\/\\\/skyline-gs.com\\\/it\\\/#website\",\"url\":\"https:\\\/\\\/skyline-gs.com\\\/it\\\/\",\"name\":\"\u042d\u043a\u0441\u043a\u0443\u0440\u0441\u0438\u0438 Skyline\",\"description\":\"\u042d\u043a\u0441\u043a\u043b\u044e\u0437\u0438\u0432\u043d\u044b\u0435 \u044d\u043a\u0441\u043a\u0443\u0440\u0441\u0438\u0438 \u043d\u0430 \u043b\u0443\u0447\u0448\u0438\u0445 \u043a\u0443\u0440\u043e\u0440\u0442\u0430\u0445 \u043c\u0438\u0440\u0430\",\"publisher\":{\"@id\":\"https:\\\/\\\/skyline-gs.com\\\/it\\\/#organization\"},\"alternateName\":\"Skyline\",\"potentialAction\":[{\"@type\":\"SearchAction\",\"target\":{\"@type\":\"EntryPoint\",\"urlTemplate\":\"https:\\\/\\\/skyline-gs.com\\\/it\\\/?s={search_term_string}\"},\"query-input\":{\"@type\":\"PropertyValueSpecification\",\"valueRequired\":true,\"valueName\":\"search_term_string\"}}],\"inLanguage\":\"pl-PL\"},{\"@type\":\"Organization\",\"@id\":\"https:\\\/\\\/skyline-gs.com\\\/it\\\/#organization\",\"name\":\"\u042d\u043a\u0441\u043a\u0443\u0440\u0441\u0438\u0438 Skyline\",\"alternateName\":\"\u042d\u043a\u0441\u043a\u0443\u0440\u0441\u0438\u0438 Skyline\",\"url\":\"https:\\\/\\\/skyline-gs.com\\\/it\\\/\",\"logo\":{\"@type\":\"ImageObject\",\"inLanguage\":\"pl-PL\",\"@id\":\"https:\\\/\\\/skyline-gs.com\\\/it\\\/#\\\/schema\\\/logo\\\/image\\\/\",\"url\":\"https:\\\/\\\/skyline-gs.com\\\/wp-content\\\/uploads\\\/2020\\\/12\\\/cropped-logo-2.png\",\"contentUrl\":\"https:\\\/\\\/skyline-gs.com\\\/wp-content\\\/uploads\\\/2020\\\/12\\\/cropped-logo-2.png\",\"width\":512,\"height\":512,\"caption\":\"\u042d\u043a\u0441\u043a\u0443\u0440\u0441\u0438\u0438 Skyline\"},\"image\":{\"@id\":\"https:\\\/\\\/skyline-gs.com\\\/it\\\/#\\\/schema\\\/logo\\\/image\\\/\"},\"sameAs\":[\"https:\\\/\\\/www.instagram.com\\\/skylineglobalservice\\\/\"]}]}<\/script>\n<!-- \/ Yoast SEO plugin. -->","yoast_head_json":{"title":"\u041e\u0437\u0435\u0440\u043e \u041c\u0430\u043d\u044c\u044f\u0440\u0430, \u041d\u0433\u043e\u0440\u043e\u043d\u0433\u043e\u0440\u043e \u0438 \u043f\u043b\u0435\u043c\u044f \u041c\u0430\u0441\u0430\u0438 \u043d\u0430 2 \u0434\u043d\u044f &#8226; \u042d\u043a\u0441\u043a\u0443\u0440\u0441\u0438\u0438 Skyline","robots":{"index":"index","follow":"follow","max-snippet":"max-snippet:-1","max-image-preview":"max-image-preview:large","max-video-preview":"max-video-preview:-1"},"canonical":"https:\/\/skyline-gs.com\/pl\/produkt\/jezioro-manyara-ngorongoro-masajowie-2-dni-zanzibar\/","og_locale":"pl_PL","og_type":"article","og_title":"\u041e\u0437\u0435\u0440\u043e \u041c\u0430\u043d\u044c\u044f\u0440\u0430, \u041d\u0433\u043e\u0440\u043e\u043d\u0433\u043e\u0440\u043e \u0438 \u043f\u043b\u0435\u043c\u044f \u041c\u0430\u0441\u0430\u0438 \u043d\u0430 2 \u0434\u043d\u044f &#8226; \u042d\u043a\u0441\u043a\u0443\u0440\u0441\u0438\u0438 Skyline","og_description":"\u0421\u0430\u0444\u0430\u0440\u0438 \u0432 \u0421\u0435\u0432\u0435\u0440\u043d\u043e\u0439 \u0422\u0430\u043d\u0437\u0430\u043d\u0438\u0438 \u043d\u0430 2 \u0434\u043d\u044f \u0432 \u0444\u043e\u0440\u043c\u0430\u0442\u0435\u00a0\"\u0432\u0441\u0435 \u0432\u043a\u043b\u044e\u0447\u0435\u043d\u043e\"\u00a0\u0441 \u043f\u043e\u0441\u0435\u0449\u0435\u043d\u0438\u0435\u043c \u043f\u0430\u0440\u043a\u043e\u0432 \u041d\u0433\u043e\u0440\u043e\u043d\u0433\u043e\u0440\u043e \u0438 \u041e\u0437\u0435\u0440\u043e \u041c\u0430\u043d\u044c\u044f\u0440\u0430","og_url":"https:\/\/skyline-gs.com\/pl\/produkt\/jezioro-manyara-ngorongoro-masajowie-2-dni-zanzibar\/","og_site_name":"\u042d\u043a\u0441\u043a\u0443\u0440\u0441\u0438\u0438 Skyline","article_modified_time":"2024-01-24T15:12:04+00:00","og_image":[{"width":900,"height":600,"url":"https:\/\/skyline-gs.com\/wp-content\/uploads\/2020\/12\/Ozero-Manyara-34-of-40.jpg","type":"image\/jpeg"}],"twitter_card":"summary_large_image","twitter_misc":{"Szacowany czas czytania":"3 minuty"},"schema":{"@context":"https:\/\/schema.org","@graph":[{"@type":"WebPage","@id":"https:\/\/skyline-gs.com\/it\/prodotto\/lake-manyara-ngorongoro-masai-2-days-zanzibar\/","url":"https:\/\/skyline-gs.com\/it\/prodotto\/lake-manyara-ngorongoro-masai-2-days-zanzibar\/","name":"\u041e\u0437\u0435\u0440\u043e \u041c\u0430\u043d\u044c\u044f\u0440\u0430, \u041d\u0433\u043e\u0440\u043e\u043d\u0433\u043e\u0440\u043e \u0438 \u043f\u043b\u0435\u043c\u044f \u041c\u0430\u0441\u0430\u0438 \u043d\u0430 2 \u0434\u043d\u044f &#8226; \u042d\u043a\u0441\u043a\u0443\u0440\u0441\u0438\u0438 Skyline","isPartOf":{"@id":"https:\/\/skyline-gs.com\/it\/#website"},"primaryImageOfPage":{"@id":"https:\/\/skyline-gs.com\/it\/prodotto\/lake-manyara-ngorongoro-masai-2-days-zanzibar\/#primaryimage"},"image":{"@id":"https:\/\/skyline-gs.com\/it\/prodotto\/lake-manyara-ngorongoro-masai-2-days-zanzibar\/#primaryimage"},"thumbnailUrl":"https:\/\/skyline-gs.com\/wp-content\/uploads\/2020\/12\/Ozero-Manyara-34-of-40.jpg","datePublished":"2020-12-14T22:50:52+00:00","dateModified":"2024-01-24T15:12:04+00:00","breadcrumb":{"@id":"https:\/\/skyline-gs.com\/it\/prodotto\/lake-manyara-ngorongoro-masai-2-days-zanzibar\/#breadcrumb"},"inLanguage":"pl-PL","potentialAction":[{"@type":"ReadAction","target":["https:\/\/skyline-gs.com\/it\/prodotto\/lake-manyara-ngorongoro-masai-2-days-zanzibar\/"]}]},{"@type":"ImageObject","inLanguage":"pl-PL","@id":"https:\/\/skyline-gs.com\/it\/prodotto\/lake-manyara-ngorongoro-masai-2-days-zanzibar\/#primaryimage","url":"https:\/\/skyline-gs.com\/wp-content\/uploads\/2020\/12\/Ozero-Manyara-34-of-40.jpg","contentUrl":"https:\/\/skyline-gs.com\/wp-content\/uploads\/2020\/12\/Ozero-Manyara-34-of-40.jpg","width":900,"height":600},{"@type":"BreadcrumbList","@id":"https:\/\/skyline-gs.com\/it\/prodotto\/lake-manyara-ngorongoro-masai-2-days-zanzibar\/#breadcrumb","itemListElement":[{"@type":"ListItem","position":1,"name":"\u0413\u043b\u0430\u0432\u043d\u0430\u044f \u0441\u0442\u0440\u0430\u043d\u0438\u0446\u0430","item":"https:\/\/skyline-gs.com\/hu\/"},{"@type":"ListItem","position":2,"name":"\u041c\u0430\u0433\u0430\u0437\u0438\u043d","item":"https:\/\/skyline-gs.com\/cs\/shop\/"},{"@type":"ListItem","position":3,"name":"\u041e\u0437\u0435\u0440\u043e \u041c\u0430\u043d\u044c\u044f\u0440\u0430, \u041d\u0433\u043e\u0440\u043e\u043d\u0433\u043e\u0440\u043e \u0438 \u043f\u043b\u0435\u043c\u044f \u041c\u0430\u0441\u0430\u0438 \u043d\u0430 2 \u0434\u043d\u044f"}]},{"@type":"WebSite","@id":"https:\/\/skyline-gs.com\/it\/#website","url":"https:\/\/skyline-gs.com\/it\/","name":"Wycieczki Skyline","description":"Ekskluzywne wycieczki do najlepszych kurort\u00f3w na \u015bwiecie","publisher":{"@id":"https:\/\/skyline-gs.com\/it\/#organization"},"alternateName":"Skyline","potentialAction":[{"@type":"SearchAction","target":{"@type":"EntryPoint","urlTemplate":"https:\/\/skyline-gs.com\/it\/?s={search_term_string}"},"query-input":{"@type":"PropertyValueSpecification","valueRequired":true,"valueName":"search_term_string"}}],"inLanguage":"pl-PL"},{"@type":"Organization","@id":"https:\/\/skyline-gs.com\/it\/#organization","name":"Wycieczki Skyline","alternateName":"\u042d\u043a\u0441\u043a\u0443\u0440\u0441\u0438\u0438 Skyline","url":"https:\/\/skyline-gs.com\/it\/","logo":{"@type":"ImageObject","inLanguage":"pl-PL","@id":"https:\/\/skyline-gs.com\/it\/#\/schema\/logo\/image\/","url":"https:\/\/skyline-gs.com\/wp-content\/uploads\/2020\/12\/cropped-logo-2.png","contentUrl":"https:\/\/skyline-gs.com\/wp-content\/uploads\/2020\/12\/cropped-logo-2.png","width":512,"height":512,"caption":"\u042d\u043a\u0441\u043a\u0443\u0440\u0441\u0438\u0438 Skyline"},"image":{"@id":"https:\/\/skyline-gs.com\/it\/#\/schema\/logo\/image\/"},"sameAs":["https:\/\/www.instagram.com\/skylineglobalservice\/"]}]}},"_links":{"self":[{"href":"https:\/\/skyline-gs.com\/pl\/wp-json\/wp\/v2\/product\/16529","targetHints":{"allow":["GET"]}}],"collection":[{"href":"https:\/\/skyline-gs.com\/pl\/wp-json\/wp\/v2\/product"}],"about":[{"href":"https:\/\/skyline-gs.com\/pl\/wp-json\/wp\/v2\/types\/product"}],"version-history":[{"count":0,"href":"https:\/\/skyline-gs.com\/pl\/wp-json\/wp\/v2\/product\/16529\/revisions"}],"wp:featuredmedia":[{"embeddable":true,"href":"https:\/\/skyline-gs.com\/pl\/wp-json\/wp\/v2\/media\/25685"}],"wp:attachment":[{"href":"https:\/\/skyline-gs.com\/pl\/wp-json\/wp\/v2\/media?parent=16529"}],"wp:term":[{"taxonomy":"product_brand","embeddable":true,"href":"https:\/\/skyline-gs.com\/pl\/wp-json\/wp\/v2\/product_brand?post=16529"},{"taxonomy":"product_cat","embeddable":true,"href":"https:\/\/skyline-gs.com\/pl\/wp-json\/wp\/v2\/product_cat?post=16529"},{"taxonomy":"product_tag","embeddable":true,"href":"https:\/\/skyline-gs.com\/pl\/wp-json\/wp\/v2\/product_tag?post=16529"}],"curies":[{"name":"wp","href":"https:\/\/api.w.org\/{rel}","templated":true}]}}