{"id":74439,"date":"2026-01-24T01:48:32","date_gmt":"2026-01-23T23:48:32","guid":{"rendered":"https:\/\/skyline-gs.com\/?post_type=product&#038;p=74439"},"modified":"2026-04-09T15:44:30","modified_gmt":"2026-04-09T13:44:30","slug":"lights-of-phu-quoc-phu-quoc","status":"publish","type":"product","link":"https:\/\/skyline-gs.com\/it\/product\/lights-of-phu-quoc-phu-quoc\/","title":{"rendered":"\u0418\u043d\u0434\u0438\u0432\u0438\u0434\u0443\u0430\u043b\u044c\u043d\u044b\u0439 \u0442\u0443\u0440: \u041e\u0433\u043d\u0438 \u0424\u0443\u043a\u0443\u043e\u043a\u0430 + \u0432\u0435\u0447\u0435\u0440\u043d\u0435\u0435 \u0448\u043e\u0443 \u0438 \u0444\u0435\u0439\u0435\u0440\u0432\u0435\u0440\u043a\u0438"},"content":{"rendered":"<p>Un itinerario ricco di contrasti, tra templi e panorami, spiagge d'arte e strade mediterranee. Vedrete Phu Quoc durante il giorno e la golden hour, e lo spettacolo principale dell'isola la sera. Il finale del tour si svolge senza folla, dalla riservata Terrazza Bavaria. Perfetto per vivere l'atmosfera di Fukuok in una sola serata.<\/p>\n<p><strong>12:00 - Partenza dall'hotel<\/strong>.<\/p>\n<ul>\n<li data-start=\"473\" data-end=\"600\"><strong data-start=\"475\" data-end=\"493\">Pagoda di Ho Quoc. <\/strong>Un complesso buddista su un pendio sopra l'oceano: una statua della Dea della Misericordia, un orizzonte marino e tranquille passerelle.<\/li>\n<li data-start=\"473\" data-end=\"600\"><strong data-start=\"604\" data-end=\"624\">Fabbrica di seta. <\/strong>Una breve visita didattica: bozzoli, fili, telai e il viaggio della seta dalla natura al tessuto.<\/li>\n<li data-start=\"473\" data-end=\"600\"><strong data-start=\"723\" data-end=\"769\">Il Peak (la torre di osservazione pi\u00f9 alta di Fukuoka). <\/strong>Viste panoramiche della costa e di Sunset Town, la \u00abporta del cielo\u00bb, la luce migliore per la golden hour.<\/li>\n<li data-start=\"473\" data-end=\"600\"><strong data-start=\"864\" data-end=\"895\">Spiaggia di Kazantip (oggetti d'arte). <\/strong>Uno specchio di sabbia con installazioni e un'atmosfera libera per passeggiare e scattare foto.<\/li>\n<li data-start=\"473\" data-end=\"600\"><strong data-start=\"975\" data-end=\"990\">Sunset Town. <\/strong>Quartiere mediterraneo: archi, scalinate, passeggiata e passeggiata prima dello spettacolo serale.<\/li>\n<li data-start=\"473\" data-end=\"600\"><strong data-start=\"592\" data-end=\"631\">18:30 - Bavaria GastroPub (terrazza). Una serata esclusiva con la migliore vista sullo spettacolo principale di Fukuoka.<\/strong>. L'ampia terrazza, la vista panoramica e gli impressionanti fuochi d'artificio creano una vera e propria atmosfera di festa. Il luogo perfetto per foto spettacolari e per una piacevole cena sotto le luci del cielo notturno.<\/li>\n<li data-start=\"473\" data-end=\"600\">Vi abbiamo prenotato in anticipo <strong>i posti migliori con vista diretta sullo spettacolo<\/strong>. Un deposito di 700.000 VND a persona \u00e8 gi\u00e0 incluso e viene utilizzato per le ordinazioni di cibo e bevande - godetevi una serata senza preoccupazioni.<\/li>\n<\/ul>\n<p><strong>21:30 - Ritorno in hotel.<\/strong><\/p>\n<p><strong>Incluso:<\/strong><\/p>\n<ul>\n<li>Trasferimenti da e per l'hotel<\/li>\n<li>Trasferimento individuale da e per il percorso<\/li>\n<li>Guida di lingua russa prima di salire a bordo del Bavaria<\/li>\n<li>Biglietti d'ingresso secondo il programma<\/li>\n<li>Prenotazione e posti a sedere sulla terrazza Bavaria<\/li>\n<li>Deposito 700.000 VND a persona<\/li>\n<li>Acqua<\/li>\n<\/ul>\n<p><strong>Non incluso:<\/strong><\/p>\n<ul>\n<li>Ordini a Bavaria oltre il deposito<\/li>\n<li>Spese personali<\/li>\n<\/ul>\n<p><strong>Informazioni aggiuntive:<\/strong><\/p>\n<ul>\n<li>Lo spettacolo inizier\u00e0 indicativamente alle 19:35-20:10.<\/li>\n<li>L'ordine dei luoghi pu\u00f2 cambiare, la priorit\u00e0 \u00e8 arrivare a Bavaria entro le 18:30.<\/li>\n<\/ul>\n<p><strong>Portatelo con voi:<\/strong><\/p>\n<ul>\n<li>Macchina fotografica<\/li>\n<li>Scarpe comode<\/li>\n<\/ul>","protected":false},"excerpt":{"rendered":"<p><strong>Orario del Tour:<\/strong> 12:00 &#8212; 21:30<\/p>\n<p><strong>Giorni di Svolgimento:<\/strong> Ogni giorno.<\/p>","protected":false},"featured_media":74458,"template":"","meta":{"_kad_post_transparent":"default","_kad_post_title":"","_kad_post_layout":"default","_kad_post_sidebar_id":"","_kad_post_content_style":"default","_kad_post_vertical_padding":"default","_kad_post_feature":"","_kad_post_feature_position":"","_kad_post_header":false,"_kad_post_footer":false,"_kad_post_classname":"","_glsr_average":0,"_glsr_ranking":0,"_glsr_reviews":0},"product_brand":[],"product_cat":[484],"product_tag":[],"class_list":{"0":"post-74439","1":"product","2":"type-product","3":"status-publish","4":"has-post-thumbnail","6":"product_cat-phu-quoc","7":"tm-has-options","9":"first","10":"instock","11":"sold-individually","12":"taxable","13":"shipping-taxable","14":"purchasable","15":"product-type-simple","16":"entry","17":"content-bg","18":"loop-entry"},"yoast_head":"<!-- This site is optimized with the Yoast SEO plugin v27.4 - https:\/\/yoast.com\/product\/yoast-seo-wordpress\/ -->\n<title>\u0418\u043d\u0434\u0438\u0432\u0438\u0434\u0443\u0430\u043b\u044c\u043d\u044b\u0439 \u0442\u0443\u0440: \u041e\u0433\u043d\u0438 \u0424\u0443\u043a\u0443\u043e\u043a\u0430 + \u0432\u0435\u0447\u0435\u0440\u043d\u0435\u0435 \u0448\u043e\u0443 \u0438 \u0444\u0435\u0439\u0435\u0440\u0432\u0435\u0440\u043a\u0438 &#8226; \u042d\u043a\u0441\u043a\u0443\u0440\u0441\u0438\u0438 Skyline<\/title>\n<meta name=\"robots\" content=\"index, follow, max-snippet:-1, max-image-preview:large, max-video-preview:-1\" \/>\n<link rel=\"canonical\" href=\"https:\/\/skyline-gs.com\/it\/prodotto\/lights-of-phu-quoc-phu-quoc\/\" \/>\n<meta property=\"og:locale\" content=\"it_IT\" \/>\n<meta property=\"og:type\" content=\"article\" \/>\n<meta property=\"og:title\" content=\"\u0418\u043d\u0434\u0438\u0432\u0438\u0434\u0443\u0430\u043b\u044c\u043d\u044b\u0439 \u0442\u0443\u0440: \u041e\u0433\u043d\u0438 \u0424\u0443\u043a\u0443\u043e\u043a\u0430 + \u0432\u0435\u0447\u0435\u0440\u043d\u0435\u0435 \u0448\u043e\u0443 \u0438 \u0444\u0435\u0439\u0435\u0440\u0432\u0435\u0440\u043a\u0438 &#8226; \u042d\u043a\u0441\u043a\u0443\u0440\u0441\u0438\u0438 Skyline\" \/>\n<meta property=\"og:description\" content=\"\u0412\u0440\u0435\u043c\u044f \u0442\u0443\u0440\u0430: 12:00 - 21:30  \u0414\u043d\u0438 \u043f\u0440\u043e\u0432\u0435\u0434\u0435\u043d\u0438\u044f: \u041a\u0430\u0436\u0434\u044b\u0439 \u0434\u0435\u043d\u044c\" \/>\n<meta property=\"og:url\" content=\"https:\/\/skyline-gs.com\/it\/prodotto\/lights-of-phu-quoc-phu-quoc\/\" \/>\n<meta property=\"og:site_name\" content=\"\u042d\u043a\u0441\u043a\u0443\u0440\u0441\u0438\u0438 Skyline\" \/>\n<meta property=\"article:modified_time\" content=\"2026-04-09T13:44:30+00:00\" \/>\n<meta property=\"og:image\" content=\"https:\/\/skyline-gs.com\/wp-content\/uploads\/2026\/01\/ogni-fukuoka-8.jpg\" \/>\n\t<meta property=\"og:image:width\" content=\"669\" \/>\n\t<meta property=\"og:image:height\" content=\"446\" \/>\n\t<meta property=\"og:image:type\" content=\"image\/jpeg\" \/>\n<meta name=\"twitter:card\" content=\"summary_large_image\" \/>\n<meta name=\"twitter:label1\" content=\"Tempo di lettura stimato\" \/>\n\t<meta name=\"twitter:data1\" content=\"2 minuti\" \/>\n<script type=\"application\/ld+json\" class=\"yoast-schema-graph\">{\"@context\":\"https:\\\/\\\/schema.org\",\"@graph\":[{\"@type\":\"WebPage\",\"@id\":\"https:\\\/\\\/skyline-gs.com\\\/product\\\/lights-of-phu-quoc-phu-quoc\\\/\",\"url\":\"https:\\\/\\\/skyline-gs.com\\\/product\\\/lights-of-phu-quoc-phu-quoc\\\/\",\"name\":\"\u0418\u043d\u0434\u0438\u0432\u0438\u0434\u0443\u0430\u043b\u044c\u043d\u044b\u0439 \u0442\u0443\u0440: \u041e\u0433\u043d\u0438 \u0424\u0443\u043a\u0443\u043e\u043a\u0430 + \u0432\u0435\u0447\u0435\u0440\u043d\u0435\u0435 \u0448\u043e\u0443 \u0438 \u0444\u0435\u0439\u0435\u0440\u0432\u0435\u0440\u043a\u0438 &#8226; \u042d\u043a\u0441\u043a\u0443\u0440\u0441\u0438\u0438 Skyline\",\"isPartOf\":{\"@id\":\"https:\\\/\\\/skyline-gs.com\\\/it\\\/#website\"},\"primaryImageOfPage\":{\"@id\":\"https:\\\/\\\/skyline-gs.com\\\/product\\\/lights-of-phu-quoc-phu-quoc\\\/#primaryimage\"},\"image\":{\"@id\":\"https:\\\/\\\/skyline-gs.com\\\/product\\\/lights-of-phu-quoc-phu-quoc\\\/#primaryimage\"},\"thumbnailUrl\":\"https:\\\/\\\/skyline-gs.com\\\/wp-content\\\/uploads\\\/2026\\\/01\\\/ogni-fukuoka-8.jpg\",\"datePublished\":\"2026-01-23T23:48:32+00:00\",\"dateModified\":\"2026-04-09T13:44:30+00:00\",\"breadcrumb\":{\"@id\":\"https:\\\/\\\/skyline-gs.com\\\/product\\\/lights-of-phu-quoc-phu-quoc\\\/#breadcrumb\"},\"inLanguage\":\"it-IT\",\"potentialAction\":[{\"@type\":\"ReadAction\",\"target\":[\"https:\\\/\\\/skyline-gs.com\\\/product\\\/lights-of-phu-quoc-phu-quoc\\\/\"]}]},{\"@type\":\"ImageObject\",\"inLanguage\":\"it-IT\",\"@id\":\"https:\\\/\\\/skyline-gs.com\\\/product\\\/lights-of-phu-quoc-phu-quoc\\\/#primaryimage\",\"url\":\"https:\\\/\\\/skyline-gs.com\\\/wp-content\\\/uploads\\\/2026\\\/01\\\/ogni-fukuoka-8.jpg\",\"contentUrl\":\"https:\\\/\\\/skyline-gs.com\\\/wp-content\\\/uploads\\\/2026\\\/01\\\/ogni-fukuoka-8.jpg\",\"width\":669,\"height\":446},{\"@type\":\"BreadcrumbList\",\"@id\":\"https:\\\/\\\/skyline-gs.com\\\/product\\\/lights-of-phu-quoc-phu-quoc\\\/#breadcrumb\",\"itemListElement\":[{\"@type\":\"ListItem\",\"position\":1,\"name\":\"\u0413\u043b\u0430\u0432\u043d\u0430\u044f \u0441\u0442\u0440\u0430\u043d\u0438\u0446\u0430\",\"item\":\"https:\\\/\\\/skyline-gs.com\\\/hu\\\/\"},{\"@type\":\"ListItem\",\"position\":2,\"name\":\"\u041c\u0430\u0433\u0430\u0437\u0438\u043d\",\"item\":\"https:\\\/\\\/skyline-gs.com\\\/cs\\\/shop\\\/\"},{\"@type\":\"ListItem\",\"position\":3,\"name\":\"\u0418\u043d\u0434\u0438\u0432\u0438\u0434\u0443\u0430\u043b\u044c\u043d\u044b\u0439 \u0442\u0443\u0440: \u041e\u0433\u043d\u0438 \u0424\u0443\u043a\u0443\u043e\u043a\u0430 + \u0432\u0435\u0447\u0435\u0440\u043d\u0435\u0435 \u0448\u043e\u0443 \u0438 \u0444\u0435\u0439\u0435\u0440\u0432\u0435\u0440\u043a\u0438\"}]},{\"@type\":\"WebSite\",\"@id\":\"https:\\\/\\\/skyline-gs.com\\\/it\\\/#website\",\"url\":\"https:\\\/\\\/skyline-gs.com\\\/it\\\/\",\"name\":\"\u042d\u043a\u0441\u043a\u0443\u0440\u0441\u0438\u0438 Skyline\",\"description\":\"\u042d\u043a\u0441\u043a\u043b\u044e\u0437\u0438\u0432\u043d\u044b\u0435 \u044d\u043a\u0441\u043a\u0443\u0440\u0441\u0438\u0438 \u043d\u0430 \u043b\u0443\u0447\u0448\u0438\u0445 \u043a\u0443\u0440\u043e\u0440\u0442\u0430\u0445 \u043c\u0438\u0440\u0430\",\"publisher\":{\"@id\":\"https:\\\/\\\/skyline-gs.com\\\/it\\\/#organization\"},\"alternateName\":\"Skyline\",\"potentialAction\":[{\"@type\":\"SearchAction\",\"target\":{\"@type\":\"EntryPoint\",\"urlTemplate\":\"https:\\\/\\\/skyline-gs.com\\\/it\\\/?s={search_term_string}\"},\"query-input\":{\"@type\":\"PropertyValueSpecification\",\"valueRequired\":true,\"valueName\":\"search_term_string\"}}],\"inLanguage\":\"it-IT\"},{\"@type\":\"Organization\",\"@id\":\"https:\\\/\\\/skyline-gs.com\\\/it\\\/#organization\",\"name\":\"\u042d\u043a\u0441\u043a\u0443\u0440\u0441\u0438\u0438 Skyline\",\"alternateName\":\"\u042d\u043a\u0441\u043a\u0443\u0440\u0441\u0438\u0438 Skyline\",\"url\":\"https:\\\/\\\/skyline-gs.com\\\/it\\\/\",\"logo\":{\"@type\":\"ImageObject\",\"inLanguage\":\"it-IT\",\"@id\":\"https:\\\/\\\/skyline-gs.com\\\/it\\\/#\\\/schema\\\/logo\\\/image\\\/\",\"url\":\"https:\\\/\\\/skyline-gs.com\\\/wp-content\\\/uploads\\\/2020\\\/12\\\/cropped-logo-2.png\",\"contentUrl\":\"https:\\\/\\\/skyline-gs.com\\\/wp-content\\\/uploads\\\/2020\\\/12\\\/cropped-logo-2.png\",\"width\":512,\"height\":512,\"caption\":\"\u042d\u043a\u0441\u043a\u0443\u0440\u0441\u0438\u0438 Skyline\"},\"image\":{\"@id\":\"https:\\\/\\\/skyline-gs.com\\\/it\\\/#\\\/schema\\\/logo\\\/image\\\/\"},\"sameAs\":[\"https:\\\/\\\/www.instagram.com\\\/skylineglobalservice\\\/\"]}]}<\/script>\n<!-- \/ Yoast SEO plugin. -->","yoast_head_json":{"title":"\u0418\u043d\u0434\u0438\u0432\u0438\u0434\u0443\u0430\u043b\u044c\u043d\u044b\u0439 \u0442\u0443\u0440: \u041e\u0433\u043d\u0438 \u0424\u0443\u043a\u0443\u043e\u043a\u0430 + \u0432\u0435\u0447\u0435\u0440\u043d\u0435\u0435 \u0448\u043e\u0443 \u0438 \u0444\u0435\u0439\u0435\u0440\u0432\u0435\u0440\u043a\u0438 &#8226; \u042d\u043a\u0441\u043a\u0443\u0440\u0441\u0438\u0438 Skyline","robots":{"index":"index","follow":"follow","max-snippet":"max-snippet:-1","max-image-preview":"max-image-preview:large","max-video-preview":"max-video-preview:-1"},"canonical":"https:\/\/skyline-gs.com\/it\/prodotto\/lights-of-phu-quoc-phu-quoc\/","og_locale":"it_IT","og_type":"article","og_title":"\u0418\u043d\u0434\u0438\u0432\u0438\u0434\u0443\u0430\u043b\u044c\u043d\u044b\u0439 \u0442\u0443\u0440: \u041e\u0433\u043d\u0438 \u0424\u0443\u043a\u0443\u043e\u043a\u0430 + \u0432\u0435\u0447\u0435\u0440\u043d\u0435\u0435 \u0448\u043e\u0443 \u0438 \u0444\u0435\u0439\u0435\u0440\u0432\u0435\u0440\u043a\u0438 &#8226; \u042d\u043a\u0441\u043a\u0443\u0440\u0441\u0438\u0438 Skyline","og_description":"\u0412\u0440\u0435\u043c\u044f \u0442\u0443\u0440\u0430: 12:00 - 21:30  \u0414\u043d\u0438 \u043f\u0440\u043e\u0432\u0435\u0434\u0435\u043d\u0438\u044f: \u041a\u0430\u0436\u0434\u044b\u0439 \u0434\u0435\u043d\u044c","og_url":"https:\/\/skyline-gs.com\/it\/prodotto\/lights-of-phu-quoc-phu-quoc\/","og_site_name":"\u042d\u043a\u0441\u043a\u0443\u0440\u0441\u0438\u0438 Skyline","article_modified_time":"2026-04-09T13:44:30+00:00","og_image":[{"width":669,"height":446,"url":"https:\/\/skyline-gs.com\/wp-content\/uploads\/2026\/01\/ogni-fukuoka-8.jpg","type":"image\/jpeg"}],"twitter_card":"summary_large_image","twitter_misc":{"Tempo di lettura stimato":"2 minuti"},"schema":{"@context":"https:\/\/schema.org","@graph":[{"@type":"WebPage","@id":"https:\/\/skyline-gs.com\/product\/lights-of-phu-quoc-phu-quoc\/","url":"https:\/\/skyline-gs.com\/product\/lights-of-phu-quoc-phu-quoc\/","name":"\u0418\u043d\u0434\u0438\u0432\u0438\u0434\u0443\u0430\u043b\u044c\u043d\u044b\u0439 \u0442\u0443\u0440: \u041e\u0433\u043d\u0438 \u0424\u0443\u043a\u0443\u043e\u043a\u0430 + \u0432\u0435\u0447\u0435\u0440\u043d\u0435\u0435 \u0448\u043e\u0443 \u0438 \u0444\u0435\u0439\u0435\u0440\u0432\u0435\u0440\u043a\u0438 &#8226; \u042d\u043a\u0441\u043a\u0443\u0440\u0441\u0438\u0438 Skyline","isPartOf":{"@id":"https:\/\/skyline-gs.com\/it\/#website"},"primaryImageOfPage":{"@id":"https:\/\/skyline-gs.com\/product\/lights-of-phu-quoc-phu-quoc\/#primaryimage"},"image":{"@id":"https:\/\/skyline-gs.com\/product\/lights-of-phu-quoc-phu-quoc\/#primaryimage"},"thumbnailUrl":"https:\/\/skyline-gs.com\/wp-content\/uploads\/2026\/01\/ogni-fukuoka-8.jpg","datePublished":"2026-01-23T23:48:32+00:00","dateModified":"2026-04-09T13:44:30+00:00","breadcrumb":{"@id":"https:\/\/skyline-gs.com\/product\/lights-of-phu-quoc-phu-quoc\/#breadcrumb"},"inLanguage":"it-IT","potentialAction":[{"@type":"ReadAction","target":["https:\/\/skyline-gs.com\/product\/lights-of-phu-quoc-phu-quoc\/"]}]},{"@type":"ImageObject","inLanguage":"it-IT","@id":"https:\/\/skyline-gs.com\/product\/lights-of-phu-quoc-phu-quoc\/#primaryimage","url":"https:\/\/skyline-gs.com\/wp-content\/uploads\/2026\/01\/ogni-fukuoka-8.jpg","contentUrl":"https:\/\/skyline-gs.com\/wp-content\/uploads\/2026\/01\/ogni-fukuoka-8.jpg","width":669,"height":446},{"@type":"BreadcrumbList","@id":"https:\/\/skyline-gs.com\/product\/lights-of-phu-quoc-phu-quoc\/#breadcrumb","itemListElement":[{"@type":"ListItem","position":1,"name":"\u0413\u043b\u0430\u0432\u043d\u0430\u044f \u0441\u0442\u0440\u0430\u043d\u0438\u0446\u0430","item":"https:\/\/skyline-gs.com\/hu\/"},{"@type":"ListItem","position":2,"name":"\u041c\u0430\u0433\u0430\u0437\u0438\u043d","item":"https:\/\/skyline-gs.com\/cs\/shop\/"},{"@type":"ListItem","position":3,"name":"\u0418\u043d\u0434\u0438\u0432\u0438\u0434\u0443\u0430\u043b\u044c\u043d\u044b\u0439 \u0442\u0443\u0440: \u041e\u0433\u043d\u0438 \u0424\u0443\u043a\u0443\u043e\u043a\u0430 + \u0432\u0435\u0447\u0435\u0440\u043d\u0435\u0435 \u0448\u043e\u0443 \u0438 \u0444\u0435\u0439\u0435\u0440\u0432\u0435\u0440\u043a\u0438"}]},{"@type":"WebSite","@id":"https:\/\/skyline-gs.com\/it\/#website","url":"https:\/\/skyline-gs.com\/it\/","name":"Escursioni Skyline","description":"Escursioni esclusive nei migliori resort del mondo","publisher":{"@id":"https:\/\/skyline-gs.com\/it\/#organization"},"alternateName":"Skyline","potentialAction":[{"@type":"SearchAction","target":{"@type":"EntryPoint","urlTemplate":"https:\/\/skyline-gs.com\/it\/?s={search_term_string}"},"query-input":{"@type":"PropertyValueSpecification","valueRequired":true,"valueName":"search_term_string"}}],"inLanguage":"it-IT"},{"@type":"Organization","@id":"https:\/\/skyline-gs.com\/it\/#organization","name":"Escursioni Skyline","alternateName":"\u042d\u043a\u0441\u043a\u0443\u0440\u0441\u0438\u0438 Skyline","url":"https:\/\/skyline-gs.com\/it\/","logo":{"@type":"ImageObject","inLanguage":"it-IT","@id":"https:\/\/skyline-gs.com\/it\/#\/schema\/logo\/image\/","url":"https:\/\/skyline-gs.com\/wp-content\/uploads\/2020\/12\/cropped-logo-2.png","contentUrl":"https:\/\/skyline-gs.com\/wp-content\/uploads\/2020\/12\/cropped-logo-2.png","width":512,"height":512,"caption":"\u042d\u043a\u0441\u043a\u0443\u0440\u0441\u0438\u0438 Skyline"},"image":{"@id":"https:\/\/skyline-gs.com\/it\/#\/schema\/logo\/image\/"},"sameAs":["https:\/\/www.instagram.com\/skylineglobalservice\/"]}]}},"_links":{"self":[{"href":"https:\/\/skyline-gs.com\/it\/wp-json\/wp\/v2\/product\/74439","targetHints":{"allow":["GET"]}}],"collection":[{"href":"https:\/\/skyline-gs.com\/it\/wp-json\/wp\/v2\/product"}],"about":[{"href":"https:\/\/skyline-gs.com\/it\/wp-json\/wp\/v2\/types\/product"}],"version-history":[{"count":0,"href":"https:\/\/skyline-gs.com\/it\/wp-json\/wp\/v2\/product\/74439\/revisions"}],"wp:featuredmedia":[{"embeddable":true,"href":"https:\/\/skyline-gs.com\/it\/wp-json\/wp\/v2\/media\/74458"}],"wp:attachment":[{"href":"https:\/\/skyline-gs.com\/it\/wp-json\/wp\/v2\/media?parent=74439"}],"wp:term":[{"taxonomy":"product_brand","embeddable":true,"href":"https:\/\/skyline-gs.com\/it\/wp-json\/wp\/v2\/product_brand?post=74439"},{"taxonomy":"product_cat","embeddable":true,"href":"https:\/\/skyline-gs.com\/it\/wp-json\/wp\/v2\/product_cat?post=74439"},{"taxonomy":"product_tag","embeddable":true,"href":"https:\/\/skyline-gs.com\/it\/wp-json\/wp\/v2\/product_tag?post=74439"}],"curies":[{"name":"wp","href":"https:\/\/api.w.org\/{rel}","templated":true}]}}