{"id":73972,"date":"2025-12-14T21:31:14","date_gmt":"2025-12-14T19:31:14","guid":{"rendered":"http:\/\/skyline-gs.com\/?post_type=product&#038;p=73972"},"modified":"2025-12-16T23:18:47","modified_gmt":"2025-12-16T21:18:47","slug":"pesca-sul-lago","status":"publish","type":"product","link":"https:\/\/skyline-gs.com\/it\/product\/fishing-on-the-lake\/","title":{"rendered":"Pesca sul lago"},"content":{"rendered":"<p><strong>Pesca sul lago<\/strong> - \u00e8 una vacanza tranquilla e suggestiva nella natura, lontano dai rumori della citt\u00e0. Il tour \u00e8 ideale sia per gli appassionati di pesca sia per chi vuole semplicemente rilassarsi, trascorrere del tempo all'aria aperta e gustare un pasto delizioso in piacevole compagnia.<br \/>\nIl lago \u00e8 dotato di tutto il necessario per una vacanza confortevole e il programma \u00e8 adatto ad adulti e bambini.<\/p>\n<p><strong>programma<\/strong><\/p>\n<ul>\n<li>Riunire gli ospiti e lasciare l'hotel.<\/li>\n<li>Arrivo al lago attrezzato.<\/li>\n<li>Sistemazione nell'area ricreativa.<\/li>\n<li>Pesca sul lago: attrezzatura ed esche fornite, assistenza del personale se necessario.<\/li>\n<li>Tempo libero per rilassarsi, passeggiare e scattare foto.<\/li>\n<li>Pranzo sul territorio del lago - a pagamento.<\/li>\n<li>Ritorno all'hotel.<br \/>\n<em>La durata del programma \u00e8 di alcune ore.<\/em><\/li>\n<\/ul>\n<p><strong>Incluso:<\/strong><\/p>\n<ul>\n<li data-start=\"2622\" data-end=\"2653\">\n<p data-start=\"2624\" data-end=\"2653\">Trasferimento da e per l'hotel<\/p>\n<\/li>\n<li data-start=\"2622\" data-end=\"2653\">\n<p data-start=\"2624\" data-end=\"2653\">Visita al lago<\/p>\n<\/li>\n<li data-start=\"2622\" data-end=\"2653\">\n<p data-start=\"2624\" data-end=\"2653\">Attrezzatura da pesca ed esche<\/p>\n<\/li>\n<li data-start=\"2622\" data-end=\"2653\">\n<p data-start=\"2624\" data-end=\"2653\">Utilizzo dell'area ricreativa<\/p>\n<\/li>\n<li data-start=\"2622\" data-end=\"2653\">\n<p data-start=\"2624\" data-end=\"2653\">Assicurazione<\/p>\n<\/li>\n<\/ul>\n<p><strong>Portatelo con voi:<\/strong><\/p>\n<ul>\n<li data-start=\"2117\" data-end=\"2159\">\n<p data-start=\"2119\" data-end=\"2159\">Fotocamera \/ smartphone<\/p>\n<\/li>\n<li data-start=\"2117\" data-end=\"2159\">\n<p data-start=\"2119\" data-end=\"2159\">Occhiali da sole e copricapo<\/p>\n<\/li>\n<li data-start=\"2117\" data-end=\"2159\">\n<p data-start=\"2119\" data-end=\"2159\">Scarpe comode<\/p>\n<\/li>\n<li data-start=\"2117\" data-end=\"2159\">\n<p data-start=\"2119\" data-end=\"2159\">Soldi per le spese personali<\/p>\n<\/li>\n<\/ul>\n<p><strong>Extra:<\/strong><\/p>\n<ul>\n<li>Adatto per adulti e bambini<\/li>\n<li>Possibile opzione senza cattura per gli accompagnatori<\/li>\n<li>Programmi individuali su richiesta<\/li>\n<li>Il programma pu\u00f2 essere modificato in base alle condizioni meteorologiche<\/li>\n<li>La sicurezza e il comfort degli ospiti sono una priorit\u00e0<\/li>\n<\/ul>","protected":false},"excerpt":{"rendered":"<p><strong>Tempistica dell'evento:<\/strong> 9:00 \u2013 21:00<br \/>\n<strong>Giorni di Svolgimento:<\/strong> Quotidianamente<\/p>","protected":false},"featured_media":73978,"template":"","meta":{"_kad_post_transparent":"default","_kad_post_title":"","_kad_post_layout":"default","_kad_post_sidebar_id":"","_kad_post_content_style":"default","_kad_post_vertical_padding":"default","_kad_post_feature":"","_kad_post_feature_position":"","_kad_post_header":false,"_kad_post_footer":false,"_kad_post_classname":"","_glsr_average":0,"_glsr_ranking":0,"_glsr_reviews":0},"product_brand":[],"product_cat":[507],"product_tag":[],"class_list":{"0":"post-73972","1":"product","2":"type-product","3":"status-publish","4":"has-post-thumbnail","6":"product_cat-pattaya","7":"tm-has-options","9":"first","10":"instock","11":"sold-individually","12":"taxable","13":"shipping-taxable","14":"purchasable","15":"product-type-simple","16":"entry","17":"content-bg","18":"loop-entry"},"yoast_head":"<!-- This site is optimized with the Yoast SEO plugin v27.4 - https:\/\/yoast.com\/product\/yoast-seo-wordpress\/ -->\n<title>\u0420\u044b\u0431\u0430\u043b\u043a\u0430 \u043d\u0430 \u043e\u0437\u0435\u0440\u0435 &#8226; \u042d\u043a\u0441\u043a\u0443\u0440\u0441\u0438\u0438 Skyline<\/title>\n<meta name=\"robots\" content=\"index, follow, max-snippet:-1, max-image-preview:large, max-video-preview:-1\" \/>\n<link rel=\"canonical\" href=\"http:\/\/skyline-gs.com\/it\/prodotto\/pesca-sul-lago\/\" \/>\n<meta property=\"og:locale\" content=\"it_IT\" \/>\n<meta property=\"og:type\" content=\"article\" \/>\n<meta property=\"og:title\" content=\"\u0420\u044b\u0431\u0430\u043b\u043a\u0430 \u043d\u0430 \u043e\u0437\u0435\u0440\u0435 &#8226; \u042d\u043a\u0441\u043a\u0443\u0440\u0441\u0438\u0438 Skyline\" \/>\n<meta property=\"og:description\" content=\"\u0412\u0440\u0435\u043c\u044f \u043f\u0440\u043e\u0432\u0435\u0434\u0435\u043d\u0438\u044f: 9:00 \u2013 21:00 \u0414\u043d\u0438 \u043f\u0440\u043e\u0432\u0435\u0434\u0435\u043d\u0438\u044f: \u0435\u0436\u0435\u0434\u043d\u0435\u0432\u043d\u043e\" \/>\n<meta property=\"og:url\" content=\"http:\/\/skyline-gs.com\/it\/prodotto\/pesca-sul-lago\/\" \/>\n<meta property=\"og:site_name\" content=\"\u042d\u043a\u0441\u043a\u0443\u0440\u0441\u0438\u0438 Skyline\" \/>\n<meta property=\"article:modified_time\" content=\"2025-12-16T21:18:47+00:00\" \/>\n<meta property=\"og:image\" content=\"https:\/\/skyline-gs.com\/wp-content\/uploads\/2025\/12\/fishing-pt-e1765919920599.jpg\" \/>\n\t<meta property=\"og:image:width\" content=\"668\" \/>\n\t<meta property=\"og:image:height\" content=\"446\" \/>\n\t<meta property=\"og:image:type\" content=\"image\/jpeg\" \/>\n<meta name=\"twitter:card\" content=\"summary_large_image\" \/>\n<meta name=\"twitter:label1\" content=\"Tempo di lettura stimato\" \/>\n\t<meta name=\"twitter:data1\" content=\"1 minuto\" \/>\n<script type=\"application\/ld+json\" class=\"yoast-schema-graph\">{\"@context\":\"https:\\\/\\\/schema.org\",\"@graph\":[{\"@type\":\"WebPage\",\"@id\":\"http:\\\/\\\/skyline-gs.com\\\/pl\\\/produkt\\\/fishing-on-the-lake\\\/\",\"url\":\"http:\\\/\\\/skyline-gs.com\\\/pl\\\/produkt\\\/fishing-on-the-lake\\\/\",\"name\":\"\u0420\u044b\u0431\u0430\u043b\u043a\u0430 \u043d\u0430 \u043e\u0437\u0435\u0440\u0435 &#8226; \u042d\u043a\u0441\u043a\u0443\u0440\u0441\u0438\u0438 Skyline\",\"isPartOf\":{\"@id\":\"https:\\\/\\\/skyline-gs.com\\\/it\\\/#website\"},\"primaryImageOfPage\":{\"@id\":\"http:\\\/\\\/skyline-gs.com\\\/pl\\\/produkt\\\/fishing-on-the-lake\\\/#primaryimage\"},\"image\":{\"@id\":\"http:\\\/\\\/skyline-gs.com\\\/pl\\\/produkt\\\/fishing-on-the-lake\\\/#primaryimage\"},\"thumbnailUrl\":\"https:\\\/\\\/skyline-gs.com\\\/wp-content\\\/uploads\\\/2025\\\/12\\\/fishing-pt-e1765919920599.jpg\",\"datePublished\":\"2025-12-14T19:31:14+00:00\",\"dateModified\":\"2025-12-16T21:18:47+00:00\",\"breadcrumb\":{\"@id\":\"http:\\\/\\\/skyline-gs.com\\\/pl\\\/produkt\\\/fishing-on-the-lake\\\/#breadcrumb\"},\"inLanguage\":\"it-IT\",\"potentialAction\":[{\"@type\":\"ReadAction\",\"target\":[\"http:\\\/\\\/skyline-gs.com\\\/pl\\\/produkt\\\/fishing-on-the-lake\\\/\"]}]},{\"@type\":\"ImageObject\",\"inLanguage\":\"it-IT\",\"@id\":\"http:\\\/\\\/skyline-gs.com\\\/pl\\\/produkt\\\/fishing-on-the-lake\\\/#primaryimage\",\"url\":\"https:\\\/\\\/skyline-gs.com\\\/wp-content\\\/uploads\\\/2025\\\/12\\\/fishing-pt-e1765919920599.jpg\",\"contentUrl\":\"https:\\\/\\\/skyline-gs.com\\\/wp-content\\\/uploads\\\/2025\\\/12\\\/fishing-pt-e1765919920599.jpg\",\"width\":668,\"height\":446},{\"@type\":\"BreadcrumbList\",\"@id\":\"http:\\\/\\\/skyline-gs.com\\\/pl\\\/produkt\\\/fishing-on-the-lake\\\/#breadcrumb\",\"itemListElement\":[{\"@type\":\"ListItem\",\"position\":1,\"name\":\"\u0413\u043b\u0430\u0432\u043d\u0430\u044f \u0441\u0442\u0440\u0430\u043d\u0438\u0446\u0430\",\"item\":\"https:\\\/\\\/skyline-gs.com\\\/hu\\\/\"},{\"@type\":\"ListItem\",\"position\":2,\"name\":\"\u041c\u0430\u0433\u0430\u0437\u0438\u043d\",\"item\":\"https:\\\/\\\/skyline-gs.com\\\/cs\\\/shop\\\/\"},{\"@type\":\"ListItem\",\"position\":3,\"name\":\"\u0420\u044b\u0431\u0430\u043b\u043a\u0430 \u043d\u0430 \u043e\u0437\u0435\u0440\u0435\"}]},{\"@type\":\"WebSite\",\"@id\":\"https:\\\/\\\/skyline-gs.com\\\/it\\\/#website\",\"url\":\"https:\\\/\\\/skyline-gs.com\\\/it\\\/\",\"name\":\"\u042d\u043a\u0441\u043a\u0443\u0440\u0441\u0438\u0438 Skyline\",\"description\":\"\u042d\u043a\u0441\u043a\u043b\u044e\u0437\u0438\u0432\u043d\u044b\u0435 \u044d\u043a\u0441\u043a\u0443\u0440\u0441\u0438\u0438 \u043d\u0430 \u043b\u0443\u0447\u0448\u0438\u0445 \u043a\u0443\u0440\u043e\u0440\u0442\u0430\u0445 \u043c\u0438\u0440\u0430\",\"publisher\":{\"@id\":\"https:\\\/\\\/skyline-gs.com\\\/it\\\/#organization\"},\"alternateName\":\"Skyline\",\"potentialAction\":[{\"@type\":\"SearchAction\",\"target\":{\"@type\":\"EntryPoint\",\"urlTemplate\":\"https:\\\/\\\/skyline-gs.com\\\/it\\\/?s={search_term_string}\"},\"query-input\":{\"@type\":\"PropertyValueSpecification\",\"valueRequired\":true,\"valueName\":\"search_term_string\"}}],\"inLanguage\":\"it-IT\"},{\"@type\":\"Organization\",\"@id\":\"https:\\\/\\\/skyline-gs.com\\\/it\\\/#organization\",\"name\":\"\u042d\u043a\u0441\u043a\u0443\u0440\u0441\u0438\u0438 Skyline\",\"alternateName\":\"\u042d\u043a\u0441\u043a\u0443\u0440\u0441\u0438\u0438 Skyline\",\"url\":\"https:\\\/\\\/skyline-gs.com\\\/it\\\/\",\"logo\":{\"@type\":\"ImageObject\",\"inLanguage\":\"it-IT\",\"@id\":\"https:\\\/\\\/skyline-gs.com\\\/it\\\/#\\\/schema\\\/logo\\\/image\\\/\",\"url\":\"https:\\\/\\\/skyline-gs.com\\\/wp-content\\\/uploads\\\/2020\\\/12\\\/cropped-logo-2.png\",\"contentUrl\":\"https:\\\/\\\/skyline-gs.com\\\/wp-content\\\/uploads\\\/2020\\\/12\\\/cropped-logo-2.png\",\"width\":512,\"height\":512,\"caption\":\"\u042d\u043a\u0441\u043a\u0443\u0440\u0441\u0438\u0438 Skyline\"},\"image\":{\"@id\":\"https:\\\/\\\/skyline-gs.com\\\/it\\\/#\\\/schema\\\/logo\\\/image\\\/\"},\"sameAs\":[\"https:\\\/\\\/www.instagram.com\\\/skylineglobalservice\\\/\"]}]}<\/script>\n<!-- \/ Yoast SEO plugin. -->","yoast_head_json":{"title":"Pesca sul lago - Escursioni Skyline","robots":{"index":"index","follow":"follow","max-snippet":"max-snippet:-1","max-image-preview":"max-image-preview:large","max-video-preview":"max-video-preview:-1"},"canonical":"http:\/\/skyline-gs.com\/it\/prodotto\/pesca-sul-lago\/","og_locale":"it_IT","og_type":"article","og_title":"\u0420\u044b\u0431\u0430\u043b\u043a\u0430 \u043d\u0430 \u043e\u0437\u0435\u0440\u0435 &#8226; \u042d\u043a\u0441\u043a\u0443\u0440\u0441\u0438\u0438 Skyline","og_description":"\u0412\u0440\u0435\u043c\u044f \u043f\u0440\u043e\u0432\u0435\u0434\u0435\u043d\u0438\u044f: 9:00 \u2013 21:00 \u0414\u043d\u0438 \u043f\u0440\u043e\u0432\u0435\u0434\u0435\u043d\u0438\u044f: \u0435\u0436\u0435\u0434\u043d\u0435\u0432\u043d\u043e","og_url":"http:\/\/skyline-gs.com\/it\/prodotto\/pesca-sul-lago\/","og_site_name":"\u042d\u043a\u0441\u043a\u0443\u0440\u0441\u0438\u0438 Skyline","article_modified_time":"2025-12-16T21:18:47+00:00","og_image":[{"width":668,"height":446,"url":"https:\/\/skyline-gs.com\/wp-content\/uploads\/2025\/12\/fishing-pt-e1765919920599.jpg","type":"image\/jpeg"}],"twitter_card":"summary_large_image","twitter_misc":{"Tempo di lettura stimato":"1 minuto"},"schema":{"@context":"https:\/\/schema.org","@graph":[{"@type":"WebPage","@id":"http:\/\/skyline-gs.com\/pl\/produkt\/fishing-on-the-lake\/","url":"http:\/\/skyline-gs.com\/pl\/produkt\/fishing-on-the-lake\/","name":"Pesca sul lago - Escursioni Skyline","isPartOf":{"@id":"https:\/\/skyline-gs.com\/it\/#website"},"primaryImageOfPage":{"@id":"http:\/\/skyline-gs.com\/pl\/produkt\/fishing-on-the-lake\/#primaryimage"},"image":{"@id":"http:\/\/skyline-gs.com\/pl\/produkt\/fishing-on-the-lake\/#primaryimage"},"thumbnailUrl":"https:\/\/skyline-gs.com\/wp-content\/uploads\/2025\/12\/fishing-pt-e1765919920599.jpg","datePublished":"2025-12-14T19:31:14+00:00","dateModified":"2025-12-16T21:18:47+00:00","breadcrumb":{"@id":"http:\/\/skyline-gs.com\/pl\/produkt\/fishing-on-the-lake\/#breadcrumb"},"inLanguage":"it-IT","potentialAction":[{"@type":"ReadAction","target":["http:\/\/skyline-gs.com\/pl\/produkt\/fishing-on-the-lake\/"]}]},{"@type":"ImageObject","inLanguage":"it-IT","@id":"http:\/\/skyline-gs.com\/pl\/produkt\/fishing-on-the-lake\/#primaryimage","url":"https:\/\/skyline-gs.com\/wp-content\/uploads\/2025\/12\/fishing-pt-e1765919920599.jpg","contentUrl":"https:\/\/skyline-gs.com\/wp-content\/uploads\/2025\/12\/fishing-pt-e1765919920599.jpg","width":668,"height":446},{"@type":"BreadcrumbList","@id":"http:\/\/skyline-gs.com\/pl\/produkt\/fishing-on-the-lake\/#breadcrumb","itemListElement":[{"@type":"ListItem","position":1,"name":"\u0413\u043b\u0430\u0432\u043d\u0430\u044f \u0441\u0442\u0440\u0430\u043d\u0438\u0446\u0430","item":"https:\/\/skyline-gs.com\/hu\/"},{"@type":"ListItem","position":2,"name":"\u041c\u0430\u0433\u0430\u0437\u0438\u043d","item":"https:\/\/skyline-gs.com\/cs\/shop\/"},{"@type":"ListItem","position":3,"name":"\u0420\u044b\u0431\u0430\u043b\u043a\u0430 \u043d\u0430 \u043e\u0437\u0435\u0440\u0435"}]},{"@type":"WebSite","@id":"https:\/\/skyline-gs.com\/it\/#website","url":"https:\/\/skyline-gs.com\/it\/","name":"Escursioni Skyline","description":"Escursioni esclusive nei migliori resort del mondo","publisher":{"@id":"https:\/\/skyline-gs.com\/it\/#organization"},"alternateName":"Skyline","potentialAction":[{"@type":"SearchAction","target":{"@type":"EntryPoint","urlTemplate":"https:\/\/skyline-gs.com\/it\/?s={search_term_string}"},"query-input":{"@type":"PropertyValueSpecification","valueRequired":true,"valueName":"search_term_string"}}],"inLanguage":"it-IT"},{"@type":"Organization","@id":"https:\/\/skyline-gs.com\/it\/#organization","name":"Escursioni Skyline","alternateName":"\u042d\u043a\u0441\u043a\u0443\u0440\u0441\u0438\u0438 Skyline","url":"https:\/\/skyline-gs.com\/it\/","logo":{"@type":"ImageObject","inLanguage":"it-IT","@id":"https:\/\/skyline-gs.com\/it\/#\/schema\/logo\/image\/","url":"https:\/\/skyline-gs.com\/wp-content\/uploads\/2020\/12\/cropped-logo-2.png","contentUrl":"https:\/\/skyline-gs.com\/wp-content\/uploads\/2020\/12\/cropped-logo-2.png","width":512,"height":512,"caption":"\u042d\u043a\u0441\u043a\u0443\u0440\u0441\u0438\u0438 Skyline"},"image":{"@id":"https:\/\/skyline-gs.com\/it\/#\/schema\/logo\/image\/"},"sameAs":["https:\/\/www.instagram.com\/skylineglobalservice\/"]}]}},"_links":{"self":[{"href":"https:\/\/skyline-gs.com\/it\/wp-json\/wp\/v2\/product\/73972","targetHints":{"allow":["GET"]}}],"collection":[{"href":"https:\/\/skyline-gs.com\/it\/wp-json\/wp\/v2\/product"}],"about":[{"href":"https:\/\/skyline-gs.com\/it\/wp-json\/wp\/v2\/types\/product"}],"version-history":[{"count":0,"href":"https:\/\/skyline-gs.com\/it\/wp-json\/wp\/v2\/product\/73972\/revisions"}],"wp:featuredmedia":[{"embeddable":true,"href":"https:\/\/skyline-gs.com\/it\/wp-json\/wp\/v2\/media\/73978"}],"wp:attachment":[{"href":"https:\/\/skyline-gs.com\/it\/wp-json\/wp\/v2\/media?parent=73972"}],"wp:term":[{"taxonomy":"product_brand","embeddable":true,"href":"https:\/\/skyline-gs.com\/it\/wp-json\/wp\/v2\/product_brand?post=73972"},{"taxonomy":"product_cat","embeddable":true,"href":"https:\/\/skyline-gs.com\/it\/wp-json\/wp\/v2\/product_cat?post=73972"},{"taxonomy":"product_tag","embeddable":true,"href":"https:\/\/skyline-gs.com\/it\/wp-json\/wp\/v2\/product_tag?post=73972"}],"curies":[{"name":"wp","href":"https:\/\/api.w.org\/{rel}","templated":true}]}}