{"id":73292,"date":"2025-12-08T02:49:20","date_gmt":"2025-12-08T00:49:20","guid":{"rendered":"http:\/\/skyline-gs.com\/?post_type=product&#038;p=73292"},"modified":"2025-12-09T00:55:39","modified_gmt":"2025-12-08T22:55:39","slug":"on-the-catamaran-yacht-serenity-around-koh-phangan-samui-angthong","status":"publish","type":"product","link":"https:\/\/skyline-gs.com\/it\/product\/on-the-catamaran-yacht-serenity-around-koh-phangan-samui-angthong\/","title":{"rendered":"In catamarano SERENITY Intorno a Koh Phangan \/ Koh Samui \/ Angthong"},"content":{"rendered":"<p>Il catamarano SERENITY \u00e8 un'imbarcazione moderna e spaziosa, progettata per i viaggi in mare pi\u00f9 confortevoli. Le sue impressionanti dimensioni di 21,3 \u00d7 10,3 m garantiscono una guida stabile e un ampio spazio personale per il relax: due grandi trampolini per prendere il sole, un ponte centrale con bar e zona pranzo, 4 accoglienti cabine con letti matrimoniali, bagni individuali e doccia.<br \/>\nIl catamarano \u00e8 adatto per grandi aziende, ma anche per gite in famiglia, eventi privati e crociere \u00abresort\u00bb rilassate. Il programma prevede passaggi agevoli tra baie pittoresche, nuoto, snorkeling, pesca, pranzo\/barbecue a bordo e relax all'ombra o al sole.<br \/>\nSERENITY \u00e8 disponibile in diverse configurazioni con capacit\u00e0 fino a 60, 65 e 70 ospiti, in base alle dimensioni del vostro gruppo.<\/p>\n<p><strong>Programma del tour<\/strong><\/p>\n<p><strong><em>Itinerario 1: Intorno a Koh Phangan (giornaliero)<\/em><\/strong><\/p>\n<p>08:00-08:45 - trasferimento dall'hotel, imbarco<br \/>\n09:00 - partenza dalla spiaggia di Bangrak, prima colazione a bordo<br \/>\n10:00 - parcheggio alla spiaggia di Haad Yuan, nuoto, pesca (su richiesta)<br \/>\n12:00 - Pranzo a bordo presso la spiaggia di Thong Nai Pan, riposo, attivit\u00e0 acquatiche (a pagamento)<br \/>\n14:00 - snorkeling al largo dell'isola di Koh Ma e del banco di sabbia<br \/>\n16:30 - ritorno al molo, trasferimento in hotel<\/p>\n<p><em><strong>Itinerario 2: Intorno all'isola di Samui (giornaliero)<\/strong><\/em><\/p>\n<p>08:00-08:45 - trasferimento, imbarco<br \/>\n09:00 - partenza da Bangrak, colazione<br \/>\n10:15 - bagno a Silver Beach.<br \/>\n11:30 - sosta fotografica a Hin Ta e Hin Yai<br \/>\n12:00 - pranzo, arrivo a Koh Tan, passeggiata, noce di cocco in omaggio<br \/>\n14:00 - introduzione alle Cinque Isole<br \/>\n16:00 - sosta al Four Seasons Cove.<br \/>\n16:30 - ritorno al molo<\/p>\n<p><em><strong>Itinerario 3: Parco marino di Angthong (giornaliero)<\/strong><\/em><\/p>\n<p>07:30-08:15 - trasferimento<br \/>\n08:30 - partenza da Bangrak, colazione<br \/>\n10:45 - snorkeling al largo di Koh Wao<br \/>\n12:00 - pranzo, ingresso al parco<br \/>\n12:30 - pausa fotografica a Koh Ling<br \/>\n13:00 - Talay Nai: salita alla piattaforma panoramica, laguna di smeraldo<br \/>\n14:30 - bagno a Koh Mae Ko<br \/>\n17:30 - ritorno al molo<\/p>\n<p><em><strong>Mezza giornata (visita privata)<\/strong><\/em><\/p>\n<p><strong>Opzioni di tempo:<\/strong><br \/>\n<em>09:00-13:00 \/ 13:00-17:00 (wt, td, wc) \/ 12:00-16:00 (lun, mer, ven, sab, sab)<\/em><\/p>\n<ul>\n<li>Andare a Haad Yao<\/li>\n<li>Spiaggia, attivit\u00e0 ricreative, pesca<\/li>\n<li>Snorkeling in un'area selezionata<\/li>\n<li>Ritorno al molo<\/li>\n<\/ul>\n<p><strong>Cena al tramonto (lun, mer, ven, sab)<\/strong><\/p>\n<p>15:30-16:30 - trasferimento<br \/>\n16:45 - uscita da Bangrak, vista sul Grande Buddha<br \/>\n17:30 - nuoto alla baia di Melati<br \/>\n18:15 - pesca al largo di Koh Som, cena, tramonto<br \/>\n19:45 - ritorno al molo<\/p>\n<p>&nbsp;<\/p>\n<p><strong>Incluso:<\/strong><\/p>\n<ul>\n<li>Equipaggio<\/li>\n<li>Carburante<\/li>\n<li>Impianti di perforazione<\/li>\n<li>Attrezzature per barbecue<\/li>\n<li>Attrezzatura per lo snorkeling<\/li>\n<li>Asciugamani<\/li>\n<li>Assicurazione<\/li>\n<\/ul>\n<p><strong>Il tour non include<\/strong><\/p>\n<ul>\n<li>Ingresso al parco marino - 300 \u0e3f \/ persona \u2192 \u2248 \u2248 $8<\/li>\n<li>Alcool<\/li>\n<li>Trasferimento<\/li>\n<li>Cibo e bevande (se non inclusi nel programma)<\/li>\n<\/ul>\n<p><strong>Portatelo con voi:<\/strong><\/p>\n<ul>\n<li>Costumi da bagno<\/li>\n<li>Protezione solare, occhiali da sole, copricapo<\/li>\n<li>Telo da spiaggia<\/li>\n<li>Gadget e caricabatterie (preferibilmente in una custodia impermeabile)<\/li>\n<li>Soldi per le spese personali<\/li>\n<\/ul>\n<p><strong>Informazioni aggiuntive:<\/strong><\/p>\n<ul>\n<li>Il tour \u00e8 sconsigliato alle donne in gravidanza, ai bambini di et\u00e0 inferiore a 1 anno, alle persone di et\u00e0 superiore ai 65 anni e agli ospiti affetti da patologie OADA.<\/li>\n<li>Il programma pu\u00f2 essere modificato dall'organizzatore per motivi meteorologici o di forza maggiore.<\/li>\n<li>In caso di condizioni meteorologiche sfavorevoli, rinvio o rimborso totale.<\/li>\n<li>In caso di cancellazione, l'importo del deposito sar\u00e0 trattenuto dal cliente.<\/li>\n<li>Gli ospiti sotto l'effetto di alcool\/droghe non possono essere ammessi.<\/li>\n<\/ul>\n<p><strong>Nota<\/strong><\/p>\n<ul>\n<li>Capacit\u00e0 delle navi della serie Serenity:<br \/>\n- SERENITY 71 - fino a 60 ospiti<br \/>\n- SERENITY 73 - fino a 65 ospiti<br \/>\n- SERENIT\u00c0 5 \/ 6 - fino a 70 ospiti<\/li>\n<li>L'organizzatore non \u00e8 responsabile dello smarrimento di oggetti personali, in particolare di quelli elettronici.<\/li>\n<li>Non saranno concessi rimborsi\/compensazioni a causa di cambiamenti nei piani di vacanza, evacuazioni mediche, riduzione del numero di ospiti o riduzione del viaggio per motivi meteorologici.<\/li>\n<\/ul>\n<p><strong>Politica di cancellazione<\/strong><\/p>\n<p><em><strong>Dal lato dell'operatore:<\/strong><\/em><\/p>\n<ul>\n<li>In caso di condizioni meteorologiche avverse o di problemi tecnici, sar\u00e0 prevista una nuova data o un rimborso completo.<\/li>\n<\/ul>\n<p><em><strong>Dal lato del cliente:<\/strong><\/em><\/p>\n<ul>\n<li>Un deposito di 50% viene trattenuto in caso di cancellazione.<\/li>\n<li>Cancellazione il giorno del tour - valore 100%<\/li>\n<\/ul>","protected":false},"excerpt":{"rendered":"<p><strong>Orario del Tour:<\/strong><br \/>\nGiornata intera - 7 ore<br \/>\nMezza giornata - 4 ore<br \/>\nTramonto - 2 ore<\/p>\n<p><strong>Giorni di Svolgimento:<\/strong> Ogni giorno.<\/p>","protected":false},"featured_media":73223,"template":"","meta":{"_kad_post_transparent":"default","_kad_post_title":"","_kad_post_layout":"default","_kad_post_sidebar_id":"","_kad_post_content_style":"default","_kad_post_vertical_padding":"default","_kad_post_feature":"","_kad_post_feature_position":"","_kad_post_header":false,"_kad_post_footer":false,"_kad_post_classname":"","_glsr_average":0,"_glsr_ranking":0,"_glsr_reviews":0},"product_brand":[],"product_cat":[517],"product_tag":[],"class_list":{"0":"post-73292","1":"product","2":"type-product","3":"status-publish","4":"has-post-thumbnail","6":"product_cat-arenda-yahty-na-samui","7":"tm-has-options","9":"first","10":"instock","11":"sold-individually","12":"taxable","13":"shipping-taxable","14":"purchasable","15":"product-type-simple","16":"entry","17":"content-bg","18":"loop-entry"},"yoast_head":"<!-- This site is optimized with the Yoast SEO plugin v27.3 - https:\/\/yoast.com\/product\/yoast-seo-wordpress\/ -->\n<title>\u041d\u0430 \u044f\u0445\u0442\u0435-\u043a\u0430\u0442\u0430\u043c\u0430\u0440\u0430\u043d\u0435 SERENITY \u0412\u043e\u043a\u0440\u0443\u0433 \u041a\u043e \u041f\u0445\u0430\u043d\u0433\u0430\u043d \/ \u0421\u0430\u043c\u0443\u0438 \/ \u0410\u043d\u0433\u0442\u043e\u043d\u0433 &#8226; \u042d\u043a\u0441\u043a\u0443\u0440\u0441\u0438\u0438 Skyline<\/title>\n<meta name=\"robots\" content=\"index, follow, max-snippet:-1, max-image-preview:large, max-video-preview:-1\" \/>\n<link rel=\"canonical\" href=\"https:\/\/skyline-gs.com\/it\/prodotto\/on-the-catamaran-yacht-serenity-around-koh-phangan-samui-angthong\/\" \/>\n<meta property=\"og:locale\" content=\"it_IT\" \/>\n<meta property=\"og:type\" content=\"article\" \/>\n<meta property=\"og:title\" content=\"\u041d\u0430 \u044f\u0445\u0442\u0435-\u043a\u0430\u0442\u0430\u043c\u0430\u0440\u0430\u043d\u0435 SERENITY \u0412\u043e\u043a\u0440\u0443\u0433 \u041a\u043e \u041f\u0445\u0430\u043d\u0433\u0430\u043d \/ \u0421\u0430\u043c\u0443\u0438 \/ \u0410\u043d\u0433\u0442\u043e\u043d\u0433 &#8226; \u042d\u043a\u0441\u043a\u0443\u0440\u0441\u0438\u0438 Skyline\" \/>\n<meta property=\"og:description\" content=\"\u0412\u0440\u0435\u043c\u044f \u0442\u0443\u0440\u0430: \u041f\u043e\u043b\u043d\u044b\u0439 \u0434\u0435\u043d\u044c \u2014 7 \u0447\u0430\u0441\u043e\u0432 \u041f\u043e\u043b\u0434\u043d\u044f \u2014 4 \u0447\u0430\u0441\u0430 \u0417\u0430\u043a\u0430\u0442 \u2014 2 \u0447\u0430\u0441\u0430  \u0414\u043d\u0438 \u043f\u0440\u043e\u0432\u0435\u0434\u0435\u043d\u0438\u044f: \u041a\u0430\u0436\u0434\u044b\u0439 \u0434\u0435\u043d\u044c\" \/>\n<meta property=\"og:url\" content=\"https:\/\/skyline-gs.com\/it\/prodotto\/on-the-catamaran-yacht-serenity-around-koh-phangan-samui-angthong\/\" \/>\n<meta property=\"og:site_name\" content=\"\u042d\u043a\u0441\u043a\u0443\u0440\u0441\u0438\u0438 Skyline\" \/>\n<meta property=\"article:modified_time\" content=\"2025-12-08T22:55:39+00:00\" \/>\n<meta property=\"og:image\" content=\"https:\/\/skyline-gs.com\/wp-content\/uploads\/2025\/10\/serenity_7-1.webp\" \/>\n\t<meta property=\"og:image:width\" content=\"1024\" \/>\n\t<meta property=\"og:image:height\" content=\"574\" \/>\n\t<meta property=\"og:image:type\" content=\"image\/webp\" \/>\n<meta name=\"twitter:card\" content=\"summary_large_image\" \/>\n<meta name=\"twitter:label1\" content=\"Tempo di lettura stimato\" \/>\n\t<meta name=\"twitter:data1\" content=\"4 minuti\" \/>\n<script type=\"application\/ld+json\" class=\"yoast-schema-graph\">{\"@context\":\"https:\\\/\\\/schema.org\",\"@graph\":[{\"@type\":\"WebPage\",\"@id\":\"https:\\\/\\\/skyline-gs.com\\\/product\\\/on-the-catamaran-yacht-serenity-around-koh-phangan-samui-angthong\\\/\",\"url\":\"https:\\\/\\\/skyline-gs.com\\\/product\\\/on-the-catamaran-yacht-serenity-around-koh-phangan-samui-angthong\\\/\",\"name\":\"\u041d\u0430 \u044f\u0445\u0442\u0435-\u043a\u0430\u0442\u0430\u043c\u0430\u0440\u0430\u043d\u0435 SERENITY \u0412\u043e\u043a\u0440\u0443\u0433 \u041a\u043e \u041f\u0445\u0430\u043d\u0433\u0430\u043d \\\/ \u0421\u0430\u043c\u0443\u0438 \\\/ \u0410\u043d\u0433\u0442\u043e\u043d\u0433 &#8226; \u042d\u043a\u0441\u043a\u0443\u0440\u0441\u0438\u0438 Skyline\",\"isPartOf\":{\"@id\":\"https:\\\/\\\/skyline-gs.com\\\/it\\\/#website\"},\"primaryImageOfPage\":{\"@id\":\"https:\\\/\\\/skyline-gs.com\\\/product\\\/on-the-catamaran-yacht-serenity-around-koh-phangan-samui-angthong\\\/#primaryimage\"},\"image\":{\"@id\":\"https:\\\/\\\/skyline-gs.com\\\/product\\\/on-the-catamaran-yacht-serenity-around-koh-phangan-samui-angthong\\\/#primaryimage\"},\"thumbnailUrl\":\"https:\\\/\\\/skyline-gs.com\\\/wp-content\\\/uploads\\\/2025\\\/10\\\/serenity_7-1.webp\",\"datePublished\":\"2025-12-08T00:49:20+00:00\",\"dateModified\":\"2025-12-08T22:55:39+00:00\",\"breadcrumb\":{\"@id\":\"https:\\\/\\\/skyline-gs.com\\\/product\\\/on-the-catamaran-yacht-serenity-around-koh-phangan-samui-angthong\\\/#breadcrumb\"},\"inLanguage\":\"it-IT\",\"potentialAction\":[{\"@type\":\"ReadAction\",\"target\":[\"https:\\\/\\\/skyline-gs.com\\\/product\\\/on-the-catamaran-yacht-serenity-around-koh-phangan-samui-angthong\\\/\"]}]},{\"@type\":\"ImageObject\",\"inLanguage\":\"it-IT\",\"@id\":\"https:\\\/\\\/skyline-gs.com\\\/product\\\/on-the-catamaran-yacht-serenity-around-koh-phangan-samui-angthong\\\/#primaryimage\",\"url\":\"https:\\\/\\\/skyline-gs.com\\\/wp-content\\\/uploads\\\/2025\\\/10\\\/serenity_7-1.webp\",\"contentUrl\":\"https:\\\/\\\/skyline-gs.com\\\/wp-content\\\/uploads\\\/2025\\\/10\\\/serenity_7-1.webp\",\"width\":1024,\"height\":574},{\"@type\":\"BreadcrumbList\",\"@id\":\"https:\\\/\\\/skyline-gs.com\\\/product\\\/on-the-catamaran-yacht-serenity-around-koh-phangan-samui-angthong\\\/#breadcrumb\",\"itemListElement\":[{\"@type\":\"ListItem\",\"position\":1,\"name\":\"\u0413\u043b\u0430\u0432\u043d\u0430\u044f \u0441\u0442\u0440\u0430\u043d\u0438\u0446\u0430\",\"item\":\"https:\\\/\\\/skyline-gs.com\\\/hu\\\/\"},{\"@type\":\"ListItem\",\"position\":2,\"name\":\"\u041c\u0430\u0433\u0430\u0437\u0438\u043d\",\"item\":\"https:\\\/\\\/skyline-gs.com\\\/cs\\\/shop\\\/\"},{\"@type\":\"ListItem\",\"position\":3,\"name\":\"\u041d\u0430 \u044f\u0445\u0442\u0435-\u043a\u0430\u0442\u0430\u043c\u0430\u0440\u0430\u043d\u0435 SERENITY \u0412\u043e\u043a\u0440\u0443\u0433 \u041a\u043e \u041f\u0445\u0430\u043d\u0433\u0430\u043d \\\/ \u0421\u0430\u043c\u0443\u0438 \\\/ \u0410\u043d\u0433\u0442\u043e\u043d\u0433\"}]},{\"@type\":\"WebSite\",\"@id\":\"https:\\\/\\\/skyline-gs.com\\\/it\\\/#website\",\"url\":\"https:\\\/\\\/skyline-gs.com\\\/it\\\/\",\"name\":\"\u042d\u043a\u0441\u043a\u0443\u0440\u0441\u0438\u0438 Skyline\",\"description\":\"\u042d\u043a\u0441\u043a\u043b\u044e\u0437\u0438\u0432\u043d\u044b\u0435 \u044d\u043a\u0441\u043a\u0443\u0440\u0441\u0438\u0438 \u043d\u0430 \u043b\u0443\u0447\u0448\u0438\u0445 \u043a\u0443\u0440\u043e\u0440\u0442\u0430\u0445 \u043c\u0438\u0440\u0430\",\"publisher\":{\"@id\":\"https:\\\/\\\/skyline-gs.com\\\/it\\\/#organization\"},\"alternateName\":\"Skyline\",\"potentialAction\":[{\"@type\":\"SearchAction\",\"target\":{\"@type\":\"EntryPoint\",\"urlTemplate\":\"https:\\\/\\\/skyline-gs.com\\\/it\\\/?s={search_term_string}\"},\"query-input\":{\"@type\":\"PropertyValueSpecification\",\"valueRequired\":true,\"valueName\":\"search_term_string\"}}],\"inLanguage\":\"it-IT\"},{\"@type\":\"Organization\",\"@id\":\"https:\\\/\\\/skyline-gs.com\\\/it\\\/#organization\",\"name\":\"\u042d\u043a\u0441\u043a\u0443\u0440\u0441\u0438\u0438 Skyline\",\"alternateName\":\"\u042d\u043a\u0441\u043a\u0443\u0440\u0441\u0438\u0438 Skyline\",\"url\":\"https:\\\/\\\/skyline-gs.com\\\/it\\\/\",\"logo\":{\"@type\":\"ImageObject\",\"inLanguage\":\"it-IT\",\"@id\":\"https:\\\/\\\/skyline-gs.com\\\/it\\\/#\\\/schema\\\/logo\\\/image\\\/\",\"url\":\"https:\\\/\\\/skyline-gs.com\\\/wp-content\\\/uploads\\\/2020\\\/12\\\/cropped-logo-2.png\",\"contentUrl\":\"https:\\\/\\\/skyline-gs.com\\\/wp-content\\\/uploads\\\/2020\\\/12\\\/cropped-logo-2.png\",\"width\":512,\"height\":512,\"caption\":\"\u042d\u043a\u0441\u043a\u0443\u0440\u0441\u0438\u0438 Skyline\"},\"image\":{\"@id\":\"https:\\\/\\\/skyline-gs.com\\\/it\\\/#\\\/schema\\\/logo\\\/image\\\/\"},\"sameAs\":[\"https:\\\/\\\/www.instagram.com\\\/skylineglobalservice\\\/\"]}]}<\/script>\n<!-- \/ Yoast SEO plugin. -->","yoast_head_json":{"title":"In catamarano SERENITY Intorno a Koh Phangan \/ Koh Samui \/ Angthong - Skyline Excursions","robots":{"index":"index","follow":"follow","max-snippet":"max-snippet:-1","max-image-preview":"max-image-preview:large","max-video-preview":"max-video-preview:-1"},"canonical":"https:\/\/skyline-gs.com\/it\/prodotto\/on-the-catamaran-yacht-serenity-around-koh-phangan-samui-angthong\/","og_locale":"it_IT","og_type":"article","og_title":"\u041d\u0430 \u044f\u0445\u0442\u0435-\u043a\u0430\u0442\u0430\u043c\u0430\u0440\u0430\u043d\u0435 SERENITY \u0412\u043e\u043a\u0440\u0443\u0433 \u041a\u043e \u041f\u0445\u0430\u043d\u0433\u0430\u043d \/ \u0421\u0430\u043c\u0443\u0438 \/ \u0410\u043d\u0433\u0442\u043e\u043d\u0433 &#8226; \u042d\u043a\u0441\u043a\u0443\u0440\u0441\u0438\u0438 Skyline","og_description":"\u0412\u0440\u0435\u043c\u044f \u0442\u0443\u0440\u0430: \u041f\u043e\u043b\u043d\u044b\u0439 \u0434\u0435\u043d\u044c \u2014 7 \u0447\u0430\u0441\u043e\u0432 \u041f\u043e\u043b\u0434\u043d\u044f \u2014 4 \u0447\u0430\u0441\u0430 \u0417\u0430\u043a\u0430\u0442 \u2014 2 \u0447\u0430\u0441\u0430  \u0414\u043d\u0438 \u043f\u0440\u043e\u0432\u0435\u0434\u0435\u043d\u0438\u044f: \u041a\u0430\u0436\u0434\u044b\u0439 \u0434\u0435\u043d\u044c","og_url":"https:\/\/skyline-gs.com\/it\/prodotto\/on-the-catamaran-yacht-serenity-around-koh-phangan-samui-angthong\/","og_site_name":"\u042d\u043a\u0441\u043a\u0443\u0440\u0441\u0438\u0438 Skyline","article_modified_time":"2025-12-08T22:55:39+00:00","og_image":[{"width":1024,"height":574,"url":"https:\/\/skyline-gs.com\/wp-content\/uploads\/2025\/10\/serenity_7-1.webp","type":"image\/webp"}],"twitter_card":"summary_large_image","twitter_misc":{"Tempo di lettura stimato":"4 minuti"},"schema":{"@context":"https:\/\/schema.org","@graph":[{"@type":"WebPage","@id":"https:\/\/skyline-gs.com\/product\/on-the-catamaran-yacht-serenity-around-koh-phangan-samui-angthong\/","url":"https:\/\/skyline-gs.com\/product\/on-the-catamaran-yacht-serenity-around-koh-phangan-samui-angthong\/","name":"In catamarano SERENITY Intorno a Koh Phangan \/ Koh Samui \/ Angthong - Skyline Excursions","isPartOf":{"@id":"https:\/\/skyline-gs.com\/it\/#website"},"primaryImageOfPage":{"@id":"https:\/\/skyline-gs.com\/product\/on-the-catamaran-yacht-serenity-around-koh-phangan-samui-angthong\/#primaryimage"},"image":{"@id":"https:\/\/skyline-gs.com\/product\/on-the-catamaran-yacht-serenity-around-koh-phangan-samui-angthong\/#primaryimage"},"thumbnailUrl":"https:\/\/skyline-gs.com\/wp-content\/uploads\/2025\/10\/serenity_7-1.webp","datePublished":"2025-12-08T00:49:20+00:00","dateModified":"2025-12-08T22:55:39+00:00","breadcrumb":{"@id":"https:\/\/skyline-gs.com\/product\/on-the-catamaran-yacht-serenity-around-koh-phangan-samui-angthong\/#breadcrumb"},"inLanguage":"it-IT","potentialAction":[{"@type":"ReadAction","target":["https:\/\/skyline-gs.com\/product\/on-the-catamaran-yacht-serenity-around-koh-phangan-samui-angthong\/"]}]},{"@type":"ImageObject","inLanguage":"it-IT","@id":"https:\/\/skyline-gs.com\/product\/on-the-catamaran-yacht-serenity-around-koh-phangan-samui-angthong\/#primaryimage","url":"https:\/\/skyline-gs.com\/wp-content\/uploads\/2025\/10\/serenity_7-1.webp","contentUrl":"https:\/\/skyline-gs.com\/wp-content\/uploads\/2025\/10\/serenity_7-1.webp","width":1024,"height":574},{"@type":"BreadcrumbList","@id":"https:\/\/skyline-gs.com\/product\/on-the-catamaran-yacht-serenity-around-koh-phangan-samui-angthong\/#breadcrumb","itemListElement":[{"@type":"ListItem","position":1,"name":"\u0413\u043b\u0430\u0432\u043d\u0430\u044f \u0441\u0442\u0440\u0430\u043d\u0438\u0446\u0430","item":"https:\/\/skyline-gs.com\/hu\/"},{"@type":"ListItem","position":2,"name":"\u041c\u0430\u0433\u0430\u0437\u0438\u043d","item":"https:\/\/skyline-gs.com\/cs\/shop\/"},{"@type":"ListItem","position":3,"name":"\u041d\u0430 \u044f\u0445\u0442\u0435-\u043a\u0430\u0442\u0430\u043c\u0430\u0440\u0430\u043d\u0435 SERENITY \u0412\u043e\u043a\u0440\u0443\u0433 \u041a\u043e \u041f\u0445\u0430\u043d\u0433\u0430\u043d \/ \u0421\u0430\u043c\u0443\u0438 \/ \u0410\u043d\u0433\u0442\u043e\u043d\u0433"}]},{"@type":"WebSite","@id":"https:\/\/skyline-gs.com\/it\/#website","url":"https:\/\/skyline-gs.com\/it\/","name":"Escursioni Skyline","description":"Escursioni esclusive nei migliori resort del mondo","publisher":{"@id":"https:\/\/skyline-gs.com\/it\/#organization"},"alternateName":"Skyline","potentialAction":[{"@type":"SearchAction","target":{"@type":"EntryPoint","urlTemplate":"https:\/\/skyline-gs.com\/it\/?s={search_term_string}"},"query-input":{"@type":"PropertyValueSpecification","valueRequired":true,"valueName":"search_term_string"}}],"inLanguage":"it-IT"},{"@type":"Organization","@id":"https:\/\/skyline-gs.com\/it\/#organization","name":"Escursioni Skyline","alternateName":"\u042d\u043a\u0441\u043a\u0443\u0440\u0441\u0438\u0438 Skyline","url":"https:\/\/skyline-gs.com\/it\/","logo":{"@type":"ImageObject","inLanguage":"it-IT","@id":"https:\/\/skyline-gs.com\/it\/#\/schema\/logo\/image\/","url":"https:\/\/skyline-gs.com\/wp-content\/uploads\/2020\/12\/cropped-logo-2.png","contentUrl":"https:\/\/skyline-gs.com\/wp-content\/uploads\/2020\/12\/cropped-logo-2.png","width":512,"height":512,"caption":"\u042d\u043a\u0441\u043a\u0443\u0440\u0441\u0438\u0438 Skyline"},"image":{"@id":"https:\/\/skyline-gs.com\/it\/#\/schema\/logo\/image\/"},"sameAs":["https:\/\/www.instagram.com\/skylineglobalservice\/"]}]}},"_links":{"self":[{"href":"https:\/\/skyline-gs.com\/it\/wp-json\/wp\/v2\/product\/73292","targetHints":{"allow":["GET"]}}],"collection":[{"href":"https:\/\/skyline-gs.com\/it\/wp-json\/wp\/v2\/product"}],"about":[{"href":"https:\/\/skyline-gs.com\/it\/wp-json\/wp\/v2\/types\/product"}],"version-history":[{"count":0,"href":"https:\/\/skyline-gs.com\/it\/wp-json\/wp\/v2\/product\/73292\/revisions"}],"wp:featuredmedia":[{"embeddable":true,"href":"https:\/\/skyline-gs.com\/it\/wp-json\/wp\/v2\/media\/73223"}],"wp:attachment":[{"href":"https:\/\/skyline-gs.com\/it\/wp-json\/wp\/v2\/media?parent=73292"}],"wp:term":[{"taxonomy":"product_brand","embeddable":true,"href":"https:\/\/skyline-gs.com\/it\/wp-json\/wp\/v2\/product_brand?post=73292"},{"taxonomy":"product_cat","embeddable":true,"href":"https:\/\/skyline-gs.com\/it\/wp-json\/wp\/v2\/product_cat?post=73292"},{"taxonomy":"product_tag","embeddable":true,"href":"https:\/\/skyline-gs.com\/it\/wp-json\/wp\/v2\/product_tag?post=73292"}],"curies":[{"name":"wp","href":"https:\/\/api.w.org\/{rel}","templated":true}]}}