{"id":70927,"date":"2025-11-09T13:44:20","date_gmt":"2025-11-09T11:44:20","guid":{"rendered":"http:\/\/skyline-gs.com\/?post_type=product&#038;p=70927"},"modified":"2026-01-26T13:39:09","modified_gmt":"2026-01-26T11:39:09","slug":"il-cairo-hurghada","status":"publish","type":"product","link":"https:\/\/skyline-gs.com\/it\/product\/cairo-hurghada\/","title":{"rendered":"Il Cairo (standard): Piramidi di Giza e Museo Egizio"},"content":{"rendered":"<p>1:00 di notte \u2014 Partenza dall\u2019hotel. Il viaggio dura circa 7 ore in una direzione. Lungo il percorso si pu\u00f2 ammirare la costa del Mar Rosso.\n8:30 \u2014 Arrivo al Cairo e visita di una delle citt\u00e0 pi\u00f9 popolose dell\u2019Africa.\nVisita al Museo Egizio, che ospita un\u2019enorme collezione di antichit\u00e0. Il museo, composto da oltre cento sale, custodisce reperti unici di circa cinquemila anni. Vedrai le statue dei faraoni pi\u00f9 famosi come Cheope, Chefren, Micerino, Hatshepsut, Akhenaton e altri, oltre a sarcofagi d\u2019oro, statue e tesori della tomba di Tutankhamon.\nGiro in barca sul Nilo (facoltativo, +10 USD).<\/p>\n<p>Pranzo in un ristorante a buffet (bevande escluse). Dopo pranzo vi recherete nel luogo in cui il tempo si \u00e8 fermato, nel simbolo dell'Egitto: le Grandi Piramidi e la Sfinge. Ci sono pi\u00f9 di 100 piramidi in Egitto, ma le pi\u00f9 famose sono le piramidi di Giza, considerate la prima meraviglia del mondo di tutti i tempi. Giza \u00e8 un sobborgo del Cairo ed \u00e8 famosa in tutto il mondo. Visiterete il Museo del Papiro, dove vi verr\u00e0 raccontato e mostrato come veniva prodotto il papiro nell'antichit\u00e0, o la fabbrica di profumi e oli. Viaggio di ritorno e rientro in hotel intorno alle 22:00.<\/p>\n<p><strong>Incluso:<\/strong><\/p>\n<ul>\n<li>Trasferimenti da e per l'hotel<\/li>\n<li>Trasferimento in un moderno pullman turistico con aria condizionata<\/li>\n<li>Guida egittologa di lingua russa al Cairo<\/li>\n<li>Biglietti d'ingresso a tutte le attrazioni menzionate<\/li>\n<li>Pranzo in un ristorante del Cairo<\/li>\n<\/ul>\n<p><strong>Non incluso:<\/strong><\/p>\n<ul>\n<li>Trasferimenti da Sahl Hasheesh, Makadi Bay, El Gouna +$10 andata e ritorno (per gruppi di massimo 6 persone).<\/li>\n<li>Trasferimento dagli hotel di campagna a Soma Bay, Safaga +$20 andata e ritorno (per gruppi fino a 6 persone)<\/li>\n<li>Crociera sul Nilo (facoltativa, supplemento +10 USD)<\/li>\n<li>Bevande<\/li>\n<\/ul>\n<p><strong>Portatelo con voi:<\/strong><\/p>\n<ul>\n<li>Passaporto<\/li>\n<li>Copricapo<\/li>\n<li>Denaro per spese personali e souvenir<\/li>\n<li>Prodotti per la cura della persona<\/li>\n<li>Acqua potabile<\/li>\n<li>Spuntino mattutino (spiegate alla reception dell'hotel che state partendo la mattina presto per un'escursione e che avete bisogno di preparare un cestino per il pranzo, gli hotel forniranno questo servizio gratuitamente).<\/li>\n<li>Scarpe comode<\/li>\n<li>Vestiti caldi per il viaggio (in inverno)<\/li>\n<\/ul>","protected":false},"excerpt":{"rendered":"<p><strong>Orario del Tour:<\/strong> 1:00 \u2014 22:00<\/p>\n<p><strong>Giorni di Svolgimento:<\/strong> Ogni giorno.<\/p>","protected":false},"featured_media":70928,"template":"","meta":{"_kad_post_transparent":"default","_kad_post_title":"","_kad_post_layout":"default","_kad_post_sidebar_id":"","_kad_post_content_style":"default","_kad_post_vertical_padding":"default","_kad_post_feature":"","_kad_post_feature_position":"","_kad_post_header":false,"_kad_post_footer":false,"_kad_post_classname":"","_glsr_average":0,"_glsr_ranking":0,"_glsr_reviews":0},"product_brand":[],"product_cat":[479],"product_tag":[],"class_list":{"0":"post-70927","1":"product","2":"type-product","3":"status-publish","4":"has-post-thumbnail","6":"product_cat-hurghadatours","7":"tm-has-options","9":"first","10":"instock","11":"sold-individually","12":"taxable","13":"shipping-taxable","14":"purchasable","15":"product-type-simple","16":"entry","17":"content-bg","18":"loop-entry"},"yoast_head":"<!-- This site is optimized with the Yoast SEO plugin v27.4 - https:\/\/yoast.com\/product\/yoast-seo-wordpress\/ -->\n<title>\u041a\u0430\u0438\u0440 (\u0441\u0442\u0430\u043d\u0434\u0430\u0440\u0442): \u041f\u0438\u0440\u0430\u043c\u0438\u0434\u044b \u0413\u0438\u0437\u044b \u0438 \u0421\u0442\u0430\u0440\u044b\u0439 \u0415\u0433\u0438\u043f\u0435\u0442\u0441\u043a\u0438\u0439 \u043c\u0443\u0437\u0435\u0439 &#8226; \u042d\u043a\u0441\u043a\u0443\u0440\u0441\u0438\u0438 Skyline<\/title>\n<meta name=\"robots\" content=\"index, follow, max-snippet:-1, max-image-preview:large, max-video-preview:-1\" \/>\n<link rel=\"canonical\" href=\"https:\/\/skyline-gs.com\/it\/prodotto\/il-cairo-hurghada\/\" \/>\n<meta property=\"og:locale\" content=\"it_IT\" \/>\n<meta property=\"og:type\" content=\"article\" \/>\n<meta property=\"og:title\" content=\"\u041a\u0430\u0438\u0440 (\u0441\u0442\u0430\u043d\u0434\u0430\u0440\u0442): \u041f\u0438\u0440\u0430\u043c\u0438\u0434\u044b \u0413\u0438\u0437\u044b \u0438 \u0421\u0442\u0430\u0440\u044b\u0439 \u0415\u0433\u0438\u043f\u0435\u0442\u0441\u043a\u0438\u0439 \u043c\u0443\u0437\u0435\u0439 &#8226; \u042d\u043a\u0441\u043a\u0443\u0440\u0441\u0438\u0438 Skyline\" \/>\n<meta property=\"og:description\" content=\"\u0412\u0440\u0435\u043c\u044f \u0442\u0443\u0440\u0430: 1:00 - 22:00  \u0414\u043d\u0438 \u043f\u0440\u043e\u0432\u0435\u0434\u0435\u043d\u0438\u044f: \u041a\u0430\u0436\u0434\u044b\u0439 \u0434\u0435\u043d\u044c\" \/>\n<meta property=\"og:url\" content=\"https:\/\/skyline-gs.com\/it\/prodotto\/il-cairo-hurghada\/\" \/>\n<meta property=\"og:site_name\" content=\"\u042d\u043a\u0441\u043a\u0443\u0440\u0441\u0438\u0438 Skyline\" \/>\n<meta property=\"article:modified_time\" content=\"2026-01-26T11:39:09+00:00\" \/>\n<meta property=\"og:image\" content=\"https:\/\/skyline-gs.com\/wp-content\/uploads\/2024\/08\/LoGo777.png\" \/>\n\t<meta property=\"og:image:width\" content=\"1080\" \/>\n\t<meta property=\"og:image:height\" content=\"1080\" \/>\n\t<meta property=\"og:image:type\" content=\"image\/png\" \/>\n<meta name=\"twitter:card\" content=\"summary_large_image\" \/>\n<meta name=\"twitter:label1\" content=\"Tempo di lettura stimato\" \/>\n\t<meta name=\"twitter:data1\" content=\"2 minuti\" \/>\n<script type=\"application\/ld+json\" class=\"yoast-schema-graph\">{\"@context\":\"https:\\\/\\\/schema.org\",\"@graph\":[{\"@type\":\"WebPage\",\"@id\":\"https:\\\/\\\/skyline-gs.com\\\/product\\\/cairo-hurghada\\\/\",\"url\":\"https:\\\/\\\/skyline-gs.com\\\/product\\\/cairo-hurghada\\\/\",\"name\":\"\u041a\u0430\u0438\u0440 (\u0441\u0442\u0430\u043d\u0434\u0430\u0440\u0442): \u041f\u0438\u0440\u0430\u043c\u0438\u0434\u044b \u0413\u0438\u0437\u044b \u0438 \u0421\u0442\u0430\u0440\u044b\u0439 \u0415\u0433\u0438\u043f\u0435\u0442\u0441\u043a\u0438\u0439 \u043c\u0443\u0437\u0435\u0439 &#8226; \u042d\u043a\u0441\u043a\u0443\u0440\u0441\u0438\u0438 Skyline\",\"isPartOf\":{\"@id\":\"https:\\\/\\\/skyline-gs.com\\\/it\\\/#website\"},\"primaryImageOfPage\":{\"@id\":\"https:\\\/\\\/skyline-gs.com\\\/product\\\/cairo-hurghada\\\/#primaryimage\"},\"image\":{\"@id\":\"https:\\\/\\\/skyline-gs.com\\\/product\\\/cairo-hurghada\\\/#primaryimage\"},\"thumbnailUrl\":\"https:\\\/\\\/skyline-gs.com\\\/wp-content\\\/uploads\\\/2025\\\/11\\\/145-37.jpg.avif\",\"datePublished\":\"2025-11-09T11:44:20+00:00\",\"dateModified\":\"2026-01-26T11:39:09+00:00\",\"breadcrumb\":{\"@id\":\"https:\\\/\\\/skyline-gs.com\\\/product\\\/cairo-hurghada\\\/#breadcrumb\"},\"inLanguage\":\"it-IT\",\"potentialAction\":[{\"@type\":\"ReadAction\",\"target\":[\"https:\\\/\\\/skyline-gs.com\\\/product\\\/cairo-hurghada\\\/\"]}]},{\"@type\":\"ImageObject\",\"inLanguage\":\"it-IT\",\"@id\":\"https:\\\/\\\/skyline-gs.com\\\/product\\\/cairo-hurghada\\\/#primaryimage\",\"url\":\"https:\\\/\\\/skyline-gs.com\\\/wp-content\\\/uploads\\\/2025\\\/11\\\/145-37.jpg.avif\",\"contentUrl\":\"https:\\\/\\\/skyline-gs.com\\\/wp-content\\\/uploads\\\/2025\\\/11\\\/145-37.jpg.avif\",\"width\":960,\"height\":640},{\"@type\":\"BreadcrumbList\",\"@id\":\"https:\\\/\\\/skyline-gs.com\\\/product\\\/cairo-hurghada\\\/#breadcrumb\",\"itemListElement\":[{\"@type\":\"ListItem\",\"position\":1,\"name\":\"\u0413\u043b\u0430\u0432\u043d\u0430\u044f \u0441\u0442\u0440\u0430\u043d\u0438\u0446\u0430\",\"item\":\"https:\\\/\\\/skyline-gs.com\\\/hu\\\/\"},{\"@type\":\"ListItem\",\"position\":2,\"name\":\"\u041c\u0430\u0433\u0430\u0437\u0438\u043d\",\"item\":\"https:\\\/\\\/skyline-gs.com\\\/cs\\\/shop\\\/\"},{\"@type\":\"ListItem\",\"position\":3,\"name\":\"\u041a\u0430\u0438\u0440 (\u0441\u0442\u0430\u043d\u0434\u0430\u0440\u0442): \u041f\u0438\u0440\u0430\u043c\u0438\u0434\u044b \u0413\u0438\u0437\u044b \u0438 \u0421\u0442\u0430\u0440\u044b\u0439 \u0415\u0433\u0438\u043f\u0435\u0442\u0441\u043a\u0438\u0439 \u043c\u0443\u0437\u0435\u0439\"}]},{\"@type\":\"WebSite\",\"@id\":\"https:\\\/\\\/skyline-gs.com\\\/it\\\/#website\",\"url\":\"https:\\\/\\\/skyline-gs.com\\\/it\\\/\",\"name\":\"\u042d\u043a\u0441\u043a\u0443\u0440\u0441\u0438\u0438 Skyline\",\"description\":\"\u042d\u043a\u0441\u043a\u043b\u044e\u0437\u0438\u0432\u043d\u044b\u0435 \u044d\u043a\u0441\u043a\u0443\u0440\u0441\u0438\u0438 \u043d\u0430 \u043b\u0443\u0447\u0448\u0438\u0445 \u043a\u0443\u0440\u043e\u0440\u0442\u0430\u0445 \u043c\u0438\u0440\u0430\",\"publisher\":{\"@id\":\"https:\\\/\\\/skyline-gs.com\\\/it\\\/#organization\"},\"alternateName\":\"Skyline\",\"potentialAction\":[{\"@type\":\"SearchAction\",\"target\":{\"@type\":\"EntryPoint\",\"urlTemplate\":\"https:\\\/\\\/skyline-gs.com\\\/it\\\/?s={search_term_string}\"},\"query-input\":{\"@type\":\"PropertyValueSpecification\",\"valueRequired\":true,\"valueName\":\"search_term_string\"}}],\"inLanguage\":\"it-IT\"},{\"@type\":\"Organization\",\"@id\":\"https:\\\/\\\/skyline-gs.com\\\/it\\\/#organization\",\"name\":\"\u042d\u043a\u0441\u043a\u0443\u0440\u0441\u0438\u0438 Skyline\",\"alternateName\":\"\u042d\u043a\u0441\u043a\u0443\u0440\u0441\u0438\u0438 Skyline\",\"url\":\"https:\\\/\\\/skyline-gs.com\\\/it\\\/\",\"logo\":{\"@type\":\"ImageObject\",\"inLanguage\":\"it-IT\",\"@id\":\"https:\\\/\\\/skyline-gs.com\\\/it\\\/#\\\/schema\\\/logo\\\/image\\\/\",\"url\":\"https:\\\/\\\/skyline-gs.com\\\/wp-content\\\/uploads\\\/2020\\\/12\\\/cropped-logo-2.png\",\"contentUrl\":\"https:\\\/\\\/skyline-gs.com\\\/wp-content\\\/uploads\\\/2020\\\/12\\\/cropped-logo-2.png\",\"width\":512,\"height\":512,\"caption\":\"\u042d\u043a\u0441\u043a\u0443\u0440\u0441\u0438\u0438 Skyline\"},\"image\":{\"@id\":\"https:\\\/\\\/skyline-gs.com\\\/it\\\/#\\\/schema\\\/logo\\\/image\\\/\"},\"sameAs\":[\"https:\\\/\\\/www.instagram.com\\\/skylineglobalservice\\\/\"]}]}<\/script>\n<!-- \/ Yoast SEO plugin. -->","yoast_head_json":{"title":"Il Cairo (standard): Piramidi di Giza e Antico Museo Egizio \u2022 Gite Skyline","robots":{"index":"index","follow":"follow","max-snippet":"max-snippet:-1","max-image-preview":"max-image-preview:large","max-video-preview":"max-video-preview:-1"},"canonical":"https:\/\/skyline-gs.com\/it\/prodotto\/il-cairo-hurghada\/","og_locale":"it_IT","og_type":"article","og_title":"\u041a\u0430\u0438\u0440 (\u0441\u0442\u0430\u043d\u0434\u0430\u0440\u0442): \u041f\u0438\u0440\u0430\u043c\u0438\u0434\u044b \u0413\u0438\u0437\u044b \u0438 \u0421\u0442\u0430\u0440\u044b\u0439 \u0415\u0433\u0438\u043f\u0435\u0442\u0441\u043a\u0438\u0439 \u043c\u0443\u0437\u0435\u0439 &#8226; \u042d\u043a\u0441\u043a\u0443\u0440\u0441\u0438\u0438 Skyline","og_description":"\u0412\u0440\u0435\u043c\u044f \u0442\u0443\u0440\u0430: 1:00 - 22:00  \u0414\u043d\u0438 \u043f\u0440\u043e\u0432\u0435\u0434\u0435\u043d\u0438\u044f: \u041a\u0430\u0436\u0434\u044b\u0439 \u0434\u0435\u043d\u044c","og_url":"https:\/\/skyline-gs.com\/it\/prodotto\/il-cairo-hurghada\/","og_site_name":"\u042d\u043a\u0441\u043a\u0443\u0440\u0441\u0438\u0438 Skyline","article_modified_time":"2026-01-26T11:39:09+00:00","og_image":[{"width":1080,"height":1080,"url":"https:\/\/skyline-gs.com\/wp-content\/uploads\/2024\/08\/LoGo777.png","type":"image\/png"}],"twitter_card":"summary_large_image","twitter_misc":{"Tempo di lettura stimato":"2 minuti"},"schema":{"@context":"https:\/\/schema.org","@graph":[{"@type":"WebPage","@id":"https:\/\/skyline-gs.com\/product\/cairo-hurghada\/","url":"https:\/\/skyline-gs.com\/product\/cairo-hurghada\/","name":"Il Cairo (standard): Piramidi di Giza e Antico Museo Egizio \u2022 Gite Skyline","isPartOf":{"@id":"https:\/\/skyline-gs.com\/it\/#website"},"primaryImageOfPage":{"@id":"https:\/\/skyline-gs.com\/product\/cairo-hurghada\/#primaryimage"},"image":{"@id":"https:\/\/skyline-gs.com\/product\/cairo-hurghada\/#primaryimage"},"thumbnailUrl":"https:\/\/skyline-gs.com\/wp-content\/uploads\/2025\/11\/145-37.jpg.avif","datePublished":"2025-11-09T11:44:20+00:00","dateModified":"2026-01-26T11:39:09+00:00","breadcrumb":{"@id":"https:\/\/skyline-gs.com\/product\/cairo-hurghada\/#breadcrumb"},"inLanguage":"it-IT","potentialAction":[{"@type":"ReadAction","target":["https:\/\/skyline-gs.com\/product\/cairo-hurghada\/"]}]},{"@type":"ImageObject","inLanguage":"it-IT","@id":"https:\/\/skyline-gs.com\/product\/cairo-hurghada\/#primaryimage","url":"https:\/\/skyline-gs.com\/wp-content\/uploads\/2025\/11\/145-37.jpg.avif","contentUrl":"https:\/\/skyline-gs.com\/wp-content\/uploads\/2025\/11\/145-37.jpg.avif","width":960,"height":640},{"@type":"BreadcrumbList","@id":"https:\/\/skyline-gs.com\/product\/cairo-hurghada\/#breadcrumb","itemListElement":[{"@type":"ListItem","position":1,"name":"\u0413\u043b\u0430\u0432\u043d\u0430\u044f \u0441\u0442\u0440\u0430\u043d\u0438\u0446\u0430","item":"https:\/\/skyline-gs.com\/hu\/"},{"@type":"ListItem","position":2,"name":"\u041c\u0430\u0433\u0430\u0437\u0438\u043d","item":"https:\/\/skyline-gs.com\/cs\/shop\/"},{"@type":"ListItem","position":3,"name":"\u041a\u0430\u0438\u0440 (\u0441\u0442\u0430\u043d\u0434\u0430\u0440\u0442): \u041f\u0438\u0440\u0430\u043c\u0438\u0434\u044b \u0413\u0438\u0437\u044b \u0438 \u0421\u0442\u0430\u0440\u044b\u0439 \u0415\u0433\u0438\u043f\u0435\u0442\u0441\u043a\u0438\u0439 \u043c\u0443\u0437\u0435\u0439"}]},{"@type":"WebSite","@id":"https:\/\/skyline-gs.com\/it\/#website","url":"https:\/\/skyline-gs.com\/it\/","name":"Escursioni Skyline","description":"Escursioni esclusive nei migliori resort del mondo","publisher":{"@id":"https:\/\/skyline-gs.com\/it\/#organization"},"alternateName":"Skyline","potentialAction":[{"@type":"SearchAction","target":{"@type":"EntryPoint","urlTemplate":"https:\/\/skyline-gs.com\/it\/?s={search_term_string}"},"query-input":{"@type":"PropertyValueSpecification","valueRequired":true,"valueName":"search_term_string"}}],"inLanguage":"it-IT"},{"@type":"Organization","@id":"https:\/\/skyline-gs.com\/it\/#organization","name":"Escursioni Skyline","alternateName":"\u042d\u043a\u0441\u043a\u0443\u0440\u0441\u0438\u0438 Skyline","url":"https:\/\/skyline-gs.com\/it\/","logo":{"@type":"ImageObject","inLanguage":"it-IT","@id":"https:\/\/skyline-gs.com\/it\/#\/schema\/logo\/image\/","url":"https:\/\/skyline-gs.com\/wp-content\/uploads\/2020\/12\/cropped-logo-2.png","contentUrl":"https:\/\/skyline-gs.com\/wp-content\/uploads\/2020\/12\/cropped-logo-2.png","width":512,"height":512,"caption":"\u042d\u043a\u0441\u043a\u0443\u0440\u0441\u0438\u0438 Skyline"},"image":{"@id":"https:\/\/skyline-gs.com\/it\/#\/schema\/logo\/image\/"},"sameAs":["https:\/\/www.instagram.com\/skylineglobalservice\/"]}]}},"_links":{"self":[{"href":"https:\/\/skyline-gs.com\/it\/wp-json\/wp\/v2\/product\/70927","targetHints":{"allow":["GET"]}}],"collection":[{"href":"https:\/\/skyline-gs.com\/it\/wp-json\/wp\/v2\/product"}],"about":[{"href":"https:\/\/skyline-gs.com\/it\/wp-json\/wp\/v2\/types\/product"}],"version-history":[{"count":0,"href":"https:\/\/skyline-gs.com\/it\/wp-json\/wp\/v2\/product\/70927\/revisions"}],"wp:featuredmedia":[{"embeddable":true,"href":"https:\/\/skyline-gs.com\/it\/wp-json\/wp\/v2\/media\/70928"}],"wp:attachment":[{"href":"https:\/\/skyline-gs.com\/it\/wp-json\/wp\/v2\/media?parent=70927"}],"wp:term":[{"taxonomy":"product_brand","embeddable":true,"href":"https:\/\/skyline-gs.com\/it\/wp-json\/wp\/v2\/product_brand?post=70927"},{"taxonomy":"product_cat","embeddable":true,"href":"https:\/\/skyline-gs.com\/it\/wp-json\/wp\/v2\/product_cat?post=70927"},{"taxonomy":"product_tag","embeddable":true,"href":"https:\/\/skyline-gs.com\/it\/wp-json\/wp\/v2\/product_tag?post=70927"}],"curies":[{"name":"wp","href":"https:\/\/api.w.org\/{rel}","templated":true}]}}