{"id":66434,"date":"2025-09-26T16:18:32","date_gmt":"2025-09-26T14:18:32","guid":{"rendered":"http:\/\/skyline-gs.com\/?post_type=product&#038;p=66434"},"modified":"2025-09-26T16:28:44","modified_gmt":"2025-09-26T14:28:44","slug":"pattaya-sightseeing-tour-instagram-tour","status":"publish","type":"product","link":"https:\/\/skyline-gs.com\/it\/product\/pattaya-sightseeing-tour-instagram-tour\/","title":{"rendered":"Tour turistico di Pattaya \"Instagram Tour"},"content":{"rendered":"<p>Angoli vivaci, luoghi esotici e fotogenici: tutto ci\u00f2 che serve per riempire il vostro feed di scatti colorati. Dai giardini nascosti alla squisita architettura, abbiamo raccolto gli angoli pi\u00f9 interessanti di Pattaya per far risaltare ogni scatto.<\/p>\n<p data-start=\"474\" data-end=\"809\"><strong data-start=\"474\" data-end=\"488\">Programma: <\/strong><\/p>\n<p data-start=\"1170\" data-end=\"1263\">Inizieremo con il check-out dall'hotel e il trasferimento al primo luogo - il Black Forest Cafe Park con lago, cascate e pesci Koi, dove potrete scattare bellissime foto tra il verde e l'acqua. Poi andremo al tempio pi\u00f9 grande di Pattaya - il Tempio d'Oro, dove \u00e8 previsto il rituale \"Attira la fortuna\" (facoltativo).<br \/>\nSegue un complesso di ville in stile balinese, che sembra essere stato trasportato dall'Indonesia: facciate lussuose, esotismo, atmosfera vacanziera. Poi il Tempio della Tartaruga, un luogo interessante per le foto. Poi una sosta al lago di loto, un luogo ideale per scatti puliti e ariosi.<br \/>\nIl punto successivo \u00e8 l'art caf\u00e8 \"Station 331\", situato in un aereo ricostruito: all'interno c'\u00e8 una collezione di attrezzature militari, un luogo dove ci si pu\u00f2 sedere nella cabina di pilotaggio del Boeing e fare scatti creativi.<br \/>\nIl programma \u00e8 completato da uno zoo di contatto: alpaca, capibara, giraffe, antilopi e altri animali. Su richiesta \u00e8 possibile cavalcare elefanti o cavalli (a pagamento). Il pranzo \u00e8 previsto in un caff\u00e8 vicino al Big Cat.<\/p>\n<p data-start=\"1233\" data-end=\"1656\"><strong style=\"font-family: var(--global-body-font-family);\">Incluso:<\/strong><\/p>\n<ul>\n<li>Trasferimento da e per l'hotel<\/li>\n<li>Tutti i biglietti d'ingresso secondo il programma<\/li>\n<li>Pranzo e bevanda<\/li>\n<li>Guida di lingua russa<\/li>\n<li>Assicurazione<\/li>\n<li>Cibo per tartarughe<\/li>\n<\/ul>\n<p><strong>Extra (non inclusi):<\/strong><\/p>\n<ul>\n<li>Mangimi per animali<\/li>\n<li>Offerte del tempio (circa 100 \u0e3f)<\/li>\n<li>Passeggiate a cavallo o a dorso di elefante<\/li>\n<li>Souvenir<\/li>\n<\/ul>\n<p><strong>Portatelo con voi:<\/strong><\/p>\n<ul>\n<li>Copia del passaporto<\/li>\n<li>Foto\/videocamera<\/li>\n<li>Scarpe comode<\/li>\n<li>Copricapo, occhiali da sole<\/li>\n<li>Abbigliamento leggero<\/li>\n<li>Cassaforte<\/li>\n<\/ul>\n<p data-start=\"2105\" data-end=\"2137\"><strong>Informazioni aggiuntive:<\/strong><\/p>\n<ul>\n<li data-start=\"2105\" data-end=\"2137\">Il biglietto per bambini \u00e8 valido per altezze comprese tra 90 e 120 cm; i bambini sotto i 90 cm sono gratuiti, ma non \u00e8 garantito un posto a parte nel veicolo.<\/li>\n<li data-start=\"2105\" data-end=\"2137\">Le persone sotto l'effetto di alcol o droghe non possono partecipare.<\/li>\n<li data-start=\"2105\" data-end=\"2137\">Il tour \u00e8 creato per piccoli gruppi (3-7 persone) per mantenere un'atmosfera di comfort e individualit\u00e0.<\/li>\n<li data-start=\"2105\" data-end=\"2137\">Gli orari di inizio e l'ordine del percorso possono essere modificati in base alle condizioni del traffico e alle localit\u00e0 affollate.<\/li>\n<\/ul>","protected":false},"excerpt":{"rendered":"<p><strong>Orario del Tour:<\/strong> Dalle 10:00 alle 22:00<br \/>\n<strong>Giorni di Svolgimento:<\/strong> Quotidianamente<\/p>","protected":false},"featured_media":66438,"template":"","meta":{"_kad_post_transparent":"default","_kad_post_title":"","_kad_post_layout":"default","_kad_post_sidebar_id":"","_kad_post_content_style":"default","_kad_post_vertical_padding":"default","_kad_post_feature":"","_kad_post_feature_position":"","_kad_post_header":false,"_kad_post_footer":false,"_kad_post_classname":"","_glsr_average":0,"_glsr_ranking":0,"_glsr_reviews":0},"product_brand":[],"product_cat":[507],"product_tag":[],"class_list":{"0":"post-66434","1":"product","2":"type-product","3":"status-publish","4":"has-post-thumbnail","6":"product_cat-pattaya","7":"tm-has-options","9":"first","10":"instock","11":"sold-individually","12":"taxable","13":"shipping-taxable","14":"purchasable","15":"product-type-simple","16":"entry","17":"content-bg","18":"loop-entry"},"yoast_head":"<!-- This site is optimized with the Yoast SEO plugin v27.3 - https:\/\/yoast.com\/product\/yoast-seo-wordpress\/ -->\n<title>\u041e\u0431\u0437\u043e\u0440\u043d\u0430\u044f \u044d\u043a\u0441\u043a\u0443\u0440\u0441\u0438\u044f \u043f\u043e \u041f\u0430\u0442\u0442\u0430\u0439\u0435 \u00ab\u0418\u043d\u0441\u0442\u0430\u0433\u0440\u0430\u043c \u0422\u0443\u0440\u00bb &#8226; \u042d\u043a\u0441\u043a\u0443\u0440\u0441\u0438\u0438 Skyline<\/title>\n<meta name=\"robots\" content=\"index, follow, max-snippet:-1, max-image-preview:large, max-video-preview:-1\" \/>\n<link rel=\"canonical\" href=\"https:\/\/skyline-gs.com\/it\/prodotto\/pattaya-sightseeing-tour-instagram-tour\/\" \/>\n<meta property=\"og:locale\" content=\"it_IT\" \/>\n<meta property=\"og:type\" content=\"article\" \/>\n<meta property=\"og:title\" content=\"\u041e\u0431\u0437\u043e\u0440\u043d\u0430\u044f \u044d\u043a\u0441\u043a\u0443\u0440\u0441\u0438\u044f \u043f\u043e \u041f\u0430\u0442\u0442\u0430\u0439\u0435 \u00ab\u0418\u043d\u0441\u0442\u0430\u0433\u0440\u0430\u043c \u0422\u0443\u0440\u00bb &#8226; \u042d\u043a\u0441\u043a\u0443\u0440\u0441\u0438\u0438 Skyline\" \/>\n<meta property=\"og:description\" content=\"\u0412\u0440\u0435\u043c\u044f \u0442\u0443\u0440\u0430: \u0441 10:00 \u0434\u043e 22:00 \u0414\u043d\u0438 \u043f\u0440\u043e\u0432\u0435\u0434\u0435\u043d\u0438\u044f: \u0435\u0436\u0435\u0434\u043d\u0435\u0432\u043d\u043e\" \/>\n<meta property=\"og:url\" content=\"https:\/\/skyline-gs.com\/it\/prodotto\/pattaya-sightseeing-tour-instagram-tour\/\" \/>\n<meta property=\"og:site_name\" content=\"\u042d\u043a\u0441\u043a\u0443\u0440\u0441\u0438\u0438 Skyline\" \/>\n<meta property=\"article:modified_time\" content=\"2025-09-26T14:28:44+00:00\" \/>\n<meta property=\"og:image\" content=\"https:\/\/skyline-gs.com\/wp-content\/uploads\/2025\/09\/insta_ptt_21-e1765912680738.webp\" \/>\n\t<meta property=\"og:image:width\" content=\"699\" \/>\n\t<meta property=\"og:image:height\" content=\"466\" \/>\n\t<meta property=\"og:image:type\" content=\"image\/webp\" \/>\n<meta name=\"twitter:card\" content=\"summary_large_image\" \/>\n<meta name=\"twitter:label1\" content=\"Tempo di lettura stimato\" \/>\n\t<meta name=\"twitter:data1\" content=\"2 minuti\" \/>\n<script type=\"application\/ld+json\" class=\"yoast-schema-graph\">{\"@context\":\"https:\\\/\\\/schema.org\",\"@graph\":[{\"@type\":\"WebPage\",\"@id\":\"https:\\\/\\\/skyline-gs.com\\\/product\\\/pattaya-sightseeing-tour-instagram-tour\\\/\",\"url\":\"https:\\\/\\\/skyline-gs.com\\\/product\\\/pattaya-sightseeing-tour-instagram-tour\\\/\",\"name\":\"\u041e\u0431\u0437\u043e\u0440\u043d\u0430\u044f \u044d\u043a\u0441\u043a\u0443\u0440\u0441\u0438\u044f \u043f\u043e \u041f\u0430\u0442\u0442\u0430\u0439\u0435 \u00ab\u0418\u043d\u0441\u0442\u0430\u0433\u0440\u0430\u043c \u0422\u0443\u0440\u00bb &#8226; \u042d\u043a\u0441\u043a\u0443\u0440\u0441\u0438\u0438 Skyline\",\"isPartOf\":{\"@id\":\"https:\\\/\\\/skyline-gs.com\\\/it\\\/#website\"},\"primaryImageOfPage\":{\"@id\":\"https:\\\/\\\/skyline-gs.com\\\/product\\\/pattaya-sightseeing-tour-instagram-tour\\\/#primaryimage\"},\"image\":{\"@id\":\"https:\\\/\\\/skyline-gs.com\\\/product\\\/pattaya-sightseeing-tour-instagram-tour\\\/#primaryimage\"},\"thumbnailUrl\":\"https:\\\/\\\/skyline-gs.com\\\/wp-content\\\/uploads\\\/2025\\\/09\\\/insta_ptt_21-e1765912680738.webp\",\"datePublished\":\"2025-09-26T14:18:32+00:00\",\"dateModified\":\"2025-09-26T14:28:44+00:00\",\"breadcrumb\":{\"@id\":\"https:\\\/\\\/skyline-gs.com\\\/product\\\/pattaya-sightseeing-tour-instagram-tour\\\/#breadcrumb\"},\"inLanguage\":\"it-IT\",\"potentialAction\":[{\"@type\":\"ReadAction\",\"target\":[\"https:\\\/\\\/skyline-gs.com\\\/product\\\/pattaya-sightseeing-tour-instagram-tour\\\/\"]}]},{\"@type\":\"ImageObject\",\"inLanguage\":\"it-IT\",\"@id\":\"https:\\\/\\\/skyline-gs.com\\\/product\\\/pattaya-sightseeing-tour-instagram-tour\\\/#primaryimage\",\"url\":\"https:\\\/\\\/skyline-gs.com\\\/wp-content\\\/uploads\\\/2025\\\/09\\\/insta_ptt_21-e1765912680738.webp\",\"contentUrl\":\"https:\\\/\\\/skyline-gs.com\\\/wp-content\\\/uploads\\\/2025\\\/09\\\/insta_ptt_21-e1765912680738.webp\",\"width\":699,\"height\":466},{\"@type\":\"BreadcrumbList\",\"@id\":\"https:\\\/\\\/skyline-gs.com\\\/product\\\/pattaya-sightseeing-tour-instagram-tour\\\/#breadcrumb\",\"itemListElement\":[{\"@type\":\"ListItem\",\"position\":1,\"name\":\"\u0413\u043b\u0430\u0432\u043d\u0430\u044f \u0441\u0442\u0440\u0430\u043d\u0438\u0446\u0430\",\"item\":\"https:\\\/\\\/skyline-gs.com\\\/hu\\\/\"},{\"@type\":\"ListItem\",\"position\":2,\"name\":\"\u041c\u0430\u0433\u0430\u0437\u0438\u043d\",\"item\":\"https:\\\/\\\/skyline-gs.com\\\/cs\\\/shop\\\/\"},{\"@type\":\"ListItem\",\"position\":3,\"name\":\"\u041e\u0431\u0437\u043e\u0440\u043d\u0430\u044f \u044d\u043a\u0441\u043a\u0443\u0440\u0441\u0438\u044f \u043f\u043e \u041f\u0430\u0442\u0442\u0430\u0439\u0435 \u00ab\u0418\u043d\u0441\u0442\u0430\u0433\u0440\u0430\u043c \u0422\u0443\u0440\u00bb\"}]},{\"@type\":\"WebSite\",\"@id\":\"https:\\\/\\\/skyline-gs.com\\\/it\\\/#website\",\"url\":\"https:\\\/\\\/skyline-gs.com\\\/it\\\/\",\"name\":\"\u042d\u043a\u0441\u043a\u0443\u0440\u0441\u0438\u0438 Skyline\",\"description\":\"\u042d\u043a\u0441\u043a\u043b\u044e\u0437\u0438\u0432\u043d\u044b\u0435 \u044d\u043a\u0441\u043a\u0443\u0440\u0441\u0438\u0438 \u043d\u0430 \u043b\u0443\u0447\u0448\u0438\u0445 \u043a\u0443\u0440\u043e\u0440\u0442\u0430\u0445 \u043c\u0438\u0440\u0430\",\"publisher\":{\"@id\":\"https:\\\/\\\/skyline-gs.com\\\/it\\\/#organization\"},\"alternateName\":\"Skyline\",\"potentialAction\":[{\"@type\":\"SearchAction\",\"target\":{\"@type\":\"EntryPoint\",\"urlTemplate\":\"https:\\\/\\\/skyline-gs.com\\\/it\\\/?s={search_term_string}\"},\"query-input\":{\"@type\":\"PropertyValueSpecification\",\"valueRequired\":true,\"valueName\":\"search_term_string\"}}],\"inLanguage\":\"it-IT\"},{\"@type\":\"Organization\",\"@id\":\"https:\\\/\\\/skyline-gs.com\\\/it\\\/#organization\",\"name\":\"\u042d\u043a\u0441\u043a\u0443\u0440\u0441\u0438\u0438 Skyline\",\"alternateName\":\"\u042d\u043a\u0441\u043a\u0443\u0440\u0441\u0438\u0438 Skyline\",\"url\":\"https:\\\/\\\/skyline-gs.com\\\/it\\\/\",\"logo\":{\"@type\":\"ImageObject\",\"inLanguage\":\"it-IT\",\"@id\":\"https:\\\/\\\/skyline-gs.com\\\/it\\\/#\\\/schema\\\/logo\\\/image\\\/\",\"url\":\"https:\\\/\\\/skyline-gs.com\\\/wp-content\\\/uploads\\\/2020\\\/12\\\/cropped-logo-2.png\",\"contentUrl\":\"https:\\\/\\\/skyline-gs.com\\\/wp-content\\\/uploads\\\/2020\\\/12\\\/cropped-logo-2.png\",\"width\":512,\"height\":512,\"caption\":\"\u042d\u043a\u0441\u043a\u0443\u0440\u0441\u0438\u0438 Skyline\"},\"image\":{\"@id\":\"https:\\\/\\\/skyline-gs.com\\\/it\\\/#\\\/schema\\\/logo\\\/image\\\/\"},\"sameAs\":[\"https:\\\/\\\/www.instagram.com\\\/skylineglobalservice\\\/\"]}]}<\/script>\n<!-- \/ Yoast SEO plugin. -->","yoast_head_json":{"title":"\u041e\u0431\u0437\u043e\u0440\u043d\u0430\u044f \u044d\u043a\u0441\u043a\u0443\u0440\u0441\u0438\u044f \u043f\u043e \u041f\u0430\u0442\u0442\u0430\u0439\u0435 \u00ab\u0418\u043d\u0441\u0442\u0430\u0433\u0440\u0430\u043c \u0422\u0443\u0440\u00bb &#8226; \u042d\u043a\u0441\u043a\u0443\u0440\u0441\u0438\u0438 Skyline","robots":{"index":"index","follow":"follow","max-snippet":"max-snippet:-1","max-image-preview":"max-image-preview:large","max-video-preview":"max-video-preview:-1"},"canonical":"https:\/\/skyline-gs.com\/it\/prodotto\/pattaya-sightseeing-tour-instagram-tour\/","og_locale":"it_IT","og_type":"article","og_title":"\u041e\u0431\u0437\u043e\u0440\u043d\u0430\u044f \u044d\u043a\u0441\u043a\u0443\u0440\u0441\u0438\u044f \u043f\u043e \u041f\u0430\u0442\u0442\u0430\u0439\u0435 \u00ab\u0418\u043d\u0441\u0442\u0430\u0433\u0440\u0430\u043c \u0422\u0443\u0440\u00bb &#8226; \u042d\u043a\u0441\u043a\u0443\u0440\u0441\u0438\u0438 Skyline","og_description":"\u0412\u0440\u0435\u043c\u044f \u0442\u0443\u0440\u0430: \u0441 10:00 \u0434\u043e 22:00 \u0414\u043d\u0438 \u043f\u0440\u043e\u0432\u0435\u0434\u0435\u043d\u0438\u044f: \u0435\u0436\u0435\u0434\u043d\u0435\u0432\u043d\u043e","og_url":"https:\/\/skyline-gs.com\/it\/prodotto\/pattaya-sightseeing-tour-instagram-tour\/","og_site_name":"\u042d\u043a\u0441\u043a\u0443\u0440\u0441\u0438\u0438 Skyline","article_modified_time":"2025-09-26T14:28:44+00:00","og_image":[{"width":699,"height":466,"url":"https:\/\/skyline-gs.com\/wp-content\/uploads\/2025\/09\/insta_ptt_21-e1765912680738.webp","type":"image\/webp"}],"twitter_card":"summary_large_image","twitter_misc":{"Tempo di lettura stimato":"2 minuti"},"schema":{"@context":"https:\/\/schema.org","@graph":[{"@type":"WebPage","@id":"https:\/\/skyline-gs.com\/product\/pattaya-sightseeing-tour-instagram-tour\/","url":"https:\/\/skyline-gs.com\/product\/pattaya-sightseeing-tour-instagram-tour\/","name":"\u041e\u0431\u0437\u043e\u0440\u043d\u0430\u044f \u044d\u043a\u0441\u043a\u0443\u0440\u0441\u0438\u044f \u043f\u043e \u041f\u0430\u0442\u0442\u0430\u0439\u0435 \u00ab\u0418\u043d\u0441\u0442\u0430\u0433\u0440\u0430\u043c \u0422\u0443\u0440\u00bb &#8226; \u042d\u043a\u0441\u043a\u0443\u0440\u0441\u0438\u0438 Skyline","isPartOf":{"@id":"https:\/\/skyline-gs.com\/it\/#website"},"primaryImageOfPage":{"@id":"https:\/\/skyline-gs.com\/product\/pattaya-sightseeing-tour-instagram-tour\/#primaryimage"},"image":{"@id":"https:\/\/skyline-gs.com\/product\/pattaya-sightseeing-tour-instagram-tour\/#primaryimage"},"thumbnailUrl":"https:\/\/skyline-gs.com\/wp-content\/uploads\/2025\/09\/insta_ptt_21-e1765912680738.webp","datePublished":"2025-09-26T14:18:32+00:00","dateModified":"2025-09-26T14:28:44+00:00","breadcrumb":{"@id":"https:\/\/skyline-gs.com\/product\/pattaya-sightseeing-tour-instagram-tour\/#breadcrumb"},"inLanguage":"it-IT","potentialAction":[{"@type":"ReadAction","target":["https:\/\/skyline-gs.com\/product\/pattaya-sightseeing-tour-instagram-tour\/"]}]},{"@type":"ImageObject","inLanguage":"it-IT","@id":"https:\/\/skyline-gs.com\/product\/pattaya-sightseeing-tour-instagram-tour\/#primaryimage","url":"https:\/\/skyline-gs.com\/wp-content\/uploads\/2025\/09\/insta_ptt_21-e1765912680738.webp","contentUrl":"https:\/\/skyline-gs.com\/wp-content\/uploads\/2025\/09\/insta_ptt_21-e1765912680738.webp","width":699,"height":466},{"@type":"BreadcrumbList","@id":"https:\/\/skyline-gs.com\/product\/pattaya-sightseeing-tour-instagram-tour\/#breadcrumb","itemListElement":[{"@type":"ListItem","position":1,"name":"\u0413\u043b\u0430\u0432\u043d\u0430\u044f \u0441\u0442\u0440\u0430\u043d\u0438\u0446\u0430","item":"https:\/\/skyline-gs.com\/hu\/"},{"@type":"ListItem","position":2,"name":"\u041c\u0430\u0433\u0430\u0437\u0438\u043d","item":"https:\/\/skyline-gs.com\/cs\/shop\/"},{"@type":"ListItem","position":3,"name":"\u041e\u0431\u0437\u043e\u0440\u043d\u0430\u044f \u044d\u043a\u0441\u043a\u0443\u0440\u0441\u0438\u044f \u043f\u043e \u041f\u0430\u0442\u0442\u0430\u0439\u0435 \u00ab\u0418\u043d\u0441\u0442\u0430\u0433\u0440\u0430\u043c \u0422\u0443\u0440\u00bb"}]},{"@type":"WebSite","@id":"https:\/\/skyline-gs.com\/it\/#website","url":"https:\/\/skyline-gs.com\/it\/","name":"Escursioni Skyline","description":"Escursioni esclusive nei migliori resort del mondo","publisher":{"@id":"https:\/\/skyline-gs.com\/it\/#organization"},"alternateName":"Skyline","potentialAction":[{"@type":"SearchAction","target":{"@type":"EntryPoint","urlTemplate":"https:\/\/skyline-gs.com\/it\/?s={search_term_string}"},"query-input":{"@type":"PropertyValueSpecification","valueRequired":true,"valueName":"search_term_string"}}],"inLanguage":"it-IT"},{"@type":"Organization","@id":"https:\/\/skyline-gs.com\/it\/#organization","name":"Escursioni Skyline","alternateName":"\u042d\u043a\u0441\u043a\u0443\u0440\u0441\u0438\u0438 Skyline","url":"https:\/\/skyline-gs.com\/it\/","logo":{"@type":"ImageObject","inLanguage":"it-IT","@id":"https:\/\/skyline-gs.com\/it\/#\/schema\/logo\/image\/","url":"https:\/\/skyline-gs.com\/wp-content\/uploads\/2020\/12\/cropped-logo-2.png","contentUrl":"https:\/\/skyline-gs.com\/wp-content\/uploads\/2020\/12\/cropped-logo-2.png","width":512,"height":512,"caption":"\u042d\u043a\u0441\u043a\u0443\u0440\u0441\u0438\u0438 Skyline"},"image":{"@id":"https:\/\/skyline-gs.com\/it\/#\/schema\/logo\/image\/"},"sameAs":["https:\/\/www.instagram.com\/skylineglobalservice\/"]}]}},"_links":{"self":[{"href":"https:\/\/skyline-gs.com\/it\/wp-json\/wp\/v2\/product\/66434","targetHints":{"allow":["GET"]}}],"collection":[{"href":"https:\/\/skyline-gs.com\/it\/wp-json\/wp\/v2\/product"}],"about":[{"href":"https:\/\/skyline-gs.com\/it\/wp-json\/wp\/v2\/types\/product"}],"version-history":[{"count":0,"href":"https:\/\/skyline-gs.com\/it\/wp-json\/wp\/v2\/product\/66434\/revisions"}],"wp:featuredmedia":[{"embeddable":true,"href":"https:\/\/skyline-gs.com\/it\/wp-json\/wp\/v2\/media\/66438"}],"wp:attachment":[{"href":"https:\/\/skyline-gs.com\/it\/wp-json\/wp\/v2\/media?parent=66434"}],"wp:term":[{"taxonomy":"product_brand","embeddable":true,"href":"https:\/\/skyline-gs.com\/it\/wp-json\/wp\/v2\/product_brand?post=66434"},{"taxonomy":"product_cat","embeddable":true,"href":"https:\/\/skyline-gs.com\/it\/wp-json\/wp\/v2\/product_cat?post=66434"},{"taxonomy":"product_tag","embeddable":true,"href":"https:\/\/skyline-gs.com\/it\/wp-json\/wp\/v2\/product_tag?post=66434"}],"curies":[{"name":"wp","href":"https:\/\/api.w.org\/{rel}","templated":true}]}}