{"id":66392,"date":"2025-09-24T15:41:15","date_gmt":"2025-09-24T13:41:15","guid":{"rendered":"http:\/\/skyline-gs.com\/?post_type=product&#038;p=66392"},"modified":"2025-09-26T16:13:22","modified_gmt":"2025-09-26T14:13:22","slug":"palazzo-del-re-dei-polli-baan-sukhawadee","status":"publish","type":"product","link":"https:\/\/skyline-gs.com\/it\/product\/palace-of-the-chicken-king-baan-sukhawadee\/","title":{"rendered":"Palazzo del Re Pollo (Baan Sukhawadee)"},"content":{"rendered":"<p>Immergetevi in un'atmosfera di lusso, teatro ed estetica: palazzi, giardini, sculture e spettacoli serali sotto le stelle. Un caleidoscopio notturno di luci e architetture, unito alla cultura thailandese e alla fantasia di un miliardario, crea un'atmosfera magica: questo tour \u00e8 per chi vuole impressioni e belle foto.<\/p>\n<p data-start=\"474\" data-end=\"809\"><strong data-start=\"474\" data-end=\"488\">Programma: <\/strong><\/p>\n<p data-start=\"1170\" data-end=\"1263\">Partenza dall'hotel e trasferimento al palazzo del \u00abRe Pollo\u00bb. All'arrivo inizier\u00e0 la visita del parco e del complesso del palazzo: si potranno ammirare edifici lussuosi, fontane, statue di divinit\u00e0, pavoni, laghi, padiglioni, dettagli architettonici di stile europeo e thailandese, museo di antichit\u00e0, Torre del Buddha, sale dove sono esposte copie e reliquie. L'area \u00e8 vasta, quindi gli ospiti vengono trasportati da un sito all'altro con auto elettriche. Poi - cena (facoltativa) tra le mura del complesso con cucina thailandese, dopo la quale inizia uno spettacolo di cabaret con illuminazione serale, musica, danze, effetti di luce. Conclusione - trasferimento di ritorno in hotel.<\/p>\n<p data-start=\"1233\" data-end=\"1656\"><strong style=\"font-family: var(--global-body-font-family);\">Incluso:<\/strong><\/p>\n<ul>\n<li>Trasferimento da e per l'hotel<\/li>\n<li>Biglietto d'ingresso<\/li>\n<li>Guida di lingua russa<\/li>\n<li>Cena + spettacolo di cabaret (se si seleziona questa opzione)<\/li>\n<li>Assicurazione<\/li>\n<\/ul>\n<p><strong>Portatelo con voi:<\/strong><\/p>\n<ul>\n<li data-start=\"985\" data-end=\"1014\">foto\/videocamera<\/li>\n<li data-start=\"985\" data-end=\"1014\">Scarpe comode<\/li>\n<li data-start=\"985\" data-end=\"1014\">Copricapo, occhiali da sole<\/li>\n<li data-start=\"985\" data-end=\"1014\">Abbigliamento elegante (poich\u00e9 lo spettacolo e la cena sono un evento serale)<\/li>\n<li data-start=\"985\" data-end=\"1014\">Una piccola somma per i souvenir<\/li>\n<\/ul>\n<p data-start=\"2105\" data-end=\"2137\"><strong>Informazioni aggiuntive:<\/strong><\/p>\n<ul>\n<li data-start=\"2105\" data-end=\"2137\">L'opzione senza cena e senza spettacolo \u00e8 pi\u00f9 semplice ed economica, ma vi permetter\u00e0 di entrare comunque nell'atmosfera del palazzo e del giardino.<\/li>\n<li data-start=\"2105\" data-end=\"2137\">I bambini fino a una certa altezza\/et\u00e0 (fino a ~100 cm) possono camminare liberamente all'interno della struttura.<\/li>\n<li data-start=\"2105\" data-end=\"2137\">L'orario di inizio dello spettacolo, la cena e la durata dello spettacolo possono variare a seconda della stagione e dell'affluenza.<\/li>\n<li data-start=\"2105\" data-end=\"2137\">\u00c8 meglio arrivare presto per avere il tempo di passeggiare e scattare foto prima dell'inizio dello spettacolo.<\/li>\n<\/ul>","protected":false},"excerpt":{"rendered":"<p><strong>Orario del Tour: <\/strong>Dalle 16:00 alle 20:00<br \/>\n<strong>Giorni di Svolgimento:<\/strong> Giornaliero<\/p>","protected":false},"featured_media":66424,"template":"","meta":{"_kad_post_transparent":"default","_kad_post_title":"","_kad_post_layout":"default","_kad_post_sidebar_id":"","_kad_post_content_style":"default","_kad_post_vertical_padding":"default","_kad_post_feature":"","_kad_post_feature_position":"","_kad_post_header":false,"_kad_post_footer":false,"_kad_post_classname":"","_glsr_average":0,"_glsr_ranking":0,"_glsr_reviews":0},"product_brand":[],"product_cat":[507],"product_tag":[],"class_list":{"0":"post-66392","1":"product","2":"type-product","3":"status-publish","4":"has-post-thumbnail","6":"product_cat-pattaya","7":"tm-has-options","9":"first","10":"instock","11":"sold-individually","12":"taxable","13":"shipping-taxable","14":"purchasable","15":"product-type-simple","16":"entry","17":"content-bg","18":"loop-entry"},"yoast_head":"<!-- This site is optimized with the Yoast SEO plugin v27.4 - https:\/\/yoast.com\/product\/yoast-seo-wordpress\/ -->\n<title>\u0414\u0432\u043e\u0440\u0435\u0446 \u00ab\u041a\u0443\u0440\u0438\u043d\u043e\u0433\u043e \u041a\u043e\u0440\u043e\u043b\u044f\u00bb (Baan Sukhawadee) &#8226; \u042d\u043a\u0441\u043a\u0443\u0440\u0441\u0438\u0438 Skyline<\/title>\n<meta name=\"robots\" content=\"index, follow, max-snippet:-1, max-image-preview:large, max-video-preview:-1\" \/>\n<link rel=\"canonical\" href=\"https:\/\/skyline-gs.com\/it\/prodotto\/palazzo-del-re-dei-polli-baan-sukhawadee\/\" \/>\n<meta property=\"og:locale\" content=\"it_IT\" \/>\n<meta property=\"og:type\" content=\"article\" \/>\n<meta property=\"og:title\" content=\"\u0414\u0432\u043e\u0440\u0435\u0446 \u00ab\u041a\u0443\u0440\u0438\u043d\u043e\u0433\u043e \u041a\u043e\u0440\u043e\u043b\u044f\u00bb (Baan Sukhawadee) &#8226; \u042d\u043a\u0441\u043a\u0443\u0440\u0441\u0438\u0438 Skyline\" \/>\n<meta property=\"og:description\" content=\"\u0412\u0440\u0435\u043c\u044f \u0442\u0443\u0440\u0430: \u0441 16:00 \u0434\u043e 20:00 \u0414\u043d\u0438 \u043f\u0440\u043e\u0432\u0435\u0434\u0435\u043d\u0438\u044f: \u0415\u0436\u0435\u0434\u043d\u0435\u0432\u043d\u043e\" \/>\n<meta property=\"og:url\" content=\"https:\/\/skyline-gs.com\/it\/prodotto\/palazzo-del-re-dei-polli-baan-sukhawadee\/\" \/>\n<meta property=\"og:site_name\" content=\"\u042d\u043a\u0441\u043a\u0443\u0440\u0441\u0438\u0438 Skyline\" \/>\n<meta property=\"article:modified_time\" content=\"2025-09-26T14:13:22+00:00\" \/>\n<meta property=\"og:image\" content=\"https:\/\/skyline-gs.com\/wp-content\/uploads\/2025\/09\/WyAPV5Ne1dtR8jbPnj17eu5YgtJLDZei6Dg-tmcuz68ZwLQgX2O0vzvUH8Ghvw3fzzYFgAYv-e1765912278757.jpg\" \/>\n\t<meta property=\"og:image:width\" content=\"699\" \/>\n\t<meta property=\"og:image:height\" content=\"466\" \/>\n\t<meta property=\"og:image:type\" content=\"image\/jpeg\" \/>\n<meta name=\"twitter:card\" content=\"summary_large_image\" \/>\n<meta name=\"twitter:label1\" content=\"Tempo di lettura stimato\" \/>\n\t<meta name=\"twitter:data1\" content=\"2 minuti\" \/>\n<script type=\"application\/ld+json\" class=\"yoast-schema-graph\">{\"@context\":\"https:\\\/\\\/schema.org\",\"@graph\":[{\"@type\":\"WebPage\",\"@id\":\"https:\\\/\\\/skyline-gs.com\\\/pl\\\/produkt\\\/palace-of-the-chicken-king-baan-sukhawadee\\\/\",\"url\":\"https:\\\/\\\/skyline-gs.com\\\/pl\\\/produkt\\\/palace-of-the-chicken-king-baan-sukhawadee\\\/\",\"name\":\"\u0414\u0432\u043e\u0440\u0435\u0446 \u00ab\u041a\u0443\u0440\u0438\u043d\u043e\u0433\u043e \u041a\u043e\u0440\u043e\u043b\u044f\u00bb (Baan Sukhawadee) &#8226; \u042d\u043a\u0441\u043a\u0443\u0440\u0441\u0438\u0438 Skyline\",\"isPartOf\":{\"@id\":\"https:\\\/\\\/skyline-gs.com\\\/it\\\/#website\"},\"primaryImageOfPage\":{\"@id\":\"https:\\\/\\\/skyline-gs.com\\\/pl\\\/produkt\\\/palace-of-the-chicken-king-baan-sukhawadee\\\/#primaryimage\"},\"image\":{\"@id\":\"https:\\\/\\\/skyline-gs.com\\\/pl\\\/produkt\\\/palace-of-the-chicken-king-baan-sukhawadee\\\/#primaryimage\"},\"thumbnailUrl\":\"https:\\\/\\\/skyline-gs.com\\\/wp-content\\\/uploads\\\/2025\\\/09\\\/WyAPV5Ne1dtR8jbPnj17eu5YgtJLDZei6Dg-tmcuz68ZwLQgX2O0vzvUH8Ghvw3fzzYFgAYv-e1765912278757.jpg\",\"datePublished\":\"2025-09-24T13:41:15+00:00\",\"dateModified\":\"2025-09-26T14:13:22+00:00\",\"breadcrumb\":{\"@id\":\"https:\\\/\\\/skyline-gs.com\\\/pl\\\/produkt\\\/palace-of-the-chicken-king-baan-sukhawadee\\\/#breadcrumb\"},\"inLanguage\":\"it-IT\",\"potentialAction\":[{\"@type\":\"ReadAction\",\"target\":[\"https:\\\/\\\/skyline-gs.com\\\/pl\\\/produkt\\\/palace-of-the-chicken-king-baan-sukhawadee\\\/\"]}]},{\"@type\":\"ImageObject\",\"inLanguage\":\"it-IT\",\"@id\":\"https:\\\/\\\/skyline-gs.com\\\/pl\\\/produkt\\\/palace-of-the-chicken-king-baan-sukhawadee\\\/#primaryimage\",\"url\":\"https:\\\/\\\/skyline-gs.com\\\/wp-content\\\/uploads\\\/2025\\\/09\\\/WyAPV5Ne1dtR8jbPnj17eu5YgtJLDZei6Dg-tmcuz68ZwLQgX2O0vzvUH8Ghvw3fzzYFgAYv-e1765912278757.jpg\",\"contentUrl\":\"https:\\\/\\\/skyline-gs.com\\\/wp-content\\\/uploads\\\/2025\\\/09\\\/WyAPV5Ne1dtR8jbPnj17eu5YgtJLDZei6Dg-tmcuz68ZwLQgX2O0vzvUH8Ghvw3fzzYFgAYv-e1765912278757.jpg\",\"width\":699,\"height\":466},{\"@type\":\"BreadcrumbList\",\"@id\":\"https:\\\/\\\/skyline-gs.com\\\/pl\\\/produkt\\\/palace-of-the-chicken-king-baan-sukhawadee\\\/#breadcrumb\",\"itemListElement\":[{\"@type\":\"ListItem\",\"position\":1,\"name\":\"\u0413\u043b\u0430\u0432\u043d\u0430\u044f \u0441\u0442\u0440\u0430\u043d\u0438\u0446\u0430\",\"item\":\"https:\\\/\\\/skyline-gs.com\\\/hu\\\/\"},{\"@type\":\"ListItem\",\"position\":2,\"name\":\"\u041c\u0430\u0433\u0430\u0437\u0438\u043d\",\"item\":\"https:\\\/\\\/skyline-gs.com\\\/cs\\\/shop\\\/\"},{\"@type\":\"ListItem\",\"position\":3,\"name\":\"\u0414\u0432\u043e\u0440\u0435\u0446 \u00ab\u041a\u0443\u0440\u0438\u043d\u043e\u0433\u043e \u041a\u043e\u0440\u043e\u043b\u044f\u00bb (Baan Sukhawadee)\"}]},{\"@type\":\"WebSite\",\"@id\":\"https:\\\/\\\/skyline-gs.com\\\/it\\\/#website\",\"url\":\"https:\\\/\\\/skyline-gs.com\\\/it\\\/\",\"name\":\"\u042d\u043a\u0441\u043a\u0443\u0440\u0441\u0438\u0438 Skyline\",\"description\":\"\u042d\u043a\u0441\u043a\u043b\u044e\u0437\u0438\u0432\u043d\u044b\u0435 \u044d\u043a\u0441\u043a\u0443\u0440\u0441\u0438\u0438 \u043d\u0430 \u043b\u0443\u0447\u0448\u0438\u0445 \u043a\u0443\u0440\u043e\u0440\u0442\u0430\u0445 \u043c\u0438\u0440\u0430\",\"publisher\":{\"@id\":\"https:\\\/\\\/skyline-gs.com\\\/it\\\/#organization\"},\"alternateName\":\"Skyline\",\"potentialAction\":[{\"@type\":\"SearchAction\",\"target\":{\"@type\":\"EntryPoint\",\"urlTemplate\":\"https:\\\/\\\/skyline-gs.com\\\/it\\\/?s={search_term_string}\"},\"query-input\":{\"@type\":\"PropertyValueSpecification\",\"valueRequired\":true,\"valueName\":\"search_term_string\"}}],\"inLanguage\":\"it-IT\"},{\"@type\":\"Organization\",\"@id\":\"https:\\\/\\\/skyline-gs.com\\\/it\\\/#organization\",\"name\":\"\u042d\u043a\u0441\u043a\u0443\u0440\u0441\u0438\u0438 Skyline\",\"alternateName\":\"\u042d\u043a\u0441\u043a\u0443\u0440\u0441\u0438\u0438 Skyline\",\"url\":\"https:\\\/\\\/skyline-gs.com\\\/it\\\/\",\"logo\":{\"@type\":\"ImageObject\",\"inLanguage\":\"it-IT\",\"@id\":\"https:\\\/\\\/skyline-gs.com\\\/it\\\/#\\\/schema\\\/logo\\\/image\\\/\",\"url\":\"https:\\\/\\\/skyline-gs.com\\\/wp-content\\\/uploads\\\/2020\\\/12\\\/cropped-logo-2.png\",\"contentUrl\":\"https:\\\/\\\/skyline-gs.com\\\/wp-content\\\/uploads\\\/2020\\\/12\\\/cropped-logo-2.png\",\"width\":512,\"height\":512,\"caption\":\"\u042d\u043a\u0441\u043a\u0443\u0440\u0441\u0438\u0438 Skyline\"},\"image\":{\"@id\":\"https:\\\/\\\/skyline-gs.com\\\/it\\\/#\\\/schema\\\/logo\\\/image\\\/\"},\"sameAs\":[\"https:\\\/\\\/www.instagram.com\\\/skylineglobalservice\\\/\"]}]}<\/script>\n<!-- \/ Yoast SEO plugin. -->","yoast_head_json":{"title":"Palazzo del Re dei Polli (Baan Sukhawadee) - Skyline Tours","robots":{"index":"index","follow":"follow","max-snippet":"max-snippet:-1","max-image-preview":"max-image-preview:large","max-video-preview":"max-video-preview:-1"},"canonical":"https:\/\/skyline-gs.com\/it\/prodotto\/palazzo-del-re-dei-polli-baan-sukhawadee\/","og_locale":"it_IT","og_type":"article","og_title":"\u0414\u0432\u043e\u0440\u0435\u0446 \u00ab\u041a\u0443\u0440\u0438\u043d\u043e\u0433\u043e \u041a\u043e\u0440\u043e\u043b\u044f\u00bb (Baan Sukhawadee) &#8226; \u042d\u043a\u0441\u043a\u0443\u0440\u0441\u0438\u0438 Skyline","og_description":"\u0412\u0440\u0435\u043c\u044f \u0442\u0443\u0440\u0430: \u0441 16:00 \u0434\u043e 20:00 \u0414\u043d\u0438 \u043f\u0440\u043e\u0432\u0435\u0434\u0435\u043d\u0438\u044f: \u0415\u0436\u0435\u0434\u043d\u0435\u0432\u043d\u043e","og_url":"https:\/\/skyline-gs.com\/it\/prodotto\/palazzo-del-re-dei-polli-baan-sukhawadee\/","og_site_name":"\u042d\u043a\u0441\u043a\u0443\u0440\u0441\u0438\u0438 Skyline","article_modified_time":"2025-09-26T14:13:22+00:00","og_image":[{"width":699,"height":466,"url":"https:\/\/skyline-gs.com\/wp-content\/uploads\/2025\/09\/WyAPV5Ne1dtR8jbPnj17eu5YgtJLDZei6Dg-tmcuz68ZwLQgX2O0vzvUH8Ghvw3fzzYFgAYv-e1765912278757.jpg","type":"image\/jpeg"}],"twitter_card":"summary_large_image","twitter_misc":{"Tempo di lettura stimato":"2 minuti"},"schema":{"@context":"https:\/\/schema.org","@graph":[{"@type":"WebPage","@id":"https:\/\/skyline-gs.com\/pl\/produkt\/palace-of-the-chicken-king-baan-sukhawadee\/","url":"https:\/\/skyline-gs.com\/pl\/produkt\/palace-of-the-chicken-king-baan-sukhawadee\/","name":"Palazzo del Re dei Polli (Baan Sukhawadee) - Skyline Tours","isPartOf":{"@id":"https:\/\/skyline-gs.com\/it\/#website"},"primaryImageOfPage":{"@id":"https:\/\/skyline-gs.com\/pl\/produkt\/palace-of-the-chicken-king-baan-sukhawadee\/#primaryimage"},"image":{"@id":"https:\/\/skyline-gs.com\/pl\/produkt\/palace-of-the-chicken-king-baan-sukhawadee\/#primaryimage"},"thumbnailUrl":"https:\/\/skyline-gs.com\/wp-content\/uploads\/2025\/09\/WyAPV5Ne1dtR8jbPnj17eu5YgtJLDZei6Dg-tmcuz68ZwLQgX2O0vzvUH8Ghvw3fzzYFgAYv-e1765912278757.jpg","datePublished":"2025-09-24T13:41:15+00:00","dateModified":"2025-09-26T14:13:22+00:00","breadcrumb":{"@id":"https:\/\/skyline-gs.com\/pl\/produkt\/palace-of-the-chicken-king-baan-sukhawadee\/#breadcrumb"},"inLanguage":"it-IT","potentialAction":[{"@type":"ReadAction","target":["https:\/\/skyline-gs.com\/pl\/produkt\/palace-of-the-chicken-king-baan-sukhawadee\/"]}]},{"@type":"ImageObject","inLanguage":"it-IT","@id":"https:\/\/skyline-gs.com\/pl\/produkt\/palace-of-the-chicken-king-baan-sukhawadee\/#primaryimage","url":"https:\/\/skyline-gs.com\/wp-content\/uploads\/2025\/09\/WyAPV5Ne1dtR8jbPnj17eu5YgtJLDZei6Dg-tmcuz68ZwLQgX2O0vzvUH8Ghvw3fzzYFgAYv-e1765912278757.jpg","contentUrl":"https:\/\/skyline-gs.com\/wp-content\/uploads\/2025\/09\/WyAPV5Ne1dtR8jbPnj17eu5YgtJLDZei6Dg-tmcuz68ZwLQgX2O0vzvUH8Ghvw3fzzYFgAYv-e1765912278757.jpg","width":699,"height":466},{"@type":"BreadcrumbList","@id":"https:\/\/skyline-gs.com\/pl\/produkt\/palace-of-the-chicken-king-baan-sukhawadee\/#breadcrumb","itemListElement":[{"@type":"ListItem","position":1,"name":"\u0413\u043b\u0430\u0432\u043d\u0430\u044f \u0441\u0442\u0440\u0430\u043d\u0438\u0446\u0430","item":"https:\/\/skyline-gs.com\/hu\/"},{"@type":"ListItem","position":2,"name":"\u041c\u0430\u0433\u0430\u0437\u0438\u043d","item":"https:\/\/skyline-gs.com\/cs\/shop\/"},{"@type":"ListItem","position":3,"name":"\u0414\u0432\u043e\u0440\u0435\u0446 \u00ab\u041a\u0443\u0440\u0438\u043d\u043e\u0433\u043e \u041a\u043e\u0440\u043e\u043b\u044f\u00bb (Baan Sukhawadee)"}]},{"@type":"WebSite","@id":"https:\/\/skyline-gs.com\/it\/#website","url":"https:\/\/skyline-gs.com\/it\/","name":"Escursioni Skyline","description":"Escursioni esclusive nei migliori resort del mondo","publisher":{"@id":"https:\/\/skyline-gs.com\/it\/#organization"},"alternateName":"Skyline","potentialAction":[{"@type":"SearchAction","target":{"@type":"EntryPoint","urlTemplate":"https:\/\/skyline-gs.com\/it\/?s={search_term_string}"},"query-input":{"@type":"PropertyValueSpecification","valueRequired":true,"valueName":"search_term_string"}}],"inLanguage":"it-IT"},{"@type":"Organization","@id":"https:\/\/skyline-gs.com\/it\/#organization","name":"Escursioni Skyline","alternateName":"\u042d\u043a\u0441\u043a\u0443\u0440\u0441\u0438\u0438 Skyline","url":"https:\/\/skyline-gs.com\/it\/","logo":{"@type":"ImageObject","inLanguage":"it-IT","@id":"https:\/\/skyline-gs.com\/it\/#\/schema\/logo\/image\/","url":"https:\/\/skyline-gs.com\/wp-content\/uploads\/2020\/12\/cropped-logo-2.png","contentUrl":"https:\/\/skyline-gs.com\/wp-content\/uploads\/2020\/12\/cropped-logo-2.png","width":512,"height":512,"caption":"\u042d\u043a\u0441\u043a\u0443\u0440\u0441\u0438\u0438 Skyline"},"image":{"@id":"https:\/\/skyline-gs.com\/it\/#\/schema\/logo\/image\/"},"sameAs":["https:\/\/www.instagram.com\/skylineglobalservice\/"]}]}},"_links":{"self":[{"href":"https:\/\/skyline-gs.com\/it\/wp-json\/wp\/v2\/product\/66392","targetHints":{"allow":["GET"]}}],"collection":[{"href":"https:\/\/skyline-gs.com\/it\/wp-json\/wp\/v2\/product"}],"about":[{"href":"https:\/\/skyline-gs.com\/it\/wp-json\/wp\/v2\/types\/product"}],"version-history":[{"count":0,"href":"https:\/\/skyline-gs.com\/it\/wp-json\/wp\/v2\/product\/66392\/revisions"}],"wp:featuredmedia":[{"embeddable":true,"href":"https:\/\/skyline-gs.com\/it\/wp-json\/wp\/v2\/media\/66424"}],"wp:attachment":[{"href":"https:\/\/skyline-gs.com\/it\/wp-json\/wp\/v2\/media?parent=66392"}],"wp:term":[{"taxonomy":"product_brand","embeddable":true,"href":"https:\/\/skyline-gs.com\/it\/wp-json\/wp\/v2\/product_brand?post=66392"},{"taxonomy":"product_cat","embeddable":true,"href":"https:\/\/skyline-gs.com\/it\/wp-json\/wp\/v2\/product_cat?post=66392"},{"taxonomy":"product_tag","embeddable":true,"href":"https:\/\/skyline-gs.com\/it\/wp-json\/wp\/v2\/product_tag?post=66392"}],"curies":[{"name":"wp","href":"https:\/\/api.w.org\/{rel}","templated":true}]}}