{"id":65310,"date":"2025-08-25T00:39:01","date_gmt":"2025-08-24T22:39:01","guid":{"rendered":"http:\/\/skyline-gs.com\/?post_type=product&#038;p=65310"},"modified":"2025-08-25T04:17:14","modified_gmt":"2025-08-25T02:17:14","slug":"nusa-penida-2-giorni-bali","status":"publish","type":"product","link":"https:\/\/skyline-gs.com\/it\/product\/nusa-penida-2-days-bali\/","title":{"rendered":"Nusa Penida 2 giorni (All Inclusive)"},"content":{"rendered":"<p data-start=\"286\" data-end=\"549\">Nusa Penida \u00e8 l'isola pi\u00f9 bella e selvaggia vicino a Bali. \u00c8 famosa per le sue scogliere rocciose, l'oceano turchese e le spiagge considerate tra le migliori dell'Indonesia. \u00c8 possibile raggiungerla in soli 30 minuti di motoscafo. Avrete il tempo di vedere i luoghi pi\u00f9 famosi della parte occidentale e orientale dell'isola. Pernotterete sull'isola in un bungalow.<\/p>\n<p data-start=\"286\" data-end=\"549\"><strong>Giorno 1<\/strong><\/p>\n<p><strong>8:00 - Partenza dalla hall dell'hotel.<\/strong><\/p>\n<ul>\n<li data-start=\"725\" data-end=\"908\"><strong data-start=\"725\" data-end=\"745\">Spiaggia di Crystal Bay<\/strong> - acqua cristallina, mare calmo e sabbia bianca. Un luogo ideale per nuotare e rilassarsi. Sulla spiaggia si trova un bar dove \u00e8 possibile ordinare una noce di cocco, una birra o un pranzo leggero.<\/li>\n<li data-start=\"725\" data-end=\"908\"><strong data-start=\"911\" data-end=\"942\">Broken Bay.<\/strong> - Una scogliera che assomiglia a una piscina gigante circondata da alte scogliere. Un ponte di pietra naturale forma un arco sorprendente sull'acqua.<\/li>\n<li data-start=\"725\" data-end=\"908\"><strong data-start=\"1080\" data-end=\"1101\">Billabong di Angel<\/strong> - una piscina naturale color smeraldo vicino all'oceano. Si tratta di una piscina naturale di colore smeraldo che si trova accanto all'oceano, che permette di scattare foto meravigliose e, quando il mare \u00e8 calmo, di fare una nuotata.<\/li>\n<li data-start=\"725\" data-end=\"908\"><strong data-start=\"1241\" data-end=\"1261\">Spiaggia di Kelingking<\/strong> - Il biglietto da visita di Penida. Un panorama unico: una scogliera a forma di testa di T-Rex e una spiaggia di sabbia dorata sottostante. Si pu\u00f2 scendere lungo il sentiero che porta all'oceano, ma anche dalla cima si pu\u00f2 ammirare uno dei panorami pi\u00f9 famosi dell'Indonesia.<\/li>\n<li data-start=\"725\" data-end=\"908\"><strong>Una notte in bungalow <\/strong>sull'isola.<\/li>\n<\/ul>\n<p><strong>Giorno 2<\/strong><\/p>\n<ul>\n<li data-start=\"725\" data-end=\"908\"><strong data-start=\"1728\" data-end=\"1745\">Spiaggia di Diamante<\/strong> - Una spiaggia incredibilmente bella con sabbia bianca e rocce a forma di diamante.<\/li>\n<li data-start=\"725\" data-end=\"908\"><strong data-start=\"1823\" data-end=\"1837\">Spiaggia di Atuh<\/strong> - Una spiaggia pittoresca per nuotare e rilassarsi con una vista mozzafiato su archi e isolotti dell'oceano.<\/li>\n<li data-start=\"725\" data-end=\"908\"><strong data-start=\"1931\" data-end=\"1954\">Snorkeling con le mante<\/strong> - un'avventura indimenticabile: nuotare tra le mante giganti nel loro ambiente naturale.<\/li>\n<li data-start=\"725\" data-end=\"908\"><strong data-start=\"1480\" data-end=\"1503\">Ritorno a Bali<\/strong> - la barca alle 16:30-17:00.<\/li>\n<\/ul>\n<p><strong>19:00 - Ritorno in hotel.<\/strong><\/p>\n<p><strong>Incluso:<\/strong><\/p>\n<ul>\n<li>Trasferimenti da e per l'hotel<\/li>\n<li>Trasferimenti in auto con aria condizionata<\/li>\n<li>Guida autista di lingua russa<\/li>\n<li>Barca da Bali a Nusa Penida, viaggio di andata e ritorno<\/li>\n<li>Biglietti d'ingresso<\/li>\n<li>Bungalow per il pernottamento<\/li>\n<li>Snorkeling con le mante<\/li>\n<\/ul>\n<p><strong>Non incluso:<\/strong><\/p>\n<ul>\n<li>Alimentazione<\/li>\n<\/ul>\n<p><strong>Portatelo con voi:<\/strong><\/p>\n<ul>\n<li data-start=\"2462\" data-end=\"2473\">Costume da bagno<\/li>\n<li data-start=\"2462\" data-end=\"2473\">Asciugamano<\/li>\n<li data-start=\"2462\" data-end=\"2473\">Crema solare<\/li>\n<\/ul>","protected":false},"excerpt":{"rendered":"<p><strong>Orario del Tour:<\/strong> 2 giorni<\/p>\n<p><strong>Giorni di Svolgimento:<\/strong> Ogni giorno.<\/p>","protected":false},"featured_media":65372,"template":"","meta":{"_kad_post_transparent":"default","_kad_post_title":"","_kad_post_layout":"default","_kad_post_sidebar_id":"","_kad_post_content_style":"default","_kad_post_vertical_padding":"default","_kad_post_feature":"","_kad_post_feature_position":"","_kad_post_header":false,"_kad_post_footer":false,"_kad_post_classname":"","_glsr_average":0,"_glsr_ranking":0,"_glsr_reviews":0},"product_brand":[],"product_cat":[502],"product_tag":[],"class_list":{"0":"post-65310","1":"product","2":"type-product","3":"status-publish","4":"has-post-thumbnail","6":"product_cat-bali","7":"tm-has-options","9":"first","10":"instock","11":"sale","12":"sold-individually","13":"taxable","14":"shipping-taxable","15":"purchasable","16":"product-type-simple","17":"entry","18":"content-bg","19":"loop-entry"},"yoast_head":"<!-- This site is optimized with the Yoast SEO plugin v27.3 - https:\/\/yoast.com\/product\/yoast-seo-wordpress\/ -->\n<title>\u041d\u0443\u0441\u0430 \u041f\u0435\u043d\u0438\u0434\u0430 2 \u0434\u043d\u044f (\u0412\u0441\u0451 \u0432\u043a\u043b\u044e\u0447\u0435\u043d\u043e) &#8226; \u042d\u043a\u0441\u043a\u0443\u0440\u0441\u0438\u0438 Skyline<\/title>\n<meta name=\"robots\" content=\"index, follow, max-snippet:-1, max-image-preview:large, max-video-preview:-1\" \/>\n<link rel=\"canonical\" href=\"https:\/\/skyline-gs.com\/it\/prodotto\/nusa-penida-2-giorni-bali\/\" \/>\n<meta property=\"og:locale\" content=\"it_IT\" \/>\n<meta property=\"og:type\" content=\"article\" \/>\n<meta property=\"og:title\" content=\"\u041d\u0443\u0441\u0430 \u041f\u0435\u043d\u0438\u0434\u0430 2 \u0434\u043d\u044f (\u0412\u0441\u0451 \u0432\u043a\u043b\u044e\u0447\u0435\u043d\u043e) &#8226; \u042d\u043a\u0441\u043a\u0443\u0440\u0441\u0438\u0438 Skyline\" \/>\n<meta property=\"og:description\" content=\"\u0412\u0440\u0435\u043c\u044f \u0442\u0443\u0440\u0430: 2 \u0434\u043d\u044f  \u0414\u043d\u0438 \u043f\u0440\u043e\u0432\u0435\u0434\u0435\u043d\u0438\u044f: \u041a\u0430\u0436\u0434\u044b\u0439 \u0434\u0435\u043d\u044c\" \/>\n<meta property=\"og:url\" content=\"https:\/\/skyline-gs.com\/it\/prodotto\/nusa-penida-2-giorni-bali\/\" \/>\n<meta property=\"og:site_name\" content=\"\u042d\u043a\u0441\u043a\u0443\u0440\u0441\u0438\u0438 Skyline\" \/>\n<meta property=\"article:modified_time\" content=\"2025-08-25T02:17:14+00:00\" \/>\n<meta property=\"og:image\" content=\"https:\/\/skyline-gs.com\/wp-content\/uploads\/2025\/08\/19.jpg\" \/>\n\t<meta property=\"og:image:width\" content=\"669\" \/>\n\t<meta property=\"og:image:height\" content=\"446\" \/>\n\t<meta property=\"og:image:type\" content=\"image\/jpeg\" \/>\n<meta name=\"twitter:card\" content=\"summary_large_image\" \/>\n<meta name=\"twitter:label1\" content=\"Tempo di lettura stimato\" \/>\n\t<meta name=\"twitter:data1\" content=\"2 minuti\" \/>\n<script type=\"application\/ld+json\" class=\"yoast-schema-graph\">{\"@context\":\"https:\\\/\\\/schema.org\",\"@graph\":[{\"@type\":\"WebPage\",\"@id\":\"https:\\\/\\\/skyline-gs.com\\\/fr\\\/produit\\\/nusa-penida-2-days-bali\\\/\",\"url\":\"https:\\\/\\\/skyline-gs.com\\\/fr\\\/produit\\\/nusa-penida-2-days-bali\\\/\",\"name\":\"\u041d\u0443\u0441\u0430 \u041f\u0435\u043d\u0438\u0434\u0430 2 \u0434\u043d\u044f (\u0412\u0441\u0451 \u0432\u043a\u043b\u044e\u0447\u0435\u043d\u043e) &#8226; \u042d\u043a\u0441\u043a\u0443\u0440\u0441\u0438\u0438 Skyline\",\"isPartOf\":{\"@id\":\"https:\\\/\\\/skyline-gs.com\\\/it\\\/#website\"},\"primaryImageOfPage\":{\"@id\":\"https:\\\/\\\/skyline-gs.com\\\/fr\\\/produit\\\/nusa-penida-2-days-bali\\\/#primaryimage\"},\"image\":{\"@id\":\"https:\\\/\\\/skyline-gs.com\\\/fr\\\/produit\\\/nusa-penida-2-days-bali\\\/#primaryimage\"},\"thumbnailUrl\":\"https:\\\/\\\/skyline-gs.com\\\/wp-content\\\/uploads\\\/2025\\\/08\\\/19.jpg\",\"datePublished\":\"2025-08-24T22:39:01+00:00\",\"dateModified\":\"2025-08-25T02:17:14+00:00\",\"breadcrumb\":{\"@id\":\"https:\\\/\\\/skyline-gs.com\\\/fr\\\/produit\\\/nusa-penida-2-days-bali\\\/#breadcrumb\"},\"inLanguage\":\"it-IT\",\"potentialAction\":[{\"@type\":\"ReadAction\",\"target\":[\"https:\\\/\\\/skyline-gs.com\\\/fr\\\/produit\\\/nusa-penida-2-days-bali\\\/\"]}]},{\"@type\":\"ImageObject\",\"inLanguage\":\"it-IT\",\"@id\":\"https:\\\/\\\/skyline-gs.com\\\/fr\\\/produit\\\/nusa-penida-2-days-bali\\\/#primaryimage\",\"url\":\"https:\\\/\\\/skyline-gs.com\\\/wp-content\\\/uploads\\\/2025\\\/08\\\/19.jpg\",\"contentUrl\":\"https:\\\/\\\/skyline-gs.com\\\/wp-content\\\/uploads\\\/2025\\\/08\\\/19.jpg\",\"width\":669,\"height\":446},{\"@type\":\"BreadcrumbList\",\"@id\":\"https:\\\/\\\/skyline-gs.com\\\/fr\\\/produit\\\/nusa-penida-2-days-bali\\\/#breadcrumb\",\"itemListElement\":[{\"@type\":\"ListItem\",\"position\":1,\"name\":\"\u0413\u043b\u0430\u0432\u043d\u0430\u044f \u0441\u0442\u0440\u0430\u043d\u0438\u0446\u0430\",\"item\":\"https:\\\/\\\/skyline-gs.com\\\/hu\\\/\"},{\"@type\":\"ListItem\",\"position\":2,\"name\":\"\u041c\u0430\u0433\u0430\u0437\u0438\u043d\",\"item\":\"https:\\\/\\\/skyline-gs.com\\\/cs\\\/shop\\\/\"},{\"@type\":\"ListItem\",\"position\":3,\"name\":\"\u041d\u0443\u0441\u0430 \u041f\u0435\u043d\u0438\u0434\u0430 2 \u0434\u043d\u044f (\u0412\u0441\u0451 \u0432\u043a\u043b\u044e\u0447\u0435\u043d\u043e)\"}]},{\"@type\":\"WebSite\",\"@id\":\"https:\\\/\\\/skyline-gs.com\\\/it\\\/#website\",\"url\":\"https:\\\/\\\/skyline-gs.com\\\/it\\\/\",\"name\":\"\u042d\u043a\u0441\u043a\u0443\u0440\u0441\u0438\u0438 Skyline\",\"description\":\"\u042d\u043a\u0441\u043a\u043b\u044e\u0437\u0438\u0432\u043d\u044b\u0435 \u044d\u043a\u0441\u043a\u0443\u0440\u0441\u0438\u0438 \u043d\u0430 \u043b\u0443\u0447\u0448\u0438\u0445 \u043a\u0443\u0440\u043e\u0440\u0442\u0430\u0445 \u043c\u0438\u0440\u0430\",\"publisher\":{\"@id\":\"https:\\\/\\\/skyline-gs.com\\\/it\\\/#organization\"},\"alternateName\":\"Skyline\",\"potentialAction\":[{\"@type\":\"SearchAction\",\"target\":{\"@type\":\"EntryPoint\",\"urlTemplate\":\"https:\\\/\\\/skyline-gs.com\\\/it\\\/?s={search_term_string}\"},\"query-input\":{\"@type\":\"PropertyValueSpecification\",\"valueRequired\":true,\"valueName\":\"search_term_string\"}}],\"inLanguage\":\"it-IT\"},{\"@type\":\"Organization\",\"@id\":\"https:\\\/\\\/skyline-gs.com\\\/it\\\/#organization\",\"name\":\"\u042d\u043a\u0441\u043a\u0443\u0440\u0441\u0438\u0438 Skyline\",\"alternateName\":\"\u042d\u043a\u0441\u043a\u0443\u0440\u0441\u0438\u0438 Skyline\",\"url\":\"https:\\\/\\\/skyline-gs.com\\\/it\\\/\",\"logo\":{\"@type\":\"ImageObject\",\"inLanguage\":\"it-IT\",\"@id\":\"https:\\\/\\\/skyline-gs.com\\\/it\\\/#\\\/schema\\\/logo\\\/image\\\/\",\"url\":\"https:\\\/\\\/skyline-gs.com\\\/wp-content\\\/uploads\\\/2020\\\/12\\\/cropped-logo-2.png\",\"contentUrl\":\"https:\\\/\\\/skyline-gs.com\\\/wp-content\\\/uploads\\\/2020\\\/12\\\/cropped-logo-2.png\",\"width\":512,\"height\":512,\"caption\":\"\u042d\u043a\u0441\u043a\u0443\u0440\u0441\u0438\u0438 Skyline\"},\"image\":{\"@id\":\"https:\\\/\\\/skyline-gs.com\\\/it\\\/#\\\/schema\\\/logo\\\/image\\\/\"},\"sameAs\":[\"https:\\\/\\\/www.instagram.com\\\/skylineglobalservice\\\/\"]}]}<\/script>\n<!-- \/ Yoast SEO plugin. -->","yoast_head_json":{"title":"Nusa Penida 2 giorni (All Inclusive) - Escursioni Skyline","robots":{"index":"index","follow":"follow","max-snippet":"max-snippet:-1","max-image-preview":"max-image-preview:large","max-video-preview":"max-video-preview:-1"},"canonical":"https:\/\/skyline-gs.com\/it\/prodotto\/nusa-penida-2-giorni-bali\/","og_locale":"it_IT","og_type":"article","og_title":"\u041d\u0443\u0441\u0430 \u041f\u0435\u043d\u0438\u0434\u0430 2 \u0434\u043d\u044f (\u0412\u0441\u0451 \u0432\u043a\u043b\u044e\u0447\u0435\u043d\u043e) &#8226; \u042d\u043a\u0441\u043a\u0443\u0440\u0441\u0438\u0438 Skyline","og_description":"\u0412\u0440\u0435\u043c\u044f \u0442\u0443\u0440\u0430: 2 \u0434\u043d\u044f  \u0414\u043d\u0438 \u043f\u0440\u043e\u0432\u0435\u0434\u0435\u043d\u0438\u044f: \u041a\u0430\u0436\u0434\u044b\u0439 \u0434\u0435\u043d\u044c","og_url":"https:\/\/skyline-gs.com\/it\/prodotto\/nusa-penida-2-giorni-bali\/","og_site_name":"\u042d\u043a\u0441\u043a\u0443\u0440\u0441\u0438\u0438 Skyline","article_modified_time":"2025-08-25T02:17:14+00:00","og_image":[{"width":669,"height":446,"url":"https:\/\/skyline-gs.com\/wp-content\/uploads\/2025\/08\/19.jpg","type":"image\/jpeg"}],"twitter_card":"summary_large_image","twitter_misc":{"Tempo di lettura stimato":"2 minuti"},"schema":{"@context":"https:\/\/schema.org","@graph":[{"@type":"WebPage","@id":"https:\/\/skyline-gs.com\/fr\/produit\/nusa-penida-2-days-bali\/","url":"https:\/\/skyline-gs.com\/fr\/produit\/nusa-penida-2-days-bali\/","name":"Nusa Penida 2 giorni (All Inclusive) - Escursioni Skyline","isPartOf":{"@id":"https:\/\/skyline-gs.com\/it\/#website"},"primaryImageOfPage":{"@id":"https:\/\/skyline-gs.com\/fr\/produit\/nusa-penida-2-days-bali\/#primaryimage"},"image":{"@id":"https:\/\/skyline-gs.com\/fr\/produit\/nusa-penida-2-days-bali\/#primaryimage"},"thumbnailUrl":"https:\/\/skyline-gs.com\/wp-content\/uploads\/2025\/08\/19.jpg","datePublished":"2025-08-24T22:39:01+00:00","dateModified":"2025-08-25T02:17:14+00:00","breadcrumb":{"@id":"https:\/\/skyline-gs.com\/fr\/produit\/nusa-penida-2-days-bali\/#breadcrumb"},"inLanguage":"it-IT","potentialAction":[{"@type":"ReadAction","target":["https:\/\/skyline-gs.com\/fr\/produit\/nusa-penida-2-days-bali\/"]}]},{"@type":"ImageObject","inLanguage":"it-IT","@id":"https:\/\/skyline-gs.com\/fr\/produit\/nusa-penida-2-days-bali\/#primaryimage","url":"https:\/\/skyline-gs.com\/wp-content\/uploads\/2025\/08\/19.jpg","contentUrl":"https:\/\/skyline-gs.com\/wp-content\/uploads\/2025\/08\/19.jpg","width":669,"height":446},{"@type":"BreadcrumbList","@id":"https:\/\/skyline-gs.com\/fr\/produit\/nusa-penida-2-days-bali\/#breadcrumb","itemListElement":[{"@type":"ListItem","position":1,"name":"\u0413\u043b\u0430\u0432\u043d\u0430\u044f \u0441\u0442\u0440\u0430\u043d\u0438\u0446\u0430","item":"https:\/\/skyline-gs.com\/hu\/"},{"@type":"ListItem","position":2,"name":"\u041c\u0430\u0433\u0430\u0437\u0438\u043d","item":"https:\/\/skyline-gs.com\/cs\/shop\/"},{"@type":"ListItem","position":3,"name":"\u041d\u0443\u0441\u0430 \u041f\u0435\u043d\u0438\u0434\u0430 2 \u0434\u043d\u044f (\u0412\u0441\u0451 \u0432\u043a\u043b\u044e\u0447\u0435\u043d\u043e)"}]},{"@type":"WebSite","@id":"https:\/\/skyline-gs.com\/it\/#website","url":"https:\/\/skyline-gs.com\/it\/","name":"Escursioni Skyline","description":"Escursioni esclusive nei migliori resort del mondo","publisher":{"@id":"https:\/\/skyline-gs.com\/it\/#organization"},"alternateName":"Skyline","potentialAction":[{"@type":"SearchAction","target":{"@type":"EntryPoint","urlTemplate":"https:\/\/skyline-gs.com\/it\/?s={search_term_string}"},"query-input":{"@type":"PropertyValueSpecification","valueRequired":true,"valueName":"search_term_string"}}],"inLanguage":"it-IT"},{"@type":"Organization","@id":"https:\/\/skyline-gs.com\/it\/#organization","name":"Escursioni Skyline","alternateName":"\u042d\u043a\u0441\u043a\u0443\u0440\u0441\u0438\u0438 Skyline","url":"https:\/\/skyline-gs.com\/it\/","logo":{"@type":"ImageObject","inLanguage":"it-IT","@id":"https:\/\/skyline-gs.com\/it\/#\/schema\/logo\/image\/","url":"https:\/\/skyline-gs.com\/wp-content\/uploads\/2020\/12\/cropped-logo-2.png","contentUrl":"https:\/\/skyline-gs.com\/wp-content\/uploads\/2020\/12\/cropped-logo-2.png","width":512,"height":512,"caption":"\u042d\u043a\u0441\u043a\u0443\u0440\u0441\u0438\u0438 Skyline"},"image":{"@id":"https:\/\/skyline-gs.com\/it\/#\/schema\/logo\/image\/"},"sameAs":["https:\/\/www.instagram.com\/skylineglobalservice\/"]}]}},"_links":{"self":[{"href":"https:\/\/skyline-gs.com\/it\/wp-json\/wp\/v2\/product\/65310","targetHints":{"allow":["GET"]}}],"collection":[{"href":"https:\/\/skyline-gs.com\/it\/wp-json\/wp\/v2\/product"}],"about":[{"href":"https:\/\/skyline-gs.com\/it\/wp-json\/wp\/v2\/types\/product"}],"version-history":[{"count":0,"href":"https:\/\/skyline-gs.com\/it\/wp-json\/wp\/v2\/product\/65310\/revisions"}],"wp:featuredmedia":[{"embeddable":true,"href":"https:\/\/skyline-gs.com\/it\/wp-json\/wp\/v2\/media\/65372"}],"wp:attachment":[{"href":"https:\/\/skyline-gs.com\/it\/wp-json\/wp\/v2\/media?parent=65310"}],"wp:term":[{"taxonomy":"product_brand","embeddable":true,"href":"https:\/\/skyline-gs.com\/it\/wp-json\/wp\/v2\/product_brand?post=65310"},{"taxonomy":"product_cat","embeddable":true,"href":"https:\/\/skyline-gs.com\/it\/wp-json\/wp\/v2\/product_cat?post=65310"},{"taxonomy":"product_tag","embeddable":true,"href":"https:\/\/skyline-gs.com\/it\/wp-json\/wp\/v2\/product_tag?post=65310"}],"curies":[{"name":"wp","href":"https:\/\/api.w.org\/{rel}","templated":true}]}}