{"id":64344,"date":"2025-06-16T00:51:23","date_gmt":"2025-06-15T22:51:23","guid":{"rendered":"http:\/\/skyline-gs.com\/?post_type=product&#038;p=64344"},"modified":"2025-06-16T23:17:43","modified_gmt":"2025-06-16T21:17:43","slug":"afari-on-atvs-rafting-kemer","status":"publish","type":"product","link":"https:\/\/skyline-gs.com\/it\/product\/afari-on-atvs-rafting-kemer\/","title":{"rendered":"Safari in ATV + Rafting"},"content":{"rendered":"<p>Una doppia dose di sport estremi: rafting su un fiume di montagna e safari in quad su fuoristrada, tutto in un giorno!<\/p>\n<p><strong>8:00 - Check-out dall'hotel. <\/strong>Trasferimento mattutino dall'hotel al canyon di K\u00f6pr\u00fcl\u00fc<\/p>\n<ul>\n<li><strong>Istruzioni<\/strong> e l'emissione di attrezzature<\/li>\n<li><strong>Rafting<\/strong> (2 ore, barche per 8-10 persone con istruttore)<\/li>\n<li><strong>Fermate per il bagno<\/strong> e foto<\/li>\n<li><strong>Quadro safari<\/strong> (30-45 minuti su strade di montagna e forestali)<\/li>\n<li>Pranzo in un ristorante sulla spiaggia. <strong>Buffet<\/strong>: insalate, pilaf, pasta, kebab di pollo, pesce<\/li>\n<\/ul>\n<p data-start=\"764\" data-end=\"809\"><strong>19:00 - Ritorno in hotel.<\/strong><\/p>\n<p><strong>Incluso:<\/strong><\/p>\n<ul>\n<li>Trasferimenti da e per l'hotel<\/li>\n<li>Attrezzatura (caschi, gilet, pagaie)<\/li>\n<li>Accompagnatore esperto<\/li>\n<li>Assicurazione<\/li>\n<li>Pranzo<\/li>\n<\/ul>\n<p><strong>Non incluso:<\/strong><\/p>\n<ul>\n<li>Bevande<\/li>\n<li>Foto e video - USB (opzionale)<\/li>\n<li>Bandana antipolvere<\/li>\n<li>Occhiali da safari<\/li>\n<li>Custodia del telefono (opzionale)<\/li>\n<li>Muta<\/li>\n<li>Scarpe di gomma<\/li>\n<li>Zattera kayak<\/li>\n<li>Spese personali<\/li>\n<\/ul>\n<p><strong>Portatelo con voi:<\/strong><\/p>\n<ul>\n<li>Le scarpe chiuse sono obbligatorie! Non \u00e8 consentito fare rafting con le infradito.<\/li>\n<li>Costume da bagno, asciugamano, crema solare e occhiali da sole<\/li>\n<li>Cambio di abiti asciutti, copricapo<\/li>\n<li>Stivali di gomma, canottiera sotto il gilet.<\/li>\n<li>Soldi per le spese personali<\/li>\n<\/ul>\n<p><strong>Cosa \u00e8 importante sapere:<\/strong><\/p>\n<ul>\n<li>Patente di guida <strong data-start=\"1511\" data-end=\"1527\">non richiesto<\/strong><\/li>\n<li>Bambini sotto i 16 anni - solo con i genitori<\/li>\n<li>Per le foto\/video, portare con s\u00e9 una chiavetta USB.<\/li>\n<li>L'ordine del programma pu\u00f2 essere modificato<\/li>\n<\/ul>","protected":false},"excerpt":{"rendered":"<p><strong>Orario del Tour:<\/strong> 8:00 - 19:00<\/p>\n<p><strong>Giorni di Svolgimento:<\/strong> Ogni giorno.<\/p>","protected":false},"featured_media":64365,"template":"","meta":{"_kad_post_transparent":"default","_kad_post_title":"","_kad_post_layout":"default","_kad_post_sidebar_id":"","_kad_post_content_style":"default","_kad_post_vertical_padding":"default","_kad_post_feature":"","_kad_post_feature_position":"","_kad_post_header":false,"_kad_post_footer":false,"_kad_post_classname":"","_glsr_average":0,"_glsr_ranking":0,"_glsr_reviews":0},"product_brand":[],"product_cat":[448],"product_tag":[],"class_list":{"0":"post-64344","1":"product","2":"type-product","3":"status-publish","4":"has-post-thumbnail","6":"product_cat-kemer","7":"tm-has-options","9":"first","10":"instock","11":"sold-individually","12":"taxable","13":"shipping-taxable","14":"purchasable","15":"product-type-simple","16":"entry","17":"content-bg","18":"loop-entry"},"yoast_head":"<!-- This site is optimized with the Yoast SEO plugin v27.3 - https:\/\/yoast.com\/product\/yoast-seo-wordpress\/ -->\n<title>\u0421\u0430\u0444\u0430\u0440\u0438 \u043d\u0430 \u043a\u0432\u0430\u0434\u0440\u043e\u0446\u0438\u043a\u043b\u0430\u0445 + \u0420\u0430\u0444\u0442\u0438\u043d\u0433 \u0438\u0437 \u041a\u0435\u043c\u0435\u0440\u0430 &#8226; \u042d\u043a\u0441\u043a\u0443\u0440\u0441\u0438\u0438 Skyline<\/title>\n<meta name=\"description\" content=\"\u0414\u0432\u043e\u0439\u043d\u0430\u044f \u043f\u043e\u0440\u0446\u0438\u044f \u044d\u043a\u0441\u0442\u0440\u0438\u043c\u0430: \u0440\u0430\u0444\u0442\u0438\u043d\u0433 \u043f\u043e \u0433\u043e\u0440\u043d\u043e\u0439 \u0440\u0435\u043a\u0435 \u0438 \u0441\u0430\u0444\u0430\u0440\u0438 \u043d\u0430 \u043a\u0432\u0430\u0434\u0440\u043e\u0446\u0438\u043a\u043b\u0430\u0445 \u043f\u043e \u0431\u0435\u0437\u0434\u043e\u0440\u043e\u0436\u044c\u044e \u2014 \u0432\u0441\u0451 \u0437\u0430 \u043e\u0434\u0438\u043d \u0434\u0435\u043d\u044c!\" \/>\n<meta name=\"robots\" content=\"index, follow, max-snippet:-1, max-image-preview:large, max-video-preview:-1\" \/>\n<link rel=\"canonical\" href=\"http:\/\/skyline-gs.com\/it\/prodotto\/afari-on-atvs-rafting-kemer\/\" \/>\n<meta property=\"og:locale\" content=\"it_IT\" \/>\n<meta property=\"og:type\" content=\"article\" \/>\n<meta property=\"og:title\" content=\"\u0421\u0430\u0444\u0430\u0440\u0438 \u043d\u0430 \u043a\u0432\u0430\u0434\u0440\u043e\u0446\u0438\u043a\u043b\u0430\u0445 + \u0420\u0430\u0444\u0442\u0438\u043d\u0433 \u0438\u0437 \u041a\u0435\u043c\u0435\u0440\u0430 &#8226; \u042d\u043a\u0441\u043a\u0443\u0440\u0441\u0438\u0438 Skyline\" \/>\n<meta property=\"og:description\" content=\"\u0414\u0432\u043e\u0439\u043d\u0430\u044f \u043f\u043e\u0440\u0446\u0438\u044f \u044d\u043a\u0441\u0442\u0440\u0438\u043c\u0430: \u0440\u0430\u0444\u0442\u0438\u043d\u0433 \u043f\u043e \u0433\u043e\u0440\u043d\u043e\u0439 \u0440\u0435\u043a\u0435 \u0438 \u0441\u0430\u0444\u0430\u0440\u0438 \u043d\u0430 \u043a\u0432\u0430\u0434\u0440\u043e\u0446\u0438\u043a\u043b\u0430\u0445 \u043f\u043e \u0431\u0435\u0437\u0434\u043e\u0440\u043e\u0436\u044c\u044e \u2014 \u0432\u0441\u0451 \u0437\u0430 \u043e\u0434\u0438\u043d \u0434\u0435\u043d\u044c!\" \/>\n<meta property=\"og:url\" content=\"http:\/\/skyline-gs.com\/it\/prodotto\/afari-on-atvs-rafting-kemer\/\" \/>\n<meta property=\"og:site_name\" content=\"\u042d\u043a\u0441\u043a\u0443\u0440\u0441\u0438\u0438 Skyline\" \/>\n<meta property=\"article:modified_time\" content=\"2025-06-16T21:17:43+00:00\" \/>\n<meta property=\"og:image\" content=\"https:\/\/skyline-gs.com\/wp-content\/uploads\/2025\/06\/\u041a\u0432\u0430\u0434\u0440\u043e\u0446\u0438\u043a\u043b\u044b-\u041a\u0435\u043c\u0435\u0440.jpg\" \/>\n\t<meta property=\"og:image:width\" content=\"669\" \/>\n\t<meta property=\"og:image:height\" content=\"446\" \/>\n\t<meta property=\"og:image:type\" content=\"image\/jpeg\" \/>\n<meta name=\"twitter:card\" content=\"summary_large_image\" \/>\n<meta name=\"twitter:label1\" content=\"Tempo di lettura stimato\" \/>\n\t<meta name=\"twitter:data1\" content=\"2 minuti\" \/>\n<script type=\"application\/ld+json\" class=\"yoast-schema-graph\">{\"@context\":\"https:\\\/\\\/schema.org\",\"@graph\":[{\"@type\":\"WebPage\",\"@id\":\"http:\\\/\\\/skyline-gs.com\\\/de\\\/produkt\\\/afari-on-atvs-rafting-kemer\\\/\",\"url\":\"http:\\\/\\\/skyline-gs.com\\\/de\\\/produkt\\\/afari-on-atvs-rafting-kemer\\\/\",\"name\":\"\u0421\u0430\u0444\u0430\u0440\u0438 \u043d\u0430 \u043a\u0432\u0430\u0434\u0440\u043e\u0446\u0438\u043a\u043b\u0430\u0445 + \u0420\u0430\u0444\u0442\u0438\u043d\u0433 \u0438\u0437 \u041a\u0435\u043c\u0435\u0440\u0430 &#8226; \u042d\u043a\u0441\u043a\u0443\u0440\u0441\u0438\u0438 Skyline\",\"isPartOf\":{\"@id\":\"https:\\\/\\\/skyline-gs.com\\\/it\\\/#website\"},\"primaryImageOfPage\":{\"@id\":\"http:\\\/\\\/skyline-gs.com\\\/de\\\/produkt\\\/afari-on-atvs-rafting-kemer\\\/#primaryimage\"},\"image\":{\"@id\":\"http:\\\/\\\/skyline-gs.com\\\/de\\\/produkt\\\/afari-on-atvs-rafting-kemer\\\/#primaryimage\"},\"thumbnailUrl\":\"https:\\\/\\\/skyline-gs.com\\\/wp-content\\\/uploads\\\/2025\\\/06\\\/\u041a\u0432\u0430\u0434\u0440\u043e\u0446\u0438\u043a\u043b\u044b-\u041a\u0435\u043c\u0435\u0440.jpg\",\"datePublished\":\"2025-06-15T22:51:23+00:00\",\"dateModified\":\"2025-06-16T21:17:43+00:00\",\"description\":\"\u0414\u0432\u043e\u0439\u043d\u0430\u044f \u043f\u043e\u0440\u0446\u0438\u044f \u044d\u043a\u0441\u0442\u0440\u0438\u043c\u0430: \u0440\u0430\u0444\u0442\u0438\u043d\u0433 \u043f\u043e \u0433\u043e\u0440\u043d\u043e\u0439 \u0440\u0435\u043a\u0435 \u0438 \u0441\u0430\u0444\u0430\u0440\u0438 \u043d\u0430 \u043a\u0432\u0430\u0434\u0440\u043e\u0446\u0438\u043a\u043b\u0430\u0445 \u043f\u043e \u0431\u0435\u0437\u0434\u043e\u0440\u043e\u0436\u044c\u044e \u2014 \u0432\u0441\u0451 \u0437\u0430 \u043e\u0434\u0438\u043d \u0434\u0435\u043d\u044c!\",\"breadcrumb\":{\"@id\":\"http:\\\/\\\/skyline-gs.com\\\/de\\\/produkt\\\/afari-on-atvs-rafting-kemer\\\/#breadcrumb\"},\"inLanguage\":\"it-IT\",\"potentialAction\":[{\"@type\":\"ReadAction\",\"target\":[\"http:\\\/\\\/skyline-gs.com\\\/de\\\/produkt\\\/afari-on-atvs-rafting-kemer\\\/\"]}]},{\"@type\":\"ImageObject\",\"inLanguage\":\"it-IT\",\"@id\":\"http:\\\/\\\/skyline-gs.com\\\/de\\\/produkt\\\/afari-on-atvs-rafting-kemer\\\/#primaryimage\",\"url\":\"https:\\\/\\\/skyline-gs.com\\\/wp-content\\\/uploads\\\/2025\\\/06\\\/\u041a\u0432\u0430\u0434\u0440\u043e\u0446\u0438\u043a\u043b\u044b-\u041a\u0435\u043c\u0435\u0440.jpg\",\"contentUrl\":\"https:\\\/\\\/skyline-gs.com\\\/wp-content\\\/uploads\\\/2025\\\/06\\\/\u041a\u0432\u0430\u0434\u0440\u043e\u0446\u0438\u043a\u043b\u044b-\u041a\u0435\u043c\u0435\u0440.jpg\",\"width\":669,\"height\":446},{\"@type\":\"BreadcrumbList\",\"@id\":\"http:\\\/\\\/skyline-gs.com\\\/de\\\/produkt\\\/afari-on-atvs-rafting-kemer\\\/#breadcrumb\",\"itemListElement\":[{\"@type\":\"ListItem\",\"position\":1,\"name\":\"\u0413\u043b\u0430\u0432\u043d\u0430\u044f \u0441\u0442\u0440\u0430\u043d\u0438\u0446\u0430\",\"item\":\"https:\\\/\\\/skyline-gs.com\\\/hu\\\/\"},{\"@type\":\"ListItem\",\"position\":2,\"name\":\"\u041c\u0430\u0433\u0430\u0437\u0438\u043d\",\"item\":\"https:\\\/\\\/skyline-gs.com\\\/cs\\\/shop\\\/\"},{\"@type\":\"ListItem\",\"position\":3,\"name\":\"\u0421\u0430\u0444\u0430\u0440\u0438 \u043d\u0430 \u043a\u0432\u0430\u0434\u0440\u043e\u0446\u0438\u043a\u043b\u0430\u0445 + \u0420\u0430\u0444\u0442\u0438\u043d\u0433\"}]},{\"@type\":\"WebSite\",\"@id\":\"https:\\\/\\\/skyline-gs.com\\\/it\\\/#website\",\"url\":\"https:\\\/\\\/skyline-gs.com\\\/it\\\/\",\"name\":\"\u042d\u043a\u0441\u043a\u0443\u0440\u0441\u0438\u0438 Skyline\",\"description\":\"\u042d\u043a\u0441\u043a\u043b\u044e\u0437\u0438\u0432\u043d\u044b\u0435 \u044d\u043a\u0441\u043a\u0443\u0440\u0441\u0438\u0438 \u043d\u0430 \u043b\u0443\u0447\u0448\u0438\u0445 \u043a\u0443\u0440\u043e\u0440\u0442\u0430\u0445 \u043c\u0438\u0440\u0430\",\"publisher\":{\"@id\":\"https:\\\/\\\/skyline-gs.com\\\/it\\\/#organization\"},\"alternateName\":\"Skyline\",\"potentialAction\":[{\"@type\":\"SearchAction\",\"target\":{\"@type\":\"EntryPoint\",\"urlTemplate\":\"https:\\\/\\\/skyline-gs.com\\\/it\\\/?s={search_term_string}\"},\"query-input\":{\"@type\":\"PropertyValueSpecification\",\"valueRequired\":true,\"valueName\":\"search_term_string\"}}],\"inLanguage\":\"it-IT\"},{\"@type\":\"Organization\",\"@id\":\"https:\\\/\\\/skyline-gs.com\\\/it\\\/#organization\",\"name\":\"\u042d\u043a\u0441\u043a\u0443\u0440\u0441\u0438\u0438 Skyline\",\"alternateName\":\"\u042d\u043a\u0441\u043a\u0443\u0440\u0441\u0438\u0438 Skyline\",\"url\":\"https:\\\/\\\/skyline-gs.com\\\/it\\\/\",\"logo\":{\"@type\":\"ImageObject\",\"inLanguage\":\"it-IT\",\"@id\":\"https:\\\/\\\/skyline-gs.com\\\/it\\\/#\\\/schema\\\/logo\\\/image\\\/\",\"url\":\"https:\\\/\\\/skyline-gs.com\\\/wp-content\\\/uploads\\\/2020\\\/12\\\/cropped-logo-2.png\",\"contentUrl\":\"https:\\\/\\\/skyline-gs.com\\\/wp-content\\\/uploads\\\/2020\\\/12\\\/cropped-logo-2.png\",\"width\":512,\"height\":512,\"caption\":\"\u042d\u043a\u0441\u043a\u0443\u0440\u0441\u0438\u0438 Skyline\"},\"image\":{\"@id\":\"https:\\\/\\\/skyline-gs.com\\\/it\\\/#\\\/schema\\\/logo\\\/image\\\/\"},\"sameAs\":[\"https:\\\/\\\/www.instagram.com\\\/skylineglobalservice\\\/\"]}]}<\/script>\n<!-- \/ Yoast SEO plugin. -->","yoast_head_json":{"title":"Safari in quad + rafting da Kemer - Escursioni Skyline","description":"Una doppia dose di sport estremi: rafting su un fiume di montagna e safari in quad su fuoristrada, tutto in un giorno!","robots":{"index":"index","follow":"follow","max-snippet":"max-snippet:-1","max-image-preview":"max-image-preview:large","max-video-preview":"max-video-preview:-1"},"canonical":"http:\/\/skyline-gs.com\/it\/prodotto\/afari-on-atvs-rafting-kemer\/","og_locale":"it_IT","og_type":"article","og_title":"\u0421\u0430\u0444\u0430\u0440\u0438 \u043d\u0430 \u043a\u0432\u0430\u0434\u0440\u043e\u0446\u0438\u043a\u043b\u0430\u0445 + \u0420\u0430\u0444\u0442\u0438\u043d\u0433 \u0438\u0437 \u041a\u0435\u043c\u0435\u0440\u0430 &#8226; \u042d\u043a\u0441\u043a\u0443\u0440\u0441\u0438\u0438 Skyline","og_description":"\u0414\u0432\u043e\u0439\u043d\u0430\u044f \u043f\u043e\u0440\u0446\u0438\u044f \u044d\u043a\u0441\u0442\u0440\u0438\u043c\u0430: \u0440\u0430\u0444\u0442\u0438\u043d\u0433 \u043f\u043e \u0433\u043e\u0440\u043d\u043e\u0439 \u0440\u0435\u043a\u0435 \u0438 \u0441\u0430\u0444\u0430\u0440\u0438 \u043d\u0430 \u043a\u0432\u0430\u0434\u0440\u043e\u0446\u0438\u043a\u043b\u0430\u0445 \u043f\u043e \u0431\u0435\u0437\u0434\u043e\u0440\u043e\u0436\u044c\u044e \u2014 \u0432\u0441\u0451 \u0437\u0430 \u043e\u0434\u0438\u043d \u0434\u0435\u043d\u044c!","og_url":"http:\/\/skyline-gs.com\/it\/prodotto\/afari-on-atvs-rafting-kemer\/","og_site_name":"\u042d\u043a\u0441\u043a\u0443\u0440\u0441\u0438\u0438 Skyline","article_modified_time":"2025-06-16T21:17:43+00:00","og_image":[{"width":669,"height":446,"url":"https:\/\/skyline-gs.com\/wp-content\/uploads\/2025\/06\/\u041a\u0432\u0430\u0434\u0440\u043e\u0446\u0438\u043a\u043b\u044b-\u041a\u0435\u043c\u0435\u0440.jpg","type":"image\/jpeg"}],"twitter_card":"summary_large_image","twitter_misc":{"Tempo di lettura stimato":"2 minuti"},"schema":{"@context":"https:\/\/schema.org","@graph":[{"@type":"WebPage","@id":"http:\/\/skyline-gs.com\/de\/produkt\/afari-on-atvs-rafting-kemer\/","url":"http:\/\/skyline-gs.com\/de\/produkt\/afari-on-atvs-rafting-kemer\/","name":"Safari in quad + rafting da Kemer - Escursioni Skyline","isPartOf":{"@id":"https:\/\/skyline-gs.com\/it\/#website"},"primaryImageOfPage":{"@id":"http:\/\/skyline-gs.com\/de\/produkt\/afari-on-atvs-rafting-kemer\/#primaryimage"},"image":{"@id":"http:\/\/skyline-gs.com\/de\/produkt\/afari-on-atvs-rafting-kemer\/#primaryimage"},"thumbnailUrl":"https:\/\/skyline-gs.com\/wp-content\/uploads\/2025\/06\/\u041a\u0432\u0430\u0434\u0440\u043e\u0446\u0438\u043a\u043b\u044b-\u041a\u0435\u043c\u0435\u0440.jpg","datePublished":"2025-06-15T22:51:23+00:00","dateModified":"2025-06-16T21:17:43+00:00","description":"Una doppia dose di sport estremi: rafting su un fiume di montagna e safari in quad su fuoristrada, tutto in un giorno!","breadcrumb":{"@id":"http:\/\/skyline-gs.com\/de\/produkt\/afari-on-atvs-rafting-kemer\/#breadcrumb"},"inLanguage":"it-IT","potentialAction":[{"@type":"ReadAction","target":["http:\/\/skyline-gs.com\/de\/produkt\/afari-on-atvs-rafting-kemer\/"]}]},{"@type":"ImageObject","inLanguage":"it-IT","@id":"http:\/\/skyline-gs.com\/de\/produkt\/afari-on-atvs-rafting-kemer\/#primaryimage","url":"https:\/\/skyline-gs.com\/wp-content\/uploads\/2025\/06\/\u041a\u0432\u0430\u0434\u0440\u043e\u0446\u0438\u043a\u043b\u044b-\u041a\u0435\u043c\u0435\u0440.jpg","contentUrl":"https:\/\/skyline-gs.com\/wp-content\/uploads\/2025\/06\/\u041a\u0432\u0430\u0434\u0440\u043e\u0446\u0438\u043a\u043b\u044b-\u041a\u0435\u043c\u0435\u0440.jpg","width":669,"height":446},{"@type":"BreadcrumbList","@id":"http:\/\/skyline-gs.com\/de\/produkt\/afari-on-atvs-rafting-kemer\/#breadcrumb","itemListElement":[{"@type":"ListItem","position":1,"name":"\u0413\u043b\u0430\u0432\u043d\u0430\u044f \u0441\u0442\u0440\u0430\u043d\u0438\u0446\u0430","item":"https:\/\/skyline-gs.com\/hu\/"},{"@type":"ListItem","position":2,"name":"\u041c\u0430\u0433\u0430\u0437\u0438\u043d","item":"https:\/\/skyline-gs.com\/cs\/shop\/"},{"@type":"ListItem","position":3,"name":"\u0421\u0430\u0444\u0430\u0440\u0438 \u043d\u0430 \u043a\u0432\u0430\u0434\u0440\u043e\u0446\u0438\u043a\u043b\u0430\u0445 + \u0420\u0430\u0444\u0442\u0438\u043d\u0433"}]},{"@type":"WebSite","@id":"https:\/\/skyline-gs.com\/it\/#website","url":"https:\/\/skyline-gs.com\/it\/","name":"Escursioni Skyline","description":"Escursioni esclusive nei migliori resort del mondo","publisher":{"@id":"https:\/\/skyline-gs.com\/it\/#organization"},"alternateName":"Skyline","potentialAction":[{"@type":"SearchAction","target":{"@type":"EntryPoint","urlTemplate":"https:\/\/skyline-gs.com\/it\/?s={search_term_string}"},"query-input":{"@type":"PropertyValueSpecification","valueRequired":true,"valueName":"search_term_string"}}],"inLanguage":"it-IT"},{"@type":"Organization","@id":"https:\/\/skyline-gs.com\/it\/#organization","name":"Escursioni Skyline","alternateName":"\u042d\u043a\u0441\u043a\u0443\u0440\u0441\u0438\u0438 Skyline","url":"https:\/\/skyline-gs.com\/it\/","logo":{"@type":"ImageObject","inLanguage":"it-IT","@id":"https:\/\/skyline-gs.com\/it\/#\/schema\/logo\/image\/","url":"https:\/\/skyline-gs.com\/wp-content\/uploads\/2020\/12\/cropped-logo-2.png","contentUrl":"https:\/\/skyline-gs.com\/wp-content\/uploads\/2020\/12\/cropped-logo-2.png","width":512,"height":512,"caption":"\u042d\u043a\u0441\u043a\u0443\u0440\u0441\u0438\u0438 Skyline"},"image":{"@id":"https:\/\/skyline-gs.com\/it\/#\/schema\/logo\/image\/"},"sameAs":["https:\/\/www.instagram.com\/skylineglobalservice\/"]}]}},"_links":{"self":[{"href":"https:\/\/skyline-gs.com\/it\/wp-json\/wp\/v2\/product\/64344","targetHints":{"allow":["GET"]}}],"collection":[{"href":"https:\/\/skyline-gs.com\/it\/wp-json\/wp\/v2\/product"}],"about":[{"href":"https:\/\/skyline-gs.com\/it\/wp-json\/wp\/v2\/types\/product"}],"version-history":[{"count":0,"href":"https:\/\/skyline-gs.com\/it\/wp-json\/wp\/v2\/product\/64344\/revisions"}],"wp:featuredmedia":[{"embeddable":true,"href":"https:\/\/skyline-gs.com\/it\/wp-json\/wp\/v2\/media\/64365"}],"wp:attachment":[{"href":"https:\/\/skyline-gs.com\/it\/wp-json\/wp\/v2\/media?parent=64344"}],"wp:term":[{"taxonomy":"product_brand","embeddable":true,"href":"https:\/\/skyline-gs.com\/it\/wp-json\/wp\/v2\/product_brand?post=64344"},{"taxonomy":"product_cat","embeddable":true,"href":"https:\/\/skyline-gs.com\/it\/wp-json\/wp\/v2\/product_cat?post=64344"},{"taxonomy":"product_tag","embeddable":true,"href":"https:\/\/skyline-gs.com\/it\/wp-json\/wp\/v2\/product_tag?post=64344"}],"curies":[{"name":"wp","href":"https:\/\/api.w.org\/{rel}","templated":true}]}}