{"id":64157,"date":"2025-06-13T22:13:27","date_gmt":"2025-06-13T20:13:27","guid":{"rendered":"http:\/\/skyline-gs.com\/?post_type=product&#038;p=64157"},"modified":"2025-06-16T23:19:31","modified_gmt":"2025-06-16T21:19:31","slug":"tazy-rafting-kemer","status":"publish","type":"product","link":"https:\/\/skyline-gs.com\/it\/product\/tazy-rafting-kemer\/","title":{"rendered":"Tazy Canyon + Rafting"},"content":{"rendered":"<p data-start=\"525\" data-end=\"664\">Immergetevi nei contrasti naturali della Turchia: esplorate canyon con panorami scenografici, godetevi un'escursione in auto attraverso terreni montuosi e concludete la giornata con un'attiva escursione di rafting sul fiume con istruttori esperti.<strong data-start=\"525\" data-end=\"557\"><br \/>\n<\/strong><\/p>\n<p data-start=\"734\" data-end=\"872\"><strong data-start=\"734\" data-end=\"766\">8:00 - Partenza dall'hotel. <\/strong>Trasferimento al Parco Nazionale di K\u00f6pr\u00fcl\u00fc. Il tempo di percorrenza \u00e8 di circa 1 ora (a seconda della posizione dell'hotel).<\/p>\n<ul>\n<li data-start=\"874\" data-end=\"947\"><strong data-start=\"874\" data-end=\"892\">Canyon di K\u00f6pr\u00fcl\u00fc<\/strong> - prima sosta per un breve riposo e un briefing.<\/li>\n<li data-start=\"874\" data-end=\"947\"><strong style=\"font-family: var(--global-body-font-family);\" data-start=\"949\" data-end=\"975\">Trasferimento al Tazy Canyon. <\/strong>Trasferimento in autobus convertibili e viaggio verso il Tazy Canyon (circa 30 minuti). Durante il tragitto - panoramica del paesaggio montano.<\/li>\n<li data-start=\"874\" data-end=\"947\"><strong style=\"font-family: var(--global-body-font-family);\" data-start=\"1083\" data-end=\"1098\">Canyon Tazy<\/strong><span style=\"font-family: var(--global-body-font-family);\"> - 30-40 minuti di tempo libero. Possibilit\u00e0 di passeggiare, osservare da punti panoramici e fotografare.<\/span><\/li>\n<li data-start=\"874\" data-end=\"947\"><strong style=\"font-family: var(--global-body-font-family);\" data-start=\"1198\" data-end=\"1223\">Ritorno a K\u00f6pr\u00fcl\u00fc. <\/strong>Preparazione per il rafting: briefing, firma dei documenti, acquisto dell'attrezzatura (gilet, casco).<\/li>\n<li data-start=\"874\" data-end=\"947\"><strong style=\"font-family: var(--global-body-font-family);\" data-start=\"1322\" data-end=\"1349\">Rafting sul fiume K\u00f6pr\u00fcl\u00fc<\/strong><span style=\"font-family: var(--global-body-font-family);\"> - durata del rafting: 2-2,5 ore. Lungo il percorso sono previste 2 soste tecniche di 30 e 15 minuti.<\/span><\/li>\n<li data-start=\"874\" data-end=\"947\"><strong style=\"font-family: var(--global-body-font-family);\" data-start=\"1456\" data-end=\"1478\">Doccia e cambio<\/strong><span style=\"font-family: var(--global-body-font-family);\"> - alla fine del rafting.<\/span><\/li>\n<li data-start=\"874\" data-end=\"947\"><strong style=\"font-family: var(--global-body-font-family);\" data-start=\"1505\" data-end=\"1513\">Pranzo. <\/strong>Buffet: kebab di pollo, pesce, pilaf, pasta, insalate fresche.<\/li>\n<\/ul>\n<p data-start=\"1585\" data-end=\"1679\"><strong>19:00 - Ritorno in hotel.<\/strong><\/p>\n<p><strong>Incluso:<\/strong><\/p>\n<ul>\n<li data-start=\"1703\" data-end=\"1732\">Trasferimento da e per l'hotel<\/li>\n<li data-start=\"1735\" data-end=\"1797\">Trasferimenti lungo il percorso, incluso il cabrio-bus per il Tazy Canyon<\/li>\n<li data-start=\"1800\" data-end=\"1821\">Guida di lingua russa<\/li>\n<li data-start=\"1824\" data-end=\"1849\">Attrezzatura per il rafting<\/li>\n<li data-start=\"1852\" data-end=\"1880\">Istruzione e accompagnamento<\/li>\n<li data-start=\"1883\" data-end=\"1889\">Pranzo<\/li>\n<li data-start=\"1892\" data-end=\"1901\">Assicurazione<\/li>\n<\/ul>\n<p><strong>Non incluso:<\/strong><\/p>\n<ul>\n<li data-start=\"1928\" data-end=\"1937\">Bevande<\/li>\n<li data-start=\"1940\" data-end=\"1988\">Registrazione di foto e video (USB con materiali - 30$)<\/li>\n<li data-start=\"1991\" data-end=\"2026\">Bandana, occhiali, custodia del telefono.<\/li>\n<li data-start=\"2029\" data-end=\"2067\">Scarpe da rafting (8$ - facoltative)<\/li>\n<li data-start=\"2070\" data-end=\"2100\">Kayak (10$ - opzionale)<\/li>\n<li data-start=\"2103\" data-end=\"2135\">Muta (5$ - opzionale)<\/li>\n<li data-start=\"2138\" data-end=\"2152\">Spese personali<\/li>\n<\/ul>\n<p><strong>Portatelo con voi:<\/strong><\/p>\n<ul>\n<li data-start=\"2193\" data-end=\"2215\">Costume da bagno o pantaloncini da bagno<\/li>\n<li data-start=\"2218\" data-end=\"2229\">Asciugamano<\/li>\n<li data-start=\"2232\" data-end=\"2270\">Scarpe comode (preferibilmente di gomma)<\/li>\n<li data-start=\"2273\" data-end=\"2294\">Protezione solare<\/li>\n<li data-start=\"2297\" data-end=\"2323\">Contanti per spese personali<\/li>\n<\/ul>","protected":false},"excerpt":{"rendered":"<p><strong>Orario del Tour:<\/strong> 8:00 \u2014 19:00<\/p>\n<p><strong>Giorni di Svolgimento:<\/strong> Luned\u00ec, mercoled\u00ec, venerd\u00ec, domenica<\/p>","protected":false},"featured_media":63907,"template":"","meta":{"_kad_post_transparent":"default","_kad_post_title":"","_kad_post_layout":"default","_kad_post_sidebar_id":"","_kad_post_content_style":"default","_kad_post_vertical_padding":"default","_kad_post_feature":"","_kad_post_feature_position":"","_kad_post_header":false,"_kad_post_footer":false,"_kad_post_classname":"","_glsr_average":0,"_glsr_ranking":0,"_glsr_reviews":0},"product_brand":[],"product_cat":[448],"product_tag":[],"class_list":{"0":"post-64157","1":"product","2":"type-product","3":"status-publish","4":"has-post-thumbnail","6":"product_cat-kemer","7":"tm-has-options","9":"first","10":"instock","11":"sale","12":"sold-individually","13":"taxable","14":"shipping-taxable","15":"purchasable","16":"product-type-simple","17":"entry","18":"content-bg","19":"loop-entry"},"yoast_head":"<!-- This site is optimized with the Yoast SEO plugin v27.3 - https:\/\/yoast.com\/product\/yoast-seo-wordpress\/ -->\n<title>\u041a\u0430\u043d\u044c\u043e\u043d \u0422\u0430\u0437\u044b + \u0420\u0430\u0444\u0442\u0438\u043d\u0433 &#8226; \u042d\u043a\u0441\u043a\u0443\u0440\u0441\u0438\u0438 Skyline<\/title>\n<meta name=\"description\" content=\"\u0418\u0441\u0441\u043b\u0435\u0434\u0443\u0439\u0442\u0435 \u043a\u0430\u043d\u044c\u043e\u043d\u044b \u0441 \u0436\u0438\u0432\u043e\u043f\u0438\u0441\u043d\u044b\u043c\u0438 \u043f\u0430\u043d\u043e\u0440\u0430\u043c\u0430\u043c\u0438, \u043d\u0430\u0441\u043b\u0430\u0434\u0438\u0442\u0435\u0441\u044c \u043f\u043e\u0435\u0437\u0434\u043a\u043e\u0439 \u043f\u043e \u0433\u043e\u0440\u043d\u043e\u0439 \u043c\u0435\u0441\u0442\u043d\u043e\u0441\u0442\u0438 \u0438 \u0437\u0430\u0432\u0435\u0440\u0448\u0438\u0442\u0435 \u0434\u0435\u043d\u044c \u0441\u043f\u043b\u0430\u0432\u043e\u043c \u043f\u043e \u0440\u0435\u043a\u0435. \u0417\u0430\u043a\u0430\u0436\u0438\u0442\u0435 \u0443\u0436\u0435 \u0441\u0435\u0439\u0447\u0430\u0441!\" \/>\n<meta name=\"robots\" content=\"index, follow, max-snippet:-1, max-image-preview:large, max-video-preview:-1\" \/>\n<link rel=\"canonical\" href=\"http:\/\/skyline-gs.com\/it\/prodotto\/tazy-rafting-kemer\/\" \/>\n<meta property=\"og:locale\" content=\"it_IT\" \/>\n<meta property=\"og:type\" content=\"article\" \/>\n<meta property=\"og:title\" content=\"\u041a\u0430\u043d\u044c\u043e\u043d \u0422\u0430\u0437\u044b + \u0420\u0430\u0444\u0442\u0438\u043d\u0433 &#8226; \u042d\u043a\u0441\u043a\u0443\u0440\u0441\u0438\u0438 Skyline\" \/>\n<meta property=\"og:description\" content=\"\u0418\u0441\u0441\u043b\u0435\u0434\u0443\u0439\u0442\u0435 \u043a\u0430\u043d\u044c\u043e\u043d\u044b \u0441 \u0436\u0438\u0432\u043e\u043f\u0438\u0441\u043d\u044b\u043c\u0438 \u043f\u0430\u043d\u043e\u0440\u0430\u043c\u0430\u043c\u0438, \u043d\u0430\u0441\u043b\u0430\u0434\u0438\u0442\u0435\u0441\u044c \u043f\u043e\u0435\u0437\u0434\u043a\u043e\u0439 \u043f\u043e \u0433\u043e\u0440\u043d\u043e\u0439 \u043c\u0435\u0441\u0442\u043d\u043e\u0441\u0442\u0438 \u0438 \u0437\u0430\u0432\u0435\u0440\u0448\u0438\u0442\u0435 \u0434\u0435\u043d\u044c \u0441\u043f\u043b\u0430\u0432\u043e\u043c \u043f\u043e \u0440\u0435\u043a\u0435. \u0417\u0430\u043a\u0430\u0436\u0438\u0442\u0435 \u0443\u0436\u0435 \u0441\u0435\u0439\u0447\u0430\u0441!\" \/>\n<meta property=\"og:url\" content=\"http:\/\/skyline-gs.com\/it\/prodotto\/tazy-rafting-kemer\/\" \/>\n<meta property=\"og:site_name\" content=\"\u042d\u043a\u0441\u043a\u0443\u0440\u0441\u0438\u0438 Skyline\" \/>\n<meta property=\"article:modified_time\" content=\"2025-06-16T21:19:31+00:00\" \/>\n<meta property=\"og:image\" content=\"https:\/\/skyline-gs.com\/wp-content\/uploads\/2025\/06\/\u041a\u0430\u043d\u044c\u043e\u043d-\u0422\u0430\u0437\u044b-22.jpg\" \/>\n\t<meta property=\"og:image:width\" content=\"669\" \/>\n\t<meta property=\"og:image:height\" content=\"446\" \/>\n\t<meta property=\"og:image:type\" content=\"image\/jpeg\" \/>\n<meta name=\"twitter:card\" content=\"summary_large_image\" \/>\n<meta name=\"twitter:label1\" content=\"Tempo di lettura stimato\" \/>\n\t<meta name=\"twitter:data1\" content=\"2 minuti\" \/>\n<script type=\"application\/ld+json\" class=\"yoast-schema-graph\">{\"@context\":\"https:\\\/\\\/schema.org\",\"@graph\":[{\"@type\":\"WebPage\",\"@id\":\"http:\\\/\\\/skyline-gs.com\\\/cs\\\/produkt\\\/tazy-rafting-kemer\\\/\",\"url\":\"http:\\\/\\\/skyline-gs.com\\\/cs\\\/produkt\\\/tazy-rafting-kemer\\\/\",\"name\":\"\u041a\u0430\u043d\u044c\u043e\u043d \u0422\u0430\u0437\u044b + \u0420\u0430\u0444\u0442\u0438\u043d\u0433 &#8226; \u042d\u043a\u0441\u043a\u0443\u0440\u0441\u0438\u0438 Skyline\",\"isPartOf\":{\"@id\":\"https:\\\/\\\/skyline-gs.com\\\/it\\\/#website\"},\"primaryImageOfPage\":{\"@id\":\"http:\\\/\\\/skyline-gs.com\\\/cs\\\/produkt\\\/tazy-rafting-kemer\\\/#primaryimage\"},\"image\":{\"@id\":\"http:\\\/\\\/skyline-gs.com\\\/cs\\\/produkt\\\/tazy-rafting-kemer\\\/#primaryimage\"},\"thumbnailUrl\":\"https:\\\/\\\/skyline-gs.com\\\/wp-content\\\/uploads\\\/2025\\\/06\\\/\u041a\u0430\u043d\u044c\u043e\u043d-\u0422\u0430\u0437\u044b-22.jpg\",\"datePublished\":\"2025-06-13T20:13:27+00:00\",\"dateModified\":\"2025-06-16T21:19:31+00:00\",\"description\":\"\u0418\u0441\u0441\u043b\u0435\u0434\u0443\u0439\u0442\u0435 \u043a\u0430\u043d\u044c\u043e\u043d\u044b \u0441 \u0436\u0438\u0432\u043e\u043f\u0438\u0441\u043d\u044b\u043c\u0438 \u043f\u0430\u043d\u043e\u0440\u0430\u043c\u0430\u043c\u0438, \u043d\u0430\u0441\u043b\u0430\u0434\u0438\u0442\u0435\u0441\u044c \u043f\u043e\u0435\u0437\u0434\u043a\u043e\u0439 \u043f\u043e \u0433\u043e\u0440\u043d\u043e\u0439 \u043c\u0435\u0441\u0442\u043d\u043e\u0441\u0442\u0438 \u0438 \u0437\u0430\u0432\u0435\u0440\u0448\u0438\u0442\u0435 \u0434\u0435\u043d\u044c \u0441\u043f\u043b\u0430\u0432\u043e\u043c \u043f\u043e \u0440\u0435\u043a\u0435. \u0417\u0430\u043a\u0430\u0436\u0438\u0442\u0435 \u0443\u0436\u0435 \u0441\u0435\u0439\u0447\u0430\u0441!\",\"breadcrumb\":{\"@id\":\"http:\\\/\\\/skyline-gs.com\\\/cs\\\/produkt\\\/tazy-rafting-kemer\\\/#breadcrumb\"},\"inLanguage\":\"it-IT\",\"potentialAction\":[{\"@type\":\"ReadAction\",\"target\":[\"http:\\\/\\\/skyline-gs.com\\\/cs\\\/produkt\\\/tazy-rafting-kemer\\\/\"]}]},{\"@type\":\"ImageObject\",\"inLanguage\":\"it-IT\",\"@id\":\"http:\\\/\\\/skyline-gs.com\\\/cs\\\/produkt\\\/tazy-rafting-kemer\\\/#primaryimage\",\"url\":\"https:\\\/\\\/skyline-gs.com\\\/wp-content\\\/uploads\\\/2025\\\/06\\\/\u041a\u0430\u043d\u044c\u043e\u043d-\u0422\u0430\u0437\u044b-22.jpg\",\"contentUrl\":\"https:\\\/\\\/skyline-gs.com\\\/wp-content\\\/uploads\\\/2025\\\/06\\\/\u041a\u0430\u043d\u044c\u043e\u043d-\u0422\u0430\u0437\u044b-22.jpg\",\"width\":669,\"height\":446},{\"@type\":\"BreadcrumbList\",\"@id\":\"http:\\\/\\\/skyline-gs.com\\\/cs\\\/produkt\\\/tazy-rafting-kemer\\\/#breadcrumb\",\"itemListElement\":[{\"@type\":\"ListItem\",\"position\":1,\"name\":\"\u0413\u043b\u0430\u0432\u043d\u0430\u044f \u0441\u0442\u0440\u0430\u043d\u0438\u0446\u0430\",\"item\":\"https:\\\/\\\/skyline-gs.com\\\/hu\\\/\"},{\"@type\":\"ListItem\",\"position\":2,\"name\":\"\u041c\u0430\u0433\u0430\u0437\u0438\u043d\",\"item\":\"https:\\\/\\\/skyline-gs.com\\\/cs\\\/shop\\\/\"},{\"@type\":\"ListItem\",\"position\":3,\"name\":\"\u041a\u0430\u043d\u044c\u043e\u043d \u0422\u0430\u0437\u044b + \u0420\u0430\u0444\u0442\u0438\u043d\u0433\"}]},{\"@type\":\"WebSite\",\"@id\":\"https:\\\/\\\/skyline-gs.com\\\/it\\\/#website\",\"url\":\"https:\\\/\\\/skyline-gs.com\\\/it\\\/\",\"name\":\"\u042d\u043a\u0441\u043a\u0443\u0440\u0441\u0438\u0438 Skyline\",\"description\":\"\u042d\u043a\u0441\u043a\u043b\u044e\u0437\u0438\u0432\u043d\u044b\u0435 \u044d\u043a\u0441\u043a\u0443\u0440\u0441\u0438\u0438 \u043d\u0430 \u043b\u0443\u0447\u0448\u0438\u0445 \u043a\u0443\u0440\u043e\u0440\u0442\u0430\u0445 \u043c\u0438\u0440\u0430\",\"publisher\":{\"@id\":\"https:\\\/\\\/skyline-gs.com\\\/it\\\/#organization\"},\"alternateName\":\"Skyline\",\"potentialAction\":[{\"@type\":\"SearchAction\",\"target\":{\"@type\":\"EntryPoint\",\"urlTemplate\":\"https:\\\/\\\/skyline-gs.com\\\/it\\\/?s={search_term_string}\"},\"query-input\":{\"@type\":\"PropertyValueSpecification\",\"valueRequired\":true,\"valueName\":\"search_term_string\"}}],\"inLanguage\":\"it-IT\"},{\"@type\":\"Organization\",\"@id\":\"https:\\\/\\\/skyline-gs.com\\\/it\\\/#organization\",\"name\":\"\u042d\u043a\u0441\u043a\u0443\u0440\u0441\u0438\u0438 Skyline\",\"alternateName\":\"\u042d\u043a\u0441\u043a\u0443\u0440\u0441\u0438\u0438 Skyline\",\"url\":\"https:\\\/\\\/skyline-gs.com\\\/it\\\/\",\"logo\":{\"@type\":\"ImageObject\",\"inLanguage\":\"it-IT\",\"@id\":\"https:\\\/\\\/skyline-gs.com\\\/it\\\/#\\\/schema\\\/logo\\\/image\\\/\",\"url\":\"https:\\\/\\\/skyline-gs.com\\\/wp-content\\\/uploads\\\/2020\\\/12\\\/cropped-logo-2.png\",\"contentUrl\":\"https:\\\/\\\/skyline-gs.com\\\/wp-content\\\/uploads\\\/2020\\\/12\\\/cropped-logo-2.png\",\"width\":512,\"height\":512,\"caption\":\"\u042d\u043a\u0441\u043a\u0443\u0440\u0441\u0438\u0438 Skyline\"},\"image\":{\"@id\":\"https:\\\/\\\/skyline-gs.com\\\/it\\\/#\\\/schema\\\/logo\\\/image\\\/\"},\"sameAs\":[\"https:\\\/\\\/www.instagram.com\\\/skylineglobalservice\\\/\"]}]}<\/script>\n<!-- \/ Yoast SEO plugin. -->","yoast_head_json":{"title":"Tazy Canyon + Rafting - Escursioni Skyline","description":"Esplorate i canyon con panorami scenografici, godetevi un viaggio in auto attraverso le montagne e concludete la giornata con il rafting sul fiume. Prenotate ora!","robots":{"index":"index","follow":"follow","max-snippet":"max-snippet:-1","max-image-preview":"max-image-preview:large","max-video-preview":"max-video-preview:-1"},"canonical":"http:\/\/skyline-gs.com\/it\/prodotto\/tazy-rafting-kemer\/","og_locale":"it_IT","og_type":"article","og_title":"\u041a\u0430\u043d\u044c\u043e\u043d \u0422\u0430\u0437\u044b + \u0420\u0430\u0444\u0442\u0438\u043d\u0433 &#8226; \u042d\u043a\u0441\u043a\u0443\u0440\u0441\u0438\u0438 Skyline","og_description":"\u0418\u0441\u0441\u043b\u0435\u0434\u0443\u0439\u0442\u0435 \u043a\u0430\u043d\u044c\u043e\u043d\u044b \u0441 \u0436\u0438\u0432\u043e\u043f\u0438\u0441\u043d\u044b\u043c\u0438 \u043f\u0430\u043d\u043e\u0440\u0430\u043c\u0430\u043c\u0438, \u043d\u0430\u0441\u043b\u0430\u0434\u0438\u0442\u0435\u0441\u044c \u043f\u043e\u0435\u0437\u0434\u043a\u043e\u0439 \u043f\u043e \u0433\u043e\u0440\u043d\u043e\u0439 \u043c\u0435\u0441\u0442\u043d\u043e\u0441\u0442\u0438 \u0438 \u0437\u0430\u0432\u0435\u0440\u0448\u0438\u0442\u0435 \u0434\u0435\u043d\u044c \u0441\u043f\u043b\u0430\u0432\u043e\u043c \u043f\u043e \u0440\u0435\u043a\u0435. \u0417\u0430\u043a\u0430\u0436\u0438\u0442\u0435 \u0443\u0436\u0435 \u0441\u0435\u0439\u0447\u0430\u0441!","og_url":"http:\/\/skyline-gs.com\/it\/prodotto\/tazy-rafting-kemer\/","og_site_name":"\u042d\u043a\u0441\u043a\u0443\u0440\u0441\u0438\u0438 Skyline","article_modified_time":"2025-06-16T21:19:31+00:00","og_image":[{"width":669,"height":446,"url":"https:\/\/skyline-gs.com\/wp-content\/uploads\/2025\/06\/\u041a\u0430\u043d\u044c\u043e\u043d-\u0422\u0430\u0437\u044b-22.jpg","type":"image\/jpeg"}],"twitter_card":"summary_large_image","twitter_misc":{"Tempo di lettura stimato":"2 minuti"},"schema":{"@context":"https:\/\/schema.org","@graph":[{"@type":"WebPage","@id":"http:\/\/skyline-gs.com\/cs\/produkt\/tazy-rafting-kemer\/","url":"http:\/\/skyline-gs.com\/cs\/produkt\/tazy-rafting-kemer\/","name":"Tazy Canyon + Rafting - Escursioni Skyline","isPartOf":{"@id":"https:\/\/skyline-gs.com\/it\/#website"},"primaryImageOfPage":{"@id":"http:\/\/skyline-gs.com\/cs\/produkt\/tazy-rafting-kemer\/#primaryimage"},"image":{"@id":"http:\/\/skyline-gs.com\/cs\/produkt\/tazy-rafting-kemer\/#primaryimage"},"thumbnailUrl":"https:\/\/skyline-gs.com\/wp-content\/uploads\/2025\/06\/\u041a\u0430\u043d\u044c\u043e\u043d-\u0422\u0430\u0437\u044b-22.jpg","datePublished":"2025-06-13T20:13:27+00:00","dateModified":"2025-06-16T21:19:31+00:00","description":"Esplorate i canyon con panorami scenografici, godetevi un viaggio in auto attraverso le montagne e concludete la giornata con il rafting sul fiume. Prenotate ora!","breadcrumb":{"@id":"http:\/\/skyline-gs.com\/cs\/produkt\/tazy-rafting-kemer\/#breadcrumb"},"inLanguage":"it-IT","potentialAction":[{"@type":"ReadAction","target":["http:\/\/skyline-gs.com\/cs\/produkt\/tazy-rafting-kemer\/"]}]},{"@type":"ImageObject","inLanguage":"it-IT","@id":"http:\/\/skyline-gs.com\/cs\/produkt\/tazy-rafting-kemer\/#primaryimage","url":"https:\/\/skyline-gs.com\/wp-content\/uploads\/2025\/06\/\u041a\u0430\u043d\u044c\u043e\u043d-\u0422\u0430\u0437\u044b-22.jpg","contentUrl":"https:\/\/skyline-gs.com\/wp-content\/uploads\/2025\/06\/\u041a\u0430\u043d\u044c\u043e\u043d-\u0422\u0430\u0437\u044b-22.jpg","width":669,"height":446},{"@type":"BreadcrumbList","@id":"http:\/\/skyline-gs.com\/cs\/produkt\/tazy-rafting-kemer\/#breadcrumb","itemListElement":[{"@type":"ListItem","position":1,"name":"\u0413\u043b\u0430\u0432\u043d\u0430\u044f \u0441\u0442\u0440\u0430\u043d\u0438\u0446\u0430","item":"https:\/\/skyline-gs.com\/hu\/"},{"@type":"ListItem","position":2,"name":"\u041c\u0430\u0433\u0430\u0437\u0438\u043d","item":"https:\/\/skyline-gs.com\/cs\/shop\/"},{"@type":"ListItem","position":3,"name":"\u041a\u0430\u043d\u044c\u043e\u043d \u0422\u0430\u0437\u044b + \u0420\u0430\u0444\u0442\u0438\u043d\u0433"}]},{"@type":"WebSite","@id":"https:\/\/skyline-gs.com\/it\/#website","url":"https:\/\/skyline-gs.com\/it\/","name":"Escursioni Skyline","description":"Escursioni esclusive nei migliori resort del mondo","publisher":{"@id":"https:\/\/skyline-gs.com\/it\/#organization"},"alternateName":"Skyline","potentialAction":[{"@type":"SearchAction","target":{"@type":"EntryPoint","urlTemplate":"https:\/\/skyline-gs.com\/it\/?s={search_term_string}"},"query-input":{"@type":"PropertyValueSpecification","valueRequired":true,"valueName":"search_term_string"}}],"inLanguage":"it-IT"},{"@type":"Organization","@id":"https:\/\/skyline-gs.com\/it\/#organization","name":"Escursioni Skyline","alternateName":"\u042d\u043a\u0441\u043a\u0443\u0440\u0441\u0438\u0438 Skyline","url":"https:\/\/skyline-gs.com\/it\/","logo":{"@type":"ImageObject","inLanguage":"it-IT","@id":"https:\/\/skyline-gs.com\/it\/#\/schema\/logo\/image\/","url":"https:\/\/skyline-gs.com\/wp-content\/uploads\/2020\/12\/cropped-logo-2.png","contentUrl":"https:\/\/skyline-gs.com\/wp-content\/uploads\/2020\/12\/cropped-logo-2.png","width":512,"height":512,"caption":"\u042d\u043a\u0441\u043a\u0443\u0440\u0441\u0438\u0438 Skyline"},"image":{"@id":"https:\/\/skyline-gs.com\/it\/#\/schema\/logo\/image\/"},"sameAs":["https:\/\/www.instagram.com\/skylineglobalservice\/"]}]}},"_links":{"self":[{"href":"https:\/\/skyline-gs.com\/it\/wp-json\/wp\/v2\/product\/64157","targetHints":{"allow":["GET"]}}],"collection":[{"href":"https:\/\/skyline-gs.com\/it\/wp-json\/wp\/v2\/product"}],"about":[{"href":"https:\/\/skyline-gs.com\/it\/wp-json\/wp\/v2\/types\/product"}],"version-history":[{"count":0,"href":"https:\/\/skyline-gs.com\/it\/wp-json\/wp\/v2\/product\/64157\/revisions"}],"wp:featuredmedia":[{"embeddable":true,"href":"https:\/\/skyline-gs.com\/it\/wp-json\/wp\/v2\/media\/63907"}],"wp:attachment":[{"href":"https:\/\/skyline-gs.com\/it\/wp-json\/wp\/v2\/media?parent=64157"}],"wp:term":[{"taxonomy":"product_brand","embeddable":true,"href":"https:\/\/skyline-gs.com\/it\/wp-json\/wp\/v2\/product_brand?post=64157"},{"taxonomy":"product_cat","embeddable":true,"href":"https:\/\/skyline-gs.com\/it\/wp-json\/wp\/v2\/product_cat?post=64157"},{"taxonomy":"product_tag","embeddable":true,"href":"https:\/\/skyline-gs.com\/it\/wp-json\/wp\/v2\/product_tag?post=64157"}],"curies":[{"name":"wp","href":"https:\/\/api.w.org\/{rel}","templated":true}]}}