{"id":62183,"date":"2025-03-10T04:49:30","date_gmt":"2025-03-10T02:49:30","guid":{"rendered":"http:\/\/skyline-gs.com\/?post_type=product&#038;p=62183"},"modified":"2026-02-01T19:48:07","modified_gmt":"2026-02-01T17:48:07","slug":"tour-della-citta-di-siem-reap","status":"publish","type":"product","link":"https:\/\/skyline-gs.com\/it\/product\/city-tour-siemreap\/","title":{"rendered":"Giro turistico di Siem Reap: una facile introduzione alla citt\u00e0 in 2 ore"},"content":{"rendered":"<p data-start=\"289\" data-end=\"526\"><strong>Siem Reap non \u00e8 solo templi di Angkor. Passeggia per la citt\u00e0 e senti la sua vera atmosfera!<\/strong> In 2 ore avrai una visione completa della vita di una moderna citt\u00e0 cambogiana, delle sue tradizioni e del suo fascino. Questa escursione \u00e8 ideale per chi \u00e8 appena arrivato a Siem Reap e vuole orientarsi rapidamente, capire dove si trovano le principali attrazioni, i mercati, i ristoranti e i centri culturali.<\/p>\n<p><strong>9:00 - Partenza dall'hotel<\/strong>.<\/p>\n<ul>\n<li data-start=\"2158\" data-end=\"2316\">\n<p data-start=\"933\" data-end=\"1140\"><strong data-start=\"933\" data-end=\"957\">Il quartiere coloniale. <\/strong>Un tour nel quartiere storico di Siem Reap, dove sono conservati edifici dell'epoca coloniale francese. Passeggiata per le stradine con architettura coloniale, caff\u00e8 accoglienti e gallerie.<\/p>\n<\/li>\n<li data-start=\"2158\" data-end=\"2316\">\n<p data-start=\"933\" data-end=\"1140\"><strong data-start=\"1142\" data-end=\"1196\">Giardino Reale e tempio Preah Ang Chek e Preah Ang Chom. <\/strong>Visiterai un tempio sacro dove i locali si recano per pregare e fare offerte. Scoprirai le particolarit\u00e0 del buddismo Khmer e le tradizioni locali.<\/p>\n<\/li>\n<li data-start=\"2158\" data-end=\"2316\">\n<p data-start=\"933\" data-end=\"1140\"><strong data-start=\"1362\" data-end=\"1392\">Il fiume Siem Reap e il lungofiume. <\/strong>Una passeggiata lungo il fiume che divide la citt\u00e0 in parte occidentale e orientale. Qui si trovano bellissime aree pedonali, ponti e mercati pittoreschi.<\/p>\n<\/li>\n<li data-start=\"2158\" data-end=\"2316\">\n<p data-start=\"933\" data-end=\"1140\"><strong data-start=\"1538\" data-end=\"1591\">Piazza del mercato vecchio (Phsar Chas). <\/strong>La visita al mercato principale della citt\u00e0 \u00e8 un ottimo posto per acquistare souvenir, artigianato locale, argento, tessuti e spezie. A scelta, tempo libero per un po' di shopping.<\/p>\n<\/li>\n<\/ul>\n<p data-start=\"1691\" data-end=\"1776\"><strong>11:00 \u2014 Rientro in hotel.<\/strong><\/p>\n<p><strong>Incluso:<\/strong><\/p>\n<ul>\n<li>Trasferimento da e per l'hotel<\/li>\n<li>Tutti i trasferimenti in veicoli con aria condizionata lungo il percorso<\/li>\n<li>Guida di lingua russa<\/li>\n<\/ul>\n<p><strong>Cosa portare?<\/strong><\/p>\n<ul>\n<li>Acqua<\/li>\n<li>Copricapo<\/li>\n<li>Scarpe comode<\/li>\n<\/ul>","protected":false},"excerpt":{"rendered":"<p><strong>Orario del Tour:<\/strong> 9:00 - 11:00 o 14:00 - 16:00<\/p>\n<p><strong>Giorni di Svolgimento:<\/strong> Quotidianamente<\/p>","protected":false},"featured_media":62185,"template":"","meta":{"_kad_post_transparent":"default","_kad_post_title":"","_kad_post_layout":"default","_kad_post_sidebar_id":"","_kad_post_content_style":"default","_kad_post_vertical_padding":"default","_kad_post_feature":"","_kad_post_feature_position":"","_kad_post_header":false,"_kad_post_footer":false,"_kad_post_classname":"","_glsr_average":0,"_glsr_ranking":0,"_glsr_reviews":0},"product_brand":[],"product_cat":[441],"product_tag":[],"class_list":{"0":"post-62183","1":"product","2":"type-product","3":"status-publish","4":"has-post-thumbnail","6":"product_cat-siem-reap","7":"tm-has-options","9":"first","10":"instock","11":"sold-individually","12":"taxable","13":"shipping-taxable","14":"purchasable","15":"product-type-simple","16":"entry","17":"content-bg","18":"loop-entry"},"yoast_head":"<!-- This site is optimized with the Yoast SEO plugin v27.4 - https:\/\/yoast.com\/product\/yoast-seo-wordpress\/ -->\n<title>\u041e\u0431\u0437\u043e\u0440\u043d\u0430\u044f \u043f\u043e \u0421\u0438\u0435\u043c \u0420\u0438\u043f\u0443: \u041b\u0435\u0433\u043a\u043e\u0435 \u0437\u043d\u0430\u043a\u043e\u043c\u0441\u0442\u0432\u043e \u0441 \u0433\u043e\u0440\u043e\u0434\u043e\u043c \u0437\u0430 2 \u0447\u0430\u0441\u0430 &#8226; \u042d\u043a\u0441\u043a\u0443\u0440\u0441\u0438\u0438 Skyline<\/title>\n<meta name=\"robots\" content=\"index, follow, max-snippet:-1, max-image-preview:large, max-video-preview:-1\" \/>\n<link rel=\"canonical\" href=\"https:\/\/skyline-gs.com\/it\/prodotto\/tour-della-citta-di-siem-reap\/\" \/>\n<meta property=\"og:locale\" content=\"it_IT\" \/>\n<meta property=\"og:type\" content=\"article\" \/>\n<meta property=\"og:title\" content=\"\u041e\u0431\u0437\u043e\u0440\u043d\u0430\u044f \u043f\u043e \u0421\u0438\u0435\u043c \u0420\u0438\u043f\u0443: \u041b\u0435\u0433\u043a\u043e\u0435 \u0437\u043d\u0430\u043a\u043e\u043c\u0441\u0442\u0432\u043e \u0441 \u0433\u043e\u0440\u043e\u0434\u043e\u043c \u0437\u0430 2 \u0447\u0430\u0441\u0430 &#8226; \u042d\u043a\u0441\u043a\u0443\u0440\u0441\u0438\u0438 Skyline\" \/>\n<meta property=\"og:description\" content=\"\u0412\u0440\u0435\u043c\u044f \u0442\u0443\u0440\u0430: 9:00 \u2013 11:00 \u0438\u043b\u0438 14:00 - 16:00  \u0414\u043d\u0438 \u043f\u0440\u043e\u0432\u0435\u0434\u0435\u043d\u0438\u044f: \u0435\u0436\u0435\u0434\u043d\u0435\u0432\u043d\u043e\" \/>\n<meta property=\"og:url\" content=\"https:\/\/skyline-gs.com\/it\/prodotto\/tour-della-citta-di-siem-reap\/\" \/>\n<meta property=\"og:site_name\" content=\"\u042d\u043a\u0441\u043a\u0443\u0440\u0441\u0438\u0438 Skyline\" \/>\n<meta property=\"article:modified_time\" content=\"2026-02-01T17:48:07+00:00\" \/>\n<meta property=\"og:image\" content=\"https:\/\/skyline-gs.com\/wp-content\/uploads\/2025\/03\/siemreap-city-tour-2.jpg\" \/>\n\t<meta property=\"og:image:width\" content=\"1400\" \/>\n\t<meta property=\"og:image:height\" content=\"1000\" \/>\n\t<meta property=\"og:image:type\" content=\"image\/jpeg\" \/>\n<meta name=\"twitter:card\" content=\"summary_large_image\" \/>\n<meta name=\"twitter:label1\" content=\"Tempo di lettura stimato\" \/>\n\t<meta name=\"twitter:data1\" content=\"2 minuti\" \/>\n<script type=\"application\/ld+json\" class=\"yoast-schema-graph\">{\"@context\":\"https:\\\/\\\/schema.org\",\"@graph\":[{\"@type\":\"WebPage\",\"@id\":\"https:\\\/\\\/skyline-gs.com\\\/product\\\/city-tour-siemreap\\\/\",\"url\":\"https:\\\/\\\/skyline-gs.com\\\/product\\\/city-tour-siemreap\\\/\",\"name\":\"\u041e\u0431\u0437\u043e\u0440\u043d\u0430\u044f \u043f\u043e \u0421\u0438\u0435\u043c \u0420\u0438\u043f\u0443: \u041b\u0435\u0433\u043a\u043e\u0435 \u0437\u043d\u0430\u043a\u043e\u043c\u0441\u0442\u0432\u043e \u0441 \u0433\u043e\u0440\u043e\u0434\u043e\u043c \u0437\u0430 2 \u0447\u0430\u0441\u0430 &#8226; \u042d\u043a\u0441\u043a\u0443\u0440\u0441\u0438\u0438 Skyline\",\"isPartOf\":{\"@id\":\"https:\\\/\\\/skyline-gs.com\\\/it\\\/#website\"},\"primaryImageOfPage\":{\"@id\":\"https:\\\/\\\/skyline-gs.com\\\/product\\\/city-tour-siemreap\\\/#primaryimage\"},\"image\":{\"@id\":\"https:\\\/\\\/skyline-gs.com\\\/product\\\/city-tour-siemreap\\\/#primaryimage\"},\"thumbnailUrl\":\"https:\\\/\\\/skyline-gs.com\\\/wp-content\\\/uploads\\\/2025\\\/03\\\/siemreap-city-tour-2.jpg\",\"datePublished\":\"2025-03-10T02:49:30+00:00\",\"dateModified\":\"2026-02-01T17:48:07+00:00\",\"breadcrumb\":{\"@id\":\"https:\\\/\\\/skyline-gs.com\\\/product\\\/city-tour-siemreap\\\/#breadcrumb\"},\"inLanguage\":\"it-IT\",\"potentialAction\":[{\"@type\":\"ReadAction\",\"target\":[\"https:\\\/\\\/skyline-gs.com\\\/product\\\/city-tour-siemreap\\\/\"]}]},{\"@type\":\"ImageObject\",\"inLanguage\":\"it-IT\",\"@id\":\"https:\\\/\\\/skyline-gs.com\\\/product\\\/city-tour-siemreap\\\/#primaryimage\",\"url\":\"https:\\\/\\\/skyline-gs.com\\\/wp-content\\\/uploads\\\/2025\\\/03\\\/siemreap-city-tour-2.jpg\",\"contentUrl\":\"https:\\\/\\\/skyline-gs.com\\\/wp-content\\\/uploads\\\/2025\\\/03\\\/siemreap-city-tour-2.jpg\",\"width\":1400,\"height\":1000},{\"@type\":\"BreadcrumbList\",\"@id\":\"https:\\\/\\\/skyline-gs.com\\\/product\\\/city-tour-siemreap\\\/#breadcrumb\",\"itemListElement\":[{\"@type\":\"ListItem\",\"position\":1,\"name\":\"\u0413\u043b\u0430\u0432\u043d\u0430\u044f \u0441\u0442\u0440\u0430\u043d\u0438\u0446\u0430\",\"item\":\"https:\\\/\\\/skyline-gs.com\\\/hu\\\/\"},{\"@type\":\"ListItem\",\"position\":2,\"name\":\"\u041c\u0430\u0433\u0430\u0437\u0438\u043d\",\"item\":\"https:\\\/\\\/skyline-gs.com\\\/cs\\\/shop\\\/\"},{\"@type\":\"ListItem\",\"position\":3,\"name\":\"\u041e\u0431\u0437\u043e\u0440\u043d\u0430\u044f \u043f\u043e \u0421\u0438\u0435\u043c \u0420\u0438\u043f\u0443: \u041b\u0435\u0433\u043a\u043e\u0435 \u0437\u043d\u0430\u043a\u043e\u043c\u0441\u0442\u0432\u043e \u0441 \u0433\u043e\u0440\u043e\u0434\u043e\u043c \u0437\u0430 2 \u0447\u0430\u0441\u0430\"}]},{\"@type\":\"WebSite\",\"@id\":\"https:\\\/\\\/skyline-gs.com\\\/it\\\/#website\",\"url\":\"https:\\\/\\\/skyline-gs.com\\\/it\\\/\",\"name\":\"\u042d\u043a\u0441\u043a\u0443\u0440\u0441\u0438\u0438 Skyline\",\"description\":\"\u042d\u043a\u0441\u043a\u043b\u044e\u0437\u0438\u0432\u043d\u044b\u0435 \u044d\u043a\u0441\u043a\u0443\u0440\u0441\u0438\u0438 \u043d\u0430 \u043b\u0443\u0447\u0448\u0438\u0445 \u043a\u0443\u0440\u043e\u0440\u0442\u0430\u0445 \u043c\u0438\u0440\u0430\",\"publisher\":{\"@id\":\"https:\\\/\\\/skyline-gs.com\\\/it\\\/#organization\"},\"alternateName\":\"Skyline\",\"potentialAction\":[{\"@type\":\"SearchAction\",\"target\":{\"@type\":\"EntryPoint\",\"urlTemplate\":\"https:\\\/\\\/skyline-gs.com\\\/it\\\/?s={search_term_string}\"},\"query-input\":{\"@type\":\"PropertyValueSpecification\",\"valueRequired\":true,\"valueName\":\"search_term_string\"}}],\"inLanguage\":\"it-IT\"},{\"@type\":\"Organization\",\"@id\":\"https:\\\/\\\/skyline-gs.com\\\/it\\\/#organization\",\"name\":\"\u042d\u043a\u0441\u043a\u0443\u0440\u0441\u0438\u0438 Skyline\",\"alternateName\":\"\u042d\u043a\u0441\u043a\u0443\u0440\u0441\u0438\u0438 Skyline\",\"url\":\"https:\\\/\\\/skyline-gs.com\\\/it\\\/\",\"logo\":{\"@type\":\"ImageObject\",\"inLanguage\":\"it-IT\",\"@id\":\"https:\\\/\\\/skyline-gs.com\\\/it\\\/#\\\/schema\\\/logo\\\/image\\\/\",\"url\":\"https:\\\/\\\/skyline-gs.com\\\/wp-content\\\/uploads\\\/2020\\\/12\\\/cropped-logo-2.png\",\"contentUrl\":\"https:\\\/\\\/skyline-gs.com\\\/wp-content\\\/uploads\\\/2020\\\/12\\\/cropped-logo-2.png\",\"width\":512,\"height\":512,\"caption\":\"\u042d\u043a\u0441\u043a\u0443\u0440\u0441\u0438\u0438 Skyline\"},\"image\":{\"@id\":\"https:\\\/\\\/skyline-gs.com\\\/it\\\/#\\\/schema\\\/logo\\\/image\\\/\"},\"sameAs\":[\"https:\\\/\\\/www.instagram.com\\\/skylineglobalservice\\\/\"]}]}<\/script>\n<!-- \/ Yoast SEO plugin. -->","yoast_head_json":{"title":"Siem Reap: Un tour in 2 ore per un facile inizio \u2022 Escursioni Skyline","robots":{"index":"index","follow":"follow","max-snippet":"max-snippet:-1","max-image-preview":"max-image-preview:large","max-video-preview":"max-video-preview:-1"},"canonical":"https:\/\/skyline-gs.com\/it\/prodotto\/tour-della-citta-di-siem-reap\/","og_locale":"it_IT","og_type":"article","og_title":"\u041e\u0431\u0437\u043e\u0440\u043d\u0430\u044f \u043f\u043e \u0421\u0438\u0435\u043c \u0420\u0438\u043f\u0443: \u041b\u0435\u0433\u043a\u043e\u0435 \u0437\u043d\u0430\u043a\u043e\u043c\u0441\u0442\u0432\u043e \u0441 \u0433\u043e\u0440\u043e\u0434\u043e\u043c \u0437\u0430 2 \u0447\u0430\u0441\u0430 &#8226; \u042d\u043a\u0441\u043a\u0443\u0440\u0441\u0438\u0438 Skyline","og_description":"\u0412\u0440\u0435\u043c\u044f \u0442\u0443\u0440\u0430: 9:00 \u2013 11:00 \u0438\u043b\u0438 14:00 - 16:00  \u0414\u043d\u0438 \u043f\u0440\u043e\u0432\u0435\u0434\u0435\u043d\u0438\u044f: \u0435\u0436\u0435\u0434\u043d\u0435\u0432\u043d\u043e","og_url":"https:\/\/skyline-gs.com\/it\/prodotto\/tour-della-citta-di-siem-reap\/","og_site_name":"\u042d\u043a\u0441\u043a\u0443\u0440\u0441\u0438\u0438 Skyline","article_modified_time":"2026-02-01T17:48:07+00:00","og_image":[{"width":1400,"height":1000,"url":"https:\/\/skyline-gs.com\/wp-content\/uploads\/2025\/03\/siemreap-city-tour-2.jpg","type":"image\/jpeg"}],"twitter_card":"summary_large_image","twitter_misc":{"Tempo di lettura stimato":"2 minuti"},"schema":{"@context":"https:\/\/schema.org","@graph":[{"@type":"WebPage","@id":"https:\/\/skyline-gs.com\/product\/city-tour-siemreap\/","url":"https:\/\/skyline-gs.com\/product\/city-tour-siemreap\/","name":"Siem Reap: Un tour in 2 ore per un facile inizio \u2022 Escursioni Skyline","isPartOf":{"@id":"https:\/\/skyline-gs.com\/it\/#website"},"primaryImageOfPage":{"@id":"https:\/\/skyline-gs.com\/product\/city-tour-siemreap\/#primaryimage"},"image":{"@id":"https:\/\/skyline-gs.com\/product\/city-tour-siemreap\/#primaryimage"},"thumbnailUrl":"https:\/\/skyline-gs.com\/wp-content\/uploads\/2025\/03\/siemreap-city-tour-2.jpg","datePublished":"2025-03-10T02:49:30+00:00","dateModified":"2026-02-01T17:48:07+00:00","breadcrumb":{"@id":"https:\/\/skyline-gs.com\/product\/city-tour-siemreap\/#breadcrumb"},"inLanguage":"it-IT","potentialAction":[{"@type":"ReadAction","target":["https:\/\/skyline-gs.com\/product\/city-tour-siemreap\/"]}]},{"@type":"ImageObject","inLanguage":"it-IT","@id":"https:\/\/skyline-gs.com\/product\/city-tour-siemreap\/#primaryimage","url":"https:\/\/skyline-gs.com\/wp-content\/uploads\/2025\/03\/siemreap-city-tour-2.jpg","contentUrl":"https:\/\/skyline-gs.com\/wp-content\/uploads\/2025\/03\/siemreap-city-tour-2.jpg","width":1400,"height":1000},{"@type":"BreadcrumbList","@id":"https:\/\/skyline-gs.com\/product\/city-tour-siemreap\/#breadcrumb","itemListElement":[{"@type":"ListItem","position":1,"name":"\u0413\u043b\u0430\u0432\u043d\u0430\u044f \u0441\u0442\u0440\u0430\u043d\u0438\u0446\u0430","item":"https:\/\/skyline-gs.com\/hu\/"},{"@type":"ListItem","position":2,"name":"\u041c\u0430\u0433\u0430\u0437\u0438\u043d","item":"https:\/\/skyline-gs.com\/cs\/shop\/"},{"@type":"ListItem","position":3,"name":"\u041e\u0431\u0437\u043e\u0440\u043d\u0430\u044f \u043f\u043e \u0421\u0438\u0435\u043c \u0420\u0438\u043f\u0443: \u041b\u0435\u0433\u043a\u043e\u0435 \u0437\u043d\u0430\u043a\u043e\u043c\u0441\u0442\u0432\u043e \u0441 \u0433\u043e\u0440\u043e\u0434\u043e\u043c \u0437\u0430 2 \u0447\u0430\u0441\u0430"}]},{"@type":"WebSite","@id":"https:\/\/skyline-gs.com\/it\/#website","url":"https:\/\/skyline-gs.com\/it\/","name":"Escursioni Skyline","description":"Escursioni esclusive nei migliori resort del mondo","publisher":{"@id":"https:\/\/skyline-gs.com\/it\/#organization"},"alternateName":"Skyline","potentialAction":[{"@type":"SearchAction","target":{"@type":"EntryPoint","urlTemplate":"https:\/\/skyline-gs.com\/it\/?s={search_term_string}"},"query-input":{"@type":"PropertyValueSpecification","valueRequired":true,"valueName":"search_term_string"}}],"inLanguage":"it-IT"},{"@type":"Organization","@id":"https:\/\/skyline-gs.com\/it\/#organization","name":"Escursioni Skyline","alternateName":"\u042d\u043a\u0441\u043a\u0443\u0440\u0441\u0438\u0438 Skyline","url":"https:\/\/skyline-gs.com\/it\/","logo":{"@type":"ImageObject","inLanguage":"it-IT","@id":"https:\/\/skyline-gs.com\/it\/#\/schema\/logo\/image\/","url":"https:\/\/skyline-gs.com\/wp-content\/uploads\/2020\/12\/cropped-logo-2.png","contentUrl":"https:\/\/skyline-gs.com\/wp-content\/uploads\/2020\/12\/cropped-logo-2.png","width":512,"height":512,"caption":"\u042d\u043a\u0441\u043a\u0443\u0440\u0441\u0438\u0438 Skyline"},"image":{"@id":"https:\/\/skyline-gs.com\/it\/#\/schema\/logo\/image\/"},"sameAs":["https:\/\/www.instagram.com\/skylineglobalservice\/"]}]}},"_links":{"self":[{"href":"https:\/\/skyline-gs.com\/it\/wp-json\/wp\/v2\/product\/62183","targetHints":{"allow":["GET"]}}],"collection":[{"href":"https:\/\/skyline-gs.com\/it\/wp-json\/wp\/v2\/product"}],"about":[{"href":"https:\/\/skyline-gs.com\/it\/wp-json\/wp\/v2\/types\/product"}],"version-history":[{"count":0,"href":"https:\/\/skyline-gs.com\/it\/wp-json\/wp\/v2\/product\/62183\/revisions"}],"wp:featuredmedia":[{"embeddable":true,"href":"https:\/\/skyline-gs.com\/it\/wp-json\/wp\/v2\/media\/62185"}],"wp:attachment":[{"href":"https:\/\/skyline-gs.com\/it\/wp-json\/wp\/v2\/media?parent=62183"}],"wp:term":[{"taxonomy":"product_brand","embeddable":true,"href":"https:\/\/skyline-gs.com\/it\/wp-json\/wp\/v2\/product_brand?post=62183"},{"taxonomy":"product_cat","embeddable":true,"href":"https:\/\/skyline-gs.com\/it\/wp-json\/wp\/v2\/product_cat?post=62183"},{"taxonomy":"product_tag","embeddable":true,"href":"https:\/\/skyline-gs.com\/it\/wp-json\/wp\/v2\/product_tag?post=62183"}],"curies":[{"name":"wp","href":"https:\/\/api.w.org\/{rel}","templated":true}]}}