{"id":57488,"date":"2021-01-05T12:19:04","date_gmt":"2021-01-05T09:19:04","guid":{"rendered":"http:\/\/zanzibar.skyline-gs.com\/?post_type=product&#038;p=18044"},"modified":"2025-11-08T11:54:43","modified_gmt":"2025-11-08T09:54:43","slug":"luxor-2","status":"publish","type":"product","link":"https:\/\/skyline-gs.com\/it\/product\/luxor\/","title":{"rendered":"Luxor: La citt\u00e0 dei vivi e la citt\u00e0 dei morti +2 $ di sconto su un\u2019altra escursione"},"content":{"rendered":"<p data-start=\"87\" data-end=\"230\" class=\"translation-block\"><p>\ud83c\udf89 <strong>Promozione!<\/strong><\/p>\n<p>Acquistando <strong>qualsiasi programma a Luxor<\/strong>, ricevi un <strong>sconto di 2 $ a persona<\/strong> su <strong>qualsiasi prossima escursione a Hurghada!<\/strong><\/p><\/p>\n<p data-start=\"232\" data-end=\"275\">Viaggia di pi\u00f9 \u2014 paga meno\u00a0<img decoding=\"async\" class=\"emoji\" role=\"img\" draggable=\"false\" src=\"https:\/\/s.w.org\/images\/core\/emoji\/16.0.1\/svg\/1f334.svg\" alt=\"\" \/><img decoding=\"async\" class=\"emoji\" role=\"img\" draggable=\"false\" src=\"https:\/\/s.w.org\/images\/core\/emoji\/16.0.1\/svg\/2728.svg\" alt=\"\u2728\" \/><\/p>\n<p>Ore 4.30 check-out dall'hotel. Il viaggio di sola andata dura circa 4,5 ore. 8:30 Arrivo nella Valle del Nilo per vedere la vera vita dell'Egitto. 9:30 Arrivo a Luxor. All'arrivo a Luxor inizia la prima parte del programma \"Citt\u00e0 dei vivi\", situata sulla riva orientale del Nilo. Visita al Tempio di Karnak, che \u00e8 la pi\u00f9 grande costruzione architettonica del mondo antico e uno dei pi\u00f9 grandi complessi di templi di tutto il mondo. Il tempio di Karnak non \u00e8 stato costruito da un solo faraone e nemmeno da una sola dinastia: circa 30 faraoni hanno contribuito al complesso aggiungendo templi, piloni, cappelle e obelischi dedicati agli dei di Tebe. Il Tempio di Karnak \u00e8 composto da tre grandi strutture e da diversi templi minori all'interno dell'area principale. Pranzo al ristorante a buffet (bevande escluse).<\/p>\n<p>Si scende poi in barca lungo il Nilo fino alla sponda occidentale della citt\u00e0 dei morti, dove si svolger\u00e0 la seconda parte del programma. Visita alla riva occidentale e alla Valle dei Morti. Per prima cosa sarete accolti dai Colossi di Memnon, due enormi statue alte 18 metri e pesanti oltre 700 tonnellate ciascuna. Attraversate la Valle dei Morti e visitate il tempio della regina Hatshepsut. La principale caratteristica architettonica di questa struttura monumentale \u00e8 costituita da 3 terrazze disposte una sopra l'altra, ognuna delle quali ospitava un cortile aperto, stanze coperte con pilastri e santuari nascosti nelle profondit\u00e0 della montagna. Hatshepsut \u00e8 una delle figure pi\u00f9 famose della storia dell'antico Egitto. La storia dell'antico Egitto la ricorda come la sovrana di ferro. A seguire, passeggiata lungo il fiume Nilo con visita all'Isola delle Banane (facoltativa con supplemento - 10$). Fine del tour e viaggio di ritorno.<br \/>\n21:00 Ritorno in hotel.<\/p>\n<p><strong>Incluso:<\/strong><\/p>\n<ul>\n<li>Trasferimento da e per l'hotel<\/li>\n<li>Trasferimenti di programma su un moderno pullman climatizzato con aria condizionata e servizi igienici<\/li>\n<li>Guida turistica egittologa di lingua russa<\/li>\n<li>Biglietti d'ingresso<\/li>\n<li>Pranzo in un ristorante di Luxor<\/li>\n<\/ul>\n<p><strong>Non incluso:<\/strong><\/p>\n<ul>\n<li>Trasferimenti dagli hotel di campagna: El Gouna e Sahl Hasheesh supplemento +$10 andata e ritorno (per auto fino a 6 persone).<\/li>\n<li>Trasferimenti dagli hotel di campagna: Soma Bay Kempinski e Sheraton supplemento +$15 andata e ritorno (per auto fino a 6 persone).<\/li>\n<li>Visita all'Isola delle Banane +10$ per persona (facoltativo, da pagare in loco)<\/li>\n<li>Bevande durante il pranzo<\/li>\n<\/ul>\n<p><strong>Portatelo con voi:<\/strong><\/p>\n<ul>\n<li>Passaporto<\/li>\n<li>Copricapo<\/li>\n<li>Denaro per spese personali e souvenir<\/li>\n<li>Prodotti per la cura della persona<\/li>\n<li>Acqua potabile<\/li>\n<li>Spuntino mattutino (spiegate alla reception dell'hotel che state partendo la mattina presto per un'escursione e che avete bisogno di preparare un cestino per il pranzo, gli hotel forniranno questo servizio gratuitamente).<\/li>\n<li>Scarpe comode<\/li>\n<li>Vestiti caldi per il viaggio (in inverno)<\/li>\n<\/ul>","protected":false},"excerpt":{"rendered":"<p><strong>Durata:<\/strong> 4:30 &#8212; 21:00<\/p>\n<p><strong>Giorni di Svolgimento:<\/strong> \u041f\u043e\u043d\u0435\u0434\u0435\u043b\u044c\u043d\u0438\u043a, \u0412\u0442\u043e\u0440\u043d\u0438\u043a, \u0427\u0435\u0442\u0432\u0435\u0440\u0433, \u041f\u044f\u0442\u043d\u0438\u0446\u0430, \u0421\u0443\u0431\u0431\u043e\u0442\u0430<\/p>","protected":false},"featured_media":29528,"template":"","meta":{"_kad_post_transparent":"default","_kad_post_title":"","_kad_post_layout":"default","_kad_post_sidebar_id":"","_kad_post_content_style":"default","_kad_post_vertical_padding":"default","_kad_post_feature":"","_kad_post_feature_position":"","_kad_post_header":false,"_kad_post_footer":false,"_kad_post_classname":"","_glsr_average":0,"_glsr_ranking":0,"_glsr_reviews":0},"product_brand":[],"product_cat":[479],"product_tag":[],"class_list":{"0":"post-57488","1":"product","2":"type-product","3":"status-publish","4":"has-post-thumbnail","6":"product_cat-hurghadatours","7":"tm-has-options","9":"first","10":"instock","11":"sale","12":"sold-individually","13":"taxable","14":"shipping-taxable","15":"purchasable","16":"product-type-simple","17":"entry","18":"content-bg","19":"loop-entry"},"yoast_head":"<!-- This site is optimized with the Yoast SEO plugin v27.3 - https:\/\/yoast.com\/product\/yoast-seo-wordpress\/ -->\n<title>\u041b\u0443\u043a\u0441\u043e\u0440: \u0413\u043e\u0440\u043e\u0434 \u0436\u0438\u0432\u044b\u0445 \u0438 \u0433\u043e\u0440\u043e\u0434 \u043c\u0451\u0440\u0442\u0432\u044b\u0445 +2$ \u0441\u043a\u0438\u0434\u043a\u0430 \u043d\u0430 \u0434\u0440\u0443\u0433\u0443\u044e \u044d\u043a\u0441\u043a\u0443\u0440\u0441\u0438\u044e &#8226; \u042d\u043a\u0441\u043a\u0443\u0440\u0441\u0438\u0438 Skyline<\/title>\n<meta name=\"robots\" content=\"index, follow, max-snippet:-1, max-image-preview:large, max-video-preview:-1\" \/>\n<link rel=\"canonical\" href=\"http:\/\/skyline-gs.com\/it\/prodotto\/luxor-2\/\" \/>\n<meta property=\"og:locale\" content=\"it_IT\" \/>\n<meta property=\"og:type\" content=\"article\" \/>\n<meta property=\"og:title\" content=\"\u041b\u0443\u043a\u0441\u043e\u0440: \u0413\u043e\u0440\u043e\u0434 \u0436\u0438\u0432\u044b\u0445 \u0438 \u0433\u043e\u0440\u043e\u0434 \u043c\u0451\u0440\u0442\u0432\u044b\u0445 +2$ \u0441\u043a\u0438\u0434\u043a\u0430 \u043d\u0430 \u0434\u0440\u0443\u0433\u0443\u044e \u044d\u043a\u0441\u043a\u0443\u0440\u0441\u0438\u044e &#8226; \u042d\u043a\u0441\u043a\u0443\u0440\u0441\u0438\u0438 Skyline\" \/>\n<meta property=\"og:description\" content=\"\u0414\u043b\u0438\u0442\u0435\u043b\u044c\u043d\u043e\u0441\u0442\u044c: 4:30 - 21:00  \u0414\u043d\u0438 \u043f\u0440\u043e\u0432\u0435\u0434\u0435\u043d\u0438\u044f: \u041f\u043e\u043d\u0435\u0434\u0435\u043b\u044c\u043d\u0438\u043a, \u0412\u0442\u043e\u0440\u043d\u0438\u043a, \u0427\u0435\u0442\u0432\u0435\u0440\u0433, \u041f\u044f\u0442\u043d\u0438\u0446\u0430, \u0421\u0443\u0431\u0431\u043e\u0442\u0430\" \/>\n<meta property=\"og:url\" content=\"http:\/\/skyline-gs.com\/it\/prodotto\/luxor-2\/\" \/>\n<meta property=\"og:site_name\" content=\"\u042d\u043a\u0441\u043a\u0443\u0440\u0441\u0438\u0438 Skyline\" \/>\n<meta property=\"article:modified_time\" content=\"2025-11-08T09:54:43+00:00\" \/>\n<meta property=\"og:image\" content=\"https:\/\/skyline-gs.com\/wp-content\/uploads\/2021\/01\/145-2024-06-09T173156.954.jpg\" \/>\n\t<meta property=\"og:image:width\" content=\"960\" \/>\n\t<meta property=\"og:image:height\" content=\"640\" \/>\n\t<meta property=\"og:image:type\" content=\"image\/jpeg\" \/>\n<meta name=\"twitter:card\" content=\"summary_large_image\" \/>\n<meta name=\"twitter:label1\" content=\"Tempo di lettura stimato\" \/>\n\t<meta name=\"twitter:data1\" content=\"3 minuti\" \/>\n<script type=\"application\/ld+json\" class=\"yoast-schema-graph\">{\"@context\":\"https:\\\/\\\/schema.org\",\"@graph\":[{\"@type\":\"WebPage\",\"@id\":\"http:\\\/\\\/skyline-gs.com\\\/it\\\/prodotto\\\/luxor\\\/\",\"url\":\"http:\\\/\\\/skyline-gs.com\\\/it\\\/prodotto\\\/luxor\\\/\",\"name\":\"\u041b\u0443\u043a\u0441\u043e\u0440: \u0413\u043e\u0440\u043e\u0434 \u0436\u0438\u0432\u044b\u0445 \u0438 \u0433\u043e\u0440\u043e\u0434 \u043c\u0451\u0440\u0442\u0432\u044b\u0445 +2$ \u0441\u043a\u0438\u0434\u043a\u0430 \u043d\u0430 \u0434\u0440\u0443\u0433\u0443\u044e \u044d\u043a\u0441\u043a\u0443\u0440\u0441\u0438\u044e &#8226; \u042d\u043a\u0441\u043a\u0443\u0440\u0441\u0438\u0438 Skyline\",\"isPartOf\":{\"@id\":\"https:\\\/\\\/skyline-gs.com\\\/it\\\/#website\"},\"primaryImageOfPage\":{\"@id\":\"http:\\\/\\\/skyline-gs.com\\\/it\\\/prodotto\\\/luxor\\\/#primaryimage\"},\"image\":{\"@id\":\"http:\\\/\\\/skyline-gs.com\\\/it\\\/prodotto\\\/luxor\\\/#primaryimage\"},\"thumbnailUrl\":\"https:\\\/\\\/skyline-gs.com\\\/wp-content\\\/uploads\\\/2021\\\/01\\\/145-2024-06-09T173156.954.jpg\",\"datePublished\":\"2021-01-05T09:19:04+00:00\",\"dateModified\":\"2025-11-08T09:54:43+00:00\",\"breadcrumb\":{\"@id\":\"http:\\\/\\\/skyline-gs.com\\\/it\\\/prodotto\\\/luxor\\\/#breadcrumb\"},\"inLanguage\":\"it-IT\",\"potentialAction\":[{\"@type\":\"ReadAction\",\"target\":[\"http:\\\/\\\/skyline-gs.com\\\/it\\\/prodotto\\\/luxor\\\/\"]}]},{\"@type\":\"ImageObject\",\"inLanguage\":\"it-IT\",\"@id\":\"http:\\\/\\\/skyline-gs.com\\\/it\\\/prodotto\\\/luxor\\\/#primaryimage\",\"url\":\"https:\\\/\\\/skyline-gs.com\\\/wp-content\\\/uploads\\\/2021\\\/01\\\/145-2024-06-09T173156.954.jpg\",\"contentUrl\":\"https:\\\/\\\/skyline-gs.com\\\/wp-content\\\/uploads\\\/2021\\\/01\\\/145-2024-06-09T173156.954.jpg\",\"width\":960,\"height\":640},{\"@type\":\"BreadcrumbList\",\"@id\":\"http:\\\/\\\/skyline-gs.com\\\/it\\\/prodotto\\\/luxor\\\/#breadcrumb\",\"itemListElement\":[{\"@type\":\"ListItem\",\"position\":1,\"name\":\"\u0413\u043b\u0430\u0432\u043d\u0430\u044f \u0441\u0442\u0440\u0430\u043d\u0438\u0446\u0430\",\"item\":\"https:\\\/\\\/skyline-gs.com\\\/hu\\\/\"},{\"@type\":\"ListItem\",\"position\":2,\"name\":\"\u041c\u0430\u0433\u0430\u0437\u0438\u043d\",\"item\":\"https:\\\/\\\/skyline-gs.com\\\/cs\\\/shop\\\/\"},{\"@type\":\"ListItem\",\"position\":3,\"name\":\"\u041b\u0443\u043a\u0441\u043e\u0440: \u0413\u043e\u0440\u043e\u0434 \u0436\u0438\u0432\u044b\u0445 \u0438 \u0433\u043e\u0440\u043e\u0434 \u043c\u0451\u0440\u0442\u0432\u044b\u0445 +2$ \u0441\u043a\u0438\u0434\u043a\u0430 \u043d\u0430 \u0434\u0440\u0443\u0433\u0443\u044e \u044d\u043a\u0441\u043a\u0443\u0440\u0441\u0438\u044e\"}]},{\"@type\":\"WebSite\",\"@id\":\"https:\\\/\\\/skyline-gs.com\\\/it\\\/#website\",\"url\":\"https:\\\/\\\/skyline-gs.com\\\/it\\\/\",\"name\":\"\u042d\u043a\u0441\u043a\u0443\u0440\u0441\u0438\u0438 Skyline\",\"description\":\"\u042d\u043a\u0441\u043a\u043b\u044e\u0437\u0438\u0432\u043d\u044b\u0435 \u044d\u043a\u0441\u043a\u0443\u0440\u0441\u0438\u0438 \u043d\u0430 \u043b\u0443\u0447\u0448\u0438\u0445 \u043a\u0443\u0440\u043e\u0440\u0442\u0430\u0445 \u043c\u0438\u0440\u0430\",\"publisher\":{\"@id\":\"https:\\\/\\\/skyline-gs.com\\\/it\\\/#organization\"},\"alternateName\":\"Skyline\",\"potentialAction\":[{\"@type\":\"SearchAction\",\"target\":{\"@type\":\"EntryPoint\",\"urlTemplate\":\"https:\\\/\\\/skyline-gs.com\\\/it\\\/?s={search_term_string}\"},\"query-input\":{\"@type\":\"PropertyValueSpecification\",\"valueRequired\":true,\"valueName\":\"search_term_string\"}}],\"inLanguage\":\"it-IT\"},{\"@type\":\"Organization\",\"@id\":\"https:\\\/\\\/skyline-gs.com\\\/it\\\/#organization\",\"name\":\"\u042d\u043a\u0441\u043a\u0443\u0440\u0441\u0438\u0438 Skyline\",\"alternateName\":\"\u042d\u043a\u0441\u043a\u0443\u0440\u0441\u0438\u0438 Skyline\",\"url\":\"https:\\\/\\\/skyline-gs.com\\\/it\\\/\",\"logo\":{\"@type\":\"ImageObject\",\"inLanguage\":\"it-IT\",\"@id\":\"https:\\\/\\\/skyline-gs.com\\\/it\\\/#\\\/schema\\\/logo\\\/image\\\/\",\"url\":\"https:\\\/\\\/skyline-gs.com\\\/wp-content\\\/uploads\\\/2020\\\/12\\\/cropped-logo-2.png\",\"contentUrl\":\"https:\\\/\\\/skyline-gs.com\\\/wp-content\\\/uploads\\\/2020\\\/12\\\/cropped-logo-2.png\",\"width\":512,\"height\":512,\"caption\":\"\u042d\u043a\u0441\u043a\u0443\u0440\u0441\u0438\u0438 Skyline\"},\"image\":{\"@id\":\"https:\\\/\\\/skyline-gs.com\\\/it\\\/#\\\/schema\\\/logo\\\/image\\\/\"},\"sameAs\":[\"https:\\\/\\\/www.instagram.com\\\/skylineglobalservice\\\/\"]}]}<\/script>\n<!-- \/ Yoast SEO plugin. -->","yoast_head_json":{"title":"\u041b\u0443\u043a\u0441\u043e\u0440: \u0413\u043e\u0440\u043e\u0434 \u0436\u0438\u0432\u044b\u0445 \u0438 \u0433\u043e\u0440\u043e\u0434 \u043c\u0451\u0440\u0442\u0432\u044b\u0445 +2$ \u0441\u043a\u0438\u0434\u043a\u0430 \u043d\u0430 \u0434\u0440\u0443\u0433\u0443\u044e \u044d\u043a\u0441\u043a\u0443\u0440\u0441\u0438\u044e &#8226; \u042d\u043a\u0441\u043a\u0443\u0440\u0441\u0438\u0438 Skyline","robots":{"index":"index","follow":"follow","max-snippet":"max-snippet:-1","max-image-preview":"max-image-preview:large","max-video-preview":"max-video-preview:-1"},"canonical":"http:\/\/skyline-gs.com\/it\/prodotto\/luxor-2\/","og_locale":"it_IT","og_type":"article","og_title":"\u041b\u0443\u043a\u0441\u043e\u0440: \u0413\u043e\u0440\u043e\u0434 \u0436\u0438\u0432\u044b\u0445 \u0438 \u0433\u043e\u0440\u043e\u0434 \u043c\u0451\u0440\u0442\u0432\u044b\u0445 +2$ \u0441\u043a\u0438\u0434\u043a\u0430 \u043d\u0430 \u0434\u0440\u0443\u0433\u0443\u044e \u044d\u043a\u0441\u043a\u0443\u0440\u0441\u0438\u044e &#8226; \u042d\u043a\u0441\u043a\u0443\u0440\u0441\u0438\u0438 Skyline","og_description":"\u0414\u043b\u0438\u0442\u0435\u043b\u044c\u043d\u043e\u0441\u0442\u044c: 4:30 - 21:00  \u0414\u043d\u0438 \u043f\u0440\u043e\u0432\u0435\u0434\u0435\u043d\u0438\u044f: \u041f\u043e\u043d\u0435\u0434\u0435\u043b\u044c\u043d\u0438\u043a, \u0412\u0442\u043e\u0440\u043d\u0438\u043a, \u0427\u0435\u0442\u0432\u0435\u0440\u0433, \u041f\u044f\u0442\u043d\u0438\u0446\u0430, \u0421\u0443\u0431\u0431\u043e\u0442\u0430","og_url":"http:\/\/skyline-gs.com\/it\/prodotto\/luxor-2\/","og_site_name":"\u042d\u043a\u0441\u043a\u0443\u0440\u0441\u0438\u0438 Skyline","article_modified_time":"2025-11-08T09:54:43+00:00","og_image":[{"width":960,"height":640,"url":"https:\/\/skyline-gs.com\/wp-content\/uploads\/2021\/01\/145-2024-06-09T173156.954.jpg","type":"image\/jpeg"}],"twitter_card":"summary_large_image","twitter_misc":{"Tempo di lettura stimato":"3 minuti"},"schema":{"@context":"https:\/\/schema.org","@graph":[{"@type":"WebPage","@id":"http:\/\/skyline-gs.com\/it\/prodotto\/luxor\/","url":"http:\/\/skyline-gs.com\/it\/prodotto\/luxor\/","name":"\u041b\u0443\u043a\u0441\u043e\u0440: \u0413\u043e\u0440\u043e\u0434 \u0436\u0438\u0432\u044b\u0445 \u0438 \u0433\u043e\u0440\u043e\u0434 \u043c\u0451\u0440\u0442\u0432\u044b\u0445 +2$ \u0441\u043a\u0438\u0434\u043a\u0430 \u043d\u0430 \u0434\u0440\u0443\u0433\u0443\u044e \u044d\u043a\u0441\u043a\u0443\u0440\u0441\u0438\u044e &#8226; \u042d\u043a\u0441\u043a\u0443\u0440\u0441\u0438\u0438 Skyline","isPartOf":{"@id":"https:\/\/skyline-gs.com\/it\/#website"},"primaryImageOfPage":{"@id":"http:\/\/skyline-gs.com\/it\/prodotto\/luxor\/#primaryimage"},"image":{"@id":"http:\/\/skyline-gs.com\/it\/prodotto\/luxor\/#primaryimage"},"thumbnailUrl":"https:\/\/skyline-gs.com\/wp-content\/uploads\/2021\/01\/145-2024-06-09T173156.954.jpg","datePublished":"2021-01-05T09:19:04+00:00","dateModified":"2025-11-08T09:54:43+00:00","breadcrumb":{"@id":"http:\/\/skyline-gs.com\/it\/prodotto\/luxor\/#breadcrumb"},"inLanguage":"it-IT","potentialAction":[{"@type":"ReadAction","target":["http:\/\/skyline-gs.com\/it\/prodotto\/luxor\/"]}]},{"@type":"ImageObject","inLanguage":"it-IT","@id":"http:\/\/skyline-gs.com\/it\/prodotto\/luxor\/#primaryimage","url":"https:\/\/skyline-gs.com\/wp-content\/uploads\/2021\/01\/145-2024-06-09T173156.954.jpg","contentUrl":"https:\/\/skyline-gs.com\/wp-content\/uploads\/2021\/01\/145-2024-06-09T173156.954.jpg","width":960,"height":640},{"@type":"BreadcrumbList","@id":"http:\/\/skyline-gs.com\/it\/prodotto\/luxor\/#breadcrumb","itemListElement":[{"@type":"ListItem","position":1,"name":"\u0413\u043b\u0430\u0432\u043d\u0430\u044f \u0441\u0442\u0440\u0430\u043d\u0438\u0446\u0430","item":"https:\/\/skyline-gs.com\/hu\/"},{"@type":"ListItem","position":2,"name":"\u041c\u0430\u0433\u0430\u0437\u0438\u043d","item":"https:\/\/skyline-gs.com\/cs\/shop\/"},{"@type":"ListItem","position":3,"name":"\u041b\u0443\u043a\u0441\u043e\u0440: \u0413\u043e\u0440\u043e\u0434 \u0436\u0438\u0432\u044b\u0445 \u0438 \u0433\u043e\u0440\u043e\u0434 \u043c\u0451\u0440\u0442\u0432\u044b\u0445 +2$ \u0441\u043a\u0438\u0434\u043a\u0430 \u043d\u0430 \u0434\u0440\u0443\u0433\u0443\u044e \u044d\u043a\u0441\u043a\u0443\u0440\u0441\u0438\u044e"}]},{"@type":"WebSite","@id":"https:\/\/skyline-gs.com\/it\/#website","url":"https:\/\/skyline-gs.com\/it\/","name":"Escursioni Skyline","description":"Escursioni esclusive nei migliori resort del mondo","publisher":{"@id":"https:\/\/skyline-gs.com\/it\/#organization"},"alternateName":"Skyline","potentialAction":[{"@type":"SearchAction","target":{"@type":"EntryPoint","urlTemplate":"https:\/\/skyline-gs.com\/it\/?s={search_term_string}"},"query-input":{"@type":"PropertyValueSpecification","valueRequired":true,"valueName":"search_term_string"}}],"inLanguage":"it-IT"},{"@type":"Organization","@id":"https:\/\/skyline-gs.com\/it\/#organization","name":"Escursioni Skyline","alternateName":"\u042d\u043a\u0441\u043a\u0443\u0440\u0441\u0438\u0438 Skyline","url":"https:\/\/skyline-gs.com\/it\/","logo":{"@type":"ImageObject","inLanguage":"it-IT","@id":"https:\/\/skyline-gs.com\/it\/#\/schema\/logo\/image\/","url":"https:\/\/skyline-gs.com\/wp-content\/uploads\/2020\/12\/cropped-logo-2.png","contentUrl":"https:\/\/skyline-gs.com\/wp-content\/uploads\/2020\/12\/cropped-logo-2.png","width":512,"height":512,"caption":"\u042d\u043a\u0441\u043a\u0443\u0440\u0441\u0438\u0438 Skyline"},"image":{"@id":"https:\/\/skyline-gs.com\/it\/#\/schema\/logo\/image\/"},"sameAs":["https:\/\/www.instagram.com\/skylineglobalservice\/"]}]}},"_links":{"self":[{"href":"https:\/\/skyline-gs.com\/it\/wp-json\/wp\/v2\/product\/57488","targetHints":{"allow":["GET"]}}],"collection":[{"href":"https:\/\/skyline-gs.com\/it\/wp-json\/wp\/v2\/product"}],"about":[{"href":"https:\/\/skyline-gs.com\/it\/wp-json\/wp\/v2\/types\/product"}],"version-history":[{"count":0,"href":"https:\/\/skyline-gs.com\/it\/wp-json\/wp\/v2\/product\/57488\/revisions"}],"wp:featuredmedia":[{"embeddable":true,"href":"https:\/\/skyline-gs.com\/it\/wp-json\/wp\/v2\/media\/29528"}],"wp:attachment":[{"href":"https:\/\/skyline-gs.com\/it\/wp-json\/wp\/v2\/media?parent=57488"}],"wp:term":[{"taxonomy":"product_brand","embeddable":true,"href":"https:\/\/skyline-gs.com\/it\/wp-json\/wp\/v2\/product_brand?post=57488"},{"taxonomy":"product_cat","embeddable":true,"href":"https:\/\/skyline-gs.com\/it\/wp-json\/wp\/v2\/product_cat?post=57488"},{"taxonomy":"product_tag","embeddable":true,"href":"https:\/\/skyline-gs.com\/it\/wp-json\/wp\/v2\/product_tag?post=57488"}],"curies":[{"name":"wp","href":"https:\/\/api.w.org\/{rel}","templated":true}]}}