{"id":56255,"date":"2022-11-13T01:14:35","date_gmt":"2022-11-12T22:14:35","guid":{"rendered":"https:\/\/dubai.skyline-gs.com\/?post_type=product&#038;p=41063"},"modified":"2025-11-12T00:12:47","modified_gmt":"2025-11-11T22:12:47","slug":"yacht-lurssen-capri-1-dubai-2","status":"publish","type":"product","link":"https:\/\/skyline-gs.com\/it\/product\/yacht-lurssen-capri-1-dubai\/","title":{"rendered":"Yacht Lurssen CAPRI 1"},"content":{"rendered":"<p>Trascorrete la vostra vacanza in uno scenario di lusso, a bordo di un elegante yacht a vele bianche che scivola nelle acque azzurre del Golfo Persico. Godetevi uno degli skyline pi\u00f9 pittoreschi, tra i grattacieli e i luoghi preferiti di Dubai: Burj Al Arab, Atlantis e Burj Khalifa. Un equipaggio cortese e un servizio di qualit\u00e0 superiore sono al vostro servizio.<\/p>\n<p>Il motor yacht CAPRI I, costruito nel 2003 dal cantiere tedesco L\u00fcrssen, combina uno stile classico con comfort moderni. Gli interni e gli esterni dello yacht, compreso lo scafo in acciaio e la sovrastruttura in alluminio, sono stati progettati da Glade Johnson. Questa imbarcazione unica pu\u00f2 ospitare 12 persone per soggiorni prolungati. I cinque ponti offrono un'ampia gamma di servizi moderni. Gli interni combinano elementi classici e moderni, ad esempio alcune aree sono rifinite in marmo, legno scuro e seta.<\/p>\n<p>A poppa del ponte inferiore si trova il garage per i tender con due porte idrauliche per facilitare il carico e l'attracco. A poppa del ponte principale si trovano un ampio salone e una zona pranzo. Il ponte superiore \u00e8 occupato da uno skylounge con bar, cinema e due aree lounge. L'albero dello yacht \u00e8 retrattile. Una delle caratteristiche pi\u00f9 impressionanti di questo yacht di lusso \u00e8 il suo ponte di osservazione protetto dal vento, che offre una vista panoramica dall'interno. A poppa si trovano una palestra, una vasca idromassaggio all'aperto e comodi posti a sedere. Quest'area ha una duplice funzione: pu\u00f2 diventare un sandeck o essere utilizzata come eliporto.<\/p>\n<p>Quattro delle sei cabine sono riservate agli ospiti, tre delle quali con letti king-size e l'ultima con due letti singoli. La cabina VIP pu\u00f2 diventare una sala giochi per bambini. La suite armatoriale si trova a prua sul ponte principale. Il suo bagno \u00e8 rifinito in onice. Il pezzo forte di questa stanza \u00e8 un'incisione in vetro illuminata che raffigura il porto dell'isola di Capri I, dove i proprietari hanno firmato il contratto per la costruzione di questo yacht. Accanto alla cabina armatoriale si trovano l'ufficio, la biblioteca e la suite VIP. Le cabine degli ospiti si trovano sul ponte inferiore, cos\u00ec come gli alloggi dell'equipaggio.<\/p>\n<p>L'equipaggiamento tecnico dello yacht \u00e8 impeccabile. A bordo \u00e8 presente il sistema di stabilizzazione Koop Nautic, con modalit\u00e0 \"all'ancora\" per ridurre al minimo il rollio sulle onde. Poich\u00e9 l'armatore \u00e8 attento all'ambiente, il superyacht \u00e8 dotato di filtri antiparticolato, convertitori catalitici su due motori Caterpillar 3512, sistema di depurazione dell'acqua, compattatore di rifiuti e meccanismo di congelamento. Poich\u00e9 lo yacht era destinato sia alla famiglia dell'armatore che alle crociere charter, il suo design \u00e8 stato creato tenendo conto della sicurezza dei bambini. Per questo motivo, sono presenti cancelli di sicurezza su ogni scala esterna e la cabina per bambini si trova accanto alla suite armatoriale. CAPRI 1 \u00e8 lo yacht charter perfetto per una vacanza di lusso con un equipaggio dedicato, un'ampia gamma di servizi di bordo e attrezzature per gli sport acquatici.<\/p>\n<p><strong>Informazioni aggiuntive:<\/strong><\/p>\n<ul>\n<li>\u00c8 obbligatorio avere con s\u00e9 i passaporti originali di tutti i partecipanti.<\/li>\n<li>Durata minima del noleggio: 6 ore<\/li>\n<li>Disponibile per il noleggio settimanale<\/li>\n<li>Numero di cabine: 6<\/li>\n<li>Numero di letti: 12<\/li>\n<\/ul>\n<p><strong>Incluso:<\/strong><\/p>\n<ul>\n<li>Trasferimenti da e per l'hotel (fino a 6 persone)<\/li>\n<li>Noleggio di yacht su misura<\/li>\n<li>Servizi per il personale<\/li>\n<li>Acqua<\/li>\n<li>Giubbotti di salvataggio<\/li>\n<li>Servizi a bordo<\/li>\n<\/ul>\n<p><strong>Non incluso:<\/strong><\/p>\n<ul>\n<li>Trasferimenti da e per l'hotel per 7-14 persone - supplemento 100$ per gruppo<\/li>\n<li>Trasferimenti da e per l'hotel per pi\u00f9 di 15-24 persone - supplemento 200$ per gruppo<\/li>\n<li>Trasferimenti da e per l'hotel per pi\u00f9 di 25-40 persone - supplemento 300$ per gruppo<\/li>\n<\/ul>\n<p><strong>Portatelo con voi:<\/strong><\/p>\n<ul>\n<li>Acqua<\/li>\n<li>Asciugamano<\/li>\n<\/ul>\n<p><strong>Opzioni di menu:<\/strong><\/p>\n<ol>\n<li><strong>Menu Bronzo. Adulti - 50$, bambini sotto i 12 anni - 35$. <\/strong>Insalata Caesar, Insalata Fattoush araba, Carne kebab assortita, Verdure alla griglia, Verdure, Pur\u00e8 di patate, Frutta, Acqua<\/li>\n<li><strong>Menu Argento. Adulti - 70$, bambini sotto i 12 anni - 55$. <\/strong>Insalata di Fattoush arabo, Hummus, pesce, verdure grigliate, gamberetti, patatine fritte, focacce arabe, tagli di frutta, acqua<\/li>\n<li><strong><strong>Menu Oro. Adulti - 90$, bambini sotto i 12 anni - 75$. <\/strong><\/strong>Caesar salad, Insalata di verdure, Insalata greca, Agnello, Pesce, Gamberi, Verdure alla griglia, Patatine fritte, Pane arabo, Frutta spalmabile, Baklava, Acqua<\/li>\n<\/ol>","protected":false},"excerpt":{"rendered":"<p><strong>Durata del contratto di locazione:<\/strong> 6 ore<\/p>\n<p><strong>Capacit\u00e0:<\/strong> 40 persone<\/p>","protected":false},"featured_media":41086,"template":"","meta":{"_kad_post_transparent":"default","_kad_post_title":"","_kad_post_layout":"default","_kad_post_sidebar_id":"","_kad_post_content_style":"default","_kad_post_vertical_padding":"default","_kad_post_feature":"","_kad_post_feature_position":"","_kad_post_header":false,"_kad_post_footer":false,"_kad_post_classname":"","_glsr_average":0,"_glsr_ranking":0,"_glsr_reviews":0},"product_brand":[],"product_cat":[474],"product_tag":[],"class_list":{"0":"post-56255","1":"product","2":"type-product","3":"status-publish","4":"has-post-thumbnail","6":"product_cat-yacht-in-dubai","7":"tm-has-options","9":"first","10":"instock","11":"sold-individually","12":"taxable","13":"shipping-taxable","14":"purchasable","15":"product-type-simple","16":"entry","17":"content-bg","18":"loop-entry"},"yoast_head":"<!-- This site is optimized with the Yoast SEO plugin v27.3 - https:\/\/yoast.com\/product\/yoast-seo-wordpress\/ -->\n<title>\u042f\u0445\u0442\u0430 Lurssen CAPRI 1 &#8226; \u042d\u043a\u0441\u043a\u0443\u0440\u0441\u0438\u0438 Skyline<\/title>\n<meta name=\"robots\" content=\"index, follow, max-snippet:-1, max-image-preview:large, max-video-preview:-1\" \/>\n<link rel=\"canonical\" href=\"http:\/\/skyline-gs.com\/it\/prodotto\/yacht-lurssen-capri-1-dubai-2\/\" \/>\n<meta property=\"og:locale\" content=\"it_IT\" \/>\n<meta property=\"og:type\" content=\"article\" \/>\n<meta property=\"og:title\" content=\"\u042f\u0445\u0442\u0430 Lurssen CAPRI 1 &#8226; \u042d\u043a\u0441\u043a\u0443\u0440\u0441\u0438\u0438 Skyline\" \/>\n<meta property=\"og:description\" content=\"\u0414\u043b\u0438\u0442\u0435\u043b\u044c\u043d\u043e\u0441\u0442\u044c \u0430\u0440\u0435\u043d\u0434\u044b: 6 \u0447\u0430\u0441\u043e\u0432  \u0412\u043c\u0435\u0441\u0442\u0438\u0442\u0435\u043b\u044c\u043d\u043e\u0441\u0442\u044c: 40 \u0447\u0435\u043b\u043e\u0432\u0435\u043a\" \/>\n<meta property=\"og:url\" content=\"http:\/\/skyline-gs.com\/it\/prodotto\/yacht-lurssen-capri-1-dubai-2\/\" \/>\n<meta property=\"og:site_name\" content=\"\u042d\u043a\u0441\u043a\u0443\u0440\u0441\u0438\u0438 Skyline\" \/>\n<meta property=\"article:modified_time\" content=\"2025-11-11T22:12:47+00:00\" \/>\n<meta property=\"og:image\" content=\"https:\/\/skyline-gs.com\/wp-content\/uploads\/2022\/11\/23.png\" \/>\n\t<meta property=\"og:image:width\" content=\"669\" \/>\n\t<meta property=\"og:image:height\" content=\"446\" \/>\n\t<meta property=\"og:image:type\" content=\"image\/png\" \/>\n<meta name=\"twitter:card\" content=\"summary_large_image\" \/>\n<meta name=\"twitter:label1\" content=\"Tempo di lettura stimato\" \/>\n\t<meta name=\"twitter:data1\" content=\"4 minuti\" \/>\n<script type=\"application\/ld+json\" class=\"yoast-schema-graph\">{\"@context\":\"https:\\\/\\\/schema.org\",\"@graph\":[{\"@type\":\"WebPage\",\"@id\":\"http:\\\/\\\/skyline-gs.com\\\/fr\\\/produit\\\/yacht-lurssen-capri-1-dubai\\\/\",\"url\":\"http:\\\/\\\/skyline-gs.com\\\/fr\\\/produit\\\/yacht-lurssen-capri-1-dubai\\\/\",\"name\":\"\u042f\u0445\u0442\u0430 Lurssen CAPRI 1 &#8226; \u042d\u043a\u0441\u043a\u0443\u0440\u0441\u0438\u0438 Skyline\",\"isPartOf\":{\"@id\":\"https:\\\/\\\/skyline-gs.com\\\/it\\\/#website\"},\"primaryImageOfPage\":{\"@id\":\"http:\\\/\\\/skyline-gs.com\\\/fr\\\/produit\\\/yacht-lurssen-capri-1-dubai\\\/#primaryimage\"},\"image\":{\"@id\":\"http:\\\/\\\/skyline-gs.com\\\/fr\\\/produit\\\/yacht-lurssen-capri-1-dubai\\\/#primaryimage\"},\"thumbnailUrl\":\"https:\\\/\\\/skyline-gs.com\\\/wp-content\\\/uploads\\\/2022\\\/11\\\/23.png\",\"datePublished\":\"2022-11-12T22:14:35+00:00\",\"dateModified\":\"2025-11-11T22:12:47+00:00\",\"breadcrumb\":{\"@id\":\"http:\\\/\\\/skyline-gs.com\\\/fr\\\/produit\\\/yacht-lurssen-capri-1-dubai\\\/#breadcrumb\"},\"inLanguage\":\"it-IT\",\"potentialAction\":[{\"@type\":\"ReadAction\",\"target\":[\"http:\\\/\\\/skyline-gs.com\\\/fr\\\/produit\\\/yacht-lurssen-capri-1-dubai\\\/\"]}]},{\"@type\":\"ImageObject\",\"inLanguage\":\"it-IT\",\"@id\":\"http:\\\/\\\/skyline-gs.com\\\/fr\\\/produit\\\/yacht-lurssen-capri-1-dubai\\\/#primaryimage\",\"url\":\"https:\\\/\\\/skyline-gs.com\\\/wp-content\\\/uploads\\\/2022\\\/11\\\/23.png\",\"contentUrl\":\"https:\\\/\\\/skyline-gs.com\\\/wp-content\\\/uploads\\\/2022\\\/11\\\/23.png\",\"width\":669,\"height\":446},{\"@type\":\"BreadcrumbList\",\"@id\":\"http:\\\/\\\/skyline-gs.com\\\/fr\\\/produit\\\/yacht-lurssen-capri-1-dubai\\\/#breadcrumb\",\"itemListElement\":[{\"@type\":\"ListItem\",\"position\":1,\"name\":\"\u0413\u043b\u0430\u0432\u043d\u0430\u044f \u0441\u0442\u0440\u0430\u043d\u0438\u0446\u0430\",\"item\":\"https:\\\/\\\/skyline-gs.com\\\/hu\\\/\"},{\"@type\":\"ListItem\",\"position\":2,\"name\":\"\u041c\u0430\u0433\u0430\u0437\u0438\u043d\",\"item\":\"https:\\\/\\\/skyline-gs.com\\\/cs\\\/shop\\\/\"},{\"@type\":\"ListItem\",\"position\":3,\"name\":\"\u042f\u0445\u0442\u0430 Lurssen CAPRI 1\"}]},{\"@type\":\"WebSite\",\"@id\":\"https:\\\/\\\/skyline-gs.com\\\/it\\\/#website\",\"url\":\"https:\\\/\\\/skyline-gs.com\\\/it\\\/\",\"name\":\"\u042d\u043a\u0441\u043a\u0443\u0440\u0441\u0438\u0438 Skyline\",\"description\":\"\u042d\u043a\u0441\u043a\u043b\u044e\u0437\u0438\u0432\u043d\u044b\u0435 \u044d\u043a\u0441\u043a\u0443\u0440\u0441\u0438\u0438 \u043d\u0430 \u043b\u0443\u0447\u0448\u0438\u0445 \u043a\u0443\u0440\u043e\u0440\u0442\u0430\u0445 \u043c\u0438\u0440\u0430\",\"publisher\":{\"@id\":\"https:\\\/\\\/skyline-gs.com\\\/it\\\/#organization\"},\"alternateName\":\"Skyline\",\"potentialAction\":[{\"@type\":\"SearchAction\",\"target\":{\"@type\":\"EntryPoint\",\"urlTemplate\":\"https:\\\/\\\/skyline-gs.com\\\/it\\\/?s={search_term_string}\"},\"query-input\":{\"@type\":\"PropertyValueSpecification\",\"valueRequired\":true,\"valueName\":\"search_term_string\"}}],\"inLanguage\":\"it-IT\"},{\"@type\":\"Organization\",\"@id\":\"https:\\\/\\\/skyline-gs.com\\\/it\\\/#organization\",\"name\":\"\u042d\u043a\u0441\u043a\u0443\u0440\u0441\u0438\u0438 Skyline\",\"alternateName\":\"\u042d\u043a\u0441\u043a\u0443\u0440\u0441\u0438\u0438 Skyline\",\"url\":\"https:\\\/\\\/skyline-gs.com\\\/it\\\/\",\"logo\":{\"@type\":\"ImageObject\",\"inLanguage\":\"it-IT\",\"@id\":\"https:\\\/\\\/skyline-gs.com\\\/it\\\/#\\\/schema\\\/logo\\\/image\\\/\",\"url\":\"https:\\\/\\\/skyline-gs.com\\\/wp-content\\\/uploads\\\/2020\\\/12\\\/cropped-logo-2.png\",\"contentUrl\":\"https:\\\/\\\/skyline-gs.com\\\/wp-content\\\/uploads\\\/2020\\\/12\\\/cropped-logo-2.png\",\"width\":512,\"height\":512,\"caption\":\"\u042d\u043a\u0441\u043a\u0443\u0440\u0441\u0438\u0438 Skyline\"},\"image\":{\"@id\":\"https:\\\/\\\/skyline-gs.com\\\/it\\\/#\\\/schema\\\/logo\\\/image\\\/\"},\"sameAs\":[\"https:\\\/\\\/www.instagram.com\\\/skylineglobalservice\\\/\"]}]}<\/script>\n<!-- \/ Yoast SEO plugin. -->","yoast_head_json":{"title":"Lurssen CAPRI 1 - Escursioni Skyline","robots":{"index":"index","follow":"follow","max-snippet":"max-snippet:-1","max-image-preview":"max-image-preview:large","max-video-preview":"max-video-preview:-1"},"canonical":"http:\/\/skyline-gs.com\/it\/prodotto\/yacht-lurssen-capri-1-dubai-2\/","og_locale":"it_IT","og_type":"article","og_title":"\u042f\u0445\u0442\u0430 Lurssen CAPRI 1 &#8226; \u042d\u043a\u0441\u043a\u0443\u0440\u0441\u0438\u0438 Skyline","og_description":"\u0414\u043b\u0438\u0442\u0435\u043b\u044c\u043d\u043e\u0441\u0442\u044c \u0430\u0440\u0435\u043d\u0434\u044b: 6 \u0447\u0430\u0441\u043e\u0432  \u0412\u043c\u0435\u0441\u0442\u0438\u0442\u0435\u043b\u044c\u043d\u043e\u0441\u0442\u044c: 40 \u0447\u0435\u043b\u043e\u0432\u0435\u043a","og_url":"http:\/\/skyline-gs.com\/it\/prodotto\/yacht-lurssen-capri-1-dubai-2\/","og_site_name":"\u042d\u043a\u0441\u043a\u0443\u0440\u0441\u0438\u0438 Skyline","article_modified_time":"2025-11-11T22:12:47+00:00","og_image":[{"width":669,"height":446,"url":"https:\/\/skyline-gs.com\/wp-content\/uploads\/2022\/11\/23.png","type":"image\/png"}],"twitter_card":"summary_large_image","twitter_misc":{"Tempo di lettura stimato":"4 minuti"},"schema":{"@context":"https:\/\/schema.org","@graph":[{"@type":"WebPage","@id":"http:\/\/skyline-gs.com\/fr\/produit\/yacht-lurssen-capri-1-dubai\/","url":"http:\/\/skyline-gs.com\/fr\/produit\/yacht-lurssen-capri-1-dubai\/","name":"Lurssen CAPRI 1 - Escursioni Skyline","isPartOf":{"@id":"https:\/\/skyline-gs.com\/it\/#website"},"primaryImageOfPage":{"@id":"http:\/\/skyline-gs.com\/fr\/produit\/yacht-lurssen-capri-1-dubai\/#primaryimage"},"image":{"@id":"http:\/\/skyline-gs.com\/fr\/produit\/yacht-lurssen-capri-1-dubai\/#primaryimage"},"thumbnailUrl":"https:\/\/skyline-gs.com\/wp-content\/uploads\/2022\/11\/23.png","datePublished":"2022-11-12T22:14:35+00:00","dateModified":"2025-11-11T22:12:47+00:00","breadcrumb":{"@id":"http:\/\/skyline-gs.com\/fr\/produit\/yacht-lurssen-capri-1-dubai\/#breadcrumb"},"inLanguage":"it-IT","potentialAction":[{"@type":"ReadAction","target":["http:\/\/skyline-gs.com\/fr\/produit\/yacht-lurssen-capri-1-dubai\/"]}]},{"@type":"ImageObject","inLanguage":"it-IT","@id":"http:\/\/skyline-gs.com\/fr\/produit\/yacht-lurssen-capri-1-dubai\/#primaryimage","url":"https:\/\/skyline-gs.com\/wp-content\/uploads\/2022\/11\/23.png","contentUrl":"https:\/\/skyline-gs.com\/wp-content\/uploads\/2022\/11\/23.png","width":669,"height":446},{"@type":"BreadcrumbList","@id":"http:\/\/skyline-gs.com\/fr\/produit\/yacht-lurssen-capri-1-dubai\/#breadcrumb","itemListElement":[{"@type":"ListItem","position":1,"name":"\u0413\u043b\u0430\u0432\u043d\u0430\u044f \u0441\u0442\u0440\u0430\u043d\u0438\u0446\u0430","item":"https:\/\/skyline-gs.com\/hu\/"},{"@type":"ListItem","position":2,"name":"\u041c\u0430\u0433\u0430\u0437\u0438\u043d","item":"https:\/\/skyline-gs.com\/cs\/shop\/"},{"@type":"ListItem","position":3,"name":"\u042f\u0445\u0442\u0430 Lurssen CAPRI 1"}]},{"@type":"WebSite","@id":"https:\/\/skyline-gs.com\/it\/#website","url":"https:\/\/skyline-gs.com\/it\/","name":"Escursioni Skyline","description":"Escursioni esclusive nei migliori resort del mondo","publisher":{"@id":"https:\/\/skyline-gs.com\/it\/#organization"},"alternateName":"Skyline","potentialAction":[{"@type":"SearchAction","target":{"@type":"EntryPoint","urlTemplate":"https:\/\/skyline-gs.com\/it\/?s={search_term_string}"},"query-input":{"@type":"PropertyValueSpecification","valueRequired":true,"valueName":"search_term_string"}}],"inLanguage":"it-IT"},{"@type":"Organization","@id":"https:\/\/skyline-gs.com\/it\/#organization","name":"Escursioni Skyline","alternateName":"\u042d\u043a\u0441\u043a\u0443\u0440\u0441\u0438\u0438 Skyline","url":"https:\/\/skyline-gs.com\/it\/","logo":{"@type":"ImageObject","inLanguage":"it-IT","@id":"https:\/\/skyline-gs.com\/it\/#\/schema\/logo\/image\/","url":"https:\/\/skyline-gs.com\/wp-content\/uploads\/2020\/12\/cropped-logo-2.png","contentUrl":"https:\/\/skyline-gs.com\/wp-content\/uploads\/2020\/12\/cropped-logo-2.png","width":512,"height":512,"caption":"\u042d\u043a\u0441\u043a\u0443\u0440\u0441\u0438\u0438 Skyline"},"image":{"@id":"https:\/\/skyline-gs.com\/it\/#\/schema\/logo\/image\/"},"sameAs":["https:\/\/www.instagram.com\/skylineglobalservice\/"]}]}},"_links":{"self":[{"href":"https:\/\/skyline-gs.com\/it\/wp-json\/wp\/v2\/product\/56255","targetHints":{"allow":["GET"]}}],"collection":[{"href":"https:\/\/skyline-gs.com\/it\/wp-json\/wp\/v2\/product"}],"about":[{"href":"https:\/\/skyline-gs.com\/it\/wp-json\/wp\/v2\/types\/product"}],"version-history":[{"count":0,"href":"https:\/\/skyline-gs.com\/it\/wp-json\/wp\/v2\/product\/56255\/revisions"}],"wp:featuredmedia":[{"embeddable":true,"href":"https:\/\/skyline-gs.com\/it\/wp-json\/wp\/v2\/media\/41086"}],"wp:attachment":[{"href":"https:\/\/skyline-gs.com\/it\/wp-json\/wp\/v2\/media?parent=56255"}],"wp:term":[{"taxonomy":"product_brand","embeddable":true,"href":"https:\/\/skyline-gs.com\/it\/wp-json\/wp\/v2\/product_brand?post=56255"},{"taxonomy":"product_cat","embeddable":true,"href":"https:\/\/skyline-gs.com\/it\/wp-json\/wp\/v2\/product_cat?post=56255"},{"taxonomy":"product_tag","embeddable":true,"href":"https:\/\/skyline-gs.com\/it\/wp-json\/wp\/v2\/product_tag?post=56255"}],"curies":[{"name":"wp","href":"https:\/\/api.w.org\/{rel}","templated":true}]}}