{"id":50311,"date":"2024-06-04T20:11:28","date_gmt":"2024-06-04T18:11:28","guid":{"rendered":"http:\/\/skyline-gs.com\/?post_type=product&#038;p=50311"},"modified":"2025-11-28T16:02:39","modified_gmt":"2025-11-28T14:02:39","slug":"golden-circle-iceland","status":"publish","type":"product","link":"https:\/\/skyline-gs.com\/it\/product\/golden-circle-iceland\/","title":{"rendered":"Tour personalizzato: Anello d'oro, cavalli islandesi, lago vulcanico Kerid"},"content":{"rendered":"<p>L'Anello d'Oro dell'Islanda \u00e8 uno degli itinerari turistici pi\u00f9 popolari ed emozionanti del Paese, che rivela le pi\u00f9 magnifiche meraviglie naturali e fenomeni geologici unici. Viaggiate lungo questo percorso e vivete la magia dell'Islanda che molti viaggiatori sognano!<\/p>\n<p><strong>8:00 - Partenza dalla hall dell'hotel.<\/strong><\/p>\n<ul>\n<li><strong>Parco nazionale di Tingvellir<\/strong> - Iniziate il vostro tour da questo sito storico dove \u00e8 stato fondato il primo parlamento islandese. Qui potrete anche osservare una caratteristica geologica unica: la separazione delle placche tettoniche eurasiatica e nordamericana. Si tratta di una meraviglia non solo culturale ma anche geologica!<\/li>\n<li><strong>Cascata di Ehsaraurfoss<\/strong> - Una maestosa cascata sul fiume Ehsarau, che precipita lungo la faglia di Almannagya, che corre lungo il confine orientale delle placche tettoniche. Qui la potenza della natura si fa sentire al massimo.<\/li>\n<li><strong>Geysir<\/strong> - \u00e8 il luogo da cui prende il nome l'intero gruppo di sorgenti termali. Qui si trova il famoso geyser Strokk\u00fcr, che sputa acqua calda fino a 30 metri di altezza. Uno spettacolo incredibile da non perdere!<\/li>\n<li><strong>Cavalli islandesi<\/strong> - una razza di cavallo unica, nota per il suo carattere e la sua forza. Potrete incontrarli e scoprire perch\u00e9 sono cos\u00ec importanti per l'Islanda.<\/li>\n<li><strong>Cascata di G\u00fcdlfoss<\/strong> - una delle cascate pi\u00f9 maestose d'Islanda. I suoi potenti flussi e l'ambiente circostante creano panorami incredibili e un'atmosfera in cui \u00e8 possibile percepire tutta la potenza della natura.<\/li>\n<li><strong>Lago vulcanico Kerid<\/strong> - Un lago craterico formatosi oltre 6.000 anni fa da un'eruzione vulcanica. Questo luogo vi stupir\u00e0 per la sua bellezza e la sua atmosfera unica.<\/li>\n<\/ul>\n<p><strong>16:00 - Ritorno in hotel.<\/strong><\/p>\n<p><strong>Incluso:<\/strong><\/p>\n<ul>\n<li>Trasferimento da e per l'hotel<\/li>\n<li>Trasferimenti in un comodo SUV 4\u00d74 con aria condizionata<\/li>\n<li>Guida di lingua russa<\/li>\n<li>Carburante<\/li>\n<li>Parcheggi a pagamento lungo il percorso<\/li>\n<\/ul>\n<p><strong>Non incluso:<\/strong><\/p>\n<ul>\n<li>Biglietti d'ingresso<\/li>\n<li>Pasti (facoltativi, caff\u00e8 lungo il percorso)<\/li>\n<\/ul>\n<p><strong>Portatelo con voi:<\/strong><\/p>\n<ul>\n<li>Fotocamera<\/li>\n<li>Scarpe comode<\/li>\n<li>Vestiti caldi<\/li>\n<li>Soldi per le spese personali<\/li>\n<\/ul>","protected":false},"excerpt":{"rendered":"<p><strong>Orario del Tour:\u00a0<\/strong>8:00 \u2014 16:00<\/p>\n<p><strong>Giorni di Svolgimento: <\/strong>Ogni giorno.<\/p>","protected":false},"featured_media":63396,"template":"","meta":{"_kad_post_transparent":"default","_kad_post_title":"","_kad_post_layout":"default","_kad_post_sidebar_id":"","_kad_post_content_style":"default","_kad_post_vertical_padding":"default","_kad_post_feature":"","_kad_post_feature_position":"","_kad_post_header":false,"_kad_post_footer":false,"_kad_post_classname":"","_glsr_average":0,"_glsr_ranking":0,"_glsr_reviews":0},"product_brand":[],"product_cat":[467],"product_tag":[],"class_list":{"0":"post-50311","1":"product","2":"type-product","3":"status-publish","4":"has-post-thumbnail","6":"product_cat-iceland","7":"tm-has-options","9":"first","10":"instock","11":"sale","12":"sold-individually","13":"taxable","14":"shipping-taxable","15":"purchasable","16":"product-type-simple","17":"entry","18":"content-bg","19":"loop-entry"},"yoast_head":"<!-- This site is optimized with the Yoast SEO plugin v27.3 - https:\/\/yoast.com\/product\/yoast-seo-wordpress\/ -->\n<title>\u0418\u043d\u0434\u0438\u0432\u0438\u0434\u0443\u0430\u043b\u044c\u043d\u044b\u0439 \u0442\u0443\u0440: \u0417\u043e\u043b\u043e\u0442\u043e\u0435 \u043a\u043e\u043b\u044c\u0446\u043e, \u0438\u0441\u043b\u0430\u043d\u0434\u0441\u043a\u0438\u0435 \u043b\u043e\u0448\u0430\u0434\u0438, \u0432\u0443\u043b\u043a\u0430\u043d\u0438\u0447\u0435\u0441\u043a\u043e\u0435 \u043e\u0437\u0435\u0440\u043e \u041a\u0435\u0440\u0438\u0434 &#8226; \u042d\u043a\u0441\u043a\u0443\u0440\u0441\u0438\u0438 Skyline<\/title>\n<meta name=\"robots\" content=\"index, follow, max-snippet:-1, max-image-preview:large, max-video-preview:-1\" \/>\n<link rel=\"canonical\" href=\"https:\/\/skyline-gs.com\/it\/prodotto\/golden-circle-iceland\/\" \/>\n<meta property=\"og:locale\" content=\"it_IT\" \/>\n<meta property=\"og:type\" content=\"article\" \/>\n<meta property=\"og:title\" content=\"\u0418\u043d\u0434\u0438\u0432\u0438\u0434\u0443\u0430\u043b\u044c\u043d\u044b\u0439 \u0442\u0443\u0440: \u0417\u043e\u043b\u043e\u0442\u043e\u0435 \u043a\u043e\u043b\u044c\u0446\u043e, \u0438\u0441\u043b\u0430\u043d\u0434\u0441\u043a\u0438\u0435 \u043b\u043e\u0448\u0430\u0434\u0438, \u0432\u0443\u043b\u043a\u0430\u043d\u0438\u0447\u0435\u0441\u043a\u043e\u0435 \u043e\u0437\u0435\u0440\u043e \u041a\u0435\u0440\u0438\u0434 &#8226; \u042d\u043a\u0441\u043a\u0443\u0440\u0441\u0438\u0438 Skyline\" \/>\n<meta property=\"og:description\" content=\"\u0412\u0440\u0435\u043c\u044f \u0442\u0443\u0440\u0430:\u00a08:00 \u2014 16:00  \u0414\u043d\u0438 \u043f\u0440\u043e\u0432\u0435\u0434\u0435\u043d\u0438\u044f: \u041a\u0430\u0436\u0434\u044b\u0439 \u0434\u0435\u043d\u044c\" \/>\n<meta property=\"og:url\" content=\"https:\/\/skyline-gs.com\/it\/prodotto\/golden-circle-iceland\/\" \/>\n<meta property=\"og:site_name\" content=\"\u042d\u043a\u0441\u043a\u0443\u0440\u0441\u0438\u0438 Skyline\" \/>\n<meta property=\"article:modified_time\" content=\"2025-11-28T14:02:39+00:00\" \/>\n<meta property=\"og:image\" content=\"https:\/\/skyline-gs.com\/wp-content\/uploads\/2024\/06\/27.jpg\" \/>\n\t<meta property=\"og:image:width\" content=\"669\" \/>\n\t<meta property=\"og:image:height\" content=\"446\" \/>\n\t<meta property=\"og:image:type\" content=\"image\/jpeg\" \/>\n<meta name=\"twitter:card\" content=\"summary_large_image\" \/>\n<meta name=\"twitter:label1\" content=\"Tempo di lettura stimato\" \/>\n\t<meta name=\"twitter:data1\" content=\"2 minuti\" \/>\n<script type=\"application\/ld+json\" class=\"yoast-schema-graph\">{\"@context\":\"https:\\\/\\\/schema.org\",\"@graph\":[{\"@type\":\"WebPage\",\"@id\":\"https:\\\/\\\/skyline-gs.com\\\/en\\\/product-2\\\/golden-circle-iceland\\\/\",\"url\":\"https:\\\/\\\/skyline-gs.com\\\/en\\\/product-2\\\/golden-circle-iceland\\\/\",\"name\":\"\u0418\u043d\u0434\u0438\u0432\u0438\u0434\u0443\u0430\u043b\u044c\u043d\u044b\u0439 \u0442\u0443\u0440: \u0417\u043e\u043b\u043e\u0442\u043e\u0435 \u043a\u043e\u043b\u044c\u0446\u043e, \u0438\u0441\u043b\u0430\u043d\u0434\u0441\u043a\u0438\u0435 \u043b\u043e\u0448\u0430\u0434\u0438, \u0432\u0443\u043b\u043a\u0430\u043d\u0438\u0447\u0435\u0441\u043a\u043e\u0435 \u043e\u0437\u0435\u0440\u043e \u041a\u0435\u0440\u0438\u0434 &#8226; \u042d\u043a\u0441\u043a\u0443\u0440\u0441\u0438\u0438 Skyline\",\"isPartOf\":{\"@id\":\"https:\\\/\\\/skyline-gs.com\\\/it\\\/#website\"},\"primaryImageOfPage\":{\"@id\":\"https:\\\/\\\/skyline-gs.com\\\/en\\\/product-2\\\/golden-circle-iceland\\\/#primaryimage\"},\"image\":{\"@id\":\"https:\\\/\\\/skyline-gs.com\\\/en\\\/product-2\\\/golden-circle-iceland\\\/#primaryimage\"},\"thumbnailUrl\":\"https:\\\/\\\/skyline-gs.com\\\/wp-content\\\/uploads\\\/2024\\\/06\\\/27.jpg\",\"datePublished\":\"2024-06-04T18:11:28+00:00\",\"dateModified\":\"2025-11-28T14:02:39+00:00\",\"breadcrumb\":{\"@id\":\"https:\\\/\\\/skyline-gs.com\\\/en\\\/product-2\\\/golden-circle-iceland\\\/#breadcrumb\"},\"inLanguage\":\"it-IT\",\"potentialAction\":[{\"@type\":\"ReadAction\",\"target\":[\"https:\\\/\\\/skyline-gs.com\\\/en\\\/product-2\\\/golden-circle-iceland\\\/\"]}]},{\"@type\":\"ImageObject\",\"inLanguage\":\"it-IT\",\"@id\":\"https:\\\/\\\/skyline-gs.com\\\/en\\\/product-2\\\/golden-circle-iceland\\\/#primaryimage\",\"url\":\"https:\\\/\\\/skyline-gs.com\\\/wp-content\\\/uploads\\\/2024\\\/06\\\/27.jpg\",\"contentUrl\":\"https:\\\/\\\/skyline-gs.com\\\/wp-content\\\/uploads\\\/2024\\\/06\\\/27.jpg\",\"width\":669,\"height\":446},{\"@type\":\"BreadcrumbList\",\"@id\":\"https:\\\/\\\/skyline-gs.com\\\/en\\\/product-2\\\/golden-circle-iceland\\\/#breadcrumb\",\"itemListElement\":[{\"@type\":\"ListItem\",\"position\":1,\"name\":\"\u0413\u043b\u0430\u0432\u043d\u0430\u044f \u0441\u0442\u0440\u0430\u043d\u0438\u0446\u0430\",\"item\":\"https:\\\/\\\/skyline-gs.com\\\/hu\\\/\"},{\"@type\":\"ListItem\",\"position\":2,\"name\":\"\u041c\u0430\u0433\u0430\u0437\u0438\u043d\",\"item\":\"https:\\\/\\\/skyline-gs.com\\\/cs\\\/shop\\\/\"},{\"@type\":\"ListItem\",\"position\":3,\"name\":\"\u0418\u043d\u0434\u0438\u0432\u0438\u0434\u0443\u0430\u043b\u044c\u043d\u044b\u0439 \u0442\u0443\u0440: \u0417\u043e\u043b\u043e\u0442\u043e\u0435 \u043a\u043e\u043b\u044c\u0446\u043e, \u0438\u0441\u043b\u0430\u043d\u0434\u0441\u043a\u0438\u0435 \u043b\u043e\u0448\u0430\u0434\u0438, \u0432\u0443\u043b\u043a\u0430\u043d\u0438\u0447\u0435\u0441\u043a\u043e\u0435 \u043e\u0437\u0435\u0440\u043e \u041a\u0435\u0440\u0438\u0434\"}]},{\"@type\":\"WebSite\",\"@id\":\"https:\\\/\\\/skyline-gs.com\\\/it\\\/#website\",\"url\":\"https:\\\/\\\/skyline-gs.com\\\/it\\\/\",\"name\":\"\u042d\u043a\u0441\u043a\u0443\u0440\u0441\u0438\u0438 Skyline\",\"description\":\"\u042d\u043a\u0441\u043a\u043b\u044e\u0437\u0438\u0432\u043d\u044b\u0435 \u044d\u043a\u0441\u043a\u0443\u0440\u0441\u0438\u0438 \u043d\u0430 \u043b\u0443\u0447\u0448\u0438\u0445 \u043a\u0443\u0440\u043e\u0440\u0442\u0430\u0445 \u043c\u0438\u0440\u0430\",\"publisher\":{\"@id\":\"https:\\\/\\\/skyline-gs.com\\\/it\\\/#organization\"},\"alternateName\":\"Skyline\",\"potentialAction\":[{\"@type\":\"SearchAction\",\"target\":{\"@type\":\"EntryPoint\",\"urlTemplate\":\"https:\\\/\\\/skyline-gs.com\\\/it\\\/?s={search_term_string}\"},\"query-input\":{\"@type\":\"PropertyValueSpecification\",\"valueRequired\":true,\"valueName\":\"search_term_string\"}}],\"inLanguage\":\"it-IT\"},{\"@type\":\"Organization\",\"@id\":\"https:\\\/\\\/skyline-gs.com\\\/it\\\/#organization\",\"name\":\"\u042d\u043a\u0441\u043a\u0443\u0440\u0441\u0438\u0438 Skyline\",\"alternateName\":\"\u042d\u043a\u0441\u043a\u0443\u0440\u0441\u0438\u0438 Skyline\",\"url\":\"https:\\\/\\\/skyline-gs.com\\\/it\\\/\",\"logo\":{\"@type\":\"ImageObject\",\"inLanguage\":\"it-IT\",\"@id\":\"https:\\\/\\\/skyline-gs.com\\\/it\\\/#\\\/schema\\\/logo\\\/image\\\/\",\"url\":\"https:\\\/\\\/skyline-gs.com\\\/wp-content\\\/uploads\\\/2020\\\/12\\\/cropped-logo-2.png\",\"contentUrl\":\"https:\\\/\\\/skyline-gs.com\\\/wp-content\\\/uploads\\\/2020\\\/12\\\/cropped-logo-2.png\",\"width\":512,\"height\":512,\"caption\":\"\u042d\u043a\u0441\u043a\u0443\u0440\u0441\u0438\u0438 Skyline\"},\"image\":{\"@id\":\"https:\\\/\\\/skyline-gs.com\\\/it\\\/#\\\/schema\\\/logo\\\/image\\\/\"},\"sameAs\":[\"https:\\\/\\\/www.instagram.com\\\/skylineglobalservice\\\/\"]}]}<\/script>\n<!-- \/ Yoast SEO plugin. -->","yoast_head_json":{"title":"Tour personalizzato: Anello d'oro, cavalli islandesi, lago vulcanico Kerid - Skyline Excursions","robots":{"index":"index","follow":"follow","max-snippet":"max-snippet:-1","max-image-preview":"max-image-preview:large","max-video-preview":"max-video-preview:-1"},"canonical":"https:\/\/skyline-gs.com\/it\/prodotto\/golden-circle-iceland\/","og_locale":"it_IT","og_type":"article","og_title":"\u0418\u043d\u0434\u0438\u0432\u0438\u0434\u0443\u0430\u043b\u044c\u043d\u044b\u0439 \u0442\u0443\u0440: \u0417\u043e\u043b\u043e\u0442\u043e\u0435 \u043a\u043e\u043b\u044c\u0446\u043e, \u0438\u0441\u043b\u0430\u043d\u0434\u0441\u043a\u0438\u0435 \u043b\u043e\u0448\u0430\u0434\u0438, \u0432\u0443\u043b\u043a\u0430\u043d\u0438\u0447\u0435\u0441\u043a\u043e\u0435 \u043e\u0437\u0435\u0440\u043e \u041a\u0435\u0440\u0438\u0434 &#8226; \u042d\u043a\u0441\u043a\u0443\u0440\u0441\u0438\u0438 Skyline","og_description":"\u0412\u0440\u0435\u043c\u044f \u0442\u0443\u0440\u0430:\u00a08:00 \u2014 16:00  \u0414\u043d\u0438 \u043f\u0440\u043e\u0432\u0435\u0434\u0435\u043d\u0438\u044f: \u041a\u0430\u0436\u0434\u044b\u0439 \u0434\u0435\u043d\u044c","og_url":"https:\/\/skyline-gs.com\/it\/prodotto\/golden-circle-iceland\/","og_site_name":"\u042d\u043a\u0441\u043a\u0443\u0440\u0441\u0438\u0438 Skyline","article_modified_time":"2025-11-28T14:02:39+00:00","og_image":[{"width":669,"height":446,"url":"https:\/\/skyline-gs.com\/wp-content\/uploads\/2024\/06\/27.jpg","type":"image\/jpeg"}],"twitter_card":"summary_large_image","twitter_misc":{"Tempo di lettura stimato":"2 minuti"},"schema":{"@context":"https:\/\/schema.org","@graph":[{"@type":"WebPage","@id":"https:\/\/skyline-gs.com\/en\/product-2\/golden-circle-iceland\/","url":"https:\/\/skyline-gs.com\/en\/product-2\/golden-circle-iceland\/","name":"Tour personalizzato: Anello d'oro, cavalli islandesi, lago vulcanico Kerid - Skyline Excursions","isPartOf":{"@id":"https:\/\/skyline-gs.com\/it\/#website"},"primaryImageOfPage":{"@id":"https:\/\/skyline-gs.com\/en\/product-2\/golden-circle-iceland\/#primaryimage"},"image":{"@id":"https:\/\/skyline-gs.com\/en\/product-2\/golden-circle-iceland\/#primaryimage"},"thumbnailUrl":"https:\/\/skyline-gs.com\/wp-content\/uploads\/2024\/06\/27.jpg","datePublished":"2024-06-04T18:11:28+00:00","dateModified":"2025-11-28T14:02:39+00:00","breadcrumb":{"@id":"https:\/\/skyline-gs.com\/en\/product-2\/golden-circle-iceland\/#breadcrumb"},"inLanguage":"it-IT","potentialAction":[{"@type":"ReadAction","target":["https:\/\/skyline-gs.com\/en\/product-2\/golden-circle-iceland\/"]}]},{"@type":"ImageObject","inLanguage":"it-IT","@id":"https:\/\/skyline-gs.com\/en\/product-2\/golden-circle-iceland\/#primaryimage","url":"https:\/\/skyline-gs.com\/wp-content\/uploads\/2024\/06\/27.jpg","contentUrl":"https:\/\/skyline-gs.com\/wp-content\/uploads\/2024\/06\/27.jpg","width":669,"height":446},{"@type":"BreadcrumbList","@id":"https:\/\/skyline-gs.com\/en\/product-2\/golden-circle-iceland\/#breadcrumb","itemListElement":[{"@type":"ListItem","position":1,"name":"\u0413\u043b\u0430\u0432\u043d\u0430\u044f \u0441\u0442\u0440\u0430\u043d\u0438\u0446\u0430","item":"https:\/\/skyline-gs.com\/hu\/"},{"@type":"ListItem","position":2,"name":"\u041c\u0430\u0433\u0430\u0437\u0438\u043d","item":"https:\/\/skyline-gs.com\/cs\/shop\/"},{"@type":"ListItem","position":3,"name":"\u0418\u043d\u0434\u0438\u0432\u0438\u0434\u0443\u0430\u043b\u044c\u043d\u044b\u0439 \u0442\u0443\u0440: \u0417\u043e\u043b\u043e\u0442\u043e\u0435 \u043a\u043e\u043b\u044c\u0446\u043e, \u0438\u0441\u043b\u0430\u043d\u0434\u0441\u043a\u0438\u0435 \u043b\u043e\u0448\u0430\u0434\u0438, \u0432\u0443\u043b\u043a\u0430\u043d\u0438\u0447\u0435\u0441\u043a\u043e\u0435 \u043e\u0437\u0435\u0440\u043e \u041a\u0435\u0440\u0438\u0434"}]},{"@type":"WebSite","@id":"https:\/\/skyline-gs.com\/it\/#website","url":"https:\/\/skyline-gs.com\/it\/","name":"Escursioni Skyline","description":"Escursioni esclusive nei migliori resort del mondo","publisher":{"@id":"https:\/\/skyline-gs.com\/it\/#organization"},"alternateName":"Skyline","potentialAction":[{"@type":"SearchAction","target":{"@type":"EntryPoint","urlTemplate":"https:\/\/skyline-gs.com\/it\/?s={search_term_string}"},"query-input":{"@type":"PropertyValueSpecification","valueRequired":true,"valueName":"search_term_string"}}],"inLanguage":"it-IT"},{"@type":"Organization","@id":"https:\/\/skyline-gs.com\/it\/#organization","name":"Escursioni Skyline","alternateName":"\u042d\u043a\u0441\u043a\u0443\u0440\u0441\u0438\u0438 Skyline","url":"https:\/\/skyline-gs.com\/it\/","logo":{"@type":"ImageObject","inLanguage":"it-IT","@id":"https:\/\/skyline-gs.com\/it\/#\/schema\/logo\/image\/","url":"https:\/\/skyline-gs.com\/wp-content\/uploads\/2020\/12\/cropped-logo-2.png","contentUrl":"https:\/\/skyline-gs.com\/wp-content\/uploads\/2020\/12\/cropped-logo-2.png","width":512,"height":512,"caption":"\u042d\u043a\u0441\u043a\u0443\u0440\u0441\u0438\u0438 Skyline"},"image":{"@id":"https:\/\/skyline-gs.com\/it\/#\/schema\/logo\/image\/"},"sameAs":["https:\/\/www.instagram.com\/skylineglobalservice\/"]}]}},"_links":{"self":[{"href":"https:\/\/skyline-gs.com\/it\/wp-json\/wp\/v2\/product\/50311","targetHints":{"allow":["GET"]}}],"collection":[{"href":"https:\/\/skyline-gs.com\/it\/wp-json\/wp\/v2\/product"}],"about":[{"href":"https:\/\/skyline-gs.com\/it\/wp-json\/wp\/v2\/types\/product"}],"version-history":[{"count":0,"href":"https:\/\/skyline-gs.com\/it\/wp-json\/wp\/v2\/product\/50311\/revisions"}],"wp:featuredmedia":[{"embeddable":true,"href":"https:\/\/skyline-gs.com\/it\/wp-json\/wp\/v2\/media\/63396"}],"wp:attachment":[{"href":"https:\/\/skyline-gs.com\/it\/wp-json\/wp\/v2\/media?parent=50311"}],"wp:term":[{"taxonomy":"product_brand","embeddable":true,"href":"https:\/\/skyline-gs.com\/it\/wp-json\/wp\/v2\/product_brand?post=50311"},{"taxonomy":"product_cat","embeddable":true,"href":"https:\/\/skyline-gs.com\/it\/wp-json\/wp\/v2\/product_cat?post=50311"},{"taxonomy":"product_tag","embeddable":true,"href":"https:\/\/skyline-gs.com\/it\/wp-json\/wp\/v2\/product_tag?post=50311"}],"curies":[{"name":"wp","href":"https:\/\/api.w.org\/{rel}","templated":true}]}}