{"id":41649,"date":"2023-01-12T17:21:41","date_gmt":"2023-01-12T15:21:41","guid":{"rendered":"http:\/\/skyline-gs.com\/?post_type=product&#038;p=41649"},"modified":"2025-11-05T14:09:02","modified_gmt":"2025-11-05T12:09:02","slug":"evening-bosphorus-with-dinner-istanbul","status":"publish","type":"product","link":"https:\/\/skyline-gs.com\/it\/product\/evening-bosphorus-with-dinner-istanbul\/","title":{"rendered":"Serata sul Bosforo con cena"},"content":{"rendered":"<p>19:00 Partenza dall'hotel. Trasferimento alla Baia del Corno d'Oro. Sarete accolti con un cocktail di benvenuto. Inizio della passeggiata serale al tramonto. Navigando sotto il Ponte del Bosforo di Sultan Mehmet Fatih, ammirerete la sua sagoma illuminata a giorno. Rimarrete ipnotizzati dallo scintillio serale della Torre della Fanciulla, che sorge su un isolotto nel mezzo dello stretto del Bosforo. Programma degli spettacoli: spettacolo nazionale Katibim, cerimonia notturna dell'henn\u00e9 per la sposa, danza del ventre, spettacolo in costume anatolico di marionette Ashuk e Mashuk, rituale dei dervisci rotanti e molto altro ancora. Cena con una ricca selezione di piatti della cucina tradizionale turca e internazionale. Per dessert verranno serviti frutta, dolci orientali, caff\u00e8 e t\u00e8 turchi. Durante l'intero viaggio lungo il Bosforo, vi verr\u00e0 offerta una variet\u00e0 di bevande analcoliche senza restrizioni. Rientro in hotel intorno alle 23:00.<\/p>\n<p><strong>Incluso:<\/strong><\/p>\n<ul>\n<li>Trasferimenti da e per l'hotel<\/li>\n<li>Guida di lingua russa<\/li>\n<li>Cena<\/li>\n<li>Bevande analcoliche<\/li>\n<li>Programma della manifestazione<\/li>\n<li>Biglietti d'ingresso<\/li>\n<li>Assicurazione<\/li>\n<\/ul>\n<p><strong>Non incluso:<\/strong><\/p>\n<ul>\n<li>\u0410\u043b\u043a\u043e\u0433\u043e\u043b\u044c\u043d\u044b\u0435 \u043d\u0430\u043f\u0438\u0442\u043a\u0438 (+10$ \u0431\u0435\u0437\u043b\u0438\u043c\u0438\u0442\u043d\u044b\u0439 \u0430\u043b\u043a\u043e\u0433\u043e\u043b\u044c)<\/li>\n<\/ul>\n<p><strong>Portatelo con voi:<\/strong><\/p>\n<ul>\n<li>Fotocamera<\/li>\n<li>Soldi per le spese personali<\/li>\n<\/ul>","protected":false},"excerpt":{"rendered":"<p><strong>Orario del Tour:<\/strong> 19:00 \u2014 23:00<\/p>\n<p><strong>Giorni di Svolgimento:<\/strong> Tutti i giorni tranne la domenica<\/p>","protected":false},"featured_media":41654,"template":"","meta":{"_kad_post_transparent":"default","_kad_post_title":"","_kad_post_layout":"default","_kad_post_sidebar_id":"","_kad_post_content_style":"default","_kad_post_vertical_padding":"default","_kad_post_feature":"","_kad_post_feature_position":"","_kad_post_header":false,"_kad_post_footer":false,"_kad_post_classname":"","_glsr_average":0,"_glsr_ranking":0,"_glsr_reviews":0},"product_brand":[],"product_cat":[447],"product_tag":[],"class_list":{"0":"post-41649","1":"product","2":"type-product","3":"status-publish","4":"has-post-thumbnail","6":"product_cat-istanbul","7":"tm-has-options","9":"first","10":"instock","11":"sale","12":"sold-individually","13":"taxable","14":"shipping-taxable","15":"purchasable","16":"product-type-simple","17":"entry","18":"content-bg","19":"loop-entry"},"yoast_head":"<!-- This site is optimized with the Yoast SEO plugin v27.3 - https:\/\/yoast.com\/product\/yoast-seo-wordpress\/ -->\n<title>\u0412\u0435\u0447\u0435\u0440\u043d\u0438\u0439 \u0411\u043e\u0441\u0444\u043e\u0440 \u0441 \u0443\u0436\u0438\u043d\u043e\u043c &#8226; \u042d\u043a\u0441\u043a\u0443\u0440\u0441\u0438\u0438 Skyline<\/title>\n<meta name=\"robots\" content=\"index, follow, max-snippet:-1, max-image-preview:large, max-video-preview:-1\" \/>\n<link rel=\"canonical\" href=\"http:\/\/skyline-gs.com\/it\/prodotto\/evening-bosphorus-with-dinner-istanbul\/\" \/>\n<meta property=\"og:locale\" content=\"it_IT\" \/>\n<meta property=\"og:type\" content=\"article\" \/>\n<meta property=\"og:title\" content=\"\u0412\u0435\u0447\u0435\u0440\u043d\u0438\u0439 \u0411\u043e\u0441\u0444\u043e\u0440 \u0441 \u0443\u0436\u0438\u043d\u043e\u043c &#8226; \u042d\u043a\u0441\u043a\u0443\u0440\u0441\u0438\u0438 Skyline\" \/>\n<meta property=\"og:description\" content=\"\u0412\u0440\u0435\u043c\u044f \u0442\u0443\u0440\u0430: 19:00 - 23:00  \u0414\u043d\u0438 \u043f\u0440\u043e\u0432\u0435\u0434\u0435\u043d\u0438\u044f: \u041a\u0430\u0436\u0434\u044b\u0439 \u0434\u0435\u043d\u044c, \u043a\u0440\u043e\u043c\u0435 \u0432\u043e\u0441\u043a\u0440\u0435\u0441\u0435\u043d\u044c\u044f\" \/>\n<meta property=\"og:url\" content=\"http:\/\/skyline-gs.com\/it\/prodotto\/evening-bosphorus-with-dinner-istanbul\/\" \/>\n<meta property=\"og:site_name\" content=\"\u042d\u043a\u0441\u043a\u0443\u0440\u0441\u0438\u0438 Skyline\" \/>\n<meta property=\"article:modified_time\" content=\"2025-11-05T12:09:02+00:00\" \/>\n<meta property=\"og:image\" content=\"https:\/\/skyline-gs.com\/wp-content\/uploads\/2023\/01\/4-6.png\" \/>\n\t<meta property=\"og:image:width\" content=\"669\" \/>\n\t<meta property=\"og:image:height\" content=\"446\" \/>\n\t<meta property=\"og:image:type\" content=\"image\/png\" \/>\n<meta name=\"twitter:card\" content=\"summary_large_image\" \/>\n<meta name=\"twitter:label1\" content=\"Tempo di lettura stimato\" \/>\n\t<meta name=\"twitter:data1\" content=\"2 minuti\" \/>\n<script type=\"application\/ld+json\" class=\"yoast-schema-graph\">{\"@context\":\"https:\\\/\\\/schema.org\",\"@graph\":[{\"@type\":\"WebPage\",\"@id\":\"http:\\\/\\\/skyline-gs.com\\\/de\\\/produkt\\\/evening-bosphorus-with-dinner-istanbul\\\/\",\"url\":\"http:\\\/\\\/skyline-gs.com\\\/de\\\/produkt\\\/evening-bosphorus-with-dinner-istanbul\\\/\",\"name\":\"\u0412\u0435\u0447\u0435\u0440\u043d\u0438\u0439 \u0411\u043e\u0441\u0444\u043e\u0440 \u0441 \u0443\u0436\u0438\u043d\u043e\u043c &#8226; \u042d\u043a\u0441\u043a\u0443\u0440\u0441\u0438\u0438 Skyline\",\"isPartOf\":{\"@id\":\"https:\\\/\\\/skyline-gs.com\\\/it\\\/#website\"},\"primaryImageOfPage\":{\"@id\":\"http:\\\/\\\/skyline-gs.com\\\/de\\\/produkt\\\/evening-bosphorus-with-dinner-istanbul\\\/#primaryimage\"},\"image\":{\"@id\":\"http:\\\/\\\/skyline-gs.com\\\/de\\\/produkt\\\/evening-bosphorus-with-dinner-istanbul\\\/#primaryimage\"},\"thumbnailUrl\":\"https:\\\/\\\/skyline-gs.com\\\/wp-content\\\/uploads\\\/2023\\\/01\\\/4-6.png\",\"datePublished\":\"2023-01-12T15:21:41+00:00\",\"dateModified\":\"2025-11-05T12:09:02+00:00\",\"breadcrumb\":{\"@id\":\"http:\\\/\\\/skyline-gs.com\\\/de\\\/produkt\\\/evening-bosphorus-with-dinner-istanbul\\\/#breadcrumb\"},\"inLanguage\":\"it-IT\",\"potentialAction\":[{\"@type\":\"ReadAction\",\"target\":[\"http:\\\/\\\/skyline-gs.com\\\/de\\\/produkt\\\/evening-bosphorus-with-dinner-istanbul\\\/\"]}]},{\"@type\":\"ImageObject\",\"inLanguage\":\"it-IT\",\"@id\":\"http:\\\/\\\/skyline-gs.com\\\/de\\\/produkt\\\/evening-bosphorus-with-dinner-istanbul\\\/#primaryimage\",\"url\":\"https:\\\/\\\/skyline-gs.com\\\/wp-content\\\/uploads\\\/2023\\\/01\\\/4-6.png\",\"contentUrl\":\"https:\\\/\\\/skyline-gs.com\\\/wp-content\\\/uploads\\\/2023\\\/01\\\/4-6.png\",\"width\":669,\"height\":446},{\"@type\":\"BreadcrumbList\",\"@id\":\"http:\\\/\\\/skyline-gs.com\\\/de\\\/produkt\\\/evening-bosphorus-with-dinner-istanbul\\\/#breadcrumb\",\"itemListElement\":[{\"@type\":\"ListItem\",\"position\":1,\"name\":\"\u0413\u043b\u0430\u0432\u043d\u0430\u044f \u0441\u0442\u0440\u0430\u043d\u0438\u0446\u0430\",\"item\":\"https:\\\/\\\/skyline-gs.com\\\/hu\\\/\"},{\"@type\":\"ListItem\",\"position\":2,\"name\":\"\u041c\u0430\u0433\u0430\u0437\u0438\u043d\",\"item\":\"https:\\\/\\\/skyline-gs.com\\\/cs\\\/shop\\\/\"},{\"@type\":\"ListItem\",\"position\":3,\"name\":\"\u0412\u0435\u0447\u0435\u0440\u043d\u0438\u0439 \u0411\u043e\u0441\u0444\u043e\u0440 \u0441 \u0443\u0436\u0438\u043d\u043e\u043c\"}]},{\"@type\":\"WebSite\",\"@id\":\"https:\\\/\\\/skyline-gs.com\\\/it\\\/#website\",\"url\":\"https:\\\/\\\/skyline-gs.com\\\/it\\\/\",\"name\":\"\u042d\u043a\u0441\u043a\u0443\u0440\u0441\u0438\u0438 Skyline\",\"description\":\"\u042d\u043a\u0441\u043a\u043b\u044e\u0437\u0438\u0432\u043d\u044b\u0435 \u044d\u043a\u0441\u043a\u0443\u0440\u0441\u0438\u0438 \u043d\u0430 \u043b\u0443\u0447\u0448\u0438\u0445 \u043a\u0443\u0440\u043e\u0440\u0442\u0430\u0445 \u043c\u0438\u0440\u0430\",\"publisher\":{\"@id\":\"https:\\\/\\\/skyline-gs.com\\\/it\\\/#organization\"},\"alternateName\":\"Skyline\",\"potentialAction\":[{\"@type\":\"SearchAction\",\"target\":{\"@type\":\"EntryPoint\",\"urlTemplate\":\"https:\\\/\\\/skyline-gs.com\\\/it\\\/?s={search_term_string}\"},\"query-input\":{\"@type\":\"PropertyValueSpecification\",\"valueRequired\":true,\"valueName\":\"search_term_string\"}}],\"inLanguage\":\"it-IT\"},{\"@type\":\"Organization\",\"@id\":\"https:\\\/\\\/skyline-gs.com\\\/it\\\/#organization\",\"name\":\"\u042d\u043a\u0441\u043a\u0443\u0440\u0441\u0438\u0438 Skyline\",\"alternateName\":\"\u042d\u043a\u0441\u043a\u0443\u0440\u0441\u0438\u0438 Skyline\",\"url\":\"https:\\\/\\\/skyline-gs.com\\\/it\\\/\",\"logo\":{\"@type\":\"ImageObject\",\"inLanguage\":\"it-IT\",\"@id\":\"https:\\\/\\\/skyline-gs.com\\\/it\\\/#\\\/schema\\\/logo\\\/image\\\/\",\"url\":\"https:\\\/\\\/skyline-gs.com\\\/wp-content\\\/uploads\\\/2020\\\/12\\\/cropped-logo-2.png\",\"contentUrl\":\"https:\\\/\\\/skyline-gs.com\\\/wp-content\\\/uploads\\\/2020\\\/12\\\/cropped-logo-2.png\",\"width\":512,\"height\":512,\"caption\":\"\u042d\u043a\u0441\u043a\u0443\u0440\u0441\u0438\u0438 Skyline\"},\"image\":{\"@id\":\"https:\\\/\\\/skyline-gs.com\\\/it\\\/#\\\/schema\\\/logo\\\/image\\\/\"},\"sameAs\":[\"https:\\\/\\\/www.instagram.com\\\/skylineglobalservice\\\/\"]}]}<\/script>\n<!-- \/ Yoast SEO plugin. -->","yoast_head_json":{"title":"\u0412\u0435\u0447\u0435\u0440\u043d\u0438\u0439 \u0411\u043e\u0441\u0444\u043e\u0440 \u0441 \u0443\u0436\u0438\u043d\u043e\u043c &#8226; \u042d\u043a\u0441\u043a\u0443\u0440\u0441\u0438\u0438 Skyline","robots":{"index":"index","follow":"follow","max-snippet":"max-snippet:-1","max-image-preview":"max-image-preview:large","max-video-preview":"max-video-preview:-1"},"canonical":"http:\/\/skyline-gs.com\/it\/prodotto\/evening-bosphorus-with-dinner-istanbul\/","og_locale":"it_IT","og_type":"article","og_title":"\u0412\u0435\u0447\u0435\u0440\u043d\u0438\u0439 \u0411\u043e\u0441\u0444\u043e\u0440 \u0441 \u0443\u0436\u0438\u043d\u043e\u043c &#8226; \u042d\u043a\u0441\u043a\u0443\u0440\u0441\u0438\u0438 Skyline","og_description":"\u0412\u0440\u0435\u043c\u044f \u0442\u0443\u0440\u0430: 19:00 - 23:00  \u0414\u043d\u0438 \u043f\u0440\u043e\u0432\u0435\u0434\u0435\u043d\u0438\u044f: \u041a\u0430\u0436\u0434\u044b\u0439 \u0434\u0435\u043d\u044c, \u043a\u0440\u043e\u043c\u0435 \u0432\u043e\u0441\u043a\u0440\u0435\u0441\u0435\u043d\u044c\u044f","og_url":"http:\/\/skyline-gs.com\/it\/prodotto\/evening-bosphorus-with-dinner-istanbul\/","og_site_name":"\u042d\u043a\u0441\u043a\u0443\u0440\u0441\u0438\u0438 Skyline","article_modified_time":"2025-11-05T12:09:02+00:00","og_image":[{"width":669,"height":446,"url":"https:\/\/skyline-gs.com\/wp-content\/uploads\/2023\/01\/4-6.png","type":"image\/png"}],"twitter_card":"summary_large_image","twitter_misc":{"Tempo di lettura stimato":"2 minuti"},"schema":{"@context":"https:\/\/schema.org","@graph":[{"@type":"WebPage","@id":"http:\/\/skyline-gs.com\/de\/produkt\/evening-bosphorus-with-dinner-istanbul\/","url":"http:\/\/skyline-gs.com\/de\/produkt\/evening-bosphorus-with-dinner-istanbul\/","name":"\u0412\u0435\u0447\u0435\u0440\u043d\u0438\u0439 \u0411\u043e\u0441\u0444\u043e\u0440 \u0441 \u0443\u0436\u0438\u043d\u043e\u043c &#8226; \u042d\u043a\u0441\u043a\u0443\u0440\u0441\u0438\u0438 Skyline","isPartOf":{"@id":"https:\/\/skyline-gs.com\/it\/#website"},"primaryImageOfPage":{"@id":"http:\/\/skyline-gs.com\/de\/produkt\/evening-bosphorus-with-dinner-istanbul\/#primaryimage"},"image":{"@id":"http:\/\/skyline-gs.com\/de\/produkt\/evening-bosphorus-with-dinner-istanbul\/#primaryimage"},"thumbnailUrl":"https:\/\/skyline-gs.com\/wp-content\/uploads\/2023\/01\/4-6.png","datePublished":"2023-01-12T15:21:41+00:00","dateModified":"2025-11-05T12:09:02+00:00","breadcrumb":{"@id":"http:\/\/skyline-gs.com\/de\/produkt\/evening-bosphorus-with-dinner-istanbul\/#breadcrumb"},"inLanguage":"it-IT","potentialAction":[{"@type":"ReadAction","target":["http:\/\/skyline-gs.com\/de\/produkt\/evening-bosphorus-with-dinner-istanbul\/"]}]},{"@type":"ImageObject","inLanguage":"it-IT","@id":"http:\/\/skyline-gs.com\/de\/produkt\/evening-bosphorus-with-dinner-istanbul\/#primaryimage","url":"https:\/\/skyline-gs.com\/wp-content\/uploads\/2023\/01\/4-6.png","contentUrl":"https:\/\/skyline-gs.com\/wp-content\/uploads\/2023\/01\/4-6.png","width":669,"height":446},{"@type":"BreadcrumbList","@id":"http:\/\/skyline-gs.com\/de\/produkt\/evening-bosphorus-with-dinner-istanbul\/#breadcrumb","itemListElement":[{"@type":"ListItem","position":1,"name":"\u0413\u043b\u0430\u0432\u043d\u0430\u044f \u0441\u0442\u0440\u0430\u043d\u0438\u0446\u0430","item":"https:\/\/skyline-gs.com\/hu\/"},{"@type":"ListItem","position":2,"name":"\u041c\u0430\u0433\u0430\u0437\u0438\u043d","item":"https:\/\/skyline-gs.com\/cs\/shop\/"},{"@type":"ListItem","position":3,"name":"\u0412\u0435\u0447\u0435\u0440\u043d\u0438\u0439 \u0411\u043e\u0441\u0444\u043e\u0440 \u0441 \u0443\u0436\u0438\u043d\u043e\u043c"}]},{"@type":"WebSite","@id":"https:\/\/skyline-gs.com\/it\/#website","url":"https:\/\/skyline-gs.com\/it\/","name":"Escursioni Skyline","description":"Escursioni esclusive nei migliori resort del mondo","publisher":{"@id":"https:\/\/skyline-gs.com\/it\/#organization"},"alternateName":"Skyline","potentialAction":[{"@type":"SearchAction","target":{"@type":"EntryPoint","urlTemplate":"https:\/\/skyline-gs.com\/it\/?s={search_term_string}"},"query-input":{"@type":"PropertyValueSpecification","valueRequired":true,"valueName":"search_term_string"}}],"inLanguage":"it-IT"},{"@type":"Organization","@id":"https:\/\/skyline-gs.com\/it\/#organization","name":"Escursioni Skyline","alternateName":"\u042d\u043a\u0441\u043a\u0443\u0440\u0441\u0438\u0438 Skyline","url":"https:\/\/skyline-gs.com\/it\/","logo":{"@type":"ImageObject","inLanguage":"it-IT","@id":"https:\/\/skyline-gs.com\/it\/#\/schema\/logo\/image\/","url":"https:\/\/skyline-gs.com\/wp-content\/uploads\/2020\/12\/cropped-logo-2.png","contentUrl":"https:\/\/skyline-gs.com\/wp-content\/uploads\/2020\/12\/cropped-logo-2.png","width":512,"height":512,"caption":"\u042d\u043a\u0441\u043a\u0443\u0440\u0441\u0438\u0438 Skyline"},"image":{"@id":"https:\/\/skyline-gs.com\/it\/#\/schema\/logo\/image\/"},"sameAs":["https:\/\/www.instagram.com\/skylineglobalservice\/"]}]}},"_links":{"self":[{"href":"https:\/\/skyline-gs.com\/it\/wp-json\/wp\/v2\/product\/41649","targetHints":{"allow":["GET"]}}],"collection":[{"href":"https:\/\/skyline-gs.com\/it\/wp-json\/wp\/v2\/product"}],"about":[{"href":"https:\/\/skyline-gs.com\/it\/wp-json\/wp\/v2\/types\/product"}],"version-history":[{"count":0,"href":"https:\/\/skyline-gs.com\/it\/wp-json\/wp\/v2\/product\/41649\/revisions"}],"wp:featuredmedia":[{"embeddable":true,"href":"https:\/\/skyline-gs.com\/it\/wp-json\/wp\/v2\/media\/41654"}],"wp:attachment":[{"href":"https:\/\/skyline-gs.com\/it\/wp-json\/wp\/v2\/media?parent=41649"}],"wp:term":[{"taxonomy":"product_brand","embeddable":true,"href":"https:\/\/skyline-gs.com\/it\/wp-json\/wp\/v2\/product_brand?post=41649"},{"taxonomy":"product_cat","embeddable":true,"href":"https:\/\/skyline-gs.com\/it\/wp-json\/wp\/v2\/product_cat?post=41649"},{"taxonomy":"product_tag","embeddable":true,"href":"https:\/\/skyline-gs.com\/it\/wp-json\/wp\/v2\/product_tag?post=41649"}],"curies":[{"name":"wp","href":"https:\/\/api.w.org\/{rel}","templated":true}]}}