{"id":41161,"date":"2022-11-13T21:50:52","date_gmt":"2022-11-13T18:50:52","guid":{"rendered":"https:\/\/dubai.skyline-gs.com\/?post_type=product&#038;p=41161"},"modified":"2024-09-30T20:35:07","modified_gmt":"2024-09-30T18:35:07","slug":"suneeker-berco-voyager-dubai","status":"publish","type":"product","link":"https:\/\/skyline-gs.com\/it\/product\/suneeker-berco-voyager-dubai\/","title":{"rendered":"Suneeker BERCO VOYAGER yacht"},"content":{"rendered":"<p>Trascorrete la vostra vacanza in uno scenario di lusso, a bordo di un elegante yacht a vele bianche che scivola nelle acque azzurre del Golfo Persico. Godetevi uno degli skyline pi\u00f9 pittoreschi, tra i grattacieli e i luoghi preferiti di Dubai: Burj Al Arab, Atlantis e Burj Khalifa. Un equipaggio cortese e un servizio di qualit\u00e0 superiore sono al vostro servizio.<\/p>\n<p>BERCO VOYAGER, il pi\u00f9 recente scafo della leggendaria serie Sunseeker 131, \u00e8 un lussuoso motor yacht di 40,5 metri. Assemblato a mano con un'eccezionale attenzione ai dettagli, \u00e8 stato consegnato al suo armatore nel 2018. Combinando un layout spazioso con servizi all'avanguardia, ha una velocit\u00e0 massima di 26 nodi e una confortevole velocit\u00e0 di crociera di 14 nodi. Nuovo arrivato sul mercato del charter, BERCO VOYAGER promette un'incredibile avventura per voi e i vostri ospiti.<\/p>\n<p>BERCO VOYAGER, con 5 eleganti cabine, pu\u00f2 ospitare fino a 10 persone per la notte. Dispone anche di alloggi per il suo equipaggio di 8 persone che saranno a disposizione per garantire che il charter superi le vostre aspettative. Situata sul ponte principale, la suite armatoriale di Beam \u00e8 uno spazio contemporaneo di grande effetto. Rifinita con pannelli neri lucidi e accessori completamente bianchi, le finestre a tutta altezza sono perfette per godersi il panorama durante la navigazione. Lo spazioso bagno, dal design moderno e monocromatico e con pavimento in marmo, \u00e8 dotato di una doccia a pioggia per un relax totale.<\/p>\n<p>Sul ponte inferiore, BERCO VOYAGER dispone di 4 spaziose cabine ospiti. Decorate in colori glamour in bianco e nero con elementi decorativi, ogni cabina ospiti dispone di un bagno privato con doccia. Gli interni di BERCO VOYAGER, caratterizzati da una sofisticata combinazione di legno scuro e mobili dai colori neutri, sono stati progettati dal team interno di Sunseeker. Completo<br \/>\nLe lunghe finestre offrono una vista panoramica durante la navigazione, mentre l'illuminazione moderna crea l'atmosfera per la socializzazione a bordo.<\/p>\n<p>L'enorme salone sul ponte principale \u00e8 stato progettato per accogliere gli ospiti con una splendida zona giorno e pranzo formale. Una comoda area salotto offre uno sfondo oceanico sempre diverso, mentre la sala da pranzo, splendidamente decorata, pu\u00f2 ospitare fino a 12 persone. L'accogliente sky lounge sul ponte superiore di BERCO VOYAGER comprende un'area lounge con TV a schermo panoramico e un elegante bar per un cocktail serale.<\/p>\n<p>La zona soggiorno e pranzo sul ponte principale, con dieci posti a sedere, \u00e8 il luogo perfetto per un pranzo piacevole con amici e familiari.<br \/>\nUn'ampia piattaforma da bagno offre agli ospiti un facile accesso all'acqua, mentre la prua \u00e8 dotata di ampi prendisole per un lussuoso relax. Il prendisole di BERCO VOYAGER \u00e8 un'area perfetta per il relax e comprende un open bar, una zona pranzo e una vasca idromassaggio con vista sul mare per miglia e miglia. BERCO VOYAGER offre agli ospiti un'entusiasmante selezione dei pi\u00f9 recenti giochi d'acqua a bordo.<\/p>\n<p><strong>Informazioni aggiuntive:<\/strong><\/p>\n<ul>\n<li>\u00c8 obbligatorio avere con s\u00e9 i passaporti originali di tutti i partecipanti.<\/li>\n<li>Durata minima del noleggio: 6 ore<\/li>\n<li>Disponibile per il noleggio settimanale<\/li>\n<li>Numero di cabine: 5<\/li>\n<li>Numero di letti: 10<\/li>\n<\/ul>\n<p><strong>Incluso:<\/strong><\/p>\n<ul>\n<li>Trasferimenti da e per l'hotel (fino a 6 persone)<\/li>\n<li>Noleggio di yacht su misura<\/li>\n<li>Servizi per il personale<\/li>\n<li>Acqua<\/li>\n<li>Giubbotti di salvataggio<\/li>\n<li>Servizi a bordo<\/li>\n<\/ul>\n<p><strong>Non incluso:<\/strong><\/p>\n<ul>\n<li>Trasferimenti da e per l'hotel per 7-14 persone - supplemento 100$ per gruppo<\/li>\n<li>Trasferimenti da e per l'hotel per pi\u00f9 di 15-24 persone - supplemento 200$ per gruppo<\/li>\n<li>Trasferimenti da e per l'hotel per pi\u00f9 di 25-40 persone - extra 300$ per gruppo<\/li>\n<\/ul>\n<p><strong>Portatelo con voi:<\/strong><\/p>\n<ul>\n<li>Acqua<\/li>\n<li>Asciugamano<\/li>\n<\/ul>\n<p><strong>Opzioni di menu:<\/strong><\/p>\n<ol>\n<li><strong>Menu Bronzo. Adulti - 50$, bambini sotto i 12 anni - 35$. <\/strong>Insalata Caesar, Insalata Fattoush araba, Carne kebab assortita, Verdure alla griglia, Verdure, Pur\u00e8 di patate, Frutta, Acqua<\/li>\n<li><strong>Menu Argento. Adulti - 70$, bambini sotto i 12 anni - 55$. <\/strong>Insalata di Fattoush arabo, Hummus, pesce, verdure grigliate, gamberetti, patatine fritte, focacce arabe, tagli di frutta, acqua<\/li>\n<li><strong><strong>Menu Oro. Adulti - 90$, bambini sotto i 12 anni - 75$. <\/strong><\/strong>Caesar salad, Insalata di verdure, Insalata greca, Agnello, Pesce, Gamberi, Verdure alla griglia, Patatine fritte, Pane arabo, Frutta spalmabile, Baklava, Acqua<\/li>\n<\/ol>","protected":false},"excerpt":{"rendered":"<p><strong>Durata del contratto di locazione:<\/strong> 6 ore<\/p>\n<p><strong>Capacit\u00e0:<\/strong> 40 persone<\/p>","protected":false},"featured_media":56296,"template":"","meta":{"_kad_post_transparent":"default","_kad_post_title":"","_kad_post_layout":"default","_kad_post_sidebar_id":"","_kad_post_content_style":"default","_kad_post_vertical_padding":"default","_kad_post_feature":"","_kad_post_feature_position":"","_kad_post_header":false,"_kad_post_footer":false,"_kad_post_classname":"","_glsr_average":0,"_glsr_ranking":0,"_glsr_reviews":0},"product_brand":[],"product_cat":[474],"product_tag":[],"class_list":{"0":"post-41161","1":"product","2":"type-product","3":"status-publish","4":"has-post-thumbnail","6":"product_cat-yacht-in-dubai","7":"tm-has-options","9":"first","10":"instock","11":"sold-individually","12":"taxable","13":"shipping-taxable","14":"purchasable","15":"product-type-simple","16":"entry","17":"content-bg","18":"loop-entry"},"yoast_head":"<!-- This site is optimized with the Yoast SEO plugin v27.3 - https:\/\/yoast.com\/product\/yoast-seo-wordpress\/ -->\n<title>\u042f\u0445\u0442\u0430 Suneeker BERCO VOYAGER &#8226; \u042d\u043a\u0441\u043a\u0443\u0440\u0441\u0438\u0438 Skyline<\/title>\n<meta name=\"robots\" content=\"index, follow, max-snippet:-1, max-image-preview:large, max-video-preview:-1\" \/>\n<link rel=\"canonical\" href=\"https:\/\/skyline-gs.com\/it\/prodotto\/suneeker-berco-voyager-dubai\/\" \/>\n<meta property=\"og:locale\" content=\"it_IT\" \/>\n<meta property=\"og:type\" content=\"article\" \/>\n<meta property=\"og:title\" content=\"\u042f\u0445\u0442\u0430 Suneeker BERCO VOYAGER &#8226; \u042d\u043a\u0441\u043a\u0443\u0440\u0441\u0438\u0438 Skyline\" \/>\n<meta property=\"og:description\" content=\"\u0414\u043b\u0438\u0442\u0435\u043b\u044c\u043d\u043e\u0441\u0442\u044c \u0430\u0440\u0435\u043d\u0434\u044b: 6 \u0447\u0430\u0441\u043e\u0432  \u0412\u043c\u0435\u0441\u0442\u0438\u0442\u0435\u043b\u044c\u043d\u043e\u0441\u0442\u044c: 40 \u0447\u0435\u043b\u043e\u0432\u0435\u043a\" \/>\n<meta property=\"og:url\" content=\"https:\/\/skyline-gs.com\/it\/prodotto\/suneeker-berco-voyager-dubai\/\" \/>\n<meta property=\"og:site_name\" content=\"\u042d\u043a\u0441\u043a\u0443\u0440\u0441\u0438\u0438 Skyline\" \/>\n<meta property=\"article:modified_time\" content=\"2024-09-30T18:35:07+00:00\" \/>\n<meta property=\"og:image\" content=\"https:\/\/skyline-gs.com\/wp-content\/uploads\/2022\/11\/2-11-1.png\" \/>\n\t<meta property=\"og:image:width\" content=\"669\" \/>\n\t<meta property=\"og:image:height\" content=\"446\" \/>\n\t<meta property=\"og:image:type\" content=\"image\/png\" \/>\n<meta name=\"twitter:card\" content=\"summary_large_image\" \/>\n<meta name=\"twitter:label1\" content=\"Tempo di lettura stimato\" \/>\n\t<meta name=\"twitter:data1\" content=\"4 minuti\" \/>\n<script type=\"application\/ld+json\" class=\"yoast-schema-graph\">{\"@context\":\"https:\\\/\\\/schema.org\",\"@graph\":[{\"@type\":\"WebPage\",\"@id\":\"https:\\\/\\\/skyline-gs.com\\\/product\\\/suneeker-berco-voyager-dubai\\\/\",\"url\":\"https:\\\/\\\/skyline-gs.com\\\/product\\\/suneeker-berco-voyager-dubai\\\/\",\"name\":\"\u042f\u0445\u0442\u0430 Suneeker BERCO VOYAGER &#8226; \u042d\u043a\u0441\u043a\u0443\u0440\u0441\u0438\u0438 Skyline\",\"isPartOf\":{\"@id\":\"https:\\\/\\\/skyline-gs.com\\\/it\\\/#website\"},\"primaryImageOfPage\":{\"@id\":\"https:\\\/\\\/skyline-gs.com\\\/product\\\/suneeker-berco-voyager-dubai\\\/#primaryimage\"},\"image\":{\"@id\":\"https:\\\/\\\/skyline-gs.com\\\/product\\\/suneeker-berco-voyager-dubai\\\/#primaryimage\"},\"thumbnailUrl\":\"https:\\\/\\\/skyline-gs.com\\\/wp-content\\\/uploads\\\/2022\\\/11\\\/2-11-1.png\",\"datePublished\":\"2022-11-13T18:50:52+00:00\",\"dateModified\":\"2024-09-30T18:35:07+00:00\",\"breadcrumb\":{\"@id\":\"https:\\\/\\\/skyline-gs.com\\\/product\\\/suneeker-berco-voyager-dubai\\\/#breadcrumb\"},\"inLanguage\":\"it-IT\",\"potentialAction\":[{\"@type\":\"ReadAction\",\"target\":[\"https:\\\/\\\/skyline-gs.com\\\/product\\\/suneeker-berco-voyager-dubai\\\/\"]}]},{\"@type\":\"ImageObject\",\"inLanguage\":\"it-IT\",\"@id\":\"https:\\\/\\\/skyline-gs.com\\\/product\\\/suneeker-berco-voyager-dubai\\\/#primaryimage\",\"url\":\"https:\\\/\\\/skyline-gs.com\\\/wp-content\\\/uploads\\\/2022\\\/11\\\/2-11-1.png\",\"contentUrl\":\"https:\\\/\\\/skyline-gs.com\\\/wp-content\\\/uploads\\\/2022\\\/11\\\/2-11-1.png\",\"width\":669,\"height\":446},{\"@type\":\"BreadcrumbList\",\"@id\":\"https:\\\/\\\/skyline-gs.com\\\/product\\\/suneeker-berco-voyager-dubai\\\/#breadcrumb\",\"itemListElement\":[{\"@type\":\"ListItem\",\"position\":1,\"name\":\"\u0413\u043b\u0430\u0432\u043d\u0430\u044f \u0441\u0442\u0440\u0430\u043d\u0438\u0446\u0430\",\"item\":\"https:\\\/\\\/skyline-gs.com\\\/hu\\\/\"},{\"@type\":\"ListItem\",\"position\":2,\"name\":\"\u041c\u0430\u0433\u0430\u0437\u0438\u043d\",\"item\":\"https:\\\/\\\/skyline-gs.com\\\/cs\\\/shop\\\/\"},{\"@type\":\"ListItem\",\"position\":3,\"name\":\"\u042f\u0445\u0442\u0430 Suneeker BERCO VOYAGER\"}]},{\"@type\":\"WebSite\",\"@id\":\"https:\\\/\\\/skyline-gs.com\\\/it\\\/#website\",\"url\":\"https:\\\/\\\/skyline-gs.com\\\/it\\\/\",\"name\":\"\u042d\u043a\u0441\u043a\u0443\u0440\u0441\u0438\u0438 Skyline\",\"description\":\"\u042d\u043a\u0441\u043a\u043b\u044e\u0437\u0438\u0432\u043d\u044b\u0435 \u044d\u043a\u0441\u043a\u0443\u0440\u0441\u0438\u0438 \u043d\u0430 \u043b\u0443\u0447\u0448\u0438\u0445 \u043a\u0443\u0440\u043e\u0440\u0442\u0430\u0445 \u043c\u0438\u0440\u0430\",\"publisher\":{\"@id\":\"https:\\\/\\\/skyline-gs.com\\\/it\\\/#organization\"},\"alternateName\":\"Skyline\",\"potentialAction\":[{\"@type\":\"SearchAction\",\"target\":{\"@type\":\"EntryPoint\",\"urlTemplate\":\"https:\\\/\\\/skyline-gs.com\\\/it\\\/?s={search_term_string}\"},\"query-input\":{\"@type\":\"PropertyValueSpecification\",\"valueRequired\":true,\"valueName\":\"search_term_string\"}}],\"inLanguage\":\"it-IT\"},{\"@type\":\"Organization\",\"@id\":\"https:\\\/\\\/skyline-gs.com\\\/it\\\/#organization\",\"name\":\"\u042d\u043a\u0441\u043a\u0443\u0440\u0441\u0438\u0438 Skyline\",\"alternateName\":\"\u042d\u043a\u0441\u043a\u0443\u0440\u0441\u0438\u0438 Skyline\",\"url\":\"https:\\\/\\\/skyline-gs.com\\\/it\\\/\",\"logo\":{\"@type\":\"ImageObject\",\"inLanguage\":\"it-IT\",\"@id\":\"https:\\\/\\\/skyline-gs.com\\\/it\\\/#\\\/schema\\\/logo\\\/image\\\/\",\"url\":\"https:\\\/\\\/skyline-gs.com\\\/wp-content\\\/uploads\\\/2020\\\/12\\\/cropped-logo-2.png\",\"contentUrl\":\"https:\\\/\\\/skyline-gs.com\\\/wp-content\\\/uploads\\\/2020\\\/12\\\/cropped-logo-2.png\",\"width\":512,\"height\":512,\"caption\":\"\u042d\u043a\u0441\u043a\u0443\u0440\u0441\u0438\u0438 Skyline\"},\"image\":{\"@id\":\"https:\\\/\\\/skyline-gs.com\\\/it\\\/#\\\/schema\\\/logo\\\/image\\\/\"},\"sameAs\":[\"https:\\\/\\\/www.instagram.com\\\/skylineglobalservice\\\/\"]}]}<\/script>\n<!-- \/ Yoast SEO plugin. -->","yoast_head_json":{"title":"Suneeker BERCO VOYAGER - Skyline Escursioni","robots":{"index":"index","follow":"follow","max-snippet":"max-snippet:-1","max-image-preview":"max-image-preview:large","max-video-preview":"max-video-preview:-1"},"canonical":"https:\/\/skyline-gs.com\/it\/prodotto\/suneeker-berco-voyager-dubai\/","og_locale":"it_IT","og_type":"article","og_title":"\u042f\u0445\u0442\u0430 Suneeker BERCO VOYAGER &#8226; \u042d\u043a\u0441\u043a\u0443\u0440\u0441\u0438\u0438 Skyline","og_description":"\u0414\u043b\u0438\u0442\u0435\u043b\u044c\u043d\u043e\u0441\u0442\u044c \u0430\u0440\u0435\u043d\u0434\u044b: 6 \u0447\u0430\u0441\u043e\u0432  \u0412\u043c\u0435\u0441\u0442\u0438\u0442\u0435\u043b\u044c\u043d\u043e\u0441\u0442\u044c: 40 \u0447\u0435\u043b\u043e\u0432\u0435\u043a","og_url":"https:\/\/skyline-gs.com\/it\/prodotto\/suneeker-berco-voyager-dubai\/","og_site_name":"\u042d\u043a\u0441\u043a\u0443\u0440\u0441\u0438\u0438 Skyline","article_modified_time":"2024-09-30T18:35:07+00:00","og_image":[{"width":669,"height":446,"url":"https:\/\/skyline-gs.com\/wp-content\/uploads\/2022\/11\/2-11-1.png","type":"image\/png"}],"twitter_card":"summary_large_image","twitter_misc":{"Tempo di lettura stimato":"4 minuti"},"schema":{"@context":"https:\/\/schema.org","@graph":[{"@type":"WebPage","@id":"https:\/\/skyline-gs.com\/product\/suneeker-berco-voyager-dubai\/","url":"https:\/\/skyline-gs.com\/product\/suneeker-berco-voyager-dubai\/","name":"Suneeker BERCO VOYAGER - Skyline Escursioni","isPartOf":{"@id":"https:\/\/skyline-gs.com\/it\/#website"},"primaryImageOfPage":{"@id":"https:\/\/skyline-gs.com\/product\/suneeker-berco-voyager-dubai\/#primaryimage"},"image":{"@id":"https:\/\/skyline-gs.com\/product\/suneeker-berco-voyager-dubai\/#primaryimage"},"thumbnailUrl":"https:\/\/skyline-gs.com\/wp-content\/uploads\/2022\/11\/2-11-1.png","datePublished":"2022-11-13T18:50:52+00:00","dateModified":"2024-09-30T18:35:07+00:00","breadcrumb":{"@id":"https:\/\/skyline-gs.com\/product\/suneeker-berco-voyager-dubai\/#breadcrumb"},"inLanguage":"it-IT","potentialAction":[{"@type":"ReadAction","target":["https:\/\/skyline-gs.com\/product\/suneeker-berco-voyager-dubai\/"]}]},{"@type":"ImageObject","inLanguage":"it-IT","@id":"https:\/\/skyline-gs.com\/product\/suneeker-berco-voyager-dubai\/#primaryimage","url":"https:\/\/skyline-gs.com\/wp-content\/uploads\/2022\/11\/2-11-1.png","contentUrl":"https:\/\/skyline-gs.com\/wp-content\/uploads\/2022\/11\/2-11-1.png","width":669,"height":446},{"@type":"BreadcrumbList","@id":"https:\/\/skyline-gs.com\/product\/suneeker-berco-voyager-dubai\/#breadcrumb","itemListElement":[{"@type":"ListItem","position":1,"name":"\u0413\u043b\u0430\u0432\u043d\u0430\u044f \u0441\u0442\u0440\u0430\u043d\u0438\u0446\u0430","item":"https:\/\/skyline-gs.com\/hu\/"},{"@type":"ListItem","position":2,"name":"\u041c\u0430\u0433\u0430\u0437\u0438\u043d","item":"https:\/\/skyline-gs.com\/cs\/shop\/"},{"@type":"ListItem","position":3,"name":"\u042f\u0445\u0442\u0430 Suneeker BERCO VOYAGER"}]},{"@type":"WebSite","@id":"https:\/\/skyline-gs.com\/it\/#website","url":"https:\/\/skyline-gs.com\/it\/","name":"Escursioni Skyline","description":"Escursioni esclusive nei migliori resort del mondo","publisher":{"@id":"https:\/\/skyline-gs.com\/it\/#organization"},"alternateName":"Skyline","potentialAction":[{"@type":"SearchAction","target":{"@type":"EntryPoint","urlTemplate":"https:\/\/skyline-gs.com\/it\/?s={search_term_string}"},"query-input":{"@type":"PropertyValueSpecification","valueRequired":true,"valueName":"search_term_string"}}],"inLanguage":"it-IT"},{"@type":"Organization","@id":"https:\/\/skyline-gs.com\/it\/#organization","name":"Escursioni Skyline","alternateName":"\u042d\u043a\u0441\u043a\u0443\u0440\u0441\u0438\u0438 Skyline","url":"https:\/\/skyline-gs.com\/it\/","logo":{"@type":"ImageObject","inLanguage":"it-IT","@id":"https:\/\/skyline-gs.com\/it\/#\/schema\/logo\/image\/","url":"https:\/\/skyline-gs.com\/wp-content\/uploads\/2020\/12\/cropped-logo-2.png","contentUrl":"https:\/\/skyline-gs.com\/wp-content\/uploads\/2020\/12\/cropped-logo-2.png","width":512,"height":512,"caption":"\u042d\u043a\u0441\u043a\u0443\u0440\u0441\u0438\u0438 Skyline"},"image":{"@id":"https:\/\/skyline-gs.com\/it\/#\/schema\/logo\/image\/"},"sameAs":["https:\/\/www.instagram.com\/skylineglobalservice\/"]}]}},"_links":{"self":[{"href":"https:\/\/skyline-gs.com\/it\/wp-json\/wp\/v2\/product\/41161","targetHints":{"allow":["GET"]}}],"collection":[{"href":"https:\/\/skyline-gs.com\/it\/wp-json\/wp\/v2\/product"}],"about":[{"href":"https:\/\/skyline-gs.com\/it\/wp-json\/wp\/v2\/types\/product"}],"version-history":[{"count":0,"href":"https:\/\/skyline-gs.com\/it\/wp-json\/wp\/v2\/product\/41161\/revisions"}],"wp:featuredmedia":[{"embeddable":true,"href":"https:\/\/skyline-gs.com\/it\/wp-json\/wp\/v2\/media\/56296"}],"wp:attachment":[{"href":"https:\/\/skyline-gs.com\/it\/wp-json\/wp\/v2\/media?parent=41161"}],"wp:term":[{"taxonomy":"product_brand","embeddable":true,"href":"https:\/\/skyline-gs.com\/it\/wp-json\/wp\/v2\/product_brand?post=41161"},{"taxonomy":"product_cat","embeddable":true,"href":"https:\/\/skyline-gs.com\/it\/wp-json\/wp\/v2\/product_cat?post=41161"},{"taxonomy":"product_tag","embeddable":true,"href":"https:\/\/skyline-gs.com\/it\/wp-json\/wp\/v2\/product_tag?post=41161"}],"curies":[{"name":"wp","href":"https:\/\/api.w.org\/{rel}","templated":true}]}}