{"id":39372,"date":"2022-07-30T21:40:19","date_gmt":"2022-07-30T19:40:19","guid":{"rendered":"http:\/\/skyline-gs.com\/?post_type=product&#038;p=39372"},"modified":"2024-01-24T03:32:48","modified_gmt":"2024-01-24T01:32:48","slug":"helicopter-flight-to-la-jalda-waterfall-dominicana","status":"publish","type":"product","link":"https:\/\/skyline-gs.com\/it\/product\/helicopter-flight-to-la-jalda-waterfall-dominicana\/","title":{"rendered":"Volo in elicottero verso la cascata di La Halda"},"content":{"rendered":"<p>Un viaggio aereo attraverso la giungla del Parco Nazionale Saltos de la Halda fino all'omonima cascata pi\u00f9 alta dei Caraibi. Questa cascata pu\u00f2 essere vista solo dall'alto: le montagne e le foreste pluviali hanno creato una barriera naturale agli occhi dell'uomo e solo avvicinandosi in elicottero si pu\u00f2 godere della potenza delle acque del fiume Magua, che scende da un'altezza di 120 metri. \u00c8 circondato da una giungla impenetrabile e da piante stravaganti. Nei suoi pressi vivono pi\u00f9 di 25 specie di uccelli rari.<\/p>\n<ul>\n<li>Volo estremo in elicottero per 4-6 persone<\/li>\n<li>Sorvolo della Gola di Magua, dove il fiume scende in un potente torrente (non si atterra alla cascata)<\/li>\n<li>Volo per Esmeralda Wild Beach per nuotare e rilassarsi sulla costa<\/li>\n<li>Sorvolo della Repubblica Dominicana per una vista aerea del paese<\/li>\n<li>Panini e bibite in spiaggia<\/li>\n<\/ul>\n<p><strong>Incluso:<\/strong><\/p>\n<ul>\n<li>Trasferimenti da e per l'hotel<\/li>\n<li>Accompagnamento<\/li>\n<li>Tour in elicottero per 3 ore<\/li>\n<li>Panini e bevande analcoliche<\/li>\n<\/ul>\n<p><strong>Portatelo con voi:<\/strong><\/p>\n<ul>\n<li>Asciugamano<\/li>\n<li>Costume da bagno, pantaloncini<\/li>\n<li>Protezione solare<\/li>\n<li>Occhiali da sole<\/li>\n<li>Macchina fotografica<\/li>\n<\/ul>","protected":false},"excerpt":{"rendered":"<p><strong>Orario del Tour:<\/strong> 3 ore<\/p>\n<p><strong>Giorni di Svolgimento:<\/strong> Quotidianamente<\/p>","protected":false},"featured_media":39365,"template":"","meta":{"_kad_post_transparent":"default","_kad_post_title":"","_kad_post_layout":"default","_kad_post_sidebar_id":"","_kad_post_content_style":"default","_kad_post_vertical_padding":"default","_kad_post_feature":"","_kad_post_feature_position":"","_kad_post_header":false,"_kad_post_footer":false,"_kad_post_classname":"","_glsr_average":0,"_glsr_ranking":0,"_glsr_reviews":0},"product_brand":[],"product_cat":[444],"product_tag":[],"class_list":{"0":"post-39372","1":"product","2":"type-product","3":"status-publish","4":"has-post-thumbnail","6":"product_cat-dominican-republic","7":"tm-has-options","9":"first","10":"instock","11":"sold-individually","12":"taxable","13":"shipping-taxable","14":"purchasable","15":"product-type-simple","16":"entry","17":"content-bg","18":"loop-entry"},"yoast_head":"<!-- This site is optimized with the Yoast SEO plugin v27.3 - https:\/\/yoast.com\/product\/yoast-seo-wordpress\/ -->\n<title>\u041f\u043e\u043b\u0451\u0442 \u043d\u0430 \u0432\u0435\u0440\u0442\u043e\u043b\u0451\u0442\u0435 \u043a \u0432\u043e\u0434\u043e\u043f\u0430\u0434\u0443 \u041b\u0430 \u0425\u0430\u043b\u044c\u0434\u0430 &#8226; \u042d\u043a\u0441\u043a\u0443\u0440\u0441\u0438\u0438 Skyline<\/title>\n<meta name=\"robots\" content=\"index, follow, max-snippet:-1, max-image-preview:large, max-video-preview:-1\" \/>\n<link rel=\"canonical\" href=\"http:\/\/skyline-gs.com\/it\/prodotto\/helicopter-flight-to-la-jalda-waterfall-dominicana\/\" \/>\n<meta property=\"og:locale\" content=\"it_IT\" \/>\n<meta property=\"og:type\" content=\"article\" \/>\n<meta property=\"og:title\" content=\"\u041f\u043e\u043b\u0451\u0442 \u043d\u0430 \u0432\u0435\u0440\u0442\u043e\u043b\u0451\u0442\u0435 \u043a \u0432\u043e\u0434\u043e\u043f\u0430\u0434\u0443 \u041b\u0430 \u0425\u0430\u043b\u044c\u0434\u0430 &#8226; \u042d\u043a\u0441\u043a\u0443\u0440\u0441\u0438\u0438 Skyline\" \/>\n<meta property=\"og:description\" content=\"\u0412\u0440\u0435\u043c\u044f \u0442\u0443\u0440\u0430: 3 \u0447\u0430\u0441\u0430  \u0414\u043d\u0438 \u043f\u0440\u043e\u0432\u0435\u0434\u0435\u043d\u0438\u044f: \u0435\u0436\u0435\u0434\u043d\u0435\u0432\u043d\u043e\" \/>\n<meta property=\"og:url\" content=\"http:\/\/skyline-gs.com\/it\/prodotto\/helicopter-flight-to-la-jalda-waterfall-dominicana\/\" \/>\n<meta property=\"og:site_name\" content=\"\u042d\u043a\u0441\u043a\u0443\u0440\u0441\u0438\u0438 Skyline\" \/>\n<meta property=\"article:modified_time\" content=\"2024-01-24T01:32:48+00:00\" \/>\n<meta property=\"og:image\" content=\"https:\/\/skyline-gs.com\/wp-content\/uploads\/2022\/07\/20.png\" \/>\n\t<meta property=\"og:image:width\" content=\"669\" \/>\n\t<meta property=\"og:image:height\" content=\"446\" \/>\n\t<meta property=\"og:image:type\" content=\"image\/png\" \/>\n<meta name=\"twitter:card\" content=\"summary_large_image\" \/>\n<meta name=\"twitter:label1\" content=\"Tempo di lettura stimato\" \/>\n\t<meta name=\"twitter:data1\" content=\"1 minuto\" \/>\n<script type=\"application\/ld+json\" class=\"yoast-schema-graph\">{\"@context\":\"https:\\\/\\\/schema.org\",\"@graph\":[{\"@type\":\"WebPage\",\"@id\":\"http:\\\/\\\/skyline-gs.com\\\/pl\\\/produkt\\\/helicopter-flight-to-la-jalda-waterfall-dominicana\\\/\",\"url\":\"http:\\\/\\\/skyline-gs.com\\\/pl\\\/produkt\\\/helicopter-flight-to-la-jalda-waterfall-dominicana\\\/\",\"name\":\"\u041f\u043e\u043b\u0451\u0442 \u043d\u0430 \u0432\u0435\u0440\u0442\u043e\u043b\u0451\u0442\u0435 \u043a \u0432\u043e\u0434\u043e\u043f\u0430\u0434\u0443 \u041b\u0430 \u0425\u0430\u043b\u044c\u0434\u0430 &#8226; \u042d\u043a\u0441\u043a\u0443\u0440\u0441\u0438\u0438 Skyline\",\"isPartOf\":{\"@id\":\"https:\\\/\\\/skyline-gs.com\\\/it\\\/#website\"},\"primaryImageOfPage\":{\"@id\":\"http:\\\/\\\/skyline-gs.com\\\/pl\\\/produkt\\\/helicopter-flight-to-la-jalda-waterfall-dominicana\\\/#primaryimage\"},\"image\":{\"@id\":\"http:\\\/\\\/skyline-gs.com\\\/pl\\\/produkt\\\/helicopter-flight-to-la-jalda-waterfall-dominicana\\\/#primaryimage\"},\"thumbnailUrl\":\"https:\\\/\\\/skyline-gs.com\\\/wp-content\\\/uploads\\\/2022\\\/07\\\/20.png\",\"datePublished\":\"2022-07-30T19:40:19+00:00\",\"dateModified\":\"2024-01-24T01:32:48+00:00\",\"breadcrumb\":{\"@id\":\"http:\\\/\\\/skyline-gs.com\\\/pl\\\/produkt\\\/helicopter-flight-to-la-jalda-waterfall-dominicana\\\/#breadcrumb\"},\"inLanguage\":\"it-IT\",\"potentialAction\":[{\"@type\":\"ReadAction\",\"target\":[\"http:\\\/\\\/skyline-gs.com\\\/pl\\\/produkt\\\/helicopter-flight-to-la-jalda-waterfall-dominicana\\\/\"]}]},{\"@type\":\"ImageObject\",\"inLanguage\":\"it-IT\",\"@id\":\"http:\\\/\\\/skyline-gs.com\\\/pl\\\/produkt\\\/helicopter-flight-to-la-jalda-waterfall-dominicana\\\/#primaryimage\",\"url\":\"https:\\\/\\\/skyline-gs.com\\\/wp-content\\\/uploads\\\/2022\\\/07\\\/20.png\",\"contentUrl\":\"https:\\\/\\\/skyline-gs.com\\\/wp-content\\\/uploads\\\/2022\\\/07\\\/20.png\",\"width\":669,\"height\":446},{\"@type\":\"BreadcrumbList\",\"@id\":\"http:\\\/\\\/skyline-gs.com\\\/pl\\\/produkt\\\/helicopter-flight-to-la-jalda-waterfall-dominicana\\\/#breadcrumb\",\"itemListElement\":[{\"@type\":\"ListItem\",\"position\":1,\"name\":\"\u0413\u043b\u0430\u0432\u043d\u0430\u044f \u0441\u0442\u0440\u0430\u043d\u0438\u0446\u0430\",\"item\":\"https:\\\/\\\/skyline-gs.com\\\/hu\\\/\"},{\"@type\":\"ListItem\",\"position\":2,\"name\":\"\u041c\u0430\u0433\u0430\u0437\u0438\u043d\",\"item\":\"https:\\\/\\\/skyline-gs.com\\\/cs\\\/shop\\\/\"},{\"@type\":\"ListItem\",\"position\":3,\"name\":\"\u041f\u043e\u043b\u0451\u0442 \u043d\u0430 \u0432\u0435\u0440\u0442\u043e\u043b\u0451\u0442\u0435 \u043a \u0432\u043e\u0434\u043e\u043f\u0430\u0434\u0443 \u041b\u0430 \u0425\u0430\u043b\u044c\u0434\u0430\"}]},{\"@type\":\"WebSite\",\"@id\":\"https:\\\/\\\/skyline-gs.com\\\/it\\\/#website\",\"url\":\"https:\\\/\\\/skyline-gs.com\\\/it\\\/\",\"name\":\"\u042d\u043a\u0441\u043a\u0443\u0440\u0441\u0438\u0438 Skyline\",\"description\":\"\u042d\u043a\u0441\u043a\u043b\u044e\u0437\u0438\u0432\u043d\u044b\u0435 \u044d\u043a\u0441\u043a\u0443\u0440\u0441\u0438\u0438 \u043d\u0430 \u043b\u0443\u0447\u0448\u0438\u0445 \u043a\u0443\u0440\u043e\u0440\u0442\u0430\u0445 \u043c\u0438\u0440\u0430\",\"publisher\":{\"@id\":\"https:\\\/\\\/skyline-gs.com\\\/it\\\/#organization\"},\"alternateName\":\"Skyline\",\"potentialAction\":[{\"@type\":\"SearchAction\",\"target\":{\"@type\":\"EntryPoint\",\"urlTemplate\":\"https:\\\/\\\/skyline-gs.com\\\/it\\\/?s={search_term_string}\"},\"query-input\":{\"@type\":\"PropertyValueSpecification\",\"valueRequired\":true,\"valueName\":\"search_term_string\"}}],\"inLanguage\":\"it-IT\"},{\"@type\":\"Organization\",\"@id\":\"https:\\\/\\\/skyline-gs.com\\\/it\\\/#organization\",\"name\":\"\u042d\u043a\u0441\u043a\u0443\u0440\u0441\u0438\u0438 Skyline\",\"alternateName\":\"\u042d\u043a\u0441\u043a\u0443\u0440\u0441\u0438\u0438 Skyline\",\"url\":\"https:\\\/\\\/skyline-gs.com\\\/it\\\/\",\"logo\":{\"@type\":\"ImageObject\",\"inLanguage\":\"it-IT\",\"@id\":\"https:\\\/\\\/skyline-gs.com\\\/it\\\/#\\\/schema\\\/logo\\\/image\\\/\",\"url\":\"https:\\\/\\\/skyline-gs.com\\\/wp-content\\\/uploads\\\/2020\\\/12\\\/cropped-logo-2.png\",\"contentUrl\":\"https:\\\/\\\/skyline-gs.com\\\/wp-content\\\/uploads\\\/2020\\\/12\\\/cropped-logo-2.png\",\"width\":512,\"height\":512,\"caption\":\"\u042d\u043a\u0441\u043a\u0443\u0440\u0441\u0438\u0438 Skyline\"},\"image\":{\"@id\":\"https:\\\/\\\/skyline-gs.com\\\/it\\\/#\\\/schema\\\/logo\\\/image\\\/\"},\"sameAs\":[\"https:\\\/\\\/www.instagram.com\\\/skylineglobalservice\\\/\"]}]}<\/script>\n<!-- \/ Yoast SEO plugin. -->","yoast_head_json":{"title":"\u041f\u043e\u043b\u0451\u0442 \u043d\u0430 \u0432\u0435\u0440\u0442\u043e\u043b\u0451\u0442\u0435 \u043a \u0432\u043e\u0434\u043e\u043f\u0430\u0434\u0443 \u041b\u0430 \u0425\u0430\u043b\u044c\u0434\u0430 &#8226; \u042d\u043a\u0441\u043a\u0443\u0440\u0441\u0438\u0438 Skyline","robots":{"index":"index","follow":"follow","max-snippet":"max-snippet:-1","max-image-preview":"max-image-preview:large","max-video-preview":"max-video-preview:-1"},"canonical":"http:\/\/skyline-gs.com\/it\/prodotto\/helicopter-flight-to-la-jalda-waterfall-dominicana\/","og_locale":"it_IT","og_type":"article","og_title":"\u041f\u043e\u043b\u0451\u0442 \u043d\u0430 \u0432\u0435\u0440\u0442\u043e\u043b\u0451\u0442\u0435 \u043a \u0432\u043e\u0434\u043e\u043f\u0430\u0434\u0443 \u041b\u0430 \u0425\u0430\u043b\u044c\u0434\u0430 &#8226; \u042d\u043a\u0441\u043a\u0443\u0440\u0441\u0438\u0438 Skyline","og_description":"\u0412\u0440\u0435\u043c\u044f \u0442\u0443\u0440\u0430: 3 \u0447\u0430\u0441\u0430  \u0414\u043d\u0438 \u043f\u0440\u043e\u0432\u0435\u0434\u0435\u043d\u0438\u044f: \u0435\u0436\u0435\u0434\u043d\u0435\u0432\u043d\u043e","og_url":"http:\/\/skyline-gs.com\/it\/prodotto\/helicopter-flight-to-la-jalda-waterfall-dominicana\/","og_site_name":"\u042d\u043a\u0441\u043a\u0443\u0440\u0441\u0438\u0438 Skyline","article_modified_time":"2024-01-24T01:32:48+00:00","og_image":[{"width":669,"height":446,"url":"https:\/\/skyline-gs.com\/wp-content\/uploads\/2022\/07\/20.png","type":"image\/png"}],"twitter_card":"summary_large_image","twitter_misc":{"Tempo di lettura stimato":"1 minuto"},"schema":{"@context":"https:\/\/schema.org","@graph":[{"@type":"WebPage","@id":"http:\/\/skyline-gs.com\/pl\/produkt\/helicopter-flight-to-la-jalda-waterfall-dominicana\/","url":"http:\/\/skyline-gs.com\/pl\/produkt\/helicopter-flight-to-la-jalda-waterfall-dominicana\/","name":"\u041f\u043e\u043b\u0451\u0442 \u043d\u0430 \u0432\u0435\u0440\u0442\u043e\u043b\u0451\u0442\u0435 \u043a \u0432\u043e\u0434\u043e\u043f\u0430\u0434\u0443 \u041b\u0430 \u0425\u0430\u043b\u044c\u0434\u0430 &#8226; \u042d\u043a\u0441\u043a\u0443\u0440\u0441\u0438\u0438 Skyline","isPartOf":{"@id":"https:\/\/skyline-gs.com\/it\/#website"},"primaryImageOfPage":{"@id":"http:\/\/skyline-gs.com\/pl\/produkt\/helicopter-flight-to-la-jalda-waterfall-dominicana\/#primaryimage"},"image":{"@id":"http:\/\/skyline-gs.com\/pl\/produkt\/helicopter-flight-to-la-jalda-waterfall-dominicana\/#primaryimage"},"thumbnailUrl":"https:\/\/skyline-gs.com\/wp-content\/uploads\/2022\/07\/20.png","datePublished":"2022-07-30T19:40:19+00:00","dateModified":"2024-01-24T01:32:48+00:00","breadcrumb":{"@id":"http:\/\/skyline-gs.com\/pl\/produkt\/helicopter-flight-to-la-jalda-waterfall-dominicana\/#breadcrumb"},"inLanguage":"it-IT","potentialAction":[{"@type":"ReadAction","target":["http:\/\/skyline-gs.com\/pl\/produkt\/helicopter-flight-to-la-jalda-waterfall-dominicana\/"]}]},{"@type":"ImageObject","inLanguage":"it-IT","@id":"http:\/\/skyline-gs.com\/pl\/produkt\/helicopter-flight-to-la-jalda-waterfall-dominicana\/#primaryimage","url":"https:\/\/skyline-gs.com\/wp-content\/uploads\/2022\/07\/20.png","contentUrl":"https:\/\/skyline-gs.com\/wp-content\/uploads\/2022\/07\/20.png","width":669,"height":446},{"@type":"BreadcrumbList","@id":"http:\/\/skyline-gs.com\/pl\/produkt\/helicopter-flight-to-la-jalda-waterfall-dominicana\/#breadcrumb","itemListElement":[{"@type":"ListItem","position":1,"name":"\u0413\u043b\u0430\u0432\u043d\u0430\u044f \u0441\u0442\u0440\u0430\u043d\u0438\u0446\u0430","item":"https:\/\/skyline-gs.com\/hu\/"},{"@type":"ListItem","position":2,"name":"\u041c\u0430\u0433\u0430\u0437\u0438\u043d","item":"https:\/\/skyline-gs.com\/cs\/shop\/"},{"@type":"ListItem","position":3,"name":"\u041f\u043e\u043b\u0451\u0442 \u043d\u0430 \u0432\u0435\u0440\u0442\u043e\u043b\u0451\u0442\u0435 \u043a \u0432\u043e\u0434\u043e\u043f\u0430\u0434\u0443 \u041b\u0430 \u0425\u0430\u043b\u044c\u0434\u0430"}]},{"@type":"WebSite","@id":"https:\/\/skyline-gs.com\/it\/#website","url":"https:\/\/skyline-gs.com\/it\/","name":"Escursioni Skyline","description":"Escursioni esclusive nei migliori resort del mondo","publisher":{"@id":"https:\/\/skyline-gs.com\/it\/#organization"},"alternateName":"Skyline","potentialAction":[{"@type":"SearchAction","target":{"@type":"EntryPoint","urlTemplate":"https:\/\/skyline-gs.com\/it\/?s={search_term_string}"},"query-input":{"@type":"PropertyValueSpecification","valueRequired":true,"valueName":"search_term_string"}}],"inLanguage":"it-IT"},{"@type":"Organization","@id":"https:\/\/skyline-gs.com\/it\/#organization","name":"Escursioni Skyline","alternateName":"\u042d\u043a\u0441\u043a\u0443\u0440\u0441\u0438\u0438 Skyline","url":"https:\/\/skyline-gs.com\/it\/","logo":{"@type":"ImageObject","inLanguage":"it-IT","@id":"https:\/\/skyline-gs.com\/it\/#\/schema\/logo\/image\/","url":"https:\/\/skyline-gs.com\/wp-content\/uploads\/2020\/12\/cropped-logo-2.png","contentUrl":"https:\/\/skyline-gs.com\/wp-content\/uploads\/2020\/12\/cropped-logo-2.png","width":512,"height":512,"caption":"\u042d\u043a\u0441\u043a\u0443\u0440\u0441\u0438\u0438 Skyline"},"image":{"@id":"https:\/\/skyline-gs.com\/it\/#\/schema\/logo\/image\/"},"sameAs":["https:\/\/www.instagram.com\/skylineglobalservice\/"]}]}},"_links":{"self":[{"href":"https:\/\/skyline-gs.com\/it\/wp-json\/wp\/v2\/product\/39372","targetHints":{"allow":["GET"]}}],"collection":[{"href":"https:\/\/skyline-gs.com\/it\/wp-json\/wp\/v2\/product"}],"about":[{"href":"https:\/\/skyline-gs.com\/it\/wp-json\/wp\/v2\/types\/product"}],"version-history":[{"count":0,"href":"https:\/\/skyline-gs.com\/it\/wp-json\/wp\/v2\/product\/39372\/revisions"}],"wp:featuredmedia":[{"embeddable":true,"href":"https:\/\/skyline-gs.com\/it\/wp-json\/wp\/v2\/media\/39365"}],"wp:attachment":[{"href":"https:\/\/skyline-gs.com\/it\/wp-json\/wp\/v2\/media?parent=39372"}],"wp:term":[{"taxonomy":"product_brand","embeddable":true,"href":"https:\/\/skyline-gs.com\/it\/wp-json\/wp\/v2\/product_brand?post=39372"},{"taxonomy":"product_cat","embeddable":true,"href":"https:\/\/skyline-gs.com\/it\/wp-json\/wp\/v2\/product_cat?post=39372"},{"taxonomy":"product_tag","embeddable":true,"href":"https:\/\/skyline-gs.com\/it\/wp-json\/wp\/v2\/product_tag?post=39372"}],"curies":[{"name":"wp","href":"https:\/\/api.w.org\/{rel}","templated":true}]}}