{"id":37368,"date":"2022-05-28T18:11:25","date_gmt":"2022-05-28T16:11:25","guid":{"rendered":"http:\/\/skyline-gs.com\/?post_type=product&#038;p=37368"},"modified":"2025-06-13T22:56:20","modified_gmt":"2025-06-13T20:56:20","slug":"cappadocia-2-days-alanya","status":"publish","type":"product","link":"https:\/\/skyline-gs.com\/it\/product\/cappadocia-2-days-alanya\/","title":{"rendered":"Cappadocia 2 giorni"},"content":{"rendered":"<p>Due giorni intensi tra paesaggi insoliti e antiche citt\u00e0 rupestri. La Cappadocia \u00e8 una regione dove natura e storia hanno creato un'atmosfera unica. Stretti cunicoli di citt\u00e0 sotterranee, maestose fortezze, valli con paesaggi fantastici e, su richiesta, un volo mattutino in mongolfiera su tutto questo splendore.<\/p>\n<p><strong>Giorno 1<\/strong><\/p>\n<p data-start=\"675\" data-end=\"767\"><strong>3:30 \u2014 \u0412\u044b\u0435\u0437\u0434 \u0438\u0437 \u043e\u0442\u0435\u043b\u044f \u0432 \u0410\u043b\u0430\u043d\u044c\u0435<\/strong>. \u041f\u0435\u0440\u0435\u0435\u0437\u0434 \u0432 \u041a\u0430\u043f\u043f\u0430\u0434\u043e\u043a\u0438\u044e (\u043e\u043a\u043e\u043b\u043e 6 \u0447\u0430\u0441\u043e\u0432 \u0432 \u043f\u0443\u0442\u0438, \u0441 \u043e\u0441\u0442\u0430\u043d\u043e\u0432\u043a\u0430\u043c\u0438).<\/p>\n<ul>\n<li data-start=\"769\" data-end=\"817\">Colazione.<\/li>\n<li data-start=\"769\" data-end=\"817\"><strong>Visita alla citt\u00e0 sotterranea di Tatlarin<\/strong>. Aperto al pubblico dal 1991. Sono aperti due piani: una galleria di 15 metri, cucine, alloggi, fienili e stalle.<\/li>\n<li data-start=\"769\" data-end=\"817\">Pranzo.<\/li>\n<li data-start=\"769\" data-end=\"817\"><strong>Panorama di Ortahisar<\/strong>. La fortezza, alta 86 metri, domina l'area circostante.<\/li>\n<li data-start=\"769\" data-end=\"817\"><strong>Visita alla citt\u00e0-fortezza di Uchkhisar.<\/strong><\/li>\n<li data-start=\"769\" data-end=\"817\"><strong>Sosta panoramica sulla valle di G\u00f6reme.<\/strong><\/li>\n<li data-start=\"769\" data-end=\"817\"><strong>Passeggiata nella citt\u00e0 rocciosa di Chavushin<\/strong>. Qui si trova la chiesa di San Giovanni Battista, scavata nella roccia.<\/li>\n<li data-start=\"769\" data-end=\"817\"><strong>Check-in in un hotel a 4 stelle.<\/strong><\/li>\n<li data-start=\"769\" data-end=\"817\">Cena in hotel (buffet).<\/li>\n<li data-start=\"769\" data-end=\"817\">Notte turca (facoltativa). Programma di spettacoli serali con bevande e dolcetti.<\/li>\n<\/ul>\n<p><strong>Giorno 2<\/strong><\/p>\n<ul>\n<li data-start=\"1425\" data-end=\"1538\">All'alba, gita alla parata di palloncini o volo in mongolfiera (facoltativo, a pagamento).<\/li>\n<li data-start=\"1425\" data-end=\"1538\">Ritorno all'hotel.<\/li>\n<li data-start=\"1425\" data-end=\"1538\">Colazione.<\/li>\n<li data-start=\"1425\" data-end=\"1538\"><strong>Tour della Valle delle Rose (Derwent)<\/strong>. Le figure rocciose naturali assomigliano a persone e animali.<\/li>\n<li data-start=\"1425\" data-end=\"1538\"><strong>Visita al laboratorio di ceramica.<\/strong><\/li>\n<li data-start=\"1425\" data-end=\"1538\"><strong>Visita a un laboratorio di onice.<\/strong><\/li>\n<li data-start=\"1425\" data-end=\"1538\">Pranzo.<\/li>\n<\/ul>\n<p><strong>19:00 - Ritorno in hotel.<\/strong><\/p>\n<p><strong>Incluso:<\/strong><\/p>\n<ul>\n<li>Trasferimenti da e per l'hotel<\/li>\n<li>Trasferimenti del programma in un comodo pullman con aria condizionata<\/li>\n<li>Guida di lingua russa<\/li>\n<li>Assicurazione<\/li>\n<li>Pernottamento in un hotel 4*<\/li>\n<li>Pasti: 1\u00b0 giorno - cena, 2\u00b0 giorno - prima colazione<\/li>\n<\/ul>\n<p><strong>Non incluso:<\/strong><\/p>\n<ul>\n<li>Volo in mongolfiera all'alba (facoltativo, +250$ a persona)<\/li>\n<li>Trasferimenti per la parata di palloncini<\/li>\n<li>Pranzi al ristorante<\/li>\n<li>Lo spettacolo della notte turca<\/li>\n<li>Biglietti d'ingresso al Parco di G\u00f6reme<\/li>\n<\/ul>\n<p><strong>Portatelo con voi:<\/strong><\/p>\n<ul>\n<li>Colazione da portare con s\u00e9 (alla reception dell'hotel spiegare che si parte la mattina presto per un'escursione e che \u00e8 necessario preparare un cestino per il pranzo, gli hotel forniranno questo servizio gratuitamente)<\/li>\n<li>Acqua<\/li>\n<li>Scarpe comode<\/li>\n<li>Fotocamera<\/li>\n<li>Soldi per le spese personali<\/li>\n<\/ul>","protected":false},"excerpt":{"rendered":"<p><strong>Orario del Tour:<\/strong> 3:30 \u2013 19:00<\/p>\n<p><strong>Giorni di Svolgimento:<\/strong> Luned\u00ec, gioved\u00ec, sabato<\/p>","protected":false},"featured_media":41752,"template":"","meta":{"_kad_post_transparent":"default","_kad_post_title":"","_kad_post_layout":"default","_kad_post_sidebar_id":"","_kad_post_content_style":"default","_kad_post_vertical_padding":"default","_kad_post_feature":"","_kad_post_feature_position":"","_kad_post_header":false,"_kad_post_footer":false,"_kad_post_classname":"","_glsr_average":0,"_glsr_ranking":0,"_glsr_reviews":0},"product_brand":[],"product_cat":[445],"product_tag":[],"class_list":{"0":"post-37368","1":"product","2":"type-product","3":"status-publish","4":"has-post-thumbnail","6":"product_cat-alanya","7":"tm-has-options","9":"first","10":"instock","11":"sale","12":"sold-individually","13":"taxable","14":"shipping-taxable","15":"purchasable","16":"product-type-simple","17":"entry","18":"content-bg","19":"loop-entry"},"yoast_head":"<!-- This site is optimized with the Yoast SEO plugin v27.3 - https:\/\/yoast.com\/product\/yoast-seo-wordpress\/ -->\n<title>\u041a\u0430\u043f\u043f\u0430\u0434\u043e\u043a\u0438\u044f \u0438\u0437 \u0410\u043b\u0430\u043d\u044c\u0438 &#8226; \u042d\u043a\u0441\u043a\u0443\u0440\u0441\u0438\u0438 Skyline<\/title>\n<meta name=\"description\" content=\"\u0414\u0432\u0430 \u043d\u0430\u0441\u044b\u0449\u0435\u043d\u043d\u044b\u0445 \u0434\u043d\u044f \u0441\u0440\u0435\u0434\u0438 \u043d\u0435\u043e\u0431\u044b\u0447\u043d\u044b\u0445 \u043f\u0435\u0439\u0437\u0430\u0436\u0435\u0439 \u0438 \u0434\u0440\u0435\u0432\u043d\u0438\u0445 \u0441\u043a\u0430\u043b\u044c\u043d\u044b\u0445 \u0433\u043e\u0440\u043e\u0434\u043e\u0432. \u041a\u0430\u043f\u043f\u0430\u0434\u043e\u043a\u0438\u044f \u2014 \u0440\u0435\u0433\u0438\u043e\u043d, \u0433\u0434\u0435 \u043f\u0440\u0438\u0440\u043e\u0434\u0430 \u0438 \u0438\u0441\u0442\u043e\u0440\u0438\u044f \u0441\u043e\u0437\u0434\u0430\u043b\u0438 \u043d\u0435\u043f\u043e\u0432\u0442\u043e\u0440\u0438\u043c\u0443\u044e \u0430\u0442\u043c\u043e\u0441\u0444\u0435\u0440\u0443.\" \/>\n<meta name=\"robots\" content=\"index, follow, max-snippet:-1, max-image-preview:large, max-video-preview:-1\" \/>\n<link rel=\"canonical\" href=\"https:\/\/skyline-gs.com\/it\/prodotto\/cappadocia-2-days-alanya\/\" \/>\n<meta property=\"og:locale\" content=\"it_IT\" \/>\n<meta property=\"og:type\" content=\"article\" \/>\n<meta property=\"og:title\" content=\"\u041a\u0430\u043f\u043f\u0430\u0434\u043e\u043a\u0438\u044f \u0438\u0437 \u0410\u043b\u0430\u043d\u044c\u0438 &#8226; \u042d\u043a\u0441\u043a\u0443\u0440\u0441\u0438\u0438 Skyline\" \/>\n<meta property=\"og:description\" content=\"\u0414\u0432\u0430 \u043d\u0430\u0441\u044b\u0449\u0435\u043d\u043d\u044b\u0445 \u0434\u043d\u044f \u0441\u0440\u0435\u0434\u0438 \u043d\u0435\u043e\u0431\u044b\u0447\u043d\u044b\u0445 \u043f\u0435\u0439\u0437\u0430\u0436\u0435\u0439 \u0438 \u0434\u0440\u0435\u0432\u043d\u0438\u0445 \u0441\u043a\u0430\u043b\u044c\u043d\u044b\u0445 \u0433\u043e\u0440\u043e\u0434\u043e\u0432. \u041a\u0430\u043f\u043f\u0430\u0434\u043e\u043a\u0438\u044f \u2014 \u0440\u0435\u0433\u0438\u043e\u043d, \u0433\u0434\u0435 \u043f\u0440\u0438\u0440\u043e\u0434\u0430 \u0438 \u0438\u0441\u0442\u043e\u0440\u0438\u044f \u0441\u043e\u0437\u0434\u0430\u043b\u0438 \u043d\u0435\u043f\u043e\u0432\u0442\u043e\u0440\u0438\u043c\u0443\u044e \u0430\u0442\u043c\u043e\u0441\u0444\u0435\u0440\u0443.\" \/>\n<meta property=\"og:url\" content=\"https:\/\/skyline-gs.com\/it\/prodotto\/cappadocia-2-days-alanya\/\" \/>\n<meta property=\"og:site_name\" content=\"\u042d\u043a\u0441\u043a\u0443\u0440\u0441\u0438\u0438 Skyline\" \/>\n<meta property=\"article:modified_time\" content=\"2025-06-13T20:56:20+00:00\" \/>\n<meta property=\"og:image\" content=\"https:\/\/skyline-gs.com\/wp-content\/uploads\/2023\/01\/5-9.png\" \/>\n\t<meta property=\"og:image:width\" content=\"669\" \/>\n\t<meta property=\"og:image:height\" content=\"446\" \/>\n\t<meta property=\"og:image:type\" content=\"image\/png\" \/>\n<meta name=\"twitter:card\" content=\"summary_large_image\" \/>\n<meta name=\"twitter:label1\" content=\"Tempo di lettura stimato\" \/>\n\t<meta name=\"twitter:data1\" content=\"2 minuti\" \/>\n<script type=\"application\/ld+json\" class=\"yoast-schema-graph\">{\"@context\":\"https:\\\/\\\/schema.org\",\"@graph\":[{\"@type\":\"WebPage\",\"@id\":\"https:\\\/\\\/skyline-gs.com\\\/product\\\/cappadocia-2-days-alanya\\\/\",\"url\":\"https:\\\/\\\/skyline-gs.com\\\/product\\\/cappadocia-2-days-alanya\\\/\",\"name\":\"\u041a\u0430\u043f\u043f\u0430\u0434\u043e\u043a\u0438\u044f \u0438\u0437 \u0410\u043b\u0430\u043d\u044c\u0438 &#8226; \u042d\u043a\u0441\u043a\u0443\u0440\u0441\u0438\u0438 Skyline\",\"isPartOf\":{\"@id\":\"https:\\\/\\\/skyline-gs.com\\\/it\\\/#website\"},\"primaryImageOfPage\":{\"@id\":\"https:\\\/\\\/skyline-gs.com\\\/product\\\/cappadocia-2-days-alanya\\\/#primaryimage\"},\"image\":{\"@id\":\"https:\\\/\\\/skyline-gs.com\\\/product\\\/cappadocia-2-days-alanya\\\/#primaryimage\"},\"thumbnailUrl\":\"https:\\\/\\\/skyline-gs.com\\\/wp-content\\\/uploads\\\/2023\\\/01\\\/5-9.png\",\"datePublished\":\"2022-05-28T16:11:25+00:00\",\"dateModified\":\"2025-06-13T20:56:20+00:00\",\"description\":\"\u0414\u0432\u0430 \u043d\u0430\u0441\u044b\u0449\u0435\u043d\u043d\u044b\u0445 \u0434\u043d\u044f \u0441\u0440\u0435\u0434\u0438 \u043d\u0435\u043e\u0431\u044b\u0447\u043d\u044b\u0445 \u043f\u0435\u0439\u0437\u0430\u0436\u0435\u0439 \u0438 \u0434\u0440\u0435\u0432\u043d\u0438\u0445 \u0441\u043a\u0430\u043b\u044c\u043d\u044b\u0445 \u0433\u043e\u0440\u043e\u0434\u043e\u0432. \u041a\u0430\u043f\u043f\u0430\u0434\u043e\u043a\u0438\u044f \u2014 \u0440\u0435\u0433\u0438\u043e\u043d, \u0433\u0434\u0435 \u043f\u0440\u0438\u0440\u043e\u0434\u0430 \u0438 \u0438\u0441\u0442\u043e\u0440\u0438\u044f \u0441\u043e\u0437\u0434\u0430\u043b\u0438 \u043d\u0435\u043f\u043e\u0432\u0442\u043e\u0440\u0438\u043c\u0443\u044e \u0430\u0442\u043c\u043e\u0441\u0444\u0435\u0440\u0443.\",\"breadcrumb\":{\"@id\":\"https:\\\/\\\/skyline-gs.com\\\/product\\\/cappadocia-2-days-alanya\\\/#breadcrumb\"},\"inLanguage\":\"it-IT\",\"potentialAction\":[{\"@type\":\"ReadAction\",\"target\":[\"https:\\\/\\\/skyline-gs.com\\\/product\\\/cappadocia-2-days-alanya\\\/\"]}]},{\"@type\":\"ImageObject\",\"inLanguage\":\"it-IT\",\"@id\":\"https:\\\/\\\/skyline-gs.com\\\/product\\\/cappadocia-2-days-alanya\\\/#primaryimage\",\"url\":\"https:\\\/\\\/skyline-gs.com\\\/wp-content\\\/uploads\\\/2023\\\/01\\\/5-9.png\",\"contentUrl\":\"https:\\\/\\\/skyline-gs.com\\\/wp-content\\\/uploads\\\/2023\\\/01\\\/5-9.png\",\"width\":669,\"height\":446},{\"@type\":\"BreadcrumbList\",\"@id\":\"https:\\\/\\\/skyline-gs.com\\\/product\\\/cappadocia-2-days-alanya\\\/#breadcrumb\",\"itemListElement\":[{\"@type\":\"ListItem\",\"position\":1,\"name\":\"\u0413\u043b\u0430\u0432\u043d\u0430\u044f \u0441\u0442\u0440\u0430\u043d\u0438\u0446\u0430\",\"item\":\"https:\\\/\\\/skyline-gs.com\\\/hu\\\/\"},{\"@type\":\"ListItem\",\"position\":2,\"name\":\"\u041c\u0430\u0433\u0430\u0437\u0438\u043d\",\"item\":\"https:\\\/\\\/skyline-gs.com\\\/cs\\\/shop\\\/\"},{\"@type\":\"ListItem\",\"position\":3,\"name\":\"\u041a\u0430\u043f\u043f\u0430\u0434\u043e\u043a\u0438\u044f 2 \u0434\u043d\u044f\"}]},{\"@type\":\"WebSite\",\"@id\":\"https:\\\/\\\/skyline-gs.com\\\/it\\\/#website\",\"url\":\"https:\\\/\\\/skyline-gs.com\\\/it\\\/\",\"name\":\"\u042d\u043a\u0441\u043a\u0443\u0440\u0441\u0438\u0438 Skyline\",\"description\":\"\u042d\u043a\u0441\u043a\u043b\u044e\u0437\u0438\u0432\u043d\u044b\u0435 \u044d\u043a\u0441\u043a\u0443\u0440\u0441\u0438\u0438 \u043d\u0430 \u043b\u0443\u0447\u0448\u0438\u0445 \u043a\u0443\u0440\u043e\u0440\u0442\u0430\u0445 \u043c\u0438\u0440\u0430\",\"publisher\":{\"@id\":\"https:\\\/\\\/skyline-gs.com\\\/it\\\/#organization\"},\"alternateName\":\"Skyline\",\"potentialAction\":[{\"@type\":\"SearchAction\",\"target\":{\"@type\":\"EntryPoint\",\"urlTemplate\":\"https:\\\/\\\/skyline-gs.com\\\/it\\\/?s={search_term_string}\"},\"query-input\":{\"@type\":\"PropertyValueSpecification\",\"valueRequired\":true,\"valueName\":\"search_term_string\"}}],\"inLanguage\":\"it-IT\"},{\"@type\":\"Organization\",\"@id\":\"https:\\\/\\\/skyline-gs.com\\\/it\\\/#organization\",\"name\":\"\u042d\u043a\u0441\u043a\u0443\u0440\u0441\u0438\u0438 Skyline\",\"alternateName\":\"\u042d\u043a\u0441\u043a\u0443\u0440\u0441\u0438\u0438 Skyline\",\"url\":\"https:\\\/\\\/skyline-gs.com\\\/it\\\/\",\"logo\":{\"@type\":\"ImageObject\",\"inLanguage\":\"it-IT\",\"@id\":\"https:\\\/\\\/skyline-gs.com\\\/it\\\/#\\\/schema\\\/logo\\\/image\\\/\",\"url\":\"https:\\\/\\\/skyline-gs.com\\\/wp-content\\\/uploads\\\/2020\\\/12\\\/cropped-logo-2.png\",\"contentUrl\":\"https:\\\/\\\/skyline-gs.com\\\/wp-content\\\/uploads\\\/2020\\\/12\\\/cropped-logo-2.png\",\"width\":512,\"height\":512,\"caption\":\"\u042d\u043a\u0441\u043a\u0443\u0440\u0441\u0438\u0438 Skyline\"},\"image\":{\"@id\":\"https:\\\/\\\/skyline-gs.com\\\/it\\\/#\\\/schema\\\/logo\\\/image\\\/\"},\"sameAs\":[\"https:\\\/\\\/www.instagram.com\\\/skylineglobalservice\\\/\"]}]}<\/script>\n<!-- \/ Yoast SEO plugin. -->","yoast_head_json":{"title":"\u041a\u0430\u043f\u043f\u0430\u0434\u043e\u043a\u0438\u044f \u0438\u0437 \u0410\u043b\u0430\u043d\u044c\u0438 &#8226; \u042d\u043a\u0441\u043a\u0443\u0440\u0441\u0438\u0438 Skyline","description":"Due giorni intensi tra paesaggi insoliti e antiche citt\u00e0 rupestri. La Cappadocia \u00e8 una regione dove natura e storia hanno creato un'atmosfera unica.","robots":{"index":"index","follow":"follow","max-snippet":"max-snippet:-1","max-image-preview":"max-image-preview:large","max-video-preview":"max-video-preview:-1"},"canonical":"https:\/\/skyline-gs.com\/it\/prodotto\/cappadocia-2-days-alanya\/","og_locale":"it_IT","og_type":"article","og_title":"\u041a\u0430\u043f\u043f\u0430\u0434\u043e\u043a\u0438\u044f \u0438\u0437 \u0410\u043b\u0430\u043d\u044c\u0438 &#8226; \u042d\u043a\u0441\u043a\u0443\u0440\u0441\u0438\u0438 Skyline","og_description":"\u0414\u0432\u0430 \u043d\u0430\u0441\u044b\u0449\u0435\u043d\u043d\u044b\u0445 \u0434\u043d\u044f \u0441\u0440\u0435\u0434\u0438 \u043d\u0435\u043e\u0431\u044b\u0447\u043d\u044b\u0445 \u043f\u0435\u0439\u0437\u0430\u0436\u0435\u0439 \u0438 \u0434\u0440\u0435\u0432\u043d\u0438\u0445 \u0441\u043a\u0430\u043b\u044c\u043d\u044b\u0445 \u0433\u043e\u0440\u043e\u0434\u043e\u0432. \u041a\u0430\u043f\u043f\u0430\u0434\u043e\u043a\u0438\u044f \u2014 \u0440\u0435\u0433\u0438\u043e\u043d, \u0433\u0434\u0435 \u043f\u0440\u0438\u0440\u043e\u0434\u0430 \u0438 \u0438\u0441\u0442\u043e\u0440\u0438\u044f \u0441\u043e\u0437\u0434\u0430\u043b\u0438 \u043d\u0435\u043f\u043e\u0432\u0442\u043e\u0440\u0438\u043c\u0443\u044e \u0430\u0442\u043c\u043e\u0441\u0444\u0435\u0440\u0443.","og_url":"https:\/\/skyline-gs.com\/it\/prodotto\/cappadocia-2-days-alanya\/","og_site_name":"\u042d\u043a\u0441\u043a\u0443\u0440\u0441\u0438\u0438 Skyline","article_modified_time":"2025-06-13T20:56:20+00:00","og_image":[{"width":669,"height":446,"url":"https:\/\/skyline-gs.com\/wp-content\/uploads\/2023\/01\/5-9.png","type":"image\/png"}],"twitter_card":"summary_large_image","twitter_misc":{"Tempo di lettura stimato":"2 minuti"},"schema":{"@context":"https:\/\/schema.org","@graph":[{"@type":"WebPage","@id":"https:\/\/skyline-gs.com\/product\/cappadocia-2-days-alanya\/","url":"https:\/\/skyline-gs.com\/product\/cappadocia-2-days-alanya\/","name":"\u041a\u0430\u043f\u043f\u0430\u0434\u043e\u043a\u0438\u044f \u0438\u0437 \u0410\u043b\u0430\u043d\u044c\u0438 &#8226; \u042d\u043a\u0441\u043a\u0443\u0440\u0441\u0438\u0438 Skyline","isPartOf":{"@id":"https:\/\/skyline-gs.com\/it\/#website"},"primaryImageOfPage":{"@id":"https:\/\/skyline-gs.com\/product\/cappadocia-2-days-alanya\/#primaryimage"},"image":{"@id":"https:\/\/skyline-gs.com\/product\/cappadocia-2-days-alanya\/#primaryimage"},"thumbnailUrl":"https:\/\/skyline-gs.com\/wp-content\/uploads\/2023\/01\/5-9.png","datePublished":"2022-05-28T16:11:25+00:00","dateModified":"2025-06-13T20:56:20+00:00","description":"Due giorni intensi tra paesaggi insoliti e antiche citt\u00e0 rupestri. La Cappadocia \u00e8 una regione dove natura e storia hanno creato un'atmosfera unica.","breadcrumb":{"@id":"https:\/\/skyline-gs.com\/product\/cappadocia-2-days-alanya\/#breadcrumb"},"inLanguage":"it-IT","potentialAction":[{"@type":"ReadAction","target":["https:\/\/skyline-gs.com\/product\/cappadocia-2-days-alanya\/"]}]},{"@type":"ImageObject","inLanguage":"it-IT","@id":"https:\/\/skyline-gs.com\/product\/cappadocia-2-days-alanya\/#primaryimage","url":"https:\/\/skyline-gs.com\/wp-content\/uploads\/2023\/01\/5-9.png","contentUrl":"https:\/\/skyline-gs.com\/wp-content\/uploads\/2023\/01\/5-9.png","width":669,"height":446},{"@type":"BreadcrumbList","@id":"https:\/\/skyline-gs.com\/product\/cappadocia-2-days-alanya\/#breadcrumb","itemListElement":[{"@type":"ListItem","position":1,"name":"\u0413\u043b\u0430\u0432\u043d\u0430\u044f \u0441\u0442\u0440\u0430\u043d\u0438\u0446\u0430","item":"https:\/\/skyline-gs.com\/hu\/"},{"@type":"ListItem","position":2,"name":"\u041c\u0430\u0433\u0430\u0437\u0438\u043d","item":"https:\/\/skyline-gs.com\/cs\/shop\/"},{"@type":"ListItem","position":3,"name":"\u041a\u0430\u043f\u043f\u0430\u0434\u043e\u043a\u0438\u044f 2 \u0434\u043d\u044f"}]},{"@type":"WebSite","@id":"https:\/\/skyline-gs.com\/it\/#website","url":"https:\/\/skyline-gs.com\/it\/","name":"Escursioni Skyline","description":"Escursioni esclusive nei migliori resort del mondo","publisher":{"@id":"https:\/\/skyline-gs.com\/it\/#organization"},"alternateName":"Skyline","potentialAction":[{"@type":"SearchAction","target":{"@type":"EntryPoint","urlTemplate":"https:\/\/skyline-gs.com\/it\/?s={search_term_string}"},"query-input":{"@type":"PropertyValueSpecification","valueRequired":true,"valueName":"search_term_string"}}],"inLanguage":"it-IT"},{"@type":"Organization","@id":"https:\/\/skyline-gs.com\/it\/#organization","name":"Escursioni Skyline","alternateName":"\u042d\u043a\u0441\u043a\u0443\u0440\u0441\u0438\u0438 Skyline","url":"https:\/\/skyline-gs.com\/it\/","logo":{"@type":"ImageObject","inLanguage":"it-IT","@id":"https:\/\/skyline-gs.com\/it\/#\/schema\/logo\/image\/","url":"https:\/\/skyline-gs.com\/wp-content\/uploads\/2020\/12\/cropped-logo-2.png","contentUrl":"https:\/\/skyline-gs.com\/wp-content\/uploads\/2020\/12\/cropped-logo-2.png","width":512,"height":512,"caption":"\u042d\u043a\u0441\u043a\u0443\u0440\u0441\u0438\u0438 Skyline"},"image":{"@id":"https:\/\/skyline-gs.com\/it\/#\/schema\/logo\/image\/"},"sameAs":["https:\/\/www.instagram.com\/skylineglobalservice\/"]}]}},"_links":{"self":[{"href":"https:\/\/skyline-gs.com\/it\/wp-json\/wp\/v2\/product\/37368","targetHints":{"allow":["GET"]}}],"collection":[{"href":"https:\/\/skyline-gs.com\/it\/wp-json\/wp\/v2\/product"}],"about":[{"href":"https:\/\/skyline-gs.com\/it\/wp-json\/wp\/v2\/types\/product"}],"version-history":[{"count":0,"href":"https:\/\/skyline-gs.com\/it\/wp-json\/wp\/v2\/product\/37368\/revisions"}],"wp:featuredmedia":[{"embeddable":true,"href":"https:\/\/skyline-gs.com\/it\/wp-json\/wp\/v2\/media\/41752"}],"wp:attachment":[{"href":"https:\/\/skyline-gs.com\/it\/wp-json\/wp\/v2\/media?parent=37368"}],"wp:term":[{"taxonomy":"product_brand","embeddable":true,"href":"https:\/\/skyline-gs.com\/it\/wp-json\/wp\/v2\/product_brand?post=37368"},{"taxonomy":"product_cat","embeddable":true,"href":"https:\/\/skyline-gs.com\/it\/wp-json\/wp\/v2\/product_cat?post=37368"},{"taxonomy":"product_tag","embeddable":true,"href":"https:\/\/skyline-gs.com\/it\/wp-json\/wp\/v2\/product_tag?post=37368"}],"curies":[{"name":"wp","href":"https:\/\/api.w.org\/{rel}","templated":true}]}}