{"id":34343,"date":"2022-01-17T16:01:21","date_gmt":"2022-01-17T14:01:21","guid":{"rendered":"http:\/\/skyline-gs.com\/?post_type=product&#038;p=34343"},"modified":"2026-02-01T21:28:17","modified_gmt":"2026-02-01T19:28:17","slug":"first-encounter-with-angkor-siemreap","status":"publish","type":"product","link":"https:\/\/skyline-gs.com\/it\/product\/first-encounter-with-angkor-siemreap\/","title":{"rendered":"Un primo sguardo ad Angkor"},"content":{"rendered":"<p>Partenza dall'hotel alle 8:00. Per prima cosa nel nostro tour vi mostreremo <strong>Angkor Wat<\/strong>. <strong>Edificio religioso di culto dell'intera regione del Sud-Est asiatico<\/strong>. Le dimensioni del tempio sono grandiose: circa un chilometro e mezzo di lunghezza e un chilometro di larghezza. La pianta \u00e8 un enorme mandala circondato dall'acqua. La perfetta chiarezza e il ritmo crescente della composizione, la rigorosa proporzionalit\u00e0 di tutti i dettagli dell'insieme, l'espressivit\u00e0 degli elementi architettonici, la storia dei bassorilievi offrono un'ispirata percezione emotiva della struttura e una piena estasi spirituale. Poi un breve trasferimento al tempio <strong style=\"font-family: var(--global-body-font-family);\">Ta Prohm<\/strong><span style=\"font-family: var(--global-body-font-family);\">. <\/span><strong style=\"font-family: var(--global-body-font-family);\">Il famoso tempio \"con gli alberi giganti che camminano\".<\/strong><span style=\"font-family: var(--global-body-font-family);\">. Il luogo \u00e8 pervaso dal romanticismo dell'epoca dei pionieri. Nel 1860, il viaggiatore francese Henri Mouaux scopr\u00ec i giganteschi templi di pietra abbandonati nella giungla per le masse europee. I primi esploratori e guardiani di Angkor nel XIX secolo \"attraversarono cespugli spinosi e liane penzolanti, tagliandosi la strada con i machete\" attraverso la giungla per raggiungere le misteriose strutture. Nei primi anni 2000, il tempio \u00e8 stato il luogo delle riprese del film \"Lara Croft\" Tomb Raider\" con Angelina Jolie. Prossimamente visiteremo <strong>\u0434<\/strong><\/span><strong style=\"font-family: var(--global-body-font-family);\">Angkor Thom<\/strong><span style=\"font-family: var(--global-body-font-family);\">. <\/span><strong style=\"font-family: var(--global-body-font-family);\">L'ultima e pi\u00f9 longeva capitale di Angkor<\/strong><span style=\"font-family: var(--global-body-font-family);\">. Nella seconda met\u00e0 del XII-XIII secolo, l'Impero Khmer raggiunse il suo apice. Divenne non solo il pi\u00f9 grande ma anche l'impero dominante del Sud-Est asiatico. Questo periodo della storia del Paese \u00e8 associato all'eccezionale re Jayavarman il Settimo, che visse circa cento anni e govern\u00f2 per circa cinquanta. Dopo aver sconfitto i suoi nemici, costru\u00ec la nuova citt\u00e0 di Angkor Thom (\"Grande Capitale\"). Il sovrano cre\u00f2 la citt\u00e0 per glorificare il suo ego durante la sua vita e per divinizzarla dopo la sua morte. Angkor Thom ha la forma di un quadrato di 3*3 chilometri. \u00c8 circondata da un canale largo 100 metri e da un muro con cinque porte (tra cui la Porta della Vittoria). All'interno della citt\u00e0 ci sono molti templi (Phimeanakas, Bapuon, Preah Palilai, Bayon), piscine, terrazze di elefanti e re lebbroso). Daremo un'occhiata al tempio <\/span><strong style=\"font-family: var(--global-body-font-family);\">Bayonne<\/strong><span style=\"font-family: var(--global-body-font-family);\">.<\/span><strong style=\"font-family: var(--global-body-font-family);\"> Il tempio centrale della citt\u00e0 di Angkor Thom<\/strong><span style=\"font-family: var(--global-body-font-family);\">. \"La Quintessenza del Caos\". Ha un aspetto assolutamente fantastico grazie alle enormi facce di pietra che guardano maestosamente dall'alto con un misterioso sorriso al visitatore e trasmettono uno stato di sublime distacco. Il Tempio di Bayon non ha una stretta somiglianza stilistica con l'architettura mondiale. La struttura \u00e8 intrisa di simbolismo. Ogni dettaglio \u00e8 dotato di un certo significato. Bayon ha portato ai nostri giorni un'espressione molto integrale e completa dei concetti filosofici e delle prospettive ideologiche e artistiche della sua epoca. Il tempio \u00e8 particolarmente amato dalle persone che svolgono professioni creative. Intorno alle 16:00 trasferimento di ritorno in hotel.<\/span><\/p>\n<p><strong>Incluso:<\/strong><\/p>\n<ul>\n<li>Trasferimento da e per l'hotel<\/li>\n<li>Tutti i trasferimenti in veicoli con aria condizionata lungo il percorso<\/li>\n<li>Guida di lingua russa<\/li>\n<\/ul>\n<p><strong>Non incluso:<\/strong><\/p>\n<ul>\n<li>Biglietto d'ingresso ad Angkor Wat +37$<\/li>\n<li>Pranzo e bevande<\/li>\n<\/ul>\n<p><strong>Portatelo con voi:<\/strong><\/p>\n<ul>\n<li>Acqua<\/li>\n<li>Copricapo<\/li>\n<li>Protezione solare<\/li>\n<li>Scarpe comode<\/li>\n<li>Abbigliamento che copra spalle e ginocchia (sciarpe e scialli non sono adatti).<\/li>\n<li>La paghetta<\/li>\n<\/ul>","protected":false},"excerpt":{"rendered":"<p><strong>Orario del Tour:<\/strong> 8:00 - 16:00<\/p>\n<p><strong>Giorni di Svolgimento:<\/strong> Quotidianamente<\/p>","protected":false},"featured_media":34344,"template":"","meta":{"_kad_post_transparent":"default","_kad_post_title":"","_kad_post_layout":"default","_kad_post_sidebar_id":"","_kad_post_content_style":"default","_kad_post_vertical_padding":"default","_kad_post_feature":"","_kad_post_feature_position":"","_kad_post_header":false,"_kad_post_footer":false,"_kad_post_classname":"","_glsr_average":0,"_glsr_ranking":0,"_glsr_reviews":0},"product_brand":[],"product_cat":[441],"product_tag":[],"class_list":{"0":"post-34343","1":"product","2":"type-product","3":"status-publish","4":"has-post-thumbnail","6":"product_cat-siem-reap","7":"tm-has-options","9":"first","10":"instock","11":"sold-individually","12":"taxable","13":"shipping-taxable","14":"purchasable","15":"product-type-simple","16":"entry","17":"content-bg","18":"loop-entry"},"yoast_head":"<!-- This site is optimized with the Yoast SEO plugin v27.3 - https:\/\/yoast.com\/product\/yoast-seo-wordpress\/ -->\n<title>\u041f\u0435\u0440\u0432\u043e\u0435 \u0437\u043d\u0430\u043a\u043e\u043c\u0441\u0442\u0432\u043e \u0441 \u0410\u043d\u0433\u043a\u043e\u0440\u043e\u043c &#8226; \u042d\u043a\u0441\u043a\u0443\u0440\u0441\u0438\u0438 Skyline<\/title>\n<meta name=\"robots\" content=\"index, follow, max-snippet:-1, max-image-preview:large, max-video-preview:-1\" \/>\n<link rel=\"canonical\" href=\"https:\/\/skyline-gs.com\/it\/prodotto\/first-encounter-with-angkor-siemreap\/\" \/>\n<meta property=\"og:locale\" content=\"it_IT\" \/>\n<meta property=\"og:type\" content=\"article\" \/>\n<meta property=\"og:title\" content=\"\u041f\u0435\u0440\u0432\u043e\u0435 \u0437\u043d\u0430\u043a\u043e\u043c\u0441\u0442\u0432\u043e \u0441 \u0410\u043d\u0433\u043a\u043e\u0440\u043e\u043c &#8226; \u042d\u043a\u0441\u043a\u0443\u0440\u0441\u0438\u0438 Skyline\" \/>\n<meta property=\"og:description\" content=\"\u0412\u0440\u0435\u043c\u044f \u0442\u0443\u0440\u0430: 8:00 \u2013 16:00  \u0414\u043d\u0438 \u043f\u0440\u043e\u0432\u0435\u0434\u0435\u043d\u0438\u044f: \u0435\u0436\u0435\u0434\u043d\u0435\u0432\u043d\u043e\" \/>\n<meta property=\"og:url\" content=\"https:\/\/skyline-gs.com\/it\/prodotto\/first-encounter-with-angkor-siemreap\/\" \/>\n<meta property=\"og:site_name\" content=\"\u042d\u043a\u0441\u043a\u0443\u0440\u0441\u0438\u0438 Skyline\" \/>\n<meta property=\"article:modified_time\" content=\"2026-02-01T19:28:17+00:00\" \/>\n<meta property=\"og:image\" content=\"https:\/\/skyline-gs.com\/wp-content\/uploads\/2022\/01\/1-3.png\" \/>\n\t<meta property=\"og:image:width\" content=\"669\" \/>\n\t<meta property=\"og:image:height\" content=\"446\" \/>\n\t<meta property=\"og:image:type\" content=\"image\/png\" \/>\n<meta name=\"twitter:card\" content=\"summary_large_image\" \/>\n<meta name=\"twitter:label1\" content=\"Tempo di lettura stimato\" \/>\n\t<meta name=\"twitter:data1\" content=\"3 minuti\" \/>\n<script type=\"application\/ld+json\" class=\"yoast-schema-graph\">{\"@context\":\"https:\\\/\\\/schema.org\",\"@graph\":[{\"@type\":\"WebPage\",\"@id\":\"https:\\\/\\\/skyline-gs.com\\\/product\\\/first-encounter-with-angkor-siemreap\\\/\",\"url\":\"https:\\\/\\\/skyline-gs.com\\\/product\\\/first-encounter-with-angkor-siemreap\\\/\",\"name\":\"\u041f\u0435\u0440\u0432\u043e\u0435 \u0437\u043d\u0430\u043a\u043e\u043c\u0441\u0442\u0432\u043e \u0441 \u0410\u043d\u0433\u043a\u043e\u0440\u043e\u043c &#8226; \u042d\u043a\u0441\u043a\u0443\u0440\u0441\u0438\u0438 Skyline\",\"isPartOf\":{\"@id\":\"https:\\\/\\\/skyline-gs.com\\\/it\\\/#website\"},\"primaryImageOfPage\":{\"@id\":\"https:\\\/\\\/skyline-gs.com\\\/product\\\/first-encounter-with-angkor-siemreap\\\/#primaryimage\"},\"image\":{\"@id\":\"https:\\\/\\\/skyline-gs.com\\\/product\\\/first-encounter-with-angkor-siemreap\\\/#primaryimage\"},\"thumbnailUrl\":\"https:\\\/\\\/skyline-gs.com\\\/wp-content\\\/uploads\\\/2022\\\/01\\\/1-3.png\",\"datePublished\":\"2022-01-17T14:01:21+00:00\",\"dateModified\":\"2026-02-01T19:28:17+00:00\",\"breadcrumb\":{\"@id\":\"https:\\\/\\\/skyline-gs.com\\\/product\\\/first-encounter-with-angkor-siemreap\\\/#breadcrumb\"},\"inLanguage\":\"it-IT\",\"potentialAction\":[{\"@type\":\"ReadAction\",\"target\":[\"https:\\\/\\\/skyline-gs.com\\\/product\\\/first-encounter-with-angkor-siemreap\\\/\"]}]},{\"@type\":\"ImageObject\",\"inLanguage\":\"it-IT\",\"@id\":\"https:\\\/\\\/skyline-gs.com\\\/product\\\/first-encounter-with-angkor-siemreap\\\/#primaryimage\",\"url\":\"https:\\\/\\\/skyline-gs.com\\\/wp-content\\\/uploads\\\/2022\\\/01\\\/1-3.png\",\"contentUrl\":\"https:\\\/\\\/skyline-gs.com\\\/wp-content\\\/uploads\\\/2022\\\/01\\\/1-3.png\",\"width\":669,\"height\":446},{\"@type\":\"BreadcrumbList\",\"@id\":\"https:\\\/\\\/skyline-gs.com\\\/product\\\/first-encounter-with-angkor-siemreap\\\/#breadcrumb\",\"itemListElement\":[{\"@type\":\"ListItem\",\"position\":1,\"name\":\"\u0413\u043b\u0430\u0432\u043d\u0430\u044f \u0441\u0442\u0440\u0430\u043d\u0438\u0446\u0430\",\"item\":\"https:\\\/\\\/skyline-gs.com\\\/hu\\\/\"},{\"@type\":\"ListItem\",\"position\":2,\"name\":\"\u041c\u0430\u0433\u0430\u0437\u0438\u043d\",\"item\":\"https:\\\/\\\/skyline-gs.com\\\/cs\\\/shop\\\/\"},{\"@type\":\"ListItem\",\"position\":3,\"name\":\"\u041f\u0435\u0440\u0432\u043e\u0435 \u0437\u043d\u0430\u043a\u043e\u043c\u0441\u0442\u0432\u043e \u0441 \u0410\u043d\u0433\u043a\u043e\u0440\u043e\u043c\"}]},{\"@type\":\"WebSite\",\"@id\":\"https:\\\/\\\/skyline-gs.com\\\/it\\\/#website\",\"url\":\"https:\\\/\\\/skyline-gs.com\\\/it\\\/\",\"name\":\"\u042d\u043a\u0441\u043a\u0443\u0440\u0441\u0438\u0438 Skyline\",\"description\":\"\u042d\u043a\u0441\u043a\u043b\u044e\u0437\u0438\u0432\u043d\u044b\u0435 \u044d\u043a\u0441\u043a\u0443\u0440\u0441\u0438\u0438 \u043d\u0430 \u043b\u0443\u0447\u0448\u0438\u0445 \u043a\u0443\u0440\u043e\u0440\u0442\u0430\u0445 \u043c\u0438\u0440\u0430\",\"publisher\":{\"@id\":\"https:\\\/\\\/skyline-gs.com\\\/it\\\/#organization\"},\"alternateName\":\"Skyline\",\"potentialAction\":[{\"@type\":\"SearchAction\",\"target\":{\"@type\":\"EntryPoint\",\"urlTemplate\":\"https:\\\/\\\/skyline-gs.com\\\/it\\\/?s={search_term_string}\"},\"query-input\":{\"@type\":\"PropertyValueSpecification\",\"valueRequired\":true,\"valueName\":\"search_term_string\"}}],\"inLanguage\":\"it-IT\"},{\"@type\":\"Organization\",\"@id\":\"https:\\\/\\\/skyline-gs.com\\\/it\\\/#organization\",\"name\":\"\u042d\u043a\u0441\u043a\u0443\u0440\u0441\u0438\u0438 Skyline\",\"alternateName\":\"\u042d\u043a\u0441\u043a\u0443\u0440\u0441\u0438\u0438 Skyline\",\"url\":\"https:\\\/\\\/skyline-gs.com\\\/it\\\/\",\"logo\":{\"@type\":\"ImageObject\",\"inLanguage\":\"it-IT\",\"@id\":\"https:\\\/\\\/skyline-gs.com\\\/it\\\/#\\\/schema\\\/logo\\\/image\\\/\",\"url\":\"https:\\\/\\\/skyline-gs.com\\\/wp-content\\\/uploads\\\/2020\\\/12\\\/cropped-logo-2.png\",\"contentUrl\":\"https:\\\/\\\/skyline-gs.com\\\/wp-content\\\/uploads\\\/2020\\\/12\\\/cropped-logo-2.png\",\"width\":512,\"height\":512,\"caption\":\"\u042d\u043a\u0441\u043a\u0443\u0440\u0441\u0438\u0438 Skyline\"},\"image\":{\"@id\":\"https:\\\/\\\/skyline-gs.com\\\/it\\\/#\\\/schema\\\/logo\\\/image\\\/\"},\"sameAs\":[\"https:\\\/\\\/www.instagram.com\\\/skylineglobalservice\\\/\"]}]}<\/script>\n<!-- \/ Yoast SEO plugin. -->","yoast_head_json":{"title":"Una prima occhiata ad Angkor - Escursioni Skyline","robots":{"index":"index","follow":"follow","max-snippet":"max-snippet:-1","max-image-preview":"max-image-preview:large","max-video-preview":"max-video-preview:-1"},"canonical":"https:\/\/skyline-gs.com\/it\/prodotto\/first-encounter-with-angkor-siemreap\/","og_locale":"it_IT","og_type":"article","og_title":"\u041f\u0435\u0440\u0432\u043e\u0435 \u0437\u043d\u0430\u043a\u043e\u043c\u0441\u0442\u0432\u043e \u0441 \u0410\u043d\u0433\u043a\u043e\u0440\u043e\u043c &#8226; \u042d\u043a\u0441\u043a\u0443\u0440\u0441\u0438\u0438 Skyline","og_description":"\u0412\u0440\u0435\u043c\u044f \u0442\u0443\u0440\u0430: 8:00 \u2013 16:00  \u0414\u043d\u0438 \u043f\u0440\u043e\u0432\u0435\u0434\u0435\u043d\u0438\u044f: \u0435\u0436\u0435\u0434\u043d\u0435\u0432\u043d\u043e","og_url":"https:\/\/skyline-gs.com\/it\/prodotto\/first-encounter-with-angkor-siemreap\/","og_site_name":"\u042d\u043a\u0441\u043a\u0443\u0440\u0441\u0438\u0438 Skyline","article_modified_time":"2026-02-01T19:28:17+00:00","og_image":[{"width":669,"height":446,"url":"https:\/\/skyline-gs.com\/wp-content\/uploads\/2022\/01\/1-3.png","type":"image\/png"}],"twitter_card":"summary_large_image","twitter_misc":{"Tempo di lettura stimato":"3 minuti"},"schema":{"@context":"https:\/\/schema.org","@graph":[{"@type":"WebPage","@id":"https:\/\/skyline-gs.com\/product\/first-encounter-with-angkor-siemreap\/","url":"https:\/\/skyline-gs.com\/product\/first-encounter-with-angkor-siemreap\/","name":"Una prima occhiata ad Angkor - Escursioni Skyline","isPartOf":{"@id":"https:\/\/skyline-gs.com\/it\/#website"},"primaryImageOfPage":{"@id":"https:\/\/skyline-gs.com\/product\/first-encounter-with-angkor-siemreap\/#primaryimage"},"image":{"@id":"https:\/\/skyline-gs.com\/product\/first-encounter-with-angkor-siemreap\/#primaryimage"},"thumbnailUrl":"https:\/\/skyline-gs.com\/wp-content\/uploads\/2022\/01\/1-3.png","datePublished":"2022-01-17T14:01:21+00:00","dateModified":"2026-02-01T19:28:17+00:00","breadcrumb":{"@id":"https:\/\/skyline-gs.com\/product\/first-encounter-with-angkor-siemreap\/#breadcrumb"},"inLanguage":"it-IT","potentialAction":[{"@type":"ReadAction","target":["https:\/\/skyline-gs.com\/product\/first-encounter-with-angkor-siemreap\/"]}]},{"@type":"ImageObject","inLanguage":"it-IT","@id":"https:\/\/skyline-gs.com\/product\/first-encounter-with-angkor-siemreap\/#primaryimage","url":"https:\/\/skyline-gs.com\/wp-content\/uploads\/2022\/01\/1-3.png","contentUrl":"https:\/\/skyline-gs.com\/wp-content\/uploads\/2022\/01\/1-3.png","width":669,"height":446},{"@type":"BreadcrumbList","@id":"https:\/\/skyline-gs.com\/product\/first-encounter-with-angkor-siemreap\/#breadcrumb","itemListElement":[{"@type":"ListItem","position":1,"name":"\u0413\u043b\u0430\u0432\u043d\u0430\u044f \u0441\u0442\u0440\u0430\u043d\u0438\u0446\u0430","item":"https:\/\/skyline-gs.com\/hu\/"},{"@type":"ListItem","position":2,"name":"\u041c\u0430\u0433\u0430\u0437\u0438\u043d","item":"https:\/\/skyline-gs.com\/cs\/shop\/"},{"@type":"ListItem","position":3,"name":"\u041f\u0435\u0440\u0432\u043e\u0435 \u0437\u043d\u0430\u043a\u043e\u043c\u0441\u0442\u0432\u043e \u0441 \u0410\u043d\u0433\u043a\u043e\u0440\u043e\u043c"}]},{"@type":"WebSite","@id":"https:\/\/skyline-gs.com\/it\/#website","url":"https:\/\/skyline-gs.com\/it\/","name":"Escursioni Skyline","description":"Escursioni esclusive nei migliori resort del mondo","publisher":{"@id":"https:\/\/skyline-gs.com\/it\/#organization"},"alternateName":"Skyline","potentialAction":[{"@type":"SearchAction","target":{"@type":"EntryPoint","urlTemplate":"https:\/\/skyline-gs.com\/it\/?s={search_term_string}"},"query-input":{"@type":"PropertyValueSpecification","valueRequired":true,"valueName":"search_term_string"}}],"inLanguage":"it-IT"},{"@type":"Organization","@id":"https:\/\/skyline-gs.com\/it\/#organization","name":"Escursioni Skyline","alternateName":"\u042d\u043a\u0441\u043a\u0443\u0440\u0441\u0438\u0438 Skyline","url":"https:\/\/skyline-gs.com\/it\/","logo":{"@type":"ImageObject","inLanguage":"it-IT","@id":"https:\/\/skyline-gs.com\/it\/#\/schema\/logo\/image\/","url":"https:\/\/skyline-gs.com\/wp-content\/uploads\/2020\/12\/cropped-logo-2.png","contentUrl":"https:\/\/skyline-gs.com\/wp-content\/uploads\/2020\/12\/cropped-logo-2.png","width":512,"height":512,"caption":"\u042d\u043a\u0441\u043a\u0443\u0440\u0441\u0438\u0438 Skyline"},"image":{"@id":"https:\/\/skyline-gs.com\/it\/#\/schema\/logo\/image\/"},"sameAs":["https:\/\/www.instagram.com\/skylineglobalservice\/"]}]}},"_links":{"self":[{"href":"https:\/\/skyline-gs.com\/it\/wp-json\/wp\/v2\/product\/34343","targetHints":{"allow":["GET"]}}],"collection":[{"href":"https:\/\/skyline-gs.com\/it\/wp-json\/wp\/v2\/product"}],"about":[{"href":"https:\/\/skyline-gs.com\/it\/wp-json\/wp\/v2\/types\/product"}],"version-history":[{"count":0,"href":"https:\/\/skyline-gs.com\/it\/wp-json\/wp\/v2\/product\/34343\/revisions"}],"wp:featuredmedia":[{"embeddable":true,"href":"https:\/\/skyline-gs.com\/it\/wp-json\/wp\/v2\/media\/34344"}],"wp:attachment":[{"href":"https:\/\/skyline-gs.com\/it\/wp-json\/wp\/v2\/media?parent=34343"}],"wp:term":[{"taxonomy":"product_brand","embeddable":true,"href":"https:\/\/skyline-gs.com\/it\/wp-json\/wp\/v2\/product_brand?post=34343"},{"taxonomy":"product_cat","embeddable":true,"href":"https:\/\/skyline-gs.com\/it\/wp-json\/wp\/v2\/product_cat?post=34343"},{"taxonomy":"product_tag","embeddable":true,"href":"https:\/\/skyline-gs.com\/it\/wp-json\/wp\/v2\/product_tag?post=34343"}],"curies":[{"name":"wp","href":"https:\/\/api.w.org\/{rel}","templated":true}]}}