{"id":32599,"date":"2021-10-26T16:54:17","date_gmt":"2021-10-26T14:54:17","guid":{"rendered":"http:\/\/skyline-gs.com\/?post_type=product&#038;p=32599"},"modified":"2025-10-29T19:54:55","modified_gmt":"2025-10-29T17:54:55","slug":"luxor-queen-valley-marsaalam","status":"publish","type":"product","link":"https:\/\/skyline-gs.com\/it\/product\/luxor-queen-valley-marsaalam\/","title":{"rendered":"Luxor e la Valle delle Regine. La citt\u00e0 dei vivi e la citt\u00e0 dei morti"},"content":{"rendered":"<p>4:30 check-out dall'hotel. Il viaggio di andata durer\u00e0 circa 4,5 ore. 9:00 Arrivo nella Valle del Nilo e visione della vera vita dell'Egitto. 10:00 Arrivo a Luxor. All'arrivo a Luxor inizia la prima parte del programma \"Citt\u00e0 dei vivi\", che si trova sulla riva orientale del Nilo. Visita al Tempio di Karnak, che \u00e8 la pi\u00f9 grande costruzione architettonica del mondo antico e uno dei pi\u00f9 grandi complessi di templi del mondo intero. Il tempio di Karnak non \u00e8 stato costruito da un solo faraone e nemmeno da una sola dinastia: circa 30 faraoni hanno contribuito al complesso aggiungendo templi, piloni, cappelle e obelischi dedicati agli dei di Tebe. Il Tempio di Karnak \u00e8 composto da tre grandi strutture e da diversi templi minori all'interno dell'area principale. Pranzo al ristorante a buffet (bevande escluse).<\/p>\n<p>In seguito, si parte in barca sul Nilo per raggiungere la riva occidentale e la citt\u00e0 dei morti, dove si svolger\u00e0 la seconda parte del programma. Visita alla riva occidentale e alla Valle dei Morti. Per prima cosa sarete accolti dai Colossi di Memnon, due enormi statue alte 18 metri e pesanti oltre 700 tonnellate ciascuna. Attraversate la Valle dei Morti e visitate il tempio della regina Hatshepsut. La principale caratteristica architettonica di questa struttura monumentale \u00e8 costituita da 3 terrazze disposte una sopra l'altra, ognuna delle quali ospitava un cortile aperto, stanze coperte con pilastri e santuari nascosti nelle profondit\u00e0 della montagna. Hatshepsut \u00e8 una delle figure pi\u00f9 famose della storia dell'antico Egitto. La storia dell'antico Egitto la ricorda come la sovrana di ferro. A seguire, passeggiata lungo il fiume Nilo con visita all'Isola delle Banane (facoltativa con supplemento - 10$). Successivamente, si visiter\u00e0 la Valle delle Regine, dove si trova la tomba di Nefertari, moglie del faraone Ramses 2, che non \u00e8 certo la pi\u00f9 lussuosa di tutto l'Egitto. Fine dell'escursione e viaggio di ritorno. 22:00 Rientro in hotel.<\/p>\n<p><strong>Incluso:<\/strong><\/p>\n<ul>\n<li>Trasferimenti da e per l'hotel<\/li>\n<li>Guida egittologa di lingua russa<\/li>\n<li>Biglietti d'ingresso<\/li>\n<li>Visita alla Valle delle Regine<\/li>\n<li>Pranzo in un ristorante di Luxor<\/li>\n<\/ul>\n<p><strong>Non incluso:<\/strong><\/p>\n<ul>\n<li>Visita dell'Isola delle Banane (facoltativa con supplemento - 10$)<\/li>\n<\/ul>\n<p><strong>Portatelo con voi:<\/strong><\/p>\n<ul>\n<li>Passaporto<\/li>\n<li>Spuntino mattutino (alla reception dell'hotel spiegate che state partendo la mattina presto per un'escursione e che dovete preparare la colazione con voi (lunch box), gli hotel forniranno questo servizio gratuitamente);<\/li>\n<li>Macchina fotografica<\/li>\n<li>Copricapo;<\/li>\n<li>Soldi per spese personali e souvenir;<\/li>\n<li>Acqua potabile;<\/li>\n<li>Scarpe comode;<\/li>\n<li>Vestiti caldi per il viaggio (in inverno).<\/li>\n<\/ul>","protected":false},"excerpt":{"rendered":"<p><strong>Orario del Tour:<\/strong> 4:30 \u2014 22:00<\/p>\n<p><strong>Giorni di Svolgimento:<\/strong> Luned\u00ec, mercoled\u00ec e sabato<\/p>","protected":false},"featured_media":32603,"template":"","meta":{"_kad_post_transparent":"default","_kad_post_title":"","_kad_post_layout":"default","_kad_post_sidebar_id":"","_kad_post_content_style":"default","_kad_post_vertical_padding":"default","_kad_post_feature":"","_kad_post_feature_position":"","_kad_post_header":false,"_kad_post_footer":false,"_kad_post_classname":"","_glsr_average":0,"_glsr_ranking":0,"_glsr_reviews":0},"product_brand":[],"product_cat":[452],"product_tag":[],"class_list":{"0":"post-32599","1":"product","2":"type-product","3":"status-publish","4":"has-post-thumbnail","6":"product_cat-marsa-alam","7":"tm-has-options","9":"first","10":"instock","11":"sale","12":"sold-individually","13":"taxable","14":"shipping-taxable","15":"purchasable","16":"product-type-simple","17":"entry","18":"content-bg","19":"loop-entry"},"yoast_head":"<!-- This site is optimized with the Yoast SEO plugin v27.3 - https:\/\/yoast.com\/product\/yoast-seo-wordpress\/ -->\n<title>\u041b\u0443\u043a\u0441\u043e\u0440 \u0438 \u0414\u043e\u043b\u0438\u043d\u0430 \u0426\u0430\u0440\u0438\u0446. \u0413\u043e\u0440\u043e\u0434 \u0436\u0438\u0432\u044b\u0445 \u0438 \u0433\u043e\u0440\u043e\u0434 \u043c\u0451\u0440\u0442\u0432\u044b\u0445 &#8226; \u042d\u043a\u0441\u043a\u0443\u0440\u0441\u0438\u0438 Skyline<\/title>\n<meta name=\"robots\" content=\"index, follow, max-snippet:-1, max-image-preview:large, max-video-preview:-1\" \/>\n<link rel=\"canonical\" href=\"https:\/\/skyline-gs.com\/it\/prodotto\/luxor-queen-valley-marsaalam\/\" \/>\n<meta property=\"og:locale\" content=\"it_IT\" \/>\n<meta property=\"og:type\" content=\"article\" \/>\n<meta property=\"og:title\" content=\"\u041b\u0443\u043a\u0441\u043e\u0440 \u0438 \u0414\u043e\u043b\u0438\u043d\u0430 \u0426\u0430\u0440\u0438\u0446. \u0413\u043e\u0440\u043e\u0434 \u0436\u0438\u0432\u044b\u0445 \u0438 \u0433\u043e\u0440\u043e\u0434 \u043c\u0451\u0440\u0442\u0432\u044b\u0445 &#8226; \u042d\u043a\u0441\u043a\u0443\u0440\u0441\u0438\u0438 Skyline\" \/>\n<meta property=\"og:description\" content=\"\u0412\u0440\u0435\u043c\u044f \u0442\u0443\u0440\u0430: 4:30 - 22:00  \u0414\u043d\u0438 \u043f\u0440\u043e\u0432\u0435\u0434\u0435\u043d\u0438\u044f: \u043f\u043e\u043d\u0435\u0434\u0435\u043b\u044c\u043d\u0438\u043a, \u0441\u0440\u0435\u0434\u0430 \u0438 \u0441\u0443\u0431\u0431\u043e\u0442\u0430\" \/>\n<meta property=\"og:url\" content=\"https:\/\/skyline-gs.com\/it\/prodotto\/luxor-queen-valley-marsaalam\/\" \/>\n<meta property=\"og:site_name\" content=\"\u042d\u043a\u0441\u043a\u0443\u0440\u0441\u0438\u0438 Skyline\" \/>\n<meta property=\"article:modified_time\" content=\"2025-10-29T17:54:55+00:00\" \/>\n<meta property=\"og:image\" content=\"https:\/\/skyline-gs.com\/wp-content\/uploads\/2021\/10\/68.jpg\" \/>\n\t<meta property=\"og:image:width\" content=\"669\" \/>\n\t<meta property=\"og:image:height\" content=\"446\" \/>\n\t<meta property=\"og:image:type\" content=\"image\/jpeg\" \/>\n<meta name=\"twitter:card\" content=\"summary_large_image\" \/>\n<meta name=\"twitter:label1\" content=\"Tempo di lettura stimato\" \/>\n\t<meta name=\"twitter:data1\" content=\"3 minuti\" \/>\n<script type=\"application\/ld+json\" class=\"yoast-schema-graph\">{\"@context\":\"https:\\\/\\\/schema.org\",\"@graph\":[{\"@type\":\"WebPage\",\"@id\":\"https:\\\/\\\/skyline-gs.com\\\/it\\\/prodotto\\\/luxor-queen-valley-marsaalam\\\/\",\"url\":\"https:\\\/\\\/skyline-gs.com\\\/it\\\/prodotto\\\/luxor-queen-valley-marsaalam\\\/\",\"name\":\"\u041b\u0443\u043a\u0441\u043e\u0440 \u0438 \u0414\u043e\u043b\u0438\u043d\u0430 \u0426\u0430\u0440\u0438\u0446. \u0413\u043e\u0440\u043e\u0434 \u0436\u0438\u0432\u044b\u0445 \u0438 \u0433\u043e\u0440\u043e\u0434 \u043c\u0451\u0440\u0442\u0432\u044b\u0445 &#8226; \u042d\u043a\u0441\u043a\u0443\u0440\u0441\u0438\u0438 Skyline\",\"isPartOf\":{\"@id\":\"https:\\\/\\\/skyline-gs.com\\\/it\\\/#website\"},\"primaryImageOfPage\":{\"@id\":\"https:\\\/\\\/skyline-gs.com\\\/it\\\/prodotto\\\/luxor-queen-valley-marsaalam\\\/#primaryimage\"},\"image\":{\"@id\":\"https:\\\/\\\/skyline-gs.com\\\/it\\\/prodotto\\\/luxor-queen-valley-marsaalam\\\/#primaryimage\"},\"thumbnailUrl\":\"https:\\\/\\\/skyline-gs.com\\\/wp-content\\\/uploads\\\/2021\\\/10\\\/68.jpg\",\"datePublished\":\"2021-10-26T14:54:17+00:00\",\"dateModified\":\"2025-10-29T17:54:55+00:00\",\"breadcrumb\":{\"@id\":\"https:\\\/\\\/skyline-gs.com\\\/it\\\/prodotto\\\/luxor-queen-valley-marsaalam\\\/#breadcrumb\"},\"inLanguage\":\"it-IT\",\"potentialAction\":[{\"@type\":\"ReadAction\",\"target\":[\"https:\\\/\\\/skyline-gs.com\\\/it\\\/prodotto\\\/luxor-queen-valley-marsaalam\\\/\"]}]},{\"@type\":\"ImageObject\",\"inLanguage\":\"it-IT\",\"@id\":\"https:\\\/\\\/skyline-gs.com\\\/it\\\/prodotto\\\/luxor-queen-valley-marsaalam\\\/#primaryimage\",\"url\":\"https:\\\/\\\/skyline-gs.com\\\/wp-content\\\/uploads\\\/2021\\\/10\\\/68.jpg\",\"contentUrl\":\"https:\\\/\\\/skyline-gs.com\\\/wp-content\\\/uploads\\\/2021\\\/10\\\/68.jpg\",\"width\":669,\"height\":446},{\"@type\":\"BreadcrumbList\",\"@id\":\"https:\\\/\\\/skyline-gs.com\\\/it\\\/prodotto\\\/luxor-queen-valley-marsaalam\\\/#breadcrumb\",\"itemListElement\":[{\"@type\":\"ListItem\",\"position\":1,\"name\":\"\u0413\u043b\u0430\u0432\u043d\u0430\u044f \u0441\u0442\u0440\u0430\u043d\u0438\u0446\u0430\",\"item\":\"https:\\\/\\\/skyline-gs.com\\\/hu\\\/\"},{\"@type\":\"ListItem\",\"position\":2,\"name\":\"\u041c\u0430\u0433\u0430\u0437\u0438\u043d\",\"item\":\"https:\\\/\\\/skyline-gs.com\\\/cs\\\/shop\\\/\"},{\"@type\":\"ListItem\",\"position\":3,\"name\":\"\u041b\u0443\u043a\u0441\u043e\u0440 \u0438 \u0414\u043e\u043b\u0438\u043d\u0430 \u0426\u0430\u0440\u0438\u0446. \u0413\u043e\u0440\u043e\u0434 \u0436\u0438\u0432\u044b\u0445 \u0438 \u0433\u043e\u0440\u043e\u0434 \u043c\u0451\u0440\u0442\u0432\u044b\u0445\"}]},{\"@type\":\"WebSite\",\"@id\":\"https:\\\/\\\/skyline-gs.com\\\/it\\\/#website\",\"url\":\"https:\\\/\\\/skyline-gs.com\\\/it\\\/\",\"name\":\"\u042d\u043a\u0441\u043a\u0443\u0440\u0441\u0438\u0438 Skyline\",\"description\":\"\u042d\u043a\u0441\u043a\u043b\u044e\u0437\u0438\u0432\u043d\u044b\u0435 \u044d\u043a\u0441\u043a\u0443\u0440\u0441\u0438\u0438 \u043d\u0430 \u043b\u0443\u0447\u0448\u0438\u0445 \u043a\u0443\u0440\u043e\u0440\u0442\u0430\u0445 \u043c\u0438\u0440\u0430\",\"publisher\":{\"@id\":\"https:\\\/\\\/skyline-gs.com\\\/it\\\/#organization\"},\"alternateName\":\"Skyline\",\"potentialAction\":[{\"@type\":\"SearchAction\",\"target\":{\"@type\":\"EntryPoint\",\"urlTemplate\":\"https:\\\/\\\/skyline-gs.com\\\/it\\\/?s={search_term_string}\"},\"query-input\":{\"@type\":\"PropertyValueSpecification\",\"valueRequired\":true,\"valueName\":\"search_term_string\"}}],\"inLanguage\":\"it-IT\"},{\"@type\":\"Organization\",\"@id\":\"https:\\\/\\\/skyline-gs.com\\\/it\\\/#organization\",\"name\":\"\u042d\u043a\u0441\u043a\u0443\u0440\u0441\u0438\u0438 Skyline\",\"alternateName\":\"\u042d\u043a\u0441\u043a\u0443\u0440\u0441\u0438\u0438 Skyline\",\"url\":\"https:\\\/\\\/skyline-gs.com\\\/it\\\/\",\"logo\":{\"@type\":\"ImageObject\",\"inLanguage\":\"it-IT\",\"@id\":\"https:\\\/\\\/skyline-gs.com\\\/it\\\/#\\\/schema\\\/logo\\\/image\\\/\",\"url\":\"https:\\\/\\\/skyline-gs.com\\\/wp-content\\\/uploads\\\/2020\\\/12\\\/cropped-logo-2.png\",\"contentUrl\":\"https:\\\/\\\/skyline-gs.com\\\/wp-content\\\/uploads\\\/2020\\\/12\\\/cropped-logo-2.png\",\"width\":512,\"height\":512,\"caption\":\"\u042d\u043a\u0441\u043a\u0443\u0440\u0441\u0438\u0438 Skyline\"},\"image\":{\"@id\":\"https:\\\/\\\/skyline-gs.com\\\/it\\\/#\\\/schema\\\/logo\\\/image\\\/\"},\"sameAs\":[\"https:\\\/\\\/www.instagram.com\\\/skylineglobalservice\\\/\"]}]}<\/script>\n<!-- \/ Yoast SEO plugin. -->","yoast_head_json":{"title":"Luxor e la Valle delle Regine. La citt\u00e0 dei vivi e la citt\u00e0 dei morti - Escursioni Skyline","robots":{"index":"index","follow":"follow","max-snippet":"max-snippet:-1","max-image-preview":"max-image-preview:large","max-video-preview":"max-video-preview:-1"},"canonical":"https:\/\/skyline-gs.com\/it\/prodotto\/luxor-queen-valley-marsaalam\/","og_locale":"it_IT","og_type":"article","og_title":"\u041b\u0443\u043a\u0441\u043e\u0440 \u0438 \u0414\u043e\u043b\u0438\u043d\u0430 \u0426\u0430\u0440\u0438\u0446. \u0413\u043e\u0440\u043e\u0434 \u0436\u0438\u0432\u044b\u0445 \u0438 \u0433\u043e\u0440\u043e\u0434 \u043c\u0451\u0440\u0442\u0432\u044b\u0445 &#8226; \u042d\u043a\u0441\u043a\u0443\u0440\u0441\u0438\u0438 Skyline","og_description":"\u0412\u0440\u0435\u043c\u044f \u0442\u0443\u0440\u0430: 4:30 - 22:00  \u0414\u043d\u0438 \u043f\u0440\u043e\u0432\u0435\u0434\u0435\u043d\u0438\u044f: \u043f\u043e\u043d\u0435\u0434\u0435\u043b\u044c\u043d\u0438\u043a, \u0441\u0440\u0435\u0434\u0430 \u0438 \u0441\u0443\u0431\u0431\u043e\u0442\u0430","og_url":"https:\/\/skyline-gs.com\/it\/prodotto\/luxor-queen-valley-marsaalam\/","og_site_name":"\u042d\u043a\u0441\u043a\u0443\u0440\u0441\u0438\u0438 Skyline","article_modified_time":"2025-10-29T17:54:55+00:00","og_image":[{"width":669,"height":446,"url":"https:\/\/skyline-gs.com\/wp-content\/uploads\/2021\/10\/68.jpg","type":"image\/jpeg"}],"twitter_card":"summary_large_image","twitter_misc":{"Tempo di lettura stimato":"3 minuti"},"schema":{"@context":"https:\/\/schema.org","@graph":[{"@type":"WebPage","@id":"https:\/\/skyline-gs.com\/it\/prodotto\/luxor-queen-valley-marsaalam\/","url":"https:\/\/skyline-gs.com\/it\/prodotto\/luxor-queen-valley-marsaalam\/","name":"Luxor e la Valle delle Regine. La citt\u00e0 dei vivi e la citt\u00e0 dei morti - Escursioni Skyline","isPartOf":{"@id":"https:\/\/skyline-gs.com\/it\/#website"},"primaryImageOfPage":{"@id":"https:\/\/skyline-gs.com\/it\/prodotto\/luxor-queen-valley-marsaalam\/#primaryimage"},"image":{"@id":"https:\/\/skyline-gs.com\/it\/prodotto\/luxor-queen-valley-marsaalam\/#primaryimage"},"thumbnailUrl":"https:\/\/skyline-gs.com\/wp-content\/uploads\/2021\/10\/68.jpg","datePublished":"2021-10-26T14:54:17+00:00","dateModified":"2025-10-29T17:54:55+00:00","breadcrumb":{"@id":"https:\/\/skyline-gs.com\/it\/prodotto\/luxor-queen-valley-marsaalam\/#breadcrumb"},"inLanguage":"it-IT","potentialAction":[{"@type":"ReadAction","target":["https:\/\/skyline-gs.com\/it\/prodotto\/luxor-queen-valley-marsaalam\/"]}]},{"@type":"ImageObject","inLanguage":"it-IT","@id":"https:\/\/skyline-gs.com\/it\/prodotto\/luxor-queen-valley-marsaalam\/#primaryimage","url":"https:\/\/skyline-gs.com\/wp-content\/uploads\/2021\/10\/68.jpg","contentUrl":"https:\/\/skyline-gs.com\/wp-content\/uploads\/2021\/10\/68.jpg","width":669,"height":446},{"@type":"BreadcrumbList","@id":"https:\/\/skyline-gs.com\/it\/prodotto\/luxor-queen-valley-marsaalam\/#breadcrumb","itemListElement":[{"@type":"ListItem","position":1,"name":"\u0413\u043b\u0430\u0432\u043d\u0430\u044f \u0441\u0442\u0440\u0430\u043d\u0438\u0446\u0430","item":"https:\/\/skyline-gs.com\/hu\/"},{"@type":"ListItem","position":2,"name":"\u041c\u0430\u0433\u0430\u0437\u0438\u043d","item":"https:\/\/skyline-gs.com\/cs\/shop\/"},{"@type":"ListItem","position":3,"name":"\u041b\u0443\u043a\u0441\u043e\u0440 \u0438 \u0414\u043e\u043b\u0438\u043d\u0430 \u0426\u0430\u0440\u0438\u0446. \u0413\u043e\u0440\u043e\u0434 \u0436\u0438\u0432\u044b\u0445 \u0438 \u0433\u043e\u0440\u043e\u0434 \u043c\u0451\u0440\u0442\u0432\u044b\u0445"}]},{"@type":"WebSite","@id":"https:\/\/skyline-gs.com\/it\/#website","url":"https:\/\/skyline-gs.com\/it\/","name":"Escursioni Skyline","description":"Escursioni esclusive nei migliori resort del mondo","publisher":{"@id":"https:\/\/skyline-gs.com\/it\/#organization"},"alternateName":"Skyline","potentialAction":[{"@type":"SearchAction","target":{"@type":"EntryPoint","urlTemplate":"https:\/\/skyline-gs.com\/it\/?s={search_term_string}"},"query-input":{"@type":"PropertyValueSpecification","valueRequired":true,"valueName":"search_term_string"}}],"inLanguage":"it-IT"},{"@type":"Organization","@id":"https:\/\/skyline-gs.com\/it\/#organization","name":"Escursioni Skyline","alternateName":"\u042d\u043a\u0441\u043a\u0443\u0440\u0441\u0438\u0438 Skyline","url":"https:\/\/skyline-gs.com\/it\/","logo":{"@type":"ImageObject","inLanguage":"it-IT","@id":"https:\/\/skyline-gs.com\/it\/#\/schema\/logo\/image\/","url":"https:\/\/skyline-gs.com\/wp-content\/uploads\/2020\/12\/cropped-logo-2.png","contentUrl":"https:\/\/skyline-gs.com\/wp-content\/uploads\/2020\/12\/cropped-logo-2.png","width":512,"height":512,"caption":"\u042d\u043a\u0441\u043a\u0443\u0440\u0441\u0438\u0438 Skyline"},"image":{"@id":"https:\/\/skyline-gs.com\/it\/#\/schema\/logo\/image\/"},"sameAs":["https:\/\/www.instagram.com\/skylineglobalservice\/"]}]}},"_links":{"self":[{"href":"https:\/\/skyline-gs.com\/it\/wp-json\/wp\/v2\/product\/32599","targetHints":{"allow":["GET"]}}],"collection":[{"href":"https:\/\/skyline-gs.com\/it\/wp-json\/wp\/v2\/product"}],"about":[{"href":"https:\/\/skyline-gs.com\/it\/wp-json\/wp\/v2\/types\/product"}],"version-history":[{"count":0,"href":"https:\/\/skyline-gs.com\/it\/wp-json\/wp\/v2\/product\/32599\/revisions"}],"wp:featuredmedia":[{"embeddable":true,"href":"https:\/\/skyline-gs.com\/it\/wp-json\/wp\/v2\/media\/32603"}],"wp:attachment":[{"href":"https:\/\/skyline-gs.com\/it\/wp-json\/wp\/v2\/media?parent=32599"}],"wp:term":[{"taxonomy":"product_brand","embeddable":true,"href":"https:\/\/skyline-gs.com\/it\/wp-json\/wp\/v2\/product_brand?post=32599"},{"taxonomy":"product_cat","embeddable":true,"href":"https:\/\/skyline-gs.com\/it\/wp-json\/wp\/v2\/product_cat?post=32599"},{"taxonomy":"product_tag","embeddable":true,"href":"https:\/\/skyline-gs.com\/it\/wp-json\/wp\/v2\/product_tag?post=32599"}],"curies":[{"name":"wp","href":"https:\/\/api.w.org\/{rel}","templated":true}]}}