{"id":29917,"date":"2021-08-24T13:35:40","date_gmt":"2021-08-24T11:35:40","guid":{"rendered":"http:\/\/skyline-gs.com\/?post_type=product&#038;p=29917"},"modified":"2026-03-27T02:22:57","modified_gmt":"2026-03-27T00:22:57","slug":"cairo-and-alexandria-2-days-sharm","status":"publish","type":"product","link":"https:\/\/skyline-gs.com\/it\/product\/cairo-and-alexandria-2-days-sharm\/","title":{"rendered":"Il Cairo e Alessandria 2 giorni"},"content":{"rendered":"<p>Il tour di 2 giorni del Cairo e di Alessandria \u00e8 un'occasione unica per scoprire il cuore orientale dell'Egitto e per lasciare impressioni indimenticabili. Questo tour combina la visita alle due capitali dell'Egitto: il Cairo di oggi e Alessandria d'Egitto di migliaia di anni fa. Entrambe le citt\u00e0 possedevano manufatti inclusi nell'elenco delle 7 meraviglie del mondo.<\/p>\n<p><strong>Giorno 1<\/strong><\/p>\n<p>Il trasferimento vi prelever\u00e0 dal vostro hotel intorno all'1:00 e proseguir\u00e0 da Sharm al Cairo; viaggerete su un comodo autobus con aria condizionata, toilette e sedili confortevoli, con una scorta, una guardia di sicurezza (rappresentante della polizia turistica) che viaggia con voi. Il viaggio dura circa 5-6 ore.<\/p>\n<p>Una guida di lingua russa vi incontrer\u00e0 al Cairo e il vostro tour inizier\u00e0 con una visita al Museo Nazionale dell'Antico Egitto, custode senza rivali della pi\u00f9 grande collezione archeologica del mondo. Il museo possiede circa 160.000 reperti, tra cui il contenuto della tomba di Tutankhamon e le mummie. Crociera sul Nilo - 40 minuti, per rilassarsi e scattare fantastiche foto, lontano dal trambusto della citt\u00e0, sulla barca a vela Feluke sul Nilo (facoltativa, a pagamento 10$). Pranzo in posizione panoramica in un ristorante sulle rive del Nilo (buffet). Successivamente vedrete la principale attrazione del Cairo, il complesso delle piramidi di Giza e la Sfinge. Si tratta dell'unica esistente delle sette meraviglie del mondo antico: la Piramide di Khufu, la Piramide di Khafra e la Piramide di Menkaure. La Grande Sfinge - situata a est della Piramide di Chefren, \u00e8 rivolta verso il Nilo e il Sole nascente. Check-in in hotel.<\/p>\n<p><strong>Giorno 2<\/strong><\/p>\n<p>Partenza dall'hotel del Cairo, dopo la prima colazione alle 7.00. Proseguite per Alessandria d'Egitto per circa 2 ore (200 km). Vedrete le attrazioni di questa bellissima citt\u00e0, che ha unito culture di epoche diverse. La Biblioteca Reale di Alessandria o Antica Biblioteca di Alessandria (panoramica), era una delle pi\u00f9 grandi e importanti biblioteche del mondo antico. Era dedicata alle Muse, le nove dee delle arti. Patriarcato copto - Il luogo dove \u00e8 sepolto il grande apostolo Marco. Moschea Morsi Abu el Abbas. Cittadella di Kait Bai (panoramica). Si ritiene che la fortezza sia sorta sul sito di una delle sette meraviglie del mondo antico, il Faro di Alessandria, e che i resti del faro siano stati utilizzati per la costruzione. Pranzo in un ristorante di pesce sul Mar Mediterraneo. Rientro a Sharm e gi\u00e0 verso le 23:00 sarete in hotel.<\/p>\n<p><strong>Incluso:<\/strong><\/p>\n<ul>\n<li>Trasferimenti da e per l'hotel<\/li>\n<li>Escursione in un comodo autobus con aria condizionata<\/li>\n<li>Guida di lingua russa<\/li>\n<li>Pernottamento in hotel<\/li>\n<li>Pranzo - colazione - pranzo<\/li>\n<li>Biglietti d'ingresso<\/li>\n<\/ul>\n<p><strong>Non incluso:<\/strong><\/p>\n<ul>\n<li>\n<div>Bevande durante il pranzo<\/div>\n<\/li>\n<li>Una passeggiata sul Nilo - 10$<\/li>\n<\/ul>\n<p><strong>Portatelo con voi:<\/strong><\/p>\n<ul>\n<li>Un passaporto con visto egiziano!<\/li>\n<li>Cestino per il pranzo (al momento del check-out notturno \u00e8 necessario ordinare la colazione alla reception dell'hotel, che \u00e8 gratuita).<\/li>\n<li>Acqua<\/li>\n<li>Occhiali da sole.<\/li>\n<li>Copricapo.<\/li>\n<li>Vestitevi in stagione e in estate con una giacca o un maglione, l'autobus \u00e8 climatizzato!<\/li>\n<li>Scarpe comode.<\/li>\n<li>Denaro: per souvenir, bevande e spese personali.<\/li>\n<\/ul>\n<p><strong>Attenzione!<\/strong><\/p>\n<ul>\n<li>\u0414\u043b\u044f \u043f\u043e\u0435\u0437\u0434\u043a\u0438 \u0432 \u041a\u0430\u0438\u0440 \u0432 \u043f\u0430\u0441\u043f\u043e\u0440\u0442\u0435 \u0434\u043e\u043b\u0436\u043d\u0430 \u0431\u044b\u0442\u044c \u0432\u0438\u0437\u0430-\u043c\u0430\u0440\u043a\u0430 \u0441\u0442\u043e\u0438\u043c\u043e\u0441\u0442\u044c\u044e 30$, \u043a\u043e\u0442\u043e\u0440\u0430\u044f \u043e\u0444\u043e\u0440\u043c\u043b\u044f\u0435\u0442\u0441\u044f \u043f\u043e \u043f\u0440\u0438\u043b\u0451\u0442\u0443 \u0432 \u0430\u044d\u0440\u043e\u043f\u043e\u0440\u0442\u0443. \u0415\u0441\u043b\u0438 \u043f\u043e \u043a\u0430\u043a\u0438\u043c-\u0442\u043e \u043f\u0440\u0438\u0447\u0438\u043d\u0430\u043c \u0432\u0438\u0437\u0430 \u043d\u0435 \u0431\u044b\u043b\u0430 \u043f\u0440\u0438\u043e\u0431\u0440\u0435\u0442\u0435\u043d\u0430, \u043d\u0435 \u043f\u0435\u0440\u0435\u0436\u0438\u0432\u0430\u0439\u0442\u0435 \u2014 \u043c\u044b \u0432\u0441\u0451 \u043e\u0440\u0433\u0430\u043d\u0438\u0437\u0443\u0435\u043c. \u0412 \u0434\u0435\u043d\u044c \u044d\u043a\u0441\u043a\u0443\u0440\u0441\u0438\u0438 \u043a \u0432\u0430\u0448\u0435\u043c\u0443 \u043e\u0442\u0435\u043b\u044e \u043f\u0440\u0438\u0435\u0434\u0435\u0442 \u0434\u043e\u043f\u043e\u043b\u043d\u0438\u0442\u0435\u043b\u044c\u043d\u044b\u0439 \u0442\u0440\u0430\u043d\u0441\u0444\u0435\u0440, \u043a\u043e\u0442\u043e\u0440\u044b\u0439 \u0430\u043a\u043a\u0443\u0440\u0430\u0442\u043d\u043e \u0437\u0430\u0431\u0435\u0440\u0451\u0442 \u043f\u0430\u0441\u043f\u043e\u0440\u0442\u0430 \u0434\u043b\u044f \u043e\u0444\u043e\u0440\u043c\u043b\u0435\u043d\u0438\u044f \u0432\u0438\u0437\u044b. \u0423\u0436\u0435 \u0432\u043e \u0432\u0440\u0435\u043c\u044f \u044d\u043a\u0441\u043a\u0443\u0440\u0441\u0438\u0438 \u043f\u0430\u0441\u043f\u043e\u0440\u0442\u0430 \u0431\u0443\u0434\u0443\u0442 \u0432\u043e\u0437\u0432\u0440\u0430\u0449\u0435\u043d\u044b \u0442\u0443\u0440\u0438\u0441\u0442\u0430\u043c. \u0412\u0441\u0451 \u043f\u0440\u043e\u0445\u043e\u0434\u0438\u0442 \u043e\u0444\u0438\u0446\u0438\u0430\u043b\u044c\u043d\u043e, \u0431\u0435\u0437\u043e\u043f\u0430\u0441\u043d\u043e \u0438 \u0431\u0435\u0437 \u043b\u0438\u0448\u043d\u0438\u0445 \u0445\u043b\u043e\u043f\u043e\u0442 \u0434\u043b\u044f \u0432\u0430\u0441. \u0421\u0442\u043e\u0438\u043c\u043e\u0441\u0442\u044c \u0443\u0441\u043b\u0443\u0433\u0438 \u2014 37$ (\u0432\u0438\u0437\u0430 \u2014 30$, \u0434\u043e\u043f\u043e\u043b\u043d\u0438\u0442\u0435\u043b\u044c\u043d\u044b\u0439 \u0442\u0440\u0430\u043d\u0441\u0444\u0435\u0440 \u2014 7$ \u0441 \u0447\u0435\u043b\u043e\u0432\u0435\u043a\u0430).<\/li>\n<\/ul>","protected":false},"excerpt":{"rendered":"<p><strong>Durata:<\/strong> 2 giorni<\/p>\n<p><strong>Giorni di Svolgimento:<\/strong> Mercoled\u00ec, sabato<\/p>","protected":false},"featured_media":29932,"template":"","meta":{"_kad_post_transparent":"default","_kad_post_title":"","_kad_post_layout":"default","_kad_post_sidebar_id":"","_kad_post_content_style":"default","_kad_post_vertical_padding":"default","_kad_post_feature":"","_kad_post_feature_position":"","_kad_post_header":false,"_kad_post_footer":false,"_kad_post_classname":"","_glsr_average":0,"_glsr_ranking":0,"_glsr_reviews":0},"product_brand":[],"product_cat":[435],"product_tag":[],"class_list":{"0":"post-29917","1":"product","2":"type-product","3":"status-publish","4":"has-post-thumbnail","6":"product_cat-sharm-el-sheikh","7":"tm-has-options","9":"first","10":"instock","11":"sold-individually","12":"taxable","13":"shipping-taxable","14":"purchasable","15":"product-type-simple","16":"entry","17":"content-bg","18":"loop-entry"},"yoast_head":"<!-- This site is optimized with the Yoast SEO plugin v27.4 - https:\/\/yoast.com\/product\/yoast-seo-wordpress\/ -->\n<title>\u041a\u0430\u0438\u0440 \u0438 \u0410\u043b\u0435\u043a\u0441\u0430\u043d\u0434\u0440\u0438\u044f 2 \u0434\u043d\u044f &#8226; \u042d\u043a\u0441\u043a\u0443\u0440\u0441\u0438\u0438 Skyline<\/title>\n<meta name=\"robots\" content=\"index, follow, max-snippet:-1, max-image-preview:large, max-video-preview:-1\" \/>\n<link rel=\"canonical\" href=\"https:\/\/skyline-gs.com\/it\/prodotto\/cairo-and-alexandria-2-days-sharm\/\" \/>\n<meta property=\"og:locale\" content=\"it_IT\" \/>\n<meta property=\"og:type\" content=\"article\" \/>\n<meta property=\"og:title\" content=\"\u041a\u0430\u0438\u0440 \u0438 \u0410\u043b\u0435\u043a\u0441\u0430\u043d\u0434\u0440\u0438\u044f 2 \u0434\u043d\u044f &#8226; \u042d\u043a\u0441\u043a\u0443\u0440\u0441\u0438\u0438 Skyline\" \/>\n<meta property=\"og:description\" content=\"\u0414\u043b\u0438\u0442\u0435\u043b\u044c\u043d\u043e\u0441\u0442\u044c: 2 \u0434\u043d\u044f  \u0414\u043d\u0438 \u043f\u0440\u043e\u0432\u0435\u0434\u0435\u043d\u0438\u044f: \u0421\u0440\u0435\u0434\u0430, \u0421\u0443\u0431\u0431\u043e\u0442\u0430\" \/>\n<meta property=\"og:url\" content=\"https:\/\/skyline-gs.com\/it\/prodotto\/cairo-and-alexandria-2-days-sharm\/\" \/>\n<meta property=\"og:site_name\" content=\"\u042d\u043a\u0441\u043a\u0443\u0440\u0441\u0438\u0438 Skyline\" \/>\n<meta property=\"article:modified_time\" content=\"2026-03-27T00:22:57+00:00\" \/>\n<meta property=\"og:image\" content=\"https:\/\/skyline-gs.com\/wp-content\/uploads\/2021\/08\/Foto-na-sajt.png\" \/>\n\t<meta property=\"og:image:width\" content=\"669\" \/>\n\t<meta property=\"og:image:height\" content=\"446\" \/>\n\t<meta property=\"og:image:type\" content=\"image\/png\" \/>\n<meta name=\"twitter:card\" content=\"summary_large_image\" \/>\n<meta name=\"twitter:label1\" content=\"Tempo di lettura stimato\" \/>\n\t<meta name=\"twitter:data1\" content=\"3 minuti\" \/>\n<script type=\"application\/ld+json\" class=\"yoast-schema-graph\">{\"@context\":\"https:\\\/\\\/schema.org\",\"@graph\":[{\"@type\":\"WebPage\",\"@id\":\"https:\\\/\\\/skyline-gs.com\\\/product\\\/cairo-and-alexandria-2-days-sharm\\\/\",\"url\":\"https:\\\/\\\/skyline-gs.com\\\/product\\\/cairo-and-alexandria-2-days-sharm\\\/\",\"name\":\"\u041a\u0430\u0438\u0440 \u0438 \u0410\u043b\u0435\u043a\u0441\u0430\u043d\u0434\u0440\u0438\u044f 2 \u0434\u043d\u044f &#8226; \u042d\u043a\u0441\u043a\u0443\u0440\u0441\u0438\u0438 Skyline\",\"isPartOf\":{\"@id\":\"https:\\\/\\\/skyline-gs.com\\\/it\\\/#website\"},\"primaryImageOfPage\":{\"@id\":\"https:\\\/\\\/skyline-gs.com\\\/product\\\/cairo-and-alexandria-2-days-sharm\\\/#primaryimage\"},\"image\":{\"@id\":\"https:\\\/\\\/skyline-gs.com\\\/product\\\/cairo-and-alexandria-2-days-sharm\\\/#primaryimage\"},\"thumbnailUrl\":\"https:\\\/\\\/skyline-gs.com\\\/wp-content\\\/uploads\\\/2021\\\/08\\\/Foto-na-sajt.png\",\"datePublished\":\"2021-08-24T11:35:40+00:00\",\"dateModified\":\"2026-03-27T00:22:57+00:00\",\"breadcrumb\":{\"@id\":\"https:\\\/\\\/skyline-gs.com\\\/product\\\/cairo-and-alexandria-2-days-sharm\\\/#breadcrumb\"},\"inLanguage\":\"it-IT\",\"potentialAction\":[{\"@type\":\"ReadAction\",\"target\":[\"https:\\\/\\\/skyline-gs.com\\\/product\\\/cairo-and-alexandria-2-days-sharm\\\/\"]}]},{\"@type\":\"ImageObject\",\"inLanguage\":\"it-IT\",\"@id\":\"https:\\\/\\\/skyline-gs.com\\\/product\\\/cairo-and-alexandria-2-days-sharm\\\/#primaryimage\",\"url\":\"https:\\\/\\\/skyline-gs.com\\\/wp-content\\\/uploads\\\/2021\\\/08\\\/Foto-na-sajt.png\",\"contentUrl\":\"https:\\\/\\\/skyline-gs.com\\\/wp-content\\\/uploads\\\/2021\\\/08\\\/Foto-na-sajt.png\",\"width\":669,\"height\":446},{\"@type\":\"BreadcrumbList\",\"@id\":\"https:\\\/\\\/skyline-gs.com\\\/product\\\/cairo-and-alexandria-2-days-sharm\\\/#breadcrumb\",\"itemListElement\":[{\"@type\":\"ListItem\",\"position\":1,\"name\":\"\u0413\u043b\u0430\u0432\u043d\u0430\u044f \u0441\u0442\u0440\u0430\u043d\u0438\u0446\u0430\",\"item\":\"https:\\\/\\\/skyline-gs.com\\\/hu\\\/\"},{\"@type\":\"ListItem\",\"position\":2,\"name\":\"\u041c\u0430\u0433\u0430\u0437\u0438\u043d\",\"item\":\"https:\\\/\\\/skyline-gs.com\\\/cs\\\/shop\\\/\"},{\"@type\":\"ListItem\",\"position\":3,\"name\":\"\u041a\u0430\u0438\u0440 \u0438 \u0410\u043b\u0435\u043a\u0441\u0430\u043d\u0434\u0440\u0438\u044f 2 \u0434\u043d\u044f\"}]},{\"@type\":\"WebSite\",\"@id\":\"https:\\\/\\\/skyline-gs.com\\\/it\\\/#website\",\"url\":\"https:\\\/\\\/skyline-gs.com\\\/it\\\/\",\"name\":\"\u042d\u043a\u0441\u043a\u0443\u0440\u0441\u0438\u0438 Skyline\",\"description\":\"\u042d\u043a\u0441\u043a\u043b\u044e\u0437\u0438\u0432\u043d\u044b\u0435 \u044d\u043a\u0441\u043a\u0443\u0440\u0441\u0438\u0438 \u043d\u0430 \u043b\u0443\u0447\u0448\u0438\u0445 \u043a\u0443\u0440\u043e\u0440\u0442\u0430\u0445 \u043c\u0438\u0440\u0430\",\"publisher\":{\"@id\":\"https:\\\/\\\/skyline-gs.com\\\/it\\\/#organization\"},\"alternateName\":\"Skyline\",\"potentialAction\":[{\"@type\":\"SearchAction\",\"target\":{\"@type\":\"EntryPoint\",\"urlTemplate\":\"https:\\\/\\\/skyline-gs.com\\\/it\\\/?s={search_term_string}\"},\"query-input\":{\"@type\":\"PropertyValueSpecification\",\"valueRequired\":true,\"valueName\":\"search_term_string\"}}],\"inLanguage\":\"it-IT\"},{\"@type\":\"Organization\",\"@id\":\"https:\\\/\\\/skyline-gs.com\\\/it\\\/#organization\",\"name\":\"\u042d\u043a\u0441\u043a\u0443\u0440\u0441\u0438\u0438 Skyline\",\"alternateName\":\"\u042d\u043a\u0441\u043a\u0443\u0440\u0441\u0438\u0438 Skyline\",\"url\":\"https:\\\/\\\/skyline-gs.com\\\/it\\\/\",\"logo\":{\"@type\":\"ImageObject\",\"inLanguage\":\"it-IT\",\"@id\":\"https:\\\/\\\/skyline-gs.com\\\/it\\\/#\\\/schema\\\/logo\\\/image\\\/\",\"url\":\"https:\\\/\\\/skyline-gs.com\\\/wp-content\\\/uploads\\\/2020\\\/12\\\/cropped-logo-2.png\",\"contentUrl\":\"https:\\\/\\\/skyline-gs.com\\\/wp-content\\\/uploads\\\/2020\\\/12\\\/cropped-logo-2.png\",\"width\":512,\"height\":512,\"caption\":\"\u042d\u043a\u0441\u043a\u0443\u0440\u0441\u0438\u0438 Skyline\"},\"image\":{\"@id\":\"https:\\\/\\\/skyline-gs.com\\\/it\\\/#\\\/schema\\\/logo\\\/image\\\/\"},\"sameAs\":[\"https:\\\/\\\/www.instagram.com\\\/skylineglobalservice\\\/\"]}]}<\/script>\n<!-- \/ Yoast SEO plugin. -->","yoast_head_json":{"title":"Il Cairo e Alessandria 2 giorni - Escursioni Skyline","robots":{"index":"index","follow":"follow","max-snippet":"max-snippet:-1","max-image-preview":"max-image-preview:large","max-video-preview":"max-video-preview:-1"},"canonical":"https:\/\/skyline-gs.com\/it\/prodotto\/cairo-and-alexandria-2-days-sharm\/","og_locale":"it_IT","og_type":"article","og_title":"\u041a\u0430\u0438\u0440 \u0438 \u0410\u043b\u0435\u043a\u0441\u0430\u043d\u0434\u0440\u0438\u044f 2 \u0434\u043d\u044f &#8226; \u042d\u043a\u0441\u043a\u0443\u0440\u0441\u0438\u0438 Skyline","og_description":"\u0414\u043b\u0438\u0442\u0435\u043b\u044c\u043d\u043e\u0441\u0442\u044c: 2 \u0434\u043d\u044f  \u0414\u043d\u0438 \u043f\u0440\u043e\u0432\u0435\u0434\u0435\u043d\u0438\u044f: \u0421\u0440\u0435\u0434\u0430, \u0421\u0443\u0431\u0431\u043e\u0442\u0430","og_url":"https:\/\/skyline-gs.com\/it\/prodotto\/cairo-and-alexandria-2-days-sharm\/","og_site_name":"\u042d\u043a\u0441\u043a\u0443\u0440\u0441\u0438\u0438 Skyline","article_modified_time":"2026-03-27T00:22:57+00:00","og_image":[{"width":669,"height":446,"url":"https:\/\/skyline-gs.com\/wp-content\/uploads\/2021\/08\/Foto-na-sajt.png","type":"image\/png"}],"twitter_card":"summary_large_image","twitter_misc":{"Tempo di lettura stimato":"3 minuti"},"schema":{"@context":"https:\/\/schema.org","@graph":[{"@type":"WebPage","@id":"https:\/\/skyline-gs.com\/product\/cairo-and-alexandria-2-days-sharm\/","url":"https:\/\/skyline-gs.com\/product\/cairo-and-alexandria-2-days-sharm\/","name":"Il Cairo e Alessandria 2 giorni - Escursioni Skyline","isPartOf":{"@id":"https:\/\/skyline-gs.com\/it\/#website"},"primaryImageOfPage":{"@id":"https:\/\/skyline-gs.com\/product\/cairo-and-alexandria-2-days-sharm\/#primaryimage"},"image":{"@id":"https:\/\/skyline-gs.com\/product\/cairo-and-alexandria-2-days-sharm\/#primaryimage"},"thumbnailUrl":"https:\/\/skyline-gs.com\/wp-content\/uploads\/2021\/08\/Foto-na-sajt.png","datePublished":"2021-08-24T11:35:40+00:00","dateModified":"2026-03-27T00:22:57+00:00","breadcrumb":{"@id":"https:\/\/skyline-gs.com\/product\/cairo-and-alexandria-2-days-sharm\/#breadcrumb"},"inLanguage":"it-IT","potentialAction":[{"@type":"ReadAction","target":["https:\/\/skyline-gs.com\/product\/cairo-and-alexandria-2-days-sharm\/"]}]},{"@type":"ImageObject","inLanguage":"it-IT","@id":"https:\/\/skyline-gs.com\/product\/cairo-and-alexandria-2-days-sharm\/#primaryimage","url":"https:\/\/skyline-gs.com\/wp-content\/uploads\/2021\/08\/Foto-na-sajt.png","contentUrl":"https:\/\/skyline-gs.com\/wp-content\/uploads\/2021\/08\/Foto-na-sajt.png","width":669,"height":446},{"@type":"BreadcrumbList","@id":"https:\/\/skyline-gs.com\/product\/cairo-and-alexandria-2-days-sharm\/#breadcrumb","itemListElement":[{"@type":"ListItem","position":1,"name":"\u0413\u043b\u0430\u0432\u043d\u0430\u044f \u0441\u0442\u0440\u0430\u043d\u0438\u0446\u0430","item":"https:\/\/skyline-gs.com\/hu\/"},{"@type":"ListItem","position":2,"name":"\u041c\u0430\u0433\u0430\u0437\u0438\u043d","item":"https:\/\/skyline-gs.com\/cs\/shop\/"},{"@type":"ListItem","position":3,"name":"\u041a\u0430\u0438\u0440 \u0438 \u0410\u043b\u0435\u043a\u0441\u0430\u043d\u0434\u0440\u0438\u044f 2 \u0434\u043d\u044f"}]},{"@type":"WebSite","@id":"https:\/\/skyline-gs.com\/it\/#website","url":"https:\/\/skyline-gs.com\/it\/","name":"Escursioni Skyline","description":"Escursioni esclusive nei migliori resort del mondo","publisher":{"@id":"https:\/\/skyline-gs.com\/it\/#organization"},"alternateName":"Skyline","potentialAction":[{"@type":"SearchAction","target":{"@type":"EntryPoint","urlTemplate":"https:\/\/skyline-gs.com\/it\/?s={search_term_string}"},"query-input":{"@type":"PropertyValueSpecification","valueRequired":true,"valueName":"search_term_string"}}],"inLanguage":"it-IT"},{"@type":"Organization","@id":"https:\/\/skyline-gs.com\/it\/#organization","name":"Escursioni Skyline","alternateName":"\u042d\u043a\u0441\u043a\u0443\u0440\u0441\u0438\u0438 Skyline","url":"https:\/\/skyline-gs.com\/it\/","logo":{"@type":"ImageObject","inLanguage":"it-IT","@id":"https:\/\/skyline-gs.com\/it\/#\/schema\/logo\/image\/","url":"https:\/\/skyline-gs.com\/wp-content\/uploads\/2020\/12\/cropped-logo-2.png","contentUrl":"https:\/\/skyline-gs.com\/wp-content\/uploads\/2020\/12\/cropped-logo-2.png","width":512,"height":512,"caption":"\u042d\u043a\u0441\u043a\u0443\u0440\u0441\u0438\u0438 Skyline"},"image":{"@id":"https:\/\/skyline-gs.com\/it\/#\/schema\/logo\/image\/"},"sameAs":["https:\/\/www.instagram.com\/skylineglobalservice\/"]}]}},"_links":{"self":[{"href":"https:\/\/skyline-gs.com\/it\/wp-json\/wp\/v2\/product\/29917","targetHints":{"allow":["GET"]}}],"collection":[{"href":"https:\/\/skyline-gs.com\/it\/wp-json\/wp\/v2\/product"}],"about":[{"href":"https:\/\/skyline-gs.com\/it\/wp-json\/wp\/v2\/types\/product"}],"version-history":[{"count":0,"href":"https:\/\/skyline-gs.com\/it\/wp-json\/wp\/v2\/product\/29917\/revisions"}],"wp:featuredmedia":[{"embeddable":true,"href":"https:\/\/skyline-gs.com\/it\/wp-json\/wp\/v2\/media\/29932"}],"wp:attachment":[{"href":"https:\/\/skyline-gs.com\/it\/wp-json\/wp\/v2\/media?parent=29917"}],"wp:term":[{"taxonomy":"product_brand","embeddable":true,"href":"https:\/\/skyline-gs.com\/it\/wp-json\/wp\/v2\/product_brand?post=29917"},{"taxonomy":"product_cat","embeddable":true,"href":"https:\/\/skyline-gs.com\/it\/wp-json\/wp\/v2\/product_cat?post=29917"},{"taxonomy":"product_tag","embeddable":true,"href":"https:\/\/skyline-gs.com\/it\/wp-json\/wp\/v2\/product_tag?post=29917"}],"curies":[{"name":"wp","href":"https:\/\/api.w.org\/{rel}","templated":true}]}}