{"id":29020,"date":"2021-07-28T15:12:30","date_gmt":"2021-07-28T13:12:30","guid":{"rendered":"http:\/\/skyline-gs.com\/?post_type=product&#038;p=29020"},"modified":"2023-10-04T18:09:35","modified_gmt":"2023-10-04T16:09:35","slug":"mongolia-gobi-desert-lost-monasteries-yurts-and-shamans-12-days","status":"publish","type":"product","link":"https:\/\/skyline-gs.com\/it\/product\/mongolia-gobi-desert-lost-monasteries-yurts-and-shamans-12-days\/","title":{"rendered":"Mongolia. Deserto del Gobi, monasteri perduti, yurte e sciamani - 12 giorni"},"content":{"rendered":"<p><strong>Giorno 1-2. Capitale Ulaanbaatar. Museo nazionale di storia. Monastero di Gandan. Palazzo d'Inverno. Spettacolo di musica e danza.<\/strong><\/p>\n<p>Volo per la capitale Ulaanbaatar, dove inizieremo il nostro tour d'autore in Mongolia. Ci sistemiamo in un hotel del centro. Il mattino seguente facciamo una passeggiata nella piazza principale e ci dirigiamo verso il Museo Nazionale di Storia. Qui scopriremo le cose pi\u00f9 importanti del Paese: dalle antiche popolazioni che hanno lasciato pitture rupestri uniche pi\u00f9 di 20 mila anni fa, all'impero di Gengis Khan e alla conquista del Paese da parte della Cina e poi dell'Unione Sovietica.<\/p>\n<p>Passiamo dalla teoria alla pratica e andiamo a vedere il monastero di Gandan. In epoca sovietica era l'unico monastero aperto del Paese. Qui sembra di essere in Tibet: la stessa architettura, i colori vivaci e i monaci con le vesti marroni. S\u00ec, la maggioranza dei mongoli pratica il buddismo tibetano. I pellegrini provenienti da tutta la Mongolia affollano la sala principale del monastero, dove si trova una statua del bodhisattva Avalokiteshvara alta 26 metri.<\/p>\n<p>Ci rechiamo al Palazzo d'Inverno del leader spirituale del Paese, Bogdo-gegen, e poi visitiamo un luogo sacro per le offerte sciamaniche. L'antico sciamanesimo \u00e8 vivo e vegeto in Mongolia! Saliremo anche sul tetto di un grattacielo per vedere la citt\u00e0 dall'alto e la sera assisteremo a un concerto di musica e danza tradizionale mongola. Se non avete mai sentito il canto della gola prima d'ora, vi aspetta un'esperienza davvero speciale!<\/p>\n<p><strong>Terzo giorno. \"Lo stupa bianco. Tsagan survaga. Prima notte in una yurta. Branchi di cavalli selvaggi e cammelli.<\/strong><\/p>\n<p>Al mattino si parte in jeep verso il deserto del Gobi. Inizia l'avventura! Durante la giornata percorreremo circa 200 chilometri, che richiederanno circa 5-6 ore. Gi\u00e0 dai primi chilometri appare chiaro che in questo Paese non ci sono strade, ma solo indicazioni. Ma che panorami ci sono! Vedremo la steppa sconfinata, che occupa la maggior parte del territorio del Paese e dune di sabbia, cammelli selvatici e, naturalmente, cavalli, senza i quali \u00e8 semplicemente impossibile immaginare la Mongolia e i mongoli.<\/p>\n<p>Ci fermiamo in una piccola citt\u00e0 e andiamo a vedere uno dei luoghi pi\u00f9 belli del Paese: il monte Tsagan Survaga. Il nome significa \"Stupa bianco\" in mongolo. In effetti, questa incredibile roccia assomiglia a un tempio buddista. Saliamo a un'altezza di oltre 50 metri e si apre una vista mozzafiato di colline multicolori. I venti hanno creato questa bellezza per milioni di anni! .....<\/p>\n<p>Questa sera trascorreremo la prima notte in un'autentica yurta mongola presso una famiglia locale. Ci immergeremo completamente nella vita nomade, con una cena tradizionale e il t\u00e8 mongolo. Si tratta di una bevanda a base di acqua, latte, foglie di t\u00e8 verde e sale. Chi lo desidera pu\u00f2 anche provare la vodka mongola al latte archi.<\/p>\n<p><strong>Giorno 4. Gola di Yolin-Am. Monastero sulla montagna. Collezione di uova e ossa di dinosauro.<\/strong><\/p>\n<p>Al mattino si parte per la gola ghiacciata di Yolin-Am (circa 4-5 ore di viaggio). Questa gola si trova inaspettatamente nel bel mezzo del deserto. I pendii delle montagne creano un'ombra tale che i blocchi di neve e ghiaccio sono spessi diversi metri e si sciolgono solo a settembre, quando arriva l'inverno successivo. La gente del posto dice che un tempo in questi luoghi si vedevano spesso i leopardi delle nevi. Questo animale \u00e8 ora una specie in via di estinzione, ma siamo sicuri di vedere altri animali selvatici e uccelli qui.<\/p>\n<p>Risaliamo il pendio per entrare in uno dei monasteri pi\u00f9 antichi del Paese. Oggi ospita alcune decine di monaci. Assistiamo alle cerimonie buddiste, godiamo della vista sulle foreste della valle sottostante e assaggiamo l'acqua della sorgente locale, ritenuta curativa. Ci dirigiamo al museo locale per vedere una collezione di uova e ossa di dinosauro, oltre a uccelli impagliati e un leopardo delle nevi.<\/p>\n<p><strong>5\u00b0 giorno. Dune di sabbia di Khongor Els. Cimitero dei dinosauri.<\/strong><\/p>\n<p>Continuiamo il nostro tour di gruppo in Mongolia e al mattino partiamo per le dune di sabbia di Khongor Els. Lungo il tragitto visitiamo un tratto noto come uno dei cimiteri dei dinosauri. All'inizio del XX secolo una spedizione americana trov\u00f2 qui i primi scheletri di dinosauri mongoli. Questo \u00e8 l'unico luogo in cui si possono trovare uova di tartarughe, coccodrilli e dinosauri del Mesozoico.<\/p>\n<p>Raggiungiamo le dune. Abbiamo raggiunto il punto pi\u00f9 meridionale del deserto del Gobi, dove non c'\u00e8 vegetazione. Ovunque si guardi c'\u00e8 solo sabbia infinita intorno a noi, e il vento soffia piccoli granelli di sabbia dorata, cambiando continuamente i disegni sulle dune. Queste montagne di sabbia sono alte fino a 300 metri! Sembra di essere in Egitto.....<\/p>\n<p><strong>Giorno 6-7. Monastero di Ongiin-Hiid. Insediamento di Khuzhirt.<\/strong><\/p>\n<p>Al mattino partiamo in direzione del monastero di Ongiin Khiid (circa 5 ore di strada), dove continueremo il nostro tour di gruppo in Mongolia. Attraverseremo le zone pi\u00f9 remote del deserto del Gobi, imbattendoci improvvisamente in piccoli monasteri buddisti lungo la strada. Ongiin Khiid si trova sulla riva di un fiume. Quando il monastero fu completato nel 1810, era composto da 28 templi e ospitava pi\u00f9 di mille monaci. Qui, ad esempio, studi\u00f2 il famoso poeta mongolo Ravja e poi trascorse il suo periodo di reclusione. Ma tutto fin\u00ec nel 1937, quando l'ultimo abate del monastero fu arrestato, i monaci furono uccisi e gli edifici distrutti. Ora solo un tempio del monastero \u00e8 stato restaurato, e ci sono rovine tutto intorno....<\/p>\n<p>Trascorreremo la notte nel monastero e al mattino partiremo per il villaggio di Huzhirt (circa 4-6 ore di cammino). Durante il tragitto ammireremo le valli fluviali e le sorgenti minerali. Nel villaggio pernotteremo presso gli alloggi della popolazione locale.<\/p>\n<p><strong>8\u00b0 giorno. Passeggiata a cavallo. Cascata di Tsutgalan.<\/strong><\/p>\n<p>\u00c8 difficile immaginare di viaggiare in Mongolia senza una passeggiata a cavallo! Al mattino partiamo a cavallo verso la cascata Tsutgalan (circa 3 ore). Percorriamo la strada rocciosa lungo il letto del fiume Orkhon, osservando massi di diverse forme e dimensioni. Migliaia di anni fa i vulcani eruttavano in questi luoghi e la lava incandescente ricopriva la valle del fiume di massi per oltre 100 chilometri.<\/p>\n<p>Dopo alcune migliaia di anni, nella valle si \u00e8 verificato un terremoto che ha formato un dirupo e ora l'acqua cade da un'altezza di 25 metri in un potente torrente, formando una cascata. La gente del posto chiama questa cascata rossa per il colore giallo-marrone dell'acqua. Un posto bellissimo! Ci riposiamo sulla riva del fiume sotto piccoli alberi, ascoltiamo il suono dell'acqua e poi torniamo al villaggio.<\/p>\n<p><strong>Giorno 9-10. Karakorum - la capitale dell'impero mongolo. Monastero di Erdeni Dzu.<\/strong><\/p>\n<p>Si parte per Karakorum (circa 3 ore di strada). Questa citt\u00e0 fu fondata da Gengis Khan nel XIII secolo. Da qui i mongoli governavano il loro grande impero, che si estendeva dall'attuale Corea alla Polonia, dalla Turchia all'India settentrionale e alla Cina meridionale. Il successore del grande khan, Ugedei, favor\u00ec l'idea di una capitale fissa e costru\u00ec il suo palazzo a Karakorum. Non molto di quell'epoca \u00e8 sopravvissuto in citt\u00e0, i reperti degli archeologi sono esposti nel Museo all'aperto, che visiteremo sicuramente.<\/p>\n<p>Ma la cosa pi\u00f9 interessante del Karakorum \u00e8 il monastero di Erdeni Dzu. Il sovrano del Paese ne ordin\u00f2 la costruzione nel 1585, dopo aver incontrato il terzo Dalai Lama Sonam Gyatso e aver proclamato il buddismo tibetano religione di Stato della Mongolia. Il monastero fu costruito sul modello dei templi tibetani, e si dice che nel XVIII secolo qui vivessero pi\u00f9 di 10 mila monaci. \u00c8 interessante notare che a quel tempo in Mongolia un uomo su tre era un monaco buddista! Il luogo centrale \u00e8 occupato da tre templi - i \"Tre Tesori\", che simboleggiano le tre fasi della vita del Buddha. All'interno della statua principale del Buddha si trova uno sharira, una parte delle reliquie di Shakyamuni Buddha portate dal Tibet.<\/p>\n<p>Il giorno successivo si torna a Ulaanbaatar (5-6 ore di viaggio). Il giorno successivo \u00e8 libero: si pu\u00f2 riposare, passeggiare per la citt\u00e0, acquistare souvenir.<\/p>\n<p><strong>11-12 giorni. Parco nazionale di Gorkhi-Terelj. Roccia di Melkhiy-Khal. Tempio buddista Aryaabal. Parco di sculture di dinosauri.<\/strong><\/p>\n<p>Al mattino si parte per il Parco nazionale di Gorkhi-Terelj (circa 2 ore di strada). Si ritiene che Gengis Khan sia nato in questi luoghi. Il parco \u00e8 famoso in tutto il mondo per le sue rocce dalle forme insolite, che ricordano diverse figure. Ad esempio, c'\u00e8 un dinosauro addormentato, un uomo con un libro e un'enorme tartaruga Melkhiy-hal - la roccia pi\u00f9 famosa del parco, che \u00e8 diventata il suo simbolo.<\/p>\n<p>Vedremo anche il lago glaciale Hagin-Khar, saliremo 108 gradini fino al tempio buddista di Aryaabal e attraverseremo un ponte di legno sul fiume Tuul. Cammineremo anche tra le sculture di dinosauri, create qui con l'aiuto di paleontologi.<\/p>\n<p>Il giorno dopo facciamo colazione in hotel, andiamo all'aeroporto e prendiamo il volo di ritorno. Il nostro tour d'autore in Mongolia \u00e8 giunto al termine. Grazie per aver viaggiato con noi!<\/p>\n<p><strong>Questo viaggio \u00e8 adatto a voi?<\/strong><\/p>\n<p>Il percorso \u00e8 di medio livello di sforzo fisico, adatto a persone in normale forma fisica. Si camminer\u00e0 molto. L'itinerario prevede viaggi in jeep della durata di 3-5-6 ore e una passeggiata a cavallo di circa 3 ore. A Ulaanbaatar soggiorneremo in un hotel 3*. Le altre notti saranno trascorse in condizioni molto semplici nelle yurte della popolazione locale e una notte in un monastero remoto. Nelle yurte e nei monasteri tutti i servizi (doccia e toilette) sono all'aperto.<\/p>\n<p><strong>Visti:<\/strong><\/p>\n<p>I partecipanti a questo viaggio non hanno bisogno di un visto per la Mongolia.<\/p>\n<p><strong>Incluso:<\/strong><\/p>\n<ul>\n<li>Tutti i movimenti lungo il percorso<\/li>\n<li>Sistemazione in hotel e yurte lungo il percorso<\/li>\n<li>Biglietti d'ingresso a tutti i palazzi, parchi e attrazioni dell'itinerario<\/li>\n<li>Due pasti al giorno per tutta la durata del viaggio<\/li>\n<li>Accompagnamento durante tutto il viaggio.<\/li>\n<\/ul>\n<p><strong>Non incluso:<\/strong><\/p>\n<ul>\n<li>Volo per Ulaanbaatar e ritorno a casa. (Vi aiuteremo a trovare i biglietti migliori).<\/li>\n<li>Assicurazione (obbligatoria)<\/li>\n<li>Pasti ($10-15 per persona al giorno).<\/li>\n<\/ul>\n<p><strong>Portatelo con voi:<\/strong><\/p>\n<ul>\n<li>Passaporto<\/li>\n<li>Copricapo<\/li>\n<li>Denaro per spese personali e souvenir<\/li>\n<li>Prodotti per la cura della persona<\/li>\n<li>Scarpe comode<\/li>\n<\/ul>","protected":false},"excerpt":{"rendered":"<p><strong>Durata:<\/strong> 12 giorni<\/p>\n<p><strong>Giorni di Svolgimento:<\/strong> 8.08.2021 &#8212; 19.08.2021<\/p>","protected":false},"featured_media":29046,"template":"","meta":{"_kad_post_transparent":"default","_kad_post_title":"","_kad_post_layout":"default","_kad_post_sidebar_id":"","_kad_post_content_style":"default","_kad_post_vertical_padding":"default","_kad_post_feature":"","_kad_post_feature_position":"","_kad_post_header":false,"_kad_post_footer":false,"_kad_post_classname":"","_glsr_average":0,"_glsr_ranking":0,"_glsr_reviews":0},"product_brand":[],"product_cat":[295],"product_tag":[],"class_list":{"0":"post-29020","1":"product","2":"type-product","3":"status-publish","4":"has-post-thumbnail","6":"product_cat-uncategorized","7":"tm-has-options","9":"first","10":"instock","11":"sold-individually","12":"taxable","13":"shipping-taxable","14":"purchasable","15":"product-type-simple","16":"entry","17":"content-bg","18":"loop-entry"},"yoast_head":"<!-- This site is optimized with the Yoast SEO plugin v27.3 - https:\/\/yoast.com\/product\/yoast-seo-wordpress\/ -->\n<title>\u041c\u043e\u043d\u0433\u043e\u043b\u0438\u044f. \u041f\u0443\u0441\u0442\u044b\u043d\u044f \u0413\u043e\u0431\u0438, \u0437\u0430\u0442\u0435\u0440\u044f\u043d\u043d\u044b\u0435 \u043c\u043e\u043d\u0430\u0441\u0442\u044b\u0440\u0438, \u044e\u0440\u0442\u044b \u0438 \u0448\u0430\u043c\u0430\u043d\u044b - 12 \u0434\u043d\u0435\u0439 &#8226; \u042d\u043a\u0441\u043a\u0443\u0440\u0441\u0438\u0438 Skyline<\/title>\n<meta name=\"robots\" content=\"index, follow, max-snippet:-1, max-image-preview:large, max-video-preview:-1\" \/>\n<link rel=\"canonical\" href=\"https:\/\/skyline-gs.com\/it\/prodotto\/mongolia-gobi-desert-lost-monasteries-yurts-and-shamans-12-days\/\" \/>\n<meta property=\"og:locale\" content=\"it_IT\" \/>\n<meta property=\"og:type\" content=\"article\" \/>\n<meta property=\"og:title\" content=\"\u041c\u043e\u043d\u0433\u043e\u043b\u0438\u044f. \u041f\u0443\u0441\u0442\u044b\u043d\u044f \u0413\u043e\u0431\u0438, \u0437\u0430\u0442\u0435\u0440\u044f\u043d\u043d\u044b\u0435 \u043c\u043e\u043d\u0430\u0441\u0442\u044b\u0440\u0438, \u044e\u0440\u0442\u044b \u0438 \u0448\u0430\u043c\u0430\u043d\u044b - 12 \u0434\u043d\u0435\u0439 &#8226; \u042d\u043a\u0441\u043a\u0443\u0440\u0441\u0438\u0438 Skyline\" \/>\n<meta property=\"og:description\" content=\"\u0414\u043b\u0438\u0442\u0435\u043b\u044c\u043d\u043e\u0441\u0442\u044c: 12 \u0434\u043d\u0435\u0439  \u0414\u043d\u0438 \u043f\u0440\u043e\u0432\u0435\u0434\u0435\u043d\u0438\u044f: 8.08.2021 - 19.08.2021\" \/>\n<meta property=\"og:url\" content=\"https:\/\/skyline-gs.com\/it\/prodotto\/mongolia-gobi-desert-lost-monasteries-yurts-and-shamans-12-days\/\" \/>\n<meta property=\"og:site_name\" content=\"\u042d\u043a\u0441\u043a\u0443\u0440\u0441\u0438\u0438 Skyline\" \/>\n<meta property=\"article:modified_time\" content=\"2023-10-04T16:09:35+00:00\" \/>\n<meta property=\"og:image\" content=\"https:\/\/skyline-gs.com\/wp-content\/uploads\/2021\/07\/d2.jpg\" \/>\n\t<meta property=\"og:image:width\" content=\"669\" \/>\n\t<meta property=\"og:image:height\" content=\"446\" \/>\n\t<meta property=\"og:image:type\" content=\"image\/jpeg\" \/>\n<meta name=\"twitter:card\" content=\"summary_large_image\" \/>\n<meta name=\"twitter:label1\" content=\"Tempo di lettura stimato\" \/>\n\t<meta name=\"twitter:data1\" content=\"6 minuti\" \/>\n<script type=\"application\/ld+json\" class=\"yoast-schema-graph\">{\"@context\":\"https:\\\/\\\/schema.org\",\"@graph\":[{\"@type\":\"WebPage\",\"@id\":\"https:\\\/\\\/skyline-gs.com\\\/product\\\/mongolia-gobi-desert-lost-monasteries-yurts-and-shamans-12-days\\\/\",\"url\":\"https:\\\/\\\/skyline-gs.com\\\/product\\\/mongolia-gobi-desert-lost-monasteries-yurts-and-shamans-12-days\\\/\",\"name\":\"\u041c\u043e\u043d\u0433\u043e\u043b\u0438\u044f. \u041f\u0443\u0441\u0442\u044b\u043d\u044f \u0413\u043e\u0431\u0438, \u0437\u0430\u0442\u0435\u0440\u044f\u043d\u043d\u044b\u0435 \u043c\u043e\u043d\u0430\u0441\u0442\u044b\u0440\u0438, \u044e\u0440\u0442\u044b \u0438 \u0448\u0430\u043c\u0430\u043d\u044b - 12 \u0434\u043d\u0435\u0439 &#8226; \u042d\u043a\u0441\u043a\u0443\u0440\u0441\u0438\u0438 Skyline\",\"isPartOf\":{\"@id\":\"https:\\\/\\\/skyline-gs.com\\\/it\\\/#website\"},\"primaryImageOfPage\":{\"@id\":\"https:\\\/\\\/skyline-gs.com\\\/product\\\/mongolia-gobi-desert-lost-monasteries-yurts-and-shamans-12-days\\\/#primaryimage\"},\"image\":{\"@id\":\"https:\\\/\\\/skyline-gs.com\\\/product\\\/mongolia-gobi-desert-lost-monasteries-yurts-and-shamans-12-days\\\/#primaryimage\"},\"thumbnailUrl\":\"https:\\\/\\\/skyline-gs.com\\\/wp-content\\\/uploads\\\/2021\\\/07\\\/d2.jpg\",\"datePublished\":\"2021-07-28T13:12:30+00:00\",\"dateModified\":\"2023-10-04T16:09:35+00:00\",\"breadcrumb\":{\"@id\":\"https:\\\/\\\/skyline-gs.com\\\/product\\\/mongolia-gobi-desert-lost-monasteries-yurts-and-shamans-12-days\\\/#breadcrumb\"},\"inLanguage\":\"it-IT\",\"potentialAction\":[{\"@type\":\"ReadAction\",\"target\":[\"https:\\\/\\\/skyline-gs.com\\\/product\\\/mongolia-gobi-desert-lost-monasteries-yurts-and-shamans-12-days\\\/\"]}]},{\"@type\":\"ImageObject\",\"inLanguage\":\"it-IT\",\"@id\":\"https:\\\/\\\/skyline-gs.com\\\/product\\\/mongolia-gobi-desert-lost-monasteries-yurts-and-shamans-12-days\\\/#primaryimage\",\"url\":\"https:\\\/\\\/skyline-gs.com\\\/wp-content\\\/uploads\\\/2021\\\/07\\\/d2.jpg\",\"contentUrl\":\"https:\\\/\\\/skyline-gs.com\\\/wp-content\\\/uploads\\\/2021\\\/07\\\/d2.jpg\",\"width\":669,\"height\":446},{\"@type\":\"BreadcrumbList\",\"@id\":\"https:\\\/\\\/skyline-gs.com\\\/product\\\/mongolia-gobi-desert-lost-monasteries-yurts-and-shamans-12-days\\\/#breadcrumb\",\"itemListElement\":[{\"@type\":\"ListItem\",\"position\":1,\"name\":\"\u0413\u043b\u0430\u0432\u043d\u0430\u044f \u0441\u0442\u0440\u0430\u043d\u0438\u0446\u0430\",\"item\":\"https:\\\/\\\/skyline-gs.com\\\/hu\\\/\"},{\"@type\":\"ListItem\",\"position\":2,\"name\":\"\u041c\u0430\u0433\u0430\u0437\u0438\u043d\",\"item\":\"https:\\\/\\\/skyline-gs.com\\\/cs\\\/shop\\\/\"},{\"@type\":\"ListItem\",\"position\":3,\"name\":\"\u041c\u043e\u043d\u0433\u043e\u043b\u0438\u044f. \u041f\u0443\u0441\u0442\u044b\u043d\u044f \u0413\u043e\u0431\u0438, \u0437\u0430\u0442\u0435\u0440\u044f\u043d\u043d\u044b\u0435 \u043c\u043e\u043d\u0430\u0441\u0442\u044b\u0440\u0438, \u044e\u0440\u0442\u044b \u0438 \u0448\u0430\u043c\u0430\u043d\u044b &#8212; 12 \u0434\u043d\u0435\u0439\"}]},{\"@type\":\"WebSite\",\"@id\":\"https:\\\/\\\/skyline-gs.com\\\/it\\\/#website\",\"url\":\"https:\\\/\\\/skyline-gs.com\\\/it\\\/\",\"name\":\"\u042d\u043a\u0441\u043a\u0443\u0440\u0441\u0438\u0438 Skyline\",\"description\":\"\u042d\u043a\u0441\u043a\u043b\u044e\u0437\u0438\u0432\u043d\u044b\u0435 \u044d\u043a\u0441\u043a\u0443\u0440\u0441\u0438\u0438 \u043d\u0430 \u043b\u0443\u0447\u0448\u0438\u0445 \u043a\u0443\u0440\u043e\u0440\u0442\u0430\u0445 \u043c\u0438\u0440\u0430\",\"publisher\":{\"@id\":\"https:\\\/\\\/skyline-gs.com\\\/it\\\/#organization\"},\"alternateName\":\"Skyline\",\"potentialAction\":[{\"@type\":\"SearchAction\",\"target\":{\"@type\":\"EntryPoint\",\"urlTemplate\":\"https:\\\/\\\/skyline-gs.com\\\/it\\\/?s={search_term_string}\"},\"query-input\":{\"@type\":\"PropertyValueSpecification\",\"valueRequired\":true,\"valueName\":\"search_term_string\"}}],\"inLanguage\":\"it-IT\"},{\"@type\":\"Organization\",\"@id\":\"https:\\\/\\\/skyline-gs.com\\\/it\\\/#organization\",\"name\":\"\u042d\u043a\u0441\u043a\u0443\u0440\u0441\u0438\u0438 Skyline\",\"alternateName\":\"\u042d\u043a\u0441\u043a\u0443\u0440\u0441\u0438\u0438 Skyline\",\"url\":\"https:\\\/\\\/skyline-gs.com\\\/it\\\/\",\"logo\":{\"@type\":\"ImageObject\",\"inLanguage\":\"it-IT\",\"@id\":\"https:\\\/\\\/skyline-gs.com\\\/it\\\/#\\\/schema\\\/logo\\\/image\\\/\",\"url\":\"https:\\\/\\\/skyline-gs.com\\\/wp-content\\\/uploads\\\/2020\\\/12\\\/cropped-logo-2.png\",\"contentUrl\":\"https:\\\/\\\/skyline-gs.com\\\/wp-content\\\/uploads\\\/2020\\\/12\\\/cropped-logo-2.png\",\"width\":512,\"height\":512,\"caption\":\"\u042d\u043a\u0441\u043a\u0443\u0440\u0441\u0438\u0438 Skyline\"},\"image\":{\"@id\":\"https:\\\/\\\/skyline-gs.com\\\/it\\\/#\\\/schema\\\/logo\\\/image\\\/\"},\"sameAs\":[\"https:\\\/\\\/www.instagram.com\\\/skylineglobalservice\\\/\"]}]}<\/script>\n<!-- \/ Yoast SEO plugin. -->","yoast_head_json":{"title":"\u041c\u043e\u043d\u0433\u043e\u043b\u0438\u044f. \u041f\u0443\u0441\u0442\u044b\u043d\u044f \u0413\u043e\u0431\u0438, \u0437\u0430\u0442\u0435\u0440\u044f\u043d\u043d\u044b\u0435 \u043c\u043e\u043d\u0430\u0441\u0442\u044b\u0440\u0438, \u044e\u0440\u0442\u044b \u0438 \u0448\u0430\u043c\u0430\u043d\u044b - 12 \u0434\u043d\u0435\u0439 &#8226; \u042d\u043a\u0441\u043a\u0443\u0440\u0441\u0438\u0438 Skyline","robots":{"index":"index","follow":"follow","max-snippet":"max-snippet:-1","max-image-preview":"max-image-preview:large","max-video-preview":"max-video-preview:-1"},"canonical":"https:\/\/skyline-gs.com\/it\/prodotto\/mongolia-gobi-desert-lost-monasteries-yurts-and-shamans-12-days\/","og_locale":"it_IT","og_type":"article","og_title":"\u041c\u043e\u043d\u0433\u043e\u043b\u0438\u044f. \u041f\u0443\u0441\u0442\u044b\u043d\u044f \u0413\u043e\u0431\u0438, \u0437\u0430\u0442\u0435\u0440\u044f\u043d\u043d\u044b\u0435 \u043c\u043e\u043d\u0430\u0441\u0442\u044b\u0440\u0438, \u044e\u0440\u0442\u044b \u0438 \u0448\u0430\u043c\u0430\u043d\u044b - 12 \u0434\u043d\u0435\u0439 &#8226; \u042d\u043a\u0441\u043a\u0443\u0440\u0441\u0438\u0438 Skyline","og_description":"\u0414\u043b\u0438\u0442\u0435\u043b\u044c\u043d\u043e\u0441\u0442\u044c: 12 \u0434\u043d\u0435\u0439  \u0414\u043d\u0438 \u043f\u0440\u043e\u0432\u0435\u0434\u0435\u043d\u0438\u044f: 8.08.2021 - 19.08.2021","og_url":"https:\/\/skyline-gs.com\/it\/prodotto\/mongolia-gobi-desert-lost-monasteries-yurts-and-shamans-12-days\/","og_site_name":"\u042d\u043a\u0441\u043a\u0443\u0440\u0441\u0438\u0438 Skyline","article_modified_time":"2023-10-04T16:09:35+00:00","og_image":[{"width":669,"height":446,"url":"https:\/\/skyline-gs.com\/wp-content\/uploads\/2021\/07\/d2.jpg","type":"image\/jpeg"}],"twitter_card":"summary_large_image","twitter_misc":{"Tempo di lettura stimato":"6 minuti"},"schema":{"@context":"https:\/\/schema.org","@graph":[{"@type":"WebPage","@id":"https:\/\/skyline-gs.com\/product\/mongolia-gobi-desert-lost-monasteries-yurts-and-shamans-12-days\/","url":"https:\/\/skyline-gs.com\/product\/mongolia-gobi-desert-lost-monasteries-yurts-and-shamans-12-days\/","name":"\u041c\u043e\u043d\u0433\u043e\u043b\u0438\u044f. \u041f\u0443\u0441\u0442\u044b\u043d\u044f \u0413\u043e\u0431\u0438, \u0437\u0430\u0442\u0435\u0440\u044f\u043d\u043d\u044b\u0435 \u043c\u043e\u043d\u0430\u0441\u0442\u044b\u0440\u0438, \u044e\u0440\u0442\u044b \u0438 \u0448\u0430\u043c\u0430\u043d\u044b - 12 \u0434\u043d\u0435\u0439 &#8226; \u042d\u043a\u0441\u043a\u0443\u0440\u0441\u0438\u0438 Skyline","isPartOf":{"@id":"https:\/\/skyline-gs.com\/it\/#website"},"primaryImageOfPage":{"@id":"https:\/\/skyline-gs.com\/product\/mongolia-gobi-desert-lost-monasteries-yurts-and-shamans-12-days\/#primaryimage"},"image":{"@id":"https:\/\/skyline-gs.com\/product\/mongolia-gobi-desert-lost-monasteries-yurts-and-shamans-12-days\/#primaryimage"},"thumbnailUrl":"https:\/\/skyline-gs.com\/wp-content\/uploads\/2021\/07\/d2.jpg","datePublished":"2021-07-28T13:12:30+00:00","dateModified":"2023-10-04T16:09:35+00:00","breadcrumb":{"@id":"https:\/\/skyline-gs.com\/product\/mongolia-gobi-desert-lost-monasteries-yurts-and-shamans-12-days\/#breadcrumb"},"inLanguage":"it-IT","potentialAction":[{"@type":"ReadAction","target":["https:\/\/skyline-gs.com\/product\/mongolia-gobi-desert-lost-monasteries-yurts-and-shamans-12-days\/"]}]},{"@type":"ImageObject","inLanguage":"it-IT","@id":"https:\/\/skyline-gs.com\/product\/mongolia-gobi-desert-lost-monasteries-yurts-and-shamans-12-days\/#primaryimage","url":"https:\/\/skyline-gs.com\/wp-content\/uploads\/2021\/07\/d2.jpg","contentUrl":"https:\/\/skyline-gs.com\/wp-content\/uploads\/2021\/07\/d2.jpg","width":669,"height":446},{"@type":"BreadcrumbList","@id":"https:\/\/skyline-gs.com\/product\/mongolia-gobi-desert-lost-monasteries-yurts-and-shamans-12-days\/#breadcrumb","itemListElement":[{"@type":"ListItem","position":1,"name":"\u0413\u043b\u0430\u0432\u043d\u0430\u044f \u0441\u0442\u0440\u0430\u043d\u0438\u0446\u0430","item":"https:\/\/skyline-gs.com\/hu\/"},{"@type":"ListItem","position":2,"name":"\u041c\u0430\u0433\u0430\u0437\u0438\u043d","item":"https:\/\/skyline-gs.com\/cs\/shop\/"},{"@type":"ListItem","position":3,"name":"\u041c\u043e\u043d\u0433\u043e\u043b\u0438\u044f. \u041f\u0443\u0441\u0442\u044b\u043d\u044f \u0413\u043e\u0431\u0438, \u0437\u0430\u0442\u0435\u0440\u044f\u043d\u043d\u044b\u0435 \u043c\u043e\u043d\u0430\u0441\u0442\u044b\u0440\u0438, \u044e\u0440\u0442\u044b \u0438 \u0448\u0430\u043c\u0430\u043d\u044b &#8212; 12 \u0434\u043d\u0435\u0439"}]},{"@type":"WebSite","@id":"https:\/\/skyline-gs.com\/it\/#website","url":"https:\/\/skyline-gs.com\/it\/","name":"Escursioni Skyline","description":"Escursioni esclusive nei migliori resort del mondo","publisher":{"@id":"https:\/\/skyline-gs.com\/it\/#organization"},"alternateName":"Skyline","potentialAction":[{"@type":"SearchAction","target":{"@type":"EntryPoint","urlTemplate":"https:\/\/skyline-gs.com\/it\/?s={search_term_string}"},"query-input":{"@type":"PropertyValueSpecification","valueRequired":true,"valueName":"search_term_string"}}],"inLanguage":"it-IT"},{"@type":"Organization","@id":"https:\/\/skyline-gs.com\/it\/#organization","name":"Escursioni Skyline","alternateName":"\u042d\u043a\u0441\u043a\u0443\u0440\u0441\u0438\u0438 Skyline","url":"https:\/\/skyline-gs.com\/it\/","logo":{"@type":"ImageObject","inLanguage":"it-IT","@id":"https:\/\/skyline-gs.com\/it\/#\/schema\/logo\/image\/","url":"https:\/\/skyline-gs.com\/wp-content\/uploads\/2020\/12\/cropped-logo-2.png","contentUrl":"https:\/\/skyline-gs.com\/wp-content\/uploads\/2020\/12\/cropped-logo-2.png","width":512,"height":512,"caption":"\u042d\u043a\u0441\u043a\u0443\u0440\u0441\u0438\u0438 Skyline"},"image":{"@id":"https:\/\/skyline-gs.com\/it\/#\/schema\/logo\/image\/"},"sameAs":["https:\/\/www.instagram.com\/skylineglobalservice\/"]}]}},"_links":{"self":[{"href":"https:\/\/skyline-gs.com\/it\/wp-json\/wp\/v2\/product\/29020","targetHints":{"allow":["GET"]}}],"collection":[{"href":"https:\/\/skyline-gs.com\/it\/wp-json\/wp\/v2\/product"}],"about":[{"href":"https:\/\/skyline-gs.com\/it\/wp-json\/wp\/v2\/types\/product"}],"version-history":[{"count":0,"href":"https:\/\/skyline-gs.com\/it\/wp-json\/wp\/v2\/product\/29020\/revisions"}],"wp:featuredmedia":[{"embeddable":true,"href":"https:\/\/skyline-gs.com\/it\/wp-json\/wp\/v2\/media\/29046"}],"wp:attachment":[{"href":"https:\/\/skyline-gs.com\/it\/wp-json\/wp\/v2\/media?parent=29020"}],"wp:term":[{"taxonomy":"product_brand","embeddable":true,"href":"https:\/\/skyline-gs.com\/it\/wp-json\/wp\/v2\/product_brand?post=29020"},{"taxonomy":"product_cat","embeddable":true,"href":"https:\/\/skyline-gs.com\/it\/wp-json\/wp\/v2\/product_cat?post=29020"},{"taxonomy":"product_tag","embeddable":true,"href":"https:\/\/skyline-gs.com\/it\/wp-json\/wp\/v2\/product_tag?post=29020"}],"curies":[{"name":"wp","href":"https:\/\/api.w.org\/{rel}","templated":true}]}}