{"id":26732,"date":"2021-07-05T18:06:03","date_gmt":"2021-07-05T16:06:03","guid":{"rendered":"http:\/\/skyline-gs.com\/?post_type=product&#038;p=26732"},"modified":"2023-10-04T18:09:36","modified_gmt":"2023-10-04T16:09:36","slug":"amboseli-2-giorni","status":"publish","type":"product","link":"https:\/\/skyline-gs.com\/it\/product\/amboseli-2-days\/","title":{"rendered":"Amboseli 2 giorni"},"content":{"rendered":"<p><strong>Giorno 1<\/strong><\/p>\n<p>Il nostro safari inizia a Nairobi - un nostro rappresentante verr\u00e0 a prendervi dal vostro hotel o dall'aeroporto alle 7.30. A bordo di una comoda jeep 4\u00d74 percorreremo l'autostrada Nairobi-Mombasa fino al Parco Amboseli. Le quattro ore di viaggio voleranno, perch\u00e9 ci regaleranno panorami incredibilmente belli delle savane africane, illuminate dai raggi del sole. Vedremo le case locali, i pascoli e i pastori Maasai vestiti con abiti colorati.<\/p>\n<p>Il punto di riferimento sar\u00e0 il maestoso Kilimanjaro: la montagna sar\u00e0 visibile molto prima del nostro arrivo. Arriveremo giusto in tempo per sistemarci nel campeggio\/lodge e pranzare. Dopo una pausa, inizieremo il safari! Andremo alla ricerca di elefanti, giraffe, struzzi, ghepardi, zebre, leoni e altri animali selvatici. L'Amboseli si distingue per l'assenza di fitte boscaglie. Pertanto, possiamo esplorare comodamente il mondo naturale e animale. Potremo facilmente avvistare i predatori grandi e piccoli, gli erbivori e gli animali che vivono nel territorio della riserva. Preparate le macchine fotografiche: potremo immortalare non solo gli animali. Se il tempo non sar\u00e0 nuvoloso, potremo fotografare la cima innevata del leggendario Kilimanjaro! La sera torneremo al lodge o al campeggio per rilassarci, cenare e discutere delle avventure della giornata.<\/p>\n<p><strong>Giorno 2<\/strong><\/p>\n<p>La mattina presto faremo un safari per vedere la fauna selvatica ai primi raggi del sole nascente. L'alba \u00e8 il momento migliore per esplorare la fauna selvatica della riserva, poich\u00e9 la savana con i suoi numerosi abitanti inizia a svegliarsi. Dopo colazione, faremo un altro safari per vedere gli animali che non abbiamo avuto il tempo di vedere. Ad esempio, cercheremo iene, sciacalli, scimmie e grandi gnu. Dopo pranzo saluteremo Amboseli e saliremo a bordo di una jeep per tornare a Nairobi. Saremo a terra alle 16:30 circa.<\/p>\n<p><strong>Incluso:<\/strong><\/p>\n<ul>\n<li>Trasferimento da\/per Nairobi<\/li>\n<li>Safari in una confortevole jeep Toyota Land Cruiser<\/li>\n<li>Accompagnati da un autista\/guida di lingua inglese<\/li>\n<li>Sistemazione in un campo\/lodge in base all'opzione selezionata<\/li>\n<li>Pasti secondo il sistema: colazione, pranzo, cena (compresi i pasti durante il safari)<\/li>\n<li>Biglietti d'ingresso alla riserva<\/li>\n<li>Acqua in bottiglia nel veicolo safari<\/li>\n<li>Servizi medici di \u00abmedici volanti\u00bb, servizio di soccorso<\/li>\n<li>Tutte le imposte e le tasse<\/li>\n<\/ul>\n<p><strong>Portatelo con voi:<\/strong><\/p>\n<ul>\n<li>Scarpe e vestiti comodi. \u041b<span class=\"fontstyle0\">pantaloni lunghi, camicia a maniche lunghe, T-shirt;<\/span><\/li>\n<li>Una giacca, in caso di pioggia o di serate fredde;<\/li>\n<li>Apparecchiature foto-video. Caricate i vostri dispositivi in anticipo;<\/li>\n<li>Cambiate il vostro denaro in banconote di piccolo taglio. Sono utili per i souvenir e per dare la mancia ai ranger. La mancia consigliata \u00e8 di 5$ a persona;<\/li>\n<li><span class=\"fontstyle0\">Occhiali da sole e panama, crema solare;<\/span><\/li>\n<li><span class=\"fontstyle0\">Prodotti per l'igiene personale, kit di pronto soccorso personale;<\/span><\/li>\n<li><span class=\"fontstyle0\">Gel igienizzante per le mani.<\/span><\/li>\n<\/ul>\n<p><strong>Attenzione!<\/strong><br \/>\nSe avete intenzione di proseguire il viaggio verso Arusha o Moshi, possiamo portarvi a Namanga (al confine con Kenya e Tanzania). Vi preghiamo di comunicarci i vostri piani in anticipo e di fornirci le informazioni al momento della prenotazione del tour.<\/p>","protected":false},"excerpt":{"rendered":"<p><strong>Durata: <\/strong>2 giorni<\/p>\n<p><strong>Giorni di Svolgimento:<\/strong> Quotidianamente<\/p>\n<p>Parco nazionale di Amboseli - visitate la riserva del Kenya ai piedi del maestoso Monte Kilimanjaro, dove potrete vedere branchi di elefanti, bufali, leoni, zebre, gazzelle, ghepardi e altri animali selvatici.<\/p>","protected":false},"featured_media":26737,"template":"","meta":{"_kad_post_transparent":"default","_kad_post_title":"","_kad_post_layout":"default","_kad_post_sidebar_id":"","_kad_post_content_style":"default","_kad_post_vertical_padding":"default","_kad_post_feature":"","_kad_post_feature_position":"","_kad_post_header":false,"_kad_post_footer":false,"_kad_post_classname":"","_glsr_average":0,"_glsr_ranking":0,"_glsr_reviews":0},"product_brand":[],"product_cat":[295],"product_tag":[],"class_list":{"0":"post-26732","1":"product","2":"type-product","3":"status-publish","4":"has-post-thumbnail","6":"product_cat-uncategorized","7":"tm-has-options","9":"first","10":"instock","11":"sale","12":"sold-individually","13":"taxable","14":"shipping-taxable","15":"purchasable","16":"product-type-simple","17":"entry","18":"content-bg","19":"loop-entry"},"yoast_head":"<!-- This site is optimized with the Yoast SEO plugin v27.3 - https:\/\/yoast.com\/product\/yoast-seo-wordpress\/ -->\n<title>\u0410\u043c\u0431\u043e\u0441\u0435\u043b\u0438 2 \u0434\u043d\u044f &#8226; \u042d\u043a\u0441\u043a\u0443\u0440\u0441\u0438\u0438 Skyline<\/title>\n<meta name=\"robots\" content=\"index, follow, max-snippet:-1, max-image-preview:large, max-video-preview:-1\" \/>\n<link rel=\"canonical\" href=\"https:\/\/skyline-gs.com\/it\/prodotto\/amboseli-2-giorni\/\" \/>\n<meta property=\"og:locale\" content=\"it_IT\" \/>\n<meta property=\"og:type\" content=\"article\" \/>\n<meta property=\"og:title\" content=\"\u0410\u043c\u0431\u043e\u0441\u0435\u043b\u0438 2 \u0434\u043d\u044f &#8226; \u042d\u043a\u0441\u043a\u0443\u0440\u0441\u0438\u0438 Skyline\" \/>\n<meta property=\"og:description\" content=\"\u0414\u043b\u0438\u0442\u0435\u043b\u044c\u043d\u043e\u0441\u0442\u044c: 2 \u0434\u043d\u044f  \u0414\u043d\u0438 \u043f\u0440\u043e\u0432\u0435\u0434\u0435\u043d\u0438\u044f: \u0435\u0436\u0435\u0434\u043d\u0435\u0432\u043d\u043e  \u041d\u0430\u0446\u0438\u043e\u043d\u0430\u043b\u044c\u043d\u044b\u0439 \u043f\u0430\u0440\u043a \u0410\u043c\u0431\u043e\u0441\u0435\u043b\u0438 \u2013 \u043f\u043e\u0431\u044b\u0432\u0430\u0435\u043c \u0432 \u043a\u0435\u043d\u0438\u0439\u0441\u043a\u043e\u043c \u0437\u0430\u043f\u043e\u0432\u0435\u0434\u043d\u0438\u043a\u0435, \u0440\u0430\u0441\u043f\u043e\u043b\u043e\u0436\u0435\u043d\u043d\u043e\u043c \u0443 \u043f\u043e\u0434\u043d\u043e\u0436\u0438\u044f \u0432\u0435\u043b\u0438\u0447\u0435\u0441\u0442\u0432\u0435\u043d\u043d\u043e\u0439 \u0433\u043e\u0440\u044b \u041a\u0438\u043b\u0438\u043c\u0430\u043d\u0434\u0436\u0430\u0440\u043e, \u0433\u0434\u0435 \u0443\u0432\u0438\u0434\u0438\u043c \u0441\u0442\u0430\u0434\u0430 \u0441\u043b\u043e\u043d\u043e\u0432, \u0431\u0443\u0439\u0432\u043e\u043b\u043e\u0432, \u043b\u044c\u0432\u043e\u0432, \u0437\u0435\u0431\u0440, \u0433\u0430\u0437\u0435\u043b\u0435\u0439, \u0433\u0435\u043f\u0430\u0440\u0434\u043e\u0432 \u0438 \u0434\u0440\u0443\u0433\u0438\u0445 \u0434\u0438\u043a\u0438\u0445 \u0436\u0438\u0432\u043e\u0442\u043d\u044b\u0445\" \/>\n<meta property=\"og:url\" content=\"https:\/\/skyline-gs.com\/it\/prodotto\/amboseli-2-giorni\/\" \/>\n<meta property=\"og:site_name\" content=\"\u042d\u043a\u0441\u043a\u0443\u0440\u0441\u0438\u0438 Skyline\" \/>\n<meta property=\"article:modified_time\" content=\"2023-10-04T16:09:36+00:00\" \/>\n<meta property=\"og:image\" content=\"https:\/\/skyline-gs.com\/wp-content\/uploads\/2021\/07\/98.jpg\" \/>\n\t<meta property=\"og:image:width\" content=\"669\" \/>\n\t<meta property=\"og:image:height\" content=\"446\" \/>\n\t<meta property=\"og:image:type\" content=\"image\/jpeg\" \/>\n<meta name=\"twitter:card\" content=\"summary_large_image\" \/>\n<meta name=\"twitter:label1\" content=\"Tempo di lettura stimato\" \/>\n\t<meta name=\"twitter:data1\" content=\"2 minuti\" \/>\n<script type=\"application\/ld+json\" class=\"yoast-schema-graph\">{\"@context\":\"https:\\\/\\\/schema.org\",\"@graph\":[{\"@type\":\"WebPage\",\"@id\":\"https:\\\/\\\/skyline-gs.com\\\/product\\\/amboseli-2-days\\\/\",\"url\":\"https:\\\/\\\/skyline-gs.com\\\/product\\\/amboseli-2-days\\\/\",\"name\":\"\u0410\u043c\u0431\u043e\u0441\u0435\u043b\u0438 2 \u0434\u043d\u044f &#8226; \u042d\u043a\u0441\u043a\u0443\u0440\u0441\u0438\u0438 Skyline\",\"isPartOf\":{\"@id\":\"https:\\\/\\\/skyline-gs.com\\\/it\\\/#website\"},\"primaryImageOfPage\":{\"@id\":\"https:\\\/\\\/skyline-gs.com\\\/product\\\/amboseli-2-days\\\/#primaryimage\"},\"image\":{\"@id\":\"https:\\\/\\\/skyline-gs.com\\\/product\\\/amboseli-2-days\\\/#primaryimage\"},\"thumbnailUrl\":\"https:\\\/\\\/skyline-gs.com\\\/wp-content\\\/uploads\\\/2021\\\/07\\\/98.jpg\",\"datePublished\":\"2021-07-05T16:06:03+00:00\",\"dateModified\":\"2023-10-04T16:09:36+00:00\",\"breadcrumb\":{\"@id\":\"https:\\\/\\\/skyline-gs.com\\\/product\\\/amboseli-2-days\\\/#breadcrumb\"},\"inLanguage\":\"it-IT\",\"potentialAction\":[{\"@type\":\"ReadAction\",\"target\":[\"https:\\\/\\\/skyline-gs.com\\\/product\\\/amboseli-2-days\\\/\"]}]},{\"@type\":\"ImageObject\",\"inLanguage\":\"it-IT\",\"@id\":\"https:\\\/\\\/skyline-gs.com\\\/product\\\/amboseli-2-days\\\/#primaryimage\",\"url\":\"https:\\\/\\\/skyline-gs.com\\\/wp-content\\\/uploads\\\/2021\\\/07\\\/98.jpg\",\"contentUrl\":\"https:\\\/\\\/skyline-gs.com\\\/wp-content\\\/uploads\\\/2021\\\/07\\\/98.jpg\",\"width\":669,\"height\":446},{\"@type\":\"BreadcrumbList\",\"@id\":\"https:\\\/\\\/skyline-gs.com\\\/product\\\/amboseli-2-days\\\/#breadcrumb\",\"itemListElement\":[{\"@type\":\"ListItem\",\"position\":1,\"name\":\"\u0413\u043b\u0430\u0432\u043d\u0430\u044f \u0441\u0442\u0440\u0430\u043d\u0438\u0446\u0430\",\"item\":\"https:\\\/\\\/skyline-gs.com\\\/hu\\\/\"},{\"@type\":\"ListItem\",\"position\":2,\"name\":\"\u041c\u0430\u0433\u0430\u0437\u0438\u043d\",\"item\":\"https:\\\/\\\/skyline-gs.com\\\/cs\\\/shop\\\/\"},{\"@type\":\"ListItem\",\"position\":3,\"name\":\"\u0410\u043c\u0431\u043e\u0441\u0435\u043b\u0438 2 \u0434\u043d\u044f\"}]},{\"@type\":\"WebSite\",\"@id\":\"https:\\\/\\\/skyline-gs.com\\\/it\\\/#website\",\"url\":\"https:\\\/\\\/skyline-gs.com\\\/it\\\/\",\"name\":\"\u042d\u043a\u0441\u043a\u0443\u0440\u0441\u0438\u0438 Skyline\",\"description\":\"\u042d\u043a\u0441\u043a\u043b\u044e\u0437\u0438\u0432\u043d\u044b\u0435 \u044d\u043a\u0441\u043a\u0443\u0440\u0441\u0438\u0438 \u043d\u0430 \u043b\u0443\u0447\u0448\u0438\u0445 \u043a\u0443\u0440\u043e\u0440\u0442\u0430\u0445 \u043c\u0438\u0440\u0430\",\"publisher\":{\"@id\":\"https:\\\/\\\/skyline-gs.com\\\/it\\\/#organization\"},\"alternateName\":\"Skyline\",\"potentialAction\":[{\"@type\":\"SearchAction\",\"target\":{\"@type\":\"EntryPoint\",\"urlTemplate\":\"https:\\\/\\\/skyline-gs.com\\\/it\\\/?s={search_term_string}\"},\"query-input\":{\"@type\":\"PropertyValueSpecification\",\"valueRequired\":true,\"valueName\":\"search_term_string\"}}],\"inLanguage\":\"it-IT\"},{\"@type\":\"Organization\",\"@id\":\"https:\\\/\\\/skyline-gs.com\\\/it\\\/#organization\",\"name\":\"\u042d\u043a\u0441\u043a\u0443\u0440\u0441\u0438\u0438 Skyline\",\"alternateName\":\"\u042d\u043a\u0441\u043a\u0443\u0440\u0441\u0438\u0438 Skyline\",\"url\":\"https:\\\/\\\/skyline-gs.com\\\/it\\\/\",\"logo\":{\"@type\":\"ImageObject\",\"inLanguage\":\"it-IT\",\"@id\":\"https:\\\/\\\/skyline-gs.com\\\/it\\\/#\\\/schema\\\/logo\\\/image\\\/\",\"url\":\"https:\\\/\\\/skyline-gs.com\\\/wp-content\\\/uploads\\\/2020\\\/12\\\/cropped-logo-2.png\",\"contentUrl\":\"https:\\\/\\\/skyline-gs.com\\\/wp-content\\\/uploads\\\/2020\\\/12\\\/cropped-logo-2.png\",\"width\":512,\"height\":512,\"caption\":\"\u042d\u043a\u0441\u043a\u0443\u0440\u0441\u0438\u0438 Skyline\"},\"image\":{\"@id\":\"https:\\\/\\\/skyline-gs.com\\\/it\\\/#\\\/schema\\\/logo\\\/image\\\/\"},\"sameAs\":[\"https:\\\/\\\/www.instagram.com\\\/skylineglobalservice\\\/\"]}]}<\/script>\n<!-- \/ Yoast SEO plugin. -->","yoast_head_json":{"title":"Amboseli 2 giorni - Escursioni Skyline","robots":{"index":"index","follow":"follow","max-snippet":"max-snippet:-1","max-image-preview":"max-image-preview:large","max-video-preview":"max-video-preview:-1"},"canonical":"https:\/\/skyline-gs.com\/it\/prodotto\/amboseli-2-giorni\/","og_locale":"it_IT","og_type":"article","og_title":"\u0410\u043c\u0431\u043e\u0441\u0435\u043b\u0438 2 \u0434\u043d\u044f &#8226; \u042d\u043a\u0441\u043a\u0443\u0440\u0441\u0438\u0438 Skyline","og_description":"\u0414\u043b\u0438\u0442\u0435\u043b\u044c\u043d\u043e\u0441\u0442\u044c: 2 \u0434\u043d\u044f  \u0414\u043d\u0438 \u043f\u0440\u043e\u0432\u0435\u0434\u0435\u043d\u0438\u044f: \u0435\u0436\u0435\u0434\u043d\u0435\u0432\u043d\u043e  \u041d\u0430\u0446\u0438\u043e\u043d\u0430\u043b\u044c\u043d\u044b\u0439 \u043f\u0430\u0440\u043a \u0410\u043c\u0431\u043e\u0441\u0435\u043b\u0438 \u2013 \u043f\u043e\u0431\u044b\u0432\u0430\u0435\u043c \u0432 \u043a\u0435\u043d\u0438\u0439\u0441\u043a\u043e\u043c \u0437\u0430\u043f\u043e\u0432\u0435\u0434\u043d\u0438\u043a\u0435, \u0440\u0430\u0441\u043f\u043e\u043b\u043e\u0436\u0435\u043d\u043d\u043e\u043c \u0443 \u043f\u043e\u0434\u043d\u043e\u0436\u0438\u044f \u0432\u0435\u043b\u0438\u0447\u0435\u0441\u0442\u0432\u0435\u043d\u043d\u043e\u0439 \u0433\u043e\u0440\u044b \u041a\u0438\u043b\u0438\u043c\u0430\u043d\u0434\u0436\u0430\u0440\u043e, \u0433\u0434\u0435 \u0443\u0432\u0438\u0434\u0438\u043c \u0441\u0442\u0430\u0434\u0430 \u0441\u043b\u043e\u043d\u043e\u0432, \u0431\u0443\u0439\u0432\u043e\u043b\u043e\u0432, \u043b\u044c\u0432\u043e\u0432, \u0437\u0435\u0431\u0440, \u0433\u0430\u0437\u0435\u043b\u0435\u0439, \u0433\u0435\u043f\u0430\u0440\u0434\u043e\u0432 \u0438 \u0434\u0440\u0443\u0433\u0438\u0445 \u0434\u0438\u043a\u0438\u0445 \u0436\u0438\u0432\u043e\u0442\u043d\u044b\u0445","og_url":"https:\/\/skyline-gs.com\/it\/prodotto\/amboseli-2-giorni\/","og_site_name":"\u042d\u043a\u0441\u043a\u0443\u0440\u0441\u0438\u0438 Skyline","article_modified_time":"2023-10-04T16:09:36+00:00","og_image":[{"width":669,"height":446,"url":"https:\/\/skyline-gs.com\/wp-content\/uploads\/2021\/07\/98.jpg","type":"image\/jpeg"}],"twitter_card":"summary_large_image","twitter_misc":{"Tempo di lettura stimato":"2 minuti"},"schema":{"@context":"https:\/\/schema.org","@graph":[{"@type":"WebPage","@id":"https:\/\/skyline-gs.com\/product\/amboseli-2-days\/","url":"https:\/\/skyline-gs.com\/product\/amboseli-2-days\/","name":"Amboseli 2 giorni - Escursioni Skyline","isPartOf":{"@id":"https:\/\/skyline-gs.com\/it\/#website"},"primaryImageOfPage":{"@id":"https:\/\/skyline-gs.com\/product\/amboseli-2-days\/#primaryimage"},"image":{"@id":"https:\/\/skyline-gs.com\/product\/amboseli-2-days\/#primaryimage"},"thumbnailUrl":"https:\/\/skyline-gs.com\/wp-content\/uploads\/2021\/07\/98.jpg","datePublished":"2021-07-05T16:06:03+00:00","dateModified":"2023-10-04T16:09:36+00:00","breadcrumb":{"@id":"https:\/\/skyline-gs.com\/product\/amboseli-2-days\/#breadcrumb"},"inLanguage":"it-IT","potentialAction":[{"@type":"ReadAction","target":["https:\/\/skyline-gs.com\/product\/amboseli-2-days\/"]}]},{"@type":"ImageObject","inLanguage":"it-IT","@id":"https:\/\/skyline-gs.com\/product\/amboseli-2-days\/#primaryimage","url":"https:\/\/skyline-gs.com\/wp-content\/uploads\/2021\/07\/98.jpg","contentUrl":"https:\/\/skyline-gs.com\/wp-content\/uploads\/2021\/07\/98.jpg","width":669,"height":446},{"@type":"BreadcrumbList","@id":"https:\/\/skyline-gs.com\/product\/amboseli-2-days\/#breadcrumb","itemListElement":[{"@type":"ListItem","position":1,"name":"\u0413\u043b\u0430\u0432\u043d\u0430\u044f \u0441\u0442\u0440\u0430\u043d\u0438\u0446\u0430","item":"https:\/\/skyline-gs.com\/hu\/"},{"@type":"ListItem","position":2,"name":"\u041c\u0430\u0433\u0430\u0437\u0438\u043d","item":"https:\/\/skyline-gs.com\/cs\/shop\/"},{"@type":"ListItem","position":3,"name":"\u0410\u043c\u0431\u043e\u0441\u0435\u043b\u0438 2 \u0434\u043d\u044f"}]},{"@type":"WebSite","@id":"https:\/\/skyline-gs.com\/it\/#website","url":"https:\/\/skyline-gs.com\/it\/","name":"Escursioni Skyline","description":"Escursioni esclusive nei migliori resort del mondo","publisher":{"@id":"https:\/\/skyline-gs.com\/it\/#organization"},"alternateName":"Skyline","potentialAction":[{"@type":"SearchAction","target":{"@type":"EntryPoint","urlTemplate":"https:\/\/skyline-gs.com\/it\/?s={search_term_string}"},"query-input":{"@type":"PropertyValueSpecification","valueRequired":true,"valueName":"search_term_string"}}],"inLanguage":"it-IT"},{"@type":"Organization","@id":"https:\/\/skyline-gs.com\/it\/#organization","name":"Escursioni Skyline","alternateName":"\u042d\u043a\u0441\u043a\u0443\u0440\u0441\u0438\u0438 Skyline","url":"https:\/\/skyline-gs.com\/it\/","logo":{"@type":"ImageObject","inLanguage":"it-IT","@id":"https:\/\/skyline-gs.com\/it\/#\/schema\/logo\/image\/","url":"https:\/\/skyline-gs.com\/wp-content\/uploads\/2020\/12\/cropped-logo-2.png","contentUrl":"https:\/\/skyline-gs.com\/wp-content\/uploads\/2020\/12\/cropped-logo-2.png","width":512,"height":512,"caption":"\u042d\u043a\u0441\u043a\u0443\u0440\u0441\u0438\u0438 Skyline"},"image":{"@id":"https:\/\/skyline-gs.com\/it\/#\/schema\/logo\/image\/"},"sameAs":["https:\/\/www.instagram.com\/skylineglobalservice\/"]}]}},"_links":{"self":[{"href":"https:\/\/skyline-gs.com\/it\/wp-json\/wp\/v2\/product\/26732","targetHints":{"allow":["GET"]}}],"collection":[{"href":"https:\/\/skyline-gs.com\/it\/wp-json\/wp\/v2\/product"}],"about":[{"href":"https:\/\/skyline-gs.com\/it\/wp-json\/wp\/v2\/types\/product"}],"version-history":[{"count":0,"href":"https:\/\/skyline-gs.com\/it\/wp-json\/wp\/v2\/product\/26732\/revisions"}],"wp:featuredmedia":[{"embeddable":true,"href":"https:\/\/skyline-gs.com\/it\/wp-json\/wp\/v2\/media\/26737"}],"wp:attachment":[{"href":"https:\/\/skyline-gs.com\/it\/wp-json\/wp\/v2\/media?parent=26732"}],"wp:term":[{"taxonomy":"product_brand","embeddable":true,"href":"https:\/\/skyline-gs.com\/it\/wp-json\/wp\/v2\/product_brand?post=26732"},{"taxonomy":"product_cat","embeddable":true,"href":"https:\/\/skyline-gs.com\/it\/wp-json\/wp\/v2\/product_cat?post=26732"},{"taxonomy":"product_tag","embeddable":true,"href":"https:\/\/skyline-gs.com\/it\/wp-json\/wp\/v2\/product_tag?post=26732"}],"curies":[{"name":"wp","href":"https:\/\/api.w.org\/{rel}","templated":true}]}}