{"id":25456,"date":"2021-01-13T21:06:07","date_gmt":"2021-01-13T18:06:07","guid":{"rendered":"http:\/\/zanzibar.skyline-gs.com\/?post_type=product&#038;p=18200"},"modified":"2024-01-24T17:07:24","modified_gmt":"2024-01-24T15:07:24","slug":"historical-tour-to-stone-town-zanzibar","status":"publish","type":"product","link":"https:\/\/skyline-gs.com\/it\/product\/historical-tour-to-stone-town-zanzibar\/","title":{"rendered":"Tour storico di Stone Town e fattoria delle spezie"},"content":{"rendered":"<p>Il nome Stone Town (Citt\u00e0 di Pietra) non si applica all'intera citt\u00e0 moderna, ma solo alla sua parte storica antica. La sua architettura \u00e8 un eccentrico mix di stile orientale con aggiunte europee e africane, che creano un sapore unico della citt\u00e0. Stone Town \u00e8 la porta dell'isola, il centro storico e anche l'unica vera citt\u00e0. Vi abitano 200.000 persone. Un tempo villaggio di pescatori, situato qui, era favorito dai mercanti di schiavi arabi che esportavano merci vive dall'Africa, e col tempo l'insediamento crebbe e vi comparvero edifici in pietra: un forte, case di ricchi mercanti, moschee. Poi Zanzibar fu colonizzata dal Portogallo e per due secoli Stone Town crebbe sotto la guida degli europei. Alla fine del XVII secolo, per\u00f2, questi ultimi iniziarono nuovamente ad allontanare attivamente gli arabi e, gradualmente, su Zanzibar si stabil\u00ec il dominio del Sultanato degli Omaniti, al quale fu poi assegnata una citt\u00e0 separata: Zanzibar. Poi, nel 1890, fu istituito il protettorato britannico, che fu rimosso solo nel 1964. Fu allora che la vecchia Zanzibar inizi\u00f2 a essere chiamata Stone Town, perch\u00e9, a differenza dei villaggi locali, aveva molti edifici in pietra.<\/p>\n<p>Il programma del tour inizia alle 8:00 con il check-out dall'hotel di Stone Town. Visita di Stone Town e visita: il monumento agli schiavi, la piazza della tratta degli schiavi, la casa di Freddie Mercury, la chiesa anglicana, il mercato notturno, la casa delle meraviglie e molto altro ancora. Pranzo e proseguimento del tour. Visita alle rovine del Palazzo Maruhubi. Successivamente si visiteranno i giardini delle spezie. Degustazione di frutta e possibilit\u00e0 di acquistare una variet\u00e0 di spezie fresche. Verso le 17:00 rientro in hotel.<\/p>\n<p><strong>Cosa \u00e8 incluso:<\/strong><\/p>\n<ul>\n<li>Trasferimento da e per l'hotel<\/li>\n<li>Guida di lingua russa<\/li>\n<li>Pranzo<\/li>\n<li>Un biglietto per la Cattedrale anglicana<\/li>\n<li>Un biglietto per le rovine di Maruhubi<\/li>\n<li>Degustazione di frutta<\/li>\n<\/ul>\n<p><strong>Da pagare separatamente (opzionale):<\/strong><\/p>\n<ul>\n<li>L'ingresso della casa di Freddie Mercury \u00e8 10$.<\/li>\n<\/ul>","protected":false},"excerpt":{"rendered":"<p><strong>Orario del Tour:\u00a0<\/strong>8:00 - 17:00<\/p>\n<p><strong>Giorni di Svolgimento:\u00a0<\/strong>Quotidianamente<\/p>","protected":false},"featured_media":25484,"template":"","meta":{"_kad_post_transparent":"default","_kad_post_title":"","_kad_post_layout":"default","_kad_post_sidebar_id":"","_kad_post_content_style":"default","_kad_post_vertical_padding":"default","_kad_post_feature":"","_kad_post_feature_position":"","_kad_post_header":false,"_kad_post_footer":false,"_kad_post_classname":"","_glsr_average":0,"_glsr_ranking":0,"_glsr_reviews":0},"product_brand":[],"product_cat":[455],"product_tag":[],"class_list":{"0":"post-25456","1":"product","2":"type-product","3":"status-publish","4":"has-post-thumbnail","6":"product_cat-zanzibar","7":"tm-has-options","9":"first","10":"instock","11":"sold-individually","12":"taxable","13":"shipping-taxable","14":"purchasable","15":"product-type-simple","16":"entry","17":"content-bg","18":"loop-entry"},"yoast_head":"<!-- This site is optimized with the Yoast SEO plugin v27.3 - https:\/\/yoast.com\/product\/yoast-seo-wordpress\/ -->\n<title>\u0418\u0441\u0442\u043e\u0440\u0438\u0447\u0435\u0441\u043a\u0438\u0439 \u0442\u0443\u0440 \u0432 \u0421\u0442\u043e\u0443\u043d \u0422\u0430\u0443\u043d \u0438 \u0444\u0435\u0440\u043c\u0430 \u0441\u043f\u0435\u0446\u0438\u0439 &#8226; \u042d\u043a\u0441\u043a\u0443\u0440\u0441\u0438\u0438 Skyline<\/title>\n<meta name=\"robots\" content=\"index, follow, max-snippet:-1, max-image-preview:large, max-video-preview:-1\" \/>\n<link rel=\"canonical\" href=\"https:\/\/skyline-gs.com\/it\/prodotto\/historical-tour-to-stone-town-zanzibar\/\" \/>\n<meta property=\"og:locale\" content=\"it_IT\" \/>\n<meta property=\"og:type\" content=\"article\" \/>\n<meta property=\"og:title\" content=\"\u0418\u0441\u0442\u043e\u0440\u0438\u0447\u0435\u0441\u043a\u0438\u0439 \u0442\u0443\u0440 \u0432 \u0421\u0442\u043e\u0443\u043d \u0422\u0430\u0443\u043d \u0438 \u0444\u0435\u0440\u043c\u0430 \u0441\u043f\u0435\u0446\u0438\u0439 &#8226; \u042d\u043a\u0441\u043a\u0443\u0440\u0441\u0438\u0438 Skyline\" \/>\n<meta property=\"og:description\" content=\"\u0412\u0440\u0435\u043c\u044f \u0442\u0443\u0440\u0430:\u00a08:00 \u2014 17:00  \u0414\u043d\u0438 \u043f\u0440\u043e\u0432\u0435\u0434\u0435\u043d\u0438\u044f:\u00a0\u0435\u0436\u0435\u0434\u043d\u0435\u0432\u043d\u043e\" \/>\n<meta property=\"og:url\" content=\"https:\/\/skyline-gs.com\/it\/prodotto\/historical-tour-to-stone-town-zanzibar\/\" \/>\n<meta property=\"og:site_name\" content=\"\u042d\u043a\u0441\u043a\u0443\u0440\u0441\u0438\u0438 Skyline\" \/>\n<meta property=\"article:modified_time\" content=\"2024-01-24T15:07:24+00:00\" \/>\n<meta property=\"og:image\" content=\"https:\/\/skyline-gs.com\/wp-content\/uploads\/2021\/01\/Stoun-taun-2-of-16.jpg\" \/>\n\t<meta property=\"og:image:width\" content=\"900\" \/>\n\t<meta property=\"og:image:height\" content=\"600\" \/>\n\t<meta property=\"og:image:type\" content=\"image\/jpeg\" \/>\n<meta name=\"twitter:card\" content=\"summary_large_image\" \/>\n<meta name=\"twitter:label1\" content=\"Tempo di lettura stimato\" \/>\n\t<meta name=\"twitter:data1\" content=\"2 minuti\" \/>\n<script type=\"application\/ld+json\" class=\"yoast-schema-graph\">{\"@context\":\"https:\\\/\\\/schema.org\",\"@graph\":[{\"@type\":\"WebPage\",\"@id\":\"https:\\\/\\\/skyline-gs.com\\\/product\\\/historical-tour-to-stone-town-zanzibar\\\/\",\"url\":\"https:\\\/\\\/skyline-gs.com\\\/product\\\/historical-tour-to-stone-town-zanzibar\\\/\",\"name\":\"\u0418\u0441\u0442\u043e\u0440\u0438\u0447\u0435\u0441\u043a\u0438\u0439 \u0442\u0443\u0440 \u0432 \u0421\u0442\u043e\u0443\u043d \u0422\u0430\u0443\u043d \u0438 \u0444\u0435\u0440\u043c\u0430 \u0441\u043f\u0435\u0446\u0438\u0439 &#8226; \u042d\u043a\u0441\u043a\u0443\u0440\u0441\u0438\u0438 Skyline\",\"isPartOf\":{\"@id\":\"https:\\\/\\\/skyline-gs.com\\\/it\\\/#website\"},\"primaryImageOfPage\":{\"@id\":\"https:\\\/\\\/skyline-gs.com\\\/product\\\/historical-tour-to-stone-town-zanzibar\\\/#primaryimage\"},\"image\":{\"@id\":\"https:\\\/\\\/skyline-gs.com\\\/product\\\/historical-tour-to-stone-town-zanzibar\\\/#primaryimage\"},\"thumbnailUrl\":\"https:\\\/\\\/skyline-gs.com\\\/wp-content\\\/uploads\\\/2021\\\/01\\\/Stoun-taun-2-of-16.jpg\",\"datePublished\":\"2021-01-13T18:06:07+00:00\",\"dateModified\":\"2024-01-24T15:07:24+00:00\",\"breadcrumb\":{\"@id\":\"https:\\\/\\\/skyline-gs.com\\\/product\\\/historical-tour-to-stone-town-zanzibar\\\/#breadcrumb\"},\"inLanguage\":\"it-IT\",\"potentialAction\":[{\"@type\":\"ReadAction\",\"target\":[\"https:\\\/\\\/skyline-gs.com\\\/product\\\/historical-tour-to-stone-town-zanzibar\\\/\"]}]},{\"@type\":\"ImageObject\",\"inLanguage\":\"it-IT\",\"@id\":\"https:\\\/\\\/skyline-gs.com\\\/product\\\/historical-tour-to-stone-town-zanzibar\\\/#primaryimage\",\"url\":\"https:\\\/\\\/skyline-gs.com\\\/wp-content\\\/uploads\\\/2021\\\/01\\\/Stoun-taun-2-of-16.jpg\",\"contentUrl\":\"https:\\\/\\\/skyline-gs.com\\\/wp-content\\\/uploads\\\/2021\\\/01\\\/Stoun-taun-2-of-16.jpg\",\"width\":900,\"height\":600},{\"@type\":\"BreadcrumbList\",\"@id\":\"https:\\\/\\\/skyline-gs.com\\\/product\\\/historical-tour-to-stone-town-zanzibar\\\/#breadcrumb\",\"itemListElement\":[{\"@type\":\"ListItem\",\"position\":1,\"name\":\"\u0413\u043b\u0430\u0432\u043d\u0430\u044f \u0441\u0442\u0440\u0430\u043d\u0438\u0446\u0430\",\"item\":\"https:\\\/\\\/skyline-gs.com\\\/hu\\\/\"},{\"@type\":\"ListItem\",\"position\":2,\"name\":\"\u041c\u0430\u0433\u0430\u0437\u0438\u043d\",\"item\":\"https:\\\/\\\/skyline-gs.com\\\/cs\\\/shop\\\/\"},{\"@type\":\"ListItem\",\"position\":3,\"name\":\"\u0418\u0441\u0442\u043e\u0440\u0438\u0447\u0435\u0441\u043a\u0438\u0439 \u0442\u0443\u0440 \u0432 \u0421\u0442\u043e\u0443\u043d \u0422\u0430\u0443\u043d \u0438 \u0444\u0435\u0440\u043c\u0430 \u0441\u043f\u0435\u0446\u0438\u0439\"}]},{\"@type\":\"WebSite\",\"@id\":\"https:\\\/\\\/skyline-gs.com\\\/it\\\/#website\",\"url\":\"https:\\\/\\\/skyline-gs.com\\\/it\\\/\",\"name\":\"\u042d\u043a\u0441\u043a\u0443\u0440\u0441\u0438\u0438 Skyline\",\"description\":\"\u042d\u043a\u0441\u043a\u043b\u044e\u0437\u0438\u0432\u043d\u044b\u0435 \u044d\u043a\u0441\u043a\u0443\u0440\u0441\u0438\u0438 \u043d\u0430 \u043b\u0443\u0447\u0448\u0438\u0445 \u043a\u0443\u0440\u043e\u0440\u0442\u0430\u0445 \u043c\u0438\u0440\u0430\",\"publisher\":{\"@id\":\"https:\\\/\\\/skyline-gs.com\\\/it\\\/#organization\"},\"alternateName\":\"Skyline\",\"potentialAction\":[{\"@type\":\"SearchAction\",\"target\":{\"@type\":\"EntryPoint\",\"urlTemplate\":\"https:\\\/\\\/skyline-gs.com\\\/it\\\/?s={search_term_string}\"},\"query-input\":{\"@type\":\"PropertyValueSpecification\",\"valueRequired\":true,\"valueName\":\"search_term_string\"}}],\"inLanguage\":\"it-IT\"},{\"@type\":\"Organization\",\"@id\":\"https:\\\/\\\/skyline-gs.com\\\/it\\\/#organization\",\"name\":\"\u042d\u043a\u0441\u043a\u0443\u0440\u0441\u0438\u0438 Skyline\",\"alternateName\":\"\u042d\u043a\u0441\u043a\u0443\u0440\u0441\u0438\u0438 Skyline\",\"url\":\"https:\\\/\\\/skyline-gs.com\\\/it\\\/\",\"logo\":{\"@type\":\"ImageObject\",\"inLanguage\":\"it-IT\",\"@id\":\"https:\\\/\\\/skyline-gs.com\\\/it\\\/#\\\/schema\\\/logo\\\/image\\\/\",\"url\":\"https:\\\/\\\/skyline-gs.com\\\/wp-content\\\/uploads\\\/2020\\\/12\\\/cropped-logo-2.png\",\"contentUrl\":\"https:\\\/\\\/skyline-gs.com\\\/wp-content\\\/uploads\\\/2020\\\/12\\\/cropped-logo-2.png\",\"width\":512,\"height\":512,\"caption\":\"\u042d\u043a\u0441\u043a\u0443\u0440\u0441\u0438\u0438 Skyline\"},\"image\":{\"@id\":\"https:\\\/\\\/skyline-gs.com\\\/it\\\/#\\\/schema\\\/logo\\\/image\\\/\"},\"sameAs\":[\"https:\\\/\\\/www.instagram.com\\\/skylineglobalservice\\\/\"]}]}<\/script>\n<!-- \/ Yoast SEO plugin. -->","yoast_head_json":{"title":"\u0418\u0441\u0442\u043e\u0440\u0438\u0447\u0435\u0441\u043a\u0438\u0439 \u0442\u0443\u0440 \u0432 \u0421\u0442\u043e\u0443\u043d \u0422\u0430\u0443\u043d \u0438 \u0444\u0435\u0440\u043c\u0430 \u0441\u043f\u0435\u0446\u0438\u0439 &#8226; \u042d\u043a\u0441\u043a\u0443\u0440\u0441\u0438\u0438 Skyline","robots":{"index":"index","follow":"follow","max-snippet":"max-snippet:-1","max-image-preview":"max-image-preview:large","max-video-preview":"max-video-preview:-1"},"canonical":"https:\/\/skyline-gs.com\/it\/prodotto\/historical-tour-to-stone-town-zanzibar\/","og_locale":"it_IT","og_type":"article","og_title":"\u0418\u0441\u0442\u043e\u0440\u0438\u0447\u0435\u0441\u043a\u0438\u0439 \u0442\u0443\u0440 \u0432 \u0421\u0442\u043e\u0443\u043d \u0422\u0430\u0443\u043d \u0438 \u0444\u0435\u0440\u043c\u0430 \u0441\u043f\u0435\u0446\u0438\u0439 &#8226; \u042d\u043a\u0441\u043a\u0443\u0440\u0441\u0438\u0438 Skyline","og_description":"\u0412\u0440\u0435\u043c\u044f \u0442\u0443\u0440\u0430:\u00a08:00 \u2014 17:00  \u0414\u043d\u0438 \u043f\u0440\u043e\u0432\u0435\u0434\u0435\u043d\u0438\u044f:\u00a0\u0435\u0436\u0435\u0434\u043d\u0435\u0432\u043d\u043e","og_url":"https:\/\/skyline-gs.com\/it\/prodotto\/historical-tour-to-stone-town-zanzibar\/","og_site_name":"\u042d\u043a\u0441\u043a\u0443\u0440\u0441\u0438\u0438 Skyline","article_modified_time":"2024-01-24T15:07:24+00:00","og_image":[{"width":900,"height":600,"url":"https:\/\/skyline-gs.com\/wp-content\/uploads\/2021\/01\/Stoun-taun-2-of-16.jpg","type":"image\/jpeg"}],"twitter_card":"summary_large_image","twitter_misc":{"Tempo di lettura stimato":"2 minuti"},"schema":{"@context":"https:\/\/schema.org","@graph":[{"@type":"WebPage","@id":"https:\/\/skyline-gs.com\/product\/historical-tour-to-stone-town-zanzibar\/","url":"https:\/\/skyline-gs.com\/product\/historical-tour-to-stone-town-zanzibar\/","name":"\u0418\u0441\u0442\u043e\u0440\u0438\u0447\u0435\u0441\u043a\u0438\u0439 \u0442\u0443\u0440 \u0432 \u0421\u0442\u043e\u0443\u043d \u0422\u0430\u0443\u043d \u0438 \u0444\u0435\u0440\u043c\u0430 \u0441\u043f\u0435\u0446\u0438\u0439 &#8226; \u042d\u043a\u0441\u043a\u0443\u0440\u0441\u0438\u0438 Skyline","isPartOf":{"@id":"https:\/\/skyline-gs.com\/it\/#website"},"primaryImageOfPage":{"@id":"https:\/\/skyline-gs.com\/product\/historical-tour-to-stone-town-zanzibar\/#primaryimage"},"image":{"@id":"https:\/\/skyline-gs.com\/product\/historical-tour-to-stone-town-zanzibar\/#primaryimage"},"thumbnailUrl":"https:\/\/skyline-gs.com\/wp-content\/uploads\/2021\/01\/Stoun-taun-2-of-16.jpg","datePublished":"2021-01-13T18:06:07+00:00","dateModified":"2024-01-24T15:07:24+00:00","breadcrumb":{"@id":"https:\/\/skyline-gs.com\/product\/historical-tour-to-stone-town-zanzibar\/#breadcrumb"},"inLanguage":"it-IT","potentialAction":[{"@type":"ReadAction","target":["https:\/\/skyline-gs.com\/product\/historical-tour-to-stone-town-zanzibar\/"]}]},{"@type":"ImageObject","inLanguage":"it-IT","@id":"https:\/\/skyline-gs.com\/product\/historical-tour-to-stone-town-zanzibar\/#primaryimage","url":"https:\/\/skyline-gs.com\/wp-content\/uploads\/2021\/01\/Stoun-taun-2-of-16.jpg","contentUrl":"https:\/\/skyline-gs.com\/wp-content\/uploads\/2021\/01\/Stoun-taun-2-of-16.jpg","width":900,"height":600},{"@type":"BreadcrumbList","@id":"https:\/\/skyline-gs.com\/product\/historical-tour-to-stone-town-zanzibar\/#breadcrumb","itemListElement":[{"@type":"ListItem","position":1,"name":"\u0413\u043b\u0430\u0432\u043d\u0430\u044f \u0441\u0442\u0440\u0430\u043d\u0438\u0446\u0430","item":"https:\/\/skyline-gs.com\/hu\/"},{"@type":"ListItem","position":2,"name":"\u041c\u0430\u0433\u0430\u0437\u0438\u043d","item":"https:\/\/skyline-gs.com\/cs\/shop\/"},{"@type":"ListItem","position":3,"name":"\u0418\u0441\u0442\u043e\u0440\u0438\u0447\u0435\u0441\u043a\u0438\u0439 \u0442\u0443\u0440 \u0432 \u0421\u0442\u043e\u0443\u043d \u0422\u0430\u0443\u043d \u0438 \u0444\u0435\u0440\u043c\u0430 \u0441\u043f\u0435\u0446\u0438\u0439"}]},{"@type":"WebSite","@id":"https:\/\/skyline-gs.com\/it\/#website","url":"https:\/\/skyline-gs.com\/it\/","name":"Escursioni Skyline","description":"Escursioni esclusive nei migliori resort del mondo","publisher":{"@id":"https:\/\/skyline-gs.com\/it\/#organization"},"alternateName":"Skyline","potentialAction":[{"@type":"SearchAction","target":{"@type":"EntryPoint","urlTemplate":"https:\/\/skyline-gs.com\/it\/?s={search_term_string}"},"query-input":{"@type":"PropertyValueSpecification","valueRequired":true,"valueName":"search_term_string"}}],"inLanguage":"it-IT"},{"@type":"Organization","@id":"https:\/\/skyline-gs.com\/it\/#organization","name":"Escursioni Skyline","alternateName":"\u042d\u043a\u0441\u043a\u0443\u0440\u0441\u0438\u0438 Skyline","url":"https:\/\/skyline-gs.com\/it\/","logo":{"@type":"ImageObject","inLanguage":"it-IT","@id":"https:\/\/skyline-gs.com\/it\/#\/schema\/logo\/image\/","url":"https:\/\/skyline-gs.com\/wp-content\/uploads\/2020\/12\/cropped-logo-2.png","contentUrl":"https:\/\/skyline-gs.com\/wp-content\/uploads\/2020\/12\/cropped-logo-2.png","width":512,"height":512,"caption":"\u042d\u043a\u0441\u043a\u0443\u0440\u0441\u0438\u0438 Skyline"},"image":{"@id":"https:\/\/skyline-gs.com\/it\/#\/schema\/logo\/image\/"},"sameAs":["https:\/\/www.instagram.com\/skylineglobalservice\/"]}]}},"_links":{"self":[{"href":"https:\/\/skyline-gs.com\/it\/wp-json\/wp\/v2\/product\/25456","targetHints":{"allow":["GET"]}}],"collection":[{"href":"https:\/\/skyline-gs.com\/it\/wp-json\/wp\/v2\/product"}],"about":[{"href":"https:\/\/skyline-gs.com\/it\/wp-json\/wp\/v2\/types\/product"}],"version-history":[{"count":0,"href":"https:\/\/skyline-gs.com\/it\/wp-json\/wp\/v2\/product\/25456\/revisions"}],"wp:featuredmedia":[{"embeddable":true,"href":"https:\/\/skyline-gs.com\/it\/wp-json\/wp\/v2\/media\/25484"}],"wp:attachment":[{"href":"https:\/\/skyline-gs.com\/it\/wp-json\/wp\/v2\/media?parent=25456"}],"wp:term":[{"taxonomy":"product_brand","embeddable":true,"href":"https:\/\/skyline-gs.com\/it\/wp-json\/wp\/v2\/product_brand?post=25456"},{"taxonomy":"product_cat","embeddable":true,"href":"https:\/\/skyline-gs.com\/it\/wp-json\/wp\/v2\/product_cat?post=25456"},{"taxonomy":"product_tag","embeddable":true,"href":"https:\/\/skyline-gs.com\/it\/wp-json\/wp\/v2\/product_tag?post=25456"}],"curies":[{"name":"wp","href":"https:\/\/api.w.org\/{rel}","templated":true}]}}