{"id":25455,"date":"2021-01-13T20:49:50","date_gmt":"2021-01-13T17:49:50","guid":{"rendered":"http:\/\/zanzibar.skyline-gs.com\/?post_type=product&#038;p=18198"},"modified":"2024-01-24T17:07:36","modified_gmt":"2024-01-24T15:07:36","slug":"dolphin-tour-jozani-forest-and-rock-restaurant-zanzibar","status":"publish","type":"product","link":"https:\/\/skyline-gs.com\/it\/product\/dolphin-tour-jozani-forest-and-rock-restaurant-zanzibar\/","title":{"rendered":"Tour dei delfini, Les Jozani e Ristorante Rock"},"content":{"rendered":"<p>Ore 5:00 check-out dall'hotel e partenza per il villaggio di Kizimkazi. Nella baia di Kizimkazi, nel sud dell'isola, le condizioni sono perfette per i delfini. \u00c8 necessario partire presto per massimizzare le possibilit\u00e0 di avvistare i delfini. Gli animali, che non sono costretti dalle condizioni dei delfinari, si comportano in modo naturale e mostrano una naturale curiosit\u00e0 quando incontrano i turisti.  Chi preferisce una vacanza pi\u00f9 attiva \u00e8 invitato a nuotare con i delfini, che sono cos\u00ec amichevoli che permettono di accarezzarli e accettano volentieri anche gli esseri umani nei loro giochi. \u00c8 possibile vedere sia delfini tursiopi che megattere. Tempo per la colazione al ritorno a terra (ordinate la colazione in hotel).<\/p>\n<p>La visita alla foresta di Jozani \u00e8 la parte successiva del programma. Una vacanza nei resort africani richiede un'introduzione alla ricca e variegata fauna del continente.  Una delle migliori opportunit\u00e0 \u00e8 la visita al Parco delle scimmie, dove i bellissimi e sorprendenti colobi rossi vagano liberi. La foresta di Jozani, che si estende per 44 chilometri quadrati, \u00e8 suddivisa in tre aree: la prima \u00e8 costituita da cespugli, la seconda da mangrovie e la terza da foresta pluviale. Oltre alle scimmie, ci sono camaleonti, bellissimi uccelli e farfalle.<\/p>\n<p>La parte finale del programma prevede la visita al Rock Restaurant. Famoso per la sua posizione insolita, \u00e8 rinomato come uno dei ristoranti pi\u00f9 romantici del pianeta. Gli ospiti sono invitati a sedersi all'interno o sulla terrazza, che offre una vista spettacolare sulle onde azzurre che si estendono all'orizzonte. Fine del programma alle 13:30 circa. Trasferimento in hotel.<\/p>\n<p><strong>Incluso:<\/strong><\/p>\n<ul>\n<li>Trasferimenti da e per l'hotel<\/li>\n<li>Tutti i trasferimenti in minibus con aria condizionata<\/li>\n<li>Noleggio barche<\/li>\n<li>Guida di lingua russa<\/li>\n<li>Tutti i biglietti d'ingresso<\/li>\n<li>Antipasti<\/li>\n<li>Attrezzatura per lo snorkeling<\/li>\n<li>Giubbotti di salvataggio<\/li>\n<\/ul>\n<p><strong>Da qui, il risultato:<\/strong><\/p>\n<ul>\n<li>Colazione da portare con s\u00e9 (ordinare un cestino per il pranzo alla reception dell'hotel)<\/li>\n<li>Costume da bagno, pantaloncini<\/li>\n<li>Asciugamano<\/li>\n<li>Apparecchiature foto-video. Caricate i vostri dispositivi con largo anticipo<\/li>\n<li><span class=\"fontstyle0\">Occhiali da sole e panama, crema solare<\/span><\/li>\n<\/ul>","protected":false},"excerpt":{"rendered":"<p><strong>Orario del Tour:\u00a0<\/strong>5:00 - 13:30<\/p>\n<p><strong>Giorni di Svolgimento:\u00a0<\/strong>Luned\u00ec e venerd\u00ec<\/p>","protected":false},"featured_media":42148,"template":"","meta":{"_kad_post_transparent":"default","_kad_post_title":"","_kad_post_layout":"default","_kad_post_sidebar_id":"","_kad_post_content_style":"default","_kad_post_vertical_padding":"default","_kad_post_feature":"","_kad_post_feature_position":"","_kad_post_header":false,"_kad_post_footer":false,"_kad_post_classname":"","_glsr_average":0,"_glsr_ranking":0,"_glsr_reviews":0},"product_brand":[],"product_cat":[455],"product_tag":[],"class_list":{"0":"post-25455","1":"product","2":"type-product","3":"status-publish","4":"has-post-thumbnail","6":"product_cat-zanzibar","7":"tm-has-options","9":"first","10":"instock","11":"sold-individually","12":"taxable","13":"shipping-taxable","14":"purchasable","15":"product-type-simple","16":"entry","17":"content-bg","18":"loop-entry"},"yoast_head":"<!-- This site is optimized with the Yoast SEO plugin v27.3 - https:\/\/yoast.com\/product\/yoast-seo-wordpress\/ -->\n<title>\u0414\u0435\u043b\u044c\u0444\u0438\u043d \u0422\u0443\u0440, \u041b\u0435\u0441 \u0414\u0436\u043e\u0437\u0430\u043d\u0438 \u0438 \u0420\u0435\u0441\u0442\u043e\u0440\u0430\u043d \u0420\u043e\u043a &#8226; \u042d\u043a\u0441\u043a\u0443\u0440\u0441\u0438\u0438 Skyline<\/title>\n<meta name=\"robots\" content=\"index, follow, max-snippet:-1, max-image-preview:large, max-video-preview:-1\" \/>\n<link rel=\"canonical\" href=\"https:\/\/skyline-gs.com\/it\/prodotto\/dolphin-tour-jozani-forest-and-rock-restaurant-zanzibar\/\" \/>\n<meta property=\"og:locale\" content=\"it_IT\" \/>\n<meta property=\"og:type\" content=\"article\" \/>\n<meta property=\"og:title\" content=\"\u0414\u0435\u043b\u044c\u0444\u0438\u043d \u0422\u0443\u0440, \u041b\u0435\u0441 \u0414\u0436\u043e\u0437\u0430\u043d\u0438 \u0438 \u0420\u0435\u0441\u0442\u043e\u0440\u0430\u043d \u0420\u043e\u043a &#8226; \u042d\u043a\u0441\u043a\u0443\u0440\u0441\u0438\u0438 Skyline\" \/>\n<meta property=\"og:description\" content=\"\u0412\u0440\u0435\u043c\u044f \u0442\u0443\u0440\u0430:\u00a05:00 \u2014 13:30  \u0414\u043d\u0438 \u043f\u0440\u043e\u0432\u0435\u0434\u0435\u043d\u0438\u044f:\u00a0\u043f\u043e\u043d\u0435\u0434\u0435\u043b\u044c\u043d\u0438\u043a \u0438 \u043f\u044f\u0442\u043d\u0438\u0446\u0430\" \/>\n<meta property=\"og:url\" content=\"https:\/\/skyline-gs.com\/it\/prodotto\/dolphin-tour-jozani-forest-and-rock-restaurant-zanzibar\/\" \/>\n<meta property=\"og:site_name\" content=\"\u042d\u043a\u0441\u043a\u0443\u0440\u0441\u0438\u0438 Skyline\" \/>\n<meta property=\"article:modified_time\" content=\"2024-01-24T15:07:36+00:00\" \/>\n<meta property=\"og:image\" content=\"https:\/\/skyline-gs.com\/wp-content\/uploads\/2021\/01\/e24ak.png\" \/>\n\t<meta property=\"og:image:width\" content=\"669\" \/>\n\t<meta property=\"og:image:height\" content=\"446\" \/>\n\t<meta property=\"og:image:type\" content=\"image\/png\" \/>\n<meta name=\"twitter:card\" content=\"summary_large_image\" \/>\n<meta name=\"twitter:label1\" content=\"Tempo di lettura stimato\" \/>\n\t<meta name=\"twitter:data1\" content=\"2 minuti\" \/>\n<script type=\"application\/ld+json\" class=\"yoast-schema-graph\">{\"@context\":\"https:\\\/\\\/schema.org\",\"@graph\":[{\"@type\":\"WebPage\",\"@id\":\"https:\\\/\\\/skyline-gs.com\\\/cs\\\/produkt\\\/dolphin-tour-jozani-forest-and-rock-restaurant-zanzibar\\\/\",\"url\":\"https:\\\/\\\/skyline-gs.com\\\/cs\\\/produkt\\\/dolphin-tour-jozani-forest-and-rock-restaurant-zanzibar\\\/\",\"name\":\"\u0414\u0435\u043b\u044c\u0444\u0438\u043d \u0422\u0443\u0440, \u041b\u0435\u0441 \u0414\u0436\u043e\u0437\u0430\u043d\u0438 \u0438 \u0420\u0435\u0441\u0442\u043e\u0440\u0430\u043d \u0420\u043e\u043a &#8226; \u042d\u043a\u0441\u043a\u0443\u0440\u0441\u0438\u0438 Skyline\",\"isPartOf\":{\"@id\":\"https:\\\/\\\/skyline-gs.com\\\/it\\\/#website\"},\"primaryImageOfPage\":{\"@id\":\"https:\\\/\\\/skyline-gs.com\\\/cs\\\/produkt\\\/dolphin-tour-jozani-forest-and-rock-restaurant-zanzibar\\\/#primaryimage\"},\"image\":{\"@id\":\"https:\\\/\\\/skyline-gs.com\\\/cs\\\/produkt\\\/dolphin-tour-jozani-forest-and-rock-restaurant-zanzibar\\\/#primaryimage\"},\"thumbnailUrl\":\"https:\\\/\\\/skyline-gs.com\\\/wp-content\\\/uploads\\\/2021\\\/01\\\/e24ak.png\",\"datePublished\":\"2021-01-13T17:49:50+00:00\",\"dateModified\":\"2024-01-24T15:07:36+00:00\",\"breadcrumb\":{\"@id\":\"https:\\\/\\\/skyline-gs.com\\\/cs\\\/produkt\\\/dolphin-tour-jozani-forest-and-rock-restaurant-zanzibar\\\/#breadcrumb\"},\"inLanguage\":\"it-IT\",\"potentialAction\":[{\"@type\":\"ReadAction\",\"target\":[\"https:\\\/\\\/skyline-gs.com\\\/cs\\\/produkt\\\/dolphin-tour-jozani-forest-and-rock-restaurant-zanzibar\\\/\"]}]},{\"@type\":\"ImageObject\",\"inLanguage\":\"it-IT\",\"@id\":\"https:\\\/\\\/skyline-gs.com\\\/cs\\\/produkt\\\/dolphin-tour-jozani-forest-and-rock-restaurant-zanzibar\\\/#primaryimage\",\"url\":\"https:\\\/\\\/skyline-gs.com\\\/wp-content\\\/uploads\\\/2021\\\/01\\\/e24ak.png\",\"contentUrl\":\"https:\\\/\\\/skyline-gs.com\\\/wp-content\\\/uploads\\\/2021\\\/01\\\/e24ak.png\",\"width\":669,\"height\":446},{\"@type\":\"BreadcrumbList\",\"@id\":\"https:\\\/\\\/skyline-gs.com\\\/cs\\\/produkt\\\/dolphin-tour-jozani-forest-and-rock-restaurant-zanzibar\\\/#breadcrumb\",\"itemListElement\":[{\"@type\":\"ListItem\",\"position\":1,\"name\":\"\u0413\u043b\u0430\u0432\u043d\u0430\u044f \u0441\u0442\u0440\u0430\u043d\u0438\u0446\u0430\",\"item\":\"https:\\\/\\\/skyline-gs.com\\\/hu\\\/\"},{\"@type\":\"ListItem\",\"position\":2,\"name\":\"\u041c\u0430\u0433\u0430\u0437\u0438\u043d\",\"item\":\"https:\\\/\\\/skyline-gs.com\\\/cs\\\/shop\\\/\"},{\"@type\":\"ListItem\",\"position\":3,\"name\":\"\u0414\u0435\u043b\u044c\u0444\u0438\u043d \u0422\u0443\u0440, \u041b\u0435\u0441 \u0414\u0436\u043e\u0437\u0430\u043d\u0438 \u0438 \u0420\u0435\u0441\u0442\u043e\u0440\u0430\u043d \u0420\u043e\u043a\"}]},{\"@type\":\"WebSite\",\"@id\":\"https:\\\/\\\/skyline-gs.com\\\/it\\\/#website\",\"url\":\"https:\\\/\\\/skyline-gs.com\\\/it\\\/\",\"name\":\"\u042d\u043a\u0441\u043a\u0443\u0440\u0441\u0438\u0438 Skyline\",\"description\":\"\u042d\u043a\u0441\u043a\u043b\u044e\u0437\u0438\u0432\u043d\u044b\u0435 \u044d\u043a\u0441\u043a\u0443\u0440\u0441\u0438\u0438 \u043d\u0430 \u043b\u0443\u0447\u0448\u0438\u0445 \u043a\u0443\u0440\u043e\u0440\u0442\u0430\u0445 \u043c\u0438\u0440\u0430\",\"publisher\":{\"@id\":\"https:\\\/\\\/skyline-gs.com\\\/it\\\/#organization\"},\"alternateName\":\"Skyline\",\"potentialAction\":[{\"@type\":\"SearchAction\",\"target\":{\"@type\":\"EntryPoint\",\"urlTemplate\":\"https:\\\/\\\/skyline-gs.com\\\/it\\\/?s={search_term_string}\"},\"query-input\":{\"@type\":\"PropertyValueSpecification\",\"valueRequired\":true,\"valueName\":\"search_term_string\"}}],\"inLanguage\":\"it-IT\"},{\"@type\":\"Organization\",\"@id\":\"https:\\\/\\\/skyline-gs.com\\\/it\\\/#organization\",\"name\":\"\u042d\u043a\u0441\u043a\u0443\u0440\u0441\u0438\u0438 Skyline\",\"alternateName\":\"\u042d\u043a\u0441\u043a\u0443\u0440\u0441\u0438\u0438 Skyline\",\"url\":\"https:\\\/\\\/skyline-gs.com\\\/it\\\/\",\"logo\":{\"@type\":\"ImageObject\",\"inLanguage\":\"it-IT\",\"@id\":\"https:\\\/\\\/skyline-gs.com\\\/it\\\/#\\\/schema\\\/logo\\\/image\\\/\",\"url\":\"https:\\\/\\\/skyline-gs.com\\\/wp-content\\\/uploads\\\/2020\\\/12\\\/cropped-logo-2.png\",\"contentUrl\":\"https:\\\/\\\/skyline-gs.com\\\/wp-content\\\/uploads\\\/2020\\\/12\\\/cropped-logo-2.png\",\"width\":512,\"height\":512,\"caption\":\"\u042d\u043a\u0441\u043a\u0443\u0440\u0441\u0438\u0438 Skyline\"},\"image\":{\"@id\":\"https:\\\/\\\/skyline-gs.com\\\/it\\\/#\\\/schema\\\/logo\\\/image\\\/\"},\"sameAs\":[\"https:\\\/\\\/www.instagram.com\\\/skylineglobalservice\\\/\"]}]}<\/script>\n<!-- \/ Yoast SEO plugin. -->","yoast_head_json":{"title":"\u0414\u0435\u043b\u044c\u0444\u0438\u043d \u0422\u0443\u0440, \u041b\u0435\u0441 \u0414\u0436\u043e\u0437\u0430\u043d\u0438 \u0438 \u0420\u0435\u0441\u0442\u043e\u0440\u0430\u043d \u0420\u043e\u043a &#8226; \u042d\u043a\u0441\u043a\u0443\u0440\u0441\u0438\u0438 Skyline","robots":{"index":"index","follow":"follow","max-snippet":"max-snippet:-1","max-image-preview":"max-image-preview:large","max-video-preview":"max-video-preview:-1"},"canonical":"https:\/\/skyline-gs.com\/it\/prodotto\/dolphin-tour-jozani-forest-and-rock-restaurant-zanzibar\/","og_locale":"it_IT","og_type":"article","og_title":"\u0414\u0435\u043b\u044c\u0444\u0438\u043d \u0422\u0443\u0440, \u041b\u0435\u0441 \u0414\u0436\u043e\u0437\u0430\u043d\u0438 \u0438 \u0420\u0435\u0441\u0442\u043e\u0440\u0430\u043d \u0420\u043e\u043a &#8226; \u042d\u043a\u0441\u043a\u0443\u0440\u0441\u0438\u0438 Skyline","og_description":"\u0412\u0440\u0435\u043c\u044f \u0442\u0443\u0440\u0430:\u00a05:00 \u2014 13:30  \u0414\u043d\u0438 \u043f\u0440\u043e\u0432\u0435\u0434\u0435\u043d\u0438\u044f:\u00a0\u043f\u043e\u043d\u0435\u0434\u0435\u043b\u044c\u043d\u0438\u043a \u0438 \u043f\u044f\u0442\u043d\u0438\u0446\u0430","og_url":"https:\/\/skyline-gs.com\/it\/prodotto\/dolphin-tour-jozani-forest-and-rock-restaurant-zanzibar\/","og_site_name":"\u042d\u043a\u0441\u043a\u0443\u0440\u0441\u0438\u0438 Skyline","article_modified_time":"2024-01-24T15:07:36+00:00","og_image":[{"width":669,"height":446,"url":"https:\/\/skyline-gs.com\/wp-content\/uploads\/2021\/01\/e24ak.png","type":"image\/png"}],"twitter_card":"summary_large_image","twitter_misc":{"Tempo di lettura stimato":"2 minuti"},"schema":{"@context":"https:\/\/schema.org","@graph":[{"@type":"WebPage","@id":"https:\/\/skyline-gs.com\/cs\/produkt\/dolphin-tour-jozani-forest-and-rock-restaurant-zanzibar\/","url":"https:\/\/skyline-gs.com\/cs\/produkt\/dolphin-tour-jozani-forest-and-rock-restaurant-zanzibar\/","name":"\u0414\u0435\u043b\u044c\u0444\u0438\u043d \u0422\u0443\u0440, \u041b\u0435\u0441 \u0414\u0436\u043e\u0437\u0430\u043d\u0438 \u0438 \u0420\u0435\u0441\u0442\u043e\u0440\u0430\u043d \u0420\u043e\u043a &#8226; \u042d\u043a\u0441\u043a\u0443\u0440\u0441\u0438\u0438 Skyline","isPartOf":{"@id":"https:\/\/skyline-gs.com\/it\/#website"},"primaryImageOfPage":{"@id":"https:\/\/skyline-gs.com\/cs\/produkt\/dolphin-tour-jozani-forest-and-rock-restaurant-zanzibar\/#primaryimage"},"image":{"@id":"https:\/\/skyline-gs.com\/cs\/produkt\/dolphin-tour-jozani-forest-and-rock-restaurant-zanzibar\/#primaryimage"},"thumbnailUrl":"https:\/\/skyline-gs.com\/wp-content\/uploads\/2021\/01\/e24ak.png","datePublished":"2021-01-13T17:49:50+00:00","dateModified":"2024-01-24T15:07:36+00:00","breadcrumb":{"@id":"https:\/\/skyline-gs.com\/cs\/produkt\/dolphin-tour-jozani-forest-and-rock-restaurant-zanzibar\/#breadcrumb"},"inLanguage":"it-IT","potentialAction":[{"@type":"ReadAction","target":["https:\/\/skyline-gs.com\/cs\/produkt\/dolphin-tour-jozani-forest-and-rock-restaurant-zanzibar\/"]}]},{"@type":"ImageObject","inLanguage":"it-IT","@id":"https:\/\/skyline-gs.com\/cs\/produkt\/dolphin-tour-jozani-forest-and-rock-restaurant-zanzibar\/#primaryimage","url":"https:\/\/skyline-gs.com\/wp-content\/uploads\/2021\/01\/e24ak.png","contentUrl":"https:\/\/skyline-gs.com\/wp-content\/uploads\/2021\/01\/e24ak.png","width":669,"height":446},{"@type":"BreadcrumbList","@id":"https:\/\/skyline-gs.com\/cs\/produkt\/dolphin-tour-jozani-forest-and-rock-restaurant-zanzibar\/#breadcrumb","itemListElement":[{"@type":"ListItem","position":1,"name":"\u0413\u043b\u0430\u0432\u043d\u0430\u044f \u0441\u0442\u0440\u0430\u043d\u0438\u0446\u0430","item":"https:\/\/skyline-gs.com\/hu\/"},{"@type":"ListItem","position":2,"name":"\u041c\u0430\u0433\u0430\u0437\u0438\u043d","item":"https:\/\/skyline-gs.com\/cs\/shop\/"},{"@type":"ListItem","position":3,"name":"\u0414\u0435\u043b\u044c\u0444\u0438\u043d \u0422\u0443\u0440, \u041b\u0435\u0441 \u0414\u0436\u043e\u0437\u0430\u043d\u0438 \u0438 \u0420\u0435\u0441\u0442\u043e\u0440\u0430\u043d \u0420\u043e\u043a"}]},{"@type":"WebSite","@id":"https:\/\/skyline-gs.com\/it\/#website","url":"https:\/\/skyline-gs.com\/it\/","name":"Escursioni Skyline","description":"Escursioni esclusive nei migliori resort del mondo","publisher":{"@id":"https:\/\/skyline-gs.com\/it\/#organization"},"alternateName":"Skyline","potentialAction":[{"@type":"SearchAction","target":{"@type":"EntryPoint","urlTemplate":"https:\/\/skyline-gs.com\/it\/?s={search_term_string}"},"query-input":{"@type":"PropertyValueSpecification","valueRequired":true,"valueName":"search_term_string"}}],"inLanguage":"it-IT"},{"@type":"Organization","@id":"https:\/\/skyline-gs.com\/it\/#organization","name":"Escursioni Skyline","alternateName":"\u042d\u043a\u0441\u043a\u0443\u0440\u0441\u0438\u0438 Skyline","url":"https:\/\/skyline-gs.com\/it\/","logo":{"@type":"ImageObject","inLanguage":"it-IT","@id":"https:\/\/skyline-gs.com\/it\/#\/schema\/logo\/image\/","url":"https:\/\/skyline-gs.com\/wp-content\/uploads\/2020\/12\/cropped-logo-2.png","contentUrl":"https:\/\/skyline-gs.com\/wp-content\/uploads\/2020\/12\/cropped-logo-2.png","width":512,"height":512,"caption":"\u042d\u043a\u0441\u043a\u0443\u0440\u0441\u0438\u0438 Skyline"},"image":{"@id":"https:\/\/skyline-gs.com\/it\/#\/schema\/logo\/image\/"},"sameAs":["https:\/\/www.instagram.com\/skylineglobalservice\/"]}]}},"_links":{"self":[{"href":"https:\/\/skyline-gs.com\/it\/wp-json\/wp\/v2\/product\/25455","targetHints":{"allow":["GET"]}}],"collection":[{"href":"https:\/\/skyline-gs.com\/it\/wp-json\/wp\/v2\/product"}],"about":[{"href":"https:\/\/skyline-gs.com\/it\/wp-json\/wp\/v2\/types\/product"}],"version-history":[{"count":0,"href":"https:\/\/skyline-gs.com\/it\/wp-json\/wp\/v2\/product\/25455\/revisions"}],"wp:featuredmedia":[{"embeddable":true,"href":"https:\/\/skyline-gs.com\/it\/wp-json\/wp\/v2\/media\/42148"}],"wp:attachment":[{"href":"https:\/\/skyline-gs.com\/it\/wp-json\/wp\/v2\/media?parent=25455"}],"wp:term":[{"taxonomy":"product_brand","embeddable":true,"href":"https:\/\/skyline-gs.com\/it\/wp-json\/wp\/v2\/product_brand?post=25455"},{"taxonomy":"product_cat","embeddable":true,"href":"https:\/\/skyline-gs.com\/it\/wp-json\/wp\/v2\/product_cat?post=25455"},{"taxonomy":"product_tag","embeddable":true,"href":"https:\/\/skyline-gs.com\/it\/wp-json\/wp\/v2\/product_tag?post=25455"}],"curies":[{"name":"wp","href":"https:\/\/api.w.org\/{rel}","templated":true}]}}