{"id":24404,"date":"2021-10-12T12:49:03","date_gmt":"2021-10-12T09:49:03","guid":{"rendered":"https:\/\/hurghada.skyline-gs.com\/?post_type=product&#038;p=24404"},"modified":"2026-02-01T15:28:27","modified_gmt":"2026-02-01T13:28:27","slug":"hamam-turkish-sauna","status":"publish","type":"product","link":"https:\/\/skyline-gs.com\/it\/product\/hamam-turkish-sauna\/","title":{"rendered":"Hamam. Bagno turco"},"content":{"rendered":"<div class=\"\">\n<div class=\"tour-schedule\">\n<p>I bagni turchi sono di gran lunga i pi\u00f9 popolari tra quelli esistenti. L'effetto pi\u00f9 importante dell'hammam \u00e8 il rilassamento del sistema nervoso. Vi attende un intero centro termale con un'area sufficientemente ampia per il relax. Una comoda auto con aria condizionata vi porter\u00e0 dall'hotel al centro termale e viceversa. Orario di check-out: 10:00, 14:00 o 16:00.<\/p>\n<p><strong>\u041f\u0440\u043e\u0433\u0440\u0430\u043c\u043c\u0430 \u21161: \u0422\u0443\u0440\u0435\u0446\u043a\u0430\u044f \u0431\u0430\u043d\u044f, 2 \u0447\u0430\u0441\u0430 \u2014 \u0432\u0437\u0440\u043e\u0441\u043b\u044b\u0439 $20, \u0440\u0435\u0431\u0435\u043d\u043e\u043a $13<\/strong><\/p>\n<ul>\n<li>Trasferimento dall'hotel al centro ricreativo<\/li>\n<li>Bagno di vapore secco, 10-15 minuti<\/li>\n<li>Sauna Hammam con vapore umido, 10-15 minuti<\/li>\n<li>Guanto Kese Peeling + Massaggio con schiuma di sapone, 20-25 minuti<\/li>\n<li>Jacuzzi e tempo di relax, bevande (t\u00e8 carcad\u00e8, acqua), 15-20 minuti<\/li>\n<li>Trasferimento in hotel<\/li>\n<\/ul>\n<p><strong>Programma #2: Cleopatra e massaggio, 3 ore - adulto $25, bambino $15<\/strong><\/p>\n<ul>\n<li>Trasferimento dall'hotel al centro ricreativo<\/li>\n<li>Bagno di vapore secco, 10-15 minuti<\/li>\n<li>Sauna Hammam con vapore umido, 10-15 minuti<\/li>\n<li>Guanto Kese Peeling + Massaggio con schiuma di sapone, 20-25 minuti<\/li>\n<li>Peeling al cocco con impacco + maschera viso Cleopatra<\/li>\n<li>Jacuzzi e tempo di relax, bevande (t\u00e8 carcad\u00e8, acqua), 15-20 minuti<\/li>\n<li>Massaggio rilassante completo, 45 minuti<\/li>\n<li>Trasferimento in hotel<\/li>\n<\/ul>\n<p><strong>Programma #3: Massaggio medico, 2,5 ore - adulto $25, bambino $15<\/strong><\/p>\n<ul>\n<li>Trasferimento dall'hotel al centro ricreativo<\/li>\n<li>\u0421\u0435\u0430\u043d\u0441 \u043c\u0435\u0434\u0438\u043a\u0430\u043b-\u043c\u0430\u0441\u0441\u0430\u0436\u0430 60 \u043c\u0438\u043d\u0443\u0442<\/li>\n<li>Tempo per il riposo, bevande (t\u00e8 carcad\u00e8, acqua), 15-20 minuti.<\/li>\n<li>Trasferimento in hotel<\/li>\n<\/ul>\n<p><strong>Programma #4: Cleopatra e massaggio VIP, 3 ore - adulto $45, bambino $45. Tutti i trattamenti si svolgono in una sala VIP separata per due persone.<\/strong><\/p>\n<ul>\n<li>Trasferimento dall'hotel al centro ricreativo<\/li>\n<li>Bagno di vapore secco, 10-15 minuti<\/li>\n<li>Sauna Hammam con vapore umido, 10-15 minuti<\/li>\n<li>Guanto Kese Peeling + Massaggio con schiuma di sapone, 20-25 minuti<\/li>\n<li>Peeling al cocco con impacco + maschera viso Cleopatra<\/li>\n<li>Jacuzzi e tempo di relax, frutta, bevande (t\u00e8 carcad\u00e8, acqua), 15-20 minuti<\/li>\n<li>Massaggio rilassante completo, 45 minuti<\/li>\n<li>Trasferimento in hotel<\/li>\n<\/ul>\n<\/div>\n<\/div>\n<p><strong>Incluso:<\/strong><\/p>\n<ul>\n<li>Trasferimenti da e per l'hotel<\/li>\n<\/ul>\n<p><strong>Non incluso:<\/strong><\/p>\n<ul>\n<li>I trasferimenti dalle aree extraurbane di El Gouna, Sahl Hasheesh e Makadi Bay costano 10$ per auto fino a 6 persone. Le aree di Soma Bay e Safaga costano 20$ per auto fino a 6 persone.<\/li>\n<\/ul>\n<p><strong>Da qui, il risultato:<\/strong><\/p>\n<ul>\n<li>Costume da bagno<\/li>\n<li>Pantofole<\/li>\n<\/ul>","protected":false},"excerpt":{"rendered":"<p><strong>Orario del Tour:<\/strong> 2 o 3 ore<\/p>\n<p><strong>Giorni di Svolgimento:<\/strong> Quotidianamente<\/p>","protected":false},"featured_media":24413,"template":"","meta":{"_kad_post_transparent":"default","_kad_post_title":"","_kad_post_layout":"default","_kad_post_sidebar_id":"","_kad_post_content_style":"default","_kad_post_vertical_padding":"default","_kad_post_feature":"","_kad_post_feature_position":"","_kad_post_header":false,"_kad_post_footer":false,"_kad_post_classname":"","_glsr_average":0,"_glsr_ranking":0,"_glsr_reviews":0},"product_brand":[],"product_cat":[479],"product_tag":[],"class_list":{"0":"post-24404","1":"product","2":"type-product","3":"status-publish","4":"has-post-thumbnail","6":"product_cat-hurghadatours","7":"tm-has-options","9":"first","10":"instock","11":"sold-individually","12":"taxable","13":"shipping-taxable","14":"purchasable","15":"product-type-simple","16":"entry","17":"content-bg","18":"loop-entry"},"yoast_head":"<!-- This site is optimized with the Yoast SEO plugin v27.3 - https:\/\/yoast.com\/product\/yoast-seo-wordpress\/ -->\n<title>\u0425\u0430\u043c\u0430\u043c. \u0422\u0443\u0440\u0435\u0446\u043a\u0430\u044f \u0431\u0430\u043d\u044f &#8226; \u042d\u043a\u0441\u043a\u0443\u0440\u0441\u0438\u0438 Skyline<\/title>\n<meta name=\"robots\" content=\"index, follow, max-snippet:-1, max-image-preview:large, max-video-preview:-1\" \/>\n<link rel=\"canonical\" href=\"https:\/\/skyline-gs.com\/it\/prodotto\/hamam-turkish-sauna\/\" \/>\n<meta property=\"og:locale\" content=\"it_IT\" \/>\n<meta property=\"og:type\" content=\"article\" \/>\n<meta property=\"og:title\" content=\"\u0425\u0430\u043c\u0430\u043c. \u0422\u0443\u0440\u0435\u0446\u043a\u0430\u044f \u0431\u0430\u043d\u044f &#8226; \u042d\u043a\u0441\u043a\u0443\u0440\u0441\u0438\u0438 Skyline\" \/>\n<meta property=\"og:description\" content=\"\u0412\u0440\u0435\u043c\u044f \u0442\u0443\u0440\u0430: 2 \u0438\u043b\u0438 3 \u0447\u0430\u0441\u0430  \u0414\u043d\u0438 \u043f\u0440\u043e\u0432\u0435\u0434\u0435\u043d\u0438\u044f: \u0435\u0436\u0435\u0434\u043d\u0435\u0432\u043d\u043e\" \/>\n<meta property=\"og:url\" content=\"https:\/\/skyline-gs.com\/it\/prodotto\/hamam-turkish-sauna\/\" \/>\n<meta property=\"og:site_name\" content=\"\u042d\u043a\u0441\u043a\u0443\u0440\u0441\u0438\u0438 Skyline\" \/>\n<meta property=\"article:modified_time\" content=\"2026-02-01T13:28:27+00:00\" \/>\n<meta property=\"og:image\" content=\"https:\/\/skyline-gs.com\/wp-content\/uploads\/2021\/10\/35-1.jpg\" \/>\n\t<meta property=\"og:image:width\" content=\"669\" \/>\n\t<meta property=\"og:image:height\" content=\"446\" \/>\n\t<meta property=\"og:image:type\" content=\"image\/jpeg\" \/>\n<meta name=\"twitter:card\" content=\"summary_large_image\" \/>\n<meta name=\"twitter:label1\" content=\"Tempo di lettura stimato\" \/>\n\t<meta name=\"twitter:data1\" content=\"2 minuti\" \/>\n<script type=\"application\/ld+json\" class=\"yoast-schema-graph\">{\"@context\":\"https:\\\/\\\/schema.org\",\"@graph\":[{\"@type\":\"WebPage\",\"@id\":\"https:\\\/\\\/skyline-gs.com\\\/product\\\/hamam-turkish-sauna\\\/\",\"url\":\"https:\\\/\\\/skyline-gs.com\\\/product\\\/hamam-turkish-sauna\\\/\",\"name\":\"\u0425\u0430\u043c\u0430\u043c. \u0422\u0443\u0440\u0435\u0446\u043a\u0430\u044f \u0431\u0430\u043d\u044f &#8226; \u042d\u043a\u0441\u043a\u0443\u0440\u0441\u0438\u0438 Skyline\",\"isPartOf\":{\"@id\":\"https:\\\/\\\/skyline-gs.com\\\/it\\\/#website\"},\"primaryImageOfPage\":{\"@id\":\"https:\\\/\\\/skyline-gs.com\\\/product\\\/hamam-turkish-sauna\\\/#primaryimage\"},\"image\":{\"@id\":\"https:\\\/\\\/skyline-gs.com\\\/product\\\/hamam-turkish-sauna\\\/#primaryimage\"},\"thumbnailUrl\":\"https:\\\/\\\/skyline-gs.com\\\/wp-content\\\/uploads\\\/2021\\\/10\\\/35-1.jpg\",\"datePublished\":\"2021-10-12T09:49:03+00:00\",\"dateModified\":\"2026-02-01T13:28:27+00:00\",\"breadcrumb\":{\"@id\":\"https:\\\/\\\/skyline-gs.com\\\/product\\\/hamam-turkish-sauna\\\/#breadcrumb\"},\"inLanguage\":\"it-IT\",\"potentialAction\":[{\"@type\":\"ReadAction\",\"target\":[\"https:\\\/\\\/skyline-gs.com\\\/product\\\/hamam-turkish-sauna\\\/\"]}]},{\"@type\":\"ImageObject\",\"inLanguage\":\"it-IT\",\"@id\":\"https:\\\/\\\/skyline-gs.com\\\/product\\\/hamam-turkish-sauna\\\/#primaryimage\",\"url\":\"https:\\\/\\\/skyline-gs.com\\\/wp-content\\\/uploads\\\/2021\\\/10\\\/35-1.jpg\",\"contentUrl\":\"https:\\\/\\\/skyline-gs.com\\\/wp-content\\\/uploads\\\/2021\\\/10\\\/35-1.jpg\",\"width\":669,\"height\":446},{\"@type\":\"BreadcrumbList\",\"@id\":\"https:\\\/\\\/skyline-gs.com\\\/product\\\/hamam-turkish-sauna\\\/#breadcrumb\",\"itemListElement\":[{\"@type\":\"ListItem\",\"position\":1,\"name\":\"\u0413\u043b\u0430\u0432\u043d\u0430\u044f \u0441\u0442\u0440\u0430\u043d\u0438\u0446\u0430\",\"item\":\"https:\\\/\\\/skyline-gs.com\\\/hu\\\/\"},{\"@type\":\"ListItem\",\"position\":2,\"name\":\"\u041c\u0430\u0433\u0430\u0437\u0438\u043d\",\"item\":\"https:\\\/\\\/skyline-gs.com\\\/cs\\\/shop\\\/\"},{\"@type\":\"ListItem\",\"position\":3,\"name\":\"\u0425\u0430\u043c\u0430\u043c. \u0422\u0443\u0440\u0435\u0446\u043a\u0430\u044f \u0431\u0430\u043d\u044f\"}]},{\"@type\":\"WebSite\",\"@id\":\"https:\\\/\\\/skyline-gs.com\\\/it\\\/#website\",\"url\":\"https:\\\/\\\/skyline-gs.com\\\/it\\\/\",\"name\":\"\u042d\u043a\u0441\u043a\u0443\u0440\u0441\u0438\u0438 Skyline\",\"description\":\"\u042d\u043a\u0441\u043a\u043b\u044e\u0437\u0438\u0432\u043d\u044b\u0435 \u044d\u043a\u0441\u043a\u0443\u0440\u0441\u0438\u0438 \u043d\u0430 \u043b\u0443\u0447\u0448\u0438\u0445 \u043a\u0443\u0440\u043e\u0440\u0442\u0430\u0445 \u043c\u0438\u0440\u0430\",\"publisher\":{\"@id\":\"https:\\\/\\\/skyline-gs.com\\\/it\\\/#organization\"},\"alternateName\":\"Skyline\",\"potentialAction\":[{\"@type\":\"SearchAction\",\"target\":{\"@type\":\"EntryPoint\",\"urlTemplate\":\"https:\\\/\\\/skyline-gs.com\\\/it\\\/?s={search_term_string}\"},\"query-input\":{\"@type\":\"PropertyValueSpecification\",\"valueRequired\":true,\"valueName\":\"search_term_string\"}}],\"inLanguage\":\"it-IT\"},{\"@type\":\"Organization\",\"@id\":\"https:\\\/\\\/skyline-gs.com\\\/it\\\/#organization\",\"name\":\"\u042d\u043a\u0441\u043a\u0443\u0440\u0441\u0438\u0438 Skyline\",\"alternateName\":\"\u042d\u043a\u0441\u043a\u0443\u0440\u0441\u0438\u0438 Skyline\",\"url\":\"https:\\\/\\\/skyline-gs.com\\\/it\\\/\",\"logo\":{\"@type\":\"ImageObject\",\"inLanguage\":\"it-IT\",\"@id\":\"https:\\\/\\\/skyline-gs.com\\\/it\\\/#\\\/schema\\\/logo\\\/image\\\/\",\"url\":\"https:\\\/\\\/skyline-gs.com\\\/wp-content\\\/uploads\\\/2020\\\/12\\\/cropped-logo-2.png\",\"contentUrl\":\"https:\\\/\\\/skyline-gs.com\\\/wp-content\\\/uploads\\\/2020\\\/12\\\/cropped-logo-2.png\",\"width\":512,\"height\":512,\"caption\":\"\u042d\u043a\u0441\u043a\u0443\u0440\u0441\u0438\u0438 Skyline\"},\"image\":{\"@id\":\"https:\\\/\\\/skyline-gs.com\\\/it\\\/#\\\/schema\\\/logo\\\/image\\\/\"},\"sameAs\":[\"https:\\\/\\\/www.instagram.com\\\/skylineglobalservice\\\/\"]}]}<\/script>\n<!-- \/ Yoast SEO plugin. -->","yoast_head_json":{"title":"\u0425\u0430\u043c\u0430\u043c. \u0422\u0443\u0440\u0435\u0446\u043a\u0430\u044f \u0431\u0430\u043d\u044f &#8226; \u042d\u043a\u0441\u043a\u0443\u0440\u0441\u0438\u0438 Skyline","robots":{"index":"index","follow":"follow","max-snippet":"max-snippet:-1","max-image-preview":"max-image-preview:large","max-video-preview":"max-video-preview:-1"},"canonical":"https:\/\/skyline-gs.com\/it\/prodotto\/hamam-turkish-sauna\/","og_locale":"it_IT","og_type":"article","og_title":"\u0425\u0430\u043c\u0430\u043c. \u0422\u0443\u0440\u0435\u0446\u043a\u0430\u044f \u0431\u0430\u043d\u044f &#8226; \u042d\u043a\u0441\u043a\u0443\u0440\u0441\u0438\u0438 Skyline","og_description":"\u0412\u0440\u0435\u043c\u044f \u0442\u0443\u0440\u0430: 2 \u0438\u043b\u0438 3 \u0447\u0430\u0441\u0430  \u0414\u043d\u0438 \u043f\u0440\u043e\u0432\u0435\u0434\u0435\u043d\u0438\u044f: \u0435\u0436\u0435\u0434\u043d\u0435\u0432\u043d\u043e","og_url":"https:\/\/skyline-gs.com\/it\/prodotto\/hamam-turkish-sauna\/","og_site_name":"\u042d\u043a\u0441\u043a\u0443\u0440\u0441\u0438\u0438 Skyline","article_modified_time":"2026-02-01T13:28:27+00:00","og_image":[{"width":669,"height":446,"url":"https:\/\/skyline-gs.com\/wp-content\/uploads\/2021\/10\/35-1.jpg","type":"image\/jpeg"}],"twitter_card":"summary_large_image","twitter_misc":{"Tempo di lettura stimato":"2 minuti"},"schema":{"@context":"https:\/\/schema.org","@graph":[{"@type":"WebPage","@id":"https:\/\/skyline-gs.com\/product\/hamam-turkish-sauna\/","url":"https:\/\/skyline-gs.com\/product\/hamam-turkish-sauna\/","name":"\u0425\u0430\u043c\u0430\u043c. \u0422\u0443\u0440\u0435\u0446\u043a\u0430\u044f \u0431\u0430\u043d\u044f &#8226; \u042d\u043a\u0441\u043a\u0443\u0440\u0441\u0438\u0438 Skyline","isPartOf":{"@id":"https:\/\/skyline-gs.com\/it\/#website"},"primaryImageOfPage":{"@id":"https:\/\/skyline-gs.com\/product\/hamam-turkish-sauna\/#primaryimage"},"image":{"@id":"https:\/\/skyline-gs.com\/product\/hamam-turkish-sauna\/#primaryimage"},"thumbnailUrl":"https:\/\/skyline-gs.com\/wp-content\/uploads\/2021\/10\/35-1.jpg","datePublished":"2021-10-12T09:49:03+00:00","dateModified":"2026-02-01T13:28:27+00:00","breadcrumb":{"@id":"https:\/\/skyline-gs.com\/product\/hamam-turkish-sauna\/#breadcrumb"},"inLanguage":"it-IT","potentialAction":[{"@type":"ReadAction","target":["https:\/\/skyline-gs.com\/product\/hamam-turkish-sauna\/"]}]},{"@type":"ImageObject","inLanguage":"it-IT","@id":"https:\/\/skyline-gs.com\/product\/hamam-turkish-sauna\/#primaryimage","url":"https:\/\/skyline-gs.com\/wp-content\/uploads\/2021\/10\/35-1.jpg","contentUrl":"https:\/\/skyline-gs.com\/wp-content\/uploads\/2021\/10\/35-1.jpg","width":669,"height":446},{"@type":"BreadcrumbList","@id":"https:\/\/skyline-gs.com\/product\/hamam-turkish-sauna\/#breadcrumb","itemListElement":[{"@type":"ListItem","position":1,"name":"\u0413\u043b\u0430\u0432\u043d\u0430\u044f \u0441\u0442\u0440\u0430\u043d\u0438\u0446\u0430","item":"https:\/\/skyline-gs.com\/hu\/"},{"@type":"ListItem","position":2,"name":"\u041c\u0430\u0433\u0430\u0437\u0438\u043d","item":"https:\/\/skyline-gs.com\/cs\/shop\/"},{"@type":"ListItem","position":3,"name":"\u0425\u0430\u043c\u0430\u043c. \u0422\u0443\u0440\u0435\u0446\u043a\u0430\u044f \u0431\u0430\u043d\u044f"}]},{"@type":"WebSite","@id":"https:\/\/skyline-gs.com\/it\/#website","url":"https:\/\/skyline-gs.com\/it\/","name":"Escursioni Skyline","description":"Escursioni esclusive nei migliori resort del mondo","publisher":{"@id":"https:\/\/skyline-gs.com\/it\/#organization"},"alternateName":"Skyline","potentialAction":[{"@type":"SearchAction","target":{"@type":"EntryPoint","urlTemplate":"https:\/\/skyline-gs.com\/it\/?s={search_term_string}"},"query-input":{"@type":"PropertyValueSpecification","valueRequired":true,"valueName":"search_term_string"}}],"inLanguage":"it-IT"},{"@type":"Organization","@id":"https:\/\/skyline-gs.com\/it\/#organization","name":"Escursioni Skyline","alternateName":"\u042d\u043a\u0441\u043a\u0443\u0440\u0441\u0438\u0438 Skyline","url":"https:\/\/skyline-gs.com\/it\/","logo":{"@type":"ImageObject","inLanguage":"it-IT","@id":"https:\/\/skyline-gs.com\/it\/#\/schema\/logo\/image\/","url":"https:\/\/skyline-gs.com\/wp-content\/uploads\/2020\/12\/cropped-logo-2.png","contentUrl":"https:\/\/skyline-gs.com\/wp-content\/uploads\/2020\/12\/cropped-logo-2.png","width":512,"height":512,"caption":"\u042d\u043a\u0441\u043a\u0443\u0440\u0441\u0438\u0438 Skyline"},"image":{"@id":"https:\/\/skyline-gs.com\/it\/#\/schema\/logo\/image\/"},"sameAs":["https:\/\/www.instagram.com\/skylineglobalservice\/"]}]}},"_links":{"self":[{"href":"https:\/\/skyline-gs.com\/it\/wp-json\/wp\/v2\/product\/24404","targetHints":{"allow":["GET"]}}],"collection":[{"href":"https:\/\/skyline-gs.com\/it\/wp-json\/wp\/v2\/product"}],"about":[{"href":"https:\/\/skyline-gs.com\/it\/wp-json\/wp\/v2\/types\/product"}],"version-history":[{"count":0,"href":"https:\/\/skyline-gs.com\/it\/wp-json\/wp\/v2\/product\/24404\/revisions"}],"wp:featuredmedia":[{"embeddable":true,"href":"https:\/\/skyline-gs.com\/it\/wp-json\/wp\/v2\/media\/24413"}],"wp:attachment":[{"href":"https:\/\/skyline-gs.com\/it\/wp-json\/wp\/v2\/media?parent=24404"}],"wp:term":[{"taxonomy":"product_brand","embeddable":true,"href":"https:\/\/skyline-gs.com\/it\/wp-json\/wp\/v2\/product_brand?post=24404"},{"taxonomy":"product_cat","embeddable":true,"href":"https:\/\/skyline-gs.com\/it\/wp-json\/wp\/v2\/product_cat?post=24404"},{"taxonomy":"product_tag","embeddable":true,"href":"https:\/\/skyline-gs.com\/it\/wp-json\/wp\/v2\/product_tag?post=24404"}],"curies":[{"name":"wp","href":"https:\/\/api.w.org\/{rel}","templated":true}]}}