{"id":22672,"date":"2021-05-20T17:46:21","date_gmt":"2021-05-20T14:46:21","guid":{"rendered":"https:\/\/hurghada.skyline-gs.com\/?post_type=product&amp;p=22672"},"modified":"2021-05-20T17:46:21","modified_gmt":"2021-05-20T14:46:21","slug":"yahta-lyuks-ocean-blue","status":"publish","type":"product","link":"https:\/\/skyline-gs.com\/it\/product\/yahta-lyuks-ocean-blue\/","title":{"rendered":"Lo yacht Ocean Blue"},"content":{"rendered":"<div>\n<p>Sentitevi speciali facendo una gita in barca personalizzata con i vostri cari.<\/p>\n<p>Alle 8:00 sarete prelevati dal vostro hotel e trasferiti al porto dove inizier\u00e0 il vostro viaggio. Il nostro equipaggio a bordo vi mostrer\u00e0 le pi\u00f9 belle barriere coralline, organizzer\u00e0 battute di pesca o soste di riposo sulle isole. Rilassatevi e godetevi la vostra vacanza con il suono delle onde del mare.<\/p>\n<p>Sullo yacht vi attende un delizioso pranzo e per tutta la giornata saranno disponibili rinfreschi. Alle 16:00 trasferimento di ritorno in hotel.<\/p>\n<p><strong>Incluso:<\/strong><\/p>\n<ul>\n<li>Trasferimenti da e per l'hotel<\/li>\n<li>Noleggio di yacht ed equipaggio<\/li>\n<li>Maschere e pinne per il nuoto<\/li>\n<li>Pranzo e bevande analcoliche<\/li>\n<li>Fermate per lo snorkeling<\/li>\n<li>Mini pesca<\/li>\n<\/ul>\n<\/div>\n<p><strong>Non incluso:<\/strong><\/p>\n<ul>\n<li>Trasferimento dagli hotel di Sahl Hasheesh, Makadi: +10$ andata e ritorno per gruppi da 1 a 6 ospiti<\/li>\n<li>Trasferimento dagli hotel di Soma Bay, Safaga: +20$ andata e ritorno per gruppi da 1 a 6 ospiti<\/li>\n<\/ul>\n<p><strong>Cosa si pu\u00f2 aggiungere:<\/strong><\/p>\n<ul>\n<li>Pranzo a base di pesce +5$ per persona<\/li>\n<li>Biglietto d'ingresso a Paradise Island o Orange Island +10$ a persona<\/li>\n<li>Banana e tablet a cavallo +35$ per tutti<\/li>\n<\/ul>\n<p><strong>Portatelo con voi:<\/strong><\/p>\n<ul>\n<li>foto-videocamera<\/li>\n<li>Copricapo<\/li>\n<li>Asciugamano<\/li>\n<li>Costume da bagno, pantaloncini<\/li>\n<li>Protezione solare<\/li>\n<\/ul>\n<p><strong>Informazioni aggiuntive:<\/strong><\/p>\n<ul>\n<li>Il pagamento anticipato \u00e8 50$. Le cancellazioni e i rimborsi completi sono possibili 24 ore prima del giorno di noleggio.<\/li>\n<\/ul>","protected":false},"excerpt":{"rendered":"<p><strong>Durata:<\/strong> 7 ore<\/p>\n<p><strong>Capacit\u00e0: <\/strong>10 persone<\/p>","protected":false},"featured_media":22720,"template":"","meta":{"_kad_post_transparent":"default","_kad_post_title":"","_kad_post_layout":"default","_kad_post_sidebar_id":"","_kad_post_content_style":"default","_kad_post_vertical_padding":"default","_kad_post_feature":"","_kad_post_feature_position":"","_kad_post_header":false,"_kad_post_footer":false,"_kad_post_classname":"","_glsr_average":0,"_glsr_ranking":0,"_glsr_reviews":0},"product_brand":[],"product_cat":[481],"product_tag":[],"class_list":{"0":"post-22672","1":"product","2":"type-product","3":"status-publish","4":"has-post-thumbnail","6":"product_cat-hurghada-yachts","7":"tm-has-options","9":"first","10":"instock","11":"sale","12":"sold-individually","13":"taxable","14":"shipping-taxable","15":"purchasable","16":"product-type-simple","17":"entry","18":"content-bg","19":"loop-entry"},"yoast_head":"<!-- This site is optimized with the Yoast SEO plugin v27.3 - https:\/\/yoast.com\/product\/yoast-seo-wordpress\/ -->\n<title>\u042f\u0445\u0442\u0430 Ocean Blue &#8226; \u042d\u043a\u0441\u043a\u0443\u0440\u0441\u0438\u0438 Skyline<\/title>\n<meta name=\"robots\" content=\"index, follow, max-snippet:-1, max-image-preview:large, max-video-preview:-1\" \/>\n<link rel=\"canonical\" href=\"https:\/\/skyline-gs.com\/it\/prodotto\/yahta-lyuks-ocean-blue\/\" \/>\n<meta property=\"og:locale\" content=\"it_IT\" \/>\n<meta property=\"og:type\" content=\"article\" \/>\n<meta property=\"og:title\" content=\"\u042f\u0445\u0442\u0430 Ocean Blue &#8226; \u042d\u043a\u0441\u043a\u0443\u0440\u0441\u0438\u0438 Skyline\" \/>\n<meta property=\"og:description\" content=\"\u0414\u043b\u0438\u0442\u0435\u043b\u044c\u043d\u043e\u0441\u0442\u044c: 7 \u0447\u0430\u0441\u043e\u0432 \u0412\u043c\u0435\u0441\u0442\u0438\u0442\u0435\u043b\u044c\u043d\u043e\u0441\u0442\u044c: 10 \u0447\u0435\u043b\u043e\u0432\u0435\u043a\" \/>\n<meta property=\"og:url\" content=\"https:\/\/skyline-gs.com\/it\/prodotto\/yahta-lyuks-ocean-blue\/\" \/>\n<meta property=\"og:site_name\" content=\"\u042d\u043a\u0441\u043a\u0443\u0440\u0441\u0438\u0438 Skyline\" \/>\n<meta property=\"og:image\" content=\"https:\/\/skyline-gs.com\/wp-content\/uploads\/2021\/05\/Arenda-yahty-18-of-34.jpg\" \/>\n\t<meta property=\"og:image:width\" content=\"900\" \/>\n\t<meta property=\"og:image:height\" content=\"600\" \/>\n\t<meta property=\"og:image:type\" content=\"image\/jpeg\" \/>\n<meta name=\"twitter:card\" content=\"summary_large_image\" \/>\n<meta name=\"twitter:label1\" content=\"Tempo di lettura stimato\" \/>\n\t<meta name=\"twitter:data1\" content=\"2 minuti\" \/>\n<script type=\"application\/ld+json\" class=\"yoast-schema-graph\">{\"@context\":\"https:\\\/\\\/schema.org\",\"@graph\":[{\"@type\":\"WebPage\",\"@id\":\"https:\\\/\\\/skyline-gs.com\\\/de\\\/produkt\\\/yahta-lyuks-ocean-blue\\\/\",\"url\":\"https:\\\/\\\/skyline-gs.com\\\/de\\\/produkt\\\/yahta-lyuks-ocean-blue\\\/\",\"name\":\"\u042f\u0445\u0442\u0430 Ocean Blue &#8226; \u042d\u043a\u0441\u043a\u0443\u0440\u0441\u0438\u0438 Skyline\",\"isPartOf\":{\"@id\":\"https:\\\/\\\/skyline-gs.com\\\/it\\\/#website\"},\"primaryImageOfPage\":{\"@id\":\"https:\\\/\\\/skyline-gs.com\\\/de\\\/produkt\\\/yahta-lyuks-ocean-blue\\\/#primaryimage\"},\"image\":{\"@id\":\"https:\\\/\\\/skyline-gs.com\\\/de\\\/produkt\\\/yahta-lyuks-ocean-blue\\\/#primaryimage\"},\"thumbnailUrl\":\"https:\\\/\\\/skyline-gs.com\\\/wp-content\\\/uploads\\\/2021\\\/05\\\/Arenda-yahty-18-of-34.jpg\",\"datePublished\":\"2021-05-20T14:46:21+00:00\",\"breadcrumb\":{\"@id\":\"https:\\\/\\\/skyline-gs.com\\\/de\\\/produkt\\\/yahta-lyuks-ocean-blue\\\/#breadcrumb\"},\"inLanguage\":\"it-IT\",\"potentialAction\":[{\"@type\":\"ReadAction\",\"target\":[\"https:\\\/\\\/skyline-gs.com\\\/de\\\/produkt\\\/yahta-lyuks-ocean-blue\\\/\"]}]},{\"@type\":\"ImageObject\",\"inLanguage\":\"it-IT\",\"@id\":\"https:\\\/\\\/skyline-gs.com\\\/de\\\/produkt\\\/yahta-lyuks-ocean-blue\\\/#primaryimage\",\"url\":\"https:\\\/\\\/skyline-gs.com\\\/wp-content\\\/uploads\\\/2021\\\/05\\\/Arenda-yahty-18-of-34.jpg\",\"contentUrl\":\"https:\\\/\\\/skyline-gs.com\\\/wp-content\\\/uploads\\\/2021\\\/05\\\/Arenda-yahty-18-of-34.jpg\",\"width\":900,\"height\":600},{\"@type\":\"BreadcrumbList\",\"@id\":\"https:\\\/\\\/skyline-gs.com\\\/de\\\/produkt\\\/yahta-lyuks-ocean-blue\\\/#breadcrumb\",\"itemListElement\":[{\"@type\":\"ListItem\",\"position\":1,\"name\":\"\u0413\u043b\u0430\u0432\u043d\u0430\u044f \u0441\u0442\u0440\u0430\u043d\u0438\u0446\u0430\",\"item\":\"https:\\\/\\\/skyline-gs.com\\\/hu\\\/\"},{\"@type\":\"ListItem\",\"position\":2,\"name\":\"\u041c\u0430\u0433\u0430\u0437\u0438\u043d\",\"item\":\"https:\\\/\\\/skyline-gs.com\\\/cs\\\/shop\\\/\"},{\"@type\":\"ListItem\",\"position\":3,\"name\":\"\u042f\u0445\u0442\u0430 Ocean Blue\"}]},{\"@type\":\"WebSite\",\"@id\":\"https:\\\/\\\/skyline-gs.com\\\/it\\\/#website\",\"url\":\"https:\\\/\\\/skyline-gs.com\\\/it\\\/\",\"name\":\"\u042d\u043a\u0441\u043a\u0443\u0440\u0441\u0438\u0438 Skyline\",\"description\":\"\u042d\u043a\u0441\u043a\u043b\u044e\u0437\u0438\u0432\u043d\u044b\u0435 \u044d\u043a\u0441\u043a\u0443\u0440\u0441\u0438\u0438 \u043d\u0430 \u043b\u0443\u0447\u0448\u0438\u0445 \u043a\u0443\u0440\u043e\u0440\u0442\u0430\u0445 \u043c\u0438\u0440\u0430\",\"publisher\":{\"@id\":\"https:\\\/\\\/skyline-gs.com\\\/it\\\/#organization\"},\"alternateName\":\"Skyline\",\"potentialAction\":[{\"@type\":\"SearchAction\",\"target\":{\"@type\":\"EntryPoint\",\"urlTemplate\":\"https:\\\/\\\/skyline-gs.com\\\/it\\\/?s={search_term_string}\"},\"query-input\":{\"@type\":\"PropertyValueSpecification\",\"valueRequired\":true,\"valueName\":\"search_term_string\"}}],\"inLanguage\":\"it-IT\"},{\"@type\":\"Organization\",\"@id\":\"https:\\\/\\\/skyline-gs.com\\\/it\\\/#organization\",\"name\":\"\u042d\u043a\u0441\u043a\u0443\u0440\u0441\u0438\u0438 Skyline\",\"alternateName\":\"\u042d\u043a\u0441\u043a\u0443\u0440\u0441\u0438\u0438 Skyline\",\"url\":\"https:\\\/\\\/skyline-gs.com\\\/it\\\/\",\"logo\":{\"@type\":\"ImageObject\",\"inLanguage\":\"it-IT\",\"@id\":\"https:\\\/\\\/skyline-gs.com\\\/it\\\/#\\\/schema\\\/logo\\\/image\\\/\",\"url\":\"https:\\\/\\\/skyline-gs.com\\\/wp-content\\\/uploads\\\/2020\\\/12\\\/cropped-logo-2.png\",\"contentUrl\":\"https:\\\/\\\/skyline-gs.com\\\/wp-content\\\/uploads\\\/2020\\\/12\\\/cropped-logo-2.png\",\"width\":512,\"height\":512,\"caption\":\"\u042d\u043a\u0441\u043a\u0443\u0440\u0441\u0438\u0438 Skyline\"},\"image\":{\"@id\":\"https:\\\/\\\/skyline-gs.com\\\/it\\\/#\\\/schema\\\/logo\\\/image\\\/\"},\"sameAs\":[\"https:\\\/\\\/www.instagram.com\\\/skylineglobalservice\\\/\"]}]}<\/script>\n<!-- \/ Yoast SEO plugin. -->","yoast_head_json":{"title":"\u042f\u0445\u0442\u0430 Ocean Blue &#8226; \u042d\u043a\u0441\u043a\u0443\u0440\u0441\u0438\u0438 Skyline","robots":{"index":"index","follow":"follow","max-snippet":"max-snippet:-1","max-image-preview":"max-image-preview:large","max-video-preview":"max-video-preview:-1"},"canonical":"https:\/\/skyline-gs.com\/it\/prodotto\/yahta-lyuks-ocean-blue\/","og_locale":"it_IT","og_type":"article","og_title":"\u042f\u0445\u0442\u0430 Ocean Blue &#8226; \u042d\u043a\u0441\u043a\u0443\u0440\u0441\u0438\u0438 Skyline","og_description":"\u0414\u043b\u0438\u0442\u0435\u043b\u044c\u043d\u043e\u0441\u0442\u044c: 7 \u0447\u0430\u0441\u043e\u0432 \u0412\u043c\u0435\u0441\u0442\u0438\u0442\u0435\u043b\u044c\u043d\u043e\u0441\u0442\u044c: 10 \u0447\u0435\u043b\u043e\u0432\u0435\u043a","og_url":"https:\/\/skyline-gs.com\/it\/prodotto\/yahta-lyuks-ocean-blue\/","og_site_name":"\u042d\u043a\u0441\u043a\u0443\u0440\u0441\u0438\u0438 Skyline","og_image":[{"width":900,"height":600,"url":"https:\/\/skyline-gs.com\/wp-content\/uploads\/2021\/05\/Arenda-yahty-18-of-34.jpg","type":"image\/jpeg"}],"twitter_card":"summary_large_image","twitter_misc":{"Tempo di lettura stimato":"2 minuti"},"schema":{"@context":"https:\/\/schema.org","@graph":[{"@type":"WebPage","@id":"https:\/\/skyline-gs.com\/de\/produkt\/yahta-lyuks-ocean-blue\/","url":"https:\/\/skyline-gs.com\/de\/produkt\/yahta-lyuks-ocean-blue\/","name":"\u042f\u0445\u0442\u0430 Ocean Blue &#8226; \u042d\u043a\u0441\u043a\u0443\u0440\u0441\u0438\u0438 Skyline","isPartOf":{"@id":"https:\/\/skyline-gs.com\/it\/#website"},"primaryImageOfPage":{"@id":"https:\/\/skyline-gs.com\/de\/produkt\/yahta-lyuks-ocean-blue\/#primaryimage"},"image":{"@id":"https:\/\/skyline-gs.com\/de\/produkt\/yahta-lyuks-ocean-blue\/#primaryimage"},"thumbnailUrl":"https:\/\/skyline-gs.com\/wp-content\/uploads\/2021\/05\/Arenda-yahty-18-of-34.jpg","datePublished":"2021-05-20T14:46:21+00:00","breadcrumb":{"@id":"https:\/\/skyline-gs.com\/de\/produkt\/yahta-lyuks-ocean-blue\/#breadcrumb"},"inLanguage":"it-IT","potentialAction":[{"@type":"ReadAction","target":["https:\/\/skyline-gs.com\/de\/produkt\/yahta-lyuks-ocean-blue\/"]}]},{"@type":"ImageObject","inLanguage":"it-IT","@id":"https:\/\/skyline-gs.com\/de\/produkt\/yahta-lyuks-ocean-blue\/#primaryimage","url":"https:\/\/skyline-gs.com\/wp-content\/uploads\/2021\/05\/Arenda-yahty-18-of-34.jpg","contentUrl":"https:\/\/skyline-gs.com\/wp-content\/uploads\/2021\/05\/Arenda-yahty-18-of-34.jpg","width":900,"height":600},{"@type":"BreadcrumbList","@id":"https:\/\/skyline-gs.com\/de\/produkt\/yahta-lyuks-ocean-blue\/#breadcrumb","itemListElement":[{"@type":"ListItem","position":1,"name":"\u0413\u043b\u0430\u0432\u043d\u0430\u044f \u0441\u0442\u0440\u0430\u043d\u0438\u0446\u0430","item":"https:\/\/skyline-gs.com\/hu\/"},{"@type":"ListItem","position":2,"name":"\u041c\u0430\u0433\u0430\u0437\u0438\u043d","item":"https:\/\/skyline-gs.com\/cs\/shop\/"},{"@type":"ListItem","position":3,"name":"\u042f\u0445\u0442\u0430 Ocean Blue"}]},{"@type":"WebSite","@id":"https:\/\/skyline-gs.com\/it\/#website","url":"https:\/\/skyline-gs.com\/it\/","name":"Escursioni Skyline","description":"Escursioni esclusive nei migliori resort del mondo","publisher":{"@id":"https:\/\/skyline-gs.com\/it\/#organization"},"alternateName":"Skyline","potentialAction":[{"@type":"SearchAction","target":{"@type":"EntryPoint","urlTemplate":"https:\/\/skyline-gs.com\/it\/?s={search_term_string}"},"query-input":{"@type":"PropertyValueSpecification","valueRequired":true,"valueName":"search_term_string"}}],"inLanguage":"it-IT"},{"@type":"Organization","@id":"https:\/\/skyline-gs.com\/it\/#organization","name":"Escursioni Skyline","alternateName":"\u042d\u043a\u0441\u043a\u0443\u0440\u0441\u0438\u0438 Skyline","url":"https:\/\/skyline-gs.com\/it\/","logo":{"@type":"ImageObject","inLanguage":"it-IT","@id":"https:\/\/skyline-gs.com\/it\/#\/schema\/logo\/image\/","url":"https:\/\/skyline-gs.com\/wp-content\/uploads\/2020\/12\/cropped-logo-2.png","contentUrl":"https:\/\/skyline-gs.com\/wp-content\/uploads\/2020\/12\/cropped-logo-2.png","width":512,"height":512,"caption":"\u042d\u043a\u0441\u043a\u0443\u0440\u0441\u0438\u0438 Skyline"},"image":{"@id":"https:\/\/skyline-gs.com\/it\/#\/schema\/logo\/image\/"},"sameAs":["https:\/\/www.instagram.com\/skylineglobalservice\/"]}]}},"_links":{"self":[{"href":"https:\/\/skyline-gs.com\/it\/wp-json\/wp\/v2\/product\/22672","targetHints":{"allow":["GET"]}}],"collection":[{"href":"https:\/\/skyline-gs.com\/it\/wp-json\/wp\/v2\/product"}],"about":[{"href":"https:\/\/skyline-gs.com\/it\/wp-json\/wp\/v2\/types\/product"}],"version-history":[{"count":0,"href":"https:\/\/skyline-gs.com\/it\/wp-json\/wp\/v2\/product\/22672\/revisions"}],"wp:featuredmedia":[{"embeddable":true,"href":"https:\/\/skyline-gs.com\/it\/wp-json\/wp\/v2\/media\/22720"}],"wp:attachment":[{"href":"https:\/\/skyline-gs.com\/it\/wp-json\/wp\/v2\/media?parent=22672"}],"wp:term":[{"taxonomy":"product_brand","embeddable":true,"href":"https:\/\/skyline-gs.com\/it\/wp-json\/wp\/v2\/product_brand?post=22672"},{"taxonomy":"product_cat","embeddable":true,"href":"https:\/\/skyline-gs.com\/it\/wp-json\/wp\/v2\/product_cat?post=22672"},{"taxonomy":"product_tag","embeddable":true,"href":"https:\/\/skyline-gs.com\/it\/wp-json\/wp\/v2\/product_tag?post=22672"}],"curies":[{"name":"wp","href":"https:\/\/api.w.org\/{rel}","templated":true}]}}