{"id":18044,"date":"2021-01-05T12:19:04","date_gmt":"2021-01-05T09:19:04","guid":{"rendered":"http:\/\/zanzibar.skyline-gs.com\/?post_type=product&#038;p=18044"},"modified":"2026-03-12T17:51:23","modified_gmt":"2026-03-12T15:51:23","slug":"nel-cratere-del-vulcano-kilimangiaro","status":"publish","type":"product","link":"https:\/\/skyline-gs.com\/it\/product\/v-kratere-vulkana-i-kilimandzharo\/","title":{"rendered":"Tarangire, Ngorongoro, Kilimanjaro e trib\u00f9 Chaga (3 giorni)"},"content":{"rendered":"<p>Sognate di toccare con mano la natura selvaggia, di vedere i siti pi\u00f9 iconici della Tanzania e di sperimentare la cultura di antiche trib\u00f9? Questo tour \u00e8 la scelta perfetta! In tre giorni scoprirete la diversit\u00e0 dei paesaggi africani, dalle savane alle foreste di montagna, vedrete animali rari nel loro habitat naturale e conoscerete le tradizioni Maasai e Chaga.<\/p>\n<ul>\n<li><strong>Diversit\u00e0 di esperienze<\/strong>: vedrete i principali tesori naturali della Tanzania, dalle enormi mandrie di elefanti nel Tarangire ai fenicotteri rosa nel cratere di Ngorongoro.<\/li>\n<li><strong>Immersione culturale<\/strong>L'interazione dal vivo con le trib\u00f9 Maasai e Chaga vi far\u00e0 vivere un'esperienza unica che non si trova nei tour convenzionali.<\/li>\n<li><strong>L'equilibrio perfetto tra relax e avventura<\/strong>Un ricco programma prevede safari e una facile escursione lungo i verdi sentieri del Kilimanjaro con vista sulle cascate di Materuni.<\/li>\n<li><strong>Comfort e organizzazione<\/strong>Tutti i voli, i trasferimenti, i pasti e l'alloggio sono inclusi. Non vi resta che godervi il viaggio.<\/li>\n<\/ul>\n<h4><strong>Giorno 1: Parco nazionale del Tarangire e villaggio Maasai<\/strong><\/h4>\n<p>Alle 5:00 check-out dall'hotel e inizio dell'avventura con un volo per la Tanzania continentale. Il primo punto del programma \u00e8 il Parco Nazionale Tarangire, famoso per i suoi branchi di elefanti e i magnifici baobab. Potrete vedere giraffe, leoni, antilopi e altri animali nel loro ambiente naturale.<\/p>\n<p>Nel pomeriggio, potrete gustare un pranzo al sacco, dopo il quale il safari proseguir\u00e0 fino a sera. Concludete la giornata con una visita a un villaggio Masai, dove potrete conoscere le antiche tradizioni, i rituali e la vita di questo popolo straordinario. Il pernottamento in hotel vi garantir\u00e0 un riposo confortevole.<\/p>\n<h4><strong>Giorno 2: Cratere di Ngorongoro<\/strong><\/h4>\n<p>Il secondo giorno vi recherete in una riserva unica: il cratere di Ngorongoro, spesso definito \"l'ottava meraviglia del mondo\". Qui vi troverete in un vero paradiso per gli amanti della fauna selvatica. Rinoceronti neri, ippopotami, leoni, ghepardi, iene e stormi di fenicotteri: vedrete tutto questo in un unico luogo.<\/p>\n<p>Il pranzo si svolger\u00e0 sullo sfondo di uno scenario mozzafiato e la serata si concluder\u00e0 con il trasferimento alla citt\u00e0 di Moshi, dove pernotterete in un accogliente hotel.<\/p>\n<h4><strong>Giorno 3: Kilimangiaro e cultura Chaga<\/strong><\/h4>\n<p>Iniziate la giornata con una vista mozzafiato sul Kilimanjaro, la montagna pi\u00f9 alta dell'Africa. Al mattino vi godrete un facile trekking attraverso le verdi foreste del primo livello della montagna. Potrete godere dell'aria pulita, conoscere la flora e la fauna locali e visitare la cascata Materuni, un vero tesoro naturale.<\/p>\n<p>Dopo la passeggiata si andr\u00e0 alle piantagioni di caff\u00e8, dove si apprenderanno i segreti della produzione del caff\u00e8 e si assagger\u00e0 il miglior caff\u00e8 fresco. La parte finale della giornata sar\u00e0 un'introduzione alla cucina della trib\u00f9 Chaga: assaggerete piatti tradizionali creati secondo antiche ricette.<\/p>\n<p>In serata vi attende il volo di ritorno a Zanzibar.<\/p>\n<p><strong>Incluso:<\/strong><\/p>\n<ul>\n<li>Volo Zanzibar-Arusha-Zanzibar<\/li>\n<li>Tutti i trasferimenti in viaggio<\/li>\n<li>Incontro con il gruppo in aeroporto<\/li>\n<li>Sistemazione in hotel e lodge in base al programma<\/li>\n<li>Tre pasti al giorno durante il safari<\/li>\n<li>Bere acqua in bottiglia e bevande analcoliche per tutta la durata del tour<\/li>\n<li>Kit medico<\/li>\n<li>Accompagnati da una guida ranger qualificata<\/li>\n<li>Safari ed escursioni secondo il programma in jeep safari 4*4 a trazione integrale<\/li>\n<li>Scalare il primo livello del Kilimangiaro<\/li>\n<li>Biglietti d'ingresso ai parchi nazionali<\/li>\n<\/ul>\n<p><strong>Da qui, il risultato:<\/strong><\/p>\n<ul>\n<li>Passaporto. Anche se Zanzibar fa parte della Tanzania, tutti passano il controllo passaporti all'aeroporto.<\/li>\n<li>Scarpe e vestiti comodi. \u041b<span class=\"fontstyle0\">pantaloni leggeri, camicia a maniche lunghe, maglietta, effetti personali (fino a 5 kg)<\/span><\/li>\n<li>Una giacca, in caso di pioggia o di serate fredde<\/li>\n<li>Apparecchiature foto-video. Caricate i vostri dispositivi con largo anticipo<\/li>\n<li>Cambiate il vostro denaro in banconote di piccolo taglio. Sono utili per i souvenir e per dare la mancia ai ranger. Mancia consigliata 5$ a persona<\/li>\n<li>Spuntino mattutino (spiegate alla reception dell'hotel che state partendo la mattina presto per un'escursione e che avete bisogno di preparare un cestino per il pranzo, gli hotel forniranno questo servizio gratuitamente).<\/li>\n<li><span class=\"fontstyle0\">Occhiali da sole e panama, crema solare<\/span><\/li>\n<li><span class=\"fontstyle0\">Prodotti per l'igiene personale, kit di pronto soccorso personale<\/span><\/li>\n<li><span class=\"fontstyle0\">Gel igienizzante per le mani<\/span><\/li>\n<\/ul>\n<p><strong>Condizioni di prenotazione:<\/strong><\/p>\n<ul>\n<li>\u041f\u0440\u0435\u0434\u043e\u043f\u043b\u0430\u0442\u0430 30% (\u043f\u0440\u0435\u0434\u043e\u043f\u043b\u0430\u0442\u0430 \u043f\u0440\u0438\u043d\u0438\u043c\u0430\u0435\u0442\u0441\u044f \u043d\u0430\u043b\u0438\u0447\u043d\u044b\u043c\u0438 \u0438\u043b\u0438 \u043d\u0430 \u0431\u0430\u043d\u043a\u043e\u0432\u0441\u043a\u0443\u044e \u043a\u0430\u0440\u0442\u0443). <strong>\u041f\u0440\u0435\u0434\u043e\u043f\u043b\u0430\u0442\u0430 \u043d\u0435 \u0432\u043e\u0437\u0432\u0440\u0430\u0449\u0430\u0435\u0442\u0441\u044f.<\/strong><\/li>\n<\/ul>","protected":false},"excerpt":{"rendered":"<p><strong>Orario del Tour:<\/strong> 3 giorni<\/p>\n<p><strong>Giorni di Svolgimento:<\/strong> Quotidianamente<\/p>","protected":false},"featured_media":18045,"template":"","meta":{"_kad_post_transparent":"default","_kad_post_title":"","_kad_post_layout":"default","_kad_post_sidebar_id":"","_kad_post_content_style":"default","_kad_post_vertical_padding":"default","_kad_post_feature":"","_kad_post_feature_position":"","_kad_post_header":false,"_kad_post_footer":false,"_kad_post_classname":"","_glsr_average":0,"_glsr_ranking":0,"_glsr_reviews":0},"product_brand":[],"product_cat":[468,469],"product_tag":[],"class_list":{"0":"post-18044","1":"product","2":"type-product","3":"status-publish","4":"has-post-thumbnail","6":"product_cat-zanzibar-safari","7":"product_cat-tours","8":"tm-has-options","10":"first","11":"instock","12":"sold-individually","13":"taxable","14":"shipping-taxable","15":"purchasable","16":"product-type-simple","17":"entry","18":"content-bg","19":"loop-entry"},"yoast_head":"<!-- This site is optimized with the Yoast SEO plugin v27.3 - https:\/\/yoast.com\/product\/yoast-seo-wordpress\/ -->\n<title>\u0422\u0430\u0440\u0430\u043d\u0433\u0438\u0440\u0435, \u041d\u0433\u043e\u0440\u043e\u043d\u0433\u043e\u0440\u043e, \u041a\u0438\u043b\u0438\u043c\u0430\u043d\u0434\u0436\u0430\u0440\u043e \u0438 \u043f\u043b\u0435\u043c\u044f \u0427\u0430\u0433\u0430 (3 \u0434\u043d\u044f) &#8226; \u042d\u043a\u0441\u043a\u0443\u0440\u0441\u0438\u0438 Skyline<\/title>\n<meta name=\"robots\" content=\"index, follow, max-snippet:-1, max-image-preview:large, max-video-preview:-1\" \/>\n<link rel=\"canonical\" href=\"https:\/\/skyline-gs.com\/it\/prodotto\/nel-cratere-del-vulcano-kilimangiaro\/\" \/>\n<meta property=\"og:locale\" content=\"it_IT\" \/>\n<meta property=\"og:type\" content=\"article\" \/>\n<meta property=\"og:title\" content=\"\u0422\u0430\u0440\u0430\u043d\u0433\u0438\u0440\u0435, \u041d\u0433\u043e\u0440\u043e\u043d\u0433\u043e\u0440\u043e, \u041a\u0438\u043b\u0438\u043c\u0430\u043d\u0434\u0436\u0430\u0440\u043e \u0438 \u043f\u043b\u0435\u043c\u044f \u0427\u0430\u0433\u0430 (3 \u0434\u043d\u044f) &#8226; \u042d\u043a\u0441\u043a\u0443\u0440\u0441\u0438\u0438 Skyline\" \/>\n<meta property=\"og:description\" content=\"\u0412\u0440\u0435\u043c\u044f \u0442\u0443\u0440\u0430: 3 \u0434\u043d\u044f  \u0414\u043d\u0438 \u043f\u0440\u043e\u0432\u0435\u0434\u0435\u043d\u0438\u044f: \u0435\u0436\u0435\u0434\u043d\u0435\u0432\u043d\u043e\" \/>\n<meta property=\"og:url\" content=\"https:\/\/skyline-gs.com\/it\/prodotto\/nel-cratere-del-vulcano-kilimangiaro\/\" \/>\n<meta property=\"og:site_name\" content=\"\u042d\u043a\u0441\u043a\u0443\u0440\u0441\u0438\u0438 Skyline\" \/>\n<meta property=\"article:modified_time\" content=\"2026-03-12T15:51:23+00:00\" \/>\n<meta property=\"og:image\" content=\"https:\/\/skyline-gs.com\/wp-content\/uploads\/2021\/01\/Kilimandzharo-e1609839107975.jpg\" \/>\n\t<meta property=\"og:image:width\" content=\"900\" \/>\n\t<meta property=\"og:image:height\" content=\"600\" \/>\n\t<meta property=\"og:image:type\" content=\"image\/jpeg\" \/>\n<meta name=\"twitter:card\" content=\"summary_large_image\" \/>\n<meta name=\"twitter:label1\" content=\"Tempo di lettura stimato\" \/>\n\t<meta name=\"twitter:data1\" content=\"4 minuti\" \/>\n<script type=\"application\/ld+json\" class=\"yoast-schema-graph\">{\"@context\":\"https:\\\/\\\/schema.org\",\"@graph\":[{\"@type\":\"WebPage\",\"@id\":\"https:\\\/\\\/skyline-gs.com\\\/product\\\/v-kratere-vulkana-i-kilimandzharo\\\/\",\"url\":\"https:\\\/\\\/skyline-gs.com\\\/product\\\/v-kratere-vulkana-i-kilimandzharo\\\/\",\"name\":\"\u0422\u0430\u0440\u0430\u043d\u0433\u0438\u0440\u0435, \u041d\u0433\u043e\u0440\u043e\u043d\u0433\u043e\u0440\u043e, \u041a\u0438\u043b\u0438\u043c\u0430\u043d\u0434\u0436\u0430\u0440\u043e \u0438 \u043f\u043b\u0435\u043c\u044f \u0427\u0430\u0433\u0430 (3 \u0434\u043d\u044f) &#8226; \u042d\u043a\u0441\u043a\u0443\u0440\u0441\u0438\u0438 Skyline\",\"isPartOf\":{\"@id\":\"https:\\\/\\\/skyline-gs.com\\\/it\\\/#website\"},\"primaryImageOfPage\":{\"@id\":\"https:\\\/\\\/skyline-gs.com\\\/product\\\/v-kratere-vulkana-i-kilimandzharo\\\/#primaryimage\"},\"image\":{\"@id\":\"https:\\\/\\\/skyline-gs.com\\\/product\\\/v-kratere-vulkana-i-kilimandzharo\\\/#primaryimage\"},\"thumbnailUrl\":\"https:\\\/\\\/skyline-gs.com\\\/wp-content\\\/uploads\\\/2021\\\/01\\\/Kilimandzharo-e1609839107975.jpg\",\"datePublished\":\"2021-01-05T09:19:04+00:00\",\"dateModified\":\"2026-03-12T15:51:23+00:00\",\"breadcrumb\":{\"@id\":\"https:\\\/\\\/skyline-gs.com\\\/product\\\/v-kratere-vulkana-i-kilimandzharo\\\/#breadcrumb\"},\"inLanguage\":\"it-IT\",\"potentialAction\":[{\"@type\":\"ReadAction\",\"target\":[\"https:\\\/\\\/skyline-gs.com\\\/product\\\/v-kratere-vulkana-i-kilimandzharo\\\/\"]}]},{\"@type\":\"ImageObject\",\"inLanguage\":\"it-IT\",\"@id\":\"https:\\\/\\\/skyline-gs.com\\\/product\\\/v-kratere-vulkana-i-kilimandzharo\\\/#primaryimage\",\"url\":\"https:\\\/\\\/skyline-gs.com\\\/wp-content\\\/uploads\\\/2021\\\/01\\\/Kilimandzharo-e1609839107975.jpg\",\"contentUrl\":\"https:\\\/\\\/skyline-gs.com\\\/wp-content\\\/uploads\\\/2021\\\/01\\\/Kilimandzharo-e1609839107975.jpg\",\"width\":900,\"height\":600},{\"@type\":\"BreadcrumbList\",\"@id\":\"https:\\\/\\\/skyline-gs.com\\\/product\\\/v-kratere-vulkana-i-kilimandzharo\\\/#breadcrumb\",\"itemListElement\":[{\"@type\":\"ListItem\",\"position\":1,\"name\":\"\u0413\u043b\u0430\u0432\u043d\u0430\u044f \u0441\u0442\u0440\u0430\u043d\u0438\u0446\u0430\",\"item\":\"https:\\\/\\\/skyline-gs.com\\\/hu\\\/\"},{\"@type\":\"ListItem\",\"position\":2,\"name\":\"\u041c\u0430\u0433\u0430\u0437\u0438\u043d\",\"item\":\"https:\\\/\\\/skyline-gs.com\\\/cs\\\/shop\\\/\"},{\"@type\":\"ListItem\",\"position\":3,\"name\":\"\u0422\u0430\u0440\u0430\u043d\u0433\u0438\u0440\u0435, \u041d\u0433\u043e\u0440\u043e\u043d\u0433\u043e\u0440\u043e, \u041a\u0438\u043b\u0438\u043c\u0430\u043d\u0434\u0436\u0430\u0440\u043e \u0438 \u043f\u043b\u0435\u043c\u044f \u0427\u0430\u0433\u0430 (3 \u0434\u043d\u044f)\"}]},{\"@type\":\"WebSite\",\"@id\":\"https:\\\/\\\/skyline-gs.com\\\/it\\\/#website\",\"url\":\"https:\\\/\\\/skyline-gs.com\\\/it\\\/\",\"name\":\"\u042d\u043a\u0441\u043a\u0443\u0440\u0441\u0438\u0438 Skyline\",\"description\":\"\u042d\u043a\u0441\u043a\u043b\u044e\u0437\u0438\u0432\u043d\u044b\u0435 \u044d\u043a\u0441\u043a\u0443\u0440\u0441\u0438\u0438 \u043d\u0430 \u043b\u0443\u0447\u0448\u0438\u0445 \u043a\u0443\u0440\u043e\u0440\u0442\u0430\u0445 \u043c\u0438\u0440\u0430\",\"publisher\":{\"@id\":\"https:\\\/\\\/skyline-gs.com\\\/it\\\/#organization\"},\"alternateName\":\"Skyline\",\"potentialAction\":[{\"@type\":\"SearchAction\",\"target\":{\"@type\":\"EntryPoint\",\"urlTemplate\":\"https:\\\/\\\/skyline-gs.com\\\/it\\\/?s={search_term_string}\"},\"query-input\":{\"@type\":\"PropertyValueSpecification\",\"valueRequired\":true,\"valueName\":\"search_term_string\"}}],\"inLanguage\":\"it-IT\"},{\"@type\":\"Organization\",\"@id\":\"https:\\\/\\\/skyline-gs.com\\\/it\\\/#organization\",\"name\":\"\u042d\u043a\u0441\u043a\u0443\u0440\u0441\u0438\u0438 Skyline\",\"alternateName\":\"\u042d\u043a\u0441\u043a\u0443\u0440\u0441\u0438\u0438 Skyline\",\"url\":\"https:\\\/\\\/skyline-gs.com\\\/it\\\/\",\"logo\":{\"@type\":\"ImageObject\",\"inLanguage\":\"it-IT\",\"@id\":\"https:\\\/\\\/skyline-gs.com\\\/it\\\/#\\\/schema\\\/logo\\\/image\\\/\",\"url\":\"https:\\\/\\\/skyline-gs.com\\\/wp-content\\\/uploads\\\/2020\\\/12\\\/cropped-logo-2.png\",\"contentUrl\":\"https:\\\/\\\/skyline-gs.com\\\/wp-content\\\/uploads\\\/2020\\\/12\\\/cropped-logo-2.png\",\"width\":512,\"height\":512,\"caption\":\"\u042d\u043a\u0441\u043a\u0443\u0440\u0441\u0438\u0438 Skyline\"},\"image\":{\"@id\":\"https:\\\/\\\/skyline-gs.com\\\/it\\\/#\\\/schema\\\/logo\\\/image\\\/\"},\"sameAs\":[\"https:\\\/\\\/www.instagram.com\\\/skylineglobalservice\\\/\"]}]}<\/script>\n<!-- \/ Yoast SEO plugin. -->","yoast_head_json":{"title":"Tarangire, Ngorongoro, Kilimanjaro e la trib\u00f9 dei Chaga (3 giorni) - Skyline Escursioni","robots":{"index":"index","follow":"follow","max-snippet":"max-snippet:-1","max-image-preview":"max-image-preview:large","max-video-preview":"max-video-preview:-1"},"canonical":"https:\/\/skyline-gs.com\/it\/prodotto\/nel-cratere-del-vulcano-kilimangiaro\/","og_locale":"it_IT","og_type":"article","og_title":"\u0422\u0430\u0440\u0430\u043d\u0433\u0438\u0440\u0435, \u041d\u0433\u043e\u0440\u043e\u043d\u0433\u043e\u0440\u043e, \u041a\u0438\u043b\u0438\u043c\u0430\u043d\u0434\u0436\u0430\u0440\u043e \u0438 \u043f\u043b\u0435\u043c\u044f \u0427\u0430\u0433\u0430 (3 \u0434\u043d\u044f) &#8226; \u042d\u043a\u0441\u043a\u0443\u0440\u0441\u0438\u0438 Skyline","og_description":"\u0412\u0440\u0435\u043c\u044f \u0442\u0443\u0440\u0430: 3 \u0434\u043d\u044f  \u0414\u043d\u0438 \u043f\u0440\u043e\u0432\u0435\u0434\u0435\u043d\u0438\u044f: \u0435\u0436\u0435\u0434\u043d\u0435\u0432\u043d\u043e","og_url":"https:\/\/skyline-gs.com\/it\/prodotto\/nel-cratere-del-vulcano-kilimangiaro\/","og_site_name":"\u042d\u043a\u0441\u043a\u0443\u0440\u0441\u0438\u0438 Skyline","article_modified_time":"2026-03-12T15:51:23+00:00","og_image":[{"width":900,"height":600,"url":"https:\/\/skyline-gs.com\/wp-content\/uploads\/2021\/01\/Kilimandzharo-e1609839107975.jpg","type":"image\/jpeg"}],"twitter_card":"summary_large_image","twitter_misc":{"Tempo di lettura stimato":"4 minuti"},"schema":{"@context":"https:\/\/schema.org","@graph":[{"@type":"WebPage","@id":"https:\/\/skyline-gs.com\/product\/v-kratere-vulkana-i-kilimandzharo\/","url":"https:\/\/skyline-gs.com\/product\/v-kratere-vulkana-i-kilimandzharo\/","name":"Tarangire, Ngorongoro, Kilimanjaro e la trib\u00f9 dei Chaga (3 giorni) - Skyline Escursioni","isPartOf":{"@id":"https:\/\/skyline-gs.com\/it\/#website"},"primaryImageOfPage":{"@id":"https:\/\/skyline-gs.com\/product\/v-kratere-vulkana-i-kilimandzharo\/#primaryimage"},"image":{"@id":"https:\/\/skyline-gs.com\/product\/v-kratere-vulkana-i-kilimandzharo\/#primaryimage"},"thumbnailUrl":"https:\/\/skyline-gs.com\/wp-content\/uploads\/2021\/01\/Kilimandzharo-e1609839107975.jpg","datePublished":"2021-01-05T09:19:04+00:00","dateModified":"2026-03-12T15:51:23+00:00","breadcrumb":{"@id":"https:\/\/skyline-gs.com\/product\/v-kratere-vulkana-i-kilimandzharo\/#breadcrumb"},"inLanguage":"it-IT","potentialAction":[{"@type":"ReadAction","target":["https:\/\/skyline-gs.com\/product\/v-kratere-vulkana-i-kilimandzharo\/"]}]},{"@type":"ImageObject","inLanguage":"it-IT","@id":"https:\/\/skyline-gs.com\/product\/v-kratere-vulkana-i-kilimandzharo\/#primaryimage","url":"https:\/\/skyline-gs.com\/wp-content\/uploads\/2021\/01\/Kilimandzharo-e1609839107975.jpg","contentUrl":"https:\/\/skyline-gs.com\/wp-content\/uploads\/2021\/01\/Kilimandzharo-e1609839107975.jpg","width":900,"height":600},{"@type":"BreadcrumbList","@id":"https:\/\/skyline-gs.com\/product\/v-kratere-vulkana-i-kilimandzharo\/#breadcrumb","itemListElement":[{"@type":"ListItem","position":1,"name":"\u0413\u043b\u0430\u0432\u043d\u0430\u044f \u0441\u0442\u0440\u0430\u043d\u0438\u0446\u0430","item":"https:\/\/skyline-gs.com\/hu\/"},{"@type":"ListItem","position":2,"name":"\u041c\u0430\u0433\u0430\u0437\u0438\u043d","item":"https:\/\/skyline-gs.com\/cs\/shop\/"},{"@type":"ListItem","position":3,"name":"\u0422\u0430\u0440\u0430\u043d\u0433\u0438\u0440\u0435, \u041d\u0433\u043e\u0440\u043e\u043d\u0433\u043e\u0440\u043e, \u041a\u0438\u043b\u0438\u043c\u0430\u043d\u0434\u0436\u0430\u0440\u043e \u0438 \u043f\u043b\u0435\u043c\u044f \u0427\u0430\u0433\u0430 (3 \u0434\u043d\u044f)"}]},{"@type":"WebSite","@id":"https:\/\/skyline-gs.com\/it\/#website","url":"https:\/\/skyline-gs.com\/it\/","name":"Escursioni Skyline","description":"Escursioni esclusive nei migliori resort del mondo","publisher":{"@id":"https:\/\/skyline-gs.com\/it\/#organization"},"alternateName":"Skyline","potentialAction":[{"@type":"SearchAction","target":{"@type":"EntryPoint","urlTemplate":"https:\/\/skyline-gs.com\/it\/?s={search_term_string}"},"query-input":{"@type":"PropertyValueSpecification","valueRequired":true,"valueName":"search_term_string"}}],"inLanguage":"it-IT"},{"@type":"Organization","@id":"https:\/\/skyline-gs.com\/it\/#organization","name":"Escursioni Skyline","alternateName":"\u042d\u043a\u0441\u043a\u0443\u0440\u0441\u0438\u0438 Skyline","url":"https:\/\/skyline-gs.com\/it\/","logo":{"@type":"ImageObject","inLanguage":"it-IT","@id":"https:\/\/skyline-gs.com\/it\/#\/schema\/logo\/image\/","url":"https:\/\/skyline-gs.com\/wp-content\/uploads\/2020\/12\/cropped-logo-2.png","contentUrl":"https:\/\/skyline-gs.com\/wp-content\/uploads\/2020\/12\/cropped-logo-2.png","width":512,"height":512,"caption":"\u042d\u043a\u0441\u043a\u0443\u0440\u0441\u0438\u0438 Skyline"},"image":{"@id":"https:\/\/skyline-gs.com\/it\/#\/schema\/logo\/image\/"},"sameAs":["https:\/\/www.instagram.com\/skylineglobalservice\/"]}]}},"_links":{"self":[{"href":"https:\/\/skyline-gs.com\/it\/wp-json\/wp\/v2\/product\/18044","targetHints":{"allow":["GET"]}}],"collection":[{"href":"https:\/\/skyline-gs.com\/it\/wp-json\/wp\/v2\/product"}],"about":[{"href":"https:\/\/skyline-gs.com\/it\/wp-json\/wp\/v2\/types\/product"}],"version-history":[{"count":0,"href":"https:\/\/skyline-gs.com\/it\/wp-json\/wp\/v2\/product\/18044\/revisions"}],"wp:featuredmedia":[{"embeddable":true,"href":"https:\/\/skyline-gs.com\/it\/wp-json\/wp\/v2\/media\/18045"}],"wp:attachment":[{"href":"https:\/\/skyline-gs.com\/it\/wp-json\/wp\/v2\/media?parent=18044"}],"wp:term":[{"taxonomy":"product_brand","embeddable":true,"href":"https:\/\/skyline-gs.com\/it\/wp-json\/wp\/v2\/product_brand?post=18044"},{"taxonomy":"product_cat","embeddable":true,"href":"https:\/\/skyline-gs.com\/it\/wp-json\/wp\/v2\/product_cat?post=18044"},{"taxonomy":"product_tag","embeddable":true,"href":"https:\/\/skyline-gs.com\/it\/wp-json\/wp\/v2\/product_tag?post=18044"}],"curies":[{"name":"wp","href":"https:\/\/api.w.org\/{rel}","templated":true}]}}