{"id":17943,"date":"2020-12-30T19:01:32","date_gmt":"2020-12-30T16:01:32","guid":{"rendered":"http:\/\/zanzibar.skyline-gs.com\/?post_type=product&#038;p=17943"},"modified":"2026-03-12T17:11:10","modified_gmt":"2026-03-12T15:11:10","slug":"mikumi-2-dnya-2","status":"publish","type":"product","link":"https:\/\/skyline-gs.com\/it\/product\/mikumi-2-dnya-2\/","title":{"rendered":"Mikumi 2 giorni (volo diretto)"},"content":{"rendered":"<p><strong>Giorno 1<\/strong><\/p>\n<p>Partenza dall'hotel alle 05:30. Trasferimento all'aeroporto. Partenza alle 07:00, tempo di percorrenza circa 15 minuti. Arrivo all'aeroporto di Dar es Salaam. Trasferimento alla Riserva di Mikumi, durata stimata del viaggio 5-6 ore. Durante il trasferimento sosta per il pranzo nella citt\u00e0 di Morogoro. All'arrivo nel Parco Nazionale inizier\u00e0 il Safari, un viaggio attraverso la vastit\u00e0 della riserva con gli animali selvatici. Durante il percorso potrete vedere molti animali, in particolare giraffe, leoni, ghepardi, elefanti e molti altri abitanti del Parco Nazionale. Al termine del safari, check-in presso l'hotel Mikumi Bandas. Cena.<\/p>\n<p><strong>Giorno 2<\/strong><\/p>\n<p>Prima colazione intorno alle 6, check-out. A tutti i turisti verr\u00e0 fornito il pranzo al sacco. Proseguimento di un affascinante viaggio attraverso la vastit\u00e0 della riserva. Godetevi tutta la bellezza della savana, fotografate i predatori, catturate momenti indimenticabili e deliziate le vostre emozioni selvagge che rimarranno per tutta la vita. Al termine sarete trasferiti all'aeroporto. 16:30 volo per Zanzibar. 17:00 prelievo dall'aeroporto e trasferimento in hotel. Intorno alle 18:00 rientro in hotel.<\/p>\n<p><strong>Cosa \u00e8 incluso:<\/strong><\/p>\n<ul>\n<li>Tutti i trasferimenti previsti dal programma<\/li>\n<li>Trasferimento da e per l'hotel<\/li>\n<li>Volo diretto Zanzibar - Parco Mikumi - Zanzibar<\/li>\n<li>Sistemazione al Mikumi Bandas Lodge<\/li>\n<li>Tre pasti al giorno durante il safari<\/li>\n<li>Bere acqua in bottiglia e bevande analcoliche per tutta la durata del tour<\/li>\n<li>Kit medico<\/li>\n<li>Accompagnati da una guida ranger qualificata di lingua inglese<\/li>\n<li>Safari ed escursioni secondo il programma in jeep safari 4*4 a trazione integrale<\/li>\n<li>Biglietti d'ingresso ai parchi nazionali<\/li>\n<\/ul>\n<p><strong>Da qui, il risultato:<\/strong><\/p>\n<ul>\n<li>Passaporto. Anche se Zanzibar fa parte della Tanzania, tutti passano il controllo passaporti all'aeroporto.<\/li>\n<li>Scarpe e vestiti comodi. \u041b<span class=\"fontstyle0\">pantaloni leggeri, camicia a maniche lunghe, maglietta, effetti personali (fino a 5 kg)<\/span><\/li>\n<li>Una giacca, in caso di pioggia o di serate fredde<\/li>\n<li>Apparecchiature foto-video. Caricate i vostri dispositivi con largo anticipo<\/li>\n<li>Cambiate il vostro denaro in banconote di piccolo taglio. Sono utili per i souvenir e per dare la mancia ai ranger. Mancia consigliata 5$ a persona<\/li>\n<li>Spuntino mattutino (spiegate alla reception dell'hotel che state partendo la mattina presto per un'escursione e che avete bisogno di preparare un cestino per il pranzo, gli hotel forniranno questo servizio gratuitamente).<\/li>\n<li><span class=\"fontstyle0\">Occhiali da sole e panama, crema solare<\/span><\/li>\n<li><span class=\"fontstyle0\">Prodotti per l'igiene personale, kit di pronto soccorso personale<\/span><\/li>\n<li><span class=\"fontstyle0\">Gel igienizzante per le mani<\/span><\/li>\n<\/ul>\n<p><strong>Condizioni di prenotazione:<\/strong><\/p>\n<ul>\n<li>\u041f\u0440\u0435\u0434\u043e\u043f\u043b\u0430\u0442\u0430 30% (\u0432\u043e\u0437\u043c\u043e\u0436\u043d\u0430 \u043e\u043f\u043b\u0430\u0442\u0430 \u043a\u0430\u0440\u0442\u043e\u0439 \u043e\u043d\u043b\u0430\u0439\u043d \u043f\u0435\u0440\u0435\u0432\u043e\u0434\u043e\u043c \u0438\u043b\u0438 \u043d\u0430\u043b\u0438\u0447\u043d\u044b\u043c\u0438). <strong>Il pre-pagamento non \u00e8 rimborsabile.<\/strong><\/li>\n<\/ul>","protected":false},"excerpt":{"rendered":"<p><strong>Orario del Tour:<\/strong> 2 giorni<\/p>\n<p><strong>Giorni di Svolgimento:<\/strong> Quotidianamente<\/p>","protected":false},"featured_media":18559,"template":"","meta":{"_kad_post_transparent":"default","_kad_post_title":"","_kad_post_layout":"default","_kad_post_sidebar_id":"","_kad_post_content_style":"default","_kad_post_vertical_padding":"default","_kad_post_feature":"","_kad_post_feature_position":"","_kad_post_header":false,"_kad_post_footer":false,"_kad_post_classname":"","_glsr_average":0,"_glsr_ranking":0,"_glsr_reviews":0},"product_brand":[],"product_cat":[468,469],"product_tag":[],"class_list":{"0":"post-17943","1":"product","2":"type-product","3":"status-publish","4":"has-post-thumbnail","6":"product_cat-zanzibar-safari","7":"product_cat-tours","8":"tm-has-options","10":"first","11":"instock","12":"sold-individually","13":"taxable","14":"shipping-taxable","15":"purchasable","16":"product-type-simple","17":"entry","18":"content-bg","19":"loop-entry"},"yoast_head":"<!-- This site is optimized with the Yoast SEO plugin v27.4 - https:\/\/yoast.com\/product\/yoast-seo-wordpress\/ -->\n<title>\u041c\u0438\u043a\u0443\u043c\u0438 2 \u0434\u043d\u044f (\u043f\u0440\u044f\u043c\u043e\u0439 \u043f\u0435\u0440\u0435\u043b\u0451\u0442) &#8226; \u042d\u043a\u0441\u043a\u0443\u0440\u0441\u0438\u0438 Skyline<\/title>\n<meta name=\"robots\" content=\"index, follow, max-snippet:-1, max-image-preview:large, max-video-preview:-1\" \/>\n<link rel=\"canonical\" href=\"https:\/\/skyline-gs.com\/it\/prodotto\/mikumi-2-dnya-2\/\" \/>\n<meta property=\"og:locale\" content=\"it_IT\" \/>\n<meta property=\"og:type\" content=\"article\" \/>\n<meta property=\"og:title\" content=\"\u041c\u0438\u043a\u0443\u043c\u0438 2 \u0434\u043d\u044f (\u043f\u0440\u044f\u043c\u043e\u0439 \u043f\u0435\u0440\u0435\u043b\u0451\u0442) &#8226; \u042d\u043a\u0441\u043a\u0443\u0440\u0441\u0438\u0438 Skyline\" \/>\n<meta property=\"og:description\" content=\"\u0412\u0440\u0435\u043c\u044f \u0442\u0443\u0440\u0430: 2 \u0434\u043d\u044f  \u0414\u043d\u0438 \u043f\u0440\u043e\u0432\u0435\u0434\u0435\u043d\u0438\u044f: \u0435\u0436\u0435\u0434\u043d\u0435\u0432\u043d\u043e\" \/>\n<meta property=\"og:url\" content=\"https:\/\/skyline-gs.com\/it\/prodotto\/mikumi-2-dnya-2\/\" \/>\n<meta property=\"og:site_name\" content=\"\u042d\u043a\u0441\u043a\u0443\u0440\u0441\u0438\u0438 Skyline\" \/>\n<meta property=\"article:modified_time\" content=\"2026-03-12T15:11:10+00:00\" \/>\n<meta property=\"og:image\" content=\"https:\/\/skyline-gs.com\/wp-content\/uploads\/2020\/12\/Mikumi-1-of-12-1.jpg\" \/>\n\t<meta property=\"og:image:width\" content=\"900\" \/>\n\t<meta property=\"og:image:height\" content=\"600\" \/>\n\t<meta property=\"og:image:type\" content=\"image\/jpeg\" \/>\n<meta name=\"twitter:card\" content=\"summary_large_image\" \/>\n<meta name=\"twitter:label1\" content=\"Tempo di lettura stimato\" \/>\n\t<meta name=\"twitter:data1\" content=\"2 minuti\" \/>\n<script type=\"application\/ld+json\" class=\"yoast-schema-graph\">{\"@context\":\"https:\\\/\\\/schema.org\",\"@graph\":[{\"@type\":\"WebPage\",\"@id\":\"https:\\\/\\\/skyline-gs.com\\\/product\\\/mikumi-2-dnya-2\\\/\",\"url\":\"https:\\\/\\\/skyline-gs.com\\\/product\\\/mikumi-2-dnya-2\\\/\",\"name\":\"\u041c\u0438\u043a\u0443\u043c\u0438 2 \u0434\u043d\u044f (\u043f\u0440\u044f\u043c\u043e\u0439 \u043f\u0435\u0440\u0435\u043b\u0451\u0442) &#8226; \u042d\u043a\u0441\u043a\u0443\u0440\u0441\u0438\u0438 Skyline\",\"isPartOf\":{\"@id\":\"https:\\\/\\\/skyline-gs.com\\\/it\\\/#website\"},\"primaryImageOfPage\":{\"@id\":\"https:\\\/\\\/skyline-gs.com\\\/product\\\/mikumi-2-dnya-2\\\/#primaryimage\"},\"image\":{\"@id\":\"https:\\\/\\\/skyline-gs.com\\\/product\\\/mikumi-2-dnya-2\\\/#primaryimage\"},\"thumbnailUrl\":\"https:\\\/\\\/skyline-gs.com\\\/wp-content\\\/uploads\\\/2020\\\/12\\\/Mikumi-1-of-12-1.jpg\",\"datePublished\":\"2020-12-30T16:01:32+00:00\",\"dateModified\":\"2026-03-12T15:11:10+00:00\",\"breadcrumb\":{\"@id\":\"https:\\\/\\\/skyline-gs.com\\\/product\\\/mikumi-2-dnya-2\\\/#breadcrumb\"},\"inLanguage\":\"it-IT\",\"potentialAction\":[{\"@type\":\"ReadAction\",\"target\":[\"https:\\\/\\\/skyline-gs.com\\\/product\\\/mikumi-2-dnya-2\\\/\"]}]},{\"@type\":\"ImageObject\",\"inLanguage\":\"it-IT\",\"@id\":\"https:\\\/\\\/skyline-gs.com\\\/product\\\/mikumi-2-dnya-2\\\/#primaryimage\",\"url\":\"https:\\\/\\\/skyline-gs.com\\\/wp-content\\\/uploads\\\/2020\\\/12\\\/Mikumi-1-of-12-1.jpg\",\"contentUrl\":\"https:\\\/\\\/skyline-gs.com\\\/wp-content\\\/uploads\\\/2020\\\/12\\\/Mikumi-1-of-12-1.jpg\",\"width\":900,\"height\":600},{\"@type\":\"BreadcrumbList\",\"@id\":\"https:\\\/\\\/skyline-gs.com\\\/product\\\/mikumi-2-dnya-2\\\/#breadcrumb\",\"itemListElement\":[{\"@type\":\"ListItem\",\"position\":1,\"name\":\"\u0413\u043b\u0430\u0432\u043d\u0430\u044f \u0441\u0442\u0440\u0430\u043d\u0438\u0446\u0430\",\"item\":\"https:\\\/\\\/skyline-gs.com\\\/hu\\\/\"},{\"@type\":\"ListItem\",\"position\":2,\"name\":\"\u041c\u0430\u0433\u0430\u0437\u0438\u043d\",\"item\":\"https:\\\/\\\/skyline-gs.com\\\/cs\\\/shop\\\/\"},{\"@type\":\"ListItem\",\"position\":3,\"name\":\"\u041c\u0438\u043a\u0443\u043c\u0438 2 \u0434\u043d\u044f (\u043f\u0440\u044f\u043c\u043e\u0439 \u043f\u0435\u0440\u0435\u043b\u0451\u0442)\"}]},{\"@type\":\"WebSite\",\"@id\":\"https:\\\/\\\/skyline-gs.com\\\/it\\\/#website\",\"url\":\"https:\\\/\\\/skyline-gs.com\\\/it\\\/\",\"name\":\"\u042d\u043a\u0441\u043a\u0443\u0440\u0441\u0438\u0438 Skyline\",\"description\":\"\u042d\u043a\u0441\u043a\u043b\u044e\u0437\u0438\u0432\u043d\u044b\u0435 \u044d\u043a\u0441\u043a\u0443\u0440\u0441\u0438\u0438 \u043d\u0430 \u043b\u0443\u0447\u0448\u0438\u0445 \u043a\u0443\u0440\u043e\u0440\u0442\u0430\u0445 \u043c\u0438\u0440\u0430\",\"publisher\":{\"@id\":\"https:\\\/\\\/skyline-gs.com\\\/it\\\/#organization\"},\"alternateName\":\"Skyline\",\"potentialAction\":[{\"@type\":\"SearchAction\",\"target\":{\"@type\":\"EntryPoint\",\"urlTemplate\":\"https:\\\/\\\/skyline-gs.com\\\/it\\\/?s={search_term_string}\"},\"query-input\":{\"@type\":\"PropertyValueSpecification\",\"valueRequired\":true,\"valueName\":\"search_term_string\"}}],\"inLanguage\":\"it-IT\"},{\"@type\":\"Organization\",\"@id\":\"https:\\\/\\\/skyline-gs.com\\\/it\\\/#organization\",\"name\":\"\u042d\u043a\u0441\u043a\u0443\u0440\u0441\u0438\u0438 Skyline\",\"alternateName\":\"\u042d\u043a\u0441\u043a\u0443\u0440\u0441\u0438\u0438 Skyline\",\"url\":\"https:\\\/\\\/skyline-gs.com\\\/it\\\/\",\"logo\":{\"@type\":\"ImageObject\",\"inLanguage\":\"it-IT\",\"@id\":\"https:\\\/\\\/skyline-gs.com\\\/it\\\/#\\\/schema\\\/logo\\\/image\\\/\",\"url\":\"https:\\\/\\\/skyline-gs.com\\\/wp-content\\\/uploads\\\/2020\\\/12\\\/cropped-logo-2.png\",\"contentUrl\":\"https:\\\/\\\/skyline-gs.com\\\/wp-content\\\/uploads\\\/2020\\\/12\\\/cropped-logo-2.png\",\"width\":512,\"height\":512,\"caption\":\"\u042d\u043a\u0441\u043a\u0443\u0440\u0441\u0438\u0438 Skyline\"},\"image\":{\"@id\":\"https:\\\/\\\/skyline-gs.com\\\/it\\\/#\\\/schema\\\/logo\\\/image\\\/\"},\"sameAs\":[\"https:\\\/\\\/www.instagram.com\\\/skylineglobalservice\\\/\"]}]}<\/script>\n<!-- \/ Yoast SEO plugin. -->","yoast_head_json":{"title":"\u041c\u0438\u043a\u0443\u043c\u0438 2 \u0434\u043d\u044f (\u043f\u0440\u044f\u043c\u043e\u0439 \u043f\u0435\u0440\u0435\u043b\u0451\u0442) &#8226; \u042d\u043a\u0441\u043a\u0443\u0440\u0441\u0438\u0438 Skyline","robots":{"index":"index","follow":"follow","max-snippet":"max-snippet:-1","max-image-preview":"max-image-preview:large","max-video-preview":"max-video-preview:-1"},"canonical":"https:\/\/skyline-gs.com\/it\/prodotto\/mikumi-2-dnya-2\/","og_locale":"it_IT","og_type":"article","og_title":"\u041c\u0438\u043a\u0443\u043c\u0438 2 \u0434\u043d\u044f (\u043f\u0440\u044f\u043c\u043e\u0439 \u043f\u0435\u0440\u0435\u043b\u0451\u0442) &#8226; \u042d\u043a\u0441\u043a\u0443\u0440\u0441\u0438\u0438 Skyline","og_description":"\u0412\u0440\u0435\u043c\u044f \u0442\u0443\u0440\u0430: 2 \u0434\u043d\u044f  \u0414\u043d\u0438 \u043f\u0440\u043e\u0432\u0435\u0434\u0435\u043d\u0438\u044f: \u0435\u0436\u0435\u0434\u043d\u0435\u0432\u043d\u043e","og_url":"https:\/\/skyline-gs.com\/it\/prodotto\/mikumi-2-dnya-2\/","og_site_name":"\u042d\u043a\u0441\u043a\u0443\u0440\u0441\u0438\u0438 Skyline","article_modified_time":"2026-03-12T15:11:10+00:00","og_image":[{"width":900,"height":600,"url":"https:\/\/skyline-gs.com\/wp-content\/uploads\/2020\/12\/Mikumi-1-of-12-1.jpg","type":"image\/jpeg"}],"twitter_card":"summary_large_image","twitter_misc":{"Tempo di lettura stimato":"2 minuti"},"schema":{"@context":"https:\/\/schema.org","@graph":[{"@type":"WebPage","@id":"https:\/\/skyline-gs.com\/product\/mikumi-2-dnya-2\/","url":"https:\/\/skyline-gs.com\/product\/mikumi-2-dnya-2\/","name":"\u041c\u0438\u043a\u0443\u043c\u0438 2 \u0434\u043d\u044f (\u043f\u0440\u044f\u043c\u043e\u0439 \u043f\u0435\u0440\u0435\u043b\u0451\u0442) &#8226; \u042d\u043a\u0441\u043a\u0443\u0440\u0441\u0438\u0438 Skyline","isPartOf":{"@id":"https:\/\/skyline-gs.com\/it\/#website"},"primaryImageOfPage":{"@id":"https:\/\/skyline-gs.com\/product\/mikumi-2-dnya-2\/#primaryimage"},"image":{"@id":"https:\/\/skyline-gs.com\/product\/mikumi-2-dnya-2\/#primaryimage"},"thumbnailUrl":"https:\/\/skyline-gs.com\/wp-content\/uploads\/2020\/12\/Mikumi-1-of-12-1.jpg","datePublished":"2020-12-30T16:01:32+00:00","dateModified":"2026-03-12T15:11:10+00:00","breadcrumb":{"@id":"https:\/\/skyline-gs.com\/product\/mikumi-2-dnya-2\/#breadcrumb"},"inLanguage":"it-IT","potentialAction":[{"@type":"ReadAction","target":["https:\/\/skyline-gs.com\/product\/mikumi-2-dnya-2\/"]}]},{"@type":"ImageObject","inLanguage":"it-IT","@id":"https:\/\/skyline-gs.com\/product\/mikumi-2-dnya-2\/#primaryimage","url":"https:\/\/skyline-gs.com\/wp-content\/uploads\/2020\/12\/Mikumi-1-of-12-1.jpg","contentUrl":"https:\/\/skyline-gs.com\/wp-content\/uploads\/2020\/12\/Mikumi-1-of-12-1.jpg","width":900,"height":600},{"@type":"BreadcrumbList","@id":"https:\/\/skyline-gs.com\/product\/mikumi-2-dnya-2\/#breadcrumb","itemListElement":[{"@type":"ListItem","position":1,"name":"\u0413\u043b\u0430\u0432\u043d\u0430\u044f \u0441\u0442\u0440\u0430\u043d\u0438\u0446\u0430","item":"https:\/\/skyline-gs.com\/hu\/"},{"@type":"ListItem","position":2,"name":"\u041c\u0430\u0433\u0430\u0437\u0438\u043d","item":"https:\/\/skyline-gs.com\/cs\/shop\/"},{"@type":"ListItem","position":3,"name":"\u041c\u0438\u043a\u0443\u043c\u0438 2 \u0434\u043d\u044f (\u043f\u0440\u044f\u043c\u043e\u0439 \u043f\u0435\u0440\u0435\u043b\u0451\u0442)"}]},{"@type":"WebSite","@id":"https:\/\/skyline-gs.com\/it\/#website","url":"https:\/\/skyline-gs.com\/it\/","name":"Escursioni Skyline","description":"Escursioni esclusive nei migliori resort del mondo","publisher":{"@id":"https:\/\/skyline-gs.com\/it\/#organization"},"alternateName":"Skyline","potentialAction":[{"@type":"SearchAction","target":{"@type":"EntryPoint","urlTemplate":"https:\/\/skyline-gs.com\/it\/?s={search_term_string}"},"query-input":{"@type":"PropertyValueSpecification","valueRequired":true,"valueName":"search_term_string"}}],"inLanguage":"it-IT"},{"@type":"Organization","@id":"https:\/\/skyline-gs.com\/it\/#organization","name":"Escursioni Skyline","alternateName":"\u042d\u043a\u0441\u043a\u0443\u0440\u0441\u0438\u0438 Skyline","url":"https:\/\/skyline-gs.com\/it\/","logo":{"@type":"ImageObject","inLanguage":"it-IT","@id":"https:\/\/skyline-gs.com\/it\/#\/schema\/logo\/image\/","url":"https:\/\/skyline-gs.com\/wp-content\/uploads\/2020\/12\/cropped-logo-2.png","contentUrl":"https:\/\/skyline-gs.com\/wp-content\/uploads\/2020\/12\/cropped-logo-2.png","width":512,"height":512,"caption":"\u042d\u043a\u0441\u043a\u0443\u0440\u0441\u0438\u0438 Skyline"},"image":{"@id":"https:\/\/skyline-gs.com\/it\/#\/schema\/logo\/image\/"},"sameAs":["https:\/\/www.instagram.com\/skylineglobalservice\/"]}]}},"_links":{"self":[{"href":"https:\/\/skyline-gs.com\/it\/wp-json\/wp\/v2\/product\/17943","targetHints":{"allow":["GET"]}}],"collection":[{"href":"https:\/\/skyline-gs.com\/it\/wp-json\/wp\/v2\/product"}],"about":[{"href":"https:\/\/skyline-gs.com\/it\/wp-json\/wp\/v2\/types\/product"}],"version-history":[{"count":0,"href":"https:\/\/skyline-gs.com\/it\/wp-json\/wp\/v2\/product\/17943\/revisions"}],"wp:featuredmedia":[{"embeddable":true,"href":"https:\/\/skyline-gs.com\/it\/wp-json\/wp\/v2\/media\/18559"}],"wp:attachment":[{"href":"https:\/\/skyline-gs.com\/it\/wp-json\/wp\/v2\/media?parent=17943"}],"wp:term":[{"taxonomy":"product_brand","embeddable":true,"href":"https:\/\/skyline-gs.com\/it\/wp-json\/wp\/v2\/product_brand?post=17943"},{"taxonomy":"product_cat","embeddable":true,"href":"https:\/\/skyline-gs.com\/it\/wp-json\/wp\/v2\/product_cat?post=17943"},{"taxonomy":"product_tag","embeddable":true,"href":"https:\/\/skyline-gs.com\/it\/wp-json\/wp\/v2\/product_tag?post=17943"}],"curies":[{"name":"wp","href":"https:\/\/api.w.org\/{rel}","templated":true}]}}