{"id":16529,"date":"2020-12-15T00:50:52","date_gmt":"2020-12-14T22:50:52","guid":{"rendered":"http:\/\/skyline-gs.com\/?post_type=product&#038;p=16529"},"modified":"2024-01-24T17:12:04","modified_gmt":"2024-01-24T15:12:04","slug":"lake-manyara-ngorongoro-masai-2-days-zanzibar","status":"publish","type":"product","link":"https:\/\/skyline-gs.com\/it\/product\/lake-manyara-ngorongoro-masai-2-days-zanzibar\/","title":{"rendered":"Lago Manyara, Ngorongoro e trib\u00f9 Maasai per 2 giorni"},"content":{"rendered":"<p><strong>GIORNO 1: LAGO MANIARA<\/strong><\/p>\n<p>Ore 5:30 partenza dall'hotel di Zanzibar. Arrivo del gruppo all'aeroporto di Arusha intorno alle 9:00. Incontro con i partecipanti al tour da parte di un rappresentante dell'azienda con la segnaletica. Trasferimento di circa 2,5 ore a sud-ovest verso il Parco Nazionale Manyara. La strada per il parco si snoda lungo la rift valley, famosa in tutto il mondo come \"Great African Rift\". La fauna del parco \u00e8 molto varia. Enormi mandrie di bufali, antilopi e zebre si riuniscono nella parte pianeggiante del parco. La parte interna della pianura alluvionale \u00e8 il luogo preferito da elefanti, giraffe, ippopotami e antilopi nane dik dik. Il Parco Manyara \u00e8 famoso in tutto il mondo per i suoi leoni che si arrampicano sugli alberi, dove trascorrono la maggior parte della giornata alla ricerca di prede. All'ora di pranzo, vi fermerete in un punto panoramico dove l'autista vi fornir\u00e0 dei cestini per il pranzo. Dopo pranzo, continuerete il vostro safari fino a sera. Cena e pernottamento al The Castle Lodge.<\/p>\n<p><strong>GIORNO 2: NGORONGORO<\/strong><\/p>\n<p>Prima colazione. Partenza per il safari nella straordinaria Ngorongoro Game Reserve, che ospita oltre 25.000 specie di animali. Circa un'ora dopo la partenza sarete all'interno del cratere. La savana e le foreste montane ospitano ippopotami, bufali, antilopi, zebre, rinoceronti neri e diversi predatori: leoni, ghepardi, iene, leopardi e sciacalli. Sul lago Magadi, in fondo al cratere, si trovano le pi\u00f9 grandi popolazioni di fenicotteri rosa dell'Africa. Se siamo fortunati, \u00e8 qui che vedremo i \"Big Five dell'Africa\" in piena forma. Pranzo (lunch box). Fine del safari.<\/p>\n<p>Il viaggio prosegue con un'introduzione alla trib\u00f9 Maasai. Un viaggio in un colorato villaggio africano, quasi incontaminato dai benefici della civilt\u00e0. I Maasai sono la trib\u00f9 pi\u00f9 famosa della Tanzania, rimangono un popolo semi-nomade e si dedicano all'allevamento del bestiame. I Maasai conservano il loro stile di vita tradizionale di generazione in generazione e nel XXI secolo sono pronti ad aprire le porte ai turisti e a far conoscere la loro vita, le loro tradizioni e la loro cultura.<\/p>\n<p>Partenza per la citt\u00e0 di Arusha. Volo per Zanzibar. Trasferimento in hotel.<\/p>\n<p><strong>Cosa \u00e8 incluso:<\/strong><\/p>\n<ul>\n<li>Tutti i trasferimenti sono previsti dal programma;<\/li>\n<li>Viaggio aereo Zanzibar - Arusha - Zanzibar;<\/li>\n<li>Sistemazione in hotel secondo il programma;<\/li>\n<li>Tre pasti al giorno;<\/li>\n<li>Acqua e bevande analcoliche per tutta la durata del tour;<\/li>\n<li>Kit medico;<\/li>\n<li>Accompagnati da una guida ranger professionista;<\/li>\n<li>Safari ed escursioni in programma con jeep safari 4*4 a trazione integrale;<\/li>\n<li>Biglietti d'ingresso ai parchi nazionali.<\/li>\n<\/ul>\n<p><strong>Da qui, il risultato:<\/strong><\/p>\n<ul>\n<li>Passaporto. Anche se Zanzibar fa parte della Tanzania, tutti passano il controllo passaporti all'aeroporto;<\/li>\n<li>Scarpe e vestiti comodi. Pantaloni leggeri, camicia a maniche lunghe, maglietta, effetti personali (fino a 5 kg);<\/li>\n<li>Una giacca, in caso di pioggia o di serate fredde;<\/li>\n<li>Apparecchiature foto-video. Caricate i vostri dispositivi in anticipo;<\/li>\n<li>Cambiate il vostro denaro in banconote di piccolo taglio. Sono utili per i souvenir e per dare la mancia ai ranger. La mancia consigliata \u00e8 di 5$ a persona;<\/li>\n<li>Spuntino mattutino (alla reception dell'hotel spiegate che state partendo la mattina presto per un'escursione e che avete bisogno di preparare un cestino per il pranzo; gli hotel forniranno questo servizio gratuitamente);<\/li>\n<li><span class=\"fontstyle0\">Occhiali da sole e panama, crema solare;<\/span><\/li>\n<li><span class=\"fontstyle0\">Prodotti per l'igiene personale, kit di pronto soccorso personale;<\/span><\/li>\n<li><span class=\"fontstyle0\">Gel igienizzante per le mani.<\/span><\/li>\n<\/ul>","protected":false},"excerpt":{"rendered":"<p>\u0421\u0430\u0444\u0430\u0440\u0438 \u0432 \u0421\u0435\u0432\u0435\u0440\u043d\u043e\u0439 \u0422\u0430\u043d\u0437\u0430\u043d\u0438\u0438 \u043d\u0430 2 \u0434\u043d\u044f \u0432 \u0444\u043e\u0440\u043c\u0430\u0442\u0435\u00a0<strong>\"tutto compreso<\/strong>\u00a0\u0441 \u043f\u043e\u0441\u0435\u0449\u0435\u043d\u0438\u0435\u043c \u043f\u0430\u0440\u043a\u043e\u0432 \u041d\u0433\u043e\u0440\u043e\u043d\u0433\u043e\u0440\u043e \u0438 \u041e\u0437\u0435\u0440\u043e \u041c\u0430\u043d\u044c\u044f\u0440\u0430<\/p>","protected":false},"featured_media":25685,"template":"","meta":{"_kad_post_transparent":"default","_kad_post_title":"","_kad_post_layout":"default","_kad_post_sidebar_id":"","_kad_post_content_style":"default","_kad_post_vertical_padding":"default","_kad_post_feature":"","_kad_post_feature_position":"","_kad_post_header":false,"_kad_post_footer":false,"_kad_post_classname":"","_glsr_average":0,"_glsr_ranking":0,"_glsr_reviews":0},"product_brand":[],"product_cat":[455],"product_tag":[],"class_list":{"0":"post-16529","1":"product","2":"type-product","3":"status-publish","4":"has-post-thumbnail","6":"product_cat-zanzibar","7":"tm-has-options","9":"first","10":"instock","11":"sold-individually","12":"taxable","13":"shipping-taxable","14":"purchasable","15":"product-type-simple","16":"entry","17":"content-bg","18":"loop-entry"},"yoast_head":"<!-- This site is optimized with the Yoast SEO plugin v27.3 - https:\/\/yoast.com\/product\/yoast-seo-wordpress\/ -->\n<title>\u041e\u0437\u0435\u0440\u043e \u041c\u0430\u043d\u044c\u044f\u0440\u0430, \u041d\u0433\u043e\u0440\u043e\u043d\u0433\u043e\u0440\u043e \u0438 \u043f\u043b\u0435\u043c\u044f \u041c\u0430\u0441\u0430\u0438 \u043d\u0430 2 \u0434\u043d\u044f &#8226; \u042d\u043a\u0441\u043a\u0443\u0440\u0441\u0438\u0438 Skyline<\/title>\n<meta name=\"robots\" content=\"index, follow, max-snippet:-1, max-image-preview:large, max-video-preview:-1\" \/>\n<link rel=\"canonical\" href=\"https:\/\/skyline-gs.com\/it\/prodotto\/lake-manyara-ngorongoro-masai-2-days-zanzibar\/\" \/>\n<meta property=\"og:locale\" content=\"it_IT\" \/>\n<meta property=\"og:type\" content=\"article\" \/>\n<meta property=\"og:title\" content=\"\u041e\u0437\u0435\u0440\u043e \u041c\u0430\u043d\u044c\u044f\u0440\u0430, \u041d\u0433\u043e\u0440\u043e\u043d\u0433\u043e\u0440\u043e \u0438 \u043f\u043b\u0435\u043c\u044f \u041c\u0430\u0441\u0430\u0438 \u043d\u0430 2 \u0434\u043d\u044f &#8226; \u042d\u043a\u0441\u043a\u0443\u0440\u0441\u0438\u0438 Skyline\" \/>\n<meta property=\"og:description\" content=\"\u0421\u0430\u0444\u0430\u0440\u0438 \u0432 \u0421\u0435\u0432\u0435\u0440\u043d\u043e\u0439 \u0422\u0430\u043d\u0437\u0430\u043d\u0438\u0438 \u043d\u0430 2 \u0434\u043d\u044f \u0432 \u0444\u043e\u0440\u043c\u0430\u0442\u0435\u00a0&quot;\u0432\u0441\u0435 \u0432\u043a\u043b\u044e\u0447\u0435\u043d\u043e&quot;\u00a0\u0441 \u043f\u043e\u0441\u0435\u0449\u0435\u043d\u0438\u0435\u043c \u043f\u0430\u0440\u043a\u043e\u0432 \u041d\u0433\u043e\u0440\u043e\u043d\u0433\u043e\u0440\u043e \u0438 \u041e\u0437\u0435\u0440\u043e \u041c\u0430\u043d\u044c\u044f\u0440\u0430\" \/>\n<meta property=\"og:url\" content=\"https:\/\/skyline-gs.com\/it\/prodotto\/lake-manyara-ngorongoro-masai-2-days-zanzibar\/\" \/>\n<meta property=\"og:site_name\" content=\"\u042d\u043a\u0441\u043a\u0443\u0440\u0441\u0438\u0438 Skyline\" \/>\n<meta property=\"article:modified_time\" content=\"2024-01-24T15:12:04+00:00\" \/>\n<meta property=\"og:image\" content=\"https:\/\/skyline-gs.com\/wp-content\/uploads\/2020\/12\/Ozero-Manyara-34-of-40.jpg\" \/>\n\t<meta property=\"og:image:width\" content=\"900\" \/>\n\t<meta property=\"og:image:height\" content=\"600\" \/>\n\t<meta property=\"og:image:type\" content=\"image\/jpeg\" \/>\n<meta name=\"twitter:card\" content=\"summary_large_image\" \/>\n<meta name=\"twitter:label1\" content=\"Tempo di lettura stimato\" \/>\n\t<meta name=\"twitter:data1\" content=\"3 minuti\" \/>\n<script type=\"application\/ld+json\" class=\"yoast-schema-graph\">{\"@context\":\"https:\\\/\\\/schema.org\",\"@graph\":[{\"@type\":\"WebPage\",\"@id\":\"https:\\\/\\\/skyline-gs.com\\\/it\\\/prodotto\\\/lake-manyara-ngorongoro-masai-2-days-zanzibar\\\/\",\"url\":\"https:\\\/\\\/skyline-gs.com\\\/it\\\/prodotto\\\/lake-manyara-ngorongoro-masai-2-days-zanzibar\\\/\",\"name\":\"\u041e\u0437\u0435\u0440\u043e \u041c\u0430\u043d\u044c\u044f\u0440\u0430, \u041d\u0433\u043e\u0440\u043e\u043d\u0433\u043e\u0440\u043e \u0438 \u043f\u043b\u0435\u043c\u044f \u041c\u0430\u0441\u0430\u0438 \u043d\u0430 2 \u0434\u043d\u044f &#8226; \u042d\u043a\u0441\u043a\u0443\u0440\u0441\u0438\u0438 Skyline\",\"isPartOf\":{\"@id\":\"https:\\\/\\\/skyline-gs.com\\\/it\\\/#website\"},\"primaryImageOfPage\":{\"@id\":\"https:\\\/\\\/skyline-gs.com\\\/it\\\/prodotto\\\/lake-manyara-ngorongoro-masai-2-days-zanzibar\\\/#primaryimage\"},\"image\":{\"@id\":\"https:\\\/\\\/skyline-gs.com\\\/it\\\/prodotto\\\/lake-manyara-ngorongoro-masai-2-days-zanzibar\\\/#primaryimage\"},\"thumbnailUrl\":\"https:\\\/\\\/skyline-gs.com\\\/wp-content\\\/uploads\\\/2020\\\/12\\\/Ozero-Manyara-34-of-40.jpg\",\"datePublished\":\"2020-12-14T22:50:52+00:00\",\"dateModified\":\"2024-01-24T15:12:04+00:00\",\"breadcrumb\":{\"@id\":\"https:\\\/\\\/skyline-gs.com\\\/it\\\/prodotto\\\/lake-manyara-ngorongoro-masai-2-days-zanzibar\\\/#breadcrumb\"},\"inLanguage\":\"it-IT\",\"potentialAction\":[{\"@type\":\"ReadAction\",\"target\":[\"https:\\\/\\\/skyline-gs.com\\\/it\\\/prodotto\\\/lake-manyara-ngorongoro-masai-2-days-zanzibar\\\/\"]}]},{\"@type\":\"ImageObject\",\"inLanguage\":\"it-IT\",\"@id\":\"https:\\\/\\\/skyline-gs.com\\\/it\\\/prodotto\\\/lake-manyara-ngorongoro-masai-2-days-zanzibar\\\/#primaryimage\",\"url\":\"https:\\\/\\\/skyline-gs.com\\\/wp-content\\\/uploads\\\/2020\\\/12\\\/Ozero-Manyara-34-of-40.jpg\",\"contentUrl\":\"https:\\\/\\\/skyline-gs.com\\\/wp-content\\\/uploads\\\/2020\\\/12\\\/Ozero-Manyara-34-of-40.jpg\",\"width\":900,\"height\":600},{\"@type\":\"BreadcrumbList\",\"@id\":\"https:\\\/\\\/skyline-gs.com\\\/it\\\/prodotto\\\/lake-manyara-ngorongoro-masai-2-days-zanzibar\\\/#breadcrumb\",\"itemListElement\":[{\"@type\":\"ListItem\",\"position\":1,\"name\":\"\u0413\u043b\u0430\u0432\u043d\u0430\u044f \u0441\u0442\u0440\u0430\u043d\u0438\u0446\u0430\",\"item\":\"https:\\\/\\\/skyline-gs.com\\\/hu\\\/\"},{\"@type\":\"ListItem\",\"position\":2,\"name\":\"\u041c\u0430\u0433\u0430\u0437\u0438\u043d\",\"item\":\"https:\\\/\\\/skyline-gs.com\\\/cs\\\/shop\\\/\"},{\"@type\":\"ListItem\",\"position\":3,\"name\":\"\u041e\u0437\u0435\u0440\u043e \u041c\u0430\u043d\u044c\u044f\u0440\u0430, \u041d\u0433\u043e\u0440\u043e\u043d\u0433\u043e\u0440\u043e \u0438 \u043f\u043b\u0435\u043c\u044f \u041c\u0430\u0441\u0430\u0438 \u043d\u0430 2 \u0434\u043d\u044f\"}]},{\"@type\":\"WebSite\",\"@id\":\"https:\\\/\\\/skyline-gs.com\\\/it\\\/#website\",\"url\":\"https:\\\/\\\/skyline-gs.com\\\/it\\\/\",\"name\":\"\u042d\u043a\u0441\u043a\u0443\u0440\u0441\u0438\u0438 Skyline\",\"description\":\"\u042d\u043a\u0441\u043a\u043b\u044e\u0437\u0438\u0432\u043d\u044b\u0435 \u044d\u043a\u0441\u043a\u0443\u0440\u0441\u0438\u0438 \u043d\u0430 \u043b\u0443\u0447\u0448\u0438\u0445 \u043a\u0443\u0440\u043e\u0440\u0442\u0430\u0445 \u043c\u0438\u0440\u0430\",\"publisher\":{\"@id\":\"https:\\\/\\\/skyline-gs.com\\\/it\\\/#organization\"},\"alternateName\":\"Skyline\",\"potentialAction\":[{\"@type\":\"SearchAction\",\"target\":{\"@type\":\"EntryPoint\",\"urlTemplate\":\"https:\\\/\\\/skyline-gs.com\\\/it\\\/?s={search_term_string}\"},\"query-input\":{\"@type\":\"PropertyValueSpecification\",\"valueRequired\":true,\"valueName\":\"search_term_string\"}}],\"inLanguage\":\"it-IT\"},{\"@type\":\"Organization\",\"@id\":\"https:\\\/\\\/skyline-gs.com\\\/it\\\/#organization\",\"name\":\"\u042d\u043a\u0441\u043a\u0443\u0440\u0441\u0438\u0438 Skyline\",\"alternateName\":\"\u042d\u043a\u0441\u043a\u0443\u0440\u0441\u0438\u0438 Skyline\",\"url\":\"https:\\\/\\\/skyline-gs.com\\\/it\\\/\",\"logo\":{\"@type\":\"ImageObject\",\"inLanguage\":\"it-IT\",\"@id\":\"https:\\\/\\\/skyline-gs.com\\\/it\\\/#\\\/schema\\\/logo\\\/image\\\/\",\"url\":\"https:\\\/\\\/skyline-gs.com\\\/wp-content\\\/uploads\\\/2020\\\/12\\\/cropped-logo-2.png\",\"contentUrl\":\"https:\\\/\\\/skyline-gs.com\\\/wp-content\\\/uploads\\\/2020\\\/12\\\/cropped-logo-2.png\",\"width\":512,\"height\":512,\"caption\":\"\u042d\u043a\u0441\u043a\u0443\u0440\u0441\u0438\u0438 Skyline\"},\"image\":{\"@id\":\"https:\\\/\\\/skyline-gs.com\\\/it\\\/#\\\/schema\\\/logo\\\/image\\\/\"},\"sameAs\":[\"https:\\\/\\\/www.instagram.com\\\/skylineglobalservice\\\/\"]}]}<\/script>\n<!-- \/ Yoast SEO plugin. -->","yoast_head_json":{"title":"\u041e\u0437\u0435\u0440\u043e \u041c\u0430\u043d\u044c\u044f\u0440\u0430, \u041d\u0433\u043e\u0440\u043e\u043d\u0433\u043e\u0440\u043e \u0438 \u043f\u043b\u0435\u043c\u044f \u041c\u0430\u0441\u0430\u0438 \u043d\u0430 2 \u0434\u043d\u044f &#8226; \u042d\u043a\u0441\u043a\u0443\u0440\u0441\u0438\u0438 Skyline","robots":{"index":"index","follow":"follow","max-snippet":"max-snippet:-1","max-image-preview":"max-image-preview:large","max-video-preview":"max-video-preview:-1"},"canonical":"https:\/\/skyline-gs.com\/it\/prodotto\/lake-manyara-ngorongoro-masai-2-days-zanzibar\/","og_locale":"it_IT","og_type":"article","og_title":"\u041e\u0437\u0435\u0440\u043e \u041c\u0430\u043d\u044c\u044f\u0440\u0430, \u041d\u0433\u043e\u0440\u043e\u043d\u0433\u043e\u0440\u043e \u0438 \u043f\u043b\u0435\u043c\u044f \u041c\u0430\u0441\u0430\u0438 \u043d\u0430 2 \u0434\u043d\u044f &#8226; \u042d\u043a\u0441\u043a\u0443\u0440\u0441\u0438\u0438 Skyline","og_description":"\u0421\u0430\u0444\u0430\u0440\u0438 \u0432 \u0421\u0435\u0432\u0435\u0440\u043d\u043e\u0439 \u0422\u0430\u043d\u0437\u0430\u043d\u0438\u0438 \u043d\u0430 2 \u0434\u043d\u044f \u0432 \u0444\u043e\u0440\u043c\u0430\u0442\u0435\u00a0\"\u0432\u0441\u0435 \u0432\u043a\u043b\u044e\u0447\u0435\u043d\u043e\"\u00a0\u0441 \u043f\u043e\u0441\u0435\u0449\u0435\u043d\u0438\u0435\u043c \u043f\u0430\u0440\u043a\u043e\u0432 \u041d\u0433\u043e\u0440\u043e\u043d\u0433\u043e\u0440\u043e \u0438 \u041e\u0437\u0435\u0440\u043e \u041c\u0430\u043d\u044c\u044f\u0440\u0430","og_url":"https:\/\/skyline-gs.com\/it\/prodotto\/lake-manyara-ngorongoro-masai-2-days-zanzibar\/","og_site_name":"\u042d\u043a\u0441\u043a\u0443\u0440\u0441\u0438\u0438 Skyline","article_modified_time":"2024-01-24T15:12:04+00:00","og_image":[{"width":900,"height":600,"url":"https:\/\/skyline-gs.com\/wp-content\/uploads\/2020\/12\/Ozero-Manyara-34-of-40.jpg","type":"image\/jpeg"}],"twitter_card":"summary_large_image","twitter_misc":{"Tempo di lettura stimato":"3 minuti"},"schema":{"@context":"https:\/\/schema.org","@graph":[{"@type":"WebPage","@id":"https:\/\/skyline-gs.com\/it\/prodotto\/lake-manyara-ngorongoro-masai-2-days-zanzibar\/","url":"https:\/\/skyline-gs.com\/it\/prodotto\/lake-manyara-ngorongoro-masai-2-days-zanzibar\/","name":"\u041e\u0437\u0435\u0440\u043e \u041c\u0430\u043d\u044c\u044f\u0440\u0430, \u041d\u0433\u043e\u0440\u043e\u043d\u0433\u043e\u0440\u043e \u0438 \u043f\u043b\u0435\u043c\u044f \u041c\u0430\u0441\u0430\u0438 \u043d\u0430 2 \u0434\u043d\u044f &#8226; \u042d\u043a\u0441\u043a\u0443\u0440\u0441\u0438\u0438 Skyline","isPartOf":{"@id":"https:\/\/skyline-gs.com\/it\/#website"},"primaryImageOfPage":{"@id":"https:\/\/skyline-gs.com\/it\/prodotto\/lake-manyara-ngorongoro-masai-2-days-zanzibar\/#primaryimage"},"image":{"@id":"https:\/\/skyline-gs.com\/it\/prodotto\/lake-manyara-ngorongoro-masai-2-days-zanzibar\/#primaryimage"},"thumbnailUrl":"https:\/\/skyline-gs.com\/wp-content\/uploads\/2020\/12\/Ozero-Manyara-34-of-40.jpg","datePublished":"2020-12-14T22:50:52+00:00","dateModified":"2024-01-24T15:12:04+00:00","breadcrumb":{"@id":"https:\/\/skyline-gs.com\/it\/prodotto\/lake-manyara-ngorongoro-masai-2-days-zanzibar\/#breadcrumb"},"inLanguage":"it-IT","potentialAction":[{"@type":"ReadAction","target":["https:\/\/skyline-gs.com\/it\/prodotto\/lake-manyara-ngorongoro-masai-2-days-zanzibar\/"]}]},{"@type":"ImageObject","inLanguage":"it-IT","@id":"https:\/\/skyline-gs.com\/it\/prodotto\/lake-manyara-ngorongoro-masai-2-days-zanzibar\/#primaryimage","url":"https:\/\/skyline-gs.com\/wp-content\/uploads\/2020\/12\/Ozero-Manyara-34-of-40.jpg","contentUrl":"https:\/\/skyline-gs.com\/wp-content\/uploads\/2020\/12\/Ozero-Manyara-34-of-40.jpg","width":900,"height":600},{"@type":"BreadcrumbList","@id":"https:\/\/skyline-gs.com\/it\/prodotto\/lake-manyara-ngorongoro-masai-2-days-zanzibar\/#breadcrumb","itemListElement":[{"@type":"ListItem","position":1,"name":"\u0413\u043b\u0430\u0432\u043d\u0430\u044f \u0441\u0442\u0440\u0430\u043d\u0438\u0446\u0430","item":"https:\/\/skyline-gs.com\/hu\/"},{"@type":"ListItem","position":2,"name":"\u041c\u0430\u0433\u0430\u0437\u0438\u043d","item":"https:\/\/skyline-gs.com\/cs\/shop\/"},{"@type":"ListItem","position":3,"name":"\u041e\u0437\u0435\u0440\u043e \u041c\u0430\u043d\u044c\u044f\u0440\u0430, \u041d\u0433\u043e\u0440\u043e\u043d\u0433\u043e\u0440\u043e \u0438 \u043f\u043b\u0435\u043c\u044f \u041c\u0430\u0441\u0430\u0438 \u043d\u0430 2 \u0434\u043d\u044f"}]},{"@type":"WebSite","@id":"https:\/\/skyline-gs.com\/it\/#website","url":"https:\/\/skyline-gs.com\/it\/","name":"Escursioni Skyline","description":"Escursioni esclusive nei migliori resort del mondo","publisher":{"@id":"https:\/\/skyline-gs.com\/it\/#organization"},"alternateName":"Skyline","potentialAction":[{"@type":"SearchAction","target":{"@type":"EntryPoint","urlTemplate":"https:\/\/skyline-gs.com\/it\/?s={search_term_string}"},"query-input":{"@type":"PropertyValueSpecification","valueRequired":true,"valueName":"search_term_string"}}],"inLanguage":"it-IT"},{"@type":"Organization","@id":"https:\/\/skyline-gs.com\/it\/#organization","name":"Escursioni Skyline","alternateName":"\u042d\u043a\u0441\u043a\u0443\u0440\u0441\u0438\u0438 Skyline","url":"https:\/\/skyline-gs.com\/it\/","logo":{"@type":"ImageObject","inLanguage":"it-IT","@id":"https:\/\/skyline-gs.com\/it\/#\/schema\/logo\/image\/","url":"https:\/\/skyline-gs.com\/wp-content\/uploads\/2020\/12\/cropped-logo-2.png","contentUrl":"https:\/\/skyline-gs.com\/wp-content\/uploads\/2020\/12\/cropped-logo-2.png","width":512,"height":512,"caption":"\u042d\u043a\u0441\u043a\u0443\u0440\u0441\u0438\u0438 Skyline"},"image":{"@id":"https:\/\/skyline-gs.com\/it\/#\/schema\/logo\/image\/"},"sameAs":["https:\/\/www.instagram.com\/skylineglobalservice\/"]}]}},"_links":{"self":[{"href":"https:\/\/skyline-gs.com\/it\/wp-json\/wp\/v2\/product\/16529","targetHints":{"allow":["GET"]}}],"collection":[{"href":"https:\/\/skyline-gs.com\/it\/wp-json\/wp\/v2\/product"}],"about":[{"href":"https:\/\/skyline-gs.com\/it\/wp-json\/wp\/v2\/types\/product"}],"version-history":[{"count":0,"href":"https:\/\/skyline-gs.com\/it\/wp-json\/wp\/v2\/product\/16529\/revisions"}],"wp:featuredmedia":[{"embeddable":true,"href":"https:\/\/skyline-gs.com\/it\/wp-json\/wp\/v2\/media\/25685"}],"wp:attachment":[{"href":"https:\/\/skyline-gs.com\/it\/wp-json\/wp\/v2\/media?parent=16529"}],"wp:term":[{"taxonomy":"product_brand","embeddable":true,"href":"https:\/\/skyline-gs.com\/it\/wp-json\/wp\/v2\/product_brand?post=16529"},{"taxonomy":"product_cat","embeddable":true,"href":"https:\/\/skyline-gs.com\/it\/wp-json\/wp\/v2\/product_cat?post=16529"},{"taxonomy":"product_tag","embeddable":true,"href":"https:\/\/skyline-gs.com\/it\/wp-json\/wp\/v2\/product_tag?post=16529"}],"curies":[{"name":"wp","href":"https:\/\/api.w.org\/{rel}","templated":true}]}}