{"id":75591,"date":"2026-04-03T11:55:36","date_gmt":"2026-04-03T09:55:36","guid":{"rendered":"https:\/\/skyline-gs.com\/?post_type=product&#038;p=75591"},"modified":"2026-04-03T12:10:52","modified_gmt":"2026-04-03T10:10:52","slug":"ostrov-ozireya-ozirea-island-morskoj-otdyh-i-snorkling-in-krasnom-tovabb","status":"publish","type":"product","link":"https:\/\/skyline-gs.com\/hu\/product\/ostrov-ozireya-ozirea-island-morskoj-otdyh-i-snorkling-v-krasnom-more\/","title":{"rendered":"Ozirea-sziget - tengeri nyaral\u00e1s \u00e9s snorkeling a V\u00f6r\u00f6s-tengeren"},"content":{"rendered":"<p>T\u00f6lts\u00f6n el egy t\u00f6k\u00e9letes napot a V\u00f6r\u00f6s-tengeren a haj\u00f3kir\u00e1ndul\u00e1s, a b\u00fav\u00e1rkod\u00e1s \u00e9s a pihen\u00e9s kombin\u00e1l\u00e1s\u00e1val egy fest\u0151i szigeten. Ez a kir\u00e1ndul\u00e1s egyar\u00e1nt alkalmas a term\u00e9szetj\u00e1r\u00e1s szerelmeseinek \u00e9s azoknak, akik csak pihenni szeretn\u00e9nek a v\u00edzparton, t\u00e1vol a ny\u00fczsg\u00e9st\u0151l.<br \/>\nK\u00e9nyelmes jachtot, tiszta vizet, f\u00e9nyes korallz\u00e1tonyokat \u00e9s egy hangulatos, puha homokos szigetet tal\u00e1l - mindent, ami egy j\u00f3 pihen\u00e9shez sz\u00fcks\u00e9ges.<\/p>\n<p><strong>Sz\u00e1llodai transzfer<\/strong><br \/>\nA napot egy k\u00e9nyelmes transzferrel kezdj\u00fck a sz\u00e1llod\u00e1t\u00f3l k\u00f6r\u00fclbel\u00fcl 08:00 \u00e9s 08:30 k\u00f6z\u00f6tt (a pontos id\u0151pontot el\u0151z\u0151 nap k\u00f6z\u00f6lj\u00fck).<\/p>\n<p><strong>Haj\u00f3s kir\u00e1ndul\u00e1s<\/strong><br \/>\n09:00 k\u00f6r\u00fcl a jacht elindul a tengerre. Egy k\u00f6nny\u0171 utaz\u00e1s a V\u00f6r\u00f6s-tengeren kereszt\u00fcl meleg naps\u00fct\u00e9ssel \u00e9s gy\u00f6ny\u00f6r\u0171 t\u00e1jakkal v\u00e1rja \u00d6nt.<\/p>\n<p><strong>Snorkeling a legjobb helyeken<\/strong><br \/>\nA t\u00fara 2 snorkeling meg\u00e1ll\u00f3t tartalmaz (egyenk\u00e9nt 45-60 perc).<br \/>\n\u00c9l\u00e9nk korallz\u00e1tonyokat, sok sz\u00ednes halat \u00e9s krist\u00e1lytiszta vizet fog l\u00e1tni. Kezd\u0151k sz\u00e1m\u00e1ra is alkalmas.<\/p>\n<p><strong>Az \u00e9tkeztet\u00e9st a jachton szervezik meg az \u00d6n sz\u00e1m\u00e1ra:<\/strong><br \/>\n- Reggeli<br \/>\n- Eb\u00e9d (b\u00fcf\u00e9)<br \/>\n- \u00dcd\u00edt\u0151italok napk\u00f6zben<\/p>\n<p><strong>Nyaral\u00e1s Ozirea sziget\u00e9n<\/strong><br \/>\nA haj\u00f3kir\u00e1ndul\u00e1s ut\u00e1n a szigetre utazik, ahol k\u00f6r\u00fclbel\u00fcl 2 \u00f3r\u00e1t t\u00f6lt majd.<br \/>\nEz a t\u00f6k\u00e9letes nyaral\u00e1si c\u00e9lpont: puha homok, meleg tenger, gy\u00f6ny\u00f6r\u0171 fot\u00f3helysz\u00ednek \u00e9s a nyugalom l\u00e9gk\u00f6re a t\u00f6megekt\u0151l t\u00e1vol.<\/p>\n<p><strong>Visszat\u00e9r\u00e9s a sz\u00e1llod\u00e1ba<\/strong><br \/>\n16:00-16:30 k\u00f6r\u00fcl visszat\u00e9r\u00e9s a kik\u00f6t\u0151be, majd transzfer vissza a sz\u00e1llod\u00e1ba.<\/p>\n<p><strong>Tartalmazza:<\/strong><\/p>\n<ul>\n<li>Transzfer a sz\u00e1llod\u00e1b\u00f3l \u00e9s vissza<\/li>\n<li>Haj\u00f3s kir\u00e1ndul\u00e1s<\/li>\n<li>2 snorkeling meg\u00e1ll\u00f3<\/li>\n<li>Snorkelling felszerel\u00e9s<\/li>\n<li>Reggeli \u00e9s eb\u00e9d<\/li>\n<li>\u00dcd\u00edt\u0151italok<\/li>\n<\/ul>\n<p><strong>Vigy\u00e9l magaddal:<\/strong><\/p>\n<ul>\n<li>\u00datlev\u00e9l vagy annak f\u00e9nyk\u00e9pe;<\/li>\n<li>K\u00e9nyelmes cip\u0151 \u00e9s ruh\u00e1zat;<\/li>\n<li>Fot\u00f3-vide\u00f3 felszerel\u00e9s. El\u0151zetesen t\u00f6ltse fel eszk\u00f6zeit;<\/li>\n<li>Napszem\u00fcveg \u00e9s panama, naptej;<\/li>\n<\/ul>","protected":false},"excerpt":{"rendered":"<p><strong>Kir\u00e1ndul\u00e1s Id\u0151pontja:<\/strong> 8:00 \u2014 16:30<\/p>\n<p><strong>A Kir\u00e1ndul\u00e1s Napjai:<\/strong> Napi<\/p>","protected":false},"featured_media":75599,"template":"","meta":{"_kad_post_transparent":"default","_kad_post_title":"","_kad_post_layout":"default","_kad_post_sidebar_id":"","_kad_post_content_style":"default","_kad_post_vertical_padding":"default","_kad_post_feature":"","_kad_post_feature_position":"","_kad_post_header":false,"_kad_post_footer":false,"_kad_post_classname":"","_glsr_average":0,"_glsr_ranking":0,"_glsr_reviews":0},"product_brand":[],"product_cat":[479],"product_tag":[],"class_list":{"0":"post-75591","1":"product","2":"type-product","3":"status-publish","4":"has-post-thumbnail","6":"product_cat-hurghadatours","7":"tm-has-options","9":"first","10":"instock","11":"sold-individually","12":"taxable","13":"shipping-taxable","14":"purchasable","15":"product-type-simple","16":"entry","17":"content-bg","18":"loop-entry"},"yoast_head":"<!-- This site is optimized with the Yoast SEO plugin v27.4 - https:\/\/yoast.com\/product\/yoast-seo-wordpress\/ -->\n<title>\u041e\u0441\u0442\u0440\u043e\u0432 \u041e\u0437\u0438\u0440\u0435\u044f (Ozirea Island) \u2014 \u043c\u043e\u0440\u0441\u043a\u043e\u0439 \u043e\u0442\u0434\u044b\u0445 \u0438 \u0441\u043d\u043e\u0440\u043a\u043b\u0438\u043d\u0433 \u0432 \u041a\u0440\u0430\u0441\u043d\u043e\u043c \u043c\u043e\u0440\u0435 &#8226; \u042d\u043a\u0441\u043a\u0443\u0440\u0441\u0438\u0438 Skyline<\/title>\n<meta name=\"robots\" content=\"index, follow, max-snippet:-1, max-image-preview:large, max-video-preview:-1\" \/>\n<link rel=\"canonical\" href=\"https:\/\/skyline-gs.com\/hu\/termek\/ostrov-ozireya-ozirea-island-morskoj-otdyh-i-snorkling-in-krasnom-tovabb\/\" \/>\n<meta property=\"og:locale\" content=\"hu_HU\" \/>\n<meta property=\"og:type\" content=\"article\" \/>\n<meta property=\"og:title\" content=\"\u041e\u0441\u0442\u0440\u043e\u0432 \u041e\u0437\u0438\u0440\u0435\u044f (Ozirea Island) \u2014 \u043c\u043e\u0440\u0441\u043a\u043e\u0439 \u043e\u0442\u0434\u044b\u0445 \u0438 \u0441\u043d\u043e\u0440\u043a\u043b\u0438\u043d\u0433 \u0432 \u041a\u0440\u0430\u0441\u043d\u043e\u043c \u043c\u043e\u0440\u0435 &#8226; \u042d\u043a\u0441\u043a\u0443\u0440\u0441\u0438\u0438 Skyline\" \/>\n<meta property=\"og:description\" content=\"\u0412\u0440\u0435\u043c\u044f \u0442\u0443\u0440\u0430: 8:00 - 16:30  \u0414\u043d\u0438 \u043f\u0440\u043e\u0432\u0435\u0434\u0435\u043d\u0438\u044f: \u0415\u0436\u0435\u0434\u043d\u0435\u0432\u043d\u043e\" \/>\n<meta property=\"og:url\" content=\"https:\/\/skyline-gs.com\/hu\/termek\/ostrov-ozireya-ozirea-island-morskoj-otdyh-i-snorkling-in-krasnom-tovabb\/\" \/>\n<meta property=\"og:site_name\" content=\"\u042d\u043a\u0441\u043a\u0443\u0440\u0441\u0438\u0438 Skyline\" \/>\n<meta property=\"article:modified_time\" content=\"2026-04-03T10:10:52+00:00\" \/>\n<meta property=\"og:image\" content=\"https:\/\/skyline-gs.com\/wp-content\/uploads\/2026\/04\/whatsapp-image-2026-03-28-at-18.26.19-1.jpeg\" \/>\n\t<meta property=\"og:image:width\" content=\"1040\" \/>\n\t<meta property=\"og:image:height\" content=\"694\" \/>\n\t<meta property=\"og:image:type\" content=\"image\/jpeg\" \/>\n<meta name=\"twitter:card\" content=\"summary_large_image\" \/>\n<meta name=\"twitter:label1\" content=\"Becs\u00fclt olvas\u00e1si id\u0151\" \/>\n\t<meta name=\"twitter:data1\" content=\"2 perc\" \/>\n<script type=\"application\/ld+json\" class=\"yoast-schema-graph\">{\"@context\":\"https:\\\/\\\/schema.org\",\"@graph\":[{\"@type\":\"WebPage\",\"@id\":\"https:\\\/\\\/skyline-gs.com\\\/product\\\/ostrov-ozireya-ozirea-island-morskoj-otdyh-i-snorkling-v-krasnom-more\\\/\",\"url\":\"https:\\\/\\\/skyline-gs.com\\\/product\\\/ostrov-ozireya-ozirea-island-morskoj-otdyh-i-snorkling-v-krasnom-more\\\/\",\"name\":\"\u041e\u0441\u0442\u0440\u043e\u0432 \u041e\u0437\u0438\u0440\u0435\u044f (Ozirea Island) \u2014 \u043c\u043e\u0440\u0441\u043a\u043e\u0439 \u043e\u0442\u0434\u044b\u0445 \u0438 \u0441\u043d\u043e\u0440\u043a\u043b\u0438\u043d\u0433 \u0432 \u041a\u0440\u0430\u0441\u043d\u043e\u043c \u043c\u043e\u0440\u0435 &#8226; \u042d\u043a\u0441\u043a\u0443\u0440\u0441\u0438\u0438 Skyline\",\"isPartOf\":{\"@id\":\"https:\\\/\\\/skyline-gs.com\\\/it\\\/#website\"},\"primaryImageOfPage\":{\"@id\":\"https:\\\/\\\/skyline-gs.com\\\/product\\\/ostrov-ozireya-ozirea-island-morskoj-otdyh-i-snorkling-v-krasnom-more\\\/#primaryimage\"},\"image\":{\"@id\":\"https:\\\/\\\/skyline-gs.com\\\/product\\\/ostrov-ozireya-ozirea-island-morskoj-otdyh-i-snorkling-v-krasnom-more\\\/#primaryimage\"},\"thumbnailUrl\":\"https:\\\/\\\/skyline-gs.com\\\/wp-content\\\/uploads\\\/2026\\\/04\\\/whatsapp-image-2026-03-28-at-18.26.19-1.jpeg\",\"datePublished\":\"2026-04-03T09:55:36+00:00\",\"dateModified\":\"2026-04-03T10:10:52+00:00\",\"breadcrumb\":{\"@id\":\"https:\\\/\\\/skyline-gs.com\\\/product\\\/ostrov-ozireya-ozirea-island-morskoj-otdyh-i-snorkling-v-krasnom-more\\\/#breadcrumb\"},\"inLanguage\":\"hu\",\"potentialAction\":[{\"@type\":\"ReadAction\",\"target\":[\"https:\\\/\\\/skyline-gs.com\\\/product\\\/ostrov-ozireya-ozirea-island-morskoj-otdyh-i-snorkling-v-krasnom-more\\\/\"]}]},{\"@type\":\"ImageObject\",\"inLanguage\":\"hu\",\"@id\":\"https:\\\/\\\/skyline-gs.com\\\/product\\\/ostrov-ozireya-ozirea-island-morskoj-otdyh-i-snorkling-v-krasnom-more\\\/#primaryimage\",\"url\":\"https:\\\/\\\/skyline-gs.com\\\/wp-content\\\/uploads\\\/2026\\\/04\\\/whatsapp-image-2026-03-28-at-18.26.19-1.jpeg\",\"contentUrl\":\"https:\\\/\\\/skyline-gs.com\\\/wp-content\\\/uploads\\\/2026\\\/04\\\/whatsapp-image-2026-03-28-at-18.26.19-1.jpeg\",\"width\":1040,\"height\":694},{\"@type\":\"BreadcrumbList\",\"@id\":\"https:\\\/\\\/skyline-gs.com\\\/product\\\/ostrov-ozireya-ozirea-island-morskoj-otdyh-i-snorkling-v-krasnom-more\\\/#breadcrumb\",\"itemListElement\":[{\"@type\":\"ListItem\",\"position\":1,\"name\":\"\u0413\u043b\u0430\u0432\u043d\u0430\u044f \u0441\u0442\u0440\u0430\u043d\u0438\u0446\u0430\",\"item\":\"https:\\\/\\\/skyline-gs.com\\\/hu\\\/\"},{\"@type\":\"ListItem\",\"position\":2,\"name\":\"\u041c\u0430\u0433\u0430\u0437\u0438\u043d\",\"item\":\"https:\\\/\\\/skyline-gs.com\\\/cs\\\/shop\\\/\"},{\"@type\":\"ListItem\",\"position\":3,\"name\":\"\u041e\u0441\u0442\u0440\u043e\u0432 \u041e\u0437\u0438\u0440\u0435\u044f (Ozirea Island) \u2014 \u043c\u043e\u0440\u0441\u043a\u043e\u0439 \u043e\u0442\u0434\u044b\u0445 \u0438 \u0441\u043d\u043e\u0440\u043a\u043b\u0438\u043d\u0433 \u0432 \u041a\u0440\u0430\u0441\u043d\u043e\u043c \u043c\u043e\u0440\u0435\"}]},{\"@type\":\"WebSite\",\"@id\":\"https:\\\/\\\/skyline-gs.com\\\/it\\\/#website\",\"url\":\"https:\\\/\\\/skyline-gs.com\\\/it\\\/\",\"name\":\"\u042d\u043a\u0441\u043a\u0443\u0440\u0441\u0438\u0438 Skyline\",\"description\":\"\u042d\u043a\u0441\u043a\u043b\u044e\u0437\u0438\u0432\u043d\u044b\u0435 \u044d\u043a\u0441\u043a\u0443\u0440\u0441\u0438\u0438 \u043d\u0430 \u043b\u0443\u0447\u0448\u0438\u0445 \u043a\u0443\u0440\u043e\u0440\u0442\u0430\u0445 \u043c\u0438\u0440\u0430\",\"publisher\":{\"@id\":\"https:\\\/\\\/skyline-gs.com\\\/it\\\/#organization\"},\"alternateName\":\"Skyline\",\"potentialAction\":[{\"@type\":\"SearchAction\",\"target\":{\"@type\":\"EntryPoint\",\"urlTemplate\":\"https:\\\/\\\/skyline-gs.com\\\/it\\\/?s={search_term_string}\"},\"query-input\":{\"@type\":\"PropertyValueSpecification\",\"valueRequired\":true,\"valueName\":\"search_term_string\"}}],\"inLanguage\":\"hu\"},{\"@type\":\"Organization\",\"@id\":\"https:\\\/\\\/skyline-gs.com\\\/it\\\/#organization\",\"name\":\"\u042d\u043a\u0441\u043a\u0443\u0440\u0441\u0438\u0438 Skyline\",\"alternateName\":\"\u042d\u043a\u0441\u043a\u0443\u0440\u0441\u0438\u0438 Skyline\",\"url\":\"https:\\\/\\\/skyline-gs.com\\\/it\\\/\",\"logo\":{\"@type\":\"ImageObject\",\"inLanguage\":\"hu\",\"@id\":\"https:\\\/\\\/skyline-gs.com\\\/it\\\/#\\\/schema\\\/logo\\\/image\\\/\",\"url\":\"https:\\\/\\\/skyline-gs.com\\\/wp-content\\\/uploads\\\/2020\\\/12\\\/cropped-logo-2.png\",\"contentUrl\":\"https:\\\/\\\/skyline-gs.com\\\/wp-content\\\/uploads\\\/2020\\\/12\\\/cropped-logo-2.png\",\"width\":512,\"height\":512,\"caption\":\"\u042d\u043a\u0441\u043a\u0443\u0440\u0441\u0438\u0438 Skyline\"},\"image\":{\"@id\":\"https:\\\/\\\/skyline-gs.com\\\/it\\\/#\\\/schema\\\/logo\\\/image\\\/\"},\"sameAs\":[\"https:\\\/\\\/www.instagram.com\\\/skylineglobalservice\\\/\"]}]}<\/script>\n<!-- \/ Yoast SEO plugin. -->","yoast_head_json":{"title":"Ozirea-sziget - tengeri nyaral\u00e1s \u00e9s snorkeling a V\u00f6r\u00f6s-tengeren - Skyline Excursions","robots":{"index":"index","follow":"follow","max-snippet":"max-snippet:-1","max-image-preview":"max-image-preview:large","max-video-preview":"max-video-preview:-1"},"canonical":"https:\/\/skyline-gs.com\/hu\/termek\/ostrov-ozireya-ozirea-island-morskoj-otdyh-i-snorkling-in-krasnom-tovabb\/","og_locale":"hu_HU","og_type":"article","og_title":"\u041e\u0441\u0442\u0440\u043e\u0432 \u041e\u0437\u0438\u0440\u0435\u044f (Ozirea Island) \u2014 \u043c\u043e\u0440\u0441\u043a\u043e\u0439 \u043e\u0442\u0434\u044b\u0445 \u0438 \u0441\u043d\u043e\u0440\u043a\u043b\u0438\u043d\u0433 \u0432 \u041a\u0440\u0430\u0441\u043d\u043e\u043c \u043c\u043e\u0440\u0435 &#8226; \u042d\u043a\u0441\u043a\u0443\u0440\u0441\u0438\u0438 Skyline","og_description":"\u0412\u0440\u0435\u043c\u044f \u0442\u0443\u0440\u0430: 8:00 - 16:30  \u0414\u043d\u0438 \u043f\u0440\u043e\u0432\u0435\u0434\u0435\u043d\u0438\u044f: \u0415\u0436\u0435\u0434\u043d\u0435\u0432\u043d\u043e","og_url":"https:\/\/skyline-gs.com\/hu\/termek\/ostrov-ozireya-ozirea-island-morskoj-otdyh-i-snorkling-in-krasnom-tovabb\/","og_site_name":"\u042d\u043a\u0441\u043a\u0443\u0440\u0441\u0438\u0438 Skyline","article_modified_time":"2026-04-03T10:10:52+00:00","og_image":[{"width":1040,"height":694,"url":"https:\/\/skyline-gs.com\/wp-content\/uploads\/2026\/04\/whatsapp-image-2026-03-28-at-18.26.19-1.jpeg","type":"image\/jpeg"}],"twitter_card":"summary_large_image","twitter_misc":{"Becs\u00fclt olvas\u00e1si id\u0151":"2 perc"},"schema":{"@context":"https:\/\/schema.org","@graph":[{"@type":"WebPage","@id":"https:\/\/skyline-gs.com\/product\/ostrov-ozireya-ozirea-island-morskoj-otdyh-i-snorkling-v-krasnom-more\/","url":"https:\/\/skyline-gs.com\/product\/ostrov-ozireya-ozirea-island-morskoj-otdyh-i-snorkling-v-krasnom-more\/","name":"Ozirea-sziget - tengeri nyaral\u00e1s \u00e9s snorkeling a V\u00f6r\u00f6s-tengeren - Skyline Excursions","isPartOf":{"@id":"https:\/\/skyline-gs.com\/it\/#website"},"primaryImageOfPage":{"@id":"https:\/\/skyline-gs.com\/product\/ostrov-ozireya-ozirea-island-morskoj-otdyh-i-snorkling-v-krasnom-more\/#primaryimage"},"image":{"@id":"https:\/\/skyline-gs.com\/product\/ostrov-ozireya-ozirea-island-morskoj-otdyh-i-snorkling-v-krasnom-more\/#primaryimage"},"thumbnailUrl":"https:\/\/skyline-gs.com\/wp-content\/uploads\/2026\/04\/whatsapp-image-2026-03-28-at-18.26.19-1.jpeg","datePublished":"2026-04-03T09:55:36+00:00","dateModified":"2026-04-03T10:10:52+00:00","breadcrumb":{"@id":"https:\/\/skyline-gs.com\/product\/ostrov-ozireya-ozirea-island-morskoj-otdyh-i-snorkling-v-krasnom-more\/#breadcrumb"},"inLanguage":"hu","potentialAction":[{"@type":"ReadAction","target":["https:\/\/skyline-gs.com\/product\/ostrov-ozireya-ozirea-island-morskoj-otdyh-i-snorkling-v-krasnom-more\/"]}]},{"@type":"ImageObject","inLanguage":"hu","@id":"https:\/\/skyline-gs.com\/product\/ostrov-ozireya-ozirea-island-morskoj-otdyh-i-snorkling-v-krasnom-more\/#primaryimage","url":"https:\/\/skyline-gs.com\/wp-content\/uploads\/2026\/04\/whatsapp-image-2026-03-28-at-18.26.19-1.jpeg","contentUrl":"https:\/\/skyline-gs.com\/wp-content\/uploads\/2026\/04\/whatsapp-image-2026-03-28-at-18.26.19-1.jpeg","width":1040,"height":694},{"@type":"BreadcrumbList","@id":"https:\/\/skyline-gs.com\/product\/ostrov-ozireya-ozirea-island-morskoj-otdyh-i-snorkling-v-krasnom-more\/#breadcrumb","itemListElement":[{"@type":"ListItem","position":1,"name":"\u0413\u043b\u0430\u0432\u043d\u0430\u044f \u0441\u0442\u0440\u0430\u043d\u0438\u0446\u0430","item":"https:\/\/skyline-gs.com\/hu\/"},{"@type":"ListItem","position":2,"name":"\u041c\u0430\u0433\u0430\u0437\u0438\u043d","item":"https:\/\/skyline-gs.com\/cs\/shop\/"},{"@type":"ListItem","position":3,"name":"\u041e\u0441\u0442\u0440\u043e\u0432 \u041e\u0437\u0438\u0440\u0435\u044f (Ozirea Island) \u2014 \u043c\u043e\u0440\u0441\u043a\u043e\u0439 \u043e\u0442\u0434\u044b\u0445 \u0438 \u0441\u043d\u043e\u0440\u043a\u043b\u0438\u043d\u0433 \u0432 \u041a\u0440\u0430\u0441\u043d\u043e\u043c \u043c\u043e\u0440\u0435"}]},{"@type":"WebSite","@id":"https:\/\/skyline-gs.com\/it\/#website","url":"https:\/\/skyline-gs.com\/it\/","name":"Skyline T\u00far\u00e1k","description":"Exkluz\u00edv kir\u00e1ndul\u00e1sok a vil\u00e1g legjobb \u00fcd\u00fcl\u0151helyein","publisher":{"@id":"https:\/\/skyline-gs.com\/it\/#organization"},"alternateName":"Skyline","potentialAction":[{"@type":"SearchAction","target":{"@type":"EntryPoint","urlTemplate":"https:\/\/skyline-gs.com\/it\/?s={search_term_string}"},"query-input":{"@type":"PropertyValueSpecification","valueRequired":true,"valueName":"search_term_string"}}],"inLanguage":"hu"},{"@type":"Organization","@id":"https:\/\/skyline-gs.com\/it\/#organization","name":"Skyline T\u00far\u00e1k","alternateName":"\u042d\u043a\u0441\u043a\u0443\u0440\u0441\u0438\u0438 Skyline","url":"https:\/\/skyline-gs.com\/it\/","logo":{"@type":"ImageObject","inLanguage":"hu","@id":"https:\/\/skyline-gs.com\/it\/#\/schema\/logo\/image\/","url":"https:\/\/skyline-gs.com\/wp-content\/uploads\/2020\/12\/cropped-logo-2.png","contentUrl":"https:\/\/skyline-gs.com\/wp-content\/uploads\/2020\/12\/cropped-logo-2.png","width":512,"height":512,"caption":"\u042d\u043a\u0441\u043a\u0443\u0440\u0441\u0438\u0438 Skyline"},"image":{"@id":"https:\/\/skyline-gs.com\/it\/#\/schema\/logo\/image\/"},"sameAs":["https:\/\/www.instagram.com\/skylineglobalservice\/"]}]}},"_links":{"self":[{"href":"https:\/\/skyline-gs.com\/hu\/wp-json\/wp\/v2\/product\/75591","targetHints":{"allow":["GET"]}}],"collection":[{"href":"https:\/\/skyline-gs.com\/hu\/wp-json\/wp\/v2\/product"}],"about":[{"href":"https:\/\/skyline-gs.com\/hu\/wp-json\/wp\/v2\/types\/product"}],"version-history":[{"count":0,"href":"https:\/\/skyline-gs.com\/hu\/wp-json\/wp\/v2\/product\/75591\/revisions"}],"wp:featuredmedia":[{"embeddable":true,"href":"https:\/\/skyline-gs.com\/hu\/wp-json\/wp\/v2\/media\/75599"}],"wp:attachment":[{"href":"https:\/\/skyline-gs.com\/hu\/wp-json\/wp\/v2\/media?parent=75591"}],"wp:term":[{"taxonomy":"product_brand","embeddable":true,"href":"https:\/\/skyline-gs.com\/hu\/wp-json\/wp\/v2\/product_brand?post=75591"},{"taxonomy":"product_cat","embeddable":true,"href":"https:\/\/skyline-gs.com\/hu\/wp-json\/wp\/v2\/product_cat?post=75591"},{"taxonomy":"product_tag","embeddable":true,"href":"https:\/\/skyline-gs.com\/hu\/wp-json\/wp\/v2\/product_tag?post=75591"}],"curies":[{"name":"wp","href":"https:\/\/api.w.org\/{rel}","templated":true}]}}