{"id":75524,"date":"2026-03-24T22:33:01","date_gmt":"2026-03-24T20:33:01","guid":{"rendered":"https:\/\/skyline-gs.com\/?post_type=product&#038;p=75524"},"modified":"2026-03-30T23:25:49","modified_gmt":"2026-03-30T21:25:49","slug":"kair-i-aleksandriya-2-dnya-i-novyj-muzej-gem","status":"publish","type":"product","link":"https:\/\/skyline-gs.com\/hu\/product\/kair-i-aleksandriya-2-dnya-i-novyj-muzej-gem\/","title":{"rendered":"\u041a\u0430\u0438\u0440 \u0438 \u0410\u043b\u0435\u043a\u0441\u0430\u043d\u0434\u0440\u0438\u044f 2 \u0434\u043d\u044f \u0438 \u041d\u043e\u0432\u044b\u0439 \u041c\u0443\u0437\u0435\u0439 (GEM)"},"content":{"rendered":"<p>\u041e\u0442\u043f\u0440\u0430\u0432\u044c\u0442\u0435\u0441\u044c \u0432 \u043d\u0430\u0441\u044b\u0449\u0435\u043d\u043d\u043e\u0435 \u0434\u0432\u0443\u0445\u0434\u043d\u0435\u0432\u043d\u043e\u0435 \u043f\u0443\u0442\u0435\u0448\u0435\u0441\u0442\u0432\u0438\u0435 \u043f\u043e \u0433\u043b\u0430\u0432\u043d\u044b\u043c \u0438\u0441\u0442\u043e\u0440\u0438\u0447\u0435\u0441\u043a\u0438\u043c \u0438 \u043a\u0443\u043b\u044c\u0442\u0443\u0440\u043d\u044b\u043c \u0446\u0435\u043d\u0442\u0440\u0430\u043c \u0415\u0433\u0438\u043f\u0442\u0430. \u042d\u0442\u043e\u0442 \u0442\u0443\u0440 \u043f\u043e\u0437\u0432\u043e\u043b\u0438\u0442 \u0432\u0430\u043c \u0443\u0432\u0438\u0434\u0435\u0442\u044c \u043b\u0435\u0433\u0435\u043d\u0434\u0430\u0440\u043d\u044b\u0435 \u043f\u0438\u0440\u0430\u043c\u0438\u0434\u044b, \u0432\u0435\u043b\u0438\u0447\u0435\u0441\u0442\u0432\u0435\u043d\u043d\u044b\u0439 \u041d\u0438\u043b \u0438 \u0430\u0442\u043c\u043e\u0441\u0444\u0435\u0440\u043d\u0443\u044e \u0410\u043b\u0435\u043a\u0441\u0430\u043d\u0434\u0440\u0438\u044e, \u0430 \u0442\u0430\u043a\u0436\u0435 \u043f\u043e\u0441\u0435\u0442\u0438\u0442\u044c \u041d\u043e\u0432\u044b\u0439 \u0411\u043e\u043b\u044c\u0448\u043e\u0439 \u0415\u0433\u0438\u043f\u0435\u0442\u0441\u043a\u0438\u0439 \u043c\u0443\u0437\u0435\u0439 (GEM) \u2014 \u043e\u0434\u0438\u043d \u0438\u0437 \u0441\u0430\u043c\u044b\u0445 \u0441\u043e\u0432\u0440\u0435\u043c\u0435\u043d\u043d\u044b\u0445 \u043c\u0443\u0437\u0435\u0435\u0432 \u043c\u0438\u0440\u0430.<br \/>\n\u0417\u0430 \u0434\u0432\u0430 \u0434\u043d\u044f \u0432\u044b \u043f\u043e\u0433\u0440\u0443\u0437\u0438\u0442\u0435\u0441\u044c \u0432 \u0438\u0441\u0442\u043e\u0440\u0438\u044e \u0434\u0440\u0435\u0432\u043d\u0435\u0439 \u0446\u0438\u0432\u0438\u043b\u0438\u0437\u0430\u0446\u0438\u0438, \u0443\u0432\u0438\u0434\u0438\u0442\u0435 \u0430\u0440\u0445\u0438\u0442\u0435\u043a\u0442\u0443\u0440\u043d\u044b\u0435 \u0448\u0435\u0434\u0435\u0432\u0440\u044b \u0438 \u043f\u043e\u0447\u0443\u0432\u0441\u0442\u0432\u0443\u0435\u0442\u0435 \u043d\u0430\u0441\u0442\u043e\u044f\u0449\u0438\u0439 \u0434\u0443\u0445 \u0415\u0433\u0438\u043f\u0442\u0430.<\/p>\n<p><strong>\u0414\u0435\u043d\u044c 1 \u2014 \u041a\u0430\u0438\u0440<\/strong><\/p>\n<ul>\n<li>\u0412\u044b\u0435\u0437\u0434 \u0438\u0437 \u0425\u0443\u0440\u0433\u0430\u0434\u044b: \u043e\u043a\u043e\u043b\u043e 01:00 (\u0434\u043e\u0440\u043e\u0433\u0430 \u0437\u0430\u043d\u0438\u043c\u0430\u0435\u0442 ~8 \u0447\u0430\u0441\u043e\u0432, \u0432 \u0437\u0430\u0432\u0438\u0441\u0438\u043c\u043e\u0441\u0442\u0438 \u043e\u0442 \u0441\u043e\u043f\u0440\u043e\u0432\u043e\u0436\u0434\u0435\u043d\u0438\u044f)<\/li>\n<li><strong>\u041f\u0438\u0440\u0430\u043c\u0438\u0434\u044b \u0413\u0438\u0437\u044b \u0438 \u0412\u0435\u043b\u0438\u043a\u0438\u0439 \u0421\u0444\u0438\u043d\u043a\u0441<\/strong> &#8212; \u0433\u043b\u0430\u0432\u043d\u0430\u044f \u0434\u043e\u0441\u0442\u043e\u043f\u0440\u0438\u043c\u0435\u0447\u0430\u0442\u0435\u043b\u044c\u043d\u043e\u0441\u0442\u044c \u0415\u0433\u0438\u043f\u0442\u0430 \u2014 \u0432\u0435\u043b\u0438\u0447\u0435\u0441\u0442\u0432\u0435\u043d\u043d\u044b\u0435 \u043f\u0438\u0440\u0430\u043c\u0438\u0434\u044b, \u0441\u043e\u0445\u0440\u0430\u043d\u0438\u0432\u0448\u0438\u0435\u0441\u044f \u0441\u043e \u0432\u0440\u0435\u043c\u0451\u043d \u0434\u0440\u0435\u0432\u043d\u0435\u0433\u043e \u043c\u0438\u0440\u0430, \u0438 \u0437\u0430\u0433\u0430\u0434\u043e\u0447\u043d\u044b\u0439 \u0421\u0444\u0438\u043d\u043a\u0441.<\/li>\n<li>\u0412\u044b \u043f\u043e\u0441\u0435\u0442\u0438\u0442\u0435 \u0441\u043e\u0432\u0440\u0435\u043c\u0435\u043d\u043d\u044b\u0439 <strong>\u041d\u043e\u0432\u044b\u0439 \u0411\u043e\u043b\u044c\u0448\u043e\u0439 \u0415\u0433\u0438\u043f\u0435\u0442\u0441\u043a\u0438\u0439 \u043c\u0443\u0437\u0435\u0439 (GEM)<\/strong> \u2014 \u043a\u0440\u0443\u043f\u043d\u0435\u0439\u0448\u0438\u0439 \u043c\u0443\u0437\u0435\u0439, \u043f\u043e\u0441\u0432\u044f\u0449\u0451\u043d\u043d\u044b\u0439 \u0434\u0440\u0435\u0432\u043d\u0435\u043c\u0443 \u0415\u0433\u0438\u043f\u0442\u0443. \u0417\u0434\u0435\u0441\u044c \u0432\u044b \u0443\u0432\u0438\u0434\u0438\u0442\u0435 \u0443\u043d\u0438\u043a\u0430\u043b\u044c\u043d\u044b\u0435 \u0430\u0440\u0442\u0435\u0444\u0430\u043a\u0442\u044b, \u0432\u043a\u043b\u044e\u0447\u0430\u044f \u0441\u043e\u043a\u0440\u043e\u0432\u0438\u0449\u0430 \u0444\u0430\u0440\u0430\u043e\u043d\u043e\u0432.<\/li>\n<li>\u0418\u043d\u0441\u0442\u0438\u0442\u0443\u0442 \u043f\u0430\u043f\u0438\u0440\u0443\u0441\u0430 \u0438 \u0444\u0430\u0431\u0440\u0438\u043a\u0430 \u043c\u0430\u0441\u0435\u043b &#8212; \u0437\u043d\u0430\u043a\u043e\u043c\u0441\u0442\u0432\u043e \u0441 \u0434\u0440\u0435\u0432\u043d\u0438\u043c\u0438 \u0442\u0435\u0445\u043d\u043e\u043b\u043e\u0433\u0438\u044f\u043c\u0438 \u0438 \u0432\u043e\u0437\u043c\u043e\u0436\u043d\u043e\u0441\u0442\u044c\u044e \u043f\u0440\u0438\u043e\u0431\u0440\u0435\u0441\u0442\u0438 \u0441\u0443\u0432\u0435\u043d\u0438\u0440\u044b.<\/li>\n<li>\u041f\u0440\u043e\u0433\u0443\u043b\u043a\u0430 \u043f\u043e \u041d\u0438\u043b\u0443 (\u043e\u043f\u043b\u0430\u0447\u0438\u0432\u0430\u0435\u0442\u0441\u044f \u0434\u043e\u043f\u043e\u043b\u043d\u0438\u0442\u0435\u043b\u044c\u043d\u043e).<\/li>\n<li>\u041e\u0431\u0435\u0434 &#8212; \u0448\u0432\u0435\u0434\u0441\u043a\u0438\u0439 \u0441\u0442\u043e\u043b \u0432 \u0440\u0435\u0441\u0442\u043e\u0440\u0430\u043d\u0435.<\/li>\n<li>\u0417\u0430\u0441\u0435\u043b\u0435\u043d\u0438\u0435 \u0432 \u043e\u0442\u0435\u043b\u044c \u0438 \u0443\u0436\u0438\u043d.<\/li>\n<\/ul>\n<p><strong>\u0414\u0435\u043d\u044c 2 \u2014 \u0410\u043b\u0435\u043a\u0441\u0430\u043d\u0434\u0440\u0438\u044f<\/strong><\/p>\n<ul>\n<li>\u0420\u0430\u043d\u043d\u0438\u0439 \u0437\u0430\u0432\u0442\u0440\u0430\u043a \u0432 \u043e\u0442\u0435\u043b\u0435<\/li>\n<li>\u0412\u044b\u0435\u0437\u0434 \u0432 \u0410\u043b\u0435\u043a\u0441\u0430\u043d\u0434\u0440\u0438\u044e: \u043e\u043a\u043e\u043b\u043e 05:00<\/li>\n<li>\u0424\u043e\u0440\u0442 \u041a\u0430\u0439\u0442-\u0411\u0435\u0439 &#8212; \u043a\u0440\u0435\u043f\u043e\u0441\u0442\u044c \u043d\u0430 \u0431\u0435\u0440\u0435\u0433\u0443 \u0421\u0440\u0435\u0434\u0438\u0437\u0435\u043c\u043d\u043e\u0433\u043e \u043c\u043e\u0440\u044f, \u043f\u043e\u0441\u0442\u0440\u043e\u0435\u043d\u043d\u0430\u044f \u043d\u0430 \u043c\u0435\u0441\u0442\u0435 \u0434\u0440\u0435\u0432\u043d\u0435\u0433\u043e \u043c\u0430\u044f\u043a\u0430.<\/li>\n<li>\u041c\u0435\u0447\u0435\u0442\u044c \u0410\u0431\u0443-\u0430\u043b\u044c-\u0410\u0431\u0431\u0430\u0441 &#8212; \u043e\u0434\u043d\u0430 \u0438\u0437 \u0441\u0430\u043c\u044b\u0445 \u043a\u0440\u0430\u0441\u0438\u0432\u044b\u0445 \u0438 \u0437\u043d\u0430\u0447\u0438\u043c\u044b\u0445 \u043c\u0435\u0447\u0435\u0442\u0435\u0439 \u0433\u043e\u0440\u043e\u0434\u0430.<\/li>\n<li>\u0410\u043b\u0435\u043a\u0441\u0430\u043d\u0434\u0440\u0438\u0439\u0441\u043a\u0430\u044f \u0431\u0438\u0431\u043b\u0438\u043e\u0442\u0435\u043a\u0430 &#8212; \u0441\u043e\u0432\u0440\u0435\u043c\u0435\u043d\u043d\u044b\u0439 \u0441\u0438\u043c\u0432\u043e\u043b \u0437\u043d\u0430\u043d\u0438\u0439, \u0432\u0434\u043e\u0445\u043d\u043e\u0432\u043b\u0451\u043d\u043d\u044b\u0439 \u043b\u0435\u0433\u0435\u043d\u0434\u0430\u0440\u043d\u043e\u0439 \u0434\u0440\u0435\u0432\u043d\u0435\u0439 \u0431\u0438\u0431\u043b\u0438\u043e\u0442\u0435\u043a\u043e\u0439.<\/li>\n<li>\u0414\u043e\u043f\u043e\u043b\u043d\u0438\u0442\u0435\u043b\u044c\u043d\u044b\u0435 \u043e\u0441\u0442\u0430\u043d\u043e\u0432\u043a\u0438 <em>(\u043f\u0440\u0438 \u043d\u0430\u043b\u0438\u0447\u0438\u0438 \u0432\u0440\u0435\u043c\u0435\u043d\u0438)<\/em><br \/>\n\u2022 \u0420\u0438\u043c\u0441\u043a\u0438\u0439 \u0442\u0435\u0430\u0442\u0440<br \/>\n\u2022 \u0410\u043a\u0432\u0430\u0440\u0438\u0443\u043c (\u0431\u0435\u0437 \u0434\u043e\u043f\u043b\u0430\u0442\u044b, \u043f\u043e \u0441\u043e\u0433\u043b\u0430\u0441\u043e\u0432\u0430\u043d\u0438\u044e \u0441 \u0433\u0438\u0434\u043e\u043c)<\/li>\n<li>\u041e\u0431\u0435\u0434 \u0432 \u0440\u044b\u0431\u043d\u043e\u043c \u0440\u0435\u0441\u0442\u043e\u0440\u0430\u043d\u0435 &#8212; \u0421\u0432\u0435\u0436\u0438\u0435 \u043c\u043e\u0440\u0435\u043f\u0440\u043e\u0434\u0443\u043a\u0442\u044b \u0438 \u0431\u043b\u044e\u0434\u0430 \u043c\u0435\u0441\u0442\u043d\u043e\u0439 \u043a\u0443\u0445\u043d\u0438.<\/li>\n<li>\u0412\u043e\u0437\u0432\u0440\u0430\u0449\u0435\u043d\u0438\u0435 \u0432 \u0425\u0443\u0440\u0433\u0430\u0434\u0443<\/li>\n<li>\u0412\u044b\u0435\u0437\u0434 \u043e\u043a\u043e\u043b\u043e 14:30<\/li>\n<li>\u041f\u0440\u0438\u0431\u044b\u0442\u0438\u0435 \u2014 \u043f\u0440\u0438\u043c\u0435\u0440\u043d\u043e \u043a 23:00 (\u0432 \u0437\u0430\u0432\u0438\u0441\u0438\u043c\u043e\u0441\u0442\u0438 \u043e\u0442 \u0440\u0430\u0441\u043f\u043e\u043b\u043e\u0436\u0435\u043d\u0438\u044f \u043e\u0442\u0435\u043b\u044f)<\/li>\n<\/ul>\n<p><strong>Tartalmazza:<\/strong><\/p>\n<ul>\n<li>Transzfer a sz\u00e1llod\u00e1b\u00f3l \u00e9s vissza<\/li>\n<li>Minden transzfer a programon bel\u00fcl k\u00e9nyelmes, l\u00e9gkondicion\u00e1lt aut\u00f3busszal<\/li>\n<li>\u0420\u0443\u0441\u0441\u043a\u043e\u0433\u043e\u0432\u043e\u0440\u044f\u0449\u0438\u0439 \u0413\u0438\u0434 \u044d\u043a\u0441\u043a\u0443\u0440\u0441\u043e\u0432\u043e\u0434-\u0435\u0433\u0438\u043f\u0442\u043e\u043b\u043e\u0433;<\/li>\n<li>Sz\u00e1ll\u00e1s 1 \u00e9jszaka sz\u00e1llod\u00e1ban reggelivel;<\/li>\n<li>Bel\u00e9p\u0151jegyek a programban eml\u00edtett \u00f6sszes l\u00e1tnival\u00f3hoz;<\/li>\n<li>\u00c9tkez\u00e9s: 1. nap: eb\u00e9d, vacsora; 2. nap: reggeli, eb\u00e9d.<\/li>\n<\/ul>\n<p><strong>Nem tartalmazza:<\/strong><\/p>\n<ul>\n<li>Italok az \u00e9tteremben;<\/li>\n<li>A programban nem szerepl\u0151 tov\u00e1bbi k\u00f6lts\u00e9gek;<\/li>\n<li>S\u00e9ta a N\u00edlus ment\u00e9n ;<\/li>\n<li>\u0412\u0445\u043e\u0434\u043d\u043e\u0439 \u0431\u0438\u043b\u0435\u0442 \u0432 \u041c\u0443\u0437\u0435\u0439 \u0441\u043e\u043b\u043d\u0435\u0447\u043d\u043e\u0439 \u043b\u0430\u0434\u044c\u0438 \u0443 \u043f\u0438\u0440\u0430\u043c\u0438\u0434 \u0413\u0438\u0437\u044b;<\/li>\n<li>\u0411\u0438\u043b\u0435\u0442 \u043d\u0430 \u0444\u043e\u0442\u043e\u0430\u043f\u043f\u0430\u0440\u0430\u0442 \u0432 \u043c\u0443\u0437\u0435\u0435 ;<\/li>\n<li>\u0411\u0438\u043b\u0435\u0442 \u043d\u0430 \u0432\u0438\u0434\u0435\u043e\u043a\u0430\u043c\u0435\u0440\u0443 \u0432 \u043c\u0443\u0437\u0435\u0435;<\/li>\n<li>Tekintse meg a piramis belsej\u00e9t.<\/li>\n<\/ul>\n<p><strong>K\u00fcl\u00f6n fizetend\u0151:<\/strong><\/p>\n<ul>\n<li>\u0414\u043e\u043f\u043b\u0430\u0442\u0430 \u0437\u0430 \u043e\u0434\u043d\u043e\u043c\u0435\u0441\u0442\u043d\u043e\u0435 \u0440\u0430\u0437\u043c\u0435\u0449\u0435\u043d\u0438\u0435 \u0432 \u043e\u0442\u0435\u043b\u0435 +10$<\/li>\n<li>A transzferek Sahl Hasheesh, Makadi Bay vid\u00e9ki sz\u00e1llod\u00e1kb\u00f3l 5 $ szem\u00e9lyenk\u00e9nt oda-vissza;<\/li>\n<li>Transzfer Soma Bay, Safaga vid\u00e9ki sz\u00e1llod\u00e1kb\u00f3l - 20$ aut\u00f3nk\u00e9nt (4 f\u0151ig) oda-vissza.<\/li>\n<\/ul>\n<p><strong>Vigy\u00e9l magaddal:<\/strong><\/p>\n<ul>\n<li>\u00datlev\u00e9l;<\/li>\n<li>K\u00e9nyelmes cip\u0151 \u00e9s ruh\u00e1zat;<\/li>\n<li>Egy kab\u00e1t, es\u0151 vagy h\u0171v\u00f6s est\u00e9k eset\u00e9n;<\/li>\n<li>Fot\u00f3-vide\u00f3 felszerel\u00e9s. El\u0151zetesen t\u00f6ltse fel eszk\u00f6zeit;<\/li>\n<li>V\u00e1ltsd \u00e1t a p\u00e9nzed kis c\u00edmletekre. Ezekkel aj\u00e1nd\u00e9kt\u00e1rgyakat v\u00e1s\u00e1rolhat \u00e9s borraval\u00f3t adhat a park\u0151r\u00f6knek;<\/li>\n<li>Reggeli harapnival\u00f3 (az hotel recepci\u00f3j\u00e1n jelezze, hogy kor\u00e1n reggel indul egy kir\u00e1ndul\u00e1sra, \u00e9s k\u00e9sz\u00edtsenek \u00d6nnek egy eb\u00e9dcsomagot, a sz\u00e1llod\u00e1k ezt a szolg\u00e1ltat\u00e1st ingyen biztos\u00edtj\u00e1k);<\/li>\n<li>Napszem\u00fcveg \u00e9s panama, naptej;<\/li>\n<li>Szem\u00e9lyi higi\u00e9niai term\u00e9kek, szem\u00e9lyes els\u0151seg\u00e9lycsomag;<\/li>\n<li>K\u00e9zfert\u0151tlen\u00edt\u0151 g\u00e9l.<\/li>\n<\/ul>","protected":false},"excerpt":{"rendered":"<p><strong>Kir\u00e1ndul\u00e1s Id\u0151pontja:<\/strong> 2 nap<\/p>\n<p><strong>A Kir\u00e1ndul\u00e1s Napjai:<\/strong> Kedd<\/p>","protected":false},"featured_media":75527,"template":"","meta":{"_kad_post_transparent":"default","_kad_post_title":"","_kad_post_layout":"default","_kad_post_sidebar_id":"","_kad_post_content_style":"default","_kad_post_vertical_padding":"default","_kad_post_feature":"","_kad_post_feature_position":"","_kad_post_header":false,"_kad_post_footer":false,"_kad_post_classname":"","_glsr_average":0,"_glsr_ranking":0,"_glsr_reviews":0},"product_brand":[],"product_cat":[479],"product_tag":[],"class_list":{"0":"post-75524","1":"product","2":"type-product","3":"status-publish","4":"has-post-thumbnail","6":"product_cat-hurghadatours","7":"tm-has-options","9":"first","10":"instock","11":"sold-individually","12":"taxable","13":"shipping-taxable","14":"purchasable","15":"product-type-simple","16":"entry","17":"content-bg","18":"loop-entry"},"yoast_head":"<!-- This site is optimized with the Yoast SEO plugin v27.4 - https:\/\/yoast.com\/product\/yoast-seo-wordpress\/ -->\n<title>\u041a\u0430\u0438\u0440 \u0438 \u0410\u043b\u0435\u043a\u0441\u0430\u043d\u0434\u0440\u0438\u044f 2 \u0434\u043d\u044f \u0438 \u041d\u043e\u0432\u044b\u0439 \u041c\u0443\u0437\u0435\u0439 (GEM) &#8226; \u042d\u043a\u0441\u043a\u0443\u0440\u0441\u0438\u0438 Skyline<\/title>\n<meta name=\"robots\" content=\"index, follow, max-snippet:-1, max-image-preview:large, max-video-preview:-1\" \/>\n<link rel=\"canonical\" href=\"https:\/\/skyline-gs.com\/hu\/termek\/kair-i-aleksandriya-2-dnya-i-novyj-muzej-gem\/\" \/>\n<meta property=\"og:locale\" content=\"hu_HU\" \/>\n<meta property=\"og:type\" content=\"article\" \/>\n<meta property=\"og:title\" content=\"\u041a\u0430\u0438\u0440 \u0438 \u0410\u043b\u0435\u043a\u0441\u0430\u043d\u0434\u0440\u0438\u044f 2 \u0434\u043d\u044f \u0438 \u041d\u043e\u0432\u044b\u0439 \u041c\u0443\u0437\u0435\u0439 (GEM) &#8226; \u042d\u043a\u0441\u043a\u0443\u0440\u0441\u0438\u0438 Skyline\" \/>\n<meta property=\"og:description\" content=\"\u0412\u0440\u0435\u043c\u044f \u0442\u0443\u0440\u0430: 2 \u0434\u043d\u044f  \u0414\u043d\u0438 \u043f\u0440\u043e\u0432\u0435\u0434\u0435\u043d\u0438\u044f: \u0412\u0442\u043e\u0440\u043d\u0438\u043a\" \/>\n<meta property=\"og:url\" content=\"https:\/\/skyline-gs.com\/hu\/termek\/kair-i-aleksandriya-2-dnya-i-novyj-muzej-gem\/\" \/>\n<meta property=\"og:site_name\" content=\"\u042d\u043a\u0441\u043a\u0443\u0440\u0441\u0438\u0438 Skyline\" \/>\n<meta property=\"article:modified_time\" content=\"2026-03-30T21:25:49+00:00\" \/>\n<meta property=\"og:image\" content=\"https:\/\/skyline-gs.com\/wp-content\/uploads\/2026\/03\/grand-egyptian-museum-image.jpeg-e1774385359181.webp\" \/>\n\t<meta property=\"og:image:width\" content=\"1352\" \/>\n\t<meta property=\"og:image:height\" content=\"900\" \/>\n\t<meta property=\"og:image:type\" content=\"image\/webp\" \/>\n<meta name=\"twitter:card\" content=\"summary_large_image\" \/>\n<meta name=\"twitter:label1\" content=\"Becs\u00fclt olvas\u00e1si id\u0151\" \/>\n\t<meta name=\"twitter:data1\" content=\"3 perc\" \/>\n<script type=\"application\/ld+json\" class=\"yoast-schema-graph\">{\"@context\":\"https:\\\/\\\/schema.org\",\"@graph\":[{\"@type\":\"WebPage\",\"@id\":\"https:\\\/\\\/skyline-gs.com\\\/product\\\/kair-i-aleksandriya-2-dnya-i-novyj-muzej-gem\\\/\",\"url\":\"https:\\\/\\\/skyline-gs.com\\\/product\\\/kair-i-aleksandriya-2-dnya-i-novyj-muzej-gem\\\/\",\"name\":\"\u041a\u0430\u0438\u0440 \u0438 \u0410\u043b\u0435\u043a\u0441\u0430\u043d\u0434\u0440\u0438\u044f 2 \u0434\u043d\u044f \u0438 \u041d\u043e\u0432\u044b\u0439 \u041c\u0443\u0437\u0435\u0439 (GEM) &#8226; \u042d\u043a\u0441\u043a\u0443\u0440\u0441\u0438\u0438 Skyline\",\"isPartOf\":{\"@id\":\"https:\\\/\\\/skyline-gs.com\\\/it\\\/#website\"},\"primaryImageOfPage\":{\"@id\":\"https:\\\/\\\/skyline-gs.com\\\/product\\\/kair-i-aleksandriya-2-dnya-i-novyj-muzej-gem\\\/#primaryimage\"},\"image\":{\"@id\":\"https:\\\/\\\/skyline-gs.com\\\/product\\\/kair-i-aleksandriya-2-dnya-i-novyj-muzej-gem\\\/#primaryimage\"},\"thumbnailUrl\":\"https:\\\/\\\/skyline-gs.com\\\/wp-content\\\/uploads\\\/2026\\\/03\\\/grand-egyptian-museum-image.jpeg-e1774385359181.webp\",\"datePublished\":\"2026-03-24T20:33:01+00:00\",\"dateModified\":\"2026-03-30T21:25:49+00:00\",\"breadcrumb\":{\"@id\":\"https:\\\/\\\/skyline-gs.com\\\/product\\\/kair-i-aleksandriya-2-dnya-i-novyj-muzej-gem\\\/#breadcrumb\"},\"inLanguage\":\"hu\",\"potentialAction\":[{\"@type\":\"ReadAction\",\"target\":[\"https:\\\/\\\/skyline-gs.com\\\/product\\\/kair-i-aleksandriya-2-dnya-i-novyj-muzej-gem\\\/\"]}]},{\"@type\":\"ImageObject\",\"inLanguage\":\"hu\",\"@id\":\"https:\\\/\\\/skyline-gs.com\\\/product\\\/kair-i-aleksandriya-2-dnya-i-novyj-muzej-gem\\\/#primaryimage\",\"url\":\"https:\\\/\\\/skyline-gs.com\\\/wp-content\\\/uploads\\\/2026\\\/03\\\/grand-egyptian-museum-image.jpeg-e1774385359181.webp\",\"contentUrl\":\"https:\\\/\\\/skyline-gs.com\\\/wp-content\\\/uploads\\\/2026\\\/03\\\/grand-egyptian-museum-image.jpeg-e1774385359181.webp\",\"width\":1352,\"height\":900},{\"@type\":\"BreadcrumbList\",\"@id\":\"https:\\\/\\\/skyline-gs.com\\\/product\\\/kair-i-aleksandriya-2-dnya-i-novyj-muzej-gem\\\/#breadcrumb\",\"itemListElement\":[{\"@type\":\"ListItem\",\"position\":1,\"name\":\"\u0413\u043b\u0430\u0432\u043d\u0430\u044f \u0441\u0442\u0440\u0430\u043d\u0438\u0446\u0430\",\"item\":\"https:\\\/\\\/skyline-gs.com\\\/hu\\\/\"},{\"@type\":\"ListItem\",\"position\":2,\"name\":\"\u041c\u0430\u0433\u0430\u0437\u0438\u043d\",\"item\":\"https:\\\/\\\/skyline-gs.com\\\/cs\\\/shop\\\/\"},{\"@type\":\"ListItem\",\"position\":3,\"name\":\"\u041a\u0430\u0438\u0440 \u0438 \u0410\u043b\u0435\u043a\u0441\u0430\u043d\u0434\u0440\u0438\u044f 2 \u0434\u043d\u044f \u0438 \u041d\u043e\u0432\u044b\u0439 \u041c\u0443\u0437\u0435\u0439 (GEM)\"}]},{\"@type\":\"WebSite\",\"@id\":\"https:\\\/\\\/skyline-gs.com\\\/it\\\/#website\",\"url\":\"https:\\\/\\\/skyline-gs.com\\\/it\\\/\",\"name\":\"\u042d\u043a\u0441\u043a\u0443\u0440\u0441\u0438\u0438 Skyline\",\"description\":\"\u042d\u043a\u0441\u043a\u043b\u044e\u0437\u0438\u0432\u043d\u044b\u0435 \u044d\u043a\u0441\u043a\u0443\u0440\u0441\u0438\u0438 \u043d\u0430 \u043b\u0443\u0447\u0448\u0438\u0445 \u043a\u0443\u0440\u043e\u0440\u0442\u0430\u0445 \u043c\u0438\u0440\u0430\",\"publisher\":{\"@id\":\"https:\\\/\\\/skyline-gs.com\\\/it\\\/#organization\"},\"alternateName\":\"Skyline\",\"potentialAction\":[{\"@type\":\"SearchAction\",\"target\":{\"@type\":\"EntryPoint\",\"urlTemplate\":\"https:\\\/\\\/skyline-gs.com\\\/it\\\/?s={search_term_string}\"},\"query-input\":{\"@type\":\"PropertyValueSpecification\",\"valueRequired\":true,\"valueName\":\"search_term_string\"}}],\"inLanguage\":\"hu\"},{\"@type\":\"Organization\",\"@id\":\"https:\\\/\\\/skyline-gs.com\\\/it\\\/#organization\",\"name\":\"\u042d\u043a\u0441\u043a\u0443\u0440\u0441\u0438\u0438 Skyline\",\"alternateName\":\"\u042d\u043a\u0441\u043a\u0443\u0440\u0441\u0438\u0438 Skyline\",\"url\":\"https:\\\/\\\/skyline-gs.com\\\/it\\\/\",\"logo\":{\"@type\":\"ImageObject\",\"inLanguage\":\"hu\",\"@id\":\"https:\\\/\\\/skyline-gs.com\\\/it\\\/#\\\/schema\\\/logo\\\/image\\\/\",\"url\":\"https:\\\/\\\/skyline-gs.com\\\/wp-content\\\/uploads\\\/2020\\\/12\\\/cropped-logo-2.png\",\"contentUrl\":\"https:\\\/\\\/skyline-gs.com\\\/wp-content\\\/uploads\\\/2020\\\/12\\\/cropped-logo-2.png\",\"width\":512,\"height\":512,\"caption\":\"\u042d\u043a\u0441\u043a\u0443\u0440\u0441\u0438\u0438 Skyline\"},\"image\":{\"@id\":\"https:\\\/\\\/skyline-gs.com\\\/it\\\/#\\\/schema\\\/logo\\\/image\\\/\"},\"sameAs\":[\"https:\\\/\\\/www.instagram.com\\\/skylineglobalservice\\\/\"]}]}<\/script>\n<!-- \/ Yoast SEO plugin. -->","yoast_head_json":{"title":"\u041a\u0430\u0438\u0440 \u0438 \u0410\u043b\u0435\u043a\u0441\u0430\u043d\u0434\u0440\u0438\u044f 2 \u0434\u043d\u044f \u0438 \u041d\u043e\u0432\u044b\u0439 \u041c\u0443\u0437\u0435\u0439 (GEM) &#8226; \u042d\u043a\u0441\u043a\u0443\u0440\u0441\u0438\u0438 Skyline","robots":{"index":"index","follow":"follow","max-snippet":"max-snippet:-1","max-image-preview":"max-image-preview:large","max-video-preview":"max-video-preview:-1"},"canonical":"https:\/\/skyline-gs.com\/hu\/termek\/kair-i-aleksandriya-2-dnya-i-novyj-muzej-gem\/","og_locale":"hu_HU","og_type":"article","og_title":"\u041a\u0430\u0438\u0440 \u0438 \u0410\u043b\u0435\u043a\u0441\u0430\u043d\u0434\u0440\u0438\u044f 2 \u0434\u043d\u044f \u0438 \u041d\u043e\u0432\u044b\u0439 \u041c\u0443\u0437\u0435\u0439 (GEM) &#8226; \u042d\u043a\u0441\u043a\u0443\u0440\u0441\u0438\u0438 Skyline","og_description":"\u0412\u0440\u0435\u043c\u044f \u0442\u0443\u0440\u0430: 2 \u0434\u043d\u044f  \u0414\u043d\u0438 \u043f\u0440\u043e\u0432\u0435\u0434\u0435\u043d\u0438\u044f: \u0412\u0442\u043e\u0440\u043d\u0438\u043a","og_url":"https:\/\/skyline-gs.com\/hu\/termek\/kair-i-aleksandriya-2-dnya-i-novyj-muzej-gem\/","og_site_name":"\u042d\u043a\u0441\u043a\u0443\u0440\u0441\u0438\u0438 Skyline","article_modified_time":"2026-03-30T21:25:49+00:00","og_image":[{"width":1352,"height":900,"url":"https:\/\/skyline-gs.com\/wp-content\/uploads\/2026\/03\/grand-egyptian-museum-image.jpeg-e1774385359181.webp","type":"image\/webp"}],"twitter_card":"summary_large_image","twitter_misc":{"Becs\u00fclt olvas\u00e1si id\u0151":"3 perc"},"schema":{"@context":"https:\/\/schema.org","@graph":[{"@type":"WebPage","@id":"https:\/\/skyline-gs.com\/product\/kair-i-aleksandriya-2-dnya-i-novyj-muzej-gem\/","url":"https:\/\/skyline-gs.com\/product\/kair-i-aleksandriya-2-dnya-i-novyj-muzej-gem\/","name":"\u041a\u0430\u0438\u0440 \u0438 \u0410\u043b\u0435\u043a\u0441\u0430\u043d\u0434\u0440\u0438\u044f 2 \u0434\u043d\u044f \u0438 \u041d\u043e\u0432\u044b\u0439 \u041c\u0443\u0437\u0435\u0439 (GEM) &#8226; \u042d\u043a\u0441\u043a\u0443\u0440\u0441\u0438\u0438 Skyline","isPartOf":{"@id":"https:\/\/skyline-gs.com\/it\/#website"},"primaryImageOfPage":{"@id":"https:\/\/skyline-gs.com\/product\/kair-i-aleksandriya-2-dnya-i-novyj-muzej-gem\/#primaryimage"},"image":{"@id":"https:\/\/skyline-gs.com\/product\/kair-i-aleksandriya-2-dnya-i-novyj-muzej-gem\/#primaryimage"},"thumbnailUrl":"https:\/\/skyline-gs.com\/wp-content\/uploads\/2026\/03\/grand-egyptian-museum-image.jpeg-e1774385359181.webp","datePublished":"2026-03-24T20:33:01+00:00","dateModified":"2026-03-30T21:25:49+00:00","breadcrumb":{"@id":"https:\/\/skyline-gs.com\/product\/kair-i-aleksandriya-2-dnya-i-novyj-muzej-gem\/#breadcrumb"},"inLanguage":"hu","potentialAction":[{"@type":"ReadAction","target":["https:\/\/skyline-gs.com\/product\/kair-i-aleksandriya-2-dnya-i-novyj-muzej-gem\/"]}]},{"@type":"ImageObject","inLanguage":"hu","@id":"https:\/\/skyline-gs.com\/product\/kair-i-aleksandriya-2-dnya-i-novyj-muzej-gem\/#primaryimage","url":"https:\/\/skyline-gs.com\/wp-content\/uploads\/2026\/03\/grand-egyptian-museum-image.jpeg-e1774385359181.webp","contentUrl":"https:\/\/skyline-gs.com\/wp-content\/uploads\/2026\/03\/grand-egyptian-museum-image.jpeg-e1774385359181.webp","width":1352,"height":900},{"@type":"BreadcrumbList","@id":"https:\/\/skyline-gs.com\/product\/kair-i-aleksandriya-2-dnya-i-novyj-muzej-gem\/#breadcrumb","itemListElement":[{"@type":"ListItem","position":1,"name":"\u0413\u043b\u0430\u0432\u043d\u0430\u044f \u0441\u0442\u0440\u0430\u043d\u0438\u0446\u0430","item":"https:\/\/skyline-gs.com\/hu\/"},{"@type":"ListItem","position":2,"name":"\u041c\u0430\u0433\u0430\u0437\u0438\u043d","item":"https:\/\/skyline-gs.com\/cs\/shop\/"},{"@type":"ListItem","position":3,"name":"\u041a\u0430\u0438\u0440 \u0438 \u0410\u043b\u0435\u043a\u0441\u0430\u043d\u0434\u0440\u0438\u044f 2 \u0434\u043d\u044f \u0438 \u041d\u043e\u0432\u044b\u0439 \u041c\u0443\u0437\u0435\u0439 (GEM)"}]},{"@type":"WebSite","@id":"https:\/\/skyline-gs.com\/it\/#website","url":"https:\/\/skyline-gs.com\/it\/","name":"Skyline T\u00far\u00e1k","description":"Exkluz\u00edv kir\u00e1ndul\u00e1sok a vil\u00e1g legjobb \u00fcd\u00fcl\u0151helyein","publisher":{"@id":"https:\/\/skyline-gs.com\/it\/#organization"},"alternateName":"Skyline","potentialAction":[{"@type":"SearchAction","target":{"@type":"EntryPoint","urlTemplate":"https:\/\/skyline-gs.com\/it\/?s={search_term_string}"},"query-input":{"@type":"PropertyValueSpecification","valueRequired":true,"valueName":"search_term_string"}}],"inLanguage":"hu"},{"@type":"Organization","@id":"https:\/\/skyline-gs.com\/it\/#organization","name":"Skyline T\u00far\u00e1k","alternateName":"\u042d\u043a\u0441\u043a\u0443\u0440\u0441\u0438\u0438 Skyline","url":"https:\/\/skyline-gs.com\/it\/","logo":{"@type":"ImageObject","inLanguage":"hu","@id":"https:\/\/skyline-gs.com\/it\/#\/schema\/logo\/image\/","url":"https:\/\/skyline-gs.com\/wp-content\/uploads\/2020\/12\/cropped-logo-2.png","contentUrl":"https:\/\/skyline-gs.com\/wp-content\/uploads\/2020\/12\/cropped-logo-2.png","width":512,"height":512,"caption":"\u042d\u043a\u0441\u043a\u0443\u0440\u0441\u0438\u0438 Skyline"},"image":{"@id":"https:\/\/skyline-gs.com\/it\/#\/schema\/logo\/image\/"},"sameAs":["https:\/\/www.instagram.com\/skylineglobalservice\/"]}]}},"_links":{"self":[{"href":"https:\/\/skyline-gs.com\/hu\/wp-json\/wp\/v2\/product\/75524","targetHints":{"allow":["GET"]}}],"collection":[{"href":"https:\/\/skyline-gs.com\/hu\/wp-json\/wp\/v2\/product"}],"about":[{"href":"https:\/\/skyline-gs.com\/hu\/wp-json\/wp\/v2\/types\/product"}],"version-history":[{"count":0,"href":"https:\/\/skyline-gs.com\/hu\/wp-json\/wp\/v2\/product\/75524\/revisions"}],"wp:featuredmedia":[{"embeddable":true,"href":"https:\/\/skyline-gs.com\/hu\/wp-json\/wp\/v2\/media\/75527"}],"wp:attachment":[{"href":"https:\/\/skyline-gs.com\/hu\/wp-json\/wp\/v2\/media?parent=75524"}],"wp:term":[{"taxonomy":"product_brand","embeddable":true,"href":"https:\/\/skyline-gs.com\/hu\/wp-json\/wp\/v2\/product_brand?post=75524"},{"taxonomy":"product_cat","embeddable":true,"href":"https:\/\/skyline-gs.com\/hu\/wp-json\/wp\/v2\/product_cat?post=75524"},{"taxonomy":"product_tag","embeddable":true,"href":"https:\/\/skyline-gs.com\/hu\/wp-json\/wp\/v2\/product_tag?post=75524"}],"curies":[{"name":"wp","href":"https:\/\/api.w.org\/{rel}","templated":true}]}}