{"id":75244,"date":"2026-02-26T00:14:20","date_gmt":"2026-02-25T22:14:20","guid":{"rendered":"https:\/\/skyline-gs.com\/?post_type=product&#038;p=75244"},"modified":"2026-04-09T15:42:54","modified_gmt":"2026-04-09T13:42:54","slug":"malajzia-szingapur-4-nap-nha-trang","status":"publish","type":"product","link":"https:\/\/skyline-gs.com\/hu\/product\/malaysia-singapore-4-days-nha-trang\/","title":{"rendered":"Malajzia + Szingap\u00far 4 nap"},"content":{"rendered":"<p>Ez a t\u00fara k\u00e9t vibr\u00e1l\u00f3 d\u00e9lkelet-\u00e1zsiai f\u0151v\u00e1ros t\u00f6k\u00e9letes kombin\u00e1ci\u00f3ja. Egyetlen utaz\u00e1s sor\u00e1n megtapasztalhatja a modern metropoliszt. <span class=\"hover:entity-accent entity-underline inline cursor-pointer align-baseline\"><span class=\"whitespace-normal\">Kuala Lumpur<\/span><\/span> \u00e9s a j\u00f6v\u0151 ultramodern v\u00e1rosa <span class=\"hover:entity-accent entity-underline inline cursor-pointer align-baseline\"><span class=\"whitespace-normal\">Szingap\u00far<\/span><\/span>. K\u00e9nyelmes rep\u00fcl\u0151jegyek, sz\u00e1ll\u00e1s a v\u00e1rosk\u00f6zpontban l\u00e9v\u0151 4*-os sz\u00e1llod\u00e1kban \u00e9s gazdag v\u00e1rosn\u00e9z\u0151 programok v\u00e1rj\u00e1k \u00d6nt.<\/p>\n<p><strong data-start=\"605\" data-end=\"615\">1. nap<\/strong><\/p>\n<p><strong>9:00 - Indul\u00e1s a sz\u00e1lloda hallj\u00e1b\u00f3l.\u00a0<\/strong>Rept\u00e9ri transzfer.<\/p>\n<ul>\n<li>12:00 - Rep\u00fcl\u00e9s Kuala Lumpurba.<\/li>\n<li>15:25 \u2014 <strong>Tal\u00e1lkoz\u00f3 a rep\u00fcl\u0151t\u00e9ren n\u00e9vt\u00e1bl\u00e1val<\/strong>, a nevetekkel.<\/li>\n<li><strong>Transzfer<\/strong>\u00a0a sz\u00e1llod\u00e1ba.<\/li>\n<li>17:00 - Bejelentkez\u00e9s\u00a0<strong>4*-os sz\u00e1lloda Kuala Lumpur k\u00f6zpontj\u00e1ban.<\/strong><\/li>\n<li><strong>Szabadid\u0151<\/strong> egy esti s\u00e9t\u00e1ra a v\u00e1rosban.<\/li>\n<\/ul>\n<p><strong data-start=\"888\" data-end=\"898\">2. nap<\/strong><\/p>\n<ul>\n<li>7:00 \u2014 <strong>Reggeli a sz\u00e1llod\u00e1ban<\/strong>.<\/li>\n<li>10:00 \u2014\u00a0<strong>V\u00e1rosn\u00e9z\u0151 t\u00fara<\/strong>\u00a0Kuala Lumpurr\u00f3l\u00a0<strong>szem\u00e9lyg\u00e9pkocsival.<\/strong><\/li>\n<li data-start=\"972\" data-end=\"1023\"><strong>Batu-barlangok<\/strong>\u00a0- az orsz\u00e1g f\u0151 hindu szent\u00e9lye.<\/li>\n<li data-start=\"972\" data-end=\"1023\"><strong>Kir\u00e1lyi palota.<\/strong><\/li>\n<li data-start=\"972\" data-end=\"1023\"><strong>Menara KL TV torony<\/strong>\u00a0(a v\u00e1laszthat\u00f3 kil\u00e1t\u00f3terasz k\u00fcl\u00f6n fizetend\u0151).<\/li>\n<li data-start=\"972\" data-end=\"1023\"><strong>F\u00fcggetlens\u00e9g t\u00e9r<\/strong>\u00a0- Brit gyarmati \u00f6r\u00f6ks\u00e9g.<\/li>\n<li data-start=\"972\" data-end=\"1023\"><strong>Tian Hu templom<\/strong>\u00a0egy j\u00f3 szerencs\u00e9t hoz\u00f3 olvas\u00e1s lehet\u0151s\u00e9g\u00e9vel.<\/li>\n<li data-start=\"972\" data-end=\"1023\"><strong>Negara Nemzeti Mecset.<\/strong><\/li>\n<li data-start=\"972\" data-end=\"1023\"><strong>A vas\u00fati \u00e9p\u00fclet<\/strong>\u00a0gyarmati st\u00edlus.<\/li>\n<li data-start=\"972\" data-end=\"1023\"><strong>K\u00ednai negyed K\u00ednai negyed<\/strong>\u00a0\u00e9s az \u00f3v\u00e1ros.<\/li>\n<li data-start=\"972\" data-end=\"1023\"><strong>Petronas ikertornyok.<\/strong>\u00a0- Malajzia szimb\u00f3luma.<\/li>\n<li data-start=\"972\" data-end=\"1023\">15:00 - Szabadid\u0151.<\/li>\n<li><strong>Transzfer<\/strong>\u00a0a rep\u00fcl\u0151t\u00e9rre.<\/li>\n<li>Rep\u00fcl\u00e9s <strong>Kuala Lumpurb\u00f3l Szingap\u00farba.<\/strong><\/li>\n<li data-start=\"435\" data-end=\"507\"><strong>Rep\u00fcl\u0151t\u00e9ri felsz\u00e1ll\u00e1s<\/strong> egy eml\u00e9kt\u00e1bl\u00e1val, amin a nevetek szerepel.<\/li>\n<li data-start=\"435\" data-end=\"507\">Transzfer \u00e9s bejelentkez\u00e9s a <strong>4* sz\u00e1lloda Szingap\u00far k\u00f6zpontj\u00e1ban<\/strong>.<\/li>\n<li data-start=\"510\" data-end=\"661\"><strong>Esti v\u00e1rosn\u00e9z\u00e9s<\/strong>: <strong>\u00d3v\u00e1ros<\/strong>, Szingap\u00far szimb\u00f3luma - <strong>Merlion<\/strong>, <strong>a gazdags\u00e1g forr\u00e1sa<\/strong>, <strong>K\u00ednai negyed<\/strong>, a legnagyobb buddhista templom <strong>Buddha foga<\/strong>.<\/li>\n<\/ul>\n<p><strong data-start=\"888\" data-end=\"898\">3. nap<\/strong><\/p>\n<ul>\n<li>7:00 \u2014 <strong>Reggeli a sz\u00e1llod\u00e1ban<\/strong>.<\/li>\n<li><strong>Szabadid\u0151<\/strong>. A sz\u00e1lloda k\u00f6zponti helyen tal\u00e1lhat\u00f3, \u00edgy gyalog is megk\u00f6zel\u00edthet\u0151: a Gardens by the Bay szuperf\u00e1i; a Szingap\u00fari Botanikus Kert (UNESCO); a Marina Bay ter\u00fclete - esti sz\u00f6k\u0151kutas bemutat\u00f3k, kil\u00e1t\u00f3teraszok \u00e9s \u00e9ttermek.<\/li>\n<\/ul>\n<p><strong data-start=\"1585\" data-end=\"1595\">4. nap<\/strong><\/p>\n<ul>\n<li>7:00 \u2014 <strong>Reggeli a sz\u00e1llod\u00e1ban<\/strong>.<\/li>\n<li>10:00 - Transzfer a rep\u00fcl\u0151t\u00e9rre.<\/li>\n<li>13:00 \u2014 <strong>Szingap\u00far - Ho Si Minh-v\u00e1ros - Nha Trang.<\/strong><\/li>\n<li>17:30 - Tal\u00e1lkoz\u00e1s a rep\u00fcl\u0151t\u00e9ren egy t\u00e1bl\u00e1val ell\u00e1tott sof\u0151rrel.<\/li>\n<li>18:00 - Transzfer a sz\u00e1llod\u00e1ba.<\/li>\n<\/ul>\n<p><strong>19:00 - Visszat\u00e9r\u00e9s a sz\u00e1llod\u00e1ba.<\/strong><\/p>\n<p><strong>Tartalmazza:<\/strong><\/p>\n<ul>\n<li>Transzfer a sz\u00e1llod\u00e1b\u00f3l \u00e9s a sz\u00e1llod\u00e1ba<\/li>\n<li>Rept\u00e9ri transzfer mag\u00e1naut\u00f3val<\/li>\n<li data-start=\"2261\" data-end=\"2295\">Minden bel\u00e9p\u0151jegy a program szerint<\/li>\n<li data-start=\"2298\" data-end=\"2320\">Magyarul besz\u00e9l\u0151 idegenvezet\u0151<\/li>\n<li>4* sz\u00e1lloda Kuala Lumpur k\u00f6zpontj\u00e1ban<\/li>\n<li data-start=\"2298\" data-end=\"2320\">4* sz\u00e1lloda Szingap\u00far k\u00f6zpontj\u00e1ban<\/li>\n<li data-start=\"2323\" data-end=\"2344\">\u00c9tkez\u00e9s (reggeli)<\/li>\n<\/ul>\n<p><strong data-start=\"1939\" data-end=\"1955\">Nem tartalmazza:<\/strong><\/p>\n<ul>\n<li data-start=\"2370\" data-end=\"2401\">Rep\u00fcl\u0151jegyek (kb. 500 - 600$). Menedzser\u00fcnk seg\u00edt \u00d6nnek megtal\u00e1lni a legjobb rep\u00fcl\u0151jegyeket az \u00d6n sz\u00e1m\u00e1ra a legjobb \u00e1ron.<\/li>\n<li data-start=\"2404\" data-end=\"2433\">Egyszem\u00e9lyes fel\u00e1r +260$<\/li>\n<\/ul>\n<p><strong>Vigy\u00e9l magaddal:<\/strong><\/p>\n<ul>\n<li>\u00datlev\u00e9l<\/li>\n<li>Fejfed\u0151 \u00e9s napszem\u00fcveg<\/li>\n<li>P\u00e9nz szem\u00e9lyes kiad\u00e1sokra<\/li>\n<\/ul>\n<p><strong>Tov\u00e1bbi inform\u00e1ci\u00f3k:<\/strong><\/p>\n<ul>\n<li><strong>V\u00edzumk\u00e9relem az al\u00e1bbi c\u00edmre <span class=\"hover:entity-accent entity-underline inline cursor-pointer align-baseline\"><span class=\"whitespace-normal\">Szingap\u00far<\/span><\/span> nem sz\u00fcks\u00e9ges<\/strong>, Mivel az orsz\u00e1gl\u00e1togat\u00e1s a k\u00f6vetkez\u0151 form\u00e1tumban t\u00f6rt\u00e9nik <strong data-start=\"203\" data-end=\"229\">\u00e1tsz\u00e1ll\u00e1s<\/strong> (Malajzia-Szingap\u00far-Vietnam j\u00e1rat).<\/li>\n<li data-start=\"284\" data-end=\"501\">\u00d6n egy harmadik orsz\u00e1gba (Vietnam) sz\u00f3l\u00f3 meger\u0151s\u00edtett jeggyel tranzitutask\u00e9nt l\u00e9p be Szingap\u00farba, ami lehet\u0151v\u00e9 teszi, hogy el\u0151zetes v\u00edzumkezel\u00e9s n\u00e9lk\u00fcl, a hat\u00e1lyos migr\u00e1ci\u00f3s szab\u00e1lyoknak megfelel\u0151en tart\u00f3zkodjon az orsz\u00e1gban.<\/li>\n<li data-start=\"284\" data-end=\"501\">Menedzsereink el\u0151zetesen ellen\u0151rzik az \u00fatvonalat \u00e9s a rep\u00fcl\u0151jegyeket, hogy utaz\u00e1sa k\u00e9nyelmes \u00e9s felesleges formas\u00e1gok n\u00e9lk\u00fcli legyen.<\/li>\n<\/ul>\n<p><strong>Foglal\u00e1si felt\u00e9telek:<\/strong><\/p>\n<ul>\n<li>El\u0151re fizetett 50%<\/li>\n<\/ul>","protected":false},"excerpt":{"rendered":"<p><strong>Kir\u00e1ndul\u00e1s Id\u0151pontja:<\/strong> 4 nap<\/p>\n<p><strong>A Kir\u00e1ndul\u00e1s Napjai:<\/strong> Minden nap<\/p>","protected":false},"featured_media":75245,"template":"","meta":{"_kad_post_transparent":"default","_kad_post_title":"","_kad_post_layout":"default","_kad_post_sidebar_id":"","_kad_post_content_style":"default","_kad_post_vertical_padding":"default","_kad_post_feature":"","_kad_post_feature_position":"","_kad_post_header":false,"_kad_post_footer":false,"_kad_post_classname":"","_glsr_average":0,"_glsr_ranking":0,"_glsr_reviews":0},"product_brand":[],"product_cat":[437],"product_tag":[],"class_list":{"0":"post-75244","1":"product","2":"type-product","3":"status-publish","4":"has-post-thumbnail","6":"product_cat-nha-trang","7":"tm-has-options","9":"first","10":"instock","11":"sold-individually","12":"taxable","13":"shipping-taxable","14":"purchasable","15":"product-type-simple","16":"entry","17":"content-bg","18":"loop-entry"},"yoast_head":"<!-- This site is optimized with the Yoast SEO plugin v27.4 - https:\/\/yoast.com\/product\/yoast-seo-wordpress\/ -->\n<title>\u041c\u0430\u043b\u0430\u0439\u0437\u0438\u044f + \u0421\u0438\u043d\u0433\u0430\u043f\u0443\u0440 4 \u0434\u043d\u044f &#8226; \u042d\u043a\u0441\u043a\u0443\u0440\u0441\u0438\u0438 Skyline<\/title>\n<meta name=\"robots\" content=\"index, follow, max-snippet:-1, max-image-preview:large, max-video-preview:-1\" \/>\n<link rel=\"canonical\" href=\"https:\/\/skyline-gs.com\/hu\/termek\/malajzia-szingapur-4-nap-nha-trang\/\" \/>\n<meta property=\"og:locale\" content=\"hu_HU\" \/>\n<meta property=\"og:type\" content=\"article\" \/>\n<meta property=\"og:title\" content=\"\u041c\u0430\u043b\u0430\u0439\u0437\u0438\u044f + \u0421\u0438\u043d\u0433\u0430\u043f\u0443\u0440 4 \u0434\u043d\u044f &#8226; \u042d\u043a\u0441\u043a\u0443\u0440\u0441\u0438\u0438 Skyline\" \/>\n<meta property=\"og:description\" content=\"\u0412\u0440\u0435\u043c\u044f \u0442\u0443\u0440\u0430: 4 \u0434\u043d\u044f  \u0414\u043d\u0438 \u043f\u0440\u043e\u0432\u0435\u0434\u0435\u043d\u0438\u044f: \u041a\u0430\u0436\u0434\u044b\u0439 \u0434\u0435\u043d\u044c\" \/>\n<meta property=\"og:url\" content=\"https:\/\/skyline-gs.com\/hu\/termek\/malajzia-szingapur-4-nap-nha-trang\/\" \/>\n<meta property=\"og:site_name\" content=\"\u042d\u043a\u0441\u043a\u0443\u0440\u0441\u0438\u0438 Skyline\" \/>\n<meta property=\"article:modified_time\" content=\"2026-04-09T13:42:54+00:00\" \/>\n<meta property=\"og:image\" content=\"https:\/\/skyline-gs.com\/wp-content\/uploads\/2026\/02\/27.png\" \/>\n\t<meta property=\"og:image:width\" content=\"669\" \/>\n\t<meta property=\"og:image:height\" content=\"446\" \/>\n\t<meta property=\"og:image:type\" content=\"image\/png\" \/>\n<meta name=\"twitter:card\" content=\"summary_large_image\" \/>\n<meta name=\"twitter:label1\" content=\"Becs\u00fclt olvas\u00e1si id\u0151\" \/>\n\t<meta name=\"twitter:data1\" content=\"3 perc\" \/>\n<script type=\"application\/ld+json\" class=\"yoast-schema-graph\">{\"@context\":\"https:\\\/\\\/schema.org\",\"@graph\":[{\"@type\":\"WebPage\",\"@id\":\"https:\\\/\\\/skyline-gs.com\\\/product\\\/malaysia-singapore-4-days-nha-trang\\\/\",\"url\":\"https:\\\/\\\/skyline-gs.com\\\/product\\\/malaysia-singapore-4-days-nha-trang\\\/\",\"name\":\"\u041c\u0430\u043b\u0430\u0439\u0437\u0438\u044f + \u0421\u0438\u043d\u0433\u0430\u043f\u0443\u0440 4 \u0434\u043d\u044f &#8226; \u042d\u043a\u0441\u043a\u0443\u0440\u0441\u0438\u0438 Skyline\",\"isPartOf\":{\"@id\":\"https:\\\/\\\/skyline-gs.com\\\/it\\\/#website\"},\"primaryImageOfPage\":{\"@id\":\"https:\\\/\\\/skyline-gs.com\\\/product\\\/malaysia-singapore-4-days-nha-trang\\\/#primaryimage\"},\"image\":{\"@id\":\"https:\\\/\\\/skyline-gs.com\\\/product\\\/malaysia-singapore-4-days-nha-trang\\\/#primaryimage\"},\"thumbnailUrl\":\"https:\\\/\\\/skyline-gs.com\\\/wp-content\\\/uploads\\\/2026\\\/02\\\/27.png\",\"datePublished\":\"2026-02-25T22:14:20+00:00\",\"dateModified\":\"2026-04-09T13:42:54+00:00\",\"breadcrumb\":{\"@id\":\"https:\\\/\\\/skyline-gs.com\\\/product\\\/malaysia-singapore-4-days-nha-trang\\\/#breadcrumb\"},\"inLanguage\":\"hu\",\"potentialAction\":[{\"@type\":\"ReadAction\",\"target\":[\"https:\\\/\\\/skyline-gs.com\\\/product\\\/malaysia-singapore-4-days-nha-trang\\\/\"]}]},{\"@type\":\"ImageObject\",\"inLanguage\":\"hu\",\"@id\":\"https:\\\/\\\/skyline-gs.com\\\/product\\\/malaysia-singapore-4-days-nha-trang\\\/#primaryimage\",\"url\":\"https:\\\/\\\/skyline-gs.com\\\/wp-content\\\/uploads\\\/2026\\\/02\\\/27.png\",\"contentUrl\":\"https:\\\/\\\/skyline-gs.com\\\/wp-content\\\/uploads\\\/2026\\\/02\\\/27.png\",\"width\":669,\"height\":446},{\"@type\":\"BreadcrumbList\",\"@id\":\"https:\\\/\\\/skyline-gs.com\\\/product\\\/malaysia-singapore-4-days-nha-trang\\\/#breadcrumb\",\"itemListElement\":[{\"@type\":\"ListItem\",\"position\":1,\"name\":\"\u0413\u043b\u0430\u0432\u043d\u0430\u044f \u0441\u0442\u0440\u0430\u043d\u0438\u0446\u0430\",\"item\":\"https:\\\/\\\/skyline-gs.com\\\/hu\\\/\"},{\"@type\":\"ListItem\",\"position\":2,\"name\":\"\u041c\u0430\u0433\u0430\u0437\u0438\u043d\",\"item\":\"https:\\\/\\\/skyline-gs.com\\\/cs\\\/shop\\\/\"},{\"@type\":\"ListItem\",\"position\":3,\"name\":\"\u041c\u0430\u043b\u0430\u0439\u0437\u0438\u044f + \u0421\u0438\u043d\u0433\u0430\u043f\u0443\u0440 4 \u0434\u043d\u044f\"}]},{\"@type\":\"WebSite\",\"@id\":\"https:\\\/\\\/skyline-gs.com\\\/it\\\/#website\",\"url\":\"https:\\\/\\\/skyline-gs.com\\\/it\\\/\",\"name\":\"\u042d\u043a\u0441\u043a\u0443\u0440\u0441\u0438\u0438 Skyline\",\"description\":\"\u042d\u043a\u0441\u043a\u043b\u044e\u0437\u0438\u0432\u043d\u044b\u0435 \u044d\u043a\u0441\u043a\u0443\u0440\u0441\u0438\u0438 \u043d\u0430 \u043b\u0443\u0447\u0448\u0438\u0445 \u043a\u0443\u0440\u043e\u0440\u0442\u0430\u0445 \u043c\u0438\u0440\u0430\",\"publisher\":{\"@id\":\"https:\\\/\\\/skyline-gs.com\\\/it\\\/#organization\"},\"alternateName\":\"Skyline\",\"potentialAction\":[{\"@type\":\"SearchAction\",\"target\":{\"@type\":\"EntryPoint\",\"urlTemplate\":\"https:\\\/\\\/skyline-gs.com\\\/it\\\/?s={search_term_string}\"},\"query-input\":{\"@type\":\"PropertyValueSpecification\",\"valueRequired\":true,\"valueName\":\"search_term_string\"}}],\"inLanguage\":\"hu\"},{\"@type\":\"Organization\",\"@id\":\"https:\\\/\\\/skyline-gs.com\\\/it\\\/#organization\",\"name\":\"\u042d\u043a\u0441\u043a\u0443\u0440\u0441\u0438\u0438 Skyline\",\"alternateName\":\"\u042d\u043a\u0441\u043a\u0443\u0440\u0441\u0438\u0438 Skyline\",\"url\":\"https:\\\/\\\/skyline-gs.com\\\/it\\\/\",\"logo\":{\"@type\":\"ImageObject\",\"inLanguage\":\"hu\",\"@id\":\"https:\\\/\\\/skyline-gs.com\\\/it\\\/#\\\/schema\\\/logo\\\/image\\\/\",\"url\":\"https:\\\/\\\/skyline-gs.com\\\/wp-content\\\/uploads\\\/2020\\\/12\\\/cropped-logo-2.png\",\"contentUrl\":\"https:\\\/\\\/skyline-gs.com\\\/wp-content\\\/uploads\\\/2020\\\/12\\\/cropped-logo-2.png\",\"width\":512,\"height\":512,\"caption\":\"\u042d\u043a\u0441\u043a\u0443\u0440\u0441\u0438\u0438 Skyline\"},\"image\":{\"@id\":\"https:\\\/\\\/skyline-gs.com\\\/it\\\/#\\\/schema\\\/logo\\\/image\\\/\"},\"sameAs\":[\"https:\\\/\\\/www.instagram.com\\\/skylineglobalservice\\\/\"]}]}<\/script>\n<!-- \/ Yoast SEO plugin. -->","yoast_head_json":{"title":"Malajzia + Szingap\u00far 4 nap - Skyline Excursions","robots":{"index":"index","follow":"follow","max-snippet":"max-snippet:-1","max-image-preview":"max-image-preview:large","max-video-preview":"max-video-preview:-1"},"canonical":"https:\/\/skyline-gs.com\/hu\/termek\/malajzia-szingapur-4-nap-nha-trang\/","og_locale":"hu_HU","og_type":"article","og_title":"\u041c\u0430\u043b\u0430\u0439\u0437\u0438\u044f + \u0421\u0438\u043d\u0433\u0430\u043f\u0443\u0440 4 \u0434\u043d\u044f &#8226; \u042d\u043a\u0441\u043a\u0443\u0440\u0441\u0438\u0438 Skyline","og_description":"\u0412\u0440\u0435\u043c\u044f \u0442\u0443\u0440\u0430: 4 \u0434\u043d\u044f  \u0414\u043d\u0438 \u043f\u0440\u043e\u0432\u0435\u0434\u0435\u043d\u0438\u044f: \u041a\u0430\u0436\u0434\u044b\u0439 \u0434\u0435\u043d\u044c","og_url":"https:\/\/skyline-gs.com\/hu\/termek\/malajzia-szingapur-4-nap-nha-trang\/","og_site_name":"\u042d\u043a\u0441\u043a\u0443\u0440\u0441\u0438\u0438 Skyline","article_modified_time":"2026-04-09T13:42:54+00:00","og_image":[{"width":669,"height":446,"url":"https:\/\/skyline-gs.com\/wp-content\/uploads\/2026\/02\/27.png","type":"image\/png"}],"twitter_card":"summary_large_image","twitter_misc":{"Becs\u00fclt olvas\u00e1si id\u0151":"3 perc"},"schema":{"@context":"https:\/\/schema.org","@graph":[{"@type":"WebPage","@id":"https:\/\/skyline-gs.com\/product\/malaysia-singapore-4-days-nha-trang\/","url":"https:\/\/skyline-gs.com\/product\/malaysia-singapore-4-days-nha-trang\/","name":"Malajzia + Szingap\u00far 4 nap - Skyline Excursions","isPartOf":{"@id":"https:\/\/skyline-gs.com\/it\/#website"},"primaryImageOfPage":{"@id":"https:\/\/skyline-gs.com\/product\/malaysia-singapore-4-days-nha-trang\/#primaryimage"},"image":{"@id":"https:\/\/skyline-gs.com\/product\/malaysia-singapore-4-days-nha-trang\/#primaryimage"},"thumbnailUrl":"https:\/\/skyline-gs.com\/wp-content\/uploads\/2026\/02\/27.png","datePublished":"2026-02-25T22:14:20+00:00","dateModified":"2026-04-09T13:42:54+00:00","breadcrumb":{"@id":"https:\/\/skyline-gs.com\/product\/malaysia-singapore-4-days-nha-trang\/#breadcrumb"},"inLanguage":"hu","potentialAction":[{"@type":"ReadAction","target":["https:\/\/skyline-gs.com\/product\/malaysia-singapore-4-days-nha-trang\/"]}]},{"@type":"ImageObject","inLanguage":"hu","@id":"https:\/\/skyline-gs.com\/product\/malaysia-singapore-4-days-nha-trang\/#primaryimage","url":"https:\/\/skyline-gs.com\/wp-content\/uploads\/2026\/02\/27.png","contentUrl":"https:\/\/skyline-gs.com\/wp-content\/uploads\/2026\/02\/27.png","width":669,"height":446},{"@type":"BreadcrumbList","@id":"https:\/\/skyline-gs.com\/product\/malaysia-singapore-4-days-nha-trang\/#breadcrumb","itemListElement":[{"@type":"ListItem","position":1,"name":"\u0413\u043b\u0430\u0432\u043d\u0430\u044f \u0441\u0442\u0440\u0430\u043d\u0438\u0446\u0430","item":"https:\/\/skyline-gs.com\/hu\/"},{"@type":"ListItem","position":2,"name":"\u041c\u0430\u0433\u0430\u0437\u0438\u043d","item":"https:\/\/skyline-gs.com\/cs\/shop\/"},{"@type":"ListItem","position":3,"name":"\u041c\u0430\u043b\u0430\u0439\u0437\u0438\u044f + \u0421\u0438\u043d\u0433\u0430\u043f\u0443\u0440 4 \u0434\u043d\u044f"}]},{"@type":"WebSite","@id":"https:\/\/skyline-gs.com\/it\/#website","url":"https:\/\/skyline-gs.com\/it\/","name":"Skyline T\u00far\u00e1k","description":"Exkluz\u00edv kir\u00e1ndul\u00e1sok a vil\u00e1g legjobb \u00fcd\u00fcl\u0151helyein","publisher":{"@id":"https:\/\/skyline-gs.com\/it\/#organization"},"alternateName":"Skyline","potentialAction":[{"@type":"SearchAction","target":{"@type":"EntryPoint","urlTemplate":"https:\/\/skyline-gs.com\/it\/?s={search_term_string}"},"query-input":{"@type":"PropertyValueSpecification","valueRequired":true,"valueName":"search_term_string"}}],"inLanguage":"hu"},{"@type":"Organization","@id":"https:\/\/skyline-gs.com\/it\/#organization","name":"Skyline T\u00far\u00e1k","alternateName":"\u042d\u043a\u0441\u043a\u0443\u0440\u0441\u0438\u0438 Skyline","url":"https:\/\/skyline-gs.com\/it\/","logo":{"@type":"ImageObject","inLanguage":"hu","@id":"https:\/\/skyline-gs.com\/it\/#\/schema\/logo\/image\/","url":"https:\/\/skyline-gs.com\/wp-content\/uploads\/2020\/12\/cropped-logo-2.png","contentUrl":"https:\/\/skyline-gs.com\/wp-content\/uploads\/2020\/12\/cropped-logo-2.png","width":512,"height":512,"caption":"\u042d\u043a\u0441\u043a\u0443\u0440\u0441\u0438\u0438 Skyline"},"image":{"@id":"https:\/\/skyline-gs.com\/it\/#\/schema\/logo\/image\/"},"sameAs":["https:\/\/www.instagram.com\/skylineglobalservice\/"]}]}},"_links":{"self":[{"href":"https:\/\/skyline-gs.com\/hu\/wp-json\/wp\/v2\/product\/75244","targetHints":{"allow":["GET"]}}],"collection":[{"href":"https:\/\/skyline-gs.com\/hu\/wp-json\/wp\/v2\/product"}],"about":[{"href":"https:\/\/skyline-gs.com\/hu\/wp-json\/wp\/v2\/types\/product"}],"version-history":[{"count":0,"href":"https:\/\/skyline-gs.com\/hu\/wp-json\/wp\/v2\/product\/75244\/revisions"}],"wp:featuredmedia":[{"embeddable":true,"href":"https:\/\/skyline-gs.com\/hu\/wp-json\/wp\/v2\/media\/75245"}],"wp:attachment":[{"href":"https:\/\/skyline-gs.com\/hu\/wp-json\/wp\/v2\/media?parent=75244"}],"wp:term":[{"taxonomy":"product_brand","embeddable":true,"href":"https:\/\/skyline-gs.com\/hu\/wp-json\/wp\/v2\/product_brand?post=75244"},{"taxonomy":"product_cat","embeddable":true,"href":"https:\/\/skyline-gs.com\/hu\/wp-json\/wp\/v2\/product_cat?post=75244"},{"taxonomy":"product_tag","embeddable":true,"href":"https:\/\/skyline-gs.com\/hu\/wp-json\/wp\/v2\/product_tag?post=75244"}],"curies":[{"name":"wp","href":"https:\/\/api.w.org\/{rel}","templated":true}]}}