{"id":74871,"date":"2026-02-15T21:21:16","date_gmt":"2026-02-15T19:21:16","guid":{"rendered":"https:\/\/skyline-gs.com\/?post_type=product&#038;p=74871"},"modified":"2026-02-15T21:24:39","modified_gmt":"2026-02-15T19:24:39","slug":"yahta-yasser-do-8-chelovek","status":"publish","type":"product","link":"https:\/\/skyline-gs.com\/hu\/product\/yahta-yasser-do-8-chelovek\/","title":{"rendered":"Yasser jacht (8 f\u0151ig)"},"content":{"rendered":"<div class=\"\">\n<div class=\"tour-schedule\">\n<p>\u00c9rezze mag\u00e1t k\u00fcl\u00f6nlegesnek egy csak \u00d6nnek \u00e9s szeretteinek szervezett haj\u00f3kir\u00e1ndul\u00e1son. A 4 program k\u00f6z\u00fcl v\u00e1laszthat \u00e9s foglalhat:<\/p>\n<p><strong>1. program: Delfin t\u00fara, sznorkelez\u00e9s \u00e9s Abu Minkar Island<\/strong><\/p>\n<p>\u00c9letre sz\u00f3l\u00f3 kaland v\u00e1r r\u00e1d a V\u00f6r\u00f6s-tenger vizein. Ezen a t\u00far\u00e1n delfineket kereshet term\u00e9szetes \u00e9l\u0151hely\u00fck\u00f6n. Ha megtal\u00e1lj\u00e1k \u0151ket, lehet\u0151s\u00e9g\u00fck lesz k\u00f6zelr\u0151l megfigyelni \u0151ket, \u00e9s kedvez\u0151 k\u00f6r\u00fclm\u00e9nyek k\u00f6z\u00f6tt (a k\u00f6rnyezetv\u00e9delmi \u00e9s biztons\u00e1gi el\u0151\u00edr\u00e1sok betart\u00e1s\u00e1val) mellett\u00fck \u00faszni.<br \/>\nA delfinekkel val\u00f3 tal\u00e1lkoz\u00e1s ut\u00e1n a jacht meg\u00e1ll a legjobb korallz\u00e1tonyokn\u00e1l a sznorkelez\u00e9shez. \u00c9lvezheti a sz\u00ednes v\u00edz alatti vil\u00e1got \u00e9s a krist\u00e1lytiszta vizet.<br \/>\nD\u00e9lut\u00e1n Abu Minkar sziget\u00e9re l\u00e1togatunk el, egy fest\u0151i, vadreg\u00e9nyes szigetre, amely csak egy priv\u00e1t t\u00fara keret\u00e9ben \u00e9rhet\u0151 el. Itt \u00faszhat, napozhat \u00e9s \u00e9lvezheti a csendet \u00e9s a term\u00e9szetet.<br \/>\nA kir\u00e1ndul\u00e1s sor\u00e1n ny\u00edlt b\u00fcf\u00e9eb\u00e9det szervez\u00fcnk az \u00d6n sz\u00e1m\u00e1ra.<\/p>\n<p><strong>2. program: Sziget t\u00fara: Orange Bay \/ Paradise Island \/ Eden Island + snorkeling<\/strong><\/p>\n<p>Ker\u00fclje el a zs\u00fafolt csoportos kir\u00e1ndul\u00e1sokat, \u00e9s \u00e9lvezze a rugalmas priv\u00e1t kir\u00e1ndul\u00e1st Hurghada egyik legszebb sziget\u00e9re: az Orange Bayre, a Paradicsom-szigetre vagy az \u00faj \u00c9den-szigetre.<br \/>\nA szigeti nyaral\u00e1s ut\u00e1n k\u00e9t snorkeling meg\u00e1ll\u00f3 v\u00e1r r\u00e1d a V\u00f6r\u00f6s-tenger legjobb helyein. \u00c9lvezze a krist\u00e1lytiszta k\u00e9k vizet, a sz\u00ednes korallz\u00e1tonyokat \u00e9s a k\u00fcl\u00f6nf\u00e9le tengeri \u00e9l\u0151vil\u00e1got.<br \/>\nA t\u00fara mag\u00e1ban foglalja a fed\u00e9lzeten elfogyasztott eb\u00e9det.<br \/>\n<em><strong>A szigetekre a bel\u00e9p\u0151 k\u00fcl\u00f6n fizetend\u0151: 10 \u20ac feln\u0151tteknek \/ 5 \u20ac gyermekeknek.<\/strong><\/em><\/p>\n<p><strong>3. program: B\u00fav\u00e1rt\u00fara (1-2 mer\u00fcl\u00e9s)<\/strong><\/p>\n<p>Mer\u00fclj\u00f6n el a V\u00f6r\u00f6s-tenger csod\u00e1latos v\u00edz alatti vil\u00e1g\u00e1ban egy 8 \u00f3r\u00e1s priv\u00e1t b\u00fav\u00e1rt\u00fara sor\u00e1n. A program kezd\u0151knek \u00e9s tapasztalt b\u00fav\u00e1roknak egyar\u00e1nt alkalmas.<br \/>\n1 vagy 2 mer\u00fcl\u00e9st fogsz v\u00e9gezni k\u00fcl\u00f6nb\u00f6z\u0151 mer\u00fcl\u0151helyeken, mint p\u00e9ld\u00e1ul Abu Ramada, Small Giftun vagy Umm Ghummar. Egy tapasztalt oktat\u00f3 k\u00eds\u00e9ri \u00d6nt, \u00e9s seg\u00edt biztons\u00e1gosan felfedezni a korallkerteket \u00e9s a gazdag tengeri vil\u00e1got.<br \/>\n<em><strong>A felszerel\u00e9s \u00e9s a priv\u00e1t oktat\u00f3 k\u00fcl\u00f6n fizetend\u0151 - 30 \u20ac mer\u00fcl\u00e9senk\u00e9nt.<\/strong><\/em><\/p>\n<p><strong>4. program: Horg\u00e1szat \u00e9s b\u00fav\u00e1rkod\u00e1s<\/strong><\/p>\n<p>T\u00f6lts\u00f6n el egy felejthetetlen napot m\u00e9lytengeri hal\u00e1szattal a V\u00f6r\u00f6s-tengeren. A kapit\u00e1ny \u00e9s az idegenvezet\u0151 k\u00e9t k\u00fcl\u00f6nb\u00f6z\u0151 horg\u00e1szhelyre viszi el \u00d6nt.<br \/>\nAz els\u0151 meg\u00e1ll\u00f3n\u00e1l bedobhatja a felszerel\u00e9s\u00e9t, \u00e9s a vezet\u0151 seg\u00edts\u00e9g\u00e9vel megpr\u00f3b\u00e1lhat egy nagy halat fogni. A friss fog\u00e1st a fed\u00e9lzeten grillezheti meg eb\u00e9dre, vagy v\u00e1laszthat m\u00e1s, a leg\u00e9nys\u00e9g \u00e1ltal k\u00edn\u00e1lt \u00e9teleket is.<br \/>\nA m\u00e1sodik helysz\u00ednen folytathatja a hal\u00e1szatot vagy a b\u00fav\u00e1rkod\u00e1st a V\u00f6r\u00f6s-tenger tiszta viz\u00e9ben.<\/p>\n<p><strong>Tartalmazza:<\/strong><\/p>\n<ul>\n<li>Snorkelling felszerel\u00e9s<\/li>\n<li>Szem\u00e9lyre szabott b\u00fav\u00e1r\u00fatikalauz<\/li>\n<li>\u00c9tv\u00e1gygerjeszt\u0151k<\/li>\n<li>Italok<\/li>\n<li>Eb\u00e9d<\/li>\n<li>Gy\u00fcm\u00f6lcs<\/li>\n<li>Minden d\u00edj \u00e9s ad\u00f3<\/li>\n<li>Transzfer a sz\u00e1llod\u00e1b\u00f3l \u00e9s vissza<\/li>\n<\/ul>\n<p><strong>Vigy\u00e9l magaddal:<\/strong><\/p>\n<ul>\n<li>f\u00e9nyk\u00e9pez\u0151g\u00e9p vagy videokamera<\/li>\n<li>Fejd\u00edsz<\/li>\n<li>T\u00f6r\u00fclk\u00f6z\u0151<\/li>\n<li>\u00dasz\u00f3dressz \/ f\u00fcrd\u0151nadr\u00e1g<\/li>\n<li>F\u00e9nyv\u00e9d\u0151 kr\u00e9m<\/li>\n<\/ul>\n<p><strong>Fenntart\u00e1sok:<\/strong><br \/>\nAz idegenforgalmi enged\u00e9ly ki\u00e1ll\u00edt\u00e1s\u00e1hoz be kell ny\u00fajtani az \u00f6sszes r\u00e9sztvev\u0151 \u00fatlevel\u00e9nek f\u00e9nym\u00e1solat\u00e1t, valamint a k\u00f6vetkez\u0151ket <strong>50$ el\u0151leget kell fizetnie<\/strong>.<\/p>\n<\/div>\n<\/div>","protected":false},"excerpt":{"rendered":"<p><strong>A b\u00e9rleti szerz\u0151d\u00e9s id\u0151tartama:<\/strong> nap<\/p>\n<p><strong>Kapacit\u00e1s: <\/strong>8 f\u0151<\/p>","protected":false},"featured_media":74874,"template":"","meta":{"_kad_post_transparent":"default","_kad_post_title":"","_kad_post_layout":"default","_kad_post_sidebar_id":"","_kad_post_content_style":"default","_kad_post_vertical_padding":"default","_kad_post_feature":"","_kad_post_feature_position":"","_kad_post_header":false,"_kad_post_footer":false,"_kad_post_classname":"","_glsr_average":0,"_glsr_ranking":0,"_glsr_reviews":0},"product_brand":[],"product_cat":[481],"product_tag":[],"class_list":{"0":"post-74871","1":"product","2":"type-product","3":"status-publish","4":"has-post-thumbnail","6":"product_cat-hurghada-yachts","7":"tm-has-options","9":"first","10":"instock","11":"sold-individually","12":"taxable","13":"shipping-taxable","14":"purchasable","15":"product-type-simple","16":"entry","17":"content-bg","18":"loop-entry"},"yoast_head":"<!-- This site is optimized with the Yoast SEO plugin v27.3 - https:\/\/yoast.com\/product\/yoast-seo-wordpress\/ -->\n<title>\u042f\u0445\u0442\u0430 Yasser (\u0434\u043e 8 \u0447\u0435\u043b\u043e\u0432\u0435\u043a) &#8226; \u042d\u043a\u0441\u043a\u0443\u0440\u0441\u0438\u0438 Skyline<\/title>\n<meta name=\"robots\" content=\"index, follow, max-snippet:-1, max-image-preview:large, max-video-preview:-1\" \/>\n<link rel=\"canonical\" href=\"https:\/\/skyline-gs.com\/hu\/termek\/yahta-yasser-do-8-chelovek\/\" \/>\n<meta property=\"og:locale\" content=\"hu_HU\" \/>\n<meta property=\"og:type\" content=\"article\" \/>\n<meta property=\"og:title\" content=\"\u042f\u0445\u0442\u0430 Yasser (\u0434\u043e 8 \u0447\u0435\u043b\u043e\u0432\u0435\u043a) &#8226; \u042d\u043a\u0441\u043a\u0443\u0440\u0441\u0438\u0438 Skyline\" \/>\n<meta property=\"og:description\" content=\"\u0414\u043b\u0438\u0442\u0435\u043b\u044c\u043d\u043e\u0441\u0442\u044c \u0430\u0440\u0435\u043d\u0434\u044b: \u0434\u0435\u043d\u044c  \u0412\u043c\u0435\u0441\u0442\u0438\u0442\u0435\u043b\u044c\u043d\u043e\u0441\u0442\u044c: 8 \u0447\u0435\u043b\u043e\u0432\u0435\u043a\" \/>\n<meta property=\"og:url\" content=\"https:\/\/skyline-gs.com\/hu\/termek\/yahta-yasser-do-8-chelovek\/\" \/>\n<meta property=\"og:site_name\" content=\"\u042d\u043a\u0441\u043a\u0443\u0440\u0441\u0438\u0438 Skyline\" \/>\n<meta property=\"article:modified_time\" content=\"2026-02-15T19:24:39+00:00\" \/>\n<meta property=\"og:image\" content=\"https:\/\/skyline-gs.com\/wp-content\/uploads\/2024\/08\/LoGo777.png\" \/>\n\t<meta property=\"og:image:width\" content=\"1080\" \/>\n\t<meta property=\"og:image:height\" content=\"1080\" \/>\n\t<meta property=\"og:image:type\" content=\"image\/png\" \/>\n<meta name=\"twitter:card\" content=\"summary_large_image\" \/>\n<meta name=\"twitter:label1\" content=\"Becs\u00fclt olvas\u00e1si id\u0151\" \/>\n\t<meta name=\"twitter:data1\" content=\"3 perc\" \/>\n<script type=\"application\/ld+json\" class=\"yoast-schema-graph\">{\"@context\":\"https:\\\/\\\/schema.org\",\"@graph\":[{\"@type\":\"WebPage\",\"@id\":\"https:\\\/\\\/skyline-gs.com\\\/product\\\/yahta-yasser-do-8-chelovek\\\/\",\"url\":\"https:\\\/\\\/skyline-gs.com\\\/product\\\/yahta-yasser-do-8-chelovek\\\/\",\"name\":\"\u042f\u0445\u0442\u0430 Yasser (\u0434\u043e 8 \u0447\u0435\u043b\u043e\u0432\u0435\u043a) &#8226; \u042d\u043a\u0441\u043a\u0443\u0440\u0441\u0438\u0438 Skyline\",\"isPartOf\":{\"@id\":\"https:\\\/\\\/skyline-gs.com\\\/it\\\/#website\"},\"primaryImageOfPage\":{\"@id\":\"https:\\\/\\\/skyline-gs.com\\\/product\\\/yahta-yasser-do-8-chelovek\\\/#primaryimage\"},\"image\":{\"@id\":\"https:\\\/\\\/skyline-gs.com\\\/product\\\/yahta-yasser-do-8-chelovek\\\/#primaryimage\"},\"thumbnailUrl\":\"https:\\\/\\\/skyline-gs.com\\\/wp-content\\\/uploads\\\/2026\\\/02\\\/602f36_16a93fd2424b4eeba73eae1950825cddmv2.jpg.avif\",\"datePublished\":\"2026-02-15T19:21:16+00:00\",\"dateModified\":\"2026-02-15T19:24:39+00:00\",\"breadcrumb\":{\"@id\":\"https:\\\/\\\/skyline-gs.com\\\/product\\\/yahta-yasser-do-8-chelovek\\\/#breadcrumb\"},\"inLanguage\":\"hu\",\"potentialAction\":[{\"@type\":\"ReadAction\",\"target\":[\"https:\\\/\\\/skyline-gs.com\\\/product\\\/yahta-yasser-do-8-chelovek\\\/\"]}]},{\"@type\":\"ImageObject\",\"inLanguage\":\"hu\",\"@id\":\"https:\\\/\\\/skyline-gs.com\\\/product\\\/yahta-yasser-do-8-chelovek\\\/#primaryimage\",\"url\":\"https:\\\/\\\/skyline-gs.com\\\/wp-content\\\/uploads\\\/2026\\\/02\\\/602f36_16a93fd2424b4eeba73eae1950825cddmv2.jpg.avif\",\"contentUrl\":\"https:\\\/\\\/skyline-gs.com\\\/wp-content\\\/uploads\\\/2026\\\/02\\\/602f36_16a93fd2424b4eeba73eae1950825cddmv2.jpg.avif\",\"width\":864,\"height\":563},{\"@type\":\"BreadcrumbList\",\"@id\":\"https:\\\/\\\/skyline-gs.com\\\/product\\\/yahta-yasser-do-8-chelovek\\\/#breadcrumb\",\"itemListElement\":[{\"@type\":\"ListItem\",\"position\":1,\"name\":\"\u0413\u043b\u0430\u0432\u043d\u0430\u044f \u0441\u0442\u0440\u0430\u043d\u0438\u0446\u0430\",\"item\":\"https:\\\/\\\/skyline-gs.com\\\/hu\\\/\"},{\"@type\":\"ListItem\",\"position\":2,\"name\":\"\u041c\u0430\u0433\u0430\u0437\u0438\u043d\",\"item\":\"https:\\\/\\\/skyline-gs.com\\\/cs\\\/shop\\\/\"},{\"@type\":\"ListItem\",\"position\":3,\"name\":\"\u042f\u0445\u0442\u0430 Yasser (\u0434\u043e 8 \u0447\u0435\u043b\u043e\u0432\u0435\u043a)\"}]},{\"@type\":\"WebSite\",\"@id\":\"https:\\\/\\\/skyline-gs.com\\\/it\\\/#website\",\"url\":\"https:\\\/\\\/skyline-gs.com\\\/it\\\/\",\"name\":\"\u042d\u043a\u0441\u043a\u0443\u0440\u0441\u0438\u0438 Skyline\",\"description\":\"\u042d\u043a\u0441\u043a\u043b\u044e\u0437\u0438\u0432\u043d\u044b\u0435 \u044d\u043a\u0441\u043a\u0443\u0440\u0441\u0438\u0438 \u043d\u0430 \u043b\u0443\u0447\u0448\u0438\u0445 \u043a\u0443\u0440\u043e\u0440\u0442\u0430\u0445 \u043c\u0438\u0440\u0430\",\"publisher\":{\"@id\":\"https:\\\/\\\/skyline-gs.com\\\/it\\\/#organization\"},\"alternateName\":\"Skyline\",\"potentialAction\":[{\"@type\":\"SearchAction\",\"target\":{\"@type\":\"EntryPoint\",\"urlTemplate\":\"https:\\\/\\\/skyline-gs.com\\\/it\\\/?s={search_term_string}\"},\"query-input\":{\"@type\":\"PropertyValueSpecification\",\"valueRequired\":true,\"valueName\":\"search_term_string\"}}],\"inLanguage\":\"hu\"},{\"@type\":\"Organization\",\"@id\":\"https:\\\/\\\/skyline-gs.com\\\/it\\\/#organization\",\"name\":\"\u042d\u043a\u0441\u043a\u0443\u0440\u0441\u0438\u0438 Skyline\",\"alternateName\":\"\u042d\u043a\u0441\u043a\u0443\u0440\u0441\u0438\u0438 Skyline\",\"url\":\"https:\\\/\\\/skyline-gs.com\\\/it\\\/\",\"logo\":{\"@type\":\"ImageObject\",\"inLanguage\":\"hu\",\"@id\":\"https:\\\/\\\/skyline-gs.com\\\/it\\\/#\\\/schema\\\/logo\\\/image\\\/\",\"url\":\"https:\\\/\\\/skyline-gs.com\\\/wp-content\\\/uploads\\\/2020\\\/12\\\/cropped-logo-2.png\",\"contentUrl\":\"https:\\\/\\\/skyline-gs.com\\\/wp-content\\\/uploads\\\/2020\\\/12\\\/cropped-logo-2.png\",\"width\":512,\"height\":512,\"caption\":\"\u042d\u043a\u0441\u043a\u0443\u0440\u0441\u0438\u0438 Skyline\"},\"image\":{\"@id\":\"https:\\\/\\\/skyline-gs.com\\\/it\\\/#\\\/schema\\\/logo\\\/image\\\/\"},\"sameAs\":[\"https:\\\/\\\/www.instagram.com\\\/skylineglobalservice\\\/\"]}]}<\/script>\n<!-- \/ Yoast SEO plugin. -->","yoast_head_json":{"title":"\u042f\u0445\u0442\u0430 Yasser (\u0434\u043e 8 \u0447\u0435\u043b\u043e\u0432\u0435\u043a) &#8226; \u042d\u043a\u0441\u043a\u0443\u0440\u0441\u0438\u0438 Skyline","robots":{"index":"index","follow":"follow","max-snippet":"max-snippet:-1","max-image-preview":"max-image-preview:large","max-video-preview":"max-video-preview:-1"},"canonical":"https:\/\/skyline-gs.com\/hu\/termek\/yahta-yasser-do-8-chelovek\/","og_locale":"hu_HU","og_type":"article","og_title":"\u042f\u0445\u0442\u0430 Yasser (\u0434\u043e 8 \u0447\u0435\u043b\u043e\u0432\u0435\u043a) &#8226; \u042d\u043a\u0441\u043a\u0443\u0440\u0441\u0438\u0438 Skyline","og_description":"\u0414\u043b\u0438\u0442\u0435\u043b\u044c\u043d\u043e\u0441\u0442\u044c \u0430\u0440\u0435\u043d\u0434\u044b: \u0434\u0435\u043d\u044c  \u0412\u043c\u0435\u0441\u0442\u0438\u0442\u0435\u043b\u044c\u043d\u043e\u0441\u0442\u044c: 8 \u0447\u0435\u043b\u043e\u0432\u0435\u043a","og_url":"https:\/\/skyline-gs.com\/hu\/termek\/yahta-yasser-do-8-chelovek\/","og_site_name":"\u042d\u043a\u0441\u043a\u0443\u0440\u0441\u0438\u0438 Skyline","article_modified_time":"2026-02-15T19:24:39+00:00","og_image":[{"width":1080,"height":1080,"url":"https:\/\/skyline-gs.com\/wp-content\/uploads\/2024\/08\/LoGo777.png","type":"image\/png"}],"twitter_card":"summary_large_image","twitter_misc":{"Becs\u00fclt olvas\u00e1si id\u0151":"3 perc"},"schema":{"@context":"https:\/\/schema.org","@graph":[{"@type":"WebPage","@id":"https:\/\/skyline-gs.com\/product\/yahta-yasser-do-8-chelovek\/","url":"https:\/\/skyline-gs.com\/product\/yahta-yasser-do-8-chelovek\/","name":"\u042f\u0445\u0442\u0430 Yasser (\u0434\u043e 8 \u0447\u0435\u043b\u043e\u0432\u0435\u043a) &#8226; \u042d\u043a\u0441\u043a\u0443\u0440\u0441\u0438\u0438 Skyline","isPartOf":{"@id":"https:\/\/skyline-gs.com\/it\/#website"},"primaryImageOfPage":{"@id":"https:\/\/skyline-gs.com\/product\/yahta-yasser-do-8-chelovek\/#primaryimage"},"image":{"@id":"https:\/\/skyline-gs.com\/product\/yahta-yasser-do-8-chelovek\/#primaryimage"},"thumbnailUrl":"https:\/\/skyline-gs.com\/wp-content\/uploads\/2026\/02\/602f36_16a93fd2424b4eeba73eae1950825cddmv2.jpg.avif","datePublished":"2026-02-15T19:21:16+00:00","dateModified":"2026-02-15T19:24:39+00:00","breadcrumb":{"@id":"https:\/\/skyline-gs.com\/product\/yahta-yasser-do-8-chelovek\/#breadcrumb"},"inLanguage":"hu","potentialAction":[{"@type":"ReadAction","target":["https:\/\/skyline-gs.com\/product\/yahta-yasser-do-8-chelovek\/"]}]},{"@type":"ImageObject","inLanguage":"hu","@id":"https:\/\/skyline-gs.com\/product\/yahta-yasser-do-8-chelovek\/#primaryimage","url":"https:\/\/skyline-gs.com\/wp-content\/uploads\/2026\/02\/602f36_16a93fd2424b4eeba73eae1950825cddmv2.jpg.avif","contentUrl":"https:\/\/skyline-gs.com\/wp-content\/uploads\/2026\/02\/602f36_16a93fd2424b4eeba73eae1950825cddmv2.jpg.avif","width":864,"height":563},{"@type":"BreadcrumbList","@id":"https:\/\/skyline-gs.com\/product\/yahta-yasser-do-8-chelovek\/#breadcrumb","itemListElement":[{"@type":"ListItem","position":1,"name":"\u0413\u043b\u0430\u0432\u043d\u0430\u044f \u0441\u0442\u0440\u0430\u043d\u0438\u0446\u0430","item":"https:\/\/skyline-gs.com\/hu\/"},{"@type":"ListItem","position":2,"name":"\u041c\u0430\u0433\u0430\u0437\u0438\u043d","item":"https:\/\/skyline-gs.com\/cs\/shop\/"},{"@type":"ListItem","position":3,"name":"\u042f\u0445\u0442\u0430 Yasser (\u0434\u043e 8 \u0447\u0435\u043b\u043e\u0432\u0435\u043a)"}]},{"@type":"WebSite","@id":"https:\/\/skyline-gs.com\/it\/#website","url":"https:\/\/skyline-gs.com\/it\/","name":"Skyline T\u00far\u00e1k","description":"Exkluz\u00edv kir\u00e1ndul\u00e1sok a vil\u00e1g legjobb \u00fcd\u00fcl\u0151helyein","publisher":{"@id":"https:\/\/skyline-gs.com\/it\/#organization"},"alternateName":"Skyline","potentialAction":[{"@type":"SearchAction","target":{"@type":"EntryPoint","urlTemplate":"https:\/\/skyline-gs.com\/it\/?s={search_term_string}"},"query-input":{"@type":"PropertyValueSpecification","valueRequired":true,"valueName":"search_term_string"}}],"inLanguage":"hu"},{"@type":"Organization","@id":"https:\/\/skyline-gs.com\/it\/#organization","name":"Skyline T\u00far\u00e1k","alternateName":"\u042d\u043a\u0441\u043a\u0443\u0440\u0441\u0438\u0438 Skyline","url":"https:\/\/skyline-gs.com\/it\/","logo":{"@type":"ImageObject","inLanguage":"hu","@id":"https:\/\/skyline-gs.com\/it\/#\/schema\/logo\/image\/","url":"https:\/\/skyline-gs.com\/wp-content\/uploads\/2020\/12\/cropped-logo-2.png","contentUrl":"https:\/\/skyline-gs.com\/wp-content\/uploads\/2020\/12\/cropped-logo-2.png","width":512,"height":512,"caption":"\u042d\u043a\u0441\u043a\u0443\u0440\u0441\u0438\u0438 Skyline"},"image":{"@id":"https:\/\/skyline-gs.com\/it\/#\/schema\/logo\/image\/"},"sameAs":["https:\/\/www.instagram.com\/skylineglobalservice\/"]}]}},"_links":{"self":[{"href":"https:\/\/skyline-gs.com\/hu\/wp-json\/wp\/v2\/product\/74871","targetHints":{"allow":["GET"]}}],"collection":[{"href":"https:\/\/skyline-gs.com\/hu\/wp-json\/wp\/v2\/product"}],"about":[{"href":"https:\/\/skyline-gs.com\/hu\/wp-json\/wp\/v2\/types\/product"}],"version-history":[{"count":0,"href":"https:\/\/skyline-gs.com\/hu\/wp-json\/wp\/v2\/product\/74871\/revisions"}],"wp:featuredmedia":[{"embeddable":true,"href":"https:\/\/skyline-gs.com\/hu\/wp-json\/wp\/v2\/media\/74874"}],"wp:attachment":[{"href":"https:\/\/skyline-gs.com\/hu\/wp-json\/wp\/v2\/media?parent=74871"}],"wp:term":[{"taxonomy":"product_brand","embeddable":true,"href":"https:\/\/skyline-gs.com\/hu\/wp-json\/wp\/v2\/product_brand?post=74871"},{"taxonomy":"product_cat","embeddable":true,"href":"https:\/\/skyline-gs.com\/hu\/wp-json\/wp\/v2\/product_cat?post=74871"},{"taxonomy":"product_tag","embeddable":true,"href":"https:\/\/skyline-gs.com\/hu\/wp-json\/wp\/v2\/product_tag?post=74871"}],"curies":[{"name":"wp","href":"https:\/\/api.w.org\/{rel}","templated":true}]}}